{"id":389,"date":"2022-06-06T02:36:34","date_gmt":"2022-06-06T02:36:34","guid":{"rendered":"http:\/\/source.wpopal.com\/kitchor\/product\/heavy-duty-linen-watch\/"},"modified":"2025-02-21T09:30:12","modified_gmt":"2025-02-21T09:30:12","slug":"best-laser-measuring-tools-and-laser-tape-measure-ks-701008","status":"publish","type":"product","link":"https:\/\/www.uf-tools.com\/pt\/melhores-ferramentas-de-medicao-laser-e-fita-metrica-laser-ks-701008\/","title":{"rendered":"Melhores ferramentas de medi\u00e7\u00e3o a laser e fita m\u00e9trica a laser - UF-701008"},"content":{"rendered":"<div class=\"fontStyle\" data-v-4a96f0e9=\"\">\n<h2>Melhores ferramentas de medi\u00e7\u00e3o a laser e fita m\u00e9trica a laser - UF-701008<\/h2>\n<div class=\"system-description\">\n<ul>\n<li>Bateria de l\u00edtio de alta capacidade de 370mAh, ecol\u00f3gica e dur\u00e1vel, pode ser testada 8000 vezes quando totalmente carregada<\/li>\n<li>Interface de carregamento tipo C, f\u00e1cil de carregar em qualquer altura e em qualquer lugar<\/li>\n<li>A dist\u00e2ncia \u00e9 t\u00e3o pr\u00f3xima quanto 0,05m e t\u00e3o distante quanto 60m, \u00b12mm de alta precis\u00e3o de medi\u00e7\u00e3o<\/li>\n<li>Press\u00e3o e visualiza\u00e7\u00e3o instant\u00e2nea, conveniente para visualiza\u00e7\u00e3o, mobili\u00e1rio macio, mobili\u00e1rio, decora\u00e7\u00e3o e outras medi\u00e7\u00f5es<\/li>\n<\/ul>\n<p><strong>Especifica\u00e7\u00e3o:<\/strong><\/p>\n<ul>\n<li>Peso: 104g<\/li>\n<li>Gama de medi\u00e7\u00e3o: 0.05-60m<\/li>\n<li>Precis\u00e3o da medi\u00e7\u00e3o: \u00b1(2mm+d*1\/10000)<\/li>\n<li>Unidade de medida: m\/in\/ft<\/li>\n<li>Medi\u00e7\u00e3o \u00fanica: Suporte<\/li>\n<li>Medi\u00e7\u00e3o cont\u00ednua: Suporte<\/li>\n<li>Medi\u00e7\u00e3o de \u00e1reas\/volumes: Suporte<\/li>\n<li>Medida pitag\u00f3rica: Suporte<\/li>\n<li>Som do bot\u00e3o de press\u00e3o: Suporte<\/li>\n<li>Tipo de bateria: Bateria de 3,7V 370mAh<\/li>\n<li>Tipo de laser: 630-670nm&lt;1mW<\/li>\n<li>Desligamento autom\u00e1tico: 150 segundos<\/li>\n<li>Laser de desligamento autom\u00e1tico: 20 segundos<\/li>\n<\/ul>\n<\/div>\n<\/div>\n<div class=\"desitems\" data-v-4a96f0e9=\"\">\n<div class=\"text-[22px] pt-[12px] leading-[30px]\" data-v-4a96f0e9=\"\">O pacote inclui:<\/div>\n<div class=\"pl-[15px]\" data-v-4a96f0e9=\"\">\n<ul data-v-4a96f0e9=\"\">\n<li class=\"text-[18px] leading-[20px]\" data-v-4a96f0e9=\"\">1 x tel\u00e9metro laser<\/li>\n<li class=\"text-[18px] leading-[20px]\" data-v-4a96f0e9=\"\">1 x Cabo<\/li>\n<li class=\"text-[18px] leading-[20px]\" data-v-4a96f0e9=\"\">1 x Manual do utilizador em ingl\u00eas e chin\u00eas<\/li>\n<li class=\"text-[18px] leading-[20px]\" data-v-4a96f0e9=\"\">Outros artigos n\u00e3o inclu\u00eddos<\/li>\n<\/ul>\n<\/div>\n<\/div>\n<div class=\"n-data-table __data-table-11a5fl2-m n-data-table--bottom-bordered n-data-table--single-line mt-[30px] mb-[20px]\" data-v-4a96f0e9=\"\">\n<div class=\"n-data-table-wrapper\">\n<div class=\"n-data-table-base-table\"><\/div>\n<\/div>\n<\/div>\n<p><!--more--><\/p>\n<p><img loading=\"lazy\" decoding=\"async\" class=\"size-full wp-image-16648 aligncenter\" src=\"https:\/\/www.uf-tools.com\/wp-content\/uploads\/2022\/06\/Laser-Tape-Measure-KS-701008-1.jpg\" alt=\"Fita m\u00e9trica - KS-840130\" width=\"790\" height=\"1529\" srcset=\"https:\/\/www.uf-tools.com\/wp-content\/uploads\/2022\/06\/Laser-Tape-Measure-KS-701008-1.jpg 790w, https:\/\/www.uf-tools.com\/wp-content\/uploads\/2022\/06\/Laser-Tape-Measure-KS-701008-1-768x1486.jpg 768w, https:\/\/www.uf-tools.com\/wp-content\/uploads\/2022\/06\/Laser-Tape-Measure-KS-701008-1-6x12.jpg 6w\" sizes=\"auto, (max-width: 790px) 100vw, 790px\" \/><\/p>\n<p style=\"text-align: center;\"><img loading=\"lazy\" decoding=\"async\" class=\"size-full wp-image-16649 aligncenter\" src=\"https:\/\/www.uf-tools.com\/wp-content\/uploads\/2022\/06\/Laser-Tape-Measure-KS-701008-2.jpg\" alt=\"Fita m\u00e9trica - KS-840130\" width=\"790\" height=\"947\" srcset=\"https:\/\/www.uf-tools.com\/wp-content\/uploads\/2022\/06\/Laser-Tape-Measure-KS-701008-2.jpg 790w, https:\/\/www.uf-tools.com\/wp-content\/uploads\/2022\/06\/Laser-Tape-Measure-KS-701008-2-768x921.jpg 768w, https:\/\/www.uf-tools.com\/wp-content\/uploads\/2022\/06\/Laser-Tape-Measure-KS-701008-2-10x12.jpg 10w\" sizes=\"auto, (max-width: 790px) 100vw, 790px\" \/><\/p>\n<p style=\"text-align: center;\"><img loading=\"lazy\" decoding=\"async\" class=\"size-full wp-image-16650 aligncenter\" src=\"https:\/\/www.uf-tools.com\/wp-content\/uploads\/2022\/06\/Laser-Tape-Measure-KS-701008-3.jpg\" alt=\"Fita m\u00e9trica - KS-840130\" width=\"790\" height=\"1207\" srcset=\"https:\/\/www.uf-tools.com\/wp-content\/uploads\/2022\/06\/Laser-Tape-Measure-KS-701008-3.jpg 790w, https:\/\/www.uf-tools.com\/wp-content\/uploads\/2022\/06\/Laser-Tape-Measure-KS-701008-3-768x1173.jpg 768w, https:\/\/www.uf-tools.com\/wp-content\/uploads\/2022\/06\/Laser-Tape-Measure-KS-701008-3-8x12.jpg 8w\" sizes=\"auto, (max-width: 790px) 100vw, 790px\" \/><\/p>\n<p style=\"text-align: center;\"><img loading=\"lazy\" decoding=\"async\" class=\"size-full wp-image-16651 aligncenter\" src=\"https:\/\/www.uf-tools.com\/wp-content\/uploads\/2022\/06\/Laser-Tape-Measure-KS-701008-4.jpg\" alt=\"Fita m\u00e9trica - KS-840130\" width=\"790\" height=\"1644\" srcset=\"https:\/\/www.uf-tools.com\/wp-content\/uploads\/2022\/06\/Laser-Tape-Measure-KS-701008-4.jpg 790w, https:\/\/www.uf-tools.com\/wp-content\/uploads\/2022\/06\/Laser-Tape-Measure-KS-701008-4-768x1598.jpg 768w, https:\/\/www.uf-tools.com\/wp-content\/uploads\/2022\/06\/Laser-Tape-Measure-KS-701008-4-738x1536.jpg 738w, https:\/\/www.uf-tools.com\/wp-content\/uploads\/2022\/06\/Laser-Tape-Measure-KS-701008-4-6x12.jpg 6w\" sizes=\"auto, (max-width: 790px) 100vw, 790px\" \/><\/p>\n<p style=\"text-align: center;\"><img loading=\"lazy\" decoding=\"async\" class=\"size-full wp-image-16652 aligncenter\" src=\"https:\/\/www.uf-tools.com\/wp-content\/uploads\/2022\/06\/Laser-Tape-Measure-KS-701008-5.jpg\" alt=\"Fita m\u00e9trica - KS-840130\" width=\"790\" height=\"1374\" srcset=\"https:\/\/www.uf-tools.com\/wp-content\/uploads\/2022\/06\/Laser-Tape-Measure-KS-701008-5.jpg 790w, https:\/\/www.uf-tools.com\/wp-content\/uploads\/2022\/06\/Laser-Tape-Measure-KS-701008-5-768x1336.jpg 768w, https:\/\/www.uf-tools.com\/wp-content\/uploads\/2022\/06\/Laser-Tape-Measure-KS-701008-5-7x12.jpg 7w\" sizes=\"auto, (max-width: 790px) 100vw, 790px\" \/><\/p>\n<p style=\"text-align: center;\"><img loading=\"lazy\" decoding=\"async\" class=\"size-full wp-image-16653 aligncenter\" src=\"https:\/\/www.uf-tools.com\/wp-content\/uploads\/2022\/06\/Laser-Tape-Measure-KS-701008-6.jpg\" alt=\"Fita m\u00e9trica - KS-840130\" width=\"790\" height=\"1730\" srcset=\"https:\/\/www.uf-tools.com\/wp-content\/uploads\/2022\/06\/Laser-Tape-Measure-KS-701008-6.jpg 790w, https:\/\/www.uf-tools.com\/wp-content\/uploads\/2022\/06\/Laser-Tape-Measure-KS-701008-6-768x1682.jpg 768w, https:\/\/www.uf-tools.com\/wp-content\/uploads\/2022\/06\/Laser-Tape-Measure-KS-701008-6-701x1536.jpg 701w, https:\/\/www.uf-tools.com\/wp-content\/uploads\/2022\/06\/Laser-Tape-Measure-KS-701008-6-5x12.jpg 5w\" sizes=\"auto, (max-width: 790px) 100vw, 790px\" \/><\/p>\n<p style=\"text-align: center;\"><img loading=\"lazy\" decoding=\"async\" class=\"size-full wp-image-16654 aligncenter\" src=\"https:\/\/www.uf-tools.com\/wp-content\/uploads\/2022\/06\/Laser-Tape-Measure-KS-701008-7.jpg\" alt=\"Fita m\u00e9trica - KS-840130\" width=\"790\" height=\"1298\" srcset=\"https:\/\/www.uf-tools.com\/wp-content\/uploads\/2022\/06\/Laser-Tape-Measure-KS-701008-7.jpg 790w, https:\/\/www.uf-tools.com\/wp-content\/uploads\/2022\/06\/Laser-Tape-Measure-KS-701008-7-768x1262.jpg 768w, https:\/\/www.uf-tools.com\/wp-content\/uploads\/2022\/06\/Laser-Tape-Measure-KS-701008-7-7x12.jpg 7w\" sizes=\"auto, (max-width: 790px) 100vw, 790px\" \/><\/p>\n<p style=\"text-align: center;\"><img loading=\"lazy\" decoding=\"async\" class=\"size-full wp-image-16655 aligncenter\" src=\"https:\/\/www.uf-tools.com\/wp-content\/uploads\/2022\/06\/Laser-Tape-Measure-KS-701008-8.jpg\" alt=\"Fita m\u00e9trica - KS-840130\" width=\"790\" height=\"1305\" srcset=\"https:\/\/www.uf-tools.com\/wp-content\/uploads\/2022\/06\/Laser-Tape-Measure-KS-701008-8.jpg 790w, https:\/\/www.uf-tools.com\/wp-content\/uploads\/2022\/06\/Laser-Tape-Measure-KS-701008-8-768x1269.jpg 768w, https:\/\/www.uf-tools.com\/wp-content\/uploads\/2022\/06\/Laser-Tape-Measure-KS-701008-8-7x12.jpg 7w\" sizes=\"auto, (max-width: 790px) 100vw, 790px\" \/><\/p>\n<p style=\"text-align: center;\"><img loading=\"lazy\" decoding=\"async\" class=\"size-full wp-image-16656 aligncenter\" src=\"https:\/\/www.uf-tools.com\/wp-content\/uploads\/2022\/06\/Laser-Tape-Measure-KS-701008-9.jpg\" alt=\"Fita m\u00e9trica - KS-840130\" width=\"790\" height=\"1300\" srcset=\"https:\/\/www.uf-tools.com\/wp-content\/uploads\/2022\/06\/Laser-Tape-Measure-KS-701008-9.jpg 790w, https:\/\/www.uf-tools.com\/wp-content\/uploads\/2022\/06\/Laser-Tape-Measure-KS-701008-9-768x1264.jpg 768w, https:\/\/www.uf-tools.com\/wp-content\/uploads\/2022\/06\/Laser-Tape-Measure-KS-701008-9-7x12.jpg 7w\" sizes=\"auto, (max-width: 790px) 100vw, 790px\" \/><\/p>\n<p style=\"text-align: center;\"><img loading=\"lazy\" decoding=\"async\" class=\"size-full wp-image-16657 aligncenter\" src=\"https:\/\/www.uf-tools.com\/wp-content\/uploads\/2022\/06\/Laser-Tape-Measure-KS-701008-10.jpg\" alt=\"Fita m\u00e9trica - KS-840130\" width=\"790\" height=\"1300\" srcset=\"https:\/\/www.uf-tools.com\/wp-content\/uploads\/2022\/06\/Laser-Tape-Measure-KS-701008-10.jpg 790w, https:\/\/www.uf-tools.com\/wp-content\/uploads\/2022\/06\/Laser-Tape-Measure-KS-701008-10-768x1264.jpg 768w, https:\/\/www.uf-tools.com\/wp-content\/uploads\/2022\/06\/Laser-Tape-Measure-KS-701008-10-7x12.jpg 7w\" sizes=\"auto, (max-width: 790px) 100vw, 790px\" \/><\/p>\n<p style=\"text-align: center;\"><img loading=\"lazy\" decoding=\"async\" class=\"size-full wp-image-16658 aligncenter\" src=\"https:\/\/www.uf-tools.com\/wp-content\/uploads\/2022\/06\/Laser-Tape-Measure-KS-701008-11.jpg\" alt=\"Fita m\u00e9trica - KS-840130\" width=\"790\" height=\"1010\" srcset=\"https:\/\/www.uf-tools.com\/wp-content\/uploads\/2022\/06\/Laser-Tape-Measure-KS-701008-11.jpg 790w, https:\/\/www.uf-tools.com\/wp-content\/uploads\/2022\/06\/Laser-Tape-Measure-KS-701008-11-768x982.jpg 768w, https:\/\/www.uf-tools.com\/wp-content\/uploads\/2022\/06\/Laser-Tape-Measure-KS-701008-11-9x12.jpg 9w\" sizes=\"auto, (max-width: 790px) 100vw, 790px\" \/><\/p>\n<p style=\"text-align: center;\"><img loading=\"lazy\" decoding=\"async\" class=\"size-full wp-image-16659 aligncenter\" src=\"https:\/\/www.uf-tools.com\/wp-content\/uploads\/2022\/06\/Laser-Tape-Measure-KS-701008-12.jpg\" alt=\"Fita m\u00e9trica - KS-840130\" width=\"790\" height=\"1627\" srcset=\"https:\/\/www.uf-tools.com\/wp-content\/uploads\/2022\/06\/Laser-Tape-Measure-KS-701008-12.jpg 790w, https:\/\/www.uf-tools.com\/wp-content\/uploads\/2022\/06\/Laser-Tape-Measure-KS-701008-12-768x1582.jpg 768w, https:\/\/www.uf-tools.com\/wp-content\/uploads\/2022\/06\/Laser-Tape-Measure-KS-701008-12-746x1536.jpg 746w, https:\/\/www.uf-tools.com\/wp-content\/uploads\/2022\/06\/Laser-Tape-Measure-KS-701008-12-6x12.jpg 6w\" sizes=\"auto, (max-width: 790px) 100vw, 790px\" \/><\/p>\n<p><img loading=\"lazy\" decoding=\"async\" class=\"alignnone size-full wp-image-16660 aligncenter\" src=\"https:\/\/www.uf-tools.com\/wp-content\/uploads\/2022\/06\/Laser-Tape-Measure-KS-701008-13.jpg\" alt=\"Fita m\u00e9trica - KS-840130\" width=\"790\" height=\"773\" srcset=\"https:\/\/www.uf-tools.com\/wp-content\/uploads\/2022\/06\/Laser-Tape-Measure-KS-701008-13.jpg 790w, https:\/\/www.uf-tools.com\/wp-content\/uploads\/2022\/06\/Laser-Tape-Measure-KS-701008-13-768x751.jpg 768w, https:\/\/www.uf-tools.com\/wp-content\/uploads\/2022\/06\/Laser-Tape-Measure-KS-701008-13-12x12.jpg 12w\" sizes=\"auto, (max-width: 790px) 100vw, 790px\" \/><\/p>","protected":false},"excerpt":{"rendered":"<p>Bateria de l\u00edtio de alta capacidade de 370mAh, ecol\u00f3gica e dur\u00e1vel, pode ser testada 8000 vezes quando totalmente carregada<br \/>\nInterface de carregamento tipo C, f\u00e1cil de carregar em qualquer altura e em qualquer lugar<\/p>","protected":false},"featured_media":16687,"comment_status":"open","ping_status":"closed","template":"","meta":[],"product_cat":[79],"product_tag":[81,82],"class_list":{"0":"post-389","1":"product","2":"type-product","3":"status-publish","4":"has-post-thumbnail","6":"product_cat-laser-measuring-tools","7":"product_tag-laser-measuring-tools","8":"product_tag-laser-tape-measure","9":"product_brand-uf-tools","11":"first","12":"outofstock","13":"sale","14":"purchasable","15":"product-type-simple"},"yoast_head":"<!-- This site is optimized with the Yoast SEO plugin v26.9 - https:\/\/yoast.com\/product\/yoast-seo-wordpress\/ -->\n<title>Best Laser Measuring Tools and Laser Tape Measure - KS-701008<\/title>\n<meta name=\"description\" content=\"370mAh high-capacity lithium battery, environmentally friendly and durable, can be tested 8000 times when fully charged\uff0cType-C easy to charge anytime .\" \/>\n<meta name=\"robots\" content=\"index, follow, max-snippet:-1, max-image-preview:large, max-video-preview:-1\" \/>\n<link rel=\"canonical\" href=\"http:\/\/www.uf-tools.com\/pt\/melhores-ferramentas-de-medicao-laser-e-fita-metrica-laser-ks-701008\/\" \/>\n<meta property=\"og:locale\" content=\"pt_PT\" \/>\n<meta property=\"og:type\" content=\"article\" \/>\n<meta property=\"og:title\" content=\"Best Laser Measuring Tools and Laser Tape Measure - KS-701008\" \/>\n<meta property=\"og:description\" content=\"370mAh high-capacity lithium battery, environmentally friendly and durable, can be tested 8000 times when fully charged\uff0cType-C easy to charge anytime .\" \/>\n<meta property=\"og:url\" content=\"http:\/\/www.uf-tools.com\/pt\/melhores-ferramentas-de-medicao-laser-e-fita-metrica-laser-ks-701008\/\" \/>\n<meta property=\"og:site_name\" content=\"UF Tools Wholesale Suppliers\" \/>\n<meta property=\"article:publisher\" content=\"https:\/\/www.facebook.com\/UFTOOLS\/?show_switched_toast=0&amp;show_invite_to_follow=0&amp;show_switched_tooltip=0&amp;show_podcast_settings=0&amp;show_community_review_changes=0&amp;show_community_rollback=0&amp;show_follower_visibility_disclosure=0\" \/>\n<meta property=\"article:modified_time\" content=\"2025-02-21T09:30:12+00:00\" \/>\n<meta property=\"og:image\" content=\"http:\/\/www.uf-tools.com\/wp-content\/uploads\/2022\/06\/0.jpg\" \/>\n\t<meta property=\"og:image:width\" content=\"1030\" \/>\n\t<meta property=\"og:image:height\" content=\"1030\" \/>\n\t<meta property=\"og:image:type\" content=\"image\/jpeg\" \/>\n<meta name=\"twitter:card\" content=\"summary_large_image\" \/>\n<meta name=\"twitter:site\" content=\"@uftools\" \/>\n<meta name=\"twitter:label1\" content=\"Tempo estimado de leitura\" \/>\n\t<meta name=\"twitter:data1\" content=\"4 minutos\" \/>\n<script type=\"application\/ld+json\" class=\"yoast-schema-graph\">{\"@context\":\"https:\/\/schema.org\",\"@graph\":[{\"@type\":\"WebPage\",\"@id\":\"http:\/\/www.uf-tools.com\/best-laser-measuring-tools-and-laser-tape-measure-ks-701008\/\",\"url\":\"http:\/\/www.uf-tools.com\/best-laser-measuring-tools-and-laser-tape-measure-ks-701008\/\",\"name\":\"Best Laser Measuring Tools and Laser Tape Measure - KS-701008\",\"isPartOf\":{\"@id\":\"http:\/\/www.uf-tools.com\/ja\/#website\"},\"primaryImageOfPage\":{\"@id\":\"http:\/\/www.uf-tools.com\/best-laser-measuring-tools-and-laser-tape-measure-ks-701008\/#primaryimage\"},\"image\":{\"@id\":\"http:\/\/www.uf-tools.com\/best-laser-measuring-tools-and-laser-tape-measure-ks-701008\/#primaryimage\"},\"thumbnailUrl\":\"https:\/\/www.uf-tools.com\/wp-content\/uploads\/2022\/06\/0.jpg\",\"datePublished\":\"2022-06-06T02:36:34+00:00\",\"dateModified\":\"2025-02-21T09:30:12+00:00\",\"description\":\"370mAh high-capacity lithium battery, environmentally friendly and durable, can be tested 8000 times when fully charged\uff0cType-C easy to charge anytime .\",\"breadcrumb\":{\"@id\":\"http:\/\/www.uf-tools.com\/best-laser-measuring-tools-and-laser-tape-measure-ks-701008\/#breadcrumb\"},\"inLanguage\":\"pt-PT\",\"potentialAction\":[{\"@type\":\"ReadAction\",\"target\":[\"http:\/\/www.uf-tools.com\/best-laser-measuring-tools-and-laser-tape-measure-ks-701008\/\"]}]},{\"@type\":\"ImageObject\",\"inLanguage\":\"pt-PT\",\"@id\":\"http:\/\/www.uf-tools.com\/best-laser-measuring-tools-and-laser-tape-measure-ks-701008\/#primaryimage\",\"url\":\"https:\/\/www.uf-tools.com\/wp-content\/uploads\/2022\/06\/0.jpg\",\"contentUrl\":\"https:\/\/www.uf-tools.com\/wp-content\/uploads\/2022\/06\/0.jpg\",\"width\":1030,\"height\":1030,\"caption\":\"Tape Measure \u2013 KS-840130\"},{\"@type\":\"BreadcrumbList\",\"@id\":\"http:\/\/www.uf-tools.com\/best-laser-measuring-tools-and-laser-tape-measure-ks-701008\/#breadcrumb\",\"itemListElement\":[{\"@type\":\"ListItem\",\"position\":1,\"name\":\"Home\",\"item\":\"http:\/\/www.uf-tools.com\/ja\/\"},{\"@type\":\"ListItem\",\"position\":2,\"name\":\"Shop\",\"item\":\"http:\/\/www.uf-tools.com\/ja\/shop\/\"},{\"@type\":\"ListItem\",\"position\":3,\"name\":\"Best Laser Measuring Tools and Laser Tape Measure &#8211; UF-701008\"}]},{\"@type\":\"WebSite\",\"@id\":\"http:\/\/www.uf-tools.com\/ja\/#website\",\"url\":\"http:\/\/www.uf-tools.com\/ja\/\",\"name\":\"Manufacturer of precision digital repair tools\",\"description\":\"UF TOOLS\",\"publisher\":{\"@id\":\"http:\/\/www.uf-tools.com\/ja\/#organization\"},\"potentialAction\":[{\"@type\":\"SearchAction\",\"target\":{\"@type\":\"EntryPoint\",\"urlTemplate\":\"http:\/\/www.uf-tools.com\/ja\/?s={search_term_string}\"},\"query-input\":{\"@type\":\"PropertyValueSpecification\",\"valueRequired\":true,\"valueName\":\"search_term_string\"}}],\"inLanguage\":\"pt-PT\"},{\"@type\":\"Organization\",\"@id\":\"http:\/\/www.uf-tools.com\/ja\/#organization\",\"name\":\"UF Tools Wholesale Suppliers\",\"url\":\"http:\/\/www.uf-tools.com\/ja\/\",\"logo\":{\"@type\":\"ImageObject\",\"inLanguage\":\"pt-PT\",\"@id\":\"http:\/\/www.uf-tools.com\/ja\/#\/schema\/logo\/image\/\",\"url\":\"https:\/\/www.uf-tools.com\/wp-content\/uploads\/2023\/07\/logo-blue.svg\",\"contentUrl\":\"https:\/\/www.uf-tools.com\/wp-content\/uploads\/2023\/07\/logo-blue.svg\",\"width\":242,\"height\":56,\"caption\":\"UF Tools Wholesale Suppliers\"},\"image\":{\"@id\":\"http:\/\/www.uf-tools.com\/ja\/#\/schema\/logo\/image\/\"},\"sameAs\":[\"https:\/\/www.facebook.com\/UFTOOLS\/?show_switched_toast=0&show_invite_to_follow=0&show_switched_tooltip=0&show_podcast_settings=0&show_community_review_changes=0&show_community_rollback=0&show_follower_visibility_disclosure=0\",\"https:\/\/x.com\/uftools\",\"https:\/\/www.instagram.com\/youfutools\/\",\"https:\/\/www.pinterest.com\/uftools\/\",\"https:\/\/www.youtube.com\/@uf-tools\"]}]}<\/script>\n<!-- \/ Yoast SEO plugin. -->","yoast_head_json":{"title":"Best Laser Measuring Tools and Laser Tape Measure - KS-701008","description":"370mAh high-capacity lithium battery, environmentally friendly and durable, can be tested 8000 times when fully charged\uff0cType-C easy to charge anytime .","robots":{"index":"index","follow":"follow","max-snippet":"max-snippet:-1","max-image-preview":"max-image-preview:large","max-video-preview":"max-video-preview:-1"},"canonical":"http:\/\/www.uf-tools.com\/pt\/melhores-ferramentas-de-medicao-laser-e-fita-metrica-laser-ks-701008\/","og_locale":"pt_PT","og_type":"article","og_title":"Best Laser Measuring Tools and Laser Tape Measure - KS-701008","og_description":"370mAh high-capacity lithium battery, environmentally friendly and durable, can be tested 8000 times when fully charged\uff0cType-C easy to charge anytime .","og_url":"http:\/\/www.uf-tools.com\/pt\/melhores-ferramentas-de-medicao-laser-e-fita-metrica-laser-ks-701008\/","og_site_name":"UF Tools Wholesale Suppliers","article_publisher":"https:\/\/www.facebook.com\/UFTOOLS\/?show_switched_toast=0&show_invite_to_follow=0&show_switched_tooltip=0&show_podcast_settings=0&show_community_review_changes=0&show_community_rollback=0&show_follower_visibility_disclosure=0","article_modified_time":"2025-02-21T09:30:12+00:00","og_image":[{"width":1030,"height":1030,"url":"http:\/\/www.uf-tools.com\/wp-content\/uploads\/2022\/06\/0.jpg","type":"image\/jpeg"}],"twitter_card":"summary_large_image","twitter_site":"@uftools","twitter_misc":{"Tempo estimado de leitura":"4 minutos"},"schema":{"@context":"https:\/\/schema.org","@graph":[{"@type":"WebPage","@id":"http:\/\/www.uf-tools.com\/best-laser-measuring-tools-and-laser-tape-measure-ks-701008\/","url":"http:\/\/www.uf-tools.com\/best-laser-measuring-tools-and-laser-tape-measure-ks-701008\/","name":"Best Laser Measuring Tools and Laser Tape Measure - KS-701008","isPartOf":{"@id":"http:\/\/www.uf-tools.com\/ja\/#website"},"primaryImageOfPage":{"@id":"http:\/\/www.uf-tools.com\/best-laser-measuring-tools-and-laser-tape-measure-ks-701008\/#primaryimage"},"image":{"@id":"http:\/\/www.uf-tools.com\/best-laser-measuring-tools-and-laser-tape-measure-ks-701008\/#primaryimage"},"thumbnailUrl":"https:\/\/www.uf-tools.com\/wp-content\/uploads\/2022\/06\/0.jpg","datePublished":"2022-06-06T02:36:34+00:00","dateModified":"2025-02-21T09:30:12+00:00","description":"370mAh high-capacity lithium battery, environmentally friendly and durable, can be tested 8000 times when fully charged\uff0cType-C easy to charge anytime .","breadcrumb":{"@id":"http:\/\/www.uf-tools.com\/best-laser-measuring-tools-and-laser-tape-measure-ks-701008\/#breadcrumb"},"inLanguage":"pt-PT","potentialAction":[{"@type":"ReadAction","target":["http:\/\/www.uf-tools.com\/best-laser-measuring-tools-and-laser-tape-measure-ks-701008\/"]}]},{"@type":"ImageObject","inLanguage":"pt-PT","@id":"http:\/\/www.uf-tools.com\/best-laser-measuring-tools-and-laser-tape-measure-ks-701008\/#primaryimage","url":"https:\/\/www.uf-tools.com\/wp-content\/uploads\/2022\/06\/0.jpg","contentUrl":"https:\/\/www.uf-tools.com\/wp-content\/uploads\/2022\/06\/0.jpg","width":1030,"height":1030,"caption":"Tape Measure \u2013 KS-840130"},{"@type":"BreadcrumbList","@id":"http:\/\/www.uf-tools.com\/best-laser-measuring-tools-and-laser-tape-measure-ks-701008\/#breadcrumb","itemListElement":[{"@type":"ListItem","position":1,"name":"Home","item":"http:\/\/www.uf-tools.com\/ja\/"},{"@type":"ListItem","position":2,"name":"Shop","item":"http:\/\/www.uf-tools.com\/ja\/shop\/"},{"@type":"ListItem","position":3,"name":"Best Laser Measuring Tools and Laser Tape Measure &#8211; UF-701008"}]},{"@type":"WebSite","@id":"http:\/\/www.uf-tools.com\/ja\/#website","url":"http:\/\/www.uf-tools.com\/ja\/","name":"Manufacturer of precision digital repair tools","description":"UF TOOLS","publisher":{"@id":"http:\/\/www.uf-tools.com\/ja\/#organization"},"potentialAction":[{"@type":"SearchAction","target":{"@type":"EntryPoint","urlTemplate":"http:\/\/www.uf-tools.com\/ja\/?s={search_term_string}"},"query-input":{"@type":"PropertyValueSpecification","valueRequired":true,"valueName":"search_term_string"}}],"inLanguage":"pt-PT"},{"@type":"Organization","@id":"http:\/\/www.uf-tools.com\/ja\/#organization","name":"UF Tools Wholesale Suppliers","url":"http:\/\/www.uf-tools.com\/ja\/","logo":{"@type":"ImageObject","inLanguage":"pt-PT","@id":"http:\/\/www.uf-tools.com\/ja\/#\/schema\/logo\/image\/","url":"https:\/\/www.uf-tools.com\/wp-content\/uploads\/2023\/07\/logo-blue.svg","contentUrl":"https:\/\/www.uf-tools.com\/wp-content\/uploads\/2023\/07\/logo-blue.svg","width":242,"height":56,"caption":"UF Tools Wholesale Suppliers"},"image":{"@id":"http:\/\/www.uf-tools.com\/ja\/#\/schema\/logo\/image\/"},"sameAs":["https:\/\/www.facebook.com\/UFTOOLS\/?show_switched_toast=0&show_invite_to_follow=0&show_switched_tooltip=0&show_podcast_settings=0&show_community_review_changes=0&show_community_rollback=0&show_follower_visibility_disclosure=0","https:\/\/x.com\/uftools","https:\/\/www.instagram.com\/youfutools\/","https:\/\/www.pinterest.com\/uftools\/","https:\/\/www.youtube.com\/@uf-tools"]}]}},"_links":{"self":[{"href":"https:\/\/www.uf-tools.com\/pt\/wp-json\/wp\/v2\/product\/389","targetHints":{"allow":["GET"]}}],"collection":[{"href":"https:\/\/www.uf-tools.com\/pt\/wp-json\/wp\/v2\/product"}],"about":[{"href":"https:\/\/www.uf-tools.com\/pt\/wp-json\/wp\/v2\/types\/product"}],"replies":[{"embeddable":true,"href":"https:\/\/www.uf-tools.com\/pt\/wp-json\/wp\/v2\/comments?post=389"}],"version-history":[{"count":0,"href":"https:\/\/www.uf-tools.com\/pt\/wp-json\/wp\/v2\/product\/389\/revisions"}],"wp:featuredmedia":[{"embeddable":true,"href":"https:\/\/www.uf-tools.com\/pt\/wp-json\/wp\/v2\/media\/16687"}],"wp:attachment":[{"href":"https:\/\/www.uf-tools.com\/pt\/wp-json\/wp\/v2\/media?parent=389"}],"wp:term":[{"taxonomy":"product_cat","embeddable":true,"href":"https:\/\/www.uf-tools.com\/pt\/wp-json\/wp\/v2\/product_cat?post=389"},{"taxonomy":"product_tag","embeddable":true,"href":"https:\/\/www.uf-tools.com\/pt\/wp-json\/wp\/v2\/product_tag?post=389"}],"curies":[{"name":"wp","href":"https:\/\/api.w.org\/{rel}","templated":true}]}}