{"id":387,"date":"2022-06-06T02:36:31","date_gmt":"2022-06-06T02:36:31","guid":{"rendered":"http:\/\/source.wpopal.com\/kitchor\/product\/heavy-duty-copper-clock\/"},"modified":"2023-11-23T01:28:17","modified_gmt":"2023-11-23T01:28:17","slug":"51-in-1-precision-screwdriver-set-for-electronics-repair-uf840117","status":"publish","type":"product","link":"https:\/\/www.uf-tools.com\/pt\/51-in-1-precision-screwdriver-set-for-electronics-repair-uf840117\/","title":{"rendered":"Melhor conjunto de chaves de fendas de precis\u00e3o para repara\u00e7\u00e3o de eletr\u00f3nica - 31 e 51 em 1 - UF840117"},"content":{"rendered":"<h2>Best Precision Screwdriver Set for Electronics Repair &#8211; 51 in 1 &#8211; UF840117<\/h2>\n<ul class=\"a-unordered-list a-vertical a-spacing-mini\">\n<li class=\"a-spacing-mini\"><span class=\"a-list-item\">[51 IN 1PRECISION SCREWDRIVER SET] Professional 51-in-1 precision screwdriver set is ideal for small-scale jobs like computer or electronics repair. The screwdriver set includes 24cs magnetic bits. It\u2019s a high-quality all-in-one tool.<\/span><\/li>\n<li class=\"a-spacing-mini\"><span class=\"a-list-item\">[UPGRADED QUALITY] This mini screwdriver repair tool kit is made of high-quality S2 steel for superior hardness, precision, and toughness. All size bits are rigorously tested for quality control to ensure stability and durability, and to prevent damage to devices.<\/span><\/li>\n<li class=\"a-spacing-mini\"><span class=\"a-list-item\">[NON-SLIP HANDLE] This professional screwdriver set features a non-slip handle and a magnetic head for easy attachment of screws, making work more convenient. The aluminum storage box also has a built-in magnetic area to keep precision bits secure.<\/span><\/li>\n<li class=\"a-spacing-mini\"><span class=\"a-list-item\">[MULTI-USE BITS] Screwdriver bit set includes 48pcs magnetic screw bits: Phillips, Torx, Torx Security, Hex, Flathead, Y-Type(Tri-Point), Trianger, Square, U-Type(Spanner). Perfect for use on iPhones, PCs, laptops, computers, Switches, game consoles, watches, glasses, cameras, Xboxes, and other electronic devices, this versatile set is ideal for a variety of tasks.<\/span><\/li>\n<li class=\"a-spacing-mini\"><span class=\"a-list-item\">[EASY TO CARRY] This small and lightweight screwdriver set, made with an aluminum alloy shell, is perfect to carry in your tool bag or pocket. Its pop-up design allows for easy opening and closing, making it both portable and durable &#8211; a great gift for your family and friends.<\/span><\/li>\n<\/ul>\n<h3 class=\"a-size-extra-large a-spacing-base a-text-center\">The 51 in 1 Precision Screwdriver Bits<\/h3>\n<div class=\"a-row\">\n<div class=\"a-column a-span6\">\n<table class=\"a-bordered a-horizontal-stripes aplus-tech-spec-table\">\n<tbody>\n<tr>\n<td class=\"a-text-bold\">Phillips<\/td>\n<td>PH000, PH00, PH0, PH1<\/td>\n<\/tr>\n<tr>\n<td class=\"a-text-bold\">Torx Security<\/td>\n<td>T5H, T6H, T7H, T8H, T9H, T10H, T15H, T20H<\/td>\n<\/tr>\n<tr>\n<td class=\"a-text-bold\">Torx<\/td>\n<td>T2, T3, T4<\/td>\n<\/tr>\n<tr>\n<td class=\"a-text-bold\">Hex<\/td>\n<td>H0.7, H0.9, H1.3, H1.5, H2.0, H2.5, H3.0, H3.5, H4.0<\/td>\n<\/tr>\n<tr>\n<td class=\"a-text-bold\">Flathead<\/td>\n<td>SL1.0, SL1.5, SL2.0, SL2.5, SL3.0, SL3.5, SL4.0<\/td>\n<\/tr>\n<tr>\n<td class=\"a-text-bold\">Pentalobe<\/td>\n<td>P2, P5, P6<\/td>\n<\/tr>\n<\/tbody>\n<\/table>\n<\/div>\n<div class=\"a-column a-span6 a-span-last\">\n<table class=\"a-bordered a-horizontal-stripes aplus-tech-spec-table\">\n<tbody>\n<tr>\n<td class=\"a-text-bold\">Y-Type\/Tri-Point<\/td>\n<td>Y0.6, Y1, Y2, Y2.5<\/td>\n<\/tr>\n<tr>\n<td class=\"a-text-bold\">Triangle<\/td>\n<td>\u25b32.0, \u25b32.3, \u25b33.0<\/td>\n<\/tr>\n<tr>\n<td class=\"a-text-bold\">Square<\/td>\n<td>S0, S1, S2<\/td>\n<\/tr>\n<tr>\n<td class=\"a-text-bold\">U-Type\/Spanner<\/td>\n<td>U2.6, U3.0<\/td>\n<\/tr>\n<tr>\n<td class=\"a-text-bold\">SIM Card Slot Pin<\/td>\n<td>0.8<\/td>\n<\/tr>\n<tr>\n<td class=\"a-text-bold\">MID(Standoff bit for iPhone)<\/td>\n<td>2.5<\/td>\n<\/tr>\n<\/tbody>\n<\/table>\n<\/div>\n<\/div>\n<h3 class=\"a-size-extra-large a-spacing-base a-text-center\">The 31 in 1 Precision Screwdriver Bits<\/h3>\n<p><img loading=\"lazy\" decoding=\"async\" class=\"size-full wp-image-16848 aligncenter\" src=\"https:\/\/www.uf-tools.com\/wp-content\/uploads\/2022\/06\/31.jpg\" alt=\"\" width=\"585\" height=\"254\" srcset=\"https:\/\/www.uf-tools.com\/wp-content\/uploads\/2022\/06\/31.jpg 585w, https:\/\/www.uf-tools.com\/wp-content\/uploads\/2022\/06\/31-18x8.jpg 18w\" sizes=\"auto, (max-width: 585px) 100vw, 585px\" \/><\/p>\n<p><!--more--><\/p>\n<p><img loading=\"lazy\" decoding=\"async\" class=\"size-full wp-image-16753 aligncenter\" src=\"https:\/\/www.uf-tools.com\/wp-content\/uploads\/2022\/06\/Best-Precision-Screwdriver-Set-for-Electronics-Repair-51-in-1-UF840117-1.jpg\" alt=\"Best Precision Screwdriver Set for Electronics Repair - 51 in 1 - UF840117\" width=\"800\" height=\"1379\" srcset=\"https:\/\/www.uf-tools.com\/wp-content\/uploads\/2022\/06\/Best-Precision-Screwdriver-Set-for-Electronics-Repair-51-in-1-UF840117-1.jpg 800w, https:\/\/www.uf-tools.com\/wp-content\/uploads\/2022\/06\/Best-Precision-Screwdriver-Set-for-Electronics-Repair-51-in-1-UF840117-1-768x1324.jpg 768w, https:\/\/www.uf-tools.com\/wp-content\/uploads\/2022\/06\/Best-Precision-Screwdriver-Set-for-Electronics-Repair-51-in-1-UF840117-1-7x12.jpg 7w\" sizes=\"auto, (max-width: 800px) 100vw, 800px\" \/> <img loading=\"lazy\" decoding=\"async\" class=\"size-full wp-image-16754 aligncenter\" src=\"https:\/\/www.uf-tools.com\/wp-content\/uploads\/2022\/06\/Best-Precision-Screwdriver-Set-for-Electronics-Repair-51-in-1-UF840117-2.jpg\" alt=\"Best Precision Screwdriver Set for Electronics Repair - 51 in 1 - UF840117\" width=\"800\" height=\"931\" srcset=\"https:\/\/www.uf-tools.com\/wp-content\/uploads\/2022\/06\/Best-Precision-Screwdriver-Set-for-Electronics-Repair-51-in-1-UF840117-2.jpg 800w, https:\/\/www.uf-tools.com\/wp-content\/uploads\/2022\/06\/Best-Precision-Screwdriver-Set-for-Electronics-Repair-51-in-1-UF840117-2-768x894.jpg 768w, https:\/\/www.uf-tools.com\/wp-content\/uploads\/2022\/06\/Best-Precision-Screwdriver-Set-for-Electronics-Repair-51-in-1-UF840117-2-10x12.jpg 10w\" sizes=\"auto, (max-width: 800px) 100vw, 800px\" \/> <img loading=\"lazy\" decoding=\"async\" class=\"size-full wp-image-16755 aligncenter\" src=\"https:\/\/www.uf-tools.com\/wp-content\/uploads\/2022\/06\/Best-Precision-Screwdriver-Set-for-Electronics-Repair-51-in-1-UF840117-3.jpg\" alt=\"Best Precision Screwdriver Set for Electronics Repair - 51 in 1 - UF840117\" width=\"800\" height=\"1348\" srcset=\"https:\/\/www.uf-tools.com\/wp-content\/uploads\/2022\/06\/Best-Precision-Screwdriver-Set-for-Electronics-Repair-51-in-1-UF840117-3.jpg 800w, https:\/\/www.uf-tools.com\/wp-content\/uploads\/2022\/06\/Best-Precision-Screwdriver-Set-for-Electronics-Repair-51-in-1-UF840117-3-768x1294.jpg 768w, https:\/\/www.uf-tools.com\/wp-content\/uploads\/2022\/06\/Best-Precision-Screwdriver-Set-for-Electronics-Repair-51-in-1-UF840117-3-7x12.jpg 7w\" sizes=\"auto, (max-width: 800px) 100vw, 800px\" \/> <img loading=\"lazy\" decoding=\"async\" class=\"size-full wp-image-16756 aligncenter\" src=\"https:\/\/www.uf-tools.com\/wp-content\/uploads\/2022\/06\/Best-Precision-Screwdriver-Set-for-Electronics-Repair-51-in-1-UF840117-4.jpg\" alt=\"Best Precision Screwdriver Set for Electronics Repair - 51 in 1 - UF840117\" width=\"800\" height=\"1351\" srcset=\"https:\/\/www.uf-tools.com\/wp-content\/uploads\/2022\/06\/Best-Precision-Screwdriver-Set-for-Electronics-Repair-51-in-1-UF840117-4.jpg 800w, https:\/\/www.uf-tools.com\/wp-content\/uploads\/2022\/06\/Best-Precision-Screwdriver-Set-for-Electronics-Repair-51-in-1-UF840117-4-768x1297.jpg 768w, https:\/\/www.uf-tools.com\/wp-content\/uploads\/2022\/06\/Best-Precision-Screwdriver-Set-for-Electronics-Repair-51-in-1-UF840117-4-7x12.jpg 7w\" sizes=\"auto, (max-width: 800px) 100vw, 800px\" \/> <img loading=\"lazy\" decoding=\"async\" class=\"size-full wp-image-16757 aligncenter\" src=\"https:\/\/www.uf-tools.com\/wp-content\/uploads\/2022\/06\/Best-Precision-Screwdriver-Set-for-Electronics-Repair-51-in-1-UF840117-5.jpg\" alt=\"Best Precision Screwdriver Set for Electronics Repair - 51 in 1 - UF840117\" width=\"800\" height=\"1346\" srcset=\"https:\/\/www.uf-tools.com\/wp-content\/uploads\/2022\/06\/Best-Precision-Screwdriver-Set-for-Electronics-Repair-51-in-1-UF840117-5.jpg 800w, https:\/\/www.uf-tools.com\/wp-content\/uploads\/2022\/06\/Best-Precision-Screwdriver-Set-for-Electronics-Repair-51-in-1-UF840117-5-768x1292.jpg 768w, https:\/\/www.uf-tools.com\/wp-content\/uploads\/2022\/06\/Best-Precision-Screwdriver-Set-for-Electronics-Repair-51-in-1-UF840117-5-7x12.jpg 7w\" sizes=\"auto, (max-width: 800px) 100vw, 800px\" \/> <img loading=\"lazy\" decoding=\"async\" class=\"size-full wp-image-16758 aligncenter\" src=\"https:\/\/www.uf-tools.com\/wp-content\/uploads\/2022\/06\/Best-Precision-Screwdriver-Set-for-Electronics-Repair-51-in-1-UF840117-6.jpg\" alt=\"Best Precision Screwdriver Set for Electronics Repair - 51 in 1 - UF840117\" width=\"800\" height=\"1355\" srcset=\"https:\/\/www.uf-tools.com\/wp-content\/uploads\/2022\/06\/Best-Precision-Screwdriver-Set-for-Electronics-Repair-51-in-1-UF840117-6.jpg 800w, https:\/\/www.uf-tools.com\/wp-content\/uploads\/2022\/06\/Best-Precision-Screwdriver-Set-for-Electronics-Repair-51-in-1-UF840117-6-768x1301.jpg 768w, https:\/\/www.uf-tools.com\/wp-content\/uploads\/2022\/06\/Best-Precision-Screwdriver-Set-for-Electronics-Repair-51-in-1-UF840117-6-7x12.jpg 7w\" sizes=\"auto, (max-width: 800px) 100vw, 800px\" \/> <img loading=\"lazy\" decoding=\"async\" class=\"size-full wp-image-16759 aligncenter\" src=\"https:\/\/www.uf-tools.com\/wp-content\/uploads\/2022\/06\/Best-Precision-Screwdriver-Set-for-Electronics-Repair-51-in-1-UF840117-7.jpg\" alt=\"Best Precision Screwdriver Set for Electronics Repair - 51 in 1 - UF840117\" width=\"800\" height=\"1352\" srcset=\"https:\/\/www.uf-tools.com\/wp-content\/uploads\/2022\/06\/Best-Precision-Screwdriver-Set-for-Electronics-Repair-51-in-1-UF840117-7.jpg 800w, https:\/\/www.uf-tools.com\/wp-content\/uploads\/2022\/06\/Best-Precision-Screwdriver-Set-for-Electronics-Repair-51-in-1-UF840117-7-768x1298.jpg 768w, https:\/\/www.uf-tools.com\/wp-content\/uploads\/2022\/06\/Best-Precision-Screwdriver-Set-for-Electronics-Repair-51-in-1-UF840117-7-7x12.jpg 7w\" sizes=\"auto, (max-width: 800px) 100vw, 800px\" \/> <img loading=\"lazy\" decoding=\"async\" class=\"size-full wp-image-16760 aligncenter\" src=\"https:\/\/www.uf-tools.com\/wp-content\/uploads\/2022\/06\/Best-Precision-Screwdriver-Set-for-Electronics-Repair-51-in-1-UF840117-8.jpg\" alt=\"Best Precision Screwdriver Set for Electronics Repair - 51 in 1 - UF840117\" width=\"800\" height=\"1350\" srcset=\"https:\/\/www.uf-tools.com\/wp-content\/uploads\/2022\/06\/Best-Precision-Screwdriver-Set-for-Electronics-Repair-51-in-1-UF840117-8.jpg 800w, https:\/\/www.uf-tools.com\/wp-content\/uploads\/2022\/06\/Best-Precision-Screwdriver-Set-for-Electronics-Repair-51-in-1-UF840117-8-768x1296.jpg 768w, https:\/\/www.uf-tools.com\/wp-content\/uploads\/2022\/06\/Best-Precision-Screwdriver-Set-for-Electronics-Repair-51-in-1-UF840117-8-7x12.jpg 7w\" sizes=\"auto, (max-width: 800px) 100vw, 800px\" \/> <img loading=\"lazy\" decoding=\"async\" class=\"size-full wp-image-16761 aligncenter\" src=\"https:\/\/www.uf-tools.com\/wp-content\/uploads\/2022\/06\/Best-Precision-Screwdriver-Set-for-Electronics-Repair-51-in-1-UF840117-9.jpg\" alt=\"Best Precision Screwdriver Set for Electronics Repair - 51 in 1 - UF840117\" width=\"800\" height=\"1372\" srcset=\"https:\/\/www.uf-tools.com\/wp-content\/uploads\/2022\/06\/Best-Precision-Screwdriver-Set-for-Electronics-Repair-51-in-1-UF840117-9.jpg 800w, https:\/\/www.uf-tools.com\/wp-content\/uploads\/2022\/06\/Best-Precision-Screwdriver-Set-for-Electronics-Repair-51-in-1-UF840117-9-768x1317.jpg 768w, https:\/\/www.uf-tools.com\/wp-content\/uploads\/2022\/06\/Best-Precision-Screwdriver-Set-for-Electronics-Repair-51-in-1-UF840117-9-7x12.jpg 7w\" sizes=\"auto, (max-width: 800px) 100vw, 800px\" \/> <img loading=\"lazy\" decoding=\"async\" class=\"size-full wp-image-16762 aligncenter\" src=\"https:\/\/www.uf-tools.com\/wp-content\/uploads\/2022\/06\/Best-Precision-Screwdriver-Set-for-Electronics-Repair-51-in-1-UF840117-10.jpg\" alt=\"Best Precision Screwdriver Set for Electronics Repair - 51 in 1 - UF840117\" width=\"800\" height=\"1184\" srcset=\"https:\/\/www.uf-tools.com\/wp-content\/uploads\/2022\/06\/Best-Precision-Screwdriver-Set-for-Electronics-Repair-51-in-1-UF840117-10.jpg 800w, https:\/\/www.uf-tools.com\/wp-content\/uploads\/2022\/06\/Best-Precision-Screwdriver-Set-for-Electronics-Repair-51-in-1-UF840117-10-768x1137.jpg 768w, https:\/\/www.uf-tools.com\/wp-content\/uploads\/2022\/06\/Best-Precision-Screwdriver-Set-for-Electronics-Repair-51-in-1-UF840117-10-8x12.jpg 8w\" sizes=\"auto, (max-width: 800px) 100vw, 800px\" \/><\/p>","protected":false},"excerpt":{"rendered":"<ul>\n<li>&#8220;Meet the UF840117: Ultra-compact and feather-light, it&#8217;s the ultimate game-changer for your DIY, repair, and maintenance needs. Whether you&#8217;re a seasoned pro or just starting out, this efficient and budget-friendly toolkit has got you covered.<\/li>\n<li>The &#8220;51in1&#8243; label signifies a complete set of 51 components snugly packed inside, featuring the main drive unit, 48 drill bit varieties, plus handy magnetizers and degaussers to supercharge your tool arsenal.&#8221;<\/li>\n<\/ul>","protected":false},"featured_media":16945,"comment_status":"open","ping_status":"closed","template":"","meta":[],"product_cat":[32,84],"product_tag":[34,86,99,85],"class_list":{"0":"post-387","1":"product","2":"type-product","3":"status-publish","4":"has-post-thumbnail","6":"product_cat-hand-tools","7":"product_cat-precise-screwdriver-set","8":"product_tag-hand-tools","9":"product_tag-mini-screwdriver-set","10":"product_tag-precise-screwdriver-set","11":"product_tag-small-screwdrivers","12":"product_brand-uf-tools","14":"first","15":"instock","16":"sale","17":"sold-individually","18":"purchasable","19":"product-type-variable"},"yoast_head":"<!-- This site is optimized with the Yoast SEO plugin v26.9 - https:\/\/yoast.com\/product\/yoast-seo-wordpress\/ -->\n<title>51 in 1 Precision Screwdriver Set for Electronics Repair -UF840117<\/title>\n<meta name=\"description\" content=\"51-in-1 precision screwdriver set is ideal for small-scale jobs like computer or electronics repair. The screwdriver set includes 24cs magnetic bits.\" \/>\n<meta name=\"robots\" content=\"index, follow, max-snippet:-1, max-image-preview:large, max-video-preview:-1\" \/>\n<link rel=\"canonical\" href=\"http:\/\/www.uf-tools.com\/pt\/51-in-1-precision-screwdriver-set-for-electronics-repair-uf840117\/\" \/>\n<meta property=\"og:locale\" content=\"pt_PT\" \/>\n<meta property=\"og:type\" content=\"article\" \/>\n<meta property=\"og:title\" content=\"51 in 1 Precision Screwdriver Set for Electronics Repair -UF840117\" \/>\n<meta property=\"og:description\" content=\"51-in-1 precision screwdriver set is ideal for small-scale jobs like computer or electronics repair. The screwdriver set includes 24cs magnetic bits.\" \/>\n<meta property=\"og:url\" content=\"http:\/\/www.uf-tools.com\/pt\/51-in-1-precision-screwdriver-set-for-electronics-repair-uf840117\/\" \/>\n<meta property=\"og:site_name\" content=\"UF Tools Wholesale Suppliers\" \/>\n<meta property=\"article:publisher\" content=\"https:\/\/www.facebook.com\/UFTOOLS\/?show_switched_toast=0&amp;show_invite_to_follow=0&amp;show_switched_tooltip=0&amp;show_podcast_settings=0&amp;show_community_review_changes=0&amp;show_community_rollback=0&amp;show_follower_visibility_disclosure=0\" \/>\n<meta property=\"article:modified_time\" content=\"2023-11-23T01:28:17+00:00\" \/>\n<meta property=\"og:image\" content=\"http:\/\/www.uf-tools.com\/wp-content\/uploads\/2022\/06\/Precision-Screwdriver-Set-UF840117-1.jpg\" \/>\n\t<meta property=\"og:image:width\" content=\"1030\" \/>\n\t<meta property=\"og:image:height\" content=\"1030\" \/>\n\t<meta property=\"og:image:type\" content=\"image\/jpeg\" \/>\n<meta name=\"twitter:card\" content=\"summary_large_image\" \/>\n<meta name=\"twitter:site\" content=\"@uftools\" \/>\n<meta name=\"twitter:label1\" content=\"Tempo estimado de leitura\" \/>\n\t<meta name=\"twitter:data1\" content=\"4 minutos\" \/>\n<script type=\"application\/ld+json\" class=\"yoast-schema-graph\">{\"@context\":\"https:\/\/schema.org\",\"@graph\":[{\"@type\":\"WebPage\",\"@id\":\"http:\/\/www.uf-tools.com\/pt\/51-in-1-precision-screwdriver-set-for-electronics-repair-uf840117\/\",\"url\":\"http:\/\/www.uf-tools.com\/pt\/51-in-1-precision-screwdriver-set-for-electronics-repair-uf840117\/\",\"name\":\"51 in 1 Precision Screwdriver Set for Electronics Repair -UF840117\",\"isPartOf\":{\"@id\":\"http:\/\/www.uf-tools.com\/ja\/#website\"},\"primaryImageOfPage\":{\"@id\":\"http:\/\/www.uf-tools.com\/pt\/51-in-1-precision-screwdriver-set-for-electronics-repair-uf840117\/#primaryimage\"},\"image\":{\"@id\":\"http:\/\/www.uf-tools.com\/pt\/51-in-1-precision-screwdriver-set-for-electronics-repair-uf840117\/#primaryimage\"},\"thumbnailUrl\":\"https:\/\/www.uf-tools.com\/wp-content\/uploads\/2022\/06\/Precision-Screwdriver-Set-UF840117-1.jpg\",\"datePublished\":\"2022-06-06T02:36:31+00:00\",\"dateModified\":\"2023-11-23T01:28:17+00:00\",\"description\":\"51-in-1 precision screwdriver set is ideal for small-scale jobs like computer or electronics repair. The screwdriver set includes 24cs magnetic bits.\",\"breadcrumb\":{\"@id\":\"http:\/\/www.uf-tools.com\/pt\/51-in-1-precision-screwdriver-set-for-electronics-repair-uf840117\/#breadcrumb\"},\"inLanguage\":\"pt-PT\",\"potentialAction\":[{\"@type\":\"ReadAction\",\"target\":[\"http:\/\/www.uf-tools.com\/pt\/51-in-1-precision-screwdriver-set-for-electronics-repair-uf840117\/\"]}]},{\"@type\":\"ImageObject\",\"inLanguage\":\"pt-PT\",\"@id\":\"http:\/\/www.uf-tools.com\/pt\/51-in-1-precision-screwdriver-set-for-electronics-repair-uf840117\/#primaryimage\",\"url\":\"https:\/\/www.uf-tools.com\/wp-content\/uploads\/2022\/06\/Precision-Screwdriver-Set-UF840117-1.jpg\",\"contentUrl\":\"https:\/\/www.uf-tools.com\/wp-content\/uploads\/2022\/06\/Precision-Screwdriver-Set-UF840117-1.jpg\",\"width\":1030,\"height\":1030},{\"@type\":\"BreadcrumbList\",\"@id\":\"http:\/\/www.uf-tools.com\/pt\/51-in-1-precision-screwdriver-set-for-electronics-repair-uf840117\/#breadcrumb\",\"itemListElement\":[{\"@type\":\"ListItem\",\"position\":1,\"name\":\"Home\",\"item\":\"http:\/\/www.uf-tools.com\/ja\/\"},{\"@type\":\"ListItem\",\"position\":2,\"name\":\"Shop\",\"item\":\"http:\/\/www.uf-tools.com\/ja\/shop\/\"},{\"@type\":\"ListItem\",\"position\":3,\"name\":\"Best Precision Screwdriver Set for Electronics Repair &#8211; 31 and 51 in 1 &#8211; UF840117\"}]},{\"@type\":\"WebSite\",\"@id\":\"http:\/\/www.uf-tools.com\/ja\/#website\",\"url\":\"http:\/\/www.uf-tools.com\/ja\/\",\"name\":\"Manufacturer of precision digital repair tools\",\"description\":\"UF TOOLS\",\"publisher\":{\"@id\":\"http:\/\/www.uf-tools.com\/ja\/#organization\"},\"potentialAction\":[{\"@type\":\"SearchAction\",\"target\":{\"@type\":\"EntryPoint\",\"urlTemplate\":\"http:\/\/www.uf-tools.com\/ja\/?s={search_term_string}\"},\"query-input\":{\"@type\":\"PropertyValueSpecification\",\"valueRequired\":true,\"valueName\":\"search_term_string\"}}],\"inLanguage\":\"pt-PT\"},{\"@type\":\"Organization\",\"@id\":\"http:\/\/www.uf-tools.com\/ja\/#organization\",\"name\":\"UF Tools Wholesale Suppliers\",\"url\":\"http:\/\/www.uf-tools.com\/ja\/\",\"logo\":{\"@type\":\"ImageObject\",\"inLanguage\":\"pt-PT\",\"@id\":\"http:\/\/www.uf-tools.com\/ja\/#\/schema\/logo\/image\/\",\"url\":\"https:\/\/www.uf-tools.com\/wp-content\/uploads\/2023\/07\/logo-blue.svg\",\"contentUrl\":\"https:\/\/www.uf-tools.com\/wp-content\/uploads\/2023\/07\/logo-blue.svg\",\"width\":242,\"height\":56,\"caption\":\"UF Tools Wholesale Suppliers\"},\"image\":{\"@id\":\"http:\/\/www.uf-tools.com\/ja\/#\/schema\/logo\/image\/\"},\"sameAs\":[\"https:\/\/www.facebook.com\/UFTOOLS\/?show_switched_toast=0&show_invite_to_follow=0&show_switched_tooltip=0&show_podcast_settings=0&show_community_review_changes=0&show_community_rollback=0&show_follower_visibility_disclosure=0\",\"https:\/\/x.com\/uftools\",\"https:\/\/www.instagram.com\/youfutools\/\",\"https:\/\/www.pinterest.com\/uftools\/\",\"https:\/\/www.youtube.com\/@uf-tools\"]}]}<\/script>\n<!-- \/ Yoast SEO plugin. -->","yoast_head_json":{"title":"51 in 1 Precision Screwdriver Set for Electronics Repair -UF840117","description":"51-in-1 precision screwdriver set is ideal for small-scale jobs like computer or electronics repair. The screwdriver set includes 24cs magnetic bits.","robots":{"index":"index","follow":"follow","max-snippet":"max-snippet:-1","max-image-preview":"max-image-preview:large","max-video-preview":"max-video-preview:-1"},"canonical":"http:\/\/www.uf-tools.com\/pt\/51-in-1-precision-screwdriver-set-for-electronics-repair-uf840117\/","og_locale":"pt_PT","og_type":"article","og_title":"51 in 1 Precision Screwdriver Set for Electronics Repair -UF840117","og_description":"51-in-1 precision screwdriver set is ideal for small-scale jobs like computer or electronics repair. The screwdriver set includes 24cs magnetic bits.","og_url":"http:\/\/www.uf-tools.com\/pt\/51-in-1-precision-screwdriver-set-for-electronics-repair-uf840117\/","og_site_name":"UF Tools Wholesale Suppliers","article_publisher":"https:\/\/www.facebook.com\/UFTOOLS\/?show_switched_toast=0&show_invite_to_follow=0&show_switched_tooltip=0&show_podcast_settings=0&show_community_review_changes=0&show_community_rollback=0&show_follower_visibility_disclosure=0","article_modified_time":"2023-11-23T01:28:17+00:00","og_image":[{"width":1030,"height":1030,"url":"http:\/\/www.uf-tools.com\/wp-content\/uploads\/2022\/06\/Precision-Screwdriver-Set-UF840117-1.jpg","type":"image\/jpeg"}],"twitter_card":"summary_large_image","twitter_site":"@uftools","twitter_misc":{"Tempo estimado de leitura":"4 minutos"},"schema":{"@context":"https:\/\/schema.org","@graph":[{"@type":"WebPage","@id":"http:\/\/www.uf-tools.com\/pt\/51-in-1-precision-screwdriver-set-for-electronics-repair-uf840117\/","url":"http:\/\/www.uf-tools.com\/pt\/51-in-1-precision-screwdriver-set-for-electronics-repair-uf840117\/","name":"51 in 1 Precision Screwdriver Set for Electronics Repair -UF840117","isPartOf":{"@id":"http:\/\/www.uf-tools.com\/ja\/#website"},"primaryImageOfPage":{"@id":"http:\/\/www.uf-tools.com\/pt\/51-in-1-precision-screwdriver-set-for-electronics-repair-uf840117\/#primaryimage"},"image":{"@id":"http:\/\/www.uf-tools.com\/pt\/51-in-1-precision-screwdriver-set-for-electronics-repair-uf840117\/#primaryimage"},"thumbnailUrl":"https:\/\/www.uf-tools.com\/wp-content\/uploads\/2022\/06\/Precision-Screwdriver-Set-UF840117-1.jpg","datePublished":"2022-06-06T02:36:31+00:00","dateModified":"2023-11-23T01:28:17+00:00","description":"51-in-1 precision screwdriver set is ideal for small-scale jobs like computer or electronics repair. The screwdriver set includes 24cs magnetic bits.","breadcrumb":{"@id":"http:\/\/www.uf-tools.com\/pt\/51-in-1-precision-screwdriver-set-for-electronics-repair-uf840117\/#breadcrumb"},"inLanguage":"pt-PT","potentialAction":[{"@type":"ReadAction","target":["http:\/\/www.uf-tools.com\/pt\/51-in-1-precision-screwdriver-set-for-electronics-repair-uf840117\/"]}]},{"@type":"ImageObject","inLanguage":"pt-PT","@id":"http:\/\/www.uf-tools.com\/pt\/51-in-1-precision-screwdriver-set-for-electronics-repair-uf840117\/#primaryimage","url":"https:\/\/www.uf-tools.com\/wp-content\/uploads\/2022\/06\/Precision-Screwdriver-Set-UF840117-1.jpg","contentUrl":"https:\/\/www.uf-tools.com\/wp-content\/uploads\/2022\/06\/Precision-Screwdriver-Set-UF840117-1.jpg","width":1030,"height":1030},{"@type":"BreadcrumbList","@id":"http:\/\/www.uf-tools.com\/pt\/51-in-1-precision-screwdriver-set-for-electronics-repair-uf840117\/#breadcrumb","itemListElement":[{"@type":"ListItem","position":1,"name":"Home","item":"http:\/\/www.uf-tools.com\/ja\/"},{"@type":"ListItem","position":2,"name":"Shop","item":"http:\/\/www.uf-tools.com\/ja\/shop\/"},{"@type":"ListItem","position":3,"name":"Best Precision Screwdriver Set for Electronics Repair &#8211; 31 and 51 in 1 &#8211; UF840117"}]},{"@type":"WebSite","@id":"http:\/\/www.uf-tools.com\/ja\/#website","url":"http:\/\/www.uf-tools.com\/ja\/","name":"Manufacturer of precision digital repair tools","description":"UF TOOLS","publisher":{"@id":"http:\/\/www.uf-tools.com\/ja\/#organization"},"potentialAction":[{"@type":"SearchAction","target":{"@type":"EntryPoint","urlTemplate":"http:\/\/www.uf-tools.com\/ja\/?s={search_term_string}"},"query-input":{"@type":"PropertyValueSpecification","valueRequired":true,"valueName":"search_term_string"}}],"inLanguage":"pt-PT"},{"@type":"Organization","@id":"http:\/\/www.uf-tools.com\/ja\/#organization","name":"UF Tools Wholesale Suppliers","url":"http:\/\/www.uf-tools.com\/ja\/","logo":{"@type":"ImageObject","inLanguage":"pt-PT","@id":"http:\/\/www.uf-tools.com\/ja\/#\/schema\/logo\/image\/","url":"https:\/\/www.uf-tools.com\/wp-content\/uploads\/2023\/07\/logo-blue.svg","contentUrl":"https:\/\/www.uf-tools.com\/wp-content\/uploads\/2023\/07\/logo-blue.svg","width":242,"height":56,"caption":"UF Tools Wholesale Suppliers"},"image":{"@id":"http:\/\/www.uf-tools.com\/ja\/#\/schema\/logo\/image\/"},"sameAs":["https:\/\/www.facebook.com\/UFTOOLS\/?show_switched_toast=0&show_invite_to_follow=0&show_switched_tooltip=0&show_podcast_settings=0&show_community_review_changes=0&show_community_rollback=0&show_follower_visibility_disclosure=0","https:\/\/x.com\/uftools","https:\/\/www.instagram.com\/youfutools\/","https:\/\/www.pinterest.com\/uftools\/","https:\/\/www.youtube.com\/@uf-tools"]}]}},"_links":{"self":[{"href":"https:\/\/www.uf-tools.com\/pt\/wp-json\/wp\/v2\/product\/387","targetHints":{"allow":["GET"]}}],"collection":[{"href":"https:\/\/www.uf-tools.com\/pt\/wp-json\/wp\/v2\/product"}],"about":[{"href":"https:\/\/www.uf-tools.com\/pt\/wp-json\/wp\/v2\/types\/product"}],"replies":[{"embeddable":true,"href":"https:\/\/www.uf-tools.com\/pt\/wp-json\/wp\/v2\/comments?post=387"}],"version-history":[{"count":0,"href":"https:\/\/www.uf-tools.com\/pt\/wp-json\/wp\/v2\/product\/387\/revisions"}],"wp:featuredmedia":[{"embeddable":true,"href":"https:\/\/www.uf-tools.com\/pt\/wp-json\/wp\/v2\/media\/16945"}],"wp:attachment":[{"href":"https:\/\/www.uf-tools.com\/pt\/wp-json\/wp\/v2\/media?parent=387"}],"wp:term":[{"taxonomy":"product_cat","embeddable":true,"href":"https:\/\/www.uf-tools.com\/pt\/wp-json\/wp\/v2\/product_cat?post=387"},{"taxonomy":"product_tag","embeddable":true,"href":"https:\/\/www.uf-tools.com\/pt\/wp-json\/wp\/v2\/product_tag?post=387"}],"curies":[{"name":"wp","href":"https:\/\/api.w.org\/{rel}","templated":true}]}}