{"id":18271,"date":"2024-05-23T06:46:02","date_gmt":"2024-05-23T06:46:02","guid":{"rendered":"https:\/\/www.uf-tools.com\/?post_type=product&#038;p=18271"},"modified":"2025-02-21T09:19:45","modified_gmt":"2025-02-21T09:19:45","slug":"t12-k-pd-5-20v-65w-portable-electric-soldering-iron-cnc-metal-body-temperature-adjustable-solder-welding-station","status":"publish","type":"product","link":"https:\/\/www.uf-tools.com\/pt\/t12-k-pd-5-20v-65w-portable-electric-soldering-iron-cnc-metal-body-temperature-adjustable-solder-welding-station\/","title":{"rendered":"T12-K PD 5-20V 65W Ferro de Soldar El\u00e9trico Port\u00e1til Ferro de Soldar CNC Corpo Met\u00e1lico Temperatura Ajust\u00e1vel Esta\u00e7\u00e3o de Soldadura"},"content":{"rendered":"<div style=\"text-align: center;\">\n<iframe loading=\"lazy\" width=\"100%\" height=\"700\" src=\"https:\/\/www.youtube.com\/embed\/9Nh_lSy4vAo?si=WBBSofJyG6Io9K5f\" title=\"Leitor de v\u00eddeo do YouTube\" frameborder=\"0\" allow=\"accelerometer; autoplay; clipboard-write; encrypted-media; gyroscope; picture-in-picture; web-share\" referrerpolicy=\"strict-origin-when-cross-origin\" allowfullscreen><\/iframe>\n<\/div>\n<p><img decoding=\"async\" class=\"aligncenter\" alt=\"TI2 Portable Soldering Iron High power - Fast heat-up MAKING REPAIRS EASIER\" title=\"TI2 Portable Soldering Iron High power - Fast heat-up MAKING REPAIRS EASIER\" src=\"https:\/\/www.youfutools.com\/static\/upload\/image\/20240125\/1706150957150925.jpg\" \/><\/p>\n<p><img decoding=\"async\" class=\"aligncenter\" alt=\"With six core features for an enhanced experience, we offer everything you need: CQT Temp, Sleep Set, Unit Set, Screen Set, Start Set, and Standby Set\" title=\"With six core features for an enhanced experience, we offer everything you need: CQT Temp, Sleep Set, Unit Set, Screen Set, Start Set, and Standby Set\" src=\"https:\/\/www.youfutools.com\/static\/upload\/image\/20240125\/1706150958905813.jpg\" \/><\/p>\n<p><img decoding=\"async\" class=\"aligncenter\" alt=\"OLED displays provide clarity like never before\u2014if you can\u2019t see it clearly, it simply doesn\u2019t exist. With an intuitive and vivid display, you can quickly view important information such as input voltage, actual temperature, and preset temperature. Adjustments are easy: increase the temperature up to 450\u00b0C or lower it down to 180\u00b0C, all controlled via simple buttons. This precise control ensures an optimal experience every time you use the soldering iron\" title=\"OLED displays provide clarity like never before\u2014if you can\u2019t see it clearly, it simply doesn\u2019t exist. With an intuitive and vivid display, you can quickly view important information such as input voltage, actual temperature, and preset temperature. Adjustments are easy: increase the temperature up to 450\u00b0C or lower it down to 180\u00b0C, all controlled via simple buttons. This precise control ensures an optimal experience every time you use the soldering iron\" src=\"https:\/\/www.youfutools.com\/static\/upload\/image\/20240125\/1706150959110155.jpg\" \/><\/p>\n<p><img decoding=\"async\" class=\"aligncenter\" alt=\"he silicone protective cover with a soft, comfortable hexagonal dimpled pattern ensures a firm yet gentle grip. Coupled with metal anti-slip stripes, you can hold the handle like a pen and work effortlessly\u2014fatigue will be a thing of the past.\" title=\"he silicone protective cover with a soft, comfortable hexagonal dimpled pattern ensures a firm yet gentle grip. Coupled with metal anti-slip stripes, you can hold the handle like a pen and work effortlessly\u2014fatigue will be a thing of the past.\" src=\"https:\/\/www.youfutools.com\/static\/upload\/image\/20240125\/1706150959153341.jpg\" \/><\/p>\n<p><img decoding=\"async\" class=\"aligncenter\" alt=\"Tired of too many wires or the wrong connectors? We\u2019ve got you covered with a PD\/QC protocol-enabled Type-C charging port, allowing you to share the same charging cable with today\u2019s latest electronics. Supporting up to 20V PD fast charging, it\u2019s designed for ultimate convenience with your soldering iron.\" title=\"Tired of too many wires or the wrong connectors? We\u2019ve got you covered with a PD\/QC protocol-enabled Type-C charging port, allowing you to share the same charging cable with today\u2019s latest electronics. Supporting up to 20V PD fast charging, it\u2019s designed for ultimate convenience with your soldering iron.\" src=\"https:\/\/www.youfutools.com\/static\/upload\/image\/20240125\/1706150960657002.jpg\" \/><\/p>\n<p><img decoding=\"async\" class=\"aligncenter\" alt=\"The 65W high-power soldering iron heats up quickly and maintains temperature stability with ease\u2014no more long waits. Its powerful performance ensures fast tin melting and precise soldering without burn-in, guaranteeing good connections with no risk of dummy soldering.\" title=\"The 65W high-power soldering iron heats up quickly and maintains temperature stability with ease\u2014no more long waits. Its powerful performance ensures fast tin melting and precise soldering without burn-in, guaranteeing good connections with no risk of dummy soldering.\" src=\"https:\/\/www.youfutools.com\/static\/upload\/image\/20240125\/1706150961201492.jpg\" \/><\/p>\n<p><img decoding=\"async\" class=\"aligncenter\" alt=\"Temperature calibration and unit switching make auxiliary tasks effortless. With simple controls, you can calibrate within 5\u00b0C and achieve precise adjustments within 2\u00b0C. The soldering iron supports both \u00b0C and \u00b0F, accommodating international standards and ensuring accurate temperature measurement for all your needs\" title=\"Temperature calibration and unit switching make auxiliary tasks effortless. With simple controls, you can calibrate within 5\u00b0C and achieve precise adjustments within 2\u00b0C. The soldering iron supports both \u00b0C and \u00b0F, accommodating international standards and ensuring accurate temperature measurement for all your needs\" src=\"https:\/\/www.youfutools.com\/static\/upload\/image\/20240125\/1706150961969327.jpg\" \/><\/p>\n<p><img decoding=\"async\" class=\"aligncenter\" alt=\"Designed with ergonomics in mind, the flip-up screen ensures easy viewing for both left- and right-handed users, allowing you to switch the display orientation as needed. The \u2018SCREEN SET\u2019 feature provides unobstructed access, while the \u2018START SET\u2019 offers two starting modes: one where heating begins immediately after plugging in, and another where heating is activated by pressing any operational button\" title=\"Designed with ergonomics in mind, the flip-up screen ensures easy viewing for both left- and right-handed users, allowing you to switch the display orientation as needed. The \u2018SCREEN SET\u2019 feature provides unobstructed access, while the \u2018START SET\u2019 offers two starting modes: one where heating begins immediately after plugging in, and another where heating is activated by pressing any operational button \" src=\"https:\/\/www.youfutools.com\/static\/upload\/image\/20240125\/1706150962107128.jpg\" \/><\/p>\n<p><img decoding=\"async\" class=\"aligncenter\" alt=\"Concerned about overheating or excessive power consumption? The soldering iron\u2019s hibernation and standby functions have you covered. In sleep mode, the temperature remains at 200\u00b0C, and with a gentle shake of the handle or a press of any button, it quickly returns to the preset working temperature. In standby mode, the temperature drops to zero, and the screen displays \u2018OFF.\u2019 Simply press any operating button to resume operation\" title=\"Concerned about overheating or excessive power consumption? The soldering iron\u2019s hibernation and standby functions have you covered. In sleep mode, the temperature remains at 200\u00b0C, and with a gentle shake of the handle or a press of any button, it quickly returns to the preset working temperature. In standby mode, the temperature drops to zero, and the screen displays \u2018OFF.\u2019 Simply press any operating button to resume operation\" src=\"https:\/\/www.youfutools.com\/static\/upload\/image\/20240125\/1706150962152725.jpg\" \/><\/p>\n<p><img decoding=\"async\" class=\"aligncenter\" alt=\"The T12-K heating core features an integrated heating system with a cutter-shaped tip, making it easy to apply tin according to the size of the solder joint, effectively preventing issues like cold soldering. It offers fast heat conduction, oxidation resistance, easy tinning, and ensures a long lifespan for the soldering iron tip. Equipped with protective caps, clearly marked positive and negative poles, wiring posts, laser coding, positioning rings, and built-in temperature sensors, it ensures precision and durability for every soldering task\" title=\"The T12-K heating core features an integrated heating system with a cutter-shaped tip, making it easy to apply tin according to the size of the solder joint, effectively preventing issues like cold soldering. It offers fast heat conduction, oxidation resistance, easy tinning, and ensures a long lifespan for the soldering iron tip. Equipped with protective caps, clearly marked positive and negative poles, wiring posts, laser coding, positioning rings, and built-in temperature sensors, it ensures precision and durability for every soldering task\" src=\"https:\/\/www.youfutools.com\/static\/upload\/image\/20240125\/1706150963153044.jpg\" \/><\/p>\n<p><img decoding=\"async\" class=\"aligncenter\" alt=\"\" title=\"\" src=\"https:\/\/www.youfutools.com\/static\/upload\/image\/20240125\/1706150963162702.jpg\" \/><\/p>\n<p><img decoding=\"async\" class=\"aligncenter\" alt=\"Quick and easy control makes the T12 Portable Soldering Iron highly user-friendly. After professional testing, the key positions have been optimized for comfortable operation. Equipped with essential accessories like a Type-C connector, OLED display, and silicone cover, the soldering iron is designed for convenience. It includes control buttons for precise temperature adjustments (180\u00b0C to 450\u00b0C) and comes with a T12-K heating core for efficient performance. With PD\/QC charging protocols and a lightweight handle (~50g), this soldering iron ensures professional results with minimal effort.\" title=\"Quick and easy control makes the T12 Portable Soldering Iron highly user-friendly. After professional testing, the key positions have been optimized for comfortable operation. Equipped with essential accessories like a Type-C connector, OLED display, and silicone cover, the soldering iron is designed for convenience. It includes control buttons for precise temperature adjustments (180\u00b0C to 450\u00b0C) and comes with a T12-K heating core for efficient performance. With PD\/QC charging protocols and a lightweight handle (~50g), this soldering iron ensures professional results with minimal effort.\" src=\"https:\/\/www.youfutools.com\/static\/upload\/image\/20240125\/1706150963397399.jpg\" \/><\/p>\n<p>Description:<\/p>\n<p>1. Support PD2.0 fast charging protocol and easily reach 65W high power<\/p>\n<p>2. PID precise temperature control, rapid temperature rise<\/p>\n<p>3. CNC metal handle, delicate and compact<\/p>\n<p>4. Support automatic sleep\/vibration sensing\/support English interface\/real-time temperature display<\/p>\n<p>5. OLED HD screen display<\/p>\n<p>6. Use a universal T12 soldering head<\/p>\n<p>7. Support DC power supply (please provide your own adapter)<\/p>\n<p>8. Temperature calibration function<\/p>\n<p>Parameters:<\/p>\n<p>Power supply agreement: PD2.0\/QC3.0<\/p>\n<p>\u200bInput interface: TYPE-C<\/p>\n<p>Working power: 65W max<\/p>\n<p>Working voltage: 5-20V<\/p>\n<p>Temperature control range: 180-450 \u2103<\/p>\n<p>Temperature unit: Fahrenheit Celsius\/Celsius<\/p>\n<p>Temperature control accuracy: \u00b1 2 degrees<\/p>\n<p>Body size: 230mm (including the length of the soldering head), 17.5mm (diameter)<\/p>\n<p>Package size: 40 * 50 * 230mm<\/p>\n<p>Body weight: 60g<\/p>\n<p>Packing and shipping weight: 150g<\/p>\n<p>Pacote inclu\u00eddo:<\/p>\n<p>1 x Soldering Iron Host<\/p>\n<p>1 x T12-K tip\u3010Additional tip option\u3011<\/p>\n<p>1 x Instructions<\/p>\n<p>1 x Small Soldering Iron Bracket<\/p>","protected":false},"excerpt":{"rendered":"<p>1. Support PD2.0 fast charging protocol and easily reach 65W high power<\/p>\n<p>2. PID precise temperature control, rapid temperature rise<\/p>","protected":false},"featured_media":18272,"comment_status":"open","ping_status":"closed","template":"","meta":[],"product_cat":[15],"product_tag":[110,109,106],"class_list":{"0":"post-18271","1":"product","2":"type-product","3":"status-publish","4":"has-post-thumbnail","6":"product_cat-other-tools","7":"product_tag-portable","8":"product_tag-soldering","9":"product_tag-soldering-iron","10":"product_brand-uf-tools","12":"first","13":"outofstock","14":"sale","15":"taxable","16":"shipping-taxable","17":"purchasable","18":"product-type-simple"},"yoast_head":"<!-- This site is optimized with the Yoast SEO plugin v26.9 - https:\/\/yoast.com\/product\/yoast-seo-wordpress\/ -->\n<title>T12-K PD 5-20V 65W Portable Electric Soldering Iron CNC Metal Body Temperature Adjustable Solder Welding Station - UF Tools Wholesale Suppliers<\/title>\n<meta name=\"robots\" content=\"index, follow, max-snippet:-1, max-image-preview:large, max-video-preview:-1\" \/>\n<link rel=\"canonical\" href=\"https:\/\/www.uf-tools.com\/pt\/t12-k-pd-5-20v-65w-portable-electric-soldering-iron-cnc-metal-body-temperature-adjustable-solder-welding-station\/\" \/>\n<meta property=\"og:locale\" content=\"pt_PT\" \/>\n<meta property=\"og:type\" content=\"article\" \/>\n<meta property=\"og:title\" content=\"T12-K PD 5-20V 65W Portable Electric Soldering Iron CNC Metal Body Temperature Adjustable Solder Welding Station - UF Tools Wholesale Suppliers\" \/>\n<meta property=\"og:description\" content=\"1. Support PD2.0 fast charging protocol and easily reach 65W high power  2. PID precise temperature control, rapid temperature rise\" \/>\n<meta property=\"og:url\" content=\"https:\/\/www.uf-tools.com\/pt\/t12-k-pd-5-20v-65w-portable-electric-soldering-iron-cnc-metal-body-temperature-adjustable-solder-welding-station\/\" \/>\n<meta property=\"og:site_name\" content=\"UF Tools Wholesale Suppliers\" \/>\n<meta property=\"article:publisher\" content=\"https:\/\/www.facebook.com\/UFTOOLS\/?show_switched_toast=0&amp;show_invite_to_follow=0&amp;show_switched_tooltip=0&amp;show_podcast_settings=0&amp;show_community_review_changes=0&amp;show_community_rollback=0&amp;show_follower_visibility_disclosure=0\" \/>\n<meta property=\"article:modified_time\" content=\"2025-02-21T09:19:45+00:00\" \/>\n<meta property=\"og:image\" content=\"https:\/\/www.uf-tools.com\/wp-content\/uploads\/2024\/05\/1-New-T12-K-Portable-Soldering-Iron-Kit-Manufacturer-OEM-NO-4011071.jpg\" \/>\n\t<meta property=\"og:image:width\" content=\"1000\" \/>\n\t<meta property=\"og:image:height\" content=\"1000\" \/>\n\t<meta property=\"og:image:type\" content=\"image\/jpeg\" \/>\n<meta name=\"twitter:card\" content=\"summary_large_image\" \/>\n<meta name=\"twitter:site\" content=\"@uftools\" \/>\n<meta name=\"twitter:label1\" content=\"Tempo estimado de leitura\" \/>\n\t<meta name=\"twitter:data1\" content=\"4 minutos\" \/>\n<script type=\"application\/ld+json\" class=\"yoast-schema-graph\">{\"@context\":\"https:\/\/schema.org\",\"@graph\":[{\"@type\":\"WebPage\",\"@id\":\"https:\/\/www.uf-tools.com\/pt\/t12-k-pd-5-20v-65w-portable-electric-soldering-iron-cnc-metal-body-temperature-adjustable-solder-welding-station\/\",\"url\":\"https:\/\/www.uf-tools.com\/pt\/t12-k-pd-5-20v-65w-portable-electric-soldering-iron-cnc-metal-body-temperature-adjustable-solder-welding-station\/\",\"name\":\"T12-K PD 5-20V 65W Portable Electric Soldering Iron CNC Metal Body Temperature Adjustable Solder Welding Station - UF Tools Wholesale Suppliers\",\"isPartOf\":{\"@id\":\"http:\/\/www.uf-tools.com\/ja\/#website\"},\"primaryImageOfPage\":{\"@id\":\"https:\/\/www.uf-tools.com\/pt\/t12-k-pd-5-20v-65w-portable-electric-soldering-iron-cnc-metal-body-temperature-adjustable-solder-welding-station\/#primaryimage\"},\"image\":{\"@id\":\"https:\/\/www.uf-tools.com\/pt\/t12-k-pd-5-20v-65w-portable-electric-soldering-iron-cnc-metal-body-temperature-adjustable-solder-welding-station\/#primaryimage\"},\"thumbnailUrl\":\"https:\/\/www.uf-tools.com\/wp-content\/uploads\/2024\/05\/1-New-T12-K-Portable-Soldering-Iron-Kit-Manufacturer-OEM-NO-4011071.jpg\",\"datePublished\":\"2024-05-23T06:46:02+00:00\",\"dateModified\":\"2025-02-21T09:19:45+00:00\",\"breadcrumb\":{\"@id\":\"https:\/\/www.uf-tools.com\/pt\/t12-k-pd-5-20v-65w-portable-electric-soldering-iron-cnc-metal-body-temperature-adjustable-solder-welding-station\/#breadcrumb\"},\"inLanguage\":\"pt-PT\",\"potentialAction\":[{\"@type\":\"ReadAction\",\"target\":[\"https:\/\/www.uf-tools.com\/pt\/t12-k-pd-5-20v-65w-portable-electric-soldering-iron-cnc-metal-body-temperature-adjustable-solder-welding-station\/\"]}]},{\"@type\":\"ImageObject\",\"inLanguage\":\"pt-PT\",\"@id\":\"https:\/\/www.uf-tools.com\/pt\/t12-k-pd-5-20v-65w-portable-electric-soldering-iron-cnc-metal-body-temperature-adjustable-solder-welding-station\/#primaryimage\",\"url\":\"https:\/\/www.uf-tools.com\/wp-content\/uploads\/2024\/05\/1-New-T12-K-Portable-Soldering-Iron-Kit-Manufacturer-OEM-NO-4011071.jpg\",\"contentUrl\":\"https:\/\/www.uf-tools.com\/wp-content\/uploads\/2024\/05\/1-New-T12-K-Portable-Soldering-Iron-Kit-Manufacturer-OEM-NO-4011071.jpg\",\"width\":1000,\"height\":1000},{\"@type\":\"BreadcrumbList\",\"@id\":\"https:\/\/www.uf-tools.com\/pt\/t12-k-pd-5-20v-65w-portable-electric-soldering-iron-cnc-metal-body-temperature-adjustable-solder-welding-station\/#breadcrumb\",\"itemListElement\":[{\"@type\":\"ListItem\",\"position\":1,\"name\":\"Home\",\"item\":\"http:\/\/www.uf-tools.com\/ja\/\"},{\"@type\":\"ListItem\",\"position\":2,\"name\":\"Shop\",\"item\":\"http:\/\/www.uf-tools.com\/ja\/shop\/\"},{\"@type\":\"ListItem\",\"position\":3,\"name\":\"T12-K PD 5-20V 65W Portable Electric Soldering Iron CNC Metal Body Temperature Adjustable Solder Welding Station\"}]},{\"@type\":\"WebSite\",\"@id\":\"http:\/\/www.uf-tools.com\/ja\/#website\",\"url\":\"http:\/\/www.uf-tools.com\/ja\/\",\"name\":\"Manufacturer of precision digital repair tools\",\"description\":\"UF TOOLS\",\"publisher\":{\"@id\":\"http:\/\/www.uf-tools.com\/ja\/#organization\"},\"potentialAction\":[{\"@type\":\"SearchAction\",\"target\":{\"@type\":\"EntryPoint\",\"urlTemplate\":\"http:\/\/www.uf-tools.com\/ja\/?s={search_term_string}\"},\"query-input\":{\"@type\":\"PropertyValueSpecification\",\"valueRequired\":true,\"valueName\":\"search_term_string\"}}],\"inLanguage\":\"pt-PT\"},{\"@type\":\"Organization\",\"@id\":\"http:\/\/www.uf-tools.com\/ja\/#organization\",\"name\":\"UF Tools Wholesale Suppliers\",\"url\":\"http:\/\/www.uf-tools.com\/ja\/\",\"logo\":{\"@type\":\"ImageObject\",\"inLanguage\":\"pt-PT\",\"@id\":\"http:\/\/www.uf-tools.com\/ja\/#\/schema\/logo\/image\/\",\"url\":\"https:\/\/www.uf-tools.com\/wp-content\/uploads\/2023\/07\/logo-blue.svg\",\"contentUrl\":\"https:\/\/www.uf-tools.com\/wp-content\/uploads\/2023\/07\/logo-blue.svg\",\"width\":242,\"height\":56,\"caption\":\"UF Tools Wholesale Suppliers\"},\"image\":{\"@id\":\"http:\/\/www.uf-tools.com\/ja\/#\/schema\/logo\/image\/\"},\"sameAs\":[\"https:\/\/www.facebook.com\/UFTOOLS\/?show_switched_toast=0&show_invite_to_follow=0&show_switched_tooltip=0&show_podcast_settings=0&show_community_review_changes=0&show_community_rollback=0&show_follower_visibility_disclosure=0\",\"https:\/\/x.com\/uftools\",\"https:\/\/www.instagram.com\/youfutools\/\",\"https:\/\/www.pinterest.com\/uftools\/\",\"https:\/\/www.youtube.com\/@uf-tools\"]}]}<\/script>\n<!-- \/ Yoast SEO plugin. -->","yoast_head_json":{"title":"T12-K PD 5-20V 65W Portable Electric Soldering Iron CNC Metal Body Temperature Adjustable Solder Welding Station - UF Tools Wholesale Suppliers","robots":{"index":"index","follow":"follow","max-snippet":"max-snippet:-1","max-image-preview":"max-image-preview:large","max-video-preview":"max-video-preview:-1"},"canonical":"https:\/\/www.uf-tools.com\/pt\/t12-k-pd-5-20v-65w-portable-electric-soldering-iron-cnc-metal-body-temperature-adjustable-solder-welding-station\/","og_locale":"pt_PT","og_type":"article","og_title":"T12-K PD 5-20V 65W Portable Electric Soldering Iron CNC Metal Body Temperature Adjustable Solder Welding Station - UF Tools Wholesale Suppliers","og_description":"1. Support PD2.0 fast charging protocol and easily reach 65W high power  2. PID precise temperature control, rapid temperature rise","og_url":"https:\/\/www.uf-tools.com\/pt\/t12-k-pd-5-20v-65w-portable-electric-soldering-iron-cnc-metal-body-temperature-adjustable-solder-welding-station\/","og_site_name":"UF Tools Wholesale Suppliers","article_publisher":"https:\/\/www.facebook.com\/UFTOOLS\/?show_switched_toast=0&show_invite_to_follow=0&show_switched_tooltip=0&show_podcast_settings=0&show_community_review_changes=0&show_community_rollback=0&show_follower_visibility_disclosure=0","article_modified_time":"2025-02-21T09:19:45+00:00","og_image":[{"width":1000,"height":1000,"url":"https:\/\/www.uf-tools.com\/wp-content\/uploads\/2024\/05\/1-New-T12-K-Portable-Soldering-Iron-Kit-Manufacturer-OEM-NO-4011071.jpg","type":"image\/jpeg"}],"twitter_card":"summary_large_image","twitter_site":"@uftools","twitter_misc":{"Tempo estimado de leitura":"4 minutos"},"schema":{"@context":"https:\/\/schema.org","@graph":[{"@type":"WebPage","@id":"https:\/\/www.uf-tools.com\/pt\/t12-k-pd-5-20v-65w-portable-electric-soldering-iron-cnc-metal-body-temperature-adjustable-solder-welding-station\/","url":"https:\/\/www.uf-tools.com\/pt\/t12-k-pd-5-20v-65w-portable-electric-soldering-iron-cnc-metal-body-temperature-adjustable-solder-welding-station\/","name":"T12-K PD 5-20V 65W Portable Electric Soldering Iron CNC Metal Body Temperature Adjustable Solder Welding Station - UF Tools Wholesale Suppliers","isPartOf":{"@id":"http:\/\/www.uf-tools.com\/ja\/#website"},"primaryImageOfPage":{"@id":"https:\/\/www.uf-tools.com\/pt\/t12-k-pd-5-20v-65w-portable-electric-soldering-iron-cnc-metal-body-temperature-adjustable-solder-welding-station\/#primaryimage"},"image":{"@id":"https:\/\/www.uf-tools.com\/pt\/t12-k-pd-5-20v-65w-portable-electric-soldering-iron-cnc-metal-body-temperature-adjustable-solder-welding-station\/#primaryimage"},"thumbnailUrl":"https:\/\/www.uf-tools.com\/wp-content\/uploads\/2024\/05\/1-New-T12-K-Portable-Soldering-Iron-Kit-Manufacturer-OEM-NO-4011071.jpg","datePublished":"2024-05-23T06:46:02+00:00","dateModified":"2025-02-21T09:19:45+00:00","breadcrumb":{"@id":"https:\/\/www.uf-tools.com\/pt\/t12-k-pd-5-20v-65w-portable-electric-soldering-iron-cnc-metal-body-temperature-adjustable-solder-welding-station\/#breadcrumb"},"inLanguage":"pt-PT","potentialAction":[{"@type":"ReadAction","target":["https:\/\/www.uf-tools.com\/pt\/t12-k-pd-5-20v-65w-portable-electric-soldering-iron-cnc-metal-body-temperature-adjustable-solder-welding-station\/"]}]},{"@type":"ImageObject","inLanguage":"pt-PT","@id":"https:\/\/www.uf-tools.com\/pt\/t12-k-pd-5-20v-65w-portable-electric-soldering-iron-cnc-metal-body-temperature-adjustable-solder-welding-station\/#primaryimage","url":"https:\/\/www.uf-tools.com\/wp-content\/uploads\/2024\/05\/1-New-T12-K-Portable-Soldering-Iron-Kit-Manufacturer-OEM-NO-4011071.jpg","contentUrl":"https:\/\/www.uf-tools.com\/wp-content\/uploads\/2024\/05\/1-New-T12-K-Portable-Soldering-Iron-Kit-Manufacturer-OEM-NO-4011071.jpg","width":1000,"height":1000},{"@type":"BreadcrumbList","@id":"https:\/\/www.uf-tools.com\/pt\/t12-k-pd-5-20v-65w-portable-electric-soldering-iron-cnc-metal-body-temperature-adjustable-solder-welding-station\/#breadcrumb","itemListElement":[{"@type":"ListItem","position":1,"name":"Home","item":"http:\/\/www.uf-tools.com\/ja\/"},{"@type":"ListItem","position":2,"name":"Shop","item":"http:\/\/www.uf-tools.com\/ja\/shop\/"},{"@type":"ListItem","position":3,"name":"T12-K PD 5-20V 65W Portable Electric Soldering Iron CNC Metal Body Temperature Adjustable Solder Welding Station"}]},{"@type":"WebSite","@id":"http:\/\/www.uf-tools.com\/ja\/#website","url":"http:\/\/www.uf-tools.com\/ja\/","name":"Manufacturer of precision digital repair tools","description":"UF TOOLS","publisher":{"@id":"http:\/\/www.uf-tools.com\/ja\/#organization"},"potentialAction":[{"@type":"SearchAction","target":{"@type":"EntryPoint","urlTemplate":"http:\/\/www.uf-tools.com\/ja\/?s={search_term_string}"},"query-input":{"@type":"PropertyValueSpecification","valueRequired":true,"valueName":"search_term_string"}}],"inLanguage":"pt-PT"},{"@type":"Organization","@id":"http:\/\/www.uf-tools.com\/ja\/#organization","name":"UF Tools Wholesale Suppliers","url":"http:\/\/www.uf-tools.com\/ja\/","logo":{"@type":"ImageObject","inLanguage":"pt-PT","@id":"http:\/\/www.uf-tools.com\/ja\/#\/schema\/logo\/image\/","url":"https:\/\/www.uf-tools.com\/wp-content\/uploads\/2023\/07\/logo-blue.svg","contentUrl":"https:\/\/www.uf-tools.com\/wp-content\/uploads\/2023\/07\/logo-blue.svg","width":242,"height":56,"caption":"UF Tools Wholesale Suppliers"},"image":{"@id":"http:\/\/www.uf-tools.com\/ja\/#\/schema\/logo\/image\/"},"sameAs":["https:\/\/www.facebook.com\/UFTOOLS\/?show_switched_toast=0&show_invite_to_follow=0&show_switched_tooltip=0&show_podcast_settings=0&show_community_review_changes=0&show_community_rollback=0&show_follower_visibility_disclosure=0","https:\/\/x.com\/uftools","https:\/\/www.instagram.com\/youfutools\/","https:\/\/www.pinterest.com\/uftools\/","https:\/\/www.youtube.com\/@uf-tools"]}]}},"_links":{"self":[{"href":"https:\/\/www.uf-tools.com\/pt\/wp-json\/wp\/v2\/product\/18271","targetHints":{"allow":["GET"]}}],"collection":[{"href":"https:\/\/www.uf-tools.com\/pt\/wp-json\/wp\/v2\/product"}],"about":[{"href":"https:\/\/www.uf-tools.com\/pt\/wp-json\/wp\/v2\/types\/product"}],"replies":[{"embeddable":true,"href":"https:\/\/www.uf-tools.com\/pt\/wp-json\/wp\/v2\/comments?post=18271"}],"version-history":[{"count":0,"href":"https:\/\/www.uf-tools.com\/pt\/wp-json\/wp\/v2\/product\/18271\/revisions"}],"wp:featuredmedia":[{"embeddable":true,"href":"https:\/\/www.uf-tools.com\/pt\/wp-json\/wp\/v2\/media\/18272"}],"wp:attachment":[{"href":"https:\/\/www.uf-tools.com\/pt\/wp-json\/wp\/v2\/media?parent=18271"}],"wp:term":[{"taxonomy":"product_cat","embeddable":true,"href":"https:\/\/www.uf-tools.com\/pt\/wp-json\/wp\/v2\/product_cat?post=18271"},{"taxonomy":"product_tag","embeddable":true,"href":"https:\/\/www.uf-tools.com\/pt\/wp-json\/wp\/v2\/product_tag?post=18271"}],"curies":[{"name":"wp","href":"https:\/\/api.w.org\/{rel}","templated":true}]}}