{"id":1419,"date":"2022-06-09T03:18:26","date_gmt":"2022-06-09T03:18:26","guid":{"rendered":"http:\/\/source.wpopal.com\/kitchor\/?page_id=1419"},"modified":"2024-09-27T02:23:59","modified_gmt":"2024-09-27T02:23:59","slug":"uf-initiatives","status":"publish","type":"page","link":"https:\/\/www.uf-tools.com\/pt\/iniciativas-da-uf\/","title":{"rendered":"Iniciativas da UF"},"content":{"rendered":"<div data-elementor-type=\"wp-page\" data-elementor-id=\"1419\" class=\"elementor elementor-1419\" data-elementor-post-type=\"page\">\n\t\t\t\t\t\t<div class=\"elementor-section elementor-top-section elementor-element elementor-element-74ea13f elementor-section-stretched elementor-section-boxed elementor-section-height-default elementor-section-height-default\" data-id=\"74ea13f\" data-element_type=\"section\" data-settings=\"{&quot;stretch_section&quot;:&quot;section-stretched&quot;}\">\n\t\t\t\t\t\t<div class=\"elementor-container elementor-column-gap-no\">\n\t\t\t\t\t<div class=\"elementor-column elementor-col-100 elementor-top-column elementor-element elementor-element-e1ab9f3\" data-id=\"e1ab9f3\" data-element_type=\"column\">\n\t\t\t<div class=\"elementor-widget-wrap elementor-element-populated\">\n\t\t\t\t\t\t<div class=\"elementor-element elementor-element-ca50d20 project-style-2 elementor-project-valign-flex-end elementor-project-align-left arrow-style-1 elementor-widget elementor-widget-kitchor-project\" data-id=\"ca50d20\" data-element_type=\"widget\" data-widget_type=\"kitchor-project.default\">\n\t\t\t\t<div class=\"elementor-widget-container\">\n\t\t\t        <ul class=\"elementor-project__filters\" data-related=\"isotope-ca50d20\">\n            <li class=\"elementor-project__filter elementor-active all\"\n                data-filter=\".__all\">All<span class=\"count\"><\/span><\/li>\n                                        <li class=\"elementor-project__filter\"\n                    data-filter=\".for-our-clients\">PARA OS NOSSOS CLIENTES                    <span class=\"count\">(1)<\/span><\/li>\n                            <li class=\"elementor-project__filter\"\n                    data-filter=\".for-our-colleagues\">PARA OS NOSSOS COLEGAS                    <span class=\"count\">(5)<\/span><\/li>\n                            <li class=\"elementor-project__filter\"\n                    data-filter=\".for-our-community\">PARA A NOSSA COMUNIDADE                    <span class=\"count\">(1)<\/span><\/li>\n                        <li class=\"total\">(7)<\/li>\n        <\/ul>\n                <div class=\"elementor-post-wrapper\">\n            <div class=\"isotope-grid row row\" data-elementor-columns-widescreen=\"3\" data-elementor-columns=\"3\" data-elementor-columns-laptop=\"3\" data-elementor-columns-tablet-extra=\"3\" data-elementor-columns-tablet=\"2\" data-elementor-columns-mobile-extra=\"2\" data-elementor-columns-mobile=\"1\">\n                <div class=\"column-item project-entries __all for-our-colleagues\"><article class=\"project post-18442 kitchor_project type-kitchor_project status-publish has-post-thumbnail hentry kitchor_project_cat-for-our-colleagues\">\n    <div class=\"project-inner\">\n        <div class=\"project-post-thumbnail\">\n                            <img loading=\"lazy\" decoding=\"async\" width=\"850\" height=\"520\" src=\"https:\/\/www.uf-tools.com\/wp-content\/uploads\/2024\/08\/WX20240801-095424@2x-850x520-1-1.jpeg\" class=\"attachment-kitchor-project-grid size-kitchor-project-grid wp-post-image\" alt=\"\" srcset=\"https:\/\/www.uf-tools.com\/wp-content\/uploads\/2024\/08\/WX20240801-095424@2x-850x520-1-1.jpeg 850w, https:\/\/www.uf-tools.com\/wp-content\/uploads\/2024\/08\/WX20240801-095424@2x-850x520-1-1-768x470.jpeg 768w, https:\/\/www.uf-tools.com\/wp-content\/uploads\/2024\/08\/WX20240801-095424@2x-850x520-1-1-18x12.jpeg 18w, https:\/\/www.uf-tools.com\/wp-content\/uploads\/2024\/08\/WX20240801-095424@2x-850x520-1-1-800x489.jpeg 800w\" sizes=\"auto, (max-width: 850px) 100vw, 850px\" \/>                    <\/div><!-- .post-thumbnail -->\n        <div class=\"project-content\">\n            <h2 class=\"entry-title\"><a href=\"https:\/\/www.uf-tools.com\/pt\/projeto\/seja-essa-luz-quente-deixe-me-sorrir\/\">S\u00ea essa luz quente, deixa-me sorrir hoje por tua causa<\/a><\/h2>\n            <div class=\"project-content-category\">\n                <a href=\"https:\/\/www.uf-tools.com\/pt\/project-cat\/for-our-colleagues\/\">PARA OS NOSSOS COLEGAS<\/a>            <\/div>\n        <\/div>\n    <\/div>\n<\/article><!-- #post-## -->\n<\/div><div class=\"column-item project-entries __all for-our-colleagues\"><article class=\"project post-18438 kitchor_project type-kitchor_project status-publish has-post-thumbnail hentry kitchor_project_cat-for-our-colleagues\">\n    <div class=\"project-inner\">\n        <div class=\"project-post-thumbnail\">\n                            <img loading=\"lazy\" decoding=\"async\" width=\"850\" height=\"520\" src=\"https:\/\/www.uf-tools.com\/wp-content\/uploads\/2024\/07\/1-850x520.jpeg\" class=\"attachment-kitchor-project-grid size-kitchor-project-grid wp-post-image\" alt=\"\" srcset=\"https:\/\/www.uf-tools.com\/wp-content\/uploads\/2024\/07\/1-850x520.jpeg 850w, https:\/\/www.uf-tools.com\/wp-content\/uploads\/2024\/07\/1-18x10.jpeg 18w\" sizes=\"auto, (max-width: 850px) 100vw, 850px\" \/>                    <\/div><!-- .post-thumbnail -->\n        <div class=\"project-content\">\n            <h2 class=\"entry-title\"><a href=\"https:\/\/www.uf-tools.com\/pt\/projeto\/uf-tools-viagem-de-team-building-a-zhuhai-unidade-simpatia-e-vitalidade\/\">Viagem de forma\u00e7\u00e3o de equipas do UF-Tools a Zhuhai: Unidade, simpatia e vitalidade<\/a><\/h2>\n            <div class=\"project-content-category\">\n                <a href=\"https:\/\/www.uf-tools.com\/pt\/project-cat\/for-our-colleagues\/\">PARA OS NOSSOS COLEGAS<\/a>            <\/div>\n        <\/div>\n    <\/div>\n<\/article><!-- #post-## -->\n<\/div><div class=\"column-item project-entries __all for-our-colleagues\"><article class=\"project post-18290 kitchor_project type-kitchor_project status-publish has-post-thumbnail hentry kitchor_project_cat-for-our-colleagues\">\n    <div class=\"project-inner\">\n        <div class=\"project-post-thumbnail\">\n                            <img loading=\"lazy\" decoding=\"async\" width=\"850\" height=\"520\" src=\"https:\/\/www.uf-tools.com\/wp-content\/uploads\/2024\/06\/IMG_8245\u5927-850x520.jpeg\" class=\"attachment-kitchor-project-grid size-kitchor-project-grid wp-post-image\" alt=\"\" \/>                    <\/div><!-- .post-thumbnail -->\n        <div class=\"project-content\">\n            <h2 class=\"entry-title\"><a href=\"https:\/\/www.uf-tools.com\/pt\/projeto\/as-celebracoes-trimestrais-do-aniversario-da-uf-tools-sao-um-abraco-caloroso-a-cultura-da-empresa\/\">Celebra\u00e7\u00f5es trimestrais de anivers\u00e1rio da UF Tools: Um abra\u00e7o caloroso da cultura da empresa<\/a><\/h2>\n            <div class=\"project-content-category\">\n                <a href=\"https:\/\/www.uf-tools.com\/pt\/project-cat\/for-our-colleagues\/\">PARA OS NOSSOS COLEGAS<\/a>            <\/div>\n        <\/div>\n    <\/div>\n<\/article><!-- #post-## -->\n<\/div><div class=\"column-item project-entries __all for-our-colleagues\"><article class=\"project post-17895 kitchor_project type-kitchor_project status-publish has-post-thumbnail hentry kitchor_project_cat-for-our-colleagues\">\n    <div class=\"project-inner\">\n        <div class=\"project-post-thumbnail\">\n                            <img loading=\"lazy\" decoding=\"async\" width=\"850\" height=\"520\" src=\"https:\/\/www.uf-tools.com\/wp-content\/uploads\/2023\/10\/\u5fae\u4fe1\u622a\u56fe_20231024143453-850x520.jpg\" class=\"attachment-kitchor-project-grid size-kitchor-project-grid wp-post-image\" alt=\"\" srcset=\"https:\/\/www.uf-tools.com\/wp-content\/uploads\/2023\/10\/\u5fae\u4fe1\u622a\u56fe_20231024143453-850x520.jpg 850w, https:\/\/www.uf-tools.com\/wp-content\/uploads\/2023\/10\/\u5fae\u4fe1\u622a\u56fe_20231024143453-18x12.jpg 18w\" sizes=\"auto, (max-width: 850px) 100vw, 850px\" \/>                    <\/div><!-- .post-thumbnail -->\n        <div class=\"project-content\">\n            <h2 class=\"entry-title\"><a href=\"https:\/\/www.uf-tools.com\/pt\/projeto\/uma-alegre-celebracao-do-festival-de-meados-do-outono-no-uftools-2\/\">Hoje estamos a celebrar o anivers\u00e1rio do FRANK!<\/a><\/h2>\n            <div class=\"project-content-category\">\n                <a href=\"https:\/\/www.uf-tools.com\/pt\/project-cat\/for-our-colleagues\/\">PARA OS NOSSOS COLEGAS<\/a>            <\/div>\n        <\/div>\n    <\/div>\n<\/article><!-- #post-## -->\n<\/div><div class=\"column-item project-entries __all for-our-clients\"><article class=\"project post-1935 kitchor_project type-kitchor_project status-publish has-post-thumbnail hentry kitchor_project_cat-for-our-clients\">\n    <div class=\"project-inner\">\n        <div class=\"project-post-thumbnail\">\n                            <img loading=\"lazy\" decoding=\"async\" width=\"850\" height=\"520\" src=\"https:\/\/www.uf-tools.com\/wp-content\/uploads\/2023\/10\/UFTOOLS-Strengthening-Ties-with-Our-UK-Clients-Visit-5-850x520.jpg\" class=\"attachment-kitchor-project-grid size-kitchor-project-grid wp-post-image\" alt=\"\" srcset=\"https:\/\/www.uf-tools.com\/wp-content\/uploads\/2023\/10\/UFTOOLS-Strengthening-Ties-with-Our-UK-Clients-Visit-5-850x520.jpg 850w, https:\/\/www.uf-tools.com\/wp-content\/uploads\/2023\/10\/UFTOOLS-Strengthening-Ties-with-Our-UK-Clients-Visit-5-18x12.jpg 18w\" sizes=\"auto, (max-width: 850px) 100vw, 850px\" \/>                    <\/div><!-- .post-thumbnail -->\n        <div class=\"project-content\">\n            <h2 class=\"entry-title\"><a href=\"https:\/\/www.uf-tools.com\/pt\/projeto\/uftools-reforca-os-lacos-com-os-nossos-clientes-do-reino-unido-visita\/\">UFTOOLS: Refor\u00e7ar os la\u00e7os com a visita do nosso cliente do Reino Unido<\/a><\/h2>\n            <div class=\"project-content-category\">\n                <a href=\"https:\/\/www.uf-tools.com\/pt\/project-cat\/for-our-clients\/\">PARA OS NOSSOS CLIENTES<\/a>            <\/div>\n        <\/div>\n    <\/div>\n<\/article><!-- #post-## -->\n<\/div><div class=\"column-item project-entries __all for-our-community\"><article class=\"project post-1920 kitchor_project type-kitchor_project status-publish has-post-thumbnail hentry kitchor_project_cat-for-our-community\">\n    <div class=\"project-inner\">\n        <div class=\"project-post-thumbnail\">\n                            <img loading=\"lazy\" decoding=\"async\" width=\"850\" height=\"520\" src=\"https:\/\/www.uf-tools.com\/wp-content\/uploads\/2022\/06\/UFTOOLS-Bridging-Generations-A-Visit-to-a-Shenzhen-Elderly-Care-Home-5-850x520.jpg\" class=\"attachment-kitchor-project-grid size-kitchor-project-grid wp-post-image\" alt=\"\" srcset=\"https:\/\/www.uf-tools.com\/wp-content\/uploads\/2022\/06\/UFTOOLS-Bridging-Generations-A-Visit-to-a-Shenzhen-Elderly-Care-Home-5-850x520.jpg 850w, https:\/\/www.uf-tools.com\/wp-content\/uploads\/2022\/06\/UFTOOLS-Bridging-Generations-A-Visit-to-a-Shenzhen-Elderly-Care-Home-5-18x10.jpg 18w\" sizes=\"auto, (max-width: 850px) 100vw, 850px\" \/>                    <\/div><!-- .post-thumbnail -->\n        <div class=\"project-content\">\n            <h2 class=\"entry-title\"><a href=\"https:\/\/www.uf-tools.com\/pt\/projeto\/uftools-uma-visita-a-um-lar-de-idosos-em-shenzhen\/\">UFTOOLS - Unindo Gera\u00e7\u00f5es: Uma visita a um lar de idosos em Shenzhen<\/a><\/h2>\n            <div class=\"project-content-category\">\n                <a href=\"https:\/\/www.uf-tools.com\/pt\/project-cat\/for-our-community\/\">PARA A NOSSA COMUNIDADE<\/a>            <\/div>\n        <\/div>\n    <\/div>\n<\/article><!-- #post-## -->\n<\/div><div class=\"column-item project-entries __all for-our-colleagues\"><article class=\"project post-1614 kitchor_project type-kitchor_project status-publish has-post-thumbnail hentry kitchor_project_cat-for-our-colleagues\">\n    <div class=\"project-inner\">\n        <div class=\"project-post-thumbnail\">\n                            <img loading=\"lazy\" decoding=\"async\" width=\"850\" height=\"520\" src=\"https:\/\/www.uf-tools.com\/wp-content\/uploads\/2022\/06\/202309271-850x520.jpg\" class=\"attachment-kitchor-project-grid size-kitchor-project-grid wp-post-image\" alt=\"\" srcset=\"https:\/\/www.uf-tools.com\/wp-content\/uploads\/2022\/06\/202309271-850x520.jpg 850w, https:\/\/www.uf-tools.com\/wp-content\/uploads\/2022\/06\/202309271-18x12.jpg 18w\" sizes=\"auto, (max-width: 850px) 100vw, 850px\" \/>                    <\/div><!-- .post-thumbnail -->\n        <div class=\"project-content\">\n            <h2 class=\"entry-title\"><a href=\"https:\/\/www.uf-tools.com\/pt\/projeto\/uma-alegre-celebracao-do-festival-de-meados-do-outono-no-uftools\/\">Uma alegre celebra\u00e7\u00e3o do Festival do Meio outono na UFTOOLS<\/a><\/h2>\n            <div class=\"project-content-category\">\n                <a href=\"https:\/\/www.uf-tools.com\/pt\/project-cat\/for-our-colleagues\/\">PARA OS NOSSOS COLEGAS<\/a>            <\/div>\n        <\/div>\n    <\/div>\n<\/article><!-- #post-## -->\n<\/div>            <\/div>\n        <\/div>\n        \t\t<\/div>\n\t\t\t\t<\/div>\n\t\t\t\t<div class=\"elementor-element elementor-element-1a345d6 elementor-align-center elementor-widget elementor-widget-button\" data-id=\"1a345d6\" data-element_type=\"widget\" data-widget_type=\"button.default\">\n\t\t\t\t<div class=\"elementor-widget-container\">\n\t\t\t\t\t<div class=\"elementor-button-wrapper\">\n\t\t\t<a class=\"elementor-button elementor-button-link elementor-size-sm\" href=\"\/pt\/service\/\">\n\t\t\t\t\t\t<span class=\"elementor-button-content-wrapper\">\n\t\t\t\t\t\t<span class=\"elementor-button-icon elementor-align-icon-right\">\n\t\t\t\t<i aria-hidden=\"true\" class=\"kitchor-icon- kitchor-icon-long-arrow-right\"><\/i>\t\t\t<\/span>\n\t\t\t\t\t\t<span class=\"elementor-button-text\">Mostrar mais<\/span>\n\t\t<\/span>\n\t\t\t\t\t<\/a>\n\t\t<\/div>\n\t\t\t\t<\/div>\n\t\t\t\t<\/div>\n\t\t\t\t\t<\/div>\n\t\t<\/div>\n\t\t\t\t\t<\/div>\n\t\t<\/div>\n\t\t\t\t<\/div>","protected":false},"excerpt":{"rendered":"<p>All FOR OUR CLIENTS (1) FOR OUR COLLEAGUES (5) FOR OUR COMMUNITY (1) (7) Be that warm light, let me smile because of you today FOR OUR COLLEAGUES UF-Tools Team Building Trip to Zhuhai: Unity, Friendliness, and Vitality FOR OUR COLLEAGUES UF Tools Quarterly Birthday Celebrations: A Warm Embrace of Company Culture FOR OUR COLLEAGUES [&hellip;]<\/p>","protected":false},"author":1,"featured_media":0,"parent":0,"menu_order":0,"comment_status":"closed","ping_status":"closed","template":"","meta":{"footnotes":""},"class_list":["post-1419","page","type-page","status-publish","hentry"],"yoast_head":"<!-- This site is optimized with the Yoast SEO plugin v26.9 - https:\/\/yoast.com\/product\/yoast-seo-wordpress\/ -->\n<title>UF Initiatives - UF Tools Wholesale Suppliers<\/title>\n<meta name=\"robots\" content=\"index, follow, max-snippet:-1, max-image-preview:large, max-video-preview:-1\" \/>\n<link rel=\"canonical\" href=\"http:\/\/www.uf-tools.com\/pt\/iniciativas-da-uf\/\" \/>\n<meta property=\"og:locale\" content=\"pt_PT\" \/>\n<meta property=\"og:type\" content=\"article\" \/>\n<meta property=\"og:title\" content=\"UF Initiatives - UF Tools Wholesale Suppliers\" \/>\n<meta property=\"og:description\" content=\"All FOR OUR CLIENTS (1) FOR OUR COLLEAGUES (5) FOR OUR COMMUNITY (1) (7) Be that warm light, let me smile because of you today FOR OUR COLLEAGUES UF-Tools Team Building Trip to Zhuhai: Unity, Friendliness, and Vitality FOR OUR COLLEAGUES UF Tools Quarterly Birthday Celebrations: A Warm Embrace of Company Culture FOR OUR COLLEAGUES [&hellip;]\" \/>\n<meta property=\"og:url\" content=\"http:\/\/www.uf-tools.com\/pt\/iniciativas-da-uf\/\" \/>\n<meta property=\"og:site_name\" content=\"UF Tools Wholesale Suppliers\" \/>\n<meta property=\"article:publisher\" content=\"https:\/\/www.facebook.com\/UFTOOLS\/?show_switched_toast=0&amp;show_invite_to_follow=0&amp;show_switched_tooltip=0&amp;show_podcast_settings=0&amp;show_community_review_changes=0&amp;show_community_rollback=0&amp;show_follower_visibility_disclosure=0\" \/>\n<meta property=\"article:modified_time\" content=\"2024-09-27T02:23:59+00:00\" \/>\n<meta property=\"og:image\" content=\"https:\/\/www.uf-tools.com\/wp-content\/uploads\/2024\/08\/WX20240801-095424@2x-850x520.png\" \/>\n<meta name=\"twitter:card\" content=\"summary_large_image\" \/>\n<meta name=\"twitter:site\" content=\"@uftools\" \/>\n<meta name=\"twitter:label1\" content=\"Tempo estimado de leitura\" \/>\n\t<meta name=\"twitter:data1\" content=\"2 minutos\" \/>\n<script type=\"application\/ld+json\" class=\"yoast-schema-graph\">{\"@context\":\"https:\/\/schema.org\",\"@graph\":[{\"@type\":\"WebPage\",\"@id\":\"http:\/\/www.uf-tools.com\/uf-initiatives\/\",\"url\":\"http:\/\/www.uf-tools.com\/uf-initiatives\/\",\"name\":\"UF Initiatives - UF Tools Wholesale Suppliers\",\"isPartOf\":{\"@id\":\"http:\/\/www.uf-tools.com\/ja\/#website\"},\"primaryImageOfPage\":{\"@id\":\"http:\/\/www.uf-tools.com\/uf-initiatives\/#primaryimage\"},\"image\":{\"@id\":\"http:\/\/www.uf-tools.com\/uf-initiatives\/#primaryimage\"},\"thumbnailUrl\":\"https:\/\/www.uf-tools.com\/wp-content\/uploads\/2024\/08\/WX20240801-095424@2x-850x520.png\",\"datePublished\":\"2022-06-09T03:18:26+00:00\",\"dateModified\":\"2024-09-27T02:23:59+00:00\",\"breadcrumb\":{\"@id\":\"http:\/\/www.uf-tools.com\/uf-initiatives\/#breadcrumb\"},\"inLanguage\":\"pt-PT\",\"potentialAction\":[{\"@type\":\"ReadAction\",\"target\":[\"http:\/\/www.uf-tools.com\/uf-initiatives\/\"]}]},{\"@type\":\"ImageObject\",\"inLanguage\":\"pt-PT\",\"@id\":\"http:\/\/www.uf-tools.com\/uf-initiatives\/#primaryimage\",\"url\":\"https:\/\/www.uf-tools.com\/wp-content\/uploads\/2024\/08\/WX20240801-095424@2x-850x520.png\",\"contentUrl\":\"https:\/\/www.uf-tools.com\/wp-content\/uploads\/2024\/08\/WX20240801-095424@2x-850x520.png\"},{\"@type\":\"BreadcrumbList\",\"@id\":\"http:\/\/www.uf-tools.com\/uf-initiatives\/#breadcrumb\",\"itemListElement\":[{\"@type\":\"ListItem\",\"position\":1,\"name\":\"Home\",\"item\":\"http:\/\/www.uf-tools.com\/ja\/\"},{\"@type\":\"ListItem\",\"position\":2,\"name\":\"UF Initiatives\"}]},{\"@type\":\"WebSite\",\"@id\":\"http:\/\/www.uf-tools.com\/ja\/#website\",\"url\":\"http:\/\/www.uf-tools.com\/ja\/\",\"name\":\"Manufacturer of precision digital repair tools\",\"description\":\"UF TOOLS\",\"publisher\":{\"@id\":\"http:\/\/www.uf-tools.com\/ja\/#organization\"},\"potentialAction\":[{\"@type\":\"SearchAction\",\"target\":{\"@type\":\"EntryPoint\",\"urlTemplate\":\"http:\/\/www.uf-tools.com\/ja\/?s={search_term_string}\"},\"query-input\":{\"@type\":\"PropertyValueSpecification\",\"valueRequired\":true,\"valueName\":\"search_term_string\"}}],\"inLanguage\":\"pt-PT\"},{\"@type\":\"Organization\",\"@id\":\"http:\/\/www.uf-tools.com\/ja\/#organization\",\"name\":\"UF Tools Wholesale Suppliers\",\"url\":\"http:\/\/www.uf-tools.com\/ja\/\",\"logo\":{\"@type\":\"ImageObject\",\"inLanguage\":\"pt-PT\",\"@id\":\"http:\/\/www.uf-tools.com\/ja\/#\/schema\/logo\/image\/\",\"url\":\"https:\/\/www.uf-tools.com\/wp-content\/uploads\/2023\/07\/logo-blue.svg\",\"contentUrl\":\"https:\/\/www.uf-tools.com\/wp-content\/uploads\/2023\/07\/logo-blue.svg\",\"width\":242,\"height\":56,\"caption\":\"UF Tools Wholesale Suppliers\"},\"image\":{\"@id\":\"http:\/\/www.uf-tools.com\/ja\/#\/schema\/logo\/image\/\"},\"sameAs\":[\"https:\/\/www.facebook.com\/UFTOOLS\/?show_switched_toast=0&show_invite_to_follow=0&show_switched_tooltip=0&show_podcast_settings=0&show_community_review_changes=0&show_community_rollback=0&show_follower_visibility_disclosure=0\",\"https:\/\/x.com\/uftools\",\"https:\/\/www.instagram.com\/youfutools\/\",\"https:\/\/www.pinterest.com\/uftools\/\",\"https:\/\/www.youtube.com\/@uf-tools\"]}]}<\/script>\n<!-- \/ Yoast SEO plugin. -->","yoast_head_json":{"title":"UF Initiatives - UF Tools Wholesale Suppliers","robots":{"index":"index","follow":"follow","max-snippet":"max-snippet:-1","max-image-preview":"max-image-preview:large","max-video-preview":"max-video-preview:-1"},"canonical":"http:\/\/www.uf-tools.com\/pt\/iniciativas-da-uf\/","og_locale":"pt_PT","og_type":"article","og_title":"UF Initiatives - UF Tools Wholesale Suppliers","og_description":"All FOR OUR CLIENTS (1) FOR OUR COLLEAGUES (5) FOR OUR COMMUNITY (1) (7) Be that warm light, let me smile because of you today FOR OUR COLLEAGUES UF-Tools Team Building Trip to Zhuhai: Unity, Friendliness, and Vitality FOR OUR COLLEAGUES UF Tools Quarterly Birthday Celebrations: A Warm Embrace of Company Culture FOR OUR COLLEAGUES [&hellip;]","og_url":"http:\/\/www.uf-tools.com\/pt\/iniciativas-da-uf\/","og_site_name":"UF Tools Wholesale Suppliers","article_publisher":"https:\/\/www.facebook.com\/UFTOOLS\/?show_switched_toast=0&show_invite_to_follow=0&show_switched_tooltip=0&show_podcast_settings=0&show_community_review_changes=0&show_community_rollback=0&show_follower_visibility_disclosure=0","article_modified_time":"2024-09-27T02:23:59+00:00","og_image":[{"url":"https:\/\/www.uf-tools.com\/wp-content\/uploads\/2024\/08\/WX20240801-095424@2x-850x520.png","type":"","width":"","height":""}],"twitter_card":"summary_large_image","twitter_site":"@uftools","twitter_misc":{"Tempo estimado de leitura":"2 minutos"},"schema":{"@context":"https:\/\/schema.org","@graph":[{"@type":"WebPage","@id":"http:\/\/www.uf-tools.com\/uf-initiatives\/","url":"http:\/\/www.uf-tools.com\/uf-initiatives\/","name":"UF Initiatives - UF Tools Wholesale Suppliers","isPartOf":{"@id":"http:\/\/www.uf-tools.com\/ja\/#website"},"primaryImageOfPage":{"@id":"http:\/\/www.uf-tools.com\/uf-initiatives\/#primaryimage"},"image":{"@id":"http:\/\/www.uf-tools.com\/uf-initiatives\/#primaryimage"},"thumbnailUrl":"https:\/\/www.uf-tools.com\/wp-content\/uploads\/2024\/08\/WX20240801-095424@2x-850x520.png","datePublished":"2022-06-09T03:18:26+00:00","dateModified":"2024-09-27T02:23:59+00:00","breadcrumb":{"@id":"http:\/\/www.uf-tools.com\/uf-initiatives\/#breadcrumb"},"inLanguage":"pt-PT","potentialAction":[{"@type":"ReadAction","target":["http:\/\/www.uf-tools.com\/uf-initiatives\/"]}]},{"@type":"ImageObject","inLanguage":"pt-PT","@id":"http:\/\/www.uf-tools.com\/uf-initiatives\/#primaryimage","url":"https:\/\/www.uf-tools.com\/wp-content\/uploads\/2024\/08\/WX20240801-095424@2x-850x520.png","contentUrl":"https:\/\/www.uf-tools.com\/wp-content\/uploads\/2024\/08\/WX20240801-095424@2x-850x520.png"},{"@type":"BreadcrumbList","@id":"http:\/\/www.uf-tools.com\/uf-initiatives\/#breadcrumb","itemListElement":[{"@type":"ListItem","position":1,"name":"Home","item":"http:\/\/www.uf-tools.com\/ja\/"},{"@type":"ListItem","position":2,"name":"UF Initiatives"}]},{"@type":"WebSite","@id":"http:\/\/www.uf-tools.com\/ja\/#website","url":"http:\/\/www.uf-tools.com\/ja\/","name":"Manufacturer of precision digital repair tools","description":"UF TOOLS","publisher":{"@id":"http:\/\/www.uf-tools.com\/ja\/#organization"},"potentialAction":[{"@type":"SearchAction","target":{"@type":"EntryPoint","urlTemplate":"http:\/\/www.uf-tools.com\/ja\/?s={search_term_string}"},"query-input":{"@type":"PropertyValueSpecification","valueRequired":true,"valueName":"search_term_string"}}],"inLanguage":"pt-PT"},{"@type":"Organization","@id":"http:\/\/www.uf-tools.com\/ja\/#organization","name":"UF Tools Wholesale Suppliers","url":"http:\/\/www.uf-tools.com\/ja\/","logo":{"@type":"ImageObject","inLanguage":"pt-PT","@id":"http:\/\/www.uf-tools.com\/ja\/#\/schema\/logo\/image\/","url":"https:\/\/www.uf-tools.com\/wp-content\/uploads\/2023\/07\/logo-blue.svg","contentUrl":"https:\/\/www.uf-tools.com\/wp-content\/uploads\/2023\/07\/logo-blue.svg","width":242,"height":56,"caption":"UF Tools Wholesale Suppliers"},"image":{"@id":"http:\/\/www.uf-tools.com\/ja\/#\/schema\/logo\/image\/"},"sameAs":["https:\/\/www.facebook.com\/UFTOOLS\/?show_switched_toast=0&show_invite_to_follow=0&show_switched_tooltip=0&show_podcast_settings=0&show_community_review_changes=0&show_community_rollback=0&show_follower_visibility_disclosure=0","https:\/\/x.com\/uftools","https:\/\/www.instagram.com\/youfutools\/","https:\/\/www.pinterest.com\/uftools\/","https:\/\/www.youtube.com\/@uf-tools"]}]}},"_links":{"self":[{"href":"https:\/\/www.uf-tools.com\/pt\/wp-json\/wp\/v2\/pages\/1419","targetHints":{"allow":["GET"]}}],"collection":[{"href":"https:\/\/www.uf-tools.com\/pt\/wp-json\/wp\/v2\/pages"}],"about":[{"href":"https:\/\/www.uf-tools.com\/pt\/wp-json\/wp\/v2\/types\/page"}],"author":[{"embeddable":true,"href":"https:\/\/www.uf-tools.com\/pt\/wp-json\/wp\/v2\/users\/1"}],"replies":[{"embeddable":true,"href":"https:\/\/www.uf-tools.com\/pt\/wp-json\/wp\/v2\/comments?post=1419"}],"version-history":[{"count":0,"href":"https:\/\/www.uf-tools.com\/pt\/wp-json\/wp\/v2\/pages\/1419\/revisions"}],"wp:attachment":[{"href":"https:\/\/www.uf-tools.com\/pt\/wp-json\/wp\/v2\/media?parent=1419"}],"curies":[{"name":"wp","href":"https:\/\/api.w.org\/{rel}","templated":true}]}}