{"id":364,"date":"2022-06-06T02:35:56","date_gmt":"2022-06-06T02:35:56","guid":{"rendered":"http:\/\/source.wpopal.com\/kitchor\/product\/awesome-iron-plate\/"},"modified":"2025-02-21T09:31:02","modified_gmt":"2025-02-21T09:31:02","slug":"electric-cordless-screwdriver-set-35pc-drill-bits","status":"publish","type":"product","link":"https:\/\/www.uf-tools.com\/fr\/jeu-de-tournevis-electriques-sans-fil-35pc-forets\/","title":{"rendered":"Tournevis \u00e9lectrique rechargeable, tournevis 1\/4 de tour -UF882047"},"content":{"rendered":"<h2>Tournevis \u00e9lectrique rechargeable, tournevis 1\/4 de couple 35pc embouts S2 acier<\/h2>\n<ul>\n<li>Mat\u00e9riaux ultra-durs - L'ensemble de tournevis \u00e9lectriques comprend 30 embouts de tournevis standard de 1\/4 de pouce en acier S2 tr\u00e8s dur, durable et tr\u00e8s performant.<\/li>\n<li>Tournevis sans fil - Tournevis \u00e9lectrique rechargeable 3,7V 2500mAh 5Nm \u00e0 couple \u00e9lev\u00e9 avec c\u00e2ble USB \u00e0 Type C, charge rapide et longue dur\u00e9e de vie de la batterie. L'\u00e9clairage LED int\u00e9gr\u00e9 facilite la visibilit\u00e9 dans les endroits peu \u00e9clair\u00e9s et le t\u00e9moin lumineux de la batterie permet de contr\u00f4ler en temps r\u00e9el la capacit\u00e9 de la batterie.<\/li>\n<li>Tournevis \u00e9lectrique ergonomique - Le kit d'outils \u00e9lectriques domestiques professionnels contient les outils les plus pratiques et les plus avanc\u00e9s pour la conception, la r\u00e9paration ou l'entretien. Il est facile \u00e0 utiliser d'une seule main, ce qui permet d'\u00e9conomiser du temps et des efforts. Il est livr\u00e9 avec un sac \u00e0 outils pour faciliter le rangement et la portabilit\u00e9.<\/li>\n<li>Large gamme d'outils - Le jeu de tournevis \u00e9lectriques est parfait pour la d\u00e9coration, l'assemblage de meubles, l'automobile, le jardinage, le bureau ou l'entretien quotidien de la maison. Il s'agit non seulement d'un outil indispensable, mais aussi d'un cadeau fabuleux de grande valeur.<\/li>\n<\/ul>\n<h3 class=\"a-size-extra-large a-spacing-base a-text-center\">Jeu d'embouts de vissage universels 1\/4'' et tournevis Caract\u00e9ristiques techniques<\/h3>\n<div class=\"a-row\">\n<div class=\"a-column a-span6\">\n<table class=\"a-bordered a-horizontal-stripes aplus-tech-spec-table\">\n<tbody>\n<tr>\n<td class=\"a-text-bold\">Tension nominale<\/td>\n<td>5V\/1A<\/td>\n<\/tr>\n<tr>\n<td class=\"a-text-bold\">Tension d'entr\u00e9e<\/td>\n<td>3,7V~4,0V<\/td>\n<\/tr>\n<tr>\n<td class=\"a-text-bold\">Capacit\u00e9 de la batterie<\/td>\n<td>2500mAh<\/td>\n<\/tr>\n<tr>\n<td class=\"a-text-bold\">Couple maximum<\/td>\n<td>5N.m<\/td>\n<\/tr>\n<tr>\n<td class=\"a-text-bold\">Vitesse de rotation<\/td>\n<td>200r\/min<\/td>\n<\/tr>\n<\/tbody>\n<\/table>\n<\/div>\n<div class=\"a-column a-span6 a-span-last\">\n<table class=\"a-bordered a-horizontal-stripes aplus-tech-spec-table\">\n<tbody>\n<tr>\n<td class=\"a-text-bold\">Bits hexagonaux<\/td>\n<td>H1.5, H2, H2.5, H3, H4, H5, H6, H6.35, H8<\/td>\n<\/tr>\n<tr>\n<td class=\"a-text-bold\">Tox Bits<\/td>\n<td>T5, T6, T8H, T10H, T15H, T20H, T25H, T27H, T30H, T40H<\/td>\n<\/tr>\n<tr>\n<td class=\"a-text-bold\">Phillip Bits<\/td>\n<td>PH1, PH2*2, PH3, PZ1, PZ2, PZ3<\/td>\n<\/tr>\n<tr>\n<td class=\"a-text-bold\">Embouts fendus<\/td>\n<td>SL3, SL4, SL5, SL6<\/td>\n<\/tr>\n<\/tbody>\n<\/table>\n<\/div>\n<\/div>\n<p><!--more--><\/p>\n<div class=\"celwidget aplus-module premium-module-2-fullbackground-image aplus-premium\" data-csa-c-id=\"1ltv3v-4530l5-288e7t-ykdk38\" data-cel-widget=\"aplus-premium-module-2-fullbackground-image\">\n<div class=\"a-section a-spacing-none premium-aplus premium-aplus-module-2\"><\/div>\n<\/div>\n<div class=\"celwidget aplus-module premium-module-2-fullbackground-image aplus-premium\" data-csa-c-id=\"c48vpl-lio84-jcbe7-w80b9t\" data-cel-widget=\"aplus-premium-module-2-fullbackground-image\">\n<div class=\"a-section a-spacing-none premium-aplus premium-aplus-module-2\">\n<div class=\"a-section a-spacing-none premium-background-wrapper\">\n<div class=\"a-section a-spacing-none background-image\"><img loading=\"lazy\" decoding=\"async\" class=\"size-full wp-image-16729 aligncenter\" src=\"https:\/\/www.uf-tools.com\/wp-content\/uploads\/2022\/06\/Electric-Screwdriver-Rechargeable-1.jpg\" alt=\"Tournevis \u00e9lectrique rechargeable\" width=\"800\" height=\"1441\" srcset=\"https:\/\/www.uf-tools.com\/wp-content\/uploads\/2022\/06\/Electric-Screwdriver-Rechargeable-1.jpg 800w, https:\/\/www.uf-tools.com\/wp-content\/uploads\/2022\/06\/Electric-Screwdriver-Rechargeable-1-768x1383.jpg 768w, https:\/\/www.uf-tools.com\/wp-content\/uploads\/2022\/06\/Electric-Screwdriver-Rechargeable-1-7x12.jpg 7w\" sizes=\"auto, (max-width: 800px) 100vw, 800px\" \/> <img loading=\"lazy\" decoding=\"async\" class=\"size-full wp-image-16730 aligncenter\" src=\"https:\/\/www.uf-tools.com\/wp-content\/uploads\/2022\/06\/Electric-Screwdriver-Rechargeable-2.jpg\" alt=\"Tournevis \u00e9lectrique rechargeable\" width=\"800\" height=\"1262\" srcset=\"https:\/\/www.uf-tools.com\/wp-content\/uploads\/2022\/06\/Electric-Screwdriver-Rechargeable-2.jpg 800w, https:\/\/www.uf-tools.com\/wp-content\/uploads\/2022\/06\/Electric-Screwdriver-Rechargeable-2-768x1212.jpg 768w, https:\/\/www.uf-tools.com\/wp-content\/uploads\/2022\/06\/Electric-Screwdriver-Rechargeable-2-8x12.jpg 8w\" sizes=\"auto, (max-width: 800px) 100vw, 800px\" \/> <img loading=\"lazy\" decoding=\"async\" class=\"size-full wp-image-16731 aligncenter\" src=\"https:\/\/www.uf-tools.com\/wp-content\/uploads\/2022\/06\/Electric-Screwdriver-Rechargeable-3.jpg\" alt=\"Tournevis \u00e9lectrique rechargeable\" width=\"800\" height=\"1326\" srcset=\"https:\/\/www.uf-tools.com\/wp-content\/uploads\/2022\/06\/Electric-Screwdriver-Rechargeable-3.jpg 800w, https:\/\/www.uf-tools.com\/wp-content\/uploads\/2022\/06\/Electric-Screwdriver-Rechargeable-3-768x1273.jpg 768w, https:\/\/www.uf-tools.com\/wp-content\/uploads\/2022\/06\/Electric-Screwdriver-Rechargeable-3-7x12.jpg 7w\" sizes=\"auto, (max-width: 800px) 100vw, 800px\" \/> <img loading=\"lazy\" decoding=\"async\" class=\"size-full wp-image-16732 aligncenter\" src=\"https:\/\/www.uf-tools.com\/wp-content\/uploads\/2022\/06\/Electric-Screwdriver-Rechargeable-4.jpg\" alt=\"Tournevis \u00e9lectrique rechargeable\" width=\"800\" height=\"1312\" srcset=\"https:\/\/www.uf-tools.com\/wp-content\/uploads\/2022\/06\/Electric-Screwdriver-Rechargeable-4.jpg 800w, https:\/\/www.uf-tools.com\/wp-content\/uploads\/2022\/06\/Electric-Screwdriver-Rechargeable-4-768x1260.jpg 768w, https:\/\/www.uf-tools.com\/wp-content\/uploads\/2022\/06\/Electric-Screwdriver-Rechargeable-4-7x12.jpg 7w\" sizes=\"auto, (max-width: 800px) 100vw, 800px\" \/> <img loading=\"lazy\" decoding=\"async\" class=\"size-full wp-image-16733 aligncenter\" src=\"https:\/\/www.uf-tools.com\/wp-content\/uploads\/2022\/06\/Electric-Screwdriver-Rechargeable-5.jpg\" alt=\"Tournevis \u00e9lectrique rechargeable\" width=\"800\" height=\"1328\" srcset=\"https:\/\/www.uf-tools.com\/wp-content\/uploads\/2022\/06\/Electric-Screwdriver-Rechargeable-5.jpg 800w, https:\/\/www.uf-tools.com\/wp-content\/uploads\/2022\/06\/Electric-Screwdriver-Rechargeable-5-768x1275.jpg 768w, https:\/\/www.uf-tools.com\/wp-content\/uploads\/2022\/06\/Electric-Screwdriver-Rechargeable-5-7x12.jpg 7w\" sizes=\"auto, (max-width: 800px) 100vw, 800px\" \/> <img loading=\"lazy\" decoding=\"async\" class=\"size-full wp-image-16734 aligncenter\" src=\"https:\/\/www.uf-tools.com\/wp-content\/uploads\/2022\/06\/Electric-Screwdriver-Rechargeable-6.jpg\" alt=\"Tournevis \u00e9lectrique rechargeable\" width=\"800\" height=\"1276\" srcset=\"https:\/\/www.uf-tools.com\/wp-content\/uploads\/2022\/06\/Electric-Screwdriver-Rechargeable-6.jpg 800w, https:\/\/www.uf-tools.com\/wp-content\/uploads\/2022\/06\/Electric-Screwdriver-Rechargeable-6-768x1225.jpg 768w, https:\/\/www.uf-tools.com\/wp-content\/uploads\/2022\/06\/Electric-Screwdriver-Rechargeable-6-8x12.jpg 8w\" sizes=\"auto, (max-width: 800px) 100vw, 800px\" \/> <img loading=\"lazy\" decoding=\"async\" class=\"size-full wp-image-16735 aligncenter\" src=\"https:\/\/www.uf-tools.com\/wp-content\/uploads\/2022\/06\/Electric-Screwdriver-Rechargeable-7.jpg\" alt=\"Tournevis \u00e9lectrique rechargeable\" width=\"800\" height=\"1324\" srcset=\"https:\/\/www.uf-tools.com\/wp-content\/uploads\/2022\/06\/Electric-Screwdriver-Rechargeable-7.jpg 800w, https:\/\/www.uf-tools.com\/wp-content\/uploads\/2022\/06\/Electric-Screwdriver-Rechargeable-7-768x1271.jpg 768w, https:\/\/www.uf-tools.com\/wp-content\/uploads\/2022\/06\/Electric-Screwdriver-Rechargeable-7-7x12.jpg 7w\" sizes=\"auto, (max-width: 800px) 100vw, 800px\" \/> <img loading=\"lazy\" decoding=\"async\" class=\"size-full wp-image-16736 aligncenter\" src=\"https:\/\/www.uf-tools.com\/wp-content\/uploads\/2022\/06\/Electric-Screwdriver-Rechargeable-8.jpg\" alt=\"Tournevis \u00e9lectrique rechargeable\" width=\"800\" height=\"1325\" srcset=\"https:\/\/www.uf-tools.com\/wp-content\/uploads\/2022\/06\/Electric-Screwdriver-Rechargeable-8.jpg 800w, https:\/\/www.uf-tools.com\/wp-content\/uploads\/2022\/06\/Electric-Screwdriver-Rechargeable-8-768x1272.jpg 768w, https:\/\/www.uf-tools.com\/wp-content\/uploads\/2022\/06\/Electric-Screwdriver-Rechargeable-8-7x12.jpg 7w\" sizes=\"auto, (max-width: 800px) 100vw, 800px\" \/><br \/>\n<img loading=\"lazy\" decoding=\"async\" class=\"size-full wp-image-16738 aligncenter\" src=\"https:\/\/www.uf-tools.com\/wp-content\/uploads\/2022\/06\/Electric-Screwdriver-Rechargeable-10.jpg\" alt=\"Tournevis \u00e9lectrique rechargeable\" width=\"800\" height=\"1298\" srcset=\"https:\/\/www.uf-tools.com\/wp-content\/uploads\/2022\/06\/Electric-Screwdriver-Rechargeable-10.jpg 800w, https:\/\/www.uf-tools.com\/wp-content\/uploads\/2022\/06\/Electric-Screwdriver-Rechargeable-10-768x1246.jpg 768w, https:\/\/www.uf-tools.com\/wp-content\/uploads\/2022\/06\/Electric-Screwdriver-Rechargeable-10-7x12.jpg 7w\" sizes=\"auto, (max-width: 800px) 100vw, 800px\" \/> <img loading=\"lazy\" decoding=\"async\" class=\"size-full wp-image-16739 aligncenter\" src=\"https:\/\/www.uf-tools.com\/wp-content\/uploads\/2022\/06\/Electric-Screwdriver-Rechargeable-11.jpg\" alt=\"Tournevis \u00e9lectrique rechargeable\" width=\"800\" height=\"1266\" srcset=\"https:\/\/www.uf-tools.com\/wp-content\/uploads\/2022\/06\/Electric-Screwdriver-Rechargeable-11.jpg 800w, https:\/\/www.uf-tools.com\/wp-content\/uploads\/2022\/06\/Electric-Screwdriver-Rechargeable-11-768x1215.jpg 768w, https:\/\/www.uf-tools.com\/wp-content\/uploads\/2022\/06\/Electric-Screwdriver-Rechargeable-11-8x12.jpg 8w\" sizes=\"auto, (max-width: 800px) 100vw, 800px\" \/> <img loading=\"lazy\" decoding=\"async\" class=\"size-full wp-image-16740 aligncenter\" src=\"https:\/\/www.uf-tools.com\/wp-content\/uploads\/2022\/06\/Electric-Screwdriver-Rechargeable-12.jpg\" alt=\"Tournevis \u00e9lectrique rechargeable\" width=\"800\" height=\"1378\" srcset=\"https:\/\/www.uf-tools.com\/wp-content\/uploads\/2022\/06\/Electric-Screwdriver-Rechargeable-12.jpg 800w, https:\/\/www.uf-tools.com\/wp-content\/uploads\/2022\/06\/Electric-Screwdriver-Rechargeable-12-768x1323.jpg 768w, https:\/\/www.uf-tools.com\/wp-content\/uploads\/2022\/06\/Electric-Screwdriver-Rechargeable-12-7x12.jpg 7w\" sizes=\"auto, (max-width: 800px) 100vw, 800px\" \/> <img loading=\"lazy\" decoding=\"async\" class=\"size-full wp-image-16741 aligncenter\" src=\"https:\/\/www.uf-tools.com\/wp-content\/uploads\/2022\/06\/Electric-Screwdriver-Rechargeable-13.jpg\" alt=\"Tournevis \u00e9lectrique rechargeable\" width=\"800\" height=\"1265\" srcset=\"https:\/\/www.uf-tools.com\/wp-content\/uploads\/2022\/06\/Electric-Screwdriver-Rechargeable-13.jpg 800w, https:\/\/www.uf-tools.com\/wp-content\/uploads\/2022\/06\/Electric-Screwdriver-Rechargeable-13-768x1214.jpg 768w, https:\/\/www.uf-tools.com\/wp-content\/uploads\/2022\/06\/Electric-Screwdriver-Rechargeable-13-8x12.jpg 8w\" sizes=\"auto, (max-width: 800px) 100vw, 800px\" \/><\/div>\n<\/div>\n<\/div>\n<\/div>","protected":false},"excerpt":{"rendered":"<p>Mat\u00e9riaux ultra-durs - L'ensemble de tournevis \u00e9lectriques comprend 30 embouts de tournevis standard de 1\/4 de pouce en acier S2 tr\u00e8s dur, durable et tr\u00e8s performant.<\/p>","protected":false},"featured_media":16724,"comment_status":"open","ping_status":"closed","template":"","meta":[],"product_cat":[92,49],"product_tag":[94,95,93,43],"class_list":{"0":"post-364","1":"product","2":"type-product","3":"status-publish","4":"has-post-thumbnail","6":"product_cat-electric-screwdriver","7":"product_cat-power-tools","8":"product_tag-cordless-screwdriver","9":"product_tag-electric-screw-driver-set","10":"product_tag-electric-screwdrivermake","11":"product_tag-power-tools","12":"product_brand-uf-tools","14":"first","15":"outofstock","16":"sale","17":"purchasable","18":"product-type-simple"},"yoast_head":"<!-- This site is optimized with the Yoast SEO plugin v26.9 - https:\/\/yoast.com\/product\/yoast-seo-wordpress\/ -->\n<title>Best Electric Screwdriver Rechargeable 35pc Bits S2 Steel<\/title>\n<meta name=\"robots\" content=\"index, follow, max-snippet:-1, max-image-preview:large, max-video-preview:-1\" \/>\n<link rel=\"canonical\" href=\"https:\/\/www.uf-tools.com\/fr\/jeu-de-tournevis-electriques-sans-fil-35pc-forets\/\" \/>\n<meta property=\"og:locale\" content=\"fr_FR\" \/>\n<meta property=\"og:type\" content=\"article\" \/>\n<meta property=\"og:title\" content=\"Best Electric Screwdriver Rechargeable 35pc Bits S2 Steel\" \/>\n<meta property=\"og:description\" content=\"Ultra Hardness Materials - Electric Screwdriver Set include 30Pcs 1\/4 inches standard screwdriver bits which made of hardeness S2 steel, durable and high performance.\" \/>\n<meta property=\"og:url\" content=\"https:\/\/www.uf-tools.com\/fr\/jeu-de-tournevis-electriques-sans-fil-35pc-forets\/\" \/>\n<meta property=\"og:site_name\" content=\"UF Tools Wholesale Suppliers\" \/>\n<meta property=\"article:publisher\" content=\"https:\/\/www.facebook.com\/UFTOOLS\/?show_switched_toast=0&amp;show_invite_to_follow=0&amp;show_switched_tooltip=0&amp;show_podcast_settings=0&amp;show_community_review_changes=0&amp;show_community_rollback=0&amp;show_follower_visibility_disclosure=0\" \/>\n<meta property=\"article:modified_time\" content=\"2025-02-21T09:31:02+00:00\" \/>\n<meta property=\"og:image\" content=\"https:\/\/www.uf-tools.com\/wp-content\/uploads\/2022\/06\/Electric-Screwdriver-Rechargeable-14-Torque-Screwdriver-UF882047-1.jpg\" \/>\n\t<meta property=\"og:image:width\" content=\"1030\" \/>\n\t<meta property=\"og:image:height\" content=\"1030\" \/>\n\t<meta property=\"og:image:type\" content=\"image\/jpeg\" \/>\n<meta name=\"twitter:card\" content=\"summary_large_image\" \/>\n<meta name=\"twitter:site\" content=\"@uftools\" \/>\n<meta name=\"twitter:label1\" content=\"Dur\u00e9e de lecture estim\u00e9e\" \/>\n\t<meta name=\"twitter:data1\" content=\"4 minutes\" \/>\n<script type=\"application\/ld+json\" class=\"yoast-schema-graph\">{\"@context\":\"https:\/\/schema.org\",\"@graph\":[{\"@type\":\"WebPage\",\"@id\":\"https:\/\/www.uf-tools.com\/ja\/%e9%9b%bb%e5%8b%95%e3%82%b3%e3%83%bc%e3%83%89%e3%83%ac%e3%82%b9%e3%83%89%e3%83%a9%e3%82%a4%e3%83%90%e3%83%bc%e3%82%bb%e3%83%83%e3%83%88-35pc-%e3%83%89%e3%83%aa%e3%83%ab%e3%83%93%e3%83%83%e3%83%88\/\",\"url\":\"https:\/\/www.uf-tools.com\/ja\/%e9%9b%bb%e5%8b%95%e3%82%b3%e3%83%bc%e3%83%89%e3%83%ac%e3%82%b9%e3%83%89%e3%83%a9%e3%82%a4%e3%83%90%e3%83%bc%e3%82%bb%e3%83%83%e3%83%88-35pc-%e3%83%89%e3%83%aa%e3%83%ab%e3%83%93%e3%83%83%e3%83%88\/\",\"name\":\"Best Electric Screwdriver Rechargeable 35pc Bits S2 Steel\",\"isPartOf\":{\"@id\":\"http:\/\/www.uf-tools.com\/ja\/#website\"},\"primaryImageOfPage\":{\"@id\":\"https:\/\/www.uf-tools.com\/ja\/%e9%9b%bb%e5%8b%95%e3%82%b3%e3%83%bc%e3%83%89%e3%83%ac%e3%82%b9%e3%83%89%e3%83%a9%e3%82%a4%e3%83%90%e3%83%bc%e3%82%bb%e3%83%83%e3%83%88-35pc-%e3%83%89%e3%83%aa%e3%83%ab%e3%83%93%e3%83%83%e3%83%88\/#primaryimage\"},\"image\":{\"@id\":\"https:\/\/www.uf-tools.com\/ja\/%e9%9b%bb%e5%8b%95%e3%82%b3%e3%83%bc%e3%83%89%e3%83%ac%e3%82%b9%e3%83%89%e3%83%a9%e3%82%a4%e3%83%90%e3%83%bc%e3%82%bb%e3%83%83%e3%83%88-35pc-%e3%83%89%e3%83%aa%e3%83%ab%e3%83%93%e3%83%83%e3%83%88\/#primaryimage\"},\"thumbnailUrl\":\"https:\/\/www.uf-tools.com\/wp-content\/uploads\/2022\/06\/Electric-Screwdriver-Rechargeable-14-Torque-Screwdriver-UF882047-1.jpg\",\"datePublished\":\"2022-06-06T02:35:56+00:00\",\"dateModified\":\"2025-02-21T09:31:02+00:00\",\"breadcrumb\":{\"@id\":\"https:\/\/www.uf-tools.com\/ja\/%e9%9b%bb%e5%8b%95%e3%82%b3%e3%83%bc%e3%83%89%e3%83%ac%e3%82%b9%e3%83%89%e3%83%a9%e3%82%a4%e3%83%90%e3%83%bc%e3%82%bb%e3%83%83%e3%83%88-35pc-%e3%83%89%e3%83%aa%e3%83%ab%e3%83%93%e3%83%83%e3%83%88\/#breadcrumb\"},\"inLanguage\":\"fr-FR\",\"potentialAction\":[{\"@type\":\"ReadAction\",\"target\":[\"https:\/\/www.uf-tools.com\/ja\/%e9%9b%bb%e5%8b%95%e3%82%b3%e3%83%bc%e3%83%89%e3%83%ac%e3%82%b9%e3%83%89%e3%83%a9%e3%82%a4%e3%83%90%e3%83%bc%e3%82%bb%e3%83%83%e3%83%88-35pc-%e3%83%89%e3%83%aa%e3%83%ab%e3%83%93%e3%83%83%e3%83%88\/\"]}]},{\"@type\":\"ImageObject\",\"inLanguage\":\"fr-FR\",\"@id\":\"https:\/\/www.uf-tools.com\/ja\/%e9%9b%bb%e5%8b%95%e3%82%b3%e3%83%bc%e3%83%89%e3%83%ac%e3%82%b9%e3%83%89%e3%83%a9%e3%82%a4%e3%83%90%e3%83%bc%e3%82%bb%e3%83%83%e3%83%88-35pc-%e3%83%89%e3%83%aa%e3%83%ab%e3%83%93%e3%83%83%e3%83%88\/#primaryimage\",\"url\":\"https:\/\/www.uf-tools.com\/wp-content\/uploads\/2022\/06\/Electric-Screwdriver-Rechargeable-14-Torque-Screwdriver-UF882047-1.jpg\",\"contentUrl\":\"https:\/\/www.uf-tools.com\/wp-content\/uploads\/2022\/06\/Electric-Screwdriver-Rechargeable-14-Torque-Screwdriver-UF882047-1.jpg\",\"width\":1030,\"height\":1030,\"caption\":\"Electric Screwdriver Rechargeable, 1\/4 Torque Screwdriver -UF882047\"},{\"@type\":\"BreadcrumbList\",\"@id\":\"https:\/\/www.uf-tools.com\/ja\/%e9%9b%bb%e5%8b%95%e3%82%b3%e3%83%bc%e3%83%89%e3%83%ac%e3%82%b9%e3%83%89%e3%83%a9%e3%82%a4%e3%83%90%e3%83%bc%e3%82%bb%e3%83%83%e3%83%88-35pc-%e3%83%89%e3%83%aa%e3%83%ab%e3%83%93%e3%83%83%e3%83%88\/#breadcrumb\",\"itemListElement\":[{\"@type\":\"ListItem\",\"position\":1,\"name\":\"Home\",\"item\":\"http:\/\/www.uf-tools.com\/ja\/\"},{\"@type\":\"ListItem\",\"position\":2,\"name\":\"Shop\",\"item\":\"http:\/\/www.uf-tools.com\/ja\/shop\/\"},{\"@type\":\"ListItem\",\"position\":3,\"name\":\"Electric Screwdriver Rechargeable, 1\/4 Torque Screwdriver -UF882047\"}]},{\"@type\":\"WebSite\",\"@id\":\"http:\/\/www.uf-tools.com\/ja\/#website\",\"url\":\"http:\/\/www.uf-tools.com\/ja\/\",\"name\":\"Manufacturer of precision digital repair tools\",\"description\":\"UF TOOLS\",\"publisher\":{\"@id\":\"http:\/\/www.uf-tools.com\/ja\/#organization\"},\"potentialAction\":[{\"@type\":\"SearchAction\",\"target\":{\"@type\":\"EntryPoint\",\"urlTemplate\":\"http:\/\/www.uf-tools.com\/ja\/?s={search_term_string}\"},\"query-input\":{\"@type\":\"PropertyValueSpecification\",\"valueRequired\":true,\"valueName\":\"search_term_string\"}}],\"inLanguage\":\"fr-FR\"},{\"@type\":\"Organization\",\"@id\":\"http:\/\/www.uf-tools.com\/ja\/#organization\",\"name\":\"UF Tools Wholesale Suppliers\",\"url\":\"http:\/\/www.uf-tools.com\/ja\/\",\"logo\":{\"@type\":\"ImageObject\",\"inLanguage\":\"fr-FR\",\"@id\":\"http:\/\/www.uf-tools.com\/ja\/#\/schema\/logo\/image\/\",\"url\":\"https:\/\/www.uf-tools.com\/wp-content\/uploads\/2023\/07\/logo-blue.svg\",\"contentUrl\":\"https:\/\/www.uf-tools.com\/wp-content\/uploads\/2023\/07\/logo-blue.svg\",\"width\":242,\"height\":56,\"caption\":\"UF Tools Wholesale Suppliers\"},\"image\":{\"@id\":\"http:\/\/www.uf-tools.com\/ja\/#\/schema\/logo\/image\/\"},\"sameAs\":[\"https:\/\/www.facebook.com\/UFTOOLS\/?show_switched_toast=0&show_invite_to_follow=0&show_switched_tooltip=0&show_podcast_settings=0&show_community_review_changes=0&show_community_rollback=0&show_follower_visibility_disclosure=0\",\"https:\/\/x.com\/uftools\",\"https:\/\/www.instagram.com\/youfutools\/\",\"https:\/\/www.pinterest.com\/uftools\/\",\"https:\/\/www.youtube.com\/@uf-tools\"]}]}<\/script>\n<!-- \/ Yoast SEO plugin. -->","yoast_head_json":{"title":"Best Electric Screwdriver Rechargeable 35pc Bits S2 Steel","robots":{"index":"index","follow":"follow","max-snippet":"max-snippet:-1","max-image-preview":"max-image-preview:large","max-video-preview":"max-video-preview:-1"},"canonical":"https:\/\/www.uf-tools.com\/fr\/jeu-de-tournevis-electriques-sans-fil-35pc-forets\/","og_locale":"fr_FR","og_type":"article","og_title":"Best Electric Screwdriver Rechargeable 35pc Bits S2 Steel","og_description":"Ultra Hardness Materials - Electric Screwdriver Set include 30Pcs 1\/4 inches standard screwdriver bits which made of hardeness S2 steel, durable and high performance.","og_url":"https:\/\/www.uf-tools.com\/fr\/jeu-de-tournevis-electriques-sans-fil-35pc-forets\/","og_site_name":"UF Tools Wholesale Suppliers","article_publisher":"https:\/\/www.facebook.com\/UFTOOLS\/?show_switched_toast=0&show_invite_to_follow=0&show_switched_tooltip=0&show_podcast_settings=0&show_community_review_changes=0&show_community_rollback=0&show_follower_visibility_disclosure=0","article_modified_time":"2025-02-21T09:31:02+00:00","og_image":[{"width":1030,"height":1030,"url":"https:\/\/www.uf-tools.com\/wp-content\/uploads\/2022\/06\/Electric-Screwdriver-Rechargeable-14-Torque-Screwdriver-UF882047-1.jpg","type":"image\/jpeg"}],"twitter_card":"summary_large_image","twitter_site":"@uftools","twitter_misc":{"Dur\u00e9e de lecture estim\u00e9e":"4 minutes"},"schema":{"@context":"https:\/\/schema.org","@graph":[{"@type":"WebPage","@id":"https:\/\/www.uf-tools.com\/ja\/%e9%9b%bb%e5%8b%95%e3%82%b3%e3%83%bc%e3%83%89%e3%83%ac%e3%82%b9%e3%83%89%e3%83%a9%e3%82%a4%e3%83%90%e3%83%bc%e3%82%bb%e3%83%83%e3%83%88-35pc-%e3%83%89%e3%83%aa%e3%83%ab%e3%83%93%e3%83%83%e3%83%88\/","url":"https:\/\/www.uf-tools.com\/ja\/%e9%9b%bb%e5%8b%95%e3%82%b3%e3%83%bc%e3%83%89%e3%83%ac%e3%82%b9%e3%83%89%e3%83%a9%e3%82%a4%e3%83%90%e3%83%bc%e3%82%bb%e3%83%83%e3%83%88-35pc-%e3%83%89%e3%83%aa%e3%83%ab%e3%83%93%e3%83%83%e3%83%88\/","name":"Best Electric Screwdriver Rechargeable 35pc Bits S2 Steel","isPartOf":{"@id":"http:\/\/www.uf-tools.com\/ja\/#website"},"primaryImageOfPage":{"@id":"https:\/\/www.uf-tools.com\/ja\/%e9%9b%bb%e5%8b%95%e3%82%b3%e3%83%bc%e3%83%89%e3%83%ac%e3%82%b9%e3%83%89%e3%83%a9%e3%82%a4%e3%83%90%e3%83%bc%e3%82%bb%e3%83%83%e3%83%88-35pc-%e3%83%89%e3%83%aa%e3%83%ab%e3%83%93%e3%83%83%e3%83%88\/#primaryimage"},"image":{"@id":"https:\/\/www.uf-tools.com\/ja\/%e9%9b%bb%e5%8b%95%e3%82%b3%e3%83%bc%e3%83%89%e3%83%ac%e3%82%b9%e3%83%89%e3%83%a9%e3%82%a4%e3%83%90%e3%83%bc%e3%82%bb%e3%83%83%e3%83%88-35pc-%e3%83%89%e3%83%aa%e3%83%ab%e3%83%93%e3%83%83%e3%83%88\/#primaryimage"},"thumbnailUrl":"https:\/\/www.uf-tools.com\/wp-content\/uploads\/2022\/06\/Electric-Screwdriver-Rechargeable-14-Torque-Screwdriver-UF882047-1.jpg","datePublished":"2022-06-06T02:35:56+00:00","dateModified":"2025-02-21T09:31:02+00:00","breadcrumb":{"@id":"https:\/\/www.uf-tools.com\/ja\/%e9%9b%bb%e5%8b%95%e3%82%b3%e3%83%bc%e3%83%89%e3%83%ac%e3%82%b9%e3%83%89%e3%83%a9%e3%82%a4%e3%83%90%e3%83%bc%e3%82%bb%e3%83%83%e3%83%88-35pc-%e3%83%89%e3%83%aa%e3%83%ab%e3%83%93%e3%83%83%e3%83%88\/#breadcrumb"},"inLanguage":"fr-FR","potentialAction":[{"@type":"ReadAction","target":["https:\/\/www.uf-tools.com\/ja\/%e9%9b%bb%e5%8b%95%e3%82%b3%e3%83%bc%e3%83%89%e3%83%ac%e3%82%b9%e3%83%89%e3%83%a9%e3%82%a4%e3%83%90%e3%83%bc%e3%82%bb%e3%83%83%e3%83%88-35pc-%e3%83%89%e3%83%aa%e3%83%ab%e3%83%93%e3%83%83%e3%83%88\/"]}]},{"@type":"ImageObject","inLanguage":"fr-FR","@id":"https:\/\/www.uf-tools.com\/ja\/%e9%9b%bb%e5%8b%95%e3%82%b3%e3%83%bc%e3%83%89%e3%83%ac%e3%82%b9%e3%83%89%e3%83%a9%e3%82%a4%e3%83%90%e3%83%bc%e3%82%bb%e3%83%83%e3%83%88-35pc-%e3%83%89%e3%83%aa%e3%83%ab%e3%83%93%e3%83%83%e3%83%88\/#primaryimage","url":"https:\/\/www.uf-tools.com\/wp-content\/uploads\/2022\/06\/Electric-Screwdriver-Rechargeable-14-Torque-Screwdriver-UF882047-1.jpg","contentUrl":"https:\/\/www.uf-tools.com\/wp-content\/uploads\/2022\/06\/Electric-Screwdriver-Rechargeable-14-Torque-Screwdriver-UF882047-1.jpg","width":1030,"height":1030,"caption":"Electric Screwdriver Rechargeable, 1\/4 Torque Screwdriver -UF882047"},{"@type":"BreadcrumbList","@id":"https:\/\/www.uf-tools.com\/ja\/%e9%9b%bb%e5%8b%95%e3%82%b3%e3%83%bc%e3%83%89%e3%83%ac%e3%82%b9%e3%83%89%e3%83%a9%e3%82%a4%e3%83%90%e3%83%bc%e3%82%bb%e3%83%83%e3%83%88-35pc-%e3%83%89%e3%83%aa%e3%83%ab%e3%83%93%e3%83%83%e3%83%88\/#breadcrumb","itemListElement":[{"@type":"ListItem","position":1,"name":"Home","item":"http:\/\/www.uf-tools.com\/ja\/"},{"@type":"ListItem","position":2,"name":"Shop","item":"http:\/\/www.uf-tools.com\/ja\/shop\/"},{"@type":"ListItem","position":3,"name":"Electric Screwdriver Rechargeable, 1\/4 Torque Screwdriver -UF882047"}]},{"@type":"WebSite","@id":"http:\/\/www.uf-tools.com\/ja\/#website","url":"http:\/\/www.uf-tools.com\/ja\/","name":"Manufacturer of precision digital repair tools","description":"UF TOOLS","publisher":{"@id":"http:\/\/www.uf-tools.com\/ja\/#organization"},"potentialAction":[{"@type":"SearchAction","target":{"@type":"EntryPoint","urlTemplate":"http:\/\/www.uf-tools.com\/ja\/?s={search_term_string}"},"query-input":{"@type":"PropertyValueSpecification","valueRequired":true,"valueName":"search_term_string"}}],"inLanguage":"fr-FR"},{"@type":"Organization","@id":"http:\/\/www.uf-tools.com\/ja\/#organization","name":"UF Tools Wholesale Suppliers","url":"http:\/\/www.uf-tools.com\/ja\/","logo":{"@type":"ImageObject","inLanguage":"fr-FR","@id":"http:\/\/www.uf-tools.com\/ja\/#\/schema\/logo\/image\/","url":"https:\/\/www.uf-tools.com\/wp-content\/uploads\/2023\/07\/logo-blue.svg","contentUrl":"https:\/\/www.uf-tools.com\/wp-content\/uploads\/2023\/07\/logo-blue.svg","width":242,"height":56,"caption":"UF Tools Wholesale Suppliers"},"image":{"@id":"http:\/\/www.uf-tools.com\/ja\/#\/schema\/logo\/image\/"},"sameAs":["https:\/\/www.facebook.com\/UFTOOLS\/?show_switched_toast=0&show_invite_to_follow=0&show_switched_tooltip=0&show_podcast_settings=0&show_community_review_changes=0&show_community_rollback=0&show_follower_visibility_disclosure=0","https:\/\/x.com\/uftools","https:\/\/www.instagram.com\/youfutools\/","https:\/\/www.pinterest.com\/uftools\/","https:\/\/www.youtube.com\/@uf-tools"]}]}},"_links":{"self":[{"href":"https:\/\/www.uf-tools.com\/fr\/wp-json\/wp\/v2\/product\/364","targetHints":{"allow":["GET"]}}],"collection":[{"href":"https:\/\/www.uf-tools.com\/fr\/wp-json\/wp\/v2\/product"}],"about":[{"href":"https:\/\/www.uf-tools.com\/fr\/wp-json\/wp\/v2\/types\/product"}],"replies":[{"embeddable":true,"href":"https:\/\/www.uf-tools.com\/fr\/wp-json\/wp\/v2\/comments?post=364"}],"version-history":[{"count":0,"href":"https:\/\/www.uf-tools.com\/fr\/wp-json\/wp\/v2\/product\/364\/revisions"}],"wp:featuredmedia":[{"embeddable":true,"href":"https:\/\/www.uf-tools.com\/fr\/wp-json\/wp\/v2\/media\/16724"}],"wp:attachment":[{"href":"https:\/\/www.uf-tools.com\/fr\/wp-json\/wp\/v2\/media?parent=364"}],"wp:term":[{"taxonomy":"product_cat","embeddable":true,"href":"https:\/\/www.uf-tools.com\/fr\/wp-json\/wp\/v2\/product_cat?post=364"},{"taxonomy":"product_tag","embeddable":true,"href":"https:\/\/www.uf-tools.com\/fr\/wp-json\/wp\/v2\/product_tag?post=364"}],"curies":[{"name":"wp","href":"https:\/\/api.w.org\/{rel}","templated":true}]}}