{"id":19403,"date":"2025-06-11T04:28:19","date_gmt":"2025-06-11T04:28:19","guid":{"rendered":"https:\/\/www.uf-tools.com\/?post_type=product&#038;p=19403"},"modified":"2025-06-11T08:44:20","modified_gmt":"2025-06-11T08:44:20","slug":"8-piece-household-tool-kit-for-home-office-compact-diy-repair-tools-set","status":"publish","type":"product","link":"https:\/\/www.uf-tools.com\/fr\/kit-doutils-menagers-8-pieces-pour-la-maison-le-bureau-et-les-outils-de-reparation-compacts\/","title":{"rendered":"Kit d'outils m\u00e9nagers 8 pi\u00e8ces pour la maison et le bureau | Kit d'outils de r\u00e9paration compacts pour le bricolage"},"content":{"rendered":"<div data-elementor-type=\"product-post\" data-elementor-id=\"19403\" class=\"elementor elementor-19403\" data-elementor-post-type=\"product\">\n\t\t\t\t\t\t<section class=\"elementor-section elementor-top-section elementor-element elementor-element-207692cf elementor-section-boxed elementor-section-height-default elementor-section-height-default\" data-id=\"207692cf\" data-element_type=\"section\">\n\t\t\t\t\t\t<div class=\"elementor-container elementor-column-gap-default\">\n\t\t\t\t\t<div class=\"elementor-column elementor-col-100 elementor-top-column elementor-element elementor-element-511e6724\" data-id=\"511e6724\" data-element_type=\"column\">\n\t\t\t<div class=\"elementor-widget-wrap elementor-element-populated\">\n\t\t\t\t\t\t<div class=\"elementor-element elementor-element-3ffa990 elementor-widget__width-initial elementor-widget elementor-widget-video\" data-id=\"3ffa990\" data-element_type=\"widget\" data-settings=\"{&quot;video_type&quot;:&quot;hosted&quot;,&quot;mute&quot;:&quot;yes&quot;,&quot;controls&quot;:&quot;yes&quot;}\" data-widget_type=\"video.default\">\n\t\t\t\t<div class=\"elementor-widget-container\">\n\t\t\t\t\t<div class=\"e-hosted-video elementor-wrapper elementor-open-inline\">\n\t\t\t\t\t<video class=\"elementor-video\" src=\"https:\/\/www.uf-tools.com\/wp-content\/uploads\/2025\/06\/1749439739161479.mp4\" controls=\"\" preload=\"metadata\" muted=\"muted\" controlslist=\"nodownload\"><\/video>\n\t\t\t\t<\/div>\n\t\t\t\t<\/div>\n\t\t\t\t<\/div>\n\t\t\t\t\t<\/div>\n\t\t<\/div>\n\t\t\t\t\t<\/div>\n\t\t<\/section>\n\t\t\t\t<\/div>","protected":false},"excerpt":{"rendered":"<ul class=\"list-paddingleft-2\">\n<li>Ensemble d'outils tout-en-un : Notre kit d'outils domestiques 8 pi\u00e8ces comprend tous les outils essentiels dont vous avez besoin pour les r\u00e9parations quotidiennes et les projets de bricolage, ce qui en fait un outil indispensable pour les \u00e9tudiants, les familles, les professionnels prosp\u00e8res, les garages, les bureaux et les dortoirs.<\/li>\n<li>Compact et portable : Gr\u00e2ce \u00e0 son design compact et l\u00e9ger, ce kit d'outils domestiques est facile \u00e0 ranger et \u00e0 transporter, ce qui vous permet de vous attaquer \u00e0 n'importe quel projet, o\u00f9 que vous alliez.<\/li>\n<li>Durable et de longue dur\u00e9e : Fabriqu\u00e9 avec des mat\u00e9riaux de haute qualit\u00e9, notre set d'outils est con\u00e7u pour r\u00e9sister \u00e0 l'\u00e9preuve du temps, ce qui vous permet d'avoir toujours des outils fiables \u00e0 votre disposition.<\/li>\n<li>Polyvalent et pratique : Qu'il s'agisse de serrer des boulons et des vis, de mesurer ou de couper des mat\u00e9riaux, notre kit d'outils domestiques contient tout ce dont vous avez besoin pour effectuer votre travail rapidement et efficacement.<\/li>\n<li>Un excellent rapport qualit\u00e9-prix : \u00c0 un prix abordable, notre petite trousse \u00e0 outils offre une valeur imbattable, en vous fournissant un ensemble complet d'outils qui vous feront \u00e9conomiser du temps, de l'argent et des efforts sur le long terme.<\/li>\n<\/ul>","protected":false},"featured_media":19404,"comment_status":"closed","ping_status":"closed","template":"","meta":[],"product_cat":[32],"product_tag":[],"class_list":{"0":"post-19403","1":"product","2":"type-product","3":"status-publish","4":"has-post-thumbnail","6":"product_cat-hand-tools","7":"product_shipping_class-all","9":"first","10":"outofstock","11":"sale","12":"taxable","13":"shipping-taxable","14":"purchasable","15":"product-type-simple"},"yoast_head":"<!-- This site is optimized with the Yoast SEO plugin v26.9 - https:\/\/yoast.com\/product\/yoast-seo-wordpress\/ -->\n<title>8-Piece Household Tool Kit for Home &amp; Office | Compact DIY Repair Tools Set<\/title>\n<meta name=\"description\" content=\"This compact 8-piece household tool kit includes a hammer, tape measure, pliers, wrench, screwdriver, and utility knife\u2014perfect for families, college students, and small offices. Ideal for daily home repairs, portable and durable for long-term use.\" \/>\n<meta name=\"robots\" content=\"index, follow, max-snippet:-1, max-image-preview:large, max-video-preview:-1\" \/>\n<link rel=\"canonical\" href=\"http:\/\/www.uf-tools.com\/fr\/kit-doutils-menagers-8-pieces-pour-la-maison-le-bureau-et-les-outils-de-reparation-compacts\/\" \/>\n<meta property=\"og:locale\" content=\"fr_FR\" \/>\n<meta property=\"og:type\" content=\"article\" \/>\n<meta property=\"og:title\" content=\"8-Piece Household Tool Kit for Home &amp; Office | Compact DIY Repair Tools Set\" \/>\n<meta property=\"og:description\" content=\"This compact 8-piece household tool kit includes a hammer, tape measure, pliers, wrench, screwdriver, and utility knife\u2014perfect for families, college students, and small offices. Ideal for daily home repairs, portable and durable for long-term use.\" \/>\n<meta property=\"og:url\" content=\"http:\/\/www.uf-tools.com\/fr\/kit-doutils-menagers-8-pieces-pour-la-maison-le-bureau-et-les-outils-de-reparation-compacts\/\" \/>\n<meta property=\"og:site_name\" content=\"UF Tools Wholesale Suppliers\" \/>\n<meta property=\"article:publisher\" content=\"https:\/\/www.facebook.com\/UFTOOLS\/?show_switched_toast=0&amp;show_invite_to_follow=0&amp;show_switched_tooltip=0&amp;show_podcast_settings=0&amp;show_community_review_changes=0&amp;show_community_rollback=0&amp;show_follower_visibility_disclosure=0\" \/>\n<meta property=\"article:modified_time\" content=\"2025-06-11T08:44:20+00:00\" \/>\n<meta property=\"og:image\" content=\"http:\/\/www.uf-tools.com\/wp-content\/uploads\/2025\/06\/1.jpeg\" \/>\n\t<meta property=\"og:image:width\" content=\"1000\" \/>\n\t<meta property=\"og:image:height\" content=\"962\" \/>\n\t<meta property=\"og:image:type\" content=\"image\/jpeg\" \/>\n<meta name=\"twitter:card\" content=\"summary_large_image\" \/>\n<meta name=\"twitter:site\" content=\"@uftools\" \/>\n<script type=\"application\/ld+json\" class=\"yoast-schema-graph\">{\"@context\":\"https:\/\/schema.org\",\"@graph\":[{\"@type\":\"WebPage\",\"@id\":\"http:\/\/www.uf-tools.com\/zh\/8-%e4%bb%b6%e5%a5%97%e5%ae%b6%e7%94%a8%e5%b7%a5%e5%85%b7%e5%8c%85%ef%bc%8c%e9%80%82%e7%94%a8%e4%ba%8e%e5%ae%b6%e5%ba%ad%e3%80%81%e5%8a%9e%e5%85%ac%e5%ae%a4%e3%80%81%e5%b0%8f%e5%9e%8b-diy-%e4%bf%ae\/\",\"url\":\"http:\/\/www.uf-tools.com\/zh\/8-%e4%bb%b6%e5%a5%97%e5%ae%b6%e7%94%a8%e5%b7%a5%e5%85%b7%e5%8c%85%ef%bc%8c%e9%80%82%e7%94%a8%e4%ba%8e%e5%ae%b6%e5%ba%ad%e3%80%81%e5%8a%9e%e5%85%ac%e5%ae%a4%e3%80%81%e5%b0%8f%e5%9e%8b-diy-%e4%bf%ae\/\",\"name\":\"8-Piece Household Tool Kit for Home & Office | Compact DIY Repair Tools Set\",\"isPartOf\":{\"@id\":\"http:\/\/www.uf-tools.com\/ja\/#website\"},\"primaryImageOfPage\":{\"@id\":\"http:\/\/www.uf-tools.com\/zh\/8-%e4%bb%b6%e5%a5%97%e5%ae%b6%e7%94%a8%e5%b7%a5%e5%85%b7%e5%8c%85%ef%bc%8c%e9%80%82%e7%94%a8%e4%ba%8e%e5%ae%b6%e5%ba%ad%e3%80%81%e5%8a%9e%e5%85%ac%e5%ae%a4%e3%80%81%e5%b0%8f%e5%9e%8b-diy-%e4%bf%ae\/#primaryimage\"},\"image\":{\"@id\":\"http:\/\/www.uf-tools.com\/zh\/8-%e4%bb%b6%e5%a5%97%e5%ae%b6%e7%94%a8%e5%b7%a5%e5%85%b7%e5%8c%85%ef%bc%8c%e9%80%82%e7%94%a8%e4%ba%8e%e5%ae%b6%e5%ba%ad%e3%80%81%e5%8a%9e%e5%85%ac%e5%ae%a4%e3%80%81%e5%b0%8f%e5%9e%8b-diy-%e4%bf%ae\/#primaryimage\"},\"thumbnailUrl\":\"https:\/\/www.uf-tools.com\/wp-content\/uploads\/2025\/06\/1.jpeg\",\"datePublished\":\"2025-06-11T04:28:19+00:00\",\"dateModified\":\"2025-06-11T08:44:20+00:00\",\"description\":\"This compact 8-piece household tool kit includes a hammer, tape measure, pliers, wrench, screwdriver, and utility knife\u2014perfect for families, college students, and small offices. Ideal for daily home repairs, portable and durable for long-term use.\",\"breadcrumb\":{\"@id\":\"http:\/\/www.uf-tools.com\/zh\/8-%e4%bb%b6%e5%a5%97%e5%ae%b6%e7%94%a8%e5%b7%a5%e5%85%b7%e5%8c%85%ef%bc%8c%e9%80%82%e7%94%a8%e4%ba%8e%e5%ae%b6%e5%ba%ad%e3%80%81%e5%8a%9e%e5%85%ac%e5%ae%a4%e3%80%81%e5%b0%8f%e5%9e%8b-diy-%e4%bf%ae\/#breadcrumb\"},\"inLanguage\":\"fr-FR\",\"potentialAction\":[{\"@type\":\"ReadAction\",\"target\":[\"http:\/\/www.uf-tools.com\/zh\/8-%e4%bb%b6%e5%a5%97%e5%ae%b6%e7%94%a8%e5%b7%a5%e5%85%b7%e5%8c%85%ef%bc%8c%e9%80%82%e7%94%a8%e4%ba%8e%e5%ae%b6%e5%ba%ad%e3%80%81%e5%8a%9e%e5%85%ac%e5%ae%a4%e3%80%81%e5%b0%8f%e5%9e%8b-diy-%e4%bf%ae\/\"]}]},{\"@type\":\"ImageObject\",\"inLanguage\":\"fr-FR\",\"@id\":\"http:\/\/www.uf-tools.com\/zh\/8-%e4%bb%b6%e5%a5%97%e5%ae%b6%e7%94%a8%e5%b7%a5%e5%85%b7%e5%8c%85%ef%bc%8c%e9%80%82%e7%94%a8%e4%ba%8e%e5%ae%b6%e5%ba%ad%e3%80%81%e5%8a%9e%e5%85%ac%e5%ae%a4%e3%80%81%e5%b0%8f%e5%9e%8b-diy-%e4%bf%ae\/#primaryimage\",\"url\":\"https:\/\/www.uf-tools.com\/wp-content\/uploads\/2025\/06\/1.jpeg\",\"contentUrl\":\"https:\/\/www.uf-tools.com\/wp-content\/uploads\/2025\/06\/1.jpeg\",\"width\":1000,\"height\":962},{\"@type\":\"BreadcrumbList\",\"@id\":\"http:\/\/www.uf-tools.com\/zh\/8-%e4%bb%b6%e5%a5%97%e5%ae%b6%e7%94%a8%e5%b7%a5%e5%85%b7%e5%8c%85%ef%bc%8c%e9%80%82%e7%94%a8%e4%ba%8e%e5%ae%b6%e5%ba%ad%e3%80%81%e5%8a%9e%e5%85%ac%e5%ae%a4%e3%80%81%e5%b0%8f%e5%9e%8b-diy-%e4%bf%ae\/#breadcrumb\",\"itemListElement\":[{\"@type\":\"ListItem\",\"position\":1,\"name\":\"Home\",\"item\":\"http:\/\/www.uf-tools.com\/ja\/\"},{\"@type\":\"ListItem\",\"position\":2,\"name\":\"Shop\",\"item\":\"http:\/\/www.uf-tools.com\/ja\/shop\/\"},{\"@type\":\"ListItem\",\"position\":3,\"name\":\"8-Piece Household Tool Kit for Home &#038; Office | Compact DIY Repair Tools Set\"}]},{\"@type\":\"WebSite\",\"@id\":\"http:\/\/www.uf-tools.com\/ja\/#website\",\"url\":\"http:\/\/www.uf-tools.com\/ja\/\",\"name\":\"Manufacturer of precision digital repair tools\",\"description\":\"UF TOOLS\",\"publisher\":{\"@id\":\"http:\/\/www.uf-tools.com\/ja\/#organization\"},\"potentialAction\":[{\"@type\":\"SearchAction\",\"target\":{\"@type\":\"EntryPoint\",\"urlTemplate\":\"http:\/\/www.uf-tools.com\/ja\/?s={search_term_string}\"},\"query-input\":{\"@type\":\"PropertyValueSpecification\",\"valueRequired\":true,\"valueName\":\"search_term_string\"}}],\"inLanguage\":\"fr-FR\"},{\"@type\":\"Organization\",\"@id\":\"http:\/\/www.uf-tools.com\/ja\/#organization\",\"name\":\"UF Tools Wholesale Suppliers\",\"url\":\"http:\/\/www.uf-tools.com\/ja\/\",\"logo\":{\"@type\":\"ImageObject\",\"inLanguage\":\"fr-FR\",\"@id\":\"http:\/\/www.uf-tools.com\/ja\/#\/schema\/logo\/image\/\",\"url\":\"https:\/\/www.uf-tools.com\/wp-content\/uploads\/2023\/07\/logo-blue.svg\",\"contentUrl\":\"https:\/\/www.uf-tools.com\/wp-content\/uploads\/2023\/07\/logo-blue.svg\",\"width\":242,\"height\":56,\"caption\":\"UF Tools Wholesale Suppliers\"},\"image\":{\"@id\":\"http:\/\/www.uf-tools.com\/ja\/#\/schema\/logo\/image\/\"},\"sameAs\":[\"https:\/\/www.facebook.com\/UFTOOLS\/?show_switched_toast=0&show_invite_to_follow=0&show_switched_tooltip=0&show_podcast_settings=0&show_community_review_changes=0&show_community_rollback=0&show_follower_visibility_disclosure=0\",\"https:\/\/x.com\/uftools\",\"https:\/\/www.instagram.com\/youfutools\/\",\"https:\/\/www.pinterest.com\/uftools\/\",\"https:\/\/www.youtube.com\/@uf-tools\"]}]}<\/script>\n<!-- \/ Yoast SEO plugin. -->","yoast_head_json":{"title":"8-Piece Household Tool Kit for Home & Office | Compact DIY Repair Tools Set","description":"This compact 8-piece household tool kit includes a hammer, tape measure, pliers, wrench, screwdriver, and utility knife\u2014perfect for families, college students, and small offices. Ideal for daily home repairs, portable and durable for long-term use.","robots":{"index":"index","follow":"follow","max-snippet":"max-snippet:-1","max-image-preview":"max-image-preview:large","max-video-preview":"max-video-preview:-1"},"canonical":"http:\/\/www.uf-tools.com\/fr\/kit-doutils-menagers-8-pieces-pour-la-maison-le-bureau-et-les-outils-de-reparation-compacts\/","og_locale":"fr_FR","og_type":"article","og_title":"8-Piece Household Tool Kit for Home & Office | Compact DIY Repair Tools Set","og_description":"This compact 8-piece household tool kit includes a hammer, tape measure, pliers, wrench, screwdriver, and utility knife\u2014perfect for families, college students, and small offices. Ideal for daily home repairs, portable and durable for long-term use.","og_url":"http:\/\/www.uf-tools.com\/fr\/kit-doutils-menagers-8-pieces-pour-la-maison-le-bureau-et-les-outils-de-reparation-compacts\/","og_site_name":"UF Tools Wholesale Suppliers","article_publisher":"https:\/\/www.facebook.com\/UFTOOLS\/?show_switched_toast=0&show_invite_to_follow=0&show_switched_tooltip=0&show_podcast_settings=0&show_community_review_changes=0&show_community_rollback=0&show_follower_visibility_disclosure=0","article_modified_time":"2025-06-11T08:44:20+00:00","og_image":[{"width":1000,"height":962,"url":"http:\/\/www.uf-tools.com\/wp-content\/uploads\/2025\/06\/1.jpeg","type":"image\/jpeg"}],"twitter_card":"summary_large_image","twitter_site":"@uftools","schema":{"@context":"https:\/\/schema.org","@graph":[{"@type":"WebPage","@id":"http:\/\/www.uf-tools.com\/zh\/8-%e4%bb%b6%e5%a5%97%e5%ae%b6%e7%94%a8%e5%b7%a5%e5%85%b7%e5%8c%85%ef%bc%8c%e9%80%82%e7%94%a8%e4%ba%8e%e5%ae%b6%e5%ba%ad%e3%80%81%e5%8a%9e%e5%85%ac%e5%ae%a4%e3%80%81%e5%b0%8f%e5%9e%8b-diy-%e4%bf%ae\/","url":"http:\/\/www.uf-tools.com\/zh\/8-%e4%bb%b6%e5%a5%97%e5%ae%b6%e7%94%a8%e5%b7%a5%e5%85%b7%e5%8c%85%ef%bc%8c%e9%80%82%e7%94%a8%e4%ba%8e%e5%ae%b6%e5%ba%ad%e3%80%81%e5%8a%9e%e5%85%ac%e5%ae%a4%e3%80%81%e5%b0%8f%e5%9e%8b-diy-%e4%bf%ae\/","name":"8-Piece Household Tool Kit for Home & Office | Compact DIY Repair Tools Set","isPartOf":{"@id":"http:\/\/www.uf-tools.com\/ja\/#website"},"primaryImageOfPage":{"@id":"http:\/\/www.uf-tools.com\/zh\/8-%e4%bb%b6%e5%a5%97%e5%ae%b6%e7%94%a8%e5%b7%a5%e5%85%b7%e5%8c%85%ef%bc%8c%e9%80%82%e7%94%a8%e4%ba%8e%e5%ae%b6%e5%ba%ad%e3%80%81%e5%8a%9e%e5%85%ac%e5%ae%a4%e3%80%81%e5%b0%8f%e5%9e%8b-diy-%e4%bf%ae\/#primaryimage"},"image":{"@id":"http:\/\/www.uf-tools.com\/zh\/8-%e4%bb%b6%e5%a5%97%e5%ae%b6%e7%94%a8%e5%b7%a5%e5%85%b7%e5%8c%85%ef%bc%8c%e9%80%82%e7%94%a8%e4%ba%8e%e5%ae%b6%e5%ba%ad%e3%80%81%e5%8a%9e%e5%85%ac%e5%ae%a4%e3%80%81%e5%b0%8f%e5%9e%8b-diy-%e4%bf%ae\/#primaryimage"},"thumbnailUrl":"https:\/\/www.uf-tools.com\/wp-content\/uploads\/2025\/06\/1.jpeg","datePublished":"2025-06-11T04:28:19+00:00","dateModified":"2025-06-11T08:44:20+00:00","description":"This compact 8-piece household tool kit includes a hammer, tape measure, pliers, wrench, screwdriver, and utility knife\u2014perfect for families, college students, and small offices. Ideal for daily home repairs, portable and durable for long-term use.","breadcrumb":{"@id":"http:\/\/www.uf-tools.com\/zh\/8-%e4%bb%b6%e5%a5%97%e5%ae%b6%e7%94%a8%e5%b7%a5%e5%85%b7%e5%8c%85%ef%bc%8c%e9%80%82%e7%94%a8%e4%ba%8e%e5%ae%b6%e5%ba%ad%e3%80%81%e5%8a%9e%e5%85%ac%e5%ae%a4%e3%80%81%e5%b0%8f%e5%9e%8b-diy-%e4%bf%ae\/#breadcrumb"},"inLanguage":"fr-FR","potentialAction":[{"@type":"ReadAction","target":["http:\/\/www.uf-tools.com\/zh\/8-%e4%bb%b6%e5%a5%97%e5%ae%b6%e7%94%a8%e5%b7%a5%e5%85%b7%e5%8c%85%ef%bc%8c%e9%80%82%e7%94%a8%e4%ba%8e%e5%ae%b6%e5%ba%ad%e3%80%81%e5%8a%9e%e5%85%ac%e5%ae%a4%e3%80%81%e5%b0%8f%e5%9e%8b-diy-%e4%bf%ae\/"]}]},{"@type":"ImageObject","inLanguage":"fr-FR","@id":"http:\/\/www.uf-tools.com\/zh\/8-%e4%bb%b6%e5%a5%97%e5%ae%b6%e7%94%a8%e5%b7%a5%e5%85%b7%e5%8c%85%ef%bc%8c%e9%80%82%e7%94%a8%e4%ba%8e%e5%ae%b6%e5%ba%ad%e3%80%81%e5%8a%9e%e5%85%ac%e5%ae%a4%e3%80%81%e5%b0%8f%e5%9e%8b-diy-%e4%bf%ae\/#primaryimage","url":"https:\/\/www.uf-tools.com\/wp-content\/uploads\/2025\/06\/1.jpeg","contentUrl":"https:\/\/www.uf-tools.com\/wp-content\/uploads\/2025\/06\/1.jpeg","width":1000,"height":962},{"@type":"BreadcrumbList","@id":"http:\/\/www.uf-tools.com\/zh\/8-%e4%bb%b6%e5%a5%97%e5%ae%b6%e7%94%a8%e5%b7%a5%e5%85%b7%e5%8c%85%ef%bc%8c%e9%80%82%e7%94%a8%e4%ba%8e%e5%ae%b6%e5%ba%ad%e3%80%81%e5%8a%9e%e5%85%ac%e5%ae%a4%e3%80%81%e5%b0%8f%e5%9e%8b-diy-%e4%bf%ae\/#breadcrumb","itemListElement":[{"@type":"ListItem","position":1,"name":"Home","item":"http:\/\/www.uf-tools.com\/ja\/"},{"@type":"ListItem","position":2,"name":"Shop","item":"http:\/\/www.uf-tools.com\/ja\/shop\/"},{"@type":"ListItem","position":3,"name":"8-Piece Household Tool Kit for Home &#038; Office | Compact DIY Repair Tools Set"}]},{"@type":"WebSite","@id":"http:\/\/www.uf-tools.com\/ja\/#website","url":"http:\/\/www.uf-tools.com\/ja\/","name":"Manufacturer of precision digital repair tools","description":"UF TOOLS","publisher":{"@id":"http:\/\/www.uf-tools.com\/ja\/#organization"},"potentialAction":[{"@type":"SearchAction","target":{"@type":"EntryPoint","urlTemplate":"http:\/\/www.uf-tools.com\/ja\/?s={search_term_string}"},"query-input":{"@type":"PropertyValueSpecification","valueRequired":true,"valueName":"search_term_string"}}],"inLanguage":"fr-FR"},{"@type":"Organization","@id":"http:\/\/www.uf-tools.com\/ja\/#organization","name":"UF Tools Wholesale Suppliers","url":"http:\/\/www.uf-tools.com\/ja\/","logo":{"@type":"ImageObject","inLanguage":"fr-FR","@id":"http:\/\/www.uf-tools.com\/ja\/#\/schema\/logo\/image\/","url":"https:\/\/www.uf-tools.com\/wp-content\/uploads\/2023\/07\/logo-blue.svg","contentUrl":"https:\/\/www.uf-tools.com\/wp-content\/uploads\/2023\/07\/logo-blue.svg","width":242,"height":56,"caption":"UF Tools Wholesale Suppliers"},"image":{"@id":"http:\/\/www.uf-tools.com\/ja\/#\/schema\/logo\/image\/"},"sameAs":["https:\/\/www.facebook.com\/UFTOOLS\/?show_switched_toast=0&show_invite_to_follow=0&show_switched_tooltip=0&show_podcast_settings=0&show_community_review_changes=0&show_community_rollback=0&show_follower_visibility_disclosure=0","https:\/\/x.com\/uftools","https:\/\/www.instagram.com\/youfutools\/","https:\/\/www.pinterest.com\/uftools\/","https:\/\/www.youtube.com\/@uf-tools"]}]}},"_links":{"self":[{"href":"https:\/\/www.uf-tools.com\/fr\/wp-json\/wp\/v2\/product\/19403","targetHints":{"allow":["GET"]}}],"collection":[{"href":"https:\/\/www.uf-tools.com\/fr\/wp-json\/wp\/v2\/product"}],"about":[{"href":"https:\/\/www.uf-tools.com\/fr\/wp-json\/wp\/v2\/types\/product"}],"replies":[{"embeddable":true,"href":"https:\/\/www.uf-tools.com\/fr\/wp-json\/wp\/v2\/comments?post=19403"}],"version-history":[{"count":10,"href":"https:\/\/www.uf-tools.com\/fr\/wp-json\/wp\/v2\/product\/19403\/revisions"}],"predecessor-version":[{"id":19424,"href":"https:\/\/www.uf-tools.com\/fr\/wp-json\/wp\/v2\/product\/19403\/revisions\/19424"}],"wp:featuredmedia":[{"embeddable":true,"href":"https:\/\/www.uf-tools.com\/fr\/wp-json\/wp\/v2\/media\/19404"}],"wp:attachment":[{"href":"https:\/\/www.uf-tools.com\/fr\/wp-json\/wp\/v2\/media?parent=19403"}],"wp:term":[{"taxonomy":"product_cat","embeddable":true,"href":"https:\/\/www.uf-tools.com\/fr\/wp-json\/wp\/v2\/product_cat?post=19403"},{"taxonomy":"product_tag","embeddable":true,"href":"https:\/\/www.uf-tools.com\/fr\/wp-json\/wp\/v2\/product_tag?post=19403"}],"curies":[{"name":"wp","href":"https:\/\/api.w.org\/{rel}","templated":true}]}}