{"id":18497,"date":"2024-09-10T07:41:30","date_gmt":"2024-09-10T07:41:30","guid":{"rendered":"https:\/\/www.uf-tools.com\/?post_type=product&#038;p=18497"},"modified":"2025-06-10T08:04:59","modified_gmt":"2025-06-10T08:04:59","slug":"mini-portable-handheld-battery-spot-welder-11-gear-adjustable","status":"publish","type":"product","link":"https:\/\/www.uf-tools.com\/fr\/mini-soudeur-portatif-a-batterie-11-vitesses-reglable\/","title":{"rendered":"Mini soudeur portatif \u00e0 batterie, 11 vitesses r\u00e9glables"},"content":{"rendered":"<div style=\"text-align: center;\"><iframe loading=\"lazy\" title=\"Lecteur vid\u00e9o YouTube\" src=\"https:\/\/www.youtube.com\/embed\/8FD58WF4ahQ?si=pEeEUG0qMSc3kCH5\" width=\"100%\" height=\"700\" frameborder=\"0\" allowfullscreen=\"allowfullscreen\"><\/iframe><\/div>\n<p><img loading=\"lazy\" decoding=\"async\" class=\"alignnone size-full wp-image-18498\" src=\"https:\/\/www.uf-tools.com\/wp-content\/uploads\/2024\/09\/10_01.png\" alt=\"2200mah \u9ad8\u500d\u7387\u52a8\u529b\u9502\u7535\u6c60 \u5168\u65b0\u7535\u6c60\" width=\"790\" height=\"1375\" srcset=\"https:\/\/www.uf-tools.com\/wp-content\/uploads\/2024\/09\/10_01.png 790w, https:\/\/www.uf-tools.com\/wp-content\/uploads\/2024\/09\/10_01-768x1337.png 768w, https:\/\/www.uf-tools.com\/wp-content\/uploads\/2024\/09\/10_01-7x12.png 7w\" sizes=\"auto, (max-width: 790px) 100vw, 790px\" \/><br \/>\n<img loading=\"lazy\" decoding=\"async\" class=\"alignnone size-full wp-image-18499\" src=\"https:\/\/www.uf-tools.com\/wp-content\/uploads\/2024\/09\/10_02.png\" alt=\"\u4eae\u70b9\u4f18\u52bf \u53cc\u8109\u51b2\u70b9\u710a \u5168\u65b0\u7535\u6c602200mah \u53ef\u710a\u63a50.3mm\u9540\u954d\u94a2\u677f TFT\u5f69\u5c4f \u4fbf\u643a\u5c0f\u5de7 \u94dd\u5408\u91d1\u673a\u8eab \u624b\u52a8\/\u81ea\u52a8\u6a21\u5f0f\u5207\u6362 \u70b9\u710a\u8ba1\u6570 \u5b9a\u65f6\u5173\u673a \u7535\u6c60\u72b6\u6001\u76d1\u6d4b\" width=\"790\" height=\"1289\" srcset=\"https:\/\/www.uf-tools.com\/wp-content\/uploads\/2024\/09\/10_02.png 790w, https:\/\/www.uf-tools.com\/wp-content\/uploads\/2024\/09\/10_02-768x1253.png 768w, https:\/\/www.uf-tools.com\/wp-content\/uploads\/2024\/09\/10_02-7x12.png 7w\" sizes=\"auto, (max-width: 790px) 100vw, 790px\" \/><br \/>\n<img loading=\"lazy\" decoding=\"async\" class=\"alignnone size-full wp-image-18500\" src=\"https:\/\/www.uf-tools.com\/wp-content\/uploads\/2024\/09\/10_03.png\" alt=\"\u6c27\u5316\u94dd\u948e\u710a\u9488 \u710a\u63a5\u6027\u80fd-\u53ef\u710a\u63a50.3MM \u710a\u63a5\u7262\u56fa\u3001\u710a\u70b9\u5706\u6574 E(\u80fd\u91cf) 1.0 0.8 0.6 0.4 0.2 0 \u710a\u63a5\u8109\u51b2 \u9664\u81ed\u8109\u51b2 100 200 300 400 500 T(\u6beb\u79d2) 600 \u9540\u954d\u94a2\u677f0.3mm(max)\" width=\"790\" height=\"1470\" srcset=\"https:\/\/www.uf-tools.com\/wp-content\/uploads\/2024\/09\/10_03.png 790w, https:\/\/www.uf-tools.com\/wp-content\/uploads\/2024\/09\/10_03-768x1429.png 768w, https:\/\/www.uf-tools.com\/wp-content\/uploads\/2024\/09\/10_03-6x12.png 6w\" sizes=\"auto, (max-width: 790px) 100vw, 790px\" \/><br \/>\n<img loading=\"lazy\" decoding=\"async\" class=\"alignnone size-full wp-image-18501\" src=\"https:\/\/www.uf-tools.com\/wp-content\/uploads\/2024\/09\/10_04.png\" alt=\"1.33 TFT\u53ef\u89c6\u5316\u9ad8\u6e05\u5f69\u5c4f \u663e\u793a\u6e05\u6670\uff0c\u72b6\u6001\u4e00\u76ee\u4e86\u7136\uff0c\u66f4\u667a\u80fd\u3001\u66f4\u7cbe\u51c6\u3001\u66f4\u4eba\u6027\u5316 NORM 25\u00b0C\u5012\u8ba1\u65f6\u7b49\u5f85\u6863\u4f4d \u0644\u0644\u0644\u0644\u0627 Auto 116 02 0000 \u7535\u6c60\u72b6\u6001\u8b66\u62a5 \u70b9\u710a\u72b6\u6001\u63d0\u793a \u70b9\u710a\u6570\u91cf 8 \u7535\u6c60\u8868\u9762\u6e29\u5ea6 \u4f11\u7720\u5012\u8ba1\u65f6\u6863\u4f4d \u56fe\u6848\u9009\u62e9\" width=\"790\" height=\"1479\" srcset=\"https:\/\/www.uf-tools.com\/wp-content\/uploads\/2024\/09\/10_04.png 790w, https:\/\/www.uf-tools.com\/wp-content\/uploads\/2024\/09\/10_04-768x1438.png 768w, https:\/\/www.uf-tools.com\/wp-content\/uploads\/2024\/09\/10_04-6x12.png 6w\" sizes=\"auto, (max-width: 790px) 100vw, 790px\" \/><br \/>\n<img loading=\"lazy\" decoding=\"async\" class=\"alignnone size-full wp-image-18502\" src=\"https:\/\/www.uf-tools.com\/wp-content\/uploads\/2024\/09\/10_05.png\" alt=\"\u91d1\u5c5e\u673a\u8eab\u770b\u5f97\u89c1\u7684\u4f18\u8d28\uff0c\u575a\u56fa\u7684\u5916\u58f3\uff0c\u7535\u6c60\u4fdd\u62a4\u7cbe\u81f4\u7684\u8d28\u611f\u4fdd\u62a4\u7535\u6c60\" width=\"790\" height=\"1489\" srcset=\"https:\/\/www.uf-tools.com\/wp-content\/uploads\/2024\/09\/10_05.png 790w, https:\/\/www.uf-tools.com\/wp-content\/uploads\/2024\/09\/10_05-768x1448.png 768w, https:\/\/www.uf-tools.com\/wp-content\/uploads\/2024\/09\/10_05-6x12.png 6w\" sizes=\"auto, (max-width: 790px) 100vw, 790px\" \/><br \/>\n<img loading=\"lazy\" decoding=\"async\" class=\"alignnone size-full wp-image-18503\" src=\"https:\/\/www.uf-tools.com\/wp-content\/uploads\/2024\/09\/10_06.png\" alt=\"\u4fbf\u643a\u5c0f\u5de7 \u6613\u4e8e\u5b58\u653e\uff0c\u65b9\u4fbf\u643a\u5e26\uff0c\u5de5\u4f5c\u66f4\u4fbf\u6377\uff0c\u53cc\u624b\u4e0d\u7d2f\" width=\"790\" height=\"1138\" srcset=\"https:\/\/www.uf-tools.com\/wp-content\/uploads\/2024\/09\/10_06.png 790w, https:\/\/www.uf-tools.com\/wp-content\/uploads\/2024\/09\/10_06-768x1106.png 768w, https:\/\/www.uf-tools.com\/wp-content\/uploads\/2024\/09\/10_06-8x12.png 8w\" sizes=\"auto, (max-width: 790px) 100vw, 790px\" \/><br \/>\n<img loading=\"lazy\" decoding=\"async\" class=\"alignnone size-full wp-image-18504\" src=\"https:\/\/www.uf-tools.com\/wp-content\/uploads\/2024\/09\/10_07.png\" alt=\"\u5b9a\u65f6\u5173\u673a\u4f11\u7720\u907f\u514d\u7535\u529b\u6d6a\u8d39\uff0c\u589e\u52a0\u5b89\u5168\u6027\" width=\"790\" height=\"1199\" srcset=\"https:\/\/www.uf-tools.com\/wp-content\/uploads\/2024\/09\/10_07.png 790w, https:\/\/www.uf-tools.com\/wp-content\/uploads\/2024\/09\/10_07-768x1166.png 768w, https:\/\/www.uf-tools.com\/wp-content\/uploads\/2024\/09\/10_07-8x12.png 8w\" sizes=\"auto, (max-width: 790px) 100vw, 790px\" \/><br \/>\n<img loading=\"lazy\" decoding=\"async\" class=\"alignnone size-full wp-image-18505\" src=\"https:\/\/www.uf-tools.com\/wp-content\/uploads\/2024\/09\/10_08.png\" alt=\"\u7528\u9014\u5e7f\u6cdb \u8f7b\u677e\u5e94\u5bf9\u591a\u79cd\u573a\u666f\" width=\"790\" height=\"1280\" srcset=\"https:\/\/www.uf-tools.com\/wp-content\/uploads\/2024\/09\/10_08.png 790w, https:\/\/www.uf-tools.com\/wp-content\/uploads\/2024\/09\/10_08-768x1244.png 768w, https:\/\/www.uf-tools.com\/wp-content\/uploads\/2024\/09\/10_08-7x12.png 7w\" sizes=\"auto, (max-width: 790px) 100vw, 790px\" \/><br \/>\n<img loading=\"lazy\" decoding=\"async\" class=\"alignnone size-full wp-image-18506\" src=\"https:\/\/www.uf-tools.com\/wp-content\/uploads\/2024\/09\/10_09.png\" alt=\"\u4ea7\u54c1\u53c2\u6570 \u770b\u5f97\u89c1\u7684\u4f18\u826f\u54c1\u8d28 - \u041e \u4ea7\u54c1\u540d\u79f0 \u4ea7\u54c1\u5c3a\u5bf8 \u4fbf\u643a\u5f0f\u624b\u6301\u70b9\u710a\u673a 186mm*44mm*21mm \u4ea7\u54c1\u91cd\u91cf 160g \u5145\u7535\u63a5\u53e3 \u0422\u0443\u0440\u0435-\u0441 \u5145\u7535\u53c2\u6570 5V\/1A \u9540\u954d\u94a2\u5e26\u539a\u5ea6\u53ef\u70b9\u710a0.1-0.3mm \u7535\u6c60\u7c7b\u578b \u9502\u805a\u5408\u7269\u7535\u6c60 \u7535\u6c60\u5bb9\u91cf 2200mAh\" width=\"790\" height=\"1479\" srcset=\"https:\/\/www.uf-tools.com\/wp-content\/uploads\/2024\/09\/10_09.png 790w, https:\/\/www.uf-tools.com\/wp-content\/uploads\/2024\/09\/10_09-768x1438.png 768w, https:\/\/www.uf-tools.com\/wp-content\/uploads\/2024\/09\/10_09-6x12.png 6w\" sizes=\"auto, (max-width: 790px) 100vw, 790px\" \/><br \/>\n<img loading=\"lazy\" decoding=\"async\" class=\"alignnone size-full wp-image-18507\" src=\"https:\/\/www.uf-tools.com\/wp-content\/uploads\/2024\/09\/10_10.png\" alt=\"\u4ea7\u54c1\u5217\u8868 \u4fbf\u643a\u5f0f\u70b9\u710a\u673a\u89c4\u683c - \u4e3b\u673a @ \u8bf4\u660e\u4e66 3 \u954d\u677f @ \u5305\u88c5\u76d2\" width=\"790\" height=\"1209\" srcset=\"https:\/\/www.uf-tools.com\/wp-content\/uploads\/2024\/09\/10_10.png 790w, https:\/\/www.uf-tools.com\/wp-content\/uploads\/2024\/09\/10_10-768x1175.png 768w, https:\/\/www.uf-tools.com\/wp-content\/uploads\/2024\/09\/10_10-8x12.png 8w\" sizes=\"auto, (max-width: 790px) 100vw, 790px\" \/><\/p>","protected":false},"excerpt":{"rendered":"<p>Conception portable - Le poste de soudage par points portatif ne n\u00e9cessite pas de stylo de soudage par points suppl\u00e9mentaire, ce qui le rend portable et permet de l'emmener n'importe o\u00f9. Il combine une alimentation \u00e9lectrique int\u00e9gr\u00e9e et un stylo de soudage en une seule unit\u00e9, ce qui permet de souder facilement sans stylo de soudage externe.<\/p>\n<p>Large application - Convient au soudage des piles au lithium cylindriques telles que 18650\/26650\/36650, des piles de t\u00e9l\u00e9phone portable, des piles NiMH et des piles NiCd. Il peut \u00e9galement \u00eatre utilis\u00e9 pour souder des plaques de fer, d'acier et d'acier inoxydable d'une \u00e9paisseur inf\u00e9rieure \u00e0 0,15 mm\/0,007 pouces \u00e0 d'autres mat\u00e9riaux en fer, en acier et en acier inoxydable.<\/p>\n<p>11 niveaux r\u00e9glables - Ce mini-soudeur par points dispose de 11 puissances de sortie r\u00e9glables qui peuvent \u00eatre ajust\u00e9es en fonction des diff\u00e9rents mat\u00e9riaux que vous soudez par points. Les niveaux 1 \u00e0 3 correspondent aux batteries de t\u00e9l\u00e9phone portable, les niveaux 3 \u00e0 6 aux plaques de nickel de 0,1 mm et les niveaux 6 \u00e0 11 aux plaques de nickel de 0,12 \u00e0 0,15. L'appareil peut effectuer plus de 200 soudures par points avec une seule charge.<\/p>\n<p>Facile \u00e0 utiliser - Le poste \u00e0 souder par points ne contient que deux boutons, qui peuvent \u00eatre utilis\u00e9s facilement et commod\u00e9ment d'une seule main. Appuyez sur le bouton marche\/arr\u00eat situ\u00e9 sur le c\u00f4t\u00e9 avec votre majeur pendant 2 secondes, appuyez une fois sur le bouton de r\u00e9glage de la vitesse situ\u00e9 sur le dessus avec votre index, puis appuyez dessus pendant 2 secondes pour r\u00e9gler le mode automatique ou manuel.<\/p>\n<p>Utilisation s\u00fbre - Le poste \u00e0 souder par points est \u00e9quip\u00e9 de batteries polym\u00e8res de haute qualit\u00e9, d'une protection contre la surcharge, d'une protection contre la temp\u00e9rature, d'une protection contre les courts-circuits, d'une alarme en cas de temp\u00e9rature anormale de la batterie et d'une fonction d'interruption de la soudure par points, d'une alarme de faible tension de la batterie. Tr\u00e8s faible consommation d'\u00e9nergie, temps de veille plus long.<\/p>","protected":false},"featured_media":18508,"comment_status":"closed","ping_status":"closed","template":"","meta":[],"product_cat":[15],"product_tag":[],"class_list":{"0":"post-18497","1":"product","2":"type-product","3":"status-publish","4":"has-post-thumbnail","6":"product_cat-other-tools","7":"product_brand-uf-tools","9":"first","10":"outofstock","11":"sale","12":"taxable","13":"shipping-taxable","14":"purchasable","15":"product-type-simple"},"yoast_head":"<!-- This site is optimized with the Yoast SEO plugin v26.9 - https:\/\/yoast.com\/product\/yoast-seo-wordpress\/ -->\n<title>Mini Portable Handheld Battery Spot Welder, 11 Gear Adjustable<\/title>\n<meta name=\"description\" content=\"handheld spot welder does not require additional spot welder pens and is portable and easy to go anywhere.\" \/>\n<meta name=\"robots\" content=\"index, follow, max-snippet:-1, max-image-preview:large, max-video-preview:-1\" \/>\n<link rel=\"canonical\" href=\"http:\/\/www.uf-tools.com\/fr\/mini-soudeur-portatif-a-batterie-11-vitesses-reglable\/\" \/>\n<meta property=\"og:locale\" content=\"fr_FR\" \/>\n<meta property=\"og:type\" content=\"article\" \/>\n<meta property=\"og:title\" content=\"Mini Portable Handheld Battery Spot Welder, 11 Gear Adjustable\" \/>\n<meta property=\"og:description\" content=\"handheld spot welder does not require additional spot welder pens and is portable and easy to go anywhere.\" \/>\n<meta property=\"og:url\" content=\"http:\/\/www.uf-tools.com\/fr\/mini-soudeur-portatif-a-batterie-11-vitesses-reglable\/\" \/>\n<meta property=\"og:site_name\" content=\"UF Tools Wholesale Suppliers\" \/>\n<meta property=\"article:publisher\" content=\"https:\/\/www.facebook.com\/UFTOOLS\/?show_switched_toast=0&amp;show_invite_to_follow=0&amp;show_switched_tooltip=0&amp;show_podcast_settings=0&amp;show_community_review_changes=0&amp;show_community_rollback=0&amp;show_follower_visibility_disclosure=0\" \/>\n<meta property=\"article:modified_time\" content=\"2025-06-10T08:04:59+00:00\" \/>\n<meta property=\"og:image\" content=\"http:\/\/www.uf-tools.com\/wp-content\/uploads\/2024\/09\/\u4e3b.jpg\" \/>\n\t<meta property=\"og:image:width\" content=\"800\" \/>\n\t<meta property=\"og:image:height\" content=\"800\" \/>\n\t<meta property=\"og:image:type\" content=\"image\/jpeg\" \/>\n<meta name=\"twitter:card\" content=\"summary_large_image\" \/>\n<meta name=\"twitter:site\" content=\"@uftools\" \/>\n<meta name=\"twitter:label1\" content=\"Dur\u00e9e de lecture estim\u00e9e\" \/>\n\t<meta name=\"twitter:data1\" content=\"3 minutes\" \/>\n<script type=\"application\/ld+json\" class=\"yoast-schema-graph\">{\"@context\":\"https:\/\/schema.org\",\"@graph\":[{\"@type\":\"WebPage\",\"@id\":\"http:\/\/www.uf-tools.com\/zh\/%e5%be%ae%e5%9e%8b%e4%be%bf%e6%90%ba%e5%bc%8f%e6%89%8b%e6%8c%81%e7%94%b5%e6%b1%a0%e7%82%b9%e7%84%8a%e6%9c%ba-11-%e6%a1%a3%e5%8f%af%e8%b0%83\/\",\"url\":\"http:\/\/www.uf-tools.com\/zh\/%e5%be%ae%e5%9e%8b%e4%be%bf%e6%90%ba%e5%bc%8f%e6%89%8b%e6%8c%81%e7%94%b5%e6%b1%a0%e7%82%b9%e7%84%8a%e6%9c%ba-11-%e6%a1%a3%e5%8f%af%e8%b0%83\/\",\"name\":\"Mini Portable Handheld Battery Spot Welder, 11 Gear Adjustable\",\"isPartOf\":{\"@id\":\"http:\/\/www.uf-tools.com\/ja\/#website\"},\"primaryImageOfPage\":{\"@id\":\"http:\/\/www.uf-tools.com\/zh\/%e5%be%ae%e5%9e%8b%e4%be%bf%e6%90%ba%e5%bc%8f%e6%89%8b%e6%8c%81%e7%94%b5%e6%b1%a0%e7%82%b9%e7%84%8a%e6%9c%ba-11-%e6%a1%a3%e5%8f%af%e8%b0%83\/#primaryimage\"},\"image\":{\"@id\":\"http:\/\/www.uf-tools.com\/zh\/%e5%be%ae%e5%9e%8b%e4%be%bf%e6%90%ba%e5%bc%8f%e6%89%8b%e6%8c%81%e7%94%b5%e6%b1%a0%e7%82%b9%e7%84%8a%e6%9c%ba-11-%e6%a1%a3%e5%8f%af%e8%b0%83\/#primaryimage\"},\"thumbnailUrl\":\"https:\/\/www.uf-tools.com\/wp-content\/uploads\/2024\/09\/\u4e3b.jpg\",\"datePublished\":\"2024-09-10T07:41:30+00:00\",\"dateModified\":\"2025-06-10T08:04:59+00:00\",\"description\":\"handheld spot welder does not require additional spot welder pens and is portable and easy to go anywhere.\",\"breadcrumb\":{\"@id\":\"http:\/\/www.uf-tools.com\/zh\/%e5%be%ae%e5%9e%8b%e4%be%bf%e6%90%ba%e5%bc%8f%e6%89%8b%e6%8c%81%e7%94%b5%e6%b1%a0%e7%82%b9%e7%84%8a%e6%9c%ba-11-%e6%a1%a3%e5%8f%af%e8%b0%83\/#breadcrumb\"},\"inLanguage\":\"fr-FR\",\"potentialAction\":[{\"@type\":\"ReadAction\",\"target\":[\"http:\/\/www.uf-tools.com\/zh\/%e5%be%ae%e5%9e%8b%e4%be%bf%e6%90%ba%e5%bc%8f%e6%89%8b%e6%8c%81%e7%94%b5%e6%b1%a0%e7%82%b9%e7%84%8a%e6%9c%ba-11-%e6%a1%a3%e5%8f%af%e8%b0%83\/\"]}]},{\"@type\":\"ImageObject\",\"inLanguage\":\"fr-FR\",\"@id\":\"http:\/\/www.uf-tools.com\/zh\/%e5%be%ae%e5%9e%8b%e4%be%bf%e6%90%ba%e5%bc%8f%e6%89%8b%e6%8c%81%e7%94%b5%e6%b1%a0%e7%82%b9%e7%84%8a%e6%9c%ba-11-%e6%a1%a3%e5%8f%af%e8%b0%83\/#primaryimage\",\"url\":\"https:\/\/www.uf-tools.com\/wp-content\/uploads\/2024\/09\/\u4e3b.jpg\",\"contentUrl\":\"https:\/\/www.uf-tools.com\/wp-content\/uploads\/2024\/09\/\u4e3b.jpg\",\"width\":800,\"height\":800},{\"@type\":\"BreadcrumbList\",\"@id\":\"http:\/\/www.uf-tools.com\/zh\/%e5%be%ae%e5%9e%8b%e4%be%bf%e6%90%ba%e5%bc%8f%e6%89%8b%e6%8c%81%e7%94%b5%e6%b1%a0%e7%82%b9%e7%84%8a%e6%9c%ba-11-%e6%a1%a3%e5%8f%af%e8%b0%83\/#breadcrumb\",\"itemListElement\":[{\"@type\":\"ListItem\",\"position\":1,\"name\":\"Home\",\"item\":\"http:\/\/www.uf-tools.com\/ja\/\"},{\"@type\":\"ListItem\",\"position\":2,\"name\":\"Shop\",\"item\":\"http:\/\/www.uf-tools.com\/ja\/shop\/\"},{\"@type\":\"ListItem\",\"position\":3,\"name\":\"Mini Portable Handheld Battery Spot Welder, 11 Gear Adjustable\"}]},{\"@type\":\"WebSite\",\"@id\":\"http:\/\/www.uf-tools.com\/ja\/#website\",\"url\":\"http:\/\/www.uf-tools.com\/ja\/\",\"name\":\"Manufacturer of precision digital repair tools\",\"description\":\"UF TOOLS\",\"publisher\":{\"@id\":\"http:\/\/www.uf-tools.com\/ja\/#organization\"},\"potentialAction\":[{\"@type\":\"SearchAction\",\"target\":{\"@type\":\"EntryPoint\",\"urlTemplate\":\"http:\/\/www.uf-tools.com\/ja\/?s={search_term_string}\"},\"query-input\":{\"@type\":\"PropertyValueSpecification\",\"valueRequired\":true,\"valueName\":\"search_term_string\"}}],\"inLanguage\":\"fr-FR\"},{\"@type\":\"Organization\",\"@id\":\"http:\/\/www.uf-tools.com\/ja\/#organization\",\"name\":\"UF Tools Wholesale Suppliers\",\"url\":\"http:\/\/www.uf-tools.com\/ja\/\",\"logo\":{\"@type\":\"ImageObject\",\"inLanguage\":\"fr-FR\",\"@id\":\"http:\/\/www.uf-tools.com\/ja\/#\/schema\/logo\/image\/\",\"url\":\"https:\/\/www.uf-tools.com\/wp-content\/uploads\/2023\/07\/logo-blue.svg\",\"contentUrl\":\"https:\/\/www.uf-tools.com\/wp-content\/uploads\/2023\/07\/logo-blue.svg\",\"width\":242,\"height\":56,\"caption\":\"UF Tools Wholesale Suppliers\"},\"image\":{\"@id\":\"http:\/\/www.uf-tools.com\/ja\/#\/schema\/logo\/image\/\"},\"sameAs\":[\"https:\/\/www.facebook.com\/UFTOOLS\/?show_switched_toast=0&show_invite_to_follow=0&show_switched_tooltip=0&show_podcast_settings=0&show_community_review_changes=0&show_community_rollback=0&show_follower_visibility_disclosure=0\",\"https:\/\/x.com\/uftools\",\"https:\/\/www.instagram.com\/youfutools\/\",\"https:\/\/www.pinterest.com\/uftools\/\",\"https:\/\/www.youtube.com\/@uf-tools\"]}]}<\/script>\n<!-- \/ Yoast SEO plugin. -->","yoast_head_json":{"title":"Mini Portable Handheld Battery Spot Welder, 11 Gear Adjustable","description":"handheld spot welder does not require additional spot welder pens and is portable and easy to go anywhere.","robots":{"index":"index","follow":"follow","max-snippet":"max-snippet:-1","max-image-preview":"max-image-preview:large","max-video-preview":"max-video-preview:-1"},"canonical":"http:\/\/www.uf-tools.com\/fr\/mini-soudeur-portatif-a-batterie-11-vitesses-reglable\/","og_locale":"fr_FR","og_type":"article","og_title":"Mini Portable Handheld Battery Spot Welder, 11 Gear Adjustable","og_description":"handheld spot welder does not require additional spot welder pens and is portable and easy to go anywhere.","og_url":"http:\/\/www.uf-tools.com\/fr\/mini-soudeur-portatif-a-batterie-11-vitesses-reglable\/","og_site_name":"UF Tools Wholesale Suppliers","article_publisher":"https:\/\/www.facebook.com\/UFTOOLS\/?show_switched_toast=0&show_invite_to_follow=0&show_switched_tooltip=0&show_podcast_settings=0&show_community_review_changes=0&show_community_rollback=0&show_follower_visibility_disclosure=0","article_modified_time":"2025-06-10T08:04:59+00:00","og_image":[{"width":800,"height":800,"url":"http:\/\/www.uf-tools.com\/wp-content\/uploads\/2024\/09\/\u4e3b.jpg","type":"image\/jpeg"}],"twitter_card":"summary_large_image","twitter_site":"@uftools","twitter_misc":{"Dur\u00e9e de lecture estim\u00e9e":"3 minutes"},"schema":{"@context":"https:\/\/schema.org","@graph":[{"@type":"WebPage","@id":"http:\/\/www.uf-tools.com\/zh\/%e5%be%ae%e5%9e%8b%e4%be%bf%e6%90%ba%e5%bc%8f%e6%89%8b%e6%8c%81%e7%94%b5%e6%b1%a0%e7%82%b9%e7%84%8a%e6%9c%ba-11-%e6%a1%a3%e5%8f%af%e8%b0%83\/","url":"http:\/\/www.uf-tools.com\/zh\/%e5%be%ae%e5%9e%8b%e4%be%bf%e6%90%ba%e5%bc%8f%e6%89%8b%e6%8c%81%e7%94%b5%e6%b1%a0%e7%82%b9%e7%84%8a%e6%9c%ba-11-%e6%a1%a3%e5%8f%af%e8%b0%83\/","name":"Mini Portable Handheld Battery Spot Welder, 11 Gear Adjustable","isPartOf":{"@id":"http:\/\/www.uf-tools.com\/ja\/#website"},"primaryImageOfPage":{"@id":"http:\/\/www.uf-tools.com\/zh\/%e5%be%ae%e5%9e%8b%e4%be%bf%e6%90%ba%e5%bc%8f%e6%89%8b%e6%8c%81%e7%94%b5%e6%b1%a0%e7%82%b9%e7%84%8a%e6%9c%ba-11-%e6%a1%a3%e5%8f%af%e8%b0%83\/#primaryimage"},"image":{"@id":"http:\/\/www.uf-tools.com\/zh\/%e5%be%ae%e5%9e%8b%e4%be%bf%e6%90%ba%e5%bc%8f%e6%89%8b%e6%8c%81%e7%94%b5%e6%b1%a0%e7%82%b9%e7%84%8a%e6%9c%ba-11-%e6%a1%a3%e5%8f%af%e8%b0%83\/#primaryimage"},"thumbnailUrl":"https:\/\/www.uf-tools.com\/wp-content\/uploads\/2024\/09\/\u4e3b.jpg","datePublished":"2024-09-10T07:41:30+00:00","dateModified":"2025-06-10T08:04:59+00:00","description":"handheld spot welder does not require additional spot welder pens and is portable and easy to go anywhere.","breadcrumb":{"@id":"http:\/\/www.uf-tools.com\/zh\/%e5%be%ae%e5%9e%8b%e4%be%bf%e6%90%ba%e5%bc%8f%e6%89%8b%e6%8c%81%e7%94%b5%e6%b1%a0%e7%82%b9%e7%84%8a%e6%9c%ba-11-%e6%a1%a3%e5%8f%af%e8%b0%83\/#breadcrumb"},"inLanguage":"fr-FR","potentialAction":[{"@type":"ReadAction","target":["http:\/\/www.uf-tools.com\/zh\/%e5%be%ae%e5%9e%8b%e4%be%bf%e6%90%ba%e5%bc%8f%e6%89%8b%e6%8c%81%e7%94%b5%e6%b1%a0%e7%82%b9%e7%84%8a%e6%9c%ba-11-%e6%a1%a3%e5%8f%af%e8%b0%83\/"]}]},{"@type":"ImageObject","inLanguage":"fr-FR","@id":"http:\/\/www.uf-tools.com\/zh\/%e5%be%ae%e5%9e%8b%e4%be%bf%e6%90%ba%e5%bc%8f%e6%89%8b%e6%8c%81%e7%94%b5%e6%b1%a0%e7%82%b9%e7%84%8a%e6%9c%ba-11-%e6%a1%a3%e5%8f%af%e8%b0%83\/#primaryimage","url":"https:\/\/www.uf-tools.com\/wp-content\/uploads\/2024\/09\/\u4e3b.jpg","contentUrl":"https:\/\/www.uf-tools.com\/wp-content\/uploads\/2024\/09\/\u4e3b.jpg","width":800,"height":800},{"@type":"BreadcrumbList","@id":"http:\/\/www.uf-tools.com\/zh\/%e5%be%ae%e5%9e%8b%e4%be%bf%e6%90%ba%e5%bc%8f%e6%89%8b%e6%8c%81%e7%94%b5%e6%b1%a0%e7%82%b9%e7%84%8a%e6%9c%ba-11-%e6%a1%a3%e5%8f%af%e8%b0%83\/#breadcrumb","itemListElement":[{"@type":"ListItem","position":1,"name":"Home","item":"http:\/\/www.uf-tools.com\/ja\/"},{"@type":"ListItem","position":2,"name":"Shop","item":"http:\/\/www.uf-tools.com\/ja\/shop\/"},{"@type":"ListItem","position":3,"name":"Mini Portable Handheld Battery Spot Welder, 11 Gear Adjustable"}]},{"@type":"WebSite","@id":"http:\/\/www.uf-tools.com\/ja\/#website","url":"http:\/\/www.uf-tools.com\/ja\/","name":"Manufacturer of precision digital repair tools","description":"UF TOOLS","publisher":{"@id":"http:\/\/www.uf-tools.com\/ja\/#organization"},"potentialAction":[{"@type":"SearchAction","target":{"@type":"EntryPoint","urlTemplate":"http:\/\/www.uf-tools.com\/ja\/?s={search_term_string}"},"query-input":{"@type":"PropertyValueSpecification","valueRequired":true,"valueName":"search_term_string"}}],"inLanguage":"fr-FR"},{"@type":"Organization","@id":"http:\/\/www.uf-tools.com\/ja\/#organization","name":"UF Tools Wholesale Suppliers","url":"http:\/\/www.uf-tools.com\/ja\/","logo":{"@type":"ImageObject","inLanguage":"fr-FR","@id":"http:\/\/www.uf-tools.com\/ja\/#\/schema\/logo\/image\/","url":"https:\/\/www.uf-tools.com\/wp-content\/uploads\/2023\/07\/logo-blue.svg","contentUrl":"https:\/\/www.uf-tools.com\/wp-content\/uploads\/2023\/07\/logo-blue.svg","width":242,"height":56,"caption":"UF Tools Wholesale Suppliers"},"image":{"@id":"http:\/\/www.uf-tools.com\/ja\/#\/schema\/logo\/image\/"},"sameAs":["https:\/\/www.facebook.com\/UFTOOLS\/?show_switched_toast=0&show_invite_to_follow=0&show_switched_tooltip=0&show_podcast_settings=0&show_community_review_changes=0&show_community_rollback=0&show_follower_visibility_disclosure=0","https:\/\/x.com\/uftools","https:\/\/www.instagram.com\/youfutools\/","https:\/\/www.pinterest.com\/uftools\/","https:\/\/www.youtube.com\/@uf-tools"]}]}},"_links":{"self":[{"href":"https:\/\/www.uf-tools.com\/fr\/wp-json\/wp\/v2\/product\/18497","targetHints":{"allow":["GET"]}}],"collection":[{"href":"https:\/\/www.uf-tools.com\/fr\/wp-json\/wp\/v2\/product"}],"about":[{"href":"https:\/\/www.uf-tools.com\/fr\/wp-json\/wp\/v2\/types\/product"}],"replies":[{"embeddable":true,"href":"https:\/\/www.uf-tools.com\/fr\/wp-json\/wp\/v2\/comments?post=18497"}],"version-history":[{"count":1,"href":"https:\/\/www.uf-tools.com\/fr\/wp-json\/wp\/v2\/product\/18497\/revisions"}],"predecessor-version":[{"id":19402,"href":"https:\/\/www.uf-tools.com\/fr\/wp-json\/wp\/v2\/product\/18497\/revisions\/19402"}],"wp:featuredmedia":[{"embeddable":true,"href":"https:\/\/www.uf-tools.com\/fr\/wp-json\/wp\/v2\/media\/18508"}],"wp:attachment":[{"href":"https:\/\/www.uf-tools.com\/fr\/wp-json\/wp\/v2\/media?parent=18497"}],"wp:term":[{"taxonomy":"product_cat","embeddable":true,"href":"https:\/\/www.uf-tools.com\/fr\/wp-json\/wp\/v2\/product_cat?post=18497"},{"taxonomy":"product_tag","embeddable":true,"href":"https:\/\/www.uf-tools.com\/fr\/wp-json\/wp\/v2\/product_tag?post=18497"}],"curies":[{"name":"wp","href":"https:\/\/api.w.org\/{rel}","templated":true}]}}