{"id":18278,"date":"2024-05-23T07:23:15","date_gmt":"2024-05-23T07:23:15","guid":{"rendered":"https:\/\/www.uf-tools.com\/?post_type=product&#038;p=18278"},"modified":"2025-02-21T09:22:37","modified_gmt":"2025-02-21T09:22:37","slug":"33-in-1-high-quality-household-diy-repair-tool-kit-screwdriver-set-bicycle-maintenance-tools-s2-steel","status":"publish","type":"product","link":"https:\/\/www.uf-tools.com\/fr\/33-en-1-kit-doutils-de-reparation-de-haute-qualite-pour-la-maison-ensemble-de-tournevis-outils-dentretien-de-bicyclette-s2-acier\/","title":{"rendered":"33 en 1 Kit d'outils de r\u00e9paration de haute qualit\u00e9 pour la maison Ensemble de tournevis Outils d'entretien de bicyclette Acier S2"},"content":{"rendered":"<div style=\"text-align: center;\">\n<iframe loading=\"lazy\" width=\"100%\" height=\"700\" src=\"https:\/\/www.youtube.com\/embed\/_hQkmHxqnn0?si=ZQT_cpG83InLYB-t\" title=\"Lecteur vid\u00e9o YouTube\" frameborder=\"0\" allow=\"accelerometer; autoplay; clipboard-write; encrypted-media; gyroscope; picture-in-picture; web-share\" referrerpolicy=\"strict-origin-when-cross-origin\" allowfullscreen><\/iframe>\n<\/div>\n<p><img decoding=\"async\" class=\"aligncenter\" alt=\"33 en 1 Jeu de tournevis hexagonaux multifonctions Embouts nickel\u00e9s S2 Avec d\u00e9tecteur d&#039;\u00e9lectricit\u00e9 Fonction stylo I Tournevis \u00e0 cliquet I La coque peut \u00eatre personnalis\u00e9e\" title=\"33 en 1 Jeu de tournevis hexagonaux multifonctions Embouts nickel\u00e9s S2 Avec d\u00e9tecteur d&#039;\u00e9lectricit\u00e9 Fonction stylo I Tournevis \u00e0 cliquet I La coque peut \u00eatre personnalis\u00e9e\" src=\"https:\/\/www.youfutools.com\/static\/upload\/image\/20240125\/1706164652186234.jpg\" \/><\/p>\n<p style=\"text-align: center;\"><img decoding=\"async\" class=\"aligncenter\" alt=\"Jeu de tournevis multifonctions S2 Embouts nickel\u00e9s Avantages D\u00e9tecteur d&#039;\u00e9lectricit\u00e9 Fonction stylo Avantages Poign\u00e9e \u00e0 cliquet O00 Avantages D\u00e9tails plus d\u00e9licats Avantages\" title=\"Jeu de tournevis multifonctions S2 Embouts nickel\u00e9s Avantages D\u00e9tecteur d&#039;\u00e9lectricit\u00e9 Fonction stylo Avantages Poign\u00e9e \u00e0 cliquet O00 Avantages D\u00e9tails plus d\u00e9licats Avantages\" src=\"https:\/\/www.youfutools.com\/static\/upload\/image\/20240125\/1706164653144517.jpg\" \/><\/p>\n<p style=\"text-align: center;\"><img decoding=\"async\" class=\"aligncenter\" alt=\"Poign\u00e9e ergonomique Utilisation prolong\u00e9e sans fatigue Combine les fonctions de tournevis et de stylo \u00e9lectrique en une seule, conception \u00e0 cliquet. r\u00e9glage positif et n\u00e9gatif. Saisie en un seul clic. Poign\u00e9e envelopp\u00e9e de caoutchouc souple. Avec deux types de tiges isol\u00e9es, il a \u00e9galement la fonction d&#039;un stylo d\u00e9tecteur d&#039;\u00e9lectricit\u00e9, et la s\u00e9curit\u00e9 de l&#039;entretien est plus importante. \u00c9vitez les divers risques de s\u00e9curit\u00e9 li\u00e9s \u00e0 l&#039;entretien des circuits. Tournez \u00e0 gauche pour serrer Centre, gauche et droite peuvent \u00eatre tourn\u00e9s Tournez \u00e0 droite pour rel\u00e2cher 2 Appuyez vers le bas pour faire sortir le m\u00e9canisme \u00e0 cliquet et remplacer le levier de lot isol\u00e9. CR-V\" title=\"Poign\u00e9e ergonomique Utilisation prolong\u00e9e sans fatigue Combine les fonctions de tournevis et de stylo \u00e9lectrique en une seule, conception \u00e0 cliquet. r\u00e9glage positif et n\u00e9gatif. Saisie en un seul clic. Poign\u00e9e envelopp\u00e9e de caoutchouc souple. Avec deux types de tiges isol\u00e9es, il a \u00e9galement la fonction d&#039;un stylo d\u00e9tecteur d&#039;\u00e9lectricit\u00e9, et la s\u00e9curit\u00e9 de l&#039;entretien est plus importante. \u00c9vitez les divers risques de s\u00e9curit\u00e9 li\u00e9s \u00e0 l&#039;entretien des circuits. Tournez \u00e0 gauche pour serrer Centre, gauche et droite peuvent \u00eatre tourn\u00e9s Tournez \u00e0 droite pour rel\u00e2cher 2 Appuyez vers le bas pour faire sortir le m\u00e9canisme \u00e0 cliquet et remplacer le levier de lot isol\u00e9. CR-V\" src=\"https:\/\/www.youfutools.com\/static\/upload\/image\/20240125\/1706164653198071.jpg\" \/><\/p>\n<p style=\"text-align: center;\"><img decoding=\"async\" class=\"aligncenter\" alt=\"Tournevis cruciforme Tournevis \u00e0 fente 3 Stylo \u00e9lectrique Voyant de test Tension mesurable 200V-500V Le voyant s&#039;allume lorsqu&#039;il y a du courant, et il n&#039;y a pas de r\u00e9ponse lorsqu&#039;il n&#039;y a pas de courant. TPR PP\" title=\"Tournevis cruciforme Tournevis \u00e0 fente 3 Stylo \u00e9lectrique Voyant de test Tension mesurable 200V-500V Le voyant s&#039;allume lorsqu&#039;il y a du courant, et il n&#039;y a pas de r\u00e9ponse lorsqu&#039;il n&#039;y a pas de courant. TPR PP\" src=\"https:\/\/www.youfutools.com\/static\/upload\/image\/20240125\/1706164653127636.jpg\" \/><\/p>\n<p style=\"text-align: center;\"><img decoding=\"async\" class=\"aligncenter\" alt=\"S2 Nickel Plated Bits Allcommon used screwdriver batch heads are available here 16 pieces of batch heads, both long and short, commonly used are available here, and small gaps can also be inserted into maintenance Extended Extension Rod 62mm Long bar head H1\/4X68mm ( PHO. PH1, PH2, U4 ) 4pcs 02 H2 T\u00eate de barre courte H1\/4X28mm 12pcs ( 8\u041d. T15H. T20H. PH2, PH3. SL4.0. SL6.0. H2. H4. H6. Y2, SQ2 )\" title=\"S2 Nickel Plated Bits Allcommon used screwdriver batch heads are available here 16 pieces of batch heads, both long and short, commonly used are available here, and small gaps can also be inserted into maintenance Extended Extension Rod 62mm Long bar head H1\/4X68mm ( PHO. PH1, PH2, U4 ) 4pcs 02 H2 T\u00eate de barre courte H1\/4X28mm 12pcs ( 8\u041d. T15H. T20H. PH2, PH3. SL4.0. SL6.0. H2. H4. H6. Y2, SQ2 )\" src=\"https:\/\/www.youfutools.com\/static\/upload\/image\/20240125\/1706164654636286.jpg\" \/><\/p>\n<p style=\"text-align: center;\"><img decoding=\"async\" class=\"aligncenter\" alt=\"Avec 10 manches de galvanoplastie, il peut r\u00e9pondre aux diff\u00e9rents besoins de la maison. Utilisant de l&#039;acier standard 40CR, la surface est \u00e9lectrod\u00e9pos\u00e9e avec du nickel perl\u00e9, traitement antirouille, solide, r\u00e9sistant \u00e0 l&#039;usure et durable, convenant \u00e0 la r\u00e9paration de gros appareils m\u00e9nagers, de meubles, de bicyclettes, etc. H1\/4AD Sp\u00e9cification longueur : 20mm Type de manchon : 4mm. 5mm. 6mm. 7mm. 8mm, 9mm. 10mm. 11mm. 12mm. 13 mm\" title=\"Avec 10 manches de galvanoplastie, il peut r\u00e9pondre aux diff\u00e9rents besoins de la maison. Utilisant de l&#039;acier standard 40CR, la surface est \u00e9lectrod\u00e9pos\u00e9e avec du nickel perl\u00e9, traitement antirouille, solide, r\u00e9sistant \u00e0 l&#039;usure et durable, convenant \u00e0 la r\u00e9paration de gros appareils m\u00e9nagers, de meubles, de bicyclettes, etc. H1\/4AD Sp\u00e9cification longueur : 20mm Type de manchon : 4mm. 5mm. 6mm. 7mm. 8mm, 9mm. 10mm. 11mm. 12mm. 13 mm\" src=\"https:\/\/www.youfutools.com\/static\/upload\/image\/20240125\/1706164655119333.jpg\" \/><\/p>\n<p style=\"text-align: center;\"><img decoding=\"async\" class=\"aligncenter\" alt=\"Cl\u00e9 \u00e0 cliquet multifonctionnelle Facile \u00e0 monter et \u00e0 d\u00e9monter avec ce tournevis \u00e0 cliquet La poign\u00e9e peut \u00eatre directement connect\u00e9e \u00e0 l&#039;embout, et la douille peut \u00e9galement \u00eatre connect\u00e9e par l&#039;interm\u00e9diaire de l&#039;adaptateur. Diverses fonctions, r\u00e9glage \u00e0 cliquet. Couple \u00e9lev\u00e9, \u00e9conomie de temps et d&#039;efforts, convient pour de longues heures de travail. Acier alli\u00e9 Utilisation directe de la t\u00eate du lot Par l&#039;interm\u00e9diaire de l&#039;adaptateur, utilisation de la douille\" title=\"Cl\u00e9 \u00e0 cliquet multifonctionnelle Facile \u00e0 monter et \u00e0 d\u00e9monter avec ce tournevis \u00e0 cliquet La poign\u00e9e peut \u00eatre directement connect\u00e9e \u00e0 l&#039;embout, et la douille peut \u00e9galement \u00eatre connect\u00e9e par l&#039;interm\u00e9diaire de l&#039;adaptateur. Diverses fonctions, r\u00e9glage \u00e0 cliquet. Couple \u00e9lev\u00e9, \u00e9conomie de temps et d&#039;efforts, convient pour de longues heures de travail. Acier alli\u00e9 Utilisation directe de la t\u00eate du lot Par l&#039;interm\u00e9diaire de l&#039;adaptateur, utilisation de la douille\" src=\"https:\/\/www.youfutools.com\/static\/upload\/image\/20240125\/1706164656131344.jpg\" \/><\/p>\n<p style=\"text-align: center;\"><img decoding=\"async\" class=\"aligncenter\" alt=\"Ing\u00e9niosit\u00e9 D\u00e9tails examen du support Conception ing\u00e9nieuse 31600 PH2 Aligner le trou hexagonal sur le dessus de la poign\u00e9e avec le point convexe de la rainure, puis appuyer dans la rainure pour s&#039;assurer que la poign\u00e9e est fermement coll\u00e9e \u00e0 la rainure. Rainures positives et n\u00e9gatives Le magn\u00e9tisme peut \u00eatre ajout\u00e9 ou soustrait. \"\u00dc+\" means to add magnetism, \"\u00dc-\" demagnetize, ensure that the bit is always full of magnetism. rod replacement insert it in direction track arrow batch firmly stuck.\" title =\"Ing\u00e9niosit\u00e9 D\u00e9tails examen du support Conception ing\u00e9nieuse 31600 PH2 Aligner le trou hexagonal sur le dessus de la poign\u00e9e avec le point convexe de la rainure, puis appuyer dans la rainure pour s&#039;assurer que la poign\u00e9e est fermement coll\u00e9e \u00e0 la rainure. Rainures positives et n\u00e9gatives Le magn\u00e9tisme peut \u00eatre ajout\u00e9 ou soustrait. \" src =\"https:\/\/www.youfutools.com\/static\/upload\/image\/20240125\/1706164657565360.jpg\" \/><\/p>\n<p style=\"text-align: center;\"><img decoding=\"async\" class=\"aligncenter\" alt=\"Diverses applications sc\u00e9niques R\u00e9pondre \u00e0 divers besoins de maintenance R\u00e9parer les appareils m\u00e9nagers R\u00e9parer les circuits\" title=\"Diverses applications sc\u00e9niques R\u00e9pondre \u00e0 divers besoins de maintenance R\u00e9parer les appareils m\u00e9nagers R\u00e9parer les circuits\" src=\"https:\/\/www.youfutools.com\/static\/upload\/image\/20240125\/1706164657129475.jpg\" \/><\/p>\n<p style=\"text-align: center;\"><img decoding=\"async\" class=\"aligncenter\" alt=\"D\u00e9montage\/installation d&#039;un ordinateur de bureau Montage de meubles R\u00e9paration des serrures\" title=\"D\u00e9montage\/installation d&#039;un ordinateur de bureau Montage de meubles R\u00e9paration des serrures\" src=\"https:\/\/www.youfutools.com\/static\/upload\/image\/20240125\/1706164658160320.jpg\" \/><\/p>\n<p style=\"text-align: center;\"><img decoding=\"async\" class=\"aligncenter\" alt=\"PARAM\u00c8TRES DU PRODUIT 180 mm 253,5 mm 35 mm 155 mm 18 mm 138 mm\" title=\"PARAM\u00c8TRES DU PRODUIT 180 mm 253,5 mm 35 mm 155 mm 18 mm 138 mm\" src=\"https:\/\/www.youfutools.com\/static\/upload\/image\/20240125\/1706164658708836.jpg\" \/><\/p>\n<p><img decoding=\"async\" class=\"aligncenter\" alt=\"Nom : Jeu de tournevis hexagonaux multifonctions Mod\u00e8le : KS-840121 Tension mesurable : 200V-500V Quantit\u00e9 : 33 en 1 Poids : 738g Mat\u00e9riau : S2. CR-V. ABS. PP. TPR. 40CR. Acier alli\u00e9 Type de t\u00eate de lot : PHO. PH1. PH2. U4. T8H. T15H. T20H. PH2. PH3. SL4.0. SL6.0. H2. H4. H6. Y2. SQ2\" title=\"Nom : Jeu de tournevis hexagonaux multifonctions Mod\u00e8le : KS-840121 Tension mesurable : 200V-500V Quantit\u00e9 : 33 en 1 Poids : 738g Mat\u00e9riau : S2. CR-V. ABS. PP. TPR. 40CR. Acier alli\u00e9 Type de t\u00eate de lot : PHO. PH1. PH2. U4. T8H. T15H. T20H. PH2. PH3. SL4.0. SL6.0. H2. H4. H6. Y2. SQ2\" src=\"https:\/\/www.youfutools.com\/static\/upload\/image\/20240125\/1706164658181956.jpg\" \/><\/p>","protected":false},"excerpt":{"rendered":"","protected":false},"featured_media":18280,"comment_status":"open","ping_status":"closed","template":"","meta":[],"product_cat":[84],"product_tag":[112,98,111],"class_list":{"0":"post-18278","1":"product","2":"type-product","3":"status-publish","4":"has-post-thumbnail","6":"product_cat-precise-screwdriver-set","7":"product_tag-diy-repair-tool","8":"product_tag-screwdriver-set","9":"product_tag-tool-kit","10":"product_brand-uf-tools","12":"first","13":"outofstock","14":"sale","15":"taxable","16":"shipping-taxable","17":"purchasable","18":"product-type-simple"},"yoast_head":"<!-- This site is optimized with the Yoast SEO plugin v26.9 - https:\/\/yoast.com\/product\/yoast-seo-wordpress\/ -->\n<title>33 In 1 High Quality Household DIY Repair Tool Kit Screwdriver Set Bicycle Maintenance Tools S2 Steel<\/title>\n<meta name=\"robots\" content=\"index, follow, max-snippet:-1, max-image-preview:large, max-video-preview:-1\" \/>\n<link rel=\"canonical\" href=\"http:\/\/www.uf-tools.com\/fr\/33-en-1-kit-doutils-de-reparation-de-haute-qualite-pour-la-maison-ensemble-de-tournevis-outils-dentretien-de-bicyclette-s2-acier\/\" \/>\n<meta property=\"og:locale\" content=\"fr_FR\" \/>\n<meta property=\"og:type\" content=\"article\" \/>\n<meta property=\"og:title\" content=\"33 In 1 High Quality Household DIY Repair Tool Kit Screwdriver Set Bicycle Maintenance Tools S2 Steel\" \/>\n<meta property=\"og:url\" content=\"http:\/\/www.uf-tools.com\/fr\/33-en-1-kit-doutils-de-reparation-de-haute-qualite-pour-la-maison-ensemble-de-tournevis-outils-dentretien-de-bicyclette-s2-acier\/\" \/>\n<meta property=\"og:site_name\" content=\"UF Tools Wholesale Suppliers\" \/>\n<meta property=\"article:publisher\" content=\"https:\/\/www.facebook.com\/UFTOOLS\/?show_switched_toast=0&amp;show_invite_to_follow=0&amp;show_switched_tooltip=0&amp;show_podcast_settings=0&amp;show_community_review_changes=0&amp;show_community_rollback=0&amp;show_follower_visibility_disclosure=0\" \/>\n<meta property=\"article:modified_time\" content=\"2025-02-21T09:22:37+00:00\" \/>\n<meta property=\"og:image\" content=\"http:\/\/www.uf-tools.com\/wp-content\/uploads\/2024\/05\/33-in-1-Multifunctional-Rlectrician-Rssential-Screwdriver-Set-Manufacturer-1.jpg\" \/>\n\t<meta property=\"og:image:width\" content=\"1000\" \/>\n\t<meta property=\"og:image:height\" content=\"1000\" \/>\n\t<meta property=\"og:image:type\" content=\"image\/jpeg\" \/>\n<meta name=\"twitter:card\" content=\"summary_large_image\" \/>\n<meta name=\"twitter:site\" content=\"@uftools\" \/>\n<meta name=\"twitter:label1\" content=\"Dur\u00e9e de lecture estim\u00e9e\" \/>\n\t<meta name=\"twitter:data1\" content=\"3 minutes\" \/>\n<script type=\"application\/ld+json\" class=\"yoast-schema-graph\">{\"@context\":\"https:\/\/schema.org\",\"@graph\":[{\"@type\":\"WebPage\",\"@id\":\"http:\/\/www.uf-tools.com\/ar\/33-in-1-high-quality-household-diy-repair-tool-kit-screwdriver-set-bicycle-maintenance-tools-s2-steel\/\",\"url\":\"http:\/\/www.uf-tools.com\/ar\/33-in-1-high-quality-household-diy-repair-tool-kit-screwdriver-set-bicycle-maintenance-tools-s2-steel\/\",\"name\":\"33 In 1 High Quality Household DIY Repair Tool Kit Screwdriver Set Bicycle Maintenance Tools S2 Steel\",\"isPartOf\":{\"@id\":\"http:\/\/www.uf-tools.com\/ja\/#website\"},\"primaryImageOfPage\":{\"@id\":\"http:\/\/www.uf-tools.com\/ar\/33-in-1-high-quality-household-diy-repair-tool-kit-screwdriver-set-bicycle-maintenance-tools-s2-steel\/#primaryimage\"},\"image\":{\"@id\":\"http:\/\/www.uf-tools.com\/ar\/33-in-1-high-quality-household-diy-repair-tool-kit-screwdriver-set-bicycle-maintenance-tools-s2-steel\/#primaryimage\"},\"thumbnailUrl\":\"https:\/\/www.uf-tools.com\/wp-content\/uploads\/2024\/05\/33-in-1-Multifunctional-Rlectrician-Rssential-Screwdriver-Set-Manufacturer-1.jpg\",\"datePublished\":\"2024-05-23T07:23:15+00:00\",\"dateModified\":\"2025-02-21T09:22:37+00:00\",\"breadcrumb\":{\"@id\":\"http:\/\/www.uf-tools.com\/ar\/33-in-1-high-quality-household-diy-repair-tool-kit-screwdriver-set-bicycle-maintenance-tools-s2-steel\/#breadcrumb\"},\"inLanguage\":\"fr-FR\",\"potentialAction\":[{\"@type\":\"ReadAction\",\"target\":[\"http:\/\/www.uf-tools.com\/ar\/33-in-1-high-quality-household-diy-repair-tool-kit-screwdriver-set-bicycle-maintenance-tools-s2-steel\/\"]}]},{\"@type\":\"ImageObject\",\"inLanguage\":\"fr-FR\",\"@id\":\"http:\/\/www.uf-tools.com\/ar\/33-in-1-high-quality-household-diy-repair-tool-kit-screwdriver-set-bicycle-maintenance-tools-s2-steel\/#primaryimage\",\"url\":\"https:\/\/www.uf-tools.com\/wp-content\/uploads\/2024\/05\/33-in-1-Multifunctional-Rlectrician-Rssential-Screwdriver-Set-Manufacturer-1.jpg\",\"contentUrl\":\"https:\/\/www.uf-tools.com\/wp-content\/uploads\/2024\/05\/33-in-1-Multifunctional-Rlectrician-Rssential-Screwdriver-Set-Manufacturer-1.jpg\",\"width\":1000,\"height\":1000},{\"@type\":\"BreadcrumbList\",\"@id\":\"http:\/\/www.uf-tools.com\/ar\/33-in-1-high-quality-household-diy-repair-tool-kit-screwdriver-set-bicycle-maintenance-tools-s2-steel\/#breadcrumb\",\"itemListElement\":[{\"@type\":\"ListItem\",\"position\":1,\"name\":\"Home\",\"item\":\"http:\/\/www.uf-tools.com\/ja\/\"},{\"@type\":\"ListItem\",\"position\":2,\"name\":\"Shop\",\"item\":\"http:\/\/www.uf-tools.com\/ja\/shop\/\"},{\"@type\":\"ListItem\",\"position\":3,\"name\":\"33 In 1 High Quality Household DIY Repair Tool Kit Screwdriver Set Bicycle Maintenance Tools S2 Steel\"}]},{\"@type\":\"WebSite\",\"@id\":\"http:\/\/www.uf-tools.com\/ja\/#website\",\"url\":\"http:\/\/www.uf-tools.com\/ja\/\",\"name\":\"Manufacturer of precision digital repair tools\",\"description\":\"UF TOOLS\",\"publisher\":{\"@id\":\"http:\/\/www.uf-tools.com\/ja\/#organization\"},\"potentialAction\":[{\"@type\":\"SearchAction\",\"target\":{\"@type\":\"EntryPoint\",\"urlTemplate\":\"http:\/\/www.uf-tools.com\/ja\/?s={search_term_string}\"},\"query-input\":{\"@type\":\"PropertyValueSpecification\",\"valueRequired\":true,\"valueName\":\"search_term_string\"}}],\"inLanguage\":\"fr-FR\"},{\"@type\":\"Organization\",\"@id\":\"http:\/\/www.uf-tools.com\/ja\/#organization\",\"name\":\"UF Tools Wholesale Suppliers\",\"url\":\"http:\/\/www.uf-tools.com\/ja\/\",\"logo\":{\"@type\":\"ImageObject\",\"inLanguage\":\"fr-FR\",\"@id\":\"http:\/\/www.uf-tools.com\/ja\/#\/schema\/logo\/image\/\",\"url\":\"https:\/\/www.uf-tools.com\/wp-content\/uploads\/2023\/07\/logo-blue.svg\",\"contentUrl\":\"https:\/\/www.uf-tools.com\/wp-content\/uploads\/2023\/07\/logo-blue.svg\",\"width\":242,\"height\":56,\"caption\":\"UF Tools Wholesale Suppliers\"},\"image\":{\"@id\":\"http:\/\/www.uf-tools.com\/ja\/#\/schema\/logo\/image\/\"},\"sameAs\":[\"https:\/\/www.facebook.com\/UFTOOLS\/?show_switched_toast=0&show_invite_to_follow=0&show_switched_tooltip=0&show_podcast_settings=0&show_community_review_changes=0&show_community_rollback=0&show_follower_visibility_disclosure=0\",\"https:\/\/x.com\/uftools\",\"https:\/\/www.instagram.com\/youfutools\/\",\"https:\/\/www.pinterest.com\/uftools\/\",\"https:\/\/www.youtube.com\/@uf-tools\"]}]}<\/script>\n<!-- \/ Yoast SEO plugin. -->","yoast_head_json":{"title":"33 In 1 High Quality Household DIY Repair Tool Kit Screwdriver Set Bicycle Maintenance Tools S2 Steel","robots":{"index":"index","follow":"follow","max-snippet":"max-snippet:-1","max-image-preview":"max-image-preview:large","max-video-preview":"max-video-preview:-1"},"canonical":"http:\/\/www.uf-tools.com\/fr\/33-en-1-kit-doutils-de-reparation-de-haute-qualite-pour-la-maison-ensemble-de-tournevis-outils-dentretien-de-bicyclette-s2-acier\/","og_locale":"fr_FR","og_type":"article","og_title":"33 In 1 High Quality Household DIY Repair Tool Kit Screwdriver Set Bicycle Maintenance Tools S2 Steel","og_url":"http:\/\/www.uf-tools.com\/fr\/33-en-1-kit-doutils-de-reparation-de-haute-qualite-pour-la-maison-ensemble-de-tournevis-outils-dentretien-de-bicyclette-s2-acier\/","og_site_name":"UF Tools Wholesale Suppliers","article_publisher":"https:\/\/www.facebook.com\/UFTOOLS\/?show_switched_toast=0&show_invite_to_follow=0&show_switched_tooltip=0&show_podcast_settings=0&show_community_review_changes=0&show_community_rollback=0&show_follower_visibility_disclosure=0","article_modified_time":"2025-02-21T09:22:37+00:00","og_image":[{"width":1000,"height":1000,"url":"http:\/\/www.uf-tools.com\/wp-content\/uploads\/2024\/05\/33-in-1-Multifunctional-Rlectrician-Rssential-Screwdriver-Set-Manufacturer-1.jpg","type":"image\/jpeg"}],"twitter_card":"summary_large_image","twitter_site":"@uftools","twitter_misc":{"Dur\u00e9e de lecture estim\u00e9e":"3 minutes"},"schema":{"@context":"https:\/\/schema.org","@graph":[{"@type":"WebPage","@id":"http:\/\/www.uf-tools.com\/ar\/33-in-1-high-quality-household-diy-repair-tool-kit-screwdriver-set-bicycle-maintenance-tools-s2-steel\/","url":"http:\/\/www.uf-tools.com\/ar\/33-in-1-high-quality-household-diy-repair-tool-kit-screwdriver-set-bicycle-maintenance-tools-s2-steel\/","name":"33 In 1 High Quality Household DIY Repair Tool Kit Screwdriver Set Bicycle Maintenance Tools S2 Steel","isPartOf":{"@id":"http:\/\/www.uf-tools.com\/ja\/#website"},"primaryImageOfPage":{"@id":"http:\/\/www.uf-tools.com\/ar\/33-in-1-high-quality-household-diy-repair-tool-kit-screwdriver-set-bicycle-maintenance-tools-s2-steel\/#primaryimage"},"image":{"@id":"http:\/\/www.uf-tools.com\/ar\/33-in-1-high-quality-household-diy-repair-tool-kit-screwdriver-set-bicycle-maintenance-tools-s2-steel\/#primaryimage"},"thumbnailUrl":"https:\/\/www.uf-tools.com\/wp-content\/uploads\/2024\/05\/33-in-1-Multifunctional-Rlectrician-Rssential-Screwdriver-Set-Manufacturer-1.jpg","datePublished":"2024-05-23T07:23:15+00:00","dateModified":"2025-02-21T09:22:37+00:00","breadcrumb":{"@id":"http:\/\/www.uf-tools.com\/ar\/33-in-1-high-quality-household-diy-repair-tool-kit-screwdriver-set-bicycle-maintenance-tools-s2-steel\/#breadcrumb"},"inLanguage":"fr-FR","potentialAction":[{"@type":"ReadAction","target":["http:\/\/www.uf-tools.com\/ar\/33-in-1-high-quality-household-diy-repair-tool-kit-screwdriver-set-bicycle-maintenance-tools-s2-steel\/"]}]},{"@type":"ImageObject","inLanguage":"fr-FR","@id":"http:\/\/www.uf-tools.com\/ar\/33-in-1-high-quality-household-diy-repair-tool-kit-screwdriver-set-bicycle-maintenance-tools-s2-steel\/#primaryimage","url":"https:\/\/www.uf-tools.com\/wp-content\/uploads\/2024\/05\/33-in-1-Multifunctional-Rlectrician-Rssential-Screwdriver-Set-Manufacturer-1.jpg","contentUrl":"https:\/\/www.uf-tools.com\/wp-content\/uploads\/2024\/05\/33-in-1-Multifunctional-Rlectrician-Rssential-Screwdriver-Set-Manufacturer-1.jpg","width":1000,"height":1000},{"@type":"BreadcrumbList","@id":"http:\/\/www.uf-tools.com\/ar\/33-in-1-high-quality-household-diy-repair-tool-kit-screwdriver-set-bicycle-maintenance-tools-s2-steel\/#breadcrumb","itemListElement":[{"@type":"ListItem","position":1,"name":"Home","item":"http:\/\/www.uf-tools.com\/ja\/"},{"@type":"ListItem","position":2,"name":"Shop","item":"http:\/\/www.uf-tools.com\/ja\/shop\/"},{"@type":"ListItem","position":3,"name":"33 In 1 High Quality Household DIY Repair Tool Kit Screwdriver Set Bicycle Maintenance Tools S2 Steel"}]},{"@type":"WebSite","@id":"http:\/\/www.uf-tools.com\/ja\/#website","url":"http:\/\/www.uf-tools.com\/ja\/","name":"Manufacturer of precision digital repair tools","description":"UF TOOLS","publisher":{"@id":"http:\/\/www.uf-tools.com\/ja\/#organization"},"potentialAction":[{"@type":"SearchAction","target":{"@type":"EntryPoint","urlTemplate":"http:\/\/www.uf-tools.com\/ja\/?s={search_term_string}"},"query-input":{"@type":"PropertyValueSpecification","valueRequired":true,"valueName":"search_term_string"}}],"inLanguage":"fr-FR"},{"@type":"Organization","@id":"http:\/\/www.uf-tools.com\/ja\/#organization","name":"UF Tools Wholesale Suppliers","url":"http:\/\/www.uf-tools.com\/ja\/","logo":{"@type":"ImageObject","inLanguage":"fr-FR","@id":"http:\/\/www.uf-tools.com\/ja\/#\/schema\/logo\/image\/","url":"https:\/\/www.uf-tools.com\/wp-content\/uploads\/2023\/07\/logo-blue.svg","contentUrl":"https:\/\/www.uf-tools.com\/wp-content\/uploads\/2023\/07\/logo-blue.svg","width":242,"height":56,"caption":"UF Tools Wholesale Suppliers"},"image":{"@id":"http:\/\/www.uf-tools.com\/ja\/#\/schema\/logo\/image\/"},"sameAs":["https:\/\/www.facebook.com\/UFTOOLS\/?show_switched_toast=0&show_invite_to_follow=0&show_switched_tooltip=0&show_podcast_settings=0&show_community_review_changes=0&show_community_rollback=0&show_follower_visibility_disclosure=0","https:\/\/x.com\/uftools","https:\/\/www.instagram.com\/youfutools\/","https:\/\/www.pinterest.com\/uftools\/","https:\/\/www.youtube.com\/@uf-tools"]}]}},"_links":{"self":[{"href":"https:\/\/www.uf-tools.com\/fr\/wp-json\/wp\/v2\/product\/18278","targetHints":{"allow":["GET"]}}],"collection":[{"href":"https:\/\/www.uf-tools.com\/fr\/wp-json\/wp\/v2\/product"}],"about":[{"href":"https:\/\/www.uf-tools.com\/fr\/wp-json\/wp\/v2\/types\/product"}],"replies":[{"embeddable":true,"href":"https:\/\/www.uf-tools.com\/fr\/wp-json\/wp\/v2\/comments?post=18278"}],"version-history":[{"count":0,"href":"https:\/\/www.uf-tools.com\/fr\/wp-json\/wp\/v2\/product\/18278\/revisions"}],"wp:featuredmedia":[{"embeddable":true,"href":"https:\/\/www.uf-tools.com\/fr\/wp-json\/wp\/v2\/media\/18280"}],"wp:attachment":[{"href":"https:\/\/www.uf-tools.com\/fr\/wp-json\/wp\/v2\/media?parent=18278"}],"wp:term":[{"taxonomy":"product_cat","embeddable":true,"href":"https:\/\/www.uf-tools.com\/fr\/wp-json\/wp\/v2\/product_cat?post=18278"},{"taxonomy":"product_tag","embeddable":true,"href":"https:\/\/www.uf-tools.com\/fr\/wp-json\/wp\/v2\/product_tag?post=18278"}],"curies":[{"name":"wp","href":"https:\/\/api.w.org\/{rel}","templated":true}]}}