{"id":18164,"date":"2024-03-27T06:57:33","date_gmt":"2024-03-27T06:57:33","guid":{"rendered":"https:\/\/www.uf-tools.com\/?post_type=product&#038;p=18164"},"modified":"2025-02-21T09:20:11","modified_gmt":"2025-02-21T09:20:11","slug":"smart-soldering-iron-high-tech-precision-tool-for-your-projects","status":"publish","type":"product","link":"https:\/\/www.uf-tools.com\/fr\/fer-a-souder-intelligent-outil-de-precision-high-tech-pour-vos-projets\/","title":{"rendered":"Fer \u00e0 souder intelligent : un outil de pr\u00e9cision de haute technologie pour vos projets"},"content":{"rendered":"<p><img loading=\"lazy\" decoding=\"async\" class=\"size-full wp-image-18166 aligncenter\" src=\"https:\/\/www.uf-tools.com\/wp-content\/uploads\/2024\/03\/Manufacturer-of-super-mini-electric-soldering-iron-02.jpg\" alt=\"\" width=\"1500\" height=\"2028\" srcset=\"https:\/\/www.uf-tools.com\/wp-content\/uploads\/2024\/03\/Manufacturer-of-super-mini-electric-soldering-iron-02.jpg 1500w, https:\/\/www.uf-tools.com\/wp-content\/uploads\/2024\/03\/Manufacturer-of-super-mini-electric-soldering-iron-02-768x1038.jpg 768w, https:\/\/www.uf-tools.com\/wp-content\/uploads\/2024\/03\/Manufacturer-of-super-mini-electric-soldering-iron-02-1136x1536.jpg 1136w, https:\/\/www.uf-tools.com\/wp-content\/uploads\/2024\/03\/Manufacturer-of-super-mini-electric-soldering-iron-02-9x12.jpg 9w, https:\/\/www.uf-tools.com\/wp-content\/uploads\/2024\/03\/Manufacturer-of-super-mini-electric-soldering-iron-02-800x1082.jpg 800w\" sizes=\"auto, (max-width: 1500px) 100vw, 1500px\" \/> <img loading=\"lazy\" decoding=\"async\" class=\"size-full wp-image-18168 aligncenter\" src=\"https:\/\/www.uf-tools.com\/wp-content\/uploads\/2024\/03\/Manufacturer-of-super-mini-electric-soldering-iron-04.jpg\" alt=\"\" width=\"1500\" height=\"1098\" srcset=\"https:\/\/www.uf-tools.com\/wp-content\/uploads\/2024\/03\/Manufacturer-of-super-mini-electric-soldering-iron-04.jpg 1500w, https:\/\/www.uf-tools.com\/wp-content\/uploads\/2024\/03\/Manufacturer-of-super-mini-electric-soldering-iron-04-768x562.jpg 768w, https:\/\/www.uf-tools.com\/wp-content\/uploads\/2024\/03\/Manufacturer-of-super-mini-electric-soldering-iron-04-16x12.jpg 16w, https:\/\/www.uf-tools.com\/wp-content\/uploads\/2024\/03\/Manufacturer-of-super-mini-electric-soldering-iron-04-800x586.jpg 800w\" sizes=\"auto, (max-width: 1500px) 100vw, 1500px\" \/> <img loading=\"lazy\" decoding=\"async\" class=\"size-full wp-image-18171 aligncenter\" src=\"https:\/\/www.uf-tools.com\/wp-content\/uploads\/2024\/03\/Manufacturer-of-super-mini-electric-soldering-iron-07.jpg\" alt=\"\" width=\"1500\" height=\"2510\" srcset=\"https:\/\/www.uf-tools.com\/wp-content\/uploads\/2024\/03\/Manufacturer-of-super-mini-electric-soldering-iron-07.jpg 1500w, https:\/\/www.uf-tools.com\/wp-content\/uploads\/2024\/03\/Manufacturer-of-super-mini-electric-soldering-iron-07-768x1285.jpg 768w, https:\/\/www.uf-tools.com\/wp-content\/uploads\/2024\/03\/Manufacturer-of-super-mini-electric-soldering-iron-07-918x1536.jpg 918w, https:\/\/www.uf-tools.com\/wp-content\/uploads\/2024\/03\/Manufacturer-of-super-mini-electric-soldering-iron-07-1224x2048.jpg 1224w, https:\/\/www.uf-tools.com\/wp-content\/uploads\/2024\/03\/Manufacturer-of-super-mini-electric-soldering-iron-07-7x12.jpg 7w, https:\/\/www.uf-tools.com\/wp-content\/uploads\/2024\/03\/Manufacturer-of-super-mini-electric-soldering-iron-07-800x1339.jpg 800w\" sizes=\"auto, (max-width: 1500px) 100vw, 1500px\" \/> <img loading=\"lazy\" decoding=\"async\" class=\"size-full wp-image-18172 aligncenter\" src=\"https:\/\/www.uf-tools.com\/wp-content\/uploads\/2024\/03\/Manufacturer-of-super-mini-electric-soldering-iron-08.jpg\" alt=\"\" width=\"1500\" height=\"2020\" srcset=\"https:\/\/www.uf-tools.com\/wp-content\/uploads\/2024\/03\/Manufacturer-of-super-mini-electric-soldering-iron-08.jpg 1500w, https:\/\/www.uf-tools.com\/wp-content\/uploads\/2024\/03\/Manufacturer-of-super-mini-electric-soldering-iron-08-768x1034.jpg 768w, https:\/\/www.uf-tools.com\/wp-content\/uploads\/2024\/03\/Manufacturer-of-super-mini-electric-soldering-iron-08-1141x1536.jpg 1141w, https:\/\/www.uf-tools.com\/wp-content\/uploads\/2024\/03\/Manufacturer-of-super-mini-electric-soldering-iron-08-9x12.jpg 9w, https:\/\/www.uf-tools.com\/wp-content\/uploads\/2024\/03\/Manufacturer-of-super-mini-electric-soldering-iron-08-800x1077.jpg 800w\" sizes=\"auto, (max-width: 1500px) 100vw, 1500px\" \/><\/p>","protected":false},"excerpt":{"rendered":"<p>D\u00e9couvrez notre s\u00e9lection de fers \u00e0 souder intelligents, con\u00e7us pour la pr\u00e9cision et l'efficacit\u00e9 de vos travaux de soudure. Trouvez la solution de soudure parfaite pour am\u00e9liorer votre savoir-faire. Am\u00e9liorez votre jeu de soudure avec notre fer \u00e0 souder intelligent avanc\u00e9. Con\u00e7u pour la pr\u00e9cision et la facilit\u00e9 d'utilisation, c'est l'outil id\u00e9al pour les bricoleurs et les professionnels. D\u00e9couvrez ses fonctionnalit\u00e9s et faites passer vos projets \u00e0 la vitesse sup\u00e9rieure !<\/p>","protected":false},"featured_media":18174,"comment_status":"open","ping_status":"closed","template":"","meta":[],"product_cat":[15,39],"product_tag":[106],"class_list":{"0":"post-18164","1":"product","2":"type-product","3":"status-publish","4":"has-post-thumbnail","6":"product_cat-other-tools","7":"product_cat-repair-kits","8":"product_tag-soldering-iron","9":"product_brand-uf-tools","11":"first","12":"outofstock","13":"sale","14":"taxable","15":"shipping-taxable","16":"purchasable","17":"product-type-simple"},"yoast_head":"<!-- This site is optimized with the Yoast SEO plugin v26.9 - https:\/\/yoast.com\/product\/yoast-seo-wordpress\/ -->\n<title>Smart Soldering Iron: High-Tech Precision Tool for Your Projects - UF Tools Wholesale Suppliers<\/title>\n<meta name=\"robots\" content=\"index, follow, max-snippet:-1, max-image-preview:large, max-video-preview:-1\" \/>\n<link rel=\"canonical\" href=\"https:\/\/www.uf-tools.com\/fr\/fer-a-souder-intelligent-outil-de-precision-high-tech-pour-vos-projets\/\" \/>\n<meta property=\"og:locale\" content=\"fr_FR\" \/>\n<meta property=\"og:type\" content=\"article\" \/>\n<meta property=\"og:title\" content=\"Smart Soldering Iron: High-Tech Precision Tool for Your Projects - UF Tools Wholesale Suppliers\" \/>\n<meta property=\"og:description\" content=\"Explore our selection of smart soldering irons, engineered for precision and efficiency in your soldering tasks. Find the perfect soldering solution to elevate your craftsmanship. Upgrade your soldering game with our advanced smart soldering iron. Designed for precision and ease of use, it&#039;s the perfect tool for DIY enthusiasts and professionals alike. Explore its features and take your projects to the next level!\" \/>\n<meta property=\"og:url\" content=\"https:\/\/www.uf-tools.com\/fr\/fer-a-souder-intelligent-outil-de-precision-high-tech-pour-vos-projets\/\" \/>\n<meta property=\"og:site_name\" content=\"UF Tools Wholesale Suppliers\" \/>\n<meta property=\"article:publisher\" content=\"https:\/\/www.facebook.com\/UFTOOLS\/?show_switched_toast=0&amp;show_invite_to_follow=0&amp;show_switched_tooltip=0&amp;show_podcast_settings=0&amp;show_community_review_changes=0&amp;show_community_rollback=0&amp;show_follower_visibility_disclosure=0\" \/>\n<meta property=\"article:modified_time\" content=\"2025-02-21T09:20:11+00:00\" \/>\n<meta property=\"og:image\" content=\"https:\/\/www.uf-tools.com\/wp-content\/uploads\/2024\/03\/1-Manufacturer-of-super-mini-electric-soldering-iron.jpg\" \/>\n\t<meta property=\"og:image:width\" content=\"1000\" \/>\n\t<meta property=\"og:image:height\" content=\"1001\" \/>\n\t<meta property=\"og:image:type\" content=\"image\/jpeg\" \/>\n<meta name=\"twitter:card\" content=\"summary_large_image\" \/>\n<meta name=\"twitter:site\" content=\"@uftools\" \/>\n<meta name=\"twitter:label1\" content=\"Dur\u00e9e de lecture estim\u00e9e\" \/>\n\t<meta name=\"twitter:data1\" content=\"1 minute\" \/>\n<script type=\"application\/ld+json\" class=\"yoast-schema-graph\">{\"@context\":\"https:\/\/schema.org\",\"@graph\":[{\"@type\":\"WebPage\",\"@id\":\"https:\/\/www.uf-tools.com\/smart-soldering-iron-high-tech-precision-tool-for-your-projects\/\",\"url\":\"https:\/\/www.uf-tools.com\/smart-soldering-iron-high-tech-precision-tool-for-your-projects\/\",\"name\":\"Smart Soldering Iron: High-Tech Precision Tool for Your Projects - UF Tools Wholesale Suppliers\",\"isPartOf\":{\"@id\":\"http:\/\/www.uf-tools.com\/ja\/#website\"},\"primaryImageOfPage\":{\"@id\":\"https:\/\/www.uf-tools.com\/smart-soldering-iron-high-tech-precision-tool-for-your-projects\/#primaryimage\"},\"image\":{\"@id\":\"https:\/\/www.uf-tools.com\/smart-soldering-iron-high-tech-precision-tool-for-your-projects\/#primaryimage\"},\"thumbnailUrl\":\"https:\/\/www.uf-tools.com\/wp-content\/uploads\/2024\/03\/1-Manufacturer-of-super-mini-electric-soldering-iron.jpg\",\"datePublished\":\"2024-03-27T06:57:33+00:00\",\"dateModified\":\"2025-02-21T09:20:11+00:00\",\"breadcrumb\":{\"@id\":\"https:\/\/www.uf-tools.com\/smart-soldering-iron-high-tech-precision-tool-for-your-projects\/#breadcrumb\"},\"inLanguage\":\"fr-FR\",\"potentialAction\":[{\"@type\":\"ReadAction\",\"target\":[\"https:\/\/www.uf-tools.com\/smart-soldering-iron-high-tech-precision-tool-for-your-projects\/\"]}]},{\"@type\":\"ImageObject\",\"inLanguage\":\"fr-FR\",\"@id\":\"https:\/\/www.uf-tools.com\/smart-soldering-iron-high-tech-precision-tool-for-your-projects\/#primaryimage\",\"url\":\"https:\/\/www.uf-tools.com\/wp-content\/uploads\/2024\/03\/1-Manufacturer-of-super-mini-electric-soldering-iron.jpg\",\"contentUrl\":\"https:\/\/www.uf-tools.com\/wp-content\/uploads\/2024\/03\/1-Manufacturer-of-super-mini-electric-soldering-iron.jpg\",\"width\":1000,\"height\":1001},{\"@type\":\"BreadcrumbList\",\"@id\":\"https:\/\/www.uf-tools.com\/smart-soldering-iron-high-tech-precision-tool-for-your-projects\/#breadcrumb\",\"itemListElement\":[{\"@type\":\"ListItem\",\"position\":1,\"name\":\"Home\",\"item\":\"http:\/\/www.uf-tools.com\/ja\/\"},{\"@type\":\"ListItem\",\"position\":2,\"name\":\"Shop\",\"item\":\"http:\/\/www.uf-tools.com\/ja\/shop\/\"},{\"@type\":\"ListItem\",\"position\":3,\"name\":\"Smart Soldering Iron: High-Tech Precision Tool for Your Projects\"}]},{\"@type\":\"WebSite\",\"@id\":\"http:\/\/www.uf-tools.com\/ja\/#website\",\"url\":\"http:\/\/www.uf-tools.com\/ja\/\",\"name\":\"Manufacturer of precision digital repair tools\",\"description\":\"UF TOOLS\",\"publisher\":{\"@id\":\"http:\/\/www.uf-tools.com\/ja\/#organization\"},\"potentialAction\":[{\"@type\":\"SearchAction\",\"target\":{\"@type\":\"EntryPoint\",\"urlTemplate\":\"http:\/\/www.uf-tools.com\/ja\/?s={search_term_string}\"},\"query-input\":{\"@type\":\"PropertyValueSpecification\",\"valueRequired\":true,\"valueName\":\"search_term_string\"}}],\"inLanguage\":\"fr-FR\"},{\"@type\":\"Organization\",\"@id\":\"http:\/\/www.uf-tools.com\/ja\/#organization\",\"name\":\"UF Tools Wholesale Suppliers\",\"url\":\"http:\/\/www.uf-tools.com\/ja\/\",\"logo\":{\"@type\":\"ImageObject\",\"inLanguage\":\"fr-FR\",\"@id\":\"http:\/\/www.uf-tools.com\/ja\/#\/schema\/logo\/image\/\",\"url\":\"https:\/\/www.uf-tools.com\/wp-content\/uploads\/2023\/07\/logo-blue.svg\",\"contentUrl\":\"https:\/\/www.uf-tools.com\/wp-content\/uploads\/2023\/07\/logo-blue.svg\",\"width\":242,\"height\":56,\"caption\":\"UF Tools Wholesale Suppliers\"},\"image\":{\"@id\":\"http:\/\/www.uf-tools.com\/ja\/#\/schema\/logo\/image\/\"},\"sameAs\":[\"https:\/\/www.facebook.com\/UFTOOLS\/?show_switched_toast=0&show_invite_to_follow=0&show_switched_tooltip=0&show_podcast_settings=0&show_community_review_changes=0&show_community_rollback=0&show_follower_visibility_disclosure=0\",\"https:\/\/x.com\/uftools\",\"https:\/\/www.instagram.com\/youfutools\/\",\"https:\/\/www.pinterest.com\/uftools\/\",\"https:\/\/www.youtube.com\/@uf-tools\"]}]}<\/script>\n<!-- \/ Yoast SEO plugin. -->","yoast_head_json":{"title":"Smart Soldering Iron: High-Tech Precision Tool for Your Projects - UF Tools Wholesale Suppliers","robots":{"index":"index","follow":"follow","max-snippet":"max-snippet:-1","max-image-preview":"max-image-preview:large","max-video-preview":"max-video-preview:-1"},"canonical":"https:\/\/www.uf-tools.com\/fr\/fer-a-souder-intelligent-outil-de-precision-high-tech-pour-vos-projets\/","og_locale":"fr_FR","og_type":"article","og_title":"Smart Soldering Iron: High-Tech Precision Tool for Your Projects - UF Tools Wholesale Suppliers","og_description":"Explore our selection of smart soldering irons, engineered for precision and efficiency in your soldering tasks. Find the perfect soldering solution to elevate your craftsmanship. Upgrade your soldering game with our advanced smart soldering iron. Designed for precision and ease of use, it's the perfect tool for DIY enthusiasts and professionals alike. Explore its features and take your projects to the next level!","og_url":"https:\/\/www.uf-tools.com\/fr\/fer-a-souder-intelligent-outil-de-precision-high-tech-pour-vos-projets\/","og_site_name":"UF Tools Wholesale Suppliers","article_publisher":"https:\/\/www.facebook.com\/UFTOOLS\/?show_switched_toast=0&show_invite_to_follow=0&show_switched_tooltip=0&show_podcast_settings=0&show_community_review_changes=0&show_community_rollback=0&show_follower_visibility_disclosure=0","article_modified_time":"2025-02-21T09:20:11+00:00","og_image":[{"width":1000,"height":1001,"url":"https:\/\/www.uf-tools.com\/wp-content\/uploads\/2024\/03\/1-Manufacturer-of-super-mini-electric-soldering-iron.jpg","type":"image\/jpeg"}],"twitter_card":"summary_large_image","twitter_site":"@uftools","twitter_misc":{"Dur\u00e9e de lecture estim\u00e9e":"1 minute"},"schema":{"@context":"https:\/\/schema.org","@graph":[{"@type":"WebPage","@id":"https:\/\/www.uf-tools.com\/smart-soldering-iron-high-tech-precision-tool-for-your-projects\/","url":"https:\/\/www.uf-tools.com\/smart-soldering-iron-high-tech-precision-tool-for-your-projects\/","name":"Smart Soldering Iron: High-Tech Precision Tool for Your Projects - UF Tools Wholesale Suppliers","isPartOf":{"@id":"http:\/\/www.uf-tools.com\/ja\/#website"},"primaryImageOfPage":{"@id":"https:\/\/www.uf-tools.com\/smart-soldering-iron-high-tech-precision-tool-for-your-projects\/#primaryimage"},"image":{"@id":"https:\/\/www.uf-tools.com\/smart-soldering-iron-high-tech-precision-tool-for-your-projects\/#primaryimage"},"thumbnailUrl":"https:\/\/www.uf-tools.com\/wp-content\/uploads\/2024\/03\/1-Manufacturer-of-super-mini-electric-soldering-iron.jpg","datePublished":"2024-03-27T06:57:33+00:00","dateModified":"2025-02-21T09:20:11+00:00","breadcrumb":{"@id":"https:\/\/www.uf-tools.com\/smart-soldering-iron-high-tech-precision-tool-for-your-projects\/#breadcrumb"},"inLanguage":"fr-FR","potentialAction":[{"@type":"ReadAction","target":["https:\/\/www.uf-tools.com\/smart-soldering-iron-high-tech-precision-tool-for-your-projects\/"]}]},{"@type":"ImageObject","inLanguage":"fr-FR","@id":"https:\/\/www.uf-tools.com\/smart-soldering-iron-high-tech-precision-tool-for-your-projects\/#primaryimage","url":"https:\/\/www.uf-tools.com\/wp-content\/uploads\/2024\/03\/1-Manufacturer-of-super-mini-electric-soldering-iron.jpg","contentUrl":"https:\/\/www.uf-tools.com\/wp-content\/uploads\/2024\/03\/1-Manufacturer-of-super-mini-electric-soldering-iron.jpg","width":1000,"height":1001},{"@type":"BreadcrumbList","@id":"https:\/\/www.uf-tools.com\/smart-soldering-iron-high-tech-precision-tool-for-your-projects\/#breadcrumb","itemListElement":[{"@type":"ListItem","position":1,"name":"Home","item":"http:\/\/www.uf-tools.com\/ja\/"},{"@type":"ListItem","position":2,"name":"Shop","item":"http:\/\/www.uf-tools.com\/ja\/shop\/"},{"@type":"ListItem","position":3,"name":"Smart Soldering Iron: High-Tech Precision Tool for Your Projects"}]},{"@type":"WebSite","@id":"http:\/\/www.uf-tools.com\/ja\/#website","url":"http:\/\/www.uf-tools.com\/ja\/","name":"Manufacturer of precision digital repair tools","description":"UF TOOLS","publisher":{"@id":"http:\/\/www.uf-tools.com\/ja\/#organization"},"potentialAction":[{"@type":"SearchAction","target":{"@type":"EntryPoint","urlTemplate":"http:\/\/www.uf-tools.com\/ja\/?s={search_term_string}"},"query-input":{"@type":"PropertyValueSpecification","valueRequired":true,"valueName":"search_term_string"}}],"inLanguage":"fr-FR"},{"@type":"Organization","@id":"http:\/\/www.uf-tools.com\/ja\/#organization","name":"UF Tools Wholesale Suppliers","url":"http:\/\/www.uf-tools.com\/ja\/","logo":{"@type":"ImageObject","inLanguage":"fr-FR","@id":"http:\/\/www.uf-tools.com\/ja\/#\/schema\/logo\/image\/","url":"https:\/\/www.uf-tools.com\/wp-content\/uploads\/2023\/07\/logo-blue.svg","contentUrl":"https:\/\/www.uf-tools.com\/wp-content\/uploads\/2023\/07\/logo-blue.svg","width":242,"height":56,"caption":"UF Tools Wholesale Suppliers"},"image":{"@id":"http:\/\/www.uf-tools.com\/ja\/#\/schema\/logo\/image\/"},"sameAs":["https:\/\/www.facebook.com\/UFTOOLS\/?show_switched_toast=0&show_invite_to_follow=0&show_switched_tooltip=0&show_podcast_settings=0&show_community_review_changes=0&show_community_rollback=0&show_follower_visibility_disclosure=0","https:\/\/x.com\/uftools","https:\/\/www.instagram.com\/youfutools\/","https:\/\/www.pinterest.com\/uftools\/","https:\/\/www.youtube.com\/@uf-tools"]}]}},"_links":{"self":[{"href":"https:\/\/www.uf-tools.com\/fr\/wp-json\/wp\/v2\/product\/18164","targetHints":{"allow":["GET"]}}],"collection":[{"href":"https:\/\/www.uf-tools.com\/fr\/wp-json\/wp\/v2\/product"}],"about":[{"href":"https:\/\/www.uf-tools.com\/fr\/wp-json\/wp\/v2\/types\/product"}],"replies":[{"embeddable":true,"href":"https:\/\/www.uf-tools.com\/fr\/wp-json\/wp\/v2\/comments?post=18164"}],"version-history":[{"count":0,"href":"https:\/\/www.uf-tools.com\/fr\/wp-json\/wp\/v2\/product\/18164\/revisions"}],"wp:featuredmedia":[{"embeddable":true,"href":"https:\/\/www.uf-tools.com\/fr\/wp-json\/wp\/v2\/media\/18174"}],"wp:attachment":[{"href":"https:\/\/www.uf-tools.com\/fr\/wp-json\/wp\/v2\/media?parent=18164"}],"wp:term":[{"taxonomy":"product_cat","embeddable":true,"href":"https:\/\/www.uf-tools.com\/fr\/wp-json\/wp\/v2\/product_cat?post=18164"},{"taxonomy":"product_tag","embeddable":true,"href":"https:\/\/www.uf-tools.com\/fr\/wp-json\/wp\/v2\/product_tag?post=18164"}],"curies":[{"name":"wp","href":"https:\/\/api.w.org\/{rel}","templated":true}]}}