{"id":18009,"date":"2023-12-12T02:56:34","date_gmt":"2023-12-12T02:56:34","guid":{"rendered":"https:\/\/www.uf-tools.com\/?post_type=product&#038;p=18009"},"modified":"2025-02-21T09:41:10","modified_gmt":"2025-02-21T09:41:10","slug":"29-in-1-mini-electric-screwdriverprecision-power-screwdrivers-set-882037","status":"publish","type":"product","link":"https:\/\/www.uf-tools.com\/fr\/mini-tournevis-electrique-29-en-1-set-de-tournevis-de-precision-882037\/","title":{"rendered":"Mini-tournevis \u00e9lectrique 29 en 1, jeu de tournevis \u00e9lectriques de pr\u00e9cision - 882037"},"content":{"rendered":"<h1>Tournevis \u00e9lectrique miniature 29 en 1, ensemble de tournevis \u00e9lectriques de pr\u00e9cision - 882037<\/h1>\n<p>\u3010Upgraded Mini Electric Screwdriver\u3011 29 in1 screwdriver kit est con\u00e7u avec une surface en alliage d'aluminium durable pour vous donner une touche mate \u00e0 la mode et confortable. Le corps en forme de stylo est con\u00e7u de mani\u00e8re ergonomique et facile \u00e0 saisir.<br \/>\n\u3010Magnetic Screwdriver Bits\u3011This electric screwdriver includes a handle and 24pcs premium S2 steel magnetic precision bits, and a magnetic mat. Il vous suffit de choisir l'embout dont vous avez besoin et de le placer dans le trou de la poign\u00e9e, et l'embout sera aspir\u00e9 fermement. Le tapis magn\u00e9tique vous permet de rassembler facilement les embouts de tournevis \u00e9parpill\u00e9s sur le bureau.<br \/>\n\u3010LED Light &amp; USB Charging\u3011Cette visseuse \u00e9lectrique est rechargeable avec un design d'\u00e9clairage sans ombre \u00e0 360\u00b0, int\u00e9grant 3 lumi\u00e8res LED pour \u00e9clairer la zone de travail. La conception sans fil et rechargeable, ce qui est pratique pour votre travail. La visseuse \u00e9lectrique est \u00e9quip\u00e9e d'une batterie au lithium rechargeable de 350mAh, la charge compl\u00e8te se fait en 50 minutes, le voyant lumineux indique l'\u00e9tat de charge.<br \/>\n\u3010Widely Appications\u3011Ce mini tournevis \u00e9lectrique de pr\u00e9cision convient aux t\u00e9l\u00e9phones, Macbook, iPad, montres, appareils photo, ordinateurs portables, lunettes, PC, \u00e9lectronique de jeu, etc. Notre mini ensemble de tournevis \u00e9lectrique est un cadeau parfait pour votre famille ou vos amis.<\/p>\n<hr \/>\n<p><img loading=\"lazy\" decoding=\"async\" class=\"alignnone size-full wp-image-18010\" src=\"https:\/\/www.uf-tools.com\/wp-content\/uploads\/2023\/12\/29in1-N20_1_01.jpg\" alt=\"\" width=\"790\" height=\"1477\" srcset=\"https:\/\/www.uf-tools.com\/wp-content\/uploads\/2023\/12\/29in1-N20_1_01.jpg 790w, https:\/\/www.uf-tools.com\/wp-content\/uploads\/2023\/12\/29in1-N20_1_01-768x1436.jpg 768w, https:\/\/www.uf-tools.com\/wp-content\/uploads\/2023\/12\/29in1-N20_1_01-6x12.jpg 6w\" sizes=\"auto, (max-width: 790px) 100vw, 790px\" \/> <img loading=\"lazy\" decoding=\"async\" class=\"alignnone size-full wp-image-18011\" src=\"https:\/\/www.uf-tools.com\/wp-content\/uploads\/2023\/12\/29in1-N20_1_02.jpg\" alt=\"\" width=\"790\" height=\"1449\" srcset=\"https:\/\/www.uf-tools.com\/wp-content\/uploads\/2023\/12\/29in1-N20_1_02.jpg 790w, https:\/\/www.uf-tools.com\/wp-content\/uploads\/2023\/12\/29in1-N20_1_02-768x1409.jpg 768w, https:\/\/www.uf-tools.com\/wp-content\/uploads\/2023\/12\/29in1-N20_1_02-7x12.jpg 7w\" sizes=\"auto, (max-width: 790px) 100vw, 790px\" \/> <img loading=\"lazy\" decoding=\"async\" class=\"alignnone size-full wp-image-18012\" src=\"https:\/\/www.uf-tools.com\/wp-content\/uploads\/2023\/12\/29in1-N20_1_03.jpg\" alt=\"\" width=\"790\" height=\"1046\" srcset=\"https:\/\/www.uf-tools.com\/wp-content\/uploads\/2023\/12\/29in1-N20_1_03.jpg 790w, https:\/\/www.uf-tools.com\/wp-content\/uploads\/2023\/12\/29in1-N20_1_03-768x1017.jpg 768w, https:\/\/www.uf-tools.com\/wp-content\/uploads\/2023\/12\/29in1-N20_1_03-9x12.jpg 9w\" sizes=\"auto, (max-width: 790px) 100vw, 790px\" \/> <img loading=\"lazy\" decoding=\"async\" class=\"alignnone size-full wp-image-18013\" src=\"https:\/\/www.uf-tools.com\/wp-content\/uploads\/2023\/12\/29in1-N20_1_04.jpg\" alt=\"\" width=\"790\" height=\"1455\" srcset=\"https:\/\/www.uf-tools.com\/wp-content\/uploads\/2023\/12\/29in1-N20_1_04.jpg 790w, https:\/\/www.uf-tools.com\/wp-content\/uploads\/2023\/12\/29in1-N20_1_04-768x1414.jpg 768w, https:\/\/www.uf-tools.com\/wp-content\/uploads\/2023\/12\/29in1-N20_1_04-7x12.jpg 7w\" sizes=\"auto, (max-width: 790px) 100vw, 790px\" \/> <img loading=\"lazy\" decoding=\"async\" class=\"alignnone size-full wp-image-18014\" src=\"https:\/\/www.uf-tools.com\/wp-content\/uploads\/2023\/12\/29in1-N20_1_05.jpg\" alt=\"\" width=\"790\" height=\"1424\" srcset=\"https:\/\/www.uf-tools.com\/wp-content\/uploads\/2023\/12\/29in1-N20_1_05.jpg 790w, https:\/\/www.uf-tools.com\/wp-content\/uploads\/2023\/12\/29in1-N20_1_05-768x1384.jpg 768w, https:\/\/www.uf-tools.com\/wp-content\/uploads\/2023\/12\/29in1-N20_1_05-7x12.jpg 7w\" sizes=\"auto, (max-width: 790px) 100vw, 790px\" \/> <img loading=\"lazy\" decoding=\"async\" class=\"alignnone size-full wp-image-18015\" src=\"https:\/\/www.uf-tools.com\/wp-content\/uploads\/2023\/12\/29in1-N20_1_06.jpg\" alt=\"\" width=\"790\" height=\"1433\" srcset=\"https:\/\/www.uf-tools.com\/wp-content\/uploads\/2023\/12\/29in1-N20_1_06.jpg 790w, https:\/\/www.uf-tools.com\/wp-content\/uploads\/2023\/12\/29in1-N20_1_06-768x1393.jpg 768w, https:\/\/www.uf-tools.com\/wp-content\/uploads\/2023\/12\/29in1-N20_1_06-7x12.jpg 7w\" sizes=\"auto, (max-width: 790px) 100vw, 790px\" \/> <img loading=\"lazy\" decoding=\"async\" class=\"alignnone size-full wp-image-18016\" src=\"https:\/\/www.uf-tools.com\/wp-content\/uploads\/2023\/12\/29in1-N20_1_07.jpg\" alt=\"\" width=\"790\" height=\"985\" srcset=\"https:\/\/www.uf-tools.com\/wp-content\/uploads\/2023\/12\/29in1-N20_1_07.jpg 790w, https:\/\/www.uf-tools.com\/wp-content\/uploads\/2023\/12\/29in1-N20_1_07-768x958.jpg 768w, https:\/\/www.uf-tools.com\/wp-content\/uploads\/2023\/12\/29in1-N20_1_07-10x12.jpg 10w\" sizes=\"auto, (max-width: 790px) 100vw, 790px\" \/> <img loading=\"lazy\" decoding=\"async\" class=\"alignnone size-full wp-image-18017\" src=\"https:\/\/www.uf-tools.com\/wp-content\/uploads\/2023\/12\/29in1-N20_1_08.jpg\" alt=\"\" width=\"790\" height=\"1408\" srcset=\"https:\/\/www.uf-tools.com\/wp-content\/uploads\/2023\/12\/29in1-N20_1_08.jpg 790w, https:\/\/www.uf-tools.com\/wp-content\/uploads\/2023\/12\/29in1-N20_1_08-768x1369.jpg 768w, https:\/\/www.uf-tools.com\/wp-content\/uploads\/2023\/12\/29in1-N20_1_08-7x12.jpg 7w\" sizes=\"auto, (max-width: 790px) 100vw, 790px\" \/> <img loading=\"lazy\" decoding=\"async\" class=\"alignnone size-full wp-image-18018\" src=\"https:\/\/www.uf-tools.com\/wp-content\/uploads\/2023\/12\/29in1-N20_1_09.jpg\" alt=\"\" width=\"790\" height=\"1416\" srcset=\"https:\/\/www.uf-tools.com\/wp-content\/uploads\/2023\/12\/29in1-N20_1_09.jpg 790w, https:\/\/www.uf-tools.com\/wp-content\/uploads\/2023\/12\/29in1-N20_1_09-768x1377.jpg 768w, https:\/\/www.uf-tools.com\/wp-content\/uploads\/2023\/12\/29in1-N20_1_09-7x12.jpg 7w\" sizes=\"auto, (max-width: 790px) 100vw, 790px\" \/> <img loading=\"lazy\" decoding=\"async\" class=\"alignnone size-full wp-image-18019\" src=\"https:\/\/www.uf-tools.com\/wp-content\/uploads\/2023\/12\/29in1-N20_1_10.jpg\" alt=\"\" width=\"790\" height=\"1322\" srcset=\"https:\/\/www.uf-tools.com\/wp-content\/uploads\/2023\/12\/29in1-N20_1_10.jpg 790w, https:\/\/www.uf-tools.com\/wp-content\/uploads\/2023\/12\/29in1-N20_1_10-768x1285.jpg 768w, https:\/\/www.uf-tools.com\/wp-content\/uploads\/2023\/12\/29in1-N20_1_10-7x12.jpg 7w\" sizes=\"auto, (max-width: 790px) 100vw, 790px\" \/> <img loading=\"lazy\" decoding=\"async\" class=\"alignnone size-full wp-image-18020\" src=\"https:\/\/www.uf-tools.com\/wp-content\/uploads\/2023\/12\/29in1-N20_1_11.jpg\" alt=\"\" width=\"790\" height=\"1133\" srcset=\"https:\/\/www.uf-tools.com\/wp-content\/uploads\/2023\/12\/29in1-N20_1_11.jpg 790w, https:\/\/www.uf-tools.com\/wp-content\/uploads\/2023\/12\/29in1-N20_1_11-768x1101.jpg 768w, https:\/\/www.uf-tools.com\/wp-content\/uploads\/2023\/12\/29in1-N20_1_11-8x12.jpg 8w\" sizes=\"auto, (max-width: 790px) 100vw, 790px\" \/> <img loading=\"lazy\" decoding=\"async\" class=\"alignnone size-full wp-image-18021\" src=\"https:\/\/www.uf-tools.com\/wp-content\/uploads\/2023\/12\/29in1-N20_1_12.jpg\" alt=\"\" width=\"790\" height=\"1427\" srcset=\"https:\/\/www.uf-tools.com\/wp-content\/uploads\/2023\/12\/29in1-N20_1_12.jpg 790w, https:\/\/www.uf-tools.com\/wp-content\/uploads\/2023\/12\/29in1-N20_1_12-768x1387.jpg 768w, https:\/\/www.uf-tools.com\/wp-content\/uploads\/2023\/12\/29in1-N20_1_12-7x12.jpg 7w\" sizes=\"auto, (max-width: 790px) 100vw, 790px\" \/> <img loading=\"lazy\" decoding=\"async\" class=\"alignnone size-full wp-image-18022\" src=\"https:\/\/www.uf-tools.com\/wp-content\/uploads\/2023\/12\/29in1-N20_1_13.jpg\" alt=\"\" width=\"790\" height=\"1577\" srcset=\"https:\/\/www.uf-tools.com\/wp-content\/uploads\/2023\/12\/29in1-N20_1_13.jpg 790w, https:\/\/www.uf-tools.com\/wp-content\/uploads\/2023\/12\/29in1-N20_1_13-768x1533.jpg 768w, https:\/\/www.uf-tools.com\/wp-content\/uploads\/2023\/12\/29in1-N20_1_13-769x1536.jpg 769w, https:\/\/www.uf-tools.com\/wp-content\/uploads\/2023\/12\/29in1-N20_1_13-6x12.jpg 6w\" sizes=\"auto, (max-width: 790px) 100vw, 790px\" \/><\/p>","protected":false},"excerpt":{"rendered":"<p>Le kit de tournevis 29 en 1 est con\u00e7u avec une surface en alliage d'aluminium durable pour vous donner une touche mate \u00e0 la mode et confortable. Le corps en forme de stylo est ergonomique et facile \u00e0 saisir.<\/p>","protected":false},"featured_media":18023,"comment_status":"open","ping_status":"closed","template":"","meta":[],"product_cat":[87,49],"product_tag":[90,91],"class_list":{"0":"post-18009","1":"product","2":"type-product","3":"status-publish","4":"has-post-thumbnail","6":"product_cat-mini-electric-screwdriver","7":"product_cat-power-tools","8":"product_tag-electric-precision-screwdriver","9":"product_tag-mini-cordless-screwdriver","10":"product_shipping_class-all","11":"product_brand-uf-tools","13":"first","14":"outofstock","15":"sale","16":"taxable","17":"shipping-taxable","18":"purchasable","19":"product-type-simple"},"yoast_head":"<!-- This site is optimized with the Yoast SEO plugin v26.9 - https:\/\/yoast.com\/product\/yoast-seo-wordpress\/ -->\n<title>29 in 1 Mini Electric Screwdriver,Precision Power Screwdrivers Set \u2013 882037<\/title>\n<meta name=\"description\" content=\"29 in 1 Mini Electric Screwdriver kit is designed with durable aluminum alloy surface to give you a fashionable and comfortable matte touch.\" \/>\n<meta name=\"robots\" content=\"index, follow, max-snippet:-1, max-image-preview:large, max-video-preview:-1\" \/>\n<link rel=\"canonical\" href=\"http:\/\/www.uf-tools.com\/fr\/mini-tournevis-electrique-29-en-1-set-de-tournevis-de-precision-882037\/\" \/>\n<meta property=\"og:locale\" content=\"fr_FR\" \/>\n<meta property=\"og:type\" content=\"article\" \/>\n<meta property=\"og:title\" content=\"29 in 1 Mini Electric Screwdriver,Precision Power Screwdrivers Set \u2013 882037\" \/>\n<meta property=\"og:description\" content=\"29 in 1 Mini Electric Screwdriver kit is designed with durable aluminum alloy surface to give you a fashionable and comfortable matte touch.\" \/>\n<meta property=\"og:url\" content=\"http:\/\/www.uf-tools.com\/fr\/mini-tournevis-electrique-29-en-1-set-de-tournevis-de-precision-882037\/\" \/>\n<meta property=\"og:site_name\" content=\"UF Tools Wholesale Suppliers\" \/>\n<meta property=\"article:publisher\" content=\"https:\/\/www.facebook.com\/UFTOOLS\/?show_switched_toast=0&amp;show_invite_to_follow=0&amp;show_switched_tooltip=0&amp;show_podcast_settings=0&amp;show_community_review_changes=0&amp;show_community_rollback=0&amp;show_follower_visibility_disclosure=0\" \/>\n<meta property=\"article:modified_time\" content=\"2025-02-21T09:41:10+00:00\" \/>\n<meta property=\"og:image\" content=\"http:\/\/www.uf-tools.com\/wp-content\/uploads\/2023\/12\/1.jpg\" \/>\n\t<meta property=\"og:image:width\" content=\"1030\" \/>\n\t<meta property=\"og:image:height\" content=\"1030\" \/>\n\t<meta property=\"og:image:type\" content=\"image\/jpeg\" \/>\n<meta name=\"twitter:card\" content=\"summary_large_image\" \/>\n<meta name=\"twitter:site\" content=\"@uftools\" \/>\n<meta name=\"twitter:label1\" content=\"Dur\u00e9e de lecture estim\u00e9e\" \/>\n\t<meta name=\"twitter:data1\" content=\"4 minutes\" \/>\n<script type=\"application\/ld+json\" class=\"yoast-schema-graph\">{\"@context\":\"https:\/\/schema.org\",\"@graph\":[{\"@type\":\"WebPage\",\"@id\":\"http:\/\/www.uf-tools.com\/ar\/29-in-1-mini-electric-screwdriverprecision-power-screwdrivers-set-882037\/\",\"url\":\"http:\/\/www.uf-tools.com\/ar\/29-in-1-mini-electric-screwdriverprecision-power-screwdrivers-set-882037\/\",\"name\":\"29 in 1 Mini Electric Screwdriver,Precision Power Screwdrivers Set \u2013 882037\",\"isPartOf\":{\"@id\":\"http:\/\/www.uf-tools.com\/ja\/#website\"},\"primaryImageOfPage\":{\"@id\":\"http:\/\/www.uf-tools.com\/ar\/29-in-1-mini-electric-screwdriverprecision-power-screwdrivers-set-882037\/#primaryimage\"},\"image\":{\"@id\":\"http:\/\/www.uf-tools.com\/ar\/29-in-1-mini-electric-screwdriverprecision-power-screwdrivers-set-882037\/#primaryimage\"},\"thumbnailUrl\":\"https:\/\/www.uf-tools.com\/wp-content\/uploads\/2023\/12\/1.jpg\",\"datePublished\":\"2023-12-12T02:56:34+00:00\",\"dateModified\":\"2025-02-21T09:41:10+00:00\",\"description\":\"29 in 1 Mini Electric Screwdriver kit is designed with durable aluminum alloy surface to give you a fashionable and comfortable matte touch.\",\"breadcrumb\":{\"@id\":\"http:\/\/www.uf-tools.com\/ar\/29-in-1-mini-electric-screwdriverprecision-power-screwdrivers-set-882037\/#breadcrumb\"},\"inLanguage\":\"fr-FR\",\"potentialAction\":[{\"@type\":\"ReadAction\",\"target\":[\"http:\/\/www.uf-tools.com\/ar\/29-in-1-mini-electric-screwdriverprecision-power-screwdrivers-set-882037\/\"]}]},{\"@type\":\"ImageObject\",\"inLanguage\":\"fr-FR\",\"@id\":\"http:\/\/www.uf-tools.com\/ar\/29-in-1-mini-electric-screwdriverprecision-power-screwdrivers-set-882037\/#primaryimage\",\"url\":\"https:\/\/www.uf-tools.com\/wp-content\/uploads\/2023\/12\/1.jpg\",\"contentUrl\":\"https:\/\/www.uf-tools.com\/wp-content\/uploads\/2023\/12\/1.jpg\",\"width\":1030,\"height\":1030},{\"@type\":\"BreadcrumbList\",\"@id\":\"http:\/\/www.uf-tools.com\/ar\/29-in-1-mini-electric-screwdriverprecision-power-screwdrivers-set-882037\/#breadcrumb\",\"itemListElement\":[{\"@type\":\"ListItem\",\"position\":1,\"name\":\"Home\",\"item\":\"http:\/\/www.uf-tools.com\/ja\/\"},{\"@type\":\"ListItem\",\"position\":2,\"name\":\"Shop\",\"item\":\"http:\/\/www.uf-tools.com\/ja\/shop\/\"},{\"@type\":\"ListItem\",\"position\":3,\"name\":\"29 in 1 Mini Electric Screwdriver,Precision Power Screwdrivers Set \u2013 882037\"}]},{\"@type\":\"WebSite\",\"@id\":\"http:\/\/www.uf-tools.com\/ja\/#website\",\"url\":\"http:\/\/www.uf-tools.com\/ja\/\",\"name\":\"Manufacturer of precision digital repair tools\",\"description\":\"UF TOOLS\",\"publisher\":{\"@id\":\"http:\/\/www.uf-tools.com\/ja\/#organization\"},\"potentialAction\":[{\"@type\":\"SearchAction\",\"target\":{\"@type\":\"EntryPoint\",\"urlTemplate\":\"http:\/\/www.uf-tools.com\/ja\/?s={search_term_string}\"},\"query-input\":{\"@type\":\"PropertyValueSpecification\",\"valueRequired\":true,\"valueName\":\"search_term_string\"}}],\"inLanguage\":\"fr-FR\"},{\"@type\":\"Organization\",\"@id\":\"http:\/\/www.uf-tools.com\/ja\/#organization\",\"name\":\"UF Tools Wholesale Suppliers\",\"url\":\"http:\/\/www.uf-tools.com\/ja\/\",\"logo\":{\"@type\":\"ImageObject\",\"inLanguage\":\"fr-FR\",\"@id\":\"http:\/\/www.uf-tools.com\/ja\/#\/schema\/logo\/image\/\",\"url\":\"https:\/\/www.uf-tools.com\/wp-content\/uploads\/2023\/07\/logo-blue.svg\",\"contentUrl\":\"https:\/\/www.uf-tools.com\/wp-content\/uploads\/2023\/07\/logo-blue.svg\",\"width\":242,\"height\":56,\"caption\":\"UF Tools Wholesale Suppliers\"},\"image\":{\"@id\":\"http:\/\/www.uf-tools.com\/ja\/#\/schema\/logo\/image\/\"},\"sameAs\":[\"https:\/\/www.facebook.com\/UFTOOLS\/?show_switched_toast=0&show_invite_to_follow=0&show_switched_tooltip=0&show_podcast_settings=0&show_community_review_changes=0&show_community_rollback=0&show_follower_visibility_disclosure=0\",\"https:\/\/x.com\/uftools\",\"https:\/\/www.instagram.com\/youfutools\/\",\"https:\/\/www.pinterest.com\/uftools\/\",\"https:\/\/www.youtube.com\/@uf-tools\"]}]}<\/script>\n<!-- \/ Yoast SEO plugin. -->","yoast_head_json":{"title":"29 in 1 Mini Electric Screwdriver,Precision Power Screwdrivers Set \u2013 882037","description":"29 in 1 Mini Electric Screwdriver kit is designed with durable aluminum alloy surface to give you a fashionable and comfortable matte touch.","robots":{"index":"index","follow":"follow","max-snippet":"max-snippet:-1","max-image-preview":"max-image-preview:large","max-video-preview":"max-video-preview:-1"},"canonical":"http:\/\/www.uf-tools.com\/fr\/mini-tournevis-electrique-29-en-1-set-de-tournevis-de-precision-882037\/","og_locale":"fr_FR","og_type":"article","og_title":"29 in 1 Mini Electric Screwdriver,Precision Power Screwdrivers Set \u2013 882037","og_description":"29 in 1 Mini Electric Screwdriver kit is designed with durable aluminum alloy surface to give you a fashionable and comfortable matte touch.","og_url":"http:\/\/www.uf-tools.com\/fr\/mini-tournevis-electrique-29-en-1-set-de-tournevis-de-precision-882037\/","og_site_name":"UF Tools Wholesale Suppliers","article_publisher":"https:\/\/www.facebook.com\/UFTOOLS\/?show_switched_toast=0&show_invite_to_follow=0&show_switched_tooltip=0&show_podcast_settings=0&show_community_review_changes=0&show_community_rollback=0&show_follower_visibility_disclosure=0","article_modified_time":"2025-02-21T09:41:10+00:00","og_image":[{"width":1030,"height":1030,"url":"http:\/\/www.uf-tools.com\/wp-content\/uploads\/2023\/12\/1.jpg","type":"image\/jpeg"}],"twitter_card":"summary_large_image","twitter_site":"@uftools","twitter_misc":{"Dur\u00e9e de lecture estim\u00e9e":"4 minutes"},"schema":{"@context":"https:\/\/schema.org","@graph":[{"@type":"WebPage","@id":"http:\/\/www.uf-tools.com\/ar\/29-in-1-mini-electric-screwdriverprecision-power-screwdrivers-set-882037\/","url":"http:\/\/www.uf-tools.com\/ar\/29-in-1-mini-electric-screwdriverprecision-power-screwdrivers-set-882037\/","name":"29 in 1 Mini Electric Screwdriver,Precision Power Screwdrivers Set \u2013 882037","isPartOf":{"@id":"http:\/\/www.uf-tools.com\/ja\/#website"},"primaryImageOfPage":{"@id":"http:\/\/www.uf-tools.com\/ar\/29-in-1-mini-electric-screwdriverprecision-power-screwdrivers-set-882037\/#primaryimage"},"image":{"@id":"http:\/\/www.uf-tools.com\/ar\/29-in-1-mini-electric-screwdriverprecision-power-screwdrivers-set-882037\/#primaryimage"},"thumbnailUrl":"https:\/\/www.uf-tools.com\/wp-content\/uploads\/2023\/12\/1.jpg","datePublished":"2023-12-12T02:56:34+00:00","dateModified":"2025-02-21T09:41:10+00:00","description":"29 in 1 Mini Electric Screwdriver kit is designed with durable aluminum alloy surface to give you a fashionable and comfortable matte touch.","breadcrumb":{"@id":"http:\/\/www.uf-tools.com\/ar\/29-in-1-mini-electric-screwdriverprecision-power-screwdrivers-set-882037\/#breadcrumb"},"inLanguage":"fr-FR","potentialAction":[{"@type":"ReadAction","target":["http:\/\/www.uf-tools.com\/ar\/29-in-1-mini-electric-screwdriverprecision-power-screwdrivers-set-882037\/"]}]},{"@type":"ImageObject","inLanguage":"fr-FR","@id":"http:\/\/www.uf-tools.com\/ar\/29-in-1-mini-electric-screwdriverprecision-power-screwdrivers-set-882037\/#primaryimage","url":"https:\/\/www.uf-tools.com\/wp-content\/uploads\/2023\/12\/1.jpg","contentUrl":"https:\/\/www.uf-tools.com\/wp-content\/uploads\/2023\/12\/1.jpg","width":1030,"height":1030},{"@type":"BreadcrumbList","@id":"http:\/\/www.uf-tools.com\/ar\/29-in-1-mini-electric-screwdriverprecision-power-screwdrivers-set-882037\/#breadcrumb","itemListElement":[{"@type":"ListItem","position":1,"name":"Home","item":"http:\/\/www.uf-tools.com\/ja\/"},{"@type":"ListItem","position":2,"name":"Shop","item":"http:\/\/www.uf-tools.com\/ja\/shop\/"},{"@type":"ListItem","position":3,"name":"29 in 1 Mini Electric Screwdriver,Precision Power Screwdrivers Set \u2013 882037"}]},{"@type":"WebSite","@id":"http:\/\/www.uf-tools.com\/ja\/#website","url":"http:\/\/www.uf-tools.com\/ja\/","name":"Manufacturer of precision digital repair tools","description":"UF TOOLS","publisher":{"@id":"http:\/\/www.uf-tools.com\/ja\/#organization"},"potentialAction":[{"@type":"SearchAction","target":{"@type":"EntryPoint","urlTemplate":"http:\/\/www.uf-tools.com\/ja\/?s={search_term_string}"},"query-input":{"@type":"PropertyValueSpecification","valueRequired":true,"valueName":"search_term_string"}}],"inLanguage":"fr-FR"},{"@type":"Organization","@id":"http:\/\/www.uf-tools.com\/ja\/#organization","name":"UF Tools Wholesale Suppliers","url":"http:\/\/www.uf-tools.com\/ja\/","logo":{"@type":"ImageObject","inLanguage":"fr-FR","@id":"http:\/\/www.uf-tools.com\/ja\/#\/schema\/logo\/image\/","url":"https:\/\/www.uf-tools.com\/wp-content\/uploads\/2023\/07\/logo-blue.svg","contentUrl":"https:\/\/www.uf-tools.com\/wp-content\/uploads\/2023\/07\/logo-blue.svg","width":242,"height":56,"caption":"UF Tools Wholesale Suppliers"},"image":{"@id":"http:\/\/www.uf-tools.com\/ja\/#\/schema\/logo\/image\/"},"sameAs":["https:\/\/www.facebook.com\/UFTOOLS\/?show_switched_toast=0&show_invite_to_follow=0&show_switched_tooltip=0&show_podcast_settings=0&show_community_review_changes=0&show_community_rollback=0&show_follower_visibility_disclosure=0","https:\/\/x.com\/uftools","https:\/\/www.instagram.com\/youfutools\/","https:\/\/www.pinterest.com\/uftools\/","https:\/\/www.youtube.com\/@uf-tools"]}]}},"_links":{"self":[{"href":"https:\/\/www.uf-tools.com\/fr\/wp-json\/wp\/v2\/product\/18009","targetHints":{"allow":["GET"]}}],"collection":[{"href":"https:\/\/www.uf-tools.com\/fr\/wp-json\/wp\/v2\/product"}],"about":[{"href":"https:\/\/www.uf-tools.com\/fr\/wp-json\/wp\/v2\/types\/product"}],"replies":[{"embeddable":true,"href":"https:\/\/www.uf-tools.com\/fr\/wp-json\/wp\/v2\/comments?post=18009"}],"version-history":[{"count":0,"href":"https:\/\/www.uf-tools.com\/fr\/wp-json\/wp\/v2\/product\/18009\/revisions"}],"wp:featuredmedia":[{"embeddable":true,"href":"https:\/\/www.uf-tools.com\/fr\/wp-json\/wp\/v2\/media\/18023"}],"wp:attachment":[{"href":"https:\/\/www.uf-tools.com\/fr\/wp-json\/wp\/v2\/media?parent=18009"}],"wp:term":[{"taxonomy":"product_cat","embeddable":true,"href":"https:\/\/www.uf-tools.com\/fr\/wp-json\/wp\/v2\/product_cat?post=18009"},{"taxonomy":"product_tag","embeddable":true,"href":"https:\/\/www.uf-tools.com\/fr\/wp-json\/wp\/v2\/product_tag?post=18009"}],"curies":[{"name":"wp","href":"https:\/\/api.w.org\/{rel}","templated":true}]}}