{"id":17040,"date":"2023-09-22T09:20:07","date_gmt":"2023-09-22T09:20:07","guid":{"rendered":"https:\/\/www.uf-tools.com\/?post_type=product&#038;p=17040"},"modified":"2025-02-21T09:28:27","modified_gmt":"2025-02-21T09:28:27","slug":"31-in-1-mini-electric-screwdriver-precision-electrical-screwdriver-882043","status":"publish","type":"product","link":"https:\/\/www.uf-tools.com\/fr\/mini-tournevis-electrique-31-en-1-tournevis-electrique-de-precision-882043\/","title":{"rendered":"Mini tournevis \u00e9lectrique 33 en 1 Tournevis \u00e9lectrique de pr\u00e9cision - 882043"},"content":{"rendered":"<h2>Mini tournevis \u00e9lectrique 33 en 1 Tournevis \u00e9lectrique de pr\u00e9cision - 882043<\/h2>\n<p>Mini-tournevis \u00e9lectrique uf-882043 avec un jeu de 30 embouts courants, un support, un magn\u00e9tiseur et de nombreux accessoires suppl\u00e9mentaires<br \/>\nUn tournevis dans un tr\u00e8s bel emballage convient parfaitement \u00e0 un cadeau r\u00e9ussi pour un amateur de bricolage.<br \/>\nVisseuse sans fil fiable aliment\u00e9e par une batterie de 800mAh 3,7V et 30 embouts en acier S2, un magn\u00e9tiseur et un ensemble d'accessoires suppl\u00e9mentaires.<\/p>\n<p>Le tournevis est recharg\u00e9 \u00e0 partir du port USB-C.<\/p>\n<p>UF-882043, d'un poids de 102 g, est une aide parfaite pour l'entretien des produits \u00e9lectroniques de pr\u00e9cision tels que les t\u00e9l\u00e9phones, les tablettes et les ordinateurs portables.<\/p>\n<p>Le tournevis peut fonctionner dans les modes suivants :<\/p>\n<p>\u00e9lectrique avec un couple de 0,5 N.m,<br \/>\nmanuel avec un couple de 3,5 N.m.<br \/>\nLorsque la batterie est d\u00e9charg\u00e9e ou en l'absence d'entra\u00eenement, il sert de tournevis classique !<\/p>\n<p>Le tournevis est dot\u00e9 d'un embrayage silencieux avec un couple de 0,5 N.m en mode \u00e9lectrique et de 3,5 N.m en mode manuel.<\/p>\n<p>Le tournevis fonctionne avec les embouts hexagonaux courants de 4 mm.<\/p>\n<p>Caract\u00e9ristiques du produit :<\/p>\n<p>Alimentation par batterie de 800mAh avec chargement via le port USB-C int\u00e9gr\u00e9,<br \/>\nindicateur de charge (s'allume en vert apr\u00e8s la charge),<br \/>\nrotation gauche\/droite,<br \/>\nvitesse de rotation 200RPM,<br \/>\nmode de travail manuel,<br \/>\nl'engrenage silencieux,<br \/>\nmontage d'un embout magn\u00e9tique,<br \/>\nUne aide parfaite pour les r\u00e9parations quotidiennes,<br \/>\nLe kit comprend 30 embouts populaires en acier S2, d'une longueur de 28 mm, avec un magn\u00e9tiseur, un tapis magn\u00e9tique et un ensemble d'accessoires suppl\u00e9mentaires,<br \/>\nun emballage pratique.<br \/>\nDonn\u00e9es techniques :<\/p>\n<p>alimentation \u00e9lectrique : Batterie Li-Ion 800mAh 3,7VDC<br \/>\nchargement : Port USB-C (c\u00e2ble de 0,5 m inclus)<br \/>\nCourant de charge recommand\u00e9 : 2A\/5V<br \/>\nindicateur de charge : oui<br \/>\nVitesse \u00e0 vide : 200RPM<br \/>\ndeux modes de transmission<br \/>\ncouple (fonctionnement en mode \u00e9lectrique) : 0,5 N.m<br \/>\ncouple (fonctionnement en mode manuel) : 3,5N.m<br \/>\nCompatibilit\u00e9 des embouts : 4mm hexagonal<br \/>\nrotation : gauche\/droite (modifiable par un micro-interrupteur)<br \/>\nmat\u00e9riau du corps : aluminium anodis\u00e9 en surface<br \/>\nlongueur du tournevis : 190mm<br \/>\ndiam\u00e8tre du tournevis : 24mm<br \/>\npoids du tournevis : 102g<br \/>\ndimensions de l'emballage : 235x82x55mm<br \/>\nLe jeu comprend 30 embouts d'une longueur de 28 mm :<\/p>\n<p>T\u00eate Phillips : PH000, PH00, PH1, PH2 (mod\u00e8les iPhone, ordinateurs portables, MacBook, MacBook Air, MacBook Pro, smartphone, etc.)<br \/>\nplat : SL1.5, SL2.0, SL2.5 (mod\u00e8les iPhone, smartphone, etc.)<br \/>\ntorx (fix\u00e9 par un trou) : T5H, T6H, T8H (t\u00e9l\u00e9phones portables, ordinateurs, disques durs, MacBook\/MacBook Air\/MacBook Pro et autres appareils)<br \/>\nTri-point type Y : 0,6, 1,5 (pour MacBook, GB demolition, GBA, NSDL, WII etc.)<br \/>\npentalobe (\u00e9toile) : P2 0,8mm, P5 1,2mm (iPhone, Macbook\/Pro)<br \/>\ntorx : T3 (t\u00e9l\u00e9phones portables, ordinateurs, disques durs, MacBook\/MacBook Air\/MacBook Pro et autres appareils)<\/p>\n<p>Application :<br \/>\nt\u00e9l\u00e9phones et ordinateurs<br \/>\nMontres<br \/>\ndrones et jouets<br \/>\nMat\u00e9riel de t\u00e9l\u00e9vision et de photographie<br \/>\n<!--more--><img loading=\"lazy\" decoding=\"async\" class=\"size-full wp-image-17046 aligncenter\" src=\"https:\/\/www.uf-tools.com\/wp-content\/uploads\/2023\/09\/\u8be6\u60c5\u9875_01.jpg\" alt=\"\" width=\"790\" height=\"1478\" srcset=\"https:\/\/www.uf-tools.com\/wp-content\/uploads\/2023\/09\/\u8be6\u60c5\u9875_01.jpg 790w, https:\/\/www.uf-tools.com\/wp-content\/uploads\/2023\/09\/\u8be6\u60c5\u9875_01-768x1437.jpg 768w, https:\/\/www.uf-tools.com\/wp-content\/uploads\/2023\/09\/\u8be6\u60c5\u9875_01-6x12.jpg 6w\" sizes=\"auto, (max-width: 790px) 100vw, 790px\" \/> <img loading=\"lazy\" decoding=\"async\" class=\"size-full wp-image-17047 aligncenter\" src=\"https:\/\/www.uf-tools.com\/wp-content\/uploads\/2023\/09\/\u8be6\u60c5\u9875_02.jpg\" alt=\"\" width=\"790\" height=\"1024\" srcset=\"https:\/\/www.uf-tools.com\/wp-content\/uploads\/2023\/09\/\u8be6\u60c5\u9875_02.jpg 790w, https:\/\/www.uf-tools.com\/wp-content\/uploads\/2023\/09\/\u8be6\u60c5\u9875_02-768x995.jpg 768w, https:\/\/www.uf-tools.com\/wp-content\/uploads\/2023\/09\/\u8be6\u60c5\u9875_02-9x12.jpg 9w\" sizes=\"auto, (max-width: 790px) 100vw, 790px\" \/> <img loading=\"lazy\" decoding=\"async\" class=\"size-full wp-image-17048 aligncenter\" src=\"https:\/\/www.uf-tools.com\/wp-content\/uploads\/2023\/09\/\u8be6\u60c5\u9875_03.jpg\" alt=\"\" width=\"790\" height=\"1603\" srcset=\"https:\/\/www.uf-tools.com\/wp-content\/uploads\/2023\/09\/\u8be6\u60c5\u9875_03.jpg 790w, https:\/\/www.uf-tools.com\/wp-content\/uploads\/2023\/09\/\u8be6\u60c5\u9875_03-768x1558.jpg 768w, https:\/\/www.uf-tools.com\/wp-content\/uploads\/2023\/09\/\u8be6\u60c5\u9875_03-757x1536.jpg 757w, https:\/\/www.uf-tools.com\/wp-content\/uploads\/2023\/09\/\u8be6\u60c5\u9875_03-6x12.jpg 6w\" sizes=\"auto, (max-width: 790px) 100vw, 790px\" \/> <img loading=\"lazy\" decoding=\"async\" class=\"size-full wp-image-17049 aligncenter\" src=\"https:\/\/www.uf-tools.com\/wp-content\/uploads\/2023\/09\/\u8be6\u60c5\u9875_04.jpg\" alt=\"\" width=\"790\" height=\"1431\" srcset=\"https:\/\/www.uf-tools.com\/wp-content\/uploads\/2023\/09\/\u8be6\u60c5\u9875_04.jpg 790w, https:\/\/www.uf-tools.com\/wp-content\/uploads\/2023\/09\/\u8be6\u60c5\u9875_04-768x1391.jpg 768w, https:\/\/www.uf-tools.com\/wp-content\/uploads\/2023\/09\/\u8be6\u60c5\u9875_04-7x12.jpg 7w\" sizes=\"auto, (max-width: 790px) 100vw, 790px\" \/> <img loading=\"lazy\" decoding=\"async\" class=\"size-full wp-image-17050 aligncenter\" src=\"https:\/\/www.uf-tools.com\/wp-content\/uploads\/2023\/09\/\u8be6\u60c5\u9875_05.jpg\" alt=\"\" width=\"790\" height=\"1079\" srcset=\"https:\/\/www.uf-tools.com\/wp-content\/uploads\/2023\/09\/\u8be6\u60c5\u9875_05.jpg 790w, https:\/\/www.uf-tools.com\/wp-content\/uploads\/2023\/09\/\u8be6\u60c5\u9875_05-768x1049.jpg 768w, https:\/\/www.uf-tools.com\/wp-content\/uploads\/2023\/09\/\u8be6\u60c5\u9875_05-9x12.jpg 9w\" sizes=\"auto, (max-width: 790px) 100vw, 790px\" \/> <img loading=\"lazy\" decoding=\"async\" class=\"size-full wp-image-17051 aligncenter\" src=\"https:\/\/www.uf-tools.com\/wp-content\/uploads\/2023\/09\/\u8be6\u60c5\u9875_06.jpg\" alt=\"\" width=\"790\" height=\"1331\" srcset=\"https:\/\/www.uf-tools.com\/wp-content\/uploads\/2023\/09\/\u8be6\u60c5\u9875_06.jpg 790w, https:\/\/www.uf-tools.com\/wp-content\/uploads\/2023\/09\/\u8be6\u60c5\u9875_06-768x1294.jpg 768w, https:\/\/www.uf-tools.com\/wp-content\/uploads\/2023\/09\/\u8be6\u60c5\u9875_06-7x12.jpg 7w\" sizes=\"auto, (max-width: 790px) 100vw, 790px\" \/> <img loading=\"lazy\" decoding=\"async\" class=\"size-full wp-image-17052 aligncenter\" src=\"https:\/\/www.uf-tools.com\/wp-content\/uploads\/2023\/09\/\u8be6\u60c5\u9875_07.jpg\" alt=\"\" width=\"790\" height=\"967\" srcset=\"https:\/\/www.uf-tools.com\/wp-content\/uploads\/2023\/09\/\u8be6\u60c5\u9875_07.jpg 790w, https:\/\/www.uf-tools.com\/wp-content\/uploads\/2023\/09\/\u8be6\u60c5\u9875_07-768x940.jpg 768w, https:\/\/www.uf-tools.com\/wp-content\/uploads\/2023\/09\/\u8be6\u60c5\u9875_07-10x12.jpg 10w\" sizes=\"auto, (max-width: 790px) 100vw, 790px\" \/> <img loading=\"lazy\" decoding=\"async\" class=\"size-full wp-image-17053 aligncenter\" src=\"https:\/\/www.uf-tools.com\/wp-content\/uploads\/2023\/09\/\u8be6\u60c5\u9875_08.jpg\" alt=\"\" width=\"790\" height=\"1128\" srcset=\"https:\/\/www.uf-tools.com\/wp-content\/uploads\/2023\/09\/\u8be6\u60c5\u9875_08.jpg 790w, https:\/\/www.uf-tools.com\/wp-content\/uploads\/2023\/09\/\u8be6\u60c5\u9875_08-768x1097.jpg 768w, https:\/\/www.uf-tools.com\/wp-content\/uploads\/2023\/09\/\u8be6\u60c5\u9875_08-8x12.jpg 8w\" sizes=\"auto, (max-width: 790px) 100vw, 790px\" \/> <img loading=\"lazy\" decoding=\"async\" class=\"size-full wp-image-17054 aligncenter\" src=\"https:\/\/www.uf-tools.com\/wp-content\/uploads\/2023\/09\/\u8be6\u60c5\u9875_09.jpg\" alt=\"\" width=\"790\" height=\"1303\" srcset=\"https:\/\/www.uf-tools.com\/wp-content\/uploads\/2023\/09\/\u8be6\u60c5\u9875_09.jpg 790w, https:\/\/www.uf-tools.com\/wp-content\/uploads\/2023\/09\/\u8be6\u60c5\u9875_09-768x1267.jpg 768w, https:\/\/www.uf-tools.com\/wp-content\/uploads\/2023\/09\/\u8be6\u60c5\u9875_09-7x12.jpg 7w\" sizes=\"auto, (max-width: 790px) 100vw, 790px\" \/> <img loading=\"lazy\" decoding=\"async\" class=\"size-full wp-image-17055 aligncenter\" src=\"https:\/\/www.uf-tools.com\/wp-content\/uploads\/2023\/09\/\u8be6\u60c5\u9875_10.jpg\" alt=\"\" width=\"790\" height=\"1616\" srcset=\"https:\/\/www.uf-tools.com\/wp-content\/uploads\/2023\/09\/\u8be6\u60c5\u9875_10.jpg 790w, https:\/\/www.uf-tools.com\/wp-content\/uploads\/2023\/09\/\u8be6\u60c5\u9875_10-768x1571.jpg 768w, https:\/\/www.uf-tools.com\/wp-content\/uploads\/2023\/09\/\u8be6\u60c5\u9875_10-751x1536.jpg 751w, https:\/\/www.uf-tools.com\/wp-content\/uploads\/2023\/09\/\u8be6\u60c5\u9875_10-6x12.jpg 6w\" sizes=\"auto, (max-width: 790px) 100vw, 790px\" \/> <img loading=\"lazy\" decoding=\"async\" class=\"size-full wp-image-17056 aligncenter\" src=\"https:\/\/www.uf-tools.com\/wp-content\/uploads\/2023\/09\/\u8be6\u60c5\u9875_11.jpg\" alt=\"\" width=\"790\" height=\"1147\" srcset=\"https:\/\/www.uf-tools.com\/wp-content\/uploads\/2023\/09\/\u8be6\u60c5\u9875_11.jpg 790w, https:\/\/www.uf-tools.com\/wp-content\/uploads\/2023\/09\/\u8be6\u60c5\u9875_11-768x1115.jpg 768w, https:\/\/www.uf-tools.com\/wp-content\/uploads\/2023\/09\/\u8be6\u60c5\u9875_11-8x12.jpg 8w\" sizes=\"auto, (max-width: 790px) 100vw, 790px\" \/> <img loading=\"lazy\" decoding=\"async\" class=\"size-full wp-image-17057 aligncenter\" src=\"https:\/\/www.uf-tools.com\/wp-content\/uploads\/2023\/09\/\u8be6\u60c5\u9875_12.jpg\" alt=\"\" width=\"790\" height=\"1617\" srcset=\"https:\/\/www.uf-tools.com\/wp-content\/uploads\/2023\/09\/\u8be6\u60c5\u9875_12.jpg 790w, https:\/\/www.uf-tools.com\/wp-content\/uploads\/2023\/09\/\u8be6\u60c5\u9875_12-768x1572.jpg 768w, https:\/\/www.uf-tools.com\/wp-content\/uploads\/2023\/09\/\u8be6\u60c5\u9875_12-750x1536.jpg 750w, https:\/\/www.uf-tools.com\/wp-content\/uploads\/2023\/09\/\u8be6\u60c5\u9875_12-6x12.jpg 6w\" sizes=\"auto, (max-width: 790px) 100vw, 790px\" \/> <img loading=\"lazy\" decoding=\"async\" class=\"size-full wp-image-17058 aligncenter\" src=\"https:\/\/www.uf-tools.com\/wp-content\/uploads\/2023\/09\/\u8be6\u60c5\u9875_13.jpg\" alt=\"\" width=\"790\" height=\"1523\" srcset=\"https:\/\/www.uf-tools.com\/wp-content\/uploads\/2023\/09\/\u8be6\u60c5\u9875_13.jpg 790w, https:\/\/www.uf-tools.com\/wp-content\/uploads\/2023\/09\/\u8be6\u60c5\u9875_13-768x1481.jpg 768w, https:\/\/www.uf-tools.com\/wp-content\/uploads\/2023\/09\/\u8be6\u60c5\u9875_13-6x12.jpg 6w\" sizes=\"auto, (max-width: 790px) 100vw, 790px\" \/> <img loading=\"lazy\" decoding=\"async\" class=\"size-full wp-image-17059 aligncenter\" src=\"https:\/\/www.uf-tools.com\/wp-content\/uploads\/2023\/09\/\u8be6\u60c5\u9875_14.jpg\" alt=\"\" width=\"790\" height=\"1568\" srcset=\"https:\/\/www.uf-tools.com\/wp-content\/uploads\/2023\/09\/\u8be6\u60c5\u9875_14.jpg 790w, https:\/\/www.uf-tools.com\/wp-content\/uploads\/2023\/09\/\u8be6\u60c5\u9875_14-768x1524.jpg 768w, https:\/\/www.uf-tools.com\/wp-content\/uploads\/2023\/09\/\u8be6\u60c5\u9875_14-774x1536.jpg 774w, https:\/\/www.uf-tools.com\/wp-content\/uploads\/2023\/09\/\u8be6\u60c5\u9875_14-6x12.jpg 6w\" sizes=\"auto, (max-width: 790px) 100vw, 790px\" \/> <img loading=\"lazy\" decoding=\"async\" class=\"size-full wp-image-17060 aligncenter\" src=\"https:\/\/www.uf-tools.com\/wp-content\/uploads\/2023\/09\/\u8be6\u60c5\u9875_15.jpg\" alt=\"\" width=\"790\" height=\"869\" srcset=\"https:\/\/www.uf-tools.com\/wp-content\/uploads\/2023\/09\/\u8be6\u60c5\u9875_15.jpg 790w, https:\/\/www.uf-tools.com\/wp-content\/uploads\/2023\/09\/\u8be6\u60c5\u9875_15-768x845.jpg 768w, https:\/\/www.uf-tools.com\/wp-content\/uploads\/2023\/09\/\u8be6\u60c5\u9875_15-11x12.jpg 11w\" sizes=\"auto, (max-width: 790px) 100vw, 790px\" \/><\/p>","protected":false},"excerpt":{"rendered":"<p>Mini-tournevis \u00e9lectrique uf-882043 avec un jeu de 30 embouts courants, un support, un magn\u00e9tiseur et de nombreux accessoires suppl\u00e9mentaires<br \/>\nUn tournevis dans un tr\u00e8s bel emballage convient parfaitement \u00e0 un cadeau r\u00e9ussi pour un amateur de bricolage.<\/p>","protected":false},"featured_media":17041,"comment_status":"open","ping_status":"closed","template":"","meta":[],"product_cat":[87,49],"product_tag":[90,91,88,89],"class_list":{"0":"post-17040","1":"product","2":"type-product","3":"status-publish","4":"has-post-thumbnail","6":"product_cat-mini-electric-screwdriver","7":"product_cat-power-tools","8":"product_tag-electric-precision-screwdriver","9":"product_tag-mini-cordless-screwdriver","10":"product_tag-mini-electric-screwdriver","11":"product_tag-precision-electric-screwdriver","12":"product_brand-uf-tools","14":"first","15":"outofstock","16":"sale","17":"purchasable","18":"product-type-simple"},"yoast_head":"<!-- This site is optimized with the Yoast SEO plugin v26.9 - https:\/\/yoast.com\/product\/yoast-seo-wordpress\/ -->\n<title>33 in 1 Mini Electric Screwdriver Precision Electrical Screwdriver<\/title>\n<meta name=\"robots\" content=\"index, follow, max-snippet:-1, max-image-preview:large, max-video-preview:-1\" \/>\n<link rel=\"canonical\" href=\"http:\/\/www.uf-tools.com\/fr\/mini-tournevis-electrique-31-en-1-tournevis-electrique-de-precision-882043\/\" \/>\n<meta property=\"og:locale\" content=\"fr_FR\" \/>\n<meta property=\"og:type\" content=\"article\" \/>\n<meta property=\"og:title\" content=\"33 in 1 Mini Electric Screwdriver Precision Electrical Screwdriver\" \/>\n<meta property=\"og:description\" content=\"Mini electric screwdriver uf-882043 with a set of 30 popular bits, stand, magnatizer and many additional accessories A screwdrive in a very nice packaging is perfectly suitable for a successful gift for a diy enthusiast.\" \/>\n<meta property=\"og:url\" content=\"http:\/\/www.uf-tools.com\/fr\/mini-tournevis-electrique-31-en-1-tournevis-electrique-de-precision-882043\/\" \/>\n<meta property=\"og:site_name\" content=\"UF Tools Wholesale Suppliers\" \/>\n<meta property=\"article:publisher\" content=\"https:\/\/www.facebook.com\/UFTOOLS\/?show_switched_toast=0&amp;show_invite_to_follow=0&amp;show_switched_tooltip=0&amp;show_podcast_settings=0&amp;show_community_review_changes=0&amp;show_community_rollback=0&amp;show_follower_visibility_disclosure=0\" \/>\n<meta property=\"article:modified_time\" content=\"2025-02-21T09:28:27+00:00\" \/>\n<meta property=\"og:image\" content=\"http:\/\/www.uf-tools.com\/wp-content\/uploads\/2023\/09\/1-5.jpg\" \/>\n\t<meta property=\"og:image:width\" content=\"1030\" \/>\n\t<meta property=\"og:image:height\" content=\"1030\" \/>\n\t<meta property=\"og:image:type\" content=\"image\/jpeg\" \/>\n<meta name=\"twitter:card\" content=\"summary_large_image\" \/>\n<meta name=\"twitter:site\" content=\"@uftools\" \/>\n<meta name=\"twitter:label1\" content=\"Dur\u00e9e de lecture estim\u00e9e\" \/>\n\t<meta name=\"twitter:data1\" content=\"5 minutes\" \/>\n<script type=\"application\/ld+json\" class=\"yoast-schema-graph\">{\"@context\":\"https:\/\/schema.org\",\"@graph\":[{\"@type\":\"WebPage\",\"@id\":\"http:\/\/www.uf-tools.com\/zh\/31-%e5%90%88-1-%e8%bf%b7%e4%bd%a0%e7%94%b5%e5%8a%a8%e8%9e%ba%e4%b8%9d%e5%88%80%e7%b2%be%e5%af%86%e7%94%b5%e6%b0%94%e8%9e%ba%e4%b8%9d%e5%88%80-882043\/\",\"url\":\"http:\/\/www.uf-tools.com\/zh\/31-%e5%90%88-1-%e8%bf%b7%e4%bd%a0%e7%94%b5%e5%8a%a8%e8%9e%ba%e4%b8%9d%e5%88%80%e7%b2%be%e5%af%86%e7%94%b5%e6%b0%94%e8%9e%ba%e4%b8%9d%e5%88%80-882043\/\",\"name\":\"33 in 1 Mini Electric Screwdriver Precision Electrical Screwdriver\",\"isPartOf\":{\"@id\":\"http:\/\/www.uf-tools.com\/ja\/#website\"},\"primaryImageOfPage\":{\"@id\":\"http:\/\/www.uf-tools.com\/zh\/31-%e5%90%88-1-%e8%bf%b7%e4%bd%a0%e7%94%b5%e5%8a%a8%e8%9e%ba%e4%b8%9d%e5%88%80%e7%b2%be%e5%af%86%e7%94%b5%e6%b0%94%e8%9e%ba%e4%b8%9d%e5%88%80-882043\/#primaryimage\"},\"image\":{\"@id\":\"http:\/\/www.uf-tools.com\/zh\/31-%e5%90%88-1-%e8%bf%b7%e4%bd%a0%e7%94%b5%e5%8a%a8%e8%9e%ba%e4%b8%9d%e5%88%80%e7%b2%be%e5%af%86%e7%94%b5%e6%b0%94%e8%9e%ba%e4%b8%9d%e5%88%80-882043\/#primaryimage\"},\"thumbnailUrl\":\"https:\/\/www.uf-tools.com\/wp-content\/uploads\/2023\/09\/1-5.jpg\",\"datePublished\":\"2023-09-22T09:20:07+00:00\",\"dateModified\":\"2025-02-21T09:28:27+00:00\",\"breadcrumb\":{\"@id\":\"http:\/\/www.uf-tools.com\/zh\/31-%e5%90%88-1-%e8%bf%b7%e4%bd%a0%e7%94%b5%e5%8a%a8%e8%9e%ba%e4%b8%9d%e5%88%80%e7%b2%be%e5%af%86%e7%94%b5%e6%b0%94%e8%9e%ba%e4%b8%9d%e5%88%80-882043\/#breadcrumb\"},\"inLanguage\":\"fr-FR\",\"potentialAction\":[{\"@type\":\"ReadAction\",\"target\":[\"http:\/\/www.uf-tools.com\/zh\/31-%e5%90%88-1-%e8%bf%b7%e4%bd%a0%e7%94%b5%e5%8a%a8%e8%9e%ba%e4%b8%9d%e5%88%80%e7%b2%be%e5%af%86%e7%94%b5%e6%b0%94%e8%9e%ba%e4%b8%9d%e5%88%80-882043\/\"]}]},{\"@type\":\"ImageObject\",\"inLanguage\":\"fr-FR\",\"@id\":\"http:\/\/www.uf-tools.com\/zh\/31-%e5%90%88-1-%e8%bf%b7%e4%bd%a0%e7%94%b5%e5%8a%a8%e8%9e%ba%e4%b8%9d%e5%88%80%e7%b2%be%e5%af%86%e7%94%b5%e6%b0%94%e8%9e%ba%e4%b8%9d%e5%88%80-882043\/#primaryimage\",\"url\":\"https:\/\/www.uf-tools.com\/wp-content\/uploads\/2023\/09\/1-5.jpg\",\"contentUrl\":\"https:\/\/www.uf-tools.com\/wp-content\/uploads\/2023\/09\/1-5.jpg\",\"width\":1030,\"height\":1030,\"caption\":\"33 in 1 Mini Electric Screwdriver Precision Electrical Screwdriver - 882043\"},{\"@type\":\"BreadcrumbList\",\"@id\":\"http:\/\/www.uf-tools.com\/zh\/31-%e5%90%88-1-%e8%bf%b7%e4%bd%a0%e7%94%b5%e5%8a%a8%e8%9e%ba%e4%b8%9d%e5%88%80%e7%b2%be%e5%af%86%e7%94%b5%e6%b0%94%e8%9e%ba%e4%b8%9d%e5%88%80-882043\/#breadcrumb\",\"itemListElement\":[{\"@type\":\"ListItem\",\"position\":1,\"name\":\"Home\",\"item\":\"http:\/\/www.uf-tools.com\/ja\/\"},{\"@type\":\"ListItem\",\"position\":2,\"name\":\"Shop\",\"item\":\"http:\/\/www.uf-tools.com\/ja\/shop\/\"},{\"@type\":\"ListItem\",\"position\":3,\"name\":\"33 in 1 Mini Electric Screwdriver Precision Electrical Screwdriver &#8211; 882043\"}]},{\"@type\":\"WebSite\",\"@id\":\"http:\/\/www.uf-tools.com\/ja\/#website\",\"url\":\"http:\/\/www.uf-tools.com\/ja\/\",\"name\":\"Manufacturer of precision digital repair tools\",\"description\":\"UF TOOLS\",\"publisher\":{\"@id\":\"http:\/\/www.uf-tools.com\/ja\/#organization\"},\"potentialAction\":[{\"@type\":\"SearchAction\",\"target\":{\"@type\":\"EntryPoint\",\"urlTemplate\":\"http:\/\/www.uf-tools.com\/ja\/?s={search_term_string}\"},\"query-input\":{\"@type\":\"PropertyValueSpecification\",\"valueRequired\":true,\"valueName\":\"search_term_string\"}}],\"inLanguage\":\"fr-FR\"},{\"@type\":\"Organization\",\"@id\":\"http:\/\/www.uf-tools.com\/ja\/#organization\",\"name\":\"UF Tools Wholesale Suppliers\",\"url\":\"http:\/\/www.uf-tools.com\/ja\/\",\"logo\":{\"@type\":\"ImageObject\",\"inLanguage\":\"fr-FR\",\"@id\":\"http:\/\/www.uf-tools.com\/ja\/#\/schema\/logo\/image\/\",\"url\":\"https:\/\/www.uf-tools.com\/wp-content\/uploads\/2023\/07\/logo-blue.svg\",\"contentUrl\":\"https:\/\/www.uf-tools.com\/wp-content\/uploads\/2023\/07\/logo-blue.svg\",\"width\":242,\"height\":56,\"caption\":\"UF Tools Wholesale Suppliers\"},\"image\":{\"@id\":\"http:\/\/www.uf-tools.com\/ja\/#\/schema\/logo\/image\/\"},\"sameAs\":[\"https:\/\/www.facebook.com\/UFTOOLS\/?show_switched_toast=0&show_invite_to_follow=0&show_switched_tooltip=0&show_podcast_settings=0&show_community_review_changes=0&show_community_rollback=0&show_follower_visibility_disclosure=0\",\"https:\/\/x.com\/uftools\",\"https:\/\/www.instagram.com\/youfutools\/\",\"https:\/\/www.pinterest.com\/uftools\/\",\"https:\/\/www.youtube.com\/@uf-tools\"]}]}<\/script>\n<!-- \/ Yoast SEO plugin. -->","yoast_head_json":{"title":"33 in 1 Mini Electric Screwdriver Precision Electrical Screwdriver","robots":{"index":"index","follow":"follow","max-snippet":"max-snippet:-1","max-image-preview":"max-image-preview:large","max-video-preview":"max-video-preview:-1"},"canonical":"http:\/\/www.uf-tools.com\/fr\/mini-tournevis-electrique-31-en-1-tournevis-electrique-de-precision-882043\/","og_locale":"fr_FR","og_type":"article","og_title":"33 in 1 Mini Electric Screwdriver Precision Electrical Screwdriver","og_description":"Mini electric screwdriver uf-882043 with a set of 30 popular bits, stand, magnatizer and many additional accessories A screwdrive in a very nice packaging is perfectly suitable for a successful gift for a diy enthusiast.","og_url":"http:\/\/www.uf-tools.com\/fr\/mini-tournevis-electrique-31-en-1-tournevis-electrique-de-precision-882043\/","og_site_name":"UF Tools Wholesale Suppliers","article_publisher":"https:\/\/www.facebook.com\/UFTOOLS\/?show_switched_toast=0&show_invite_to_follow=0&show_switched_tooltip=0&show_podcast_settings=0&show_community_review_changes=0&show_community_rollback=0&show_follower_visibility_disclosure=0","article_modified_time":"2025-02-21T09:28:27+00:00","og_image":[{"width":1030,"height":1030,"url":"http:\/\/www.uf-tools.com\/wp-content\/uploads\/2023\/09\/1-5.jpg","type":"image\/jpeg"}],"twitter_card":"summary_large_image","twitter_site":"@uftools","twitter_misc":{"Dur\u00e9e de lecture estim\u00e9e":"5 minutes"},"schema":{"@context":"https:\/\/schema.org","@graph":[{"@type":"WebPage","@id":"http:\/\/www.uf-tools.com\/zh\/31-%e5%90%88-1-%e8%bf%b7%e4%bd%a0%e7%94%b5%e5%8a%a8%e8%9e%ba%e4%b8%9d%e5%88%80%e7%b2%be%e5%af%86%e7%94%b5%e6%b0%94%e8%9e%ba%e4%b8%9d%e5%88%80-882043\/","url":"http:\/\/www.uf-tools.com\/zh\/31-%e5%90%88-1-%e8%bf%b7%e4%bd%a0%e7%94%b5%e5%8a%a8%e8%9e%ba%e4%b8%9d%e5%88%80%e7%b2%be%e5%af%86%e7%94%b5%e6%b0%94%e8%9e%ba%e4%b8%9d%e5%88%80-882043\/","name":"33 in 1 Mini Electric Screwdriver Precision Electrical Screwdriver","isPartOf":{"@id":"http:\/\/www.uf-tools.com\/ja\/#website"},"primaryImageOfPage":{"@id":"http:\/\/www.uf-tools.com\/zh\/31-%e5%90%88-1-%e8%bf%b7%e4%bd%a0%e7%94%b5%e5%8a%a8%e8%9e%ba%e4%b8%9d%e5%88%80%e7%b2%be%e5%af%86%e7%94%b5%e6%b0%94%e8%9e%ba%e4%b8%9d%e5%88%80-882043\/#primaryimage"},"image":{"@id":"http:\/\/www.uf-tools.com\/zh\/31-%e5%90%88-1-%e8%bf%b7%e4%bd%a0%e7%94%b5%e5%8a%a8%e8%9e%ba%e4%b8%9d%e5%88%80%e7%b2%be%e5%af%86%e7%94%b5%e6%b0%94%e8%9e%ba%e4%b8%9d%e5%88%80-882043\/#primaryimage"},"thumbnailUrl":"https:\/\/www.uf-tools.com\/wp-content\/uploads\/2023\/09\/1-5.jpg","datePublished":"2023-09-22T09:20:07+00:00","dateModified":"2025-02-21T09:28:27+00:00","breadcrumb":{"@id":"http:\/\/www.uf-tools.com\/zh\/31-%e5%90%88-1-%e8%bf%b7%e4%bd%a0%e7%94%b5%e5%8a%a8%e8%9e%ba%e4%b8%9d%e5%88%80%e7%b2%be%e5%af%86%e7%94%b5%e6%b0%94%e8%9e%ba%e4%b8%9d%e5%88%80-882043\/#breadcrumb"},"inLanguage":"fr-FR","potentialAction":[{"@type":"ReadAction","target":["http:\/\/www.uf-tools.com\/zh\/31-%e5%90%88-1-%e8%bf%b7%e4%bd%a0%e7%94%b5%e5%8a%a8%e8%9e%ba%e4%b8%9d%e5%88%80%e7%b2%be%e5%af%86%e7%94%b5%e6%b0%94%e8%9e%ba%e4%b8%9d%e5%88%80-882043\/"]}]},{"@type":"ImageObject","inLanguage":"fr-FR","@id":"http:\/\/www.uf-tools.com\/zh\/31-%e5%90%88-1-%e8%bf%b7%e4%bd%a0%e7%94%b5%e5%8a%a8%e8%9e%ba%e4%b8%9d%e5%88%80%e7%b2%be%e5%af%86%e7%94%b5%e6%b0%94%e8%9e%ba%e4%b8%9d%e5%88%80-882043\/#primaryimage","url":"https:\/\/www.uf-tools.com\/wp-content\/uploads\/2023\/09\/1-5.jpg","contentUrl":"https:\/\/www.uf-tools.com\/wp-content\/uploads\/2023\/09\/1-5.jpg","width":1030,"height":1030,"caption":"33 in 1 Mini Electric Screwdriver Precision Electrical Screwdriver - 882043"},{"@type":"BreadcrumbList","@id":"http:\/\/www.uf-tools.com\/zh\/31-%e5%90%88-1-%e8%bf%b7%e4%bd%a0%e7%94%b5%e5%8a%a8%e8%9e%ba%e4%b8%9d%e5%88%80%e7%b2%be%e5%af%86%e7%94%b5%e6%b0%94%e8%9e%ba%e4%b8%9d%e5%88%80-882043\/#breadcrumb","itemListElement":[{"@type":"ListItem","position":1,"name":"Home","item":"http:\/\/www.uf-tools.com\/ja\/"},{"@type":"ListItem","position":2,"name":"Shop","item":"http:\/\/www.uf-tools.com\/ja\/shop\/"},{"@type":"ListItem","position":3,"name":"33 in 1 Mini Electric Screwdriver Precision Electrical Screwdriver &#8211; 882043"}]},{"@type":"WebSite","@id":"http:\/\/www.uf-tools.com\/ja\/#website","url":"http:\/\/www.uf-tools.com\/ja\/","name":"Manufacturer of precision digital repair tools","description":"UF TOOLS","publisher":{"@id":"http:\/\/www.uf-tools.com\/ja\/#organization"},"potentialAction":[{"@type":"SearchAction","target":{"@type":"EntryPoint","urlTemplate":"http:\/\/www.uf-tools.com\/ja\/?s={search_term_string}"},"query-input":{"@type":"PropertyValueSpecification","valueRequired":true,"valueName":"search_term_string"}}],"inLanguage":"fr-FR"},{"@type":"Organization","@id":"http:\/\/www.uf-tools.com\/ja\/#organization","name":"UF Tools Wholesale Suppliers","url":"http:\/\/www.uf-tools.com\/ja\/","logo":{"@type":"ImageObject","inLanguage":"fr-FR","@id":"http:\/\/www.uf-tools.com\/ja\/#\/schema\/logo\/image\/","url":"https:\/\/www.uf-tools.com\/wp-content\/uploads\/2023\/07\/logo-blue.svg","contentUrl":"https:\/\/www.uf-tools.com\/wp-content\/uploads\/2023\/07\/logo-blue.svg","width":242,"height":56,"caption":"UF Tools Wholesale Suppliers"},"image":{"@id":"http:\/\/www.uf-tools.com\/ja\/#\/schema\/logo\/image\/"},"sameAs":["https:\/\/www.facebook.com\/UFTOOLS\/?show_switched_toast=0&show_invite_to_follow=0&show_switched_tooltip=0&show_podcast_settings=0&show_community_review_changes=0&show_community_rollback=0&show_follower_visibility_disclosure=0","https:\/\/x.com\/uftools","https:\/\/www.instagram.com\/youfutools\/","https:\/\/www.pinterest.com\/uftools\/","https:\/\/www.youtube.com\/@uf-tools"]}]}},"_links":{"self":[{"href":"https:\/\/www.uf-tools.com\/fr\/wp-json\/wp\/v2\/product\/17040","targetHints":{"allow":["GET"]}}],"collection":[{"href":"https:\/\/www.uf-tools.com\/fr\/wp-json\/wp\/v2\/product"}],"about":[{"href":"https:\/\/www.uf-tools.com\/fr\/wp-json\/wp\/v2\/types\/product"}],"replies":[{"embeddable":true,"href":"https:\/\/www.uf-tools.com\/fr\/wp-json\/wp\/v2\/comments?post=17040"}],"version-history":[{"count":0,"href":"https:\/\/www.uf-tools.com\/fr\/wp-json\/wp\/v2\/product\/17040\/revisions"}],"wp:featuredmedia":[{"embeddable":true,"href":"https:\/\/www.uf-tools.com\/fr\/wp-json\/wp\/v2\/media\/17041"}],"wp:attachment":[{"href":"https:\/\/www.uf-tools.com\/fr\/wp-json\/wp\/v2\/media?parent=17040"}],"wp:term":[{"taxonomy":"product_cat","embeddable":true,"href":"https:\/\/www.uf-tools.com\/fr\/wp-json\/wp\/v2\/product_cat?post=17040"},{"taxonomy":"product_tag","embeddable":true,"href":"https:\/\/www.uf-tools.com\/fr\/wp-json\/wp\/v2\/product_tag?post=17040"}],"curies":[{"name":"wp","href":"https:\/\/api.w.org\/{rel}","templated":true}]}}