{"id":16946,"date":"2023-09-22T04:08:46","date_gmt":"2023-09-22T04:08:46","guid":{"rendered":"https:\/\/www.uf-tools.com\/?post_type=product&#038;p=16946"},"modified":"2025-02-21T09:29:14","modified_gmt":"2025-02-21T09:29:14","slug":"electric-screwdriver-set-51-in-1-mini-rechargeable-cordless-screwdriver-882038","status":"publish","type":"product","link":"https:\/\/www.uf-tools.com\/fr\/jeu-de-tournevis-electriques-51-en-1-mini-tournevis-sans-fil-rechargeable-882038\/","title":{"rendered":"Tournevis \u00e9lectrique, 51 en 1 Mini Tournevis sans fil rechargeable - 882038"},"content":{"rendered":"<h2>Tournevis \u00e9lectrique, 51 en 1 Mini Tournevis sans fil rechargeable - 882038<\/h2>\n<p>\u3010SMALL &amp; POWERFUL\u3011Cette petite visseuse \u00e9lectrique 51 en 1 a une vitesse de rotation de 300 par minute, un mode automatique\/manuel avec un couple de 0,4-0,5 N.m, la capacit\u00e9 de la batterie est de 350 mAh, le temps de charge est inf\u00e9rieur \u00e0 70 minutes, en veille pendant 30 jours. L'appareil peut fonctionner en continu pendant 1 heure, ce qui est tout \u00e0 fait suffisant pour serrer un total de 400 vis. Taille du produit : 22,3*10,7*24 mm, poids : 1,5 kg, l\u00e9g\u00e8re, portable et facile \u00e0 transporter.<br \/>\n\u3010MAGNETIC DESIGN &amp; TYPE-C PORT\u3011 : Gr\u00e2ce \u00e0 la conception des m\u00e8ches magn\u00e9tiques, les pi\u00e8ces viss\u00e9es internes ne tomberont pas m\u00eame si vous ouvrez la coque \u00e0 l'envers. Le corps entier est magn\u00e9tique, et il y a une zone de magn\u00e9tisation au fond, et la m\u00e8che touche plusieurs fois cette zone pour compl\u00e9ter la magn\u00e9tisation. Le port de charge USB standard de type C peut \u00eatre charg\u00e9 facilement, ce qui permet de ne pas s'inqui\u00e9ter de l'absence d'adaptateur de charge.<br \/>\n\u3010WWIDELY APPLICATION\u3011This power screwdriver includes 48 precision bits, a magnetic worktable pad, a sucker, crowbar, tweezers, etc. Convient pour les ordinateurs tablettes, t\u00e9l\u00e9phones mobiles, montres \u00e0 quartz, bracelets \u00e9lectroniques, cam\u00e9ras, instruments de pr\u00e9cision, joystick, Xbox et jouets, meubles, lunettes, etc<br \/>\n\u3010EXQUISITE DESIGN &amp; GREAT GIFTS\u3011 La coque m\u00e9tallique en alliage d'aluminium, le moulage en une seule pi\u00e8ce de haute pr\u00e9cision et de multiples processus exquis rendent ce mini tournevis \u00e9lectrique plus portable, plus facile \u00e0 utiliser, d\u00e9licat et confortable \u00e0 tenir. En outre, il s'agit d'un excellent cadeau pour No\u00ebl, anniversaire, f\u00eate de Thanksgiving.<br \/>\n\u3010WHAT YOU GET\u30111x mini tournevis \u00e9lectrique, 1x \u00e9tui de rangement, 48 x bits de pr\u00e9cision, 1x c\u00e2ble de charge USB Type-C, 1x manuel d'utilisation. Si vous avez des questions sur notre produit, n'h\u00e9sitez pas \u00e0 nous contacter par email, notre \u00e9quipe de vendeurs professionnels vous r\u00e9pondra dans les 24 heures ! Ayez une exp\u00e9rience d'achat heureuse<\/p>\n<p><!--more--><\/p>\n<p><img loading=\"lazy\" decoding=\"async\" class=\"size-full wp-image-16953 aligncenter\" src=\"https:\/\/www.uf-tools.com\/wp-content\/uploads\/2023\/09\/Electric-Screwdriver-Set-51-in-1-Mini-Rechargeable-Cordless-Screwdriver-882038-1-1.jpg\" alt=\"\" width=\"790\" height=\"1459\" srcset=\"https:\/\/www.uf-tools.com\/wp-content\/uploads\/2023\/09\/Electric-Screwdriver-Set-51-in-1-Mini-Rechargeable-Cordless-Screwdriver-882038-1-1.jpg 790w, https:\/\/www.uf-tools.com\/wp-content\/uploads\/2023\/09\/Electric-Screwdriver-Set-51-in-1-Mini-Rechargeable-Cordless-Screwdriver-882038-1-1-768x1418.jpg 768w, https:\/\/www.uf-tools.com\/wp-content\/uploads\/2023\/09\/Electric-Screwdriver-Set-51-in-1-Mini-Rechargeable-Cordless-Screwdriver-882038-1-1-6x12.jpg 6w\" sizes=\"auto, (max-width: 790px) 100vw, 790px\" \/> <img loading=\"lazy\" decoding=\"async\" class=\"size-full wp-image-16954 aligncenter\" src=\"https:\/\/www.uf-tools.com\/wp-content\/uploads\/2023\/09\/Electric-Screwdriver-Set-51-in-1-Mini-Rechargeable-Cordless-Screwdriver-882038-2-1.jpg\" alt=\"\" width=\"790\" height=\"854\" srcset=\"https:\/\/www.uf-tools.com\/wp-content\/uploads\/2023\/09\/Electric-Screwdriver-Set-51-in-1-Mini-Rechargeable-Cordless-Screwdriver-882038-2-1.jpg 790w, https:\/\/www.uf-tools.com\/wp-content\/uploads\/2023\/09\/Electric-Screwdriver-Set-51-in-1-Mini-Rechargeable-Cordless-Screwdriver-882038-2-1-768x830.jpg 768w, https:\/\/www.uf-tools.com\/wp-content\/uploads\/2023\/09\/Electric-Screwdriver-Set-51-in-1-Mini-Rechargeable-Cordless-Screwdriver-882038-2-1-11x12.jpg 11w\" sizes=\"auto, (max-width: 790px) 100vw, 790px\" \/> <img loading=\"lazy\" decoding=\"async\" class=\"size-full wp-image-16955 aligncenter\" src=\"https:\/\/www.uf-tools.com\/wp-content\/uploads\/2023\/09\/Electric-Screwdriver-Set-51-in-1-Mini-Rechargeable-Cordless-Screwdriver-882038-3-1.jpg\" alt=\"\" width=\"790\" height=\"1174\" srcset=\"https:\/\/www.uf-tools.com\/wp-content\/uploads\/2023\/09\/Electric-Screwdriver-Set-51-in-1-Mini-Rechargeable-Cordless-Screwdriver-882038-3-1.jpg 790w, https:\/\/www.uf-tools.com\/wp-content\/uploads\/2023\/09\/Electric-Screwdriver-Set-51-in-1-Mini-Rechargeable-Cordless-Screwdriver-882038-3-1-768x1141.jpg 768w, https:\/\/www.uf-tools.com\/wp-content\/uploads\/2023\/09\/Electric-Screwdriver-Set-51-in-1-Mini-Rechargeable-Cordless-Screwdriver-882038-3-1-8x12.jpg 8w\" sizes=\"auto, (max-width: 790px) 100vw, 790px\" \/> <img loading=\"lazy\" decoding=\"async\" class=\"size-full wp-image-16956 aligncenter\" src=\"https:\/\/www.uf-tools.com\/wp-content\/uploads\/2023\/09\/Electric-Screwdriver-Set-51-in-1-Mini-Rechargeable-Cordless-Screwdriver-882038-4-1.jpg\" alt=\"\" width=\"790\" height=\"1191\" srcset=\"https:\/\/www.uf-tools.com\/wp-content\/uploads\/2023\/09\/Electric-Screwdriver-Set-51-in-1-Mini-Rechargeable-Cordless-Screwdriver-882038-4-1.jpg 790w, https:\/\/www.uf-tools.com\/wp-content\/uploads\/2023\/09\/Electric-Screwdriver-Set-51-in-1-Mini-Rechargeable-Cordless-Screwdriver-882038-4-1-768x1158.jpg 768w, https:\/\/www.uf-tools.com\/wp-content\/uploads\/2023\/09\/Electric-Screwdriver-Set-51-in-1-Mini-Rechargeable-Cordless-Screwdriver-882038-4-1-8x12.jpg 8w\" sizes=\"auto, (max-width: 790px) 100vw, 790px\" \/> <img loading=\"lazy\" decoding=\"async\" class=\"size-full wp-image-16957 aligncenter\" src=\"https:\/\/www.uf-tools.com\/wp-content\/uploads\/2023\/09\/Electric-Screwdriver-Set-51-in-1-Mini-Rechargeable-Cordless-Screwdriver-882038-5-1.jpg\" alt=\"\" width=\"790\" height=\"1098\" srcset=\"https:\/\/www.uf-tools.com\/wp-content\/uploads\/2023\/09\/Electric-Screwdriver-Set-51-in-1-Mini-Rechargeable-Cordless-Screwdriver-882038-5-1.jpg 790w, https:\/\/www.uf-tools.com\/wp-content\/uploads\/2023\/09\/Electric-Screwdriver-Set-51-in-1-Mini-Rechargeable-Cordless-Screwdriver-882038-5-1-768x1067.jpg 768w, https:\/\/www.uf-tools.com\/wp-content\/uploads\/2023\/09\/Electric-Screwdriver-Set-51-in-1-Mini-Rechargeable-Cordless-Screwdriver-882038-5-1-9x12.jpg 9w\" sizes=\"auto, (max-width: 790px) 100vw, 790px\" \/> <img loading=\"lazy\" decoding=\"async\" class=\"size-full wp-image-16958 aligncenter\" src=\"https:\/\/www.uf-tools.com\/wp-content\/uploads\/2023\/09\/Electric-Screwdriver-Set-51-in-1-Mini-Rechargeable-Cordless-Screwdriver-882038-6-1.jpg\" alt=\"\" width=\"790\" height=\"971\" srcset=\"https:\/\/www.uf-tools.com\/wp-content\/uploads\/2023\/09\/Electric-Screwdriver-Set-51-in-1-Mini-Rechargeable-Cordless-Screwdriver-882038-6-1.jpg 790w, https:\/\/www.uf-tools.com\/wp-content\/uploads\/2023\/09\/Electric-Screwdriver-Set-51-in-1-Mini-Rechargeable-Cordless-Screwdriver-882038-6-1-768x944.jpg 768w, https:\/\/www.uf-tools.com\/wp-content\/uploads\/2023\/09\/Electric-Screwdriver-Set-51-in-1-Mini-Rechargeable-Cordless-Screwdriver-882038-6-1-10x12.jpg 10w\" sizes=\"auto, (max-width: 790px) 100vw, 790px\" \/> <img loading=\"lazy\" decoding=\"async\" class=\"size-full wp-image-16959 aligncenter\" src=\"https:\/\/www.uf-tools.com\/wp-content\/uploads\/2023\/09\/Electric-Screwdriver-Set-51-in-1-Mini-Rechargeable-Cordless-Screwdriver-882038-7.jpg\" alt=\"\" width=\"790\" height=\"1190\" srcset=\"https:\/\/www.uf-tools.com\/wp-content\/uploads\/2023\/09\/Electric-Screwdriver-Set-51-in-1-Mini-Rechargeable-Cordless-Screwdriver-882038-7.jpg 790w, https:\/\/www.uf-tools.com\/wp-content\/uploads\/2023\/09\/Electric-Screwdriver-Set-51-in-1-Mini-Rechargeable-Cordless-Screwdriver-882038-7-768x1157.jpg 768w, https:\/\/www.uf-tools.com\/wp-content\/uploads\/2023\/09\/Electric-Screwdriver-Set-51-in-1-Mini-Rechargeable-Cordless-Screwdriver-882038-7-8x12.jpg 8w\" sizes=\"auto, (max-width: 790px) 100vw, 790px\" \/> <img loading=\"lazy\" decoding=\"async\" class=\"size-full wp-image-16960 aligncenter\" src=\"https:\/\/www.uf-tools.com\/wp-content\/uploads\/2023\/09\/Electric-Screwdriver-Set-51-in-1-Mini-Rechargeable-Cordless-Screwdriver-882038-8.jpg\" alt=\"\" width=\"790\" height=\"1111\" srcset=\"https:\/\/www.uf-tools.com\/wp-content\/uploads\/2023\/09\/Electric-Screwdriver-Set-51-in-1-Mini-Rechargeable-Cordless-Screwdriver-882038-8.jpg 790w, https:\/\/www.uf-tools.com\/wp-content\/uploads\/2023\/09\/Electric-Screwdriver-Set-51-in-1-Mini-Rechargeable-Cordless-Screwdriver-882038-8-768x1080.jpg 768w, https:\/\/www.uf-tools.com\/wp-content\/uploads\/2023\/09\/Electric-Screwdriver-Set-51-in-1-Mini-Rechargeable-Cordless-Screwdriver-882038-8-9x12.jpg 9w\" sizes=\"auto, (max-width: 790px) 100vw, 790px\" \/> <img loading=\"lazy\" decoding=\"async\" class=\"size-full wp-image-16961 aligncenter\" src=\"https:\/\/www.uf-tools.com\/wp-content\/uploads\/2023\/09\/Electric-Screwdriver-Set-51-in-1-Mini-Rechargeable-Cordless-Screwdriver-882038-9.jpg\" alt=\"\" width=\"790\" height=\"1189\" srcset=\"https:\/\/www.uf-tools.com\/wp-content\/uploads\/2023\/09\/Electric-Screwdriver-Set-51-in-1-Mini-Rechargeable-Cordless-Screwdriver-882038-9.jpg 790w, https:\/\/www.uf-tools.com\/wp-content\/uploads\/2023\/09\/Electric-Screwdriver-Set-51-in-1-Mini-Rechargeable-Cordless-Screwdriver-882038-9-768x1156.jpg 768w, https:\/\/www.uf-tools.com\/wp-content\/uploads\/2023\/09\/Electric-Screwdriver-Set-51-in-1-Mini-Rechargeable-Cordless-Screwdriver-882038-9-8x12.jpg 8w\" sizes=\"auto, (max-width: 790px) 100vw, 790px\" \/> <img loading=\"lazy\" decoding=\"async\" class=\"size-full wp-image-16962 aligncenter\" src=\"https:\/\/www.uf-tools.com\/wp-content\/uploads\/2023\/09\/Electric-Screwdriver-Set-51-in-1-Mini-Rechargeable-Cordless-Screwdriver-882038-10.jpg\" alt=\"\" width=\"790\" height=\"1195\" srcset=\"https:\/\/www.uf-tools.com\/wp-content\/uploads\/2023\/09\/Electric-Screwdriver-Set-51-in-1-Mini-Rechargeable-Cordless-Screwdriver-882038-10.jpg 790w, https:\/\/www.uf-tools.com\/wp-content\/uploads\/2023\/09\/Electric-Screwdriver-Set-51-in-1-Mini-Rechargeable-Cordless-Screwdriver-882038-10-768x1162.jpg 768w, https:\/\/www.uf-tools.com\/wp-content\/uploads\/2023\/09\/Electric-Screwdriver-Set-51-in-1-Mini-Rechargeable-Cordless-Screwdriver-882038-10-8x12.jpg 8w\" sizes=\"auto, (max-width: 790px) 100vw, 790px\" \/> <img loading=\"lazy\" decoding=\"async\" class=\"size-full wp-image-16963 aligncenter\" src=\"https:\/\/www.uf-tools.com\/wp-content\/uploads\/2023\/09\/Electric-Screwdriver-Set-51-in-1-Mini-Rechargeable-Cordless-Screwdriver-882038-11.jpg\" alt=\"\" width=\"790\" height=\"799\" srcset=\"https:\/\/www.uf-tools.com\/wp-content\/uploads\/2023\/09\/Electric-Screwdriver-Set-51-in-1-Mini-Rechargeable-Cordless-Screwdriver-882038-11.jpg 790w, https:\/\/www.uf-tools.com\/wp-content\/uploads\/2023\/09\/Electric-Screwdriver-Set-51-in-1-Mini-Rechargeable-Cordless-Screwdriver-882038-11-768x777.jpg 768w, https:\/\/www.uf-tools.com\/wp-content\/uploads\/2023\/09\/Electric-Screwdriver-Set-51-in-1-Mini-Rechargeable-Cordless-Screwdriver-882038-11-12x12.jpg 12w, https:\/\/www.uf-tools.com\/wp-content\/uploads\/2023\/09\/Electric-Screwdriver-Set-51-in-1-Mini-Rechargeable-Cordless-Screwdriver-882038-11-110x110.jpg 110w\" sizes=\"auto, (max-width: 790px) 100vw, 790px\" \/><\/p>","protected":false},"excerpt":{"rendered":"<p>Cette petite visseuse \u00e9lectrique 51 en 1 a une vitesse de rotation de 300 par minute, un mode automatique\/manuel avec un couple de 0,4-0,5 N.m, une capacit\u00e9 de batterie de 350 mAh, un temps de charge de moins de 70 minutes, une autonomie de 30 jours. L'appareil peut fonctionner en continu pendant 1 heure, ce qui est tout \u00e0 fait suffisant pour serrer un total de 400 vis. Taille du produit : 22,3*10,7*24 mm, poids : 1,5 kg, l\u00e9g\u00e8re, portable et facile \u00e0 transporter.<\/p>","protected":false},"featured_media":16947,"comment_status":"open","ping_status":"closed","template":"","meta":[],"product_cat":[87,49],"product_tag":[90,91,88,89],"class_list":{"0":"post-16946","1":"product","2":"type-product","3":"status-publish","4":"has-post-thumbnail","6":"product_cat-mini-electric-screwdriver","7":"product_cat-power-tools","8":"product_tag-electric-precision-screwdriver","9":"product_tag-mini-cordless-screwdriver","10":"product_tag-mini-electric-screwdriver","11":"product_tag-precision-electric-screwdriver","12":"product_brand-uf-tools","14":"first","15":"outofstock","16":"sale","17":"purchasable","18":"product-type-simple"},"yoast_head":"<!-- This site is optimized with the Yoast SEO plugin v26.9 - https:\/\/yoast.com\/product\/yoast-seo-wordpress\/ -->\n<title>51 in 1 Mini Electric Screwdriver Set,Cordless Screwdriver kit<\/title>\n<meta name=\"description\" content=\"This 51 in 1 small electric screwdriver has a 300 rotating speed per minute, automatic\/manual mode with 0.4-0.5 N.m torque, battery capacity is 350 mAh\" \/>\n<meta name=\"robots\" content=\"index, follow, max-snippet:-1, max-image-preview:large, max-video-preview:-1\" \/>\n<link rel=\"canonical\" href=\"https:\/\/www.uf-tools.com\/fr\/jeu-de-tournevis-electriques-51-en-1-mini-tournevis-sans-fil-rechargeable-882038\/\" \/>\n<meta property=\"og:locale\" content=\"fr_FR\" \/>\n<meta property=\"og:type\" content=\"article\" \/>\n<meta property=\"og:title\" content=\"51 in 1 Mini Electric Screwdriver Set,Cordless Screwdriver kit\" \/>\n<meta property=\"og:description\" content=\"This 51 in 1 small electric screwdriver has a 300 rotating speed per minute, automatic\/manual mode with 0.4-0.5 N.m torque, battery capacity is 350 mAh\" \/>\n<meta property=\"og:url\" content=\"https:\/\/www.uf-tools.com\/fr\/jeu-de-tournevis-electriques-51-en-1-mini-tournevis-sans-fil-rechargeable-882038\/\" \/>\n<meta property=\"og:site_name\" content=\"UF Tools Wholesale Suppliers\" \/>\n<meta property=\"article:publisher\" content=\"https:\/\/www.facebook.com\/UFTOOLS\/?show_switched_toast=0&amp;show_invite_to_follow=0&amp;show_switched_tooltip=0&amp;show_podcast_settings=0&amp;show_community_review_changes=0&amp;show_community_rollback=0&amp;show_follower_visibility_disclosure=0\" \/>\n<meta property=\"article:modified_time\" content=\"2025-02-21T09:29:14+00:00\" \/>\n<meta property=\"og:image\" content=\"https:\/\/www.uf-tools.com\/wp-content\/uploads\/2023\/09\/Electric-Screwdriver-Set-51-in-1-Mini-Rechargeable-Cordless-Screwdriver-882038-1.jpg\" \/>\n\t<meta property=\"og:image:width\" content=\"1030\" \/>\n\t<meta property=\"og:image:height\" content=\"1030\" \/>\n\t<meta property=\"og:image:type\" content=\"image\/jpeg\" \/>\n<meta name=\"twitter:card\" content=\"summary_large_image\" \/>\n<meta name=\"twitter:site\" content=\"@uftools\" \/>\n<meta name=\"twitter:label1\" content=\"Dur\u00e9e de lecture estim\u00e9e\" \/>\n\t<meta name=\"twitter:data1\" content=\"4 minutes\" \/>\n<script type=\"application\/ld+json\" class=\"yoast-schema-graph\">{\"@context\":\"https:\/\/schema.org\",\"@graph\":[{\"@type\":\"WebPage\",\"@id\":\"https:\/\/www.uf-tools.com\/electric-screwdriver-set-51-in-1-mini-rechargeable-cordless-screwdriver-882038\/\",\"url\":\"https:\/\/www.uf-tools.com\/electric-screwdriver-set-51-in-1-mini-rechargeable-cordless-screwdriver-882038\/\",\"name\":\"51 in 1 Mini Electric Screwdriver Set,Cordless Screwdriver kit\",\"isPartOf\":{\"@id\":\"http:\/\/www.uf-tools.com\/ja\/#website\"},\"primaryImageOfPage\":{\"@id\":\"https:\/\/www.uf-tools.com\/electric-screwdriver-set-51-in-1-mini-rechargeable-cordless-screwdriver-882038\/#primaryimage\"},\"image\":{\"@id\":\"https:\/\/www.uf-tools.com\/electric-screwdriver-set-51-in-1-mini-rechargeable-cordless-screwdriver-882038\/#primaryimage\"},\"thumbnailUrl\":\"https:\/\/www.uf-tools.com\/wp-content\/uploads\/2023\/09\/Electric-Screwdriver-Set-51-in-1-Mini-Rechargeable-Cordless-Screwdriver-882038-1.jpg\",\"datePublished\":\"2023-09-22T04:08:46+00:00\",\"dateModified\":\"2025-02-21T09:29:14+00:00\",\"description\":\"This 51 in 1 small electric screwdriver has a 300 rotating speed per minute, automatic\/manual mode with 0.4-0.5 N.m torque, battery capacity is 350 mAh\",\"breadcrumb\":{\"@id\":\"https:\/\/www.uf-tools.com\/electric-screwdriver-set-51-in-1-mini-rechargeable-cordless-screwdriver-882038\/#breadcrumb\"},\"inLanguage\":\"fr-FR\",\"potentialAction\":[{\"@type\":\"ReadAction\",\"target\":[\"https:\/\/www.uf-tools.com\/electric-screwdriver-set-51-in-1-mini-rechargeable-cordless-screwdriver-882038\/\"]}]},{\"@type\":\"ImageObject\",\"inLanguage\":\"fr-FR\",\"@id\":\"https:\/\/www.uf-tools.com\/electric-screwdriver-set-51-in-1-mini-rechargeable-cordless-screwdriver-882038\/#primaryimage\",\"url\":\"https:\/\/www.uf-tools.com\/wp-content\/uploads\/2023\/09\/Electric-Screwdriver-Set-51-in-1-Mini-Rechargeable-Cordless-Screwdriver-882038-1.jpg\",\"contentUrl\":\"https:\/\/www.uf-tools.com\/wp-content\/uploads\/2023\/09\/Electric-Screwdriver-Set-51-in-1-Mini-Rechargeable-Cordless-Screwdriver-882038-1.jpg\",\"width\":1030,\"height\":1030,\"caption\":\"Electric Screwdriver Set, 51 in 1 Mini Rechargeable Cordless Screwdriver - 882038\"},{\"@type\":\"BreadcrumbList\",\"@id\":\"https:\/\/www.uf-tools.com\/electric-screwdriver-set-51-in-1-mini-rechargeable-cordless-screwdriver-882038\/#breadcrumb\",\"itemListElement\":[{\"@type\":\"ListItem\",\"position\":1,\"name\":\"Home\",\"item\":\"http:\/\/www.uf-tools.com\/ja\/\"},{\"@type\":\"ListItem\",\"position\":2,\"name\":\"Shop\",\"item\":\"http:\/\/www.uf-tools.com\/ja\/shop\/\"},{\"@type\":\"ListItem\",\"position\":3,\"name\":\"Electric Screwdriver Set, 51 in 1 Mini Rechargeable Cordless Screwdriver &#8211; 882038\"}]},{\"@type\":\"WebSite\",\"@id\":\"http:\/\/www.uf-tools.com\/ja\/#website\",\"url\":\"http:\/\/www.uf-tools.com\/ja\/\",\"name\":\"Manufacturer of precision digital repair tools\",\"description\":\"UF TOOLS\",\"publisher\":{\"@id\":\"http:\/\/www.uf-tools.com\/ja\/#organization\"},\"potentialAction\":[{\"@type\":\"SearchAction\",\"target\":{\"@type\":\"EntryPoint\",\"urlTemplate\":\"http:\/\/www.uf-tools.com\/ja\/?s={search_term_string}\"},\"query-input\":{\"@type\":\"PropertyValueSpecification\",\"valueRequired\":true,\"valueName\":\"search_term_string\"}}],\"inLanguage\":\"fr-FR\"},{\"@type\":\"Organization\",\"@id\":\"http:\/\/www.uf-tools.com\/ja\/#organization\",\"name\":\"UF Tools Wholesale Suppliers\",\"url\":\"http:\/\/www.uf-tools.com\/ja\/\",\"logo\":{\"@type\":\"ImageObject\",\"inLanguage\":\"fr-FR\",\"@id\":\"http:\/\/www.uf-tools.com\/ja\/#\/schema\/logo\/image\/\",\"url\":\"https:\/\/www.uf-tools.com\/wp-content\/uploads\/2023\/07\/logo-blue.svg\",\"contentUrl\":\"https:\/\/www.uf-tools.com\/wp-content\/uploads\/2023\/07\/logo-blue.svg\",\"width\":242,\"height\":56,\"caption\":\"UF Tools Wholesale Suppliers\"},\"image\":{\"@id\":\"http:\/\/www.uf-tools.com\/ja\/#\/schema\/logo\/image\/\"},\"sameAs\":[\"https:\/\/www.facebook.com\/UFTOOLS\/?show_switched_toast=0&show_invite_to_follow=0&show_switched_tooltip=0&show_podcast_settings=0&show_community_review_changes=0&show_community_rollback=0&show_follower_visibility_disclosure=0\",\"https:\/\/x.com\/uftools\",\"https:\/\/www.instagram.com\/youfutools\/\",\"https:\/\/www.pinterest.com\/uftools\/\",\"https:\/\/www.youtube.com\/@uf-tools\"]}]}<\/script>\n<!-- \/ Yoast SEO plugin. -->","yoast_head_json":{"title":"51 in 1 Mini Electric Screwdriver Set,Cordless Screwdriver kit","description":"This 51 in 1 small electric screwdriver has a 300 rotating speed per minute, automatic\/manual mode with 0.4-0.5 N.m torque, battery capacity is 350 mAh","robots":{"index":"index","follow":"follow","max-snippet":"max-snippet:-1","max-image-preview":"max-image-preview:large","max-video-preview":"max-video-preview:-1"},"canonical":"https:\/\/www.uf-tools.com\/fr\/jeu-de-tournevis-electriques-51-en-1-mini-tournevis-sans-fil-rechargeable-882038\/","og_locale":"fr_FR","og_type":"article","og_title":"51 in 1 Mini Electric Screwdriver Set,Cordless Screwdriver kit","og_description":"This 51 in 1 small electric screwdriver has a 300 rotating speed per minute, automatic\/manual mode with 0.4-0.5 N.m torque, battery capacity is 350 mAh","og_url":"https:\/\/www.uf-tools.com\/fr\/jeu-de-tournevis-electriques-51-en-1-mini-tournevis-sans-fil-rechargeable-882038\/","og_site_name":"UF Tools Wholesale Suppliers","article_publisher":"https:\/\/www.facebook.com\/UFTOOLS\/?show_switched_toast=0&show_invite_to_follow=0&show_switched_tooltip=0&show_podcast_settings=0&show_community_review_changes=0&show_community_rollback=0&show_follower_visibility_disclosure=0","article_modified_time":"2025-02-21T09:29:14+00:00","og_image":[{"width":1030,"height":1030,"url":"https:\/\/www.uf-tools.com\/wp-content\/uploads\/2023\/09\/Electric-Screwdriver-Set-51-in-1-Mini-Rechargeable-Cordless-Screwdriver-882038-1.jpg","type":"image\/jpeg"}],"twitter_card":"summary_large_image","twitter_site":"@uftools","twitter_misc":{"Dur\u00e9e de lecture estim\u00e9e":"4 minutes"},"schema":{"@context":"https:\/\/schema.org","@graph":[{"@type":"WebPage","@id":"https:\/\/www.uf-tools.com\/electric-screwdriver-set-51-in-1-mini-rechargeable-cordless-screwdriver-882038\/","url":"https:\/\/www.uf-tools.com\/electric-screwdriver-set-51-in-1-mini-rechargeable-cordless-screwdriver-882038\/","name":"51 in 1 Mini Electric Screwdriver Set,Cordless Screwdriver kit","isPartOf":{"@id":"http:\/\/www.uf-tools.com\/ja\/#website"},"primaryImageOfPage":{"@id":"https:\/\/www.uf-tools.com\/electric-screwdriver-set-51-in-1-mini-rechargeable-cordless-screwdriver-882038\/#primaryimage"},"image":{"@id":"https:\/\/www.uf-tools.com\/electric-screwdriver-set-51-in-1-mini-rechargeable-cordless-screwdriver-882038\/#primaryimage"},"thumbnailUrl":"https:\/\/www.uf-tools.com\/wp-content\/uploads\/2023\/09\/Electric-Screwdriver-Set-51-in-1-Mini-Rechargeable-Cordless-Screwdriver-882038-1.jpg","datePublished":"2023-09-22T04:08:46+00:00","dateModified":"2025-02-21T09:29:14+00:00","description":"This 51 in 1 small electric screwdriver has a 300 rotating speed per minute, automatic\/manual mode with 0.4-0.5 N.m torque, battery capacity is 350 mAh","breadcrumb":{"@id":"https:\/\/www.uf-tools.com\/electric-screwdriver-set-51-in-1-mini-rechargeable-cordless-screwdriver-882038\/#breadcrumb"},"inLanguage":"fr-FR","potentialAction":[{"@type":"ReadAction","target":["https:\/\/www.uf-tools.com\/electric-screwdriver-set-51-in-1-mini-rechargeable-cordless-screwdriver-882038\/"]}]},{"@type":"ImageObject","inLanguage":"fr-FR","@id":"https:\/\/www.uf-tools.com\/electric-screwdriver-set-51-in-1-mini-rechargeable-cordless-screwdriver-882038\/#primaryimage","url":"https:\/\/www.uf-tools.com\/wp-content\/uploads\/2023\/09\/Electric-Screwdriver-Set-51-in-1-Mini-Rechargeable-Cordless-Screwdriver-882038-1.jpg","contentUrl":"https:\/\/www.uf-tools.com\/wp-content\/uploads\/2023\/09\/Electric-Screwdriver-Set-51-in-1-Mini-Rechargeable-Cordless-Screwdriver-882038-1.jpg","width":1030,"height":1030,"caption":"Electric Screwdriver Set, 51 in 1 Mini Rechargeable Cordless Screwdriver - 882038"},{"@type":"BreadcrumbList","@id":"https:\/\/www.uf-tools.com\/electric-screwdriver-set-51-in-1-mini-rechargeable-cordless-screwdriver-882038\/#breadcrumb","itemListElement":[{"@type":"ListItem","position":1,"name":"Home","item":"http:\/\/www.uf-tools.com\/ja\/"},{"@type":"ListItem","position":2,"name":"Shop","item":"http:\/\/www.uf-tools.com\/ja\/shop\/"},{"@type":"ListItem","position":3,"name":"Electric Screwdriver Set, 51 in 1 Mini Rechargeable Cordless Screwdriver &#8211; 882038"}]},{"@type":"WebSite","@id":"http:\/\/www.uf-tools.com\/ja\/#website","url":"http:\/\/www.uf-tools.com\/ja\/","name":"Manufacturer of precision digital repair tools","description":"UF TOOLS","publisher":{"@id":"http:\/\/www.uf-tools.com\/ja\/#organization"},"potentialAction":[{"@type":"SearchAction","target":{"@type":"EntryPoint","urlTemplate":"http:\/\/www.uf-tools.com\/ja\/?s={search_term_string}"},"query-input":{"@type":"PropertyValueSpecification","valueRequired":true,"valueName":"search_term_string"}}],"inLanguage":"fr-FR"},{"@type":"Organization","@id":"http:\/\/www.uf-tools.com\/ja\/#organization","name":"UF Tools Wholesale Suppliers","url":"http:\/\/www.uf-tools.com\/ja\/","logo":{"@type":"ImageObject","inLanguage":"fr-FR","@id":"http:\/\/www.uf-tools.com\/ja\/#\/schema\/logo\/image\/","url":"https:\/\/www.uf-tools.com\/wp-content\/uploads\/2023\/07\/logo-blue.svg","contentUrl":"https:\/\/www.uf-tools.com\/wp-content\/uploads\/2023\/07\/logo-blue.svg","width":242,"height":56,"caption":"UF Tools Wholesale Suppliers"},"image":{"@id":"http:\/\/www.uf-tools.com\/ja\/#\/schema\/logo\/image\/"},"sameAs":["https:\/\/www.facebook.com\/UFTOOLS\/?show_switched_toast=0&show_invite_to_follow=0&show_switched_tooltip=0&show_podcast_settings=0&show_community_review_changes=0&show_community_rollback=0&show_follower_visibility_disclosure=0","https:\/\/x.com\/uftools","https:\/\/www.instagram.com\/youfutools\/","https:\/\/www.pinterest.com\/uftools\/","https:\/\/www.youtube.com\/@uf-tools"]}]}},"_links":{"self":[{"href":"https:\/\/www.uf-tools.com\/fr\/wp-json\/wp\/v2\/product\/16946","targetHints":{"allow":["GET"]}}],"collection":[{"href":"https:\/\/www.uf-tools.com\/fr\/wp-json\/wp\/v2\/product"}],"about":[{"href":"https:\/\/www.uf-tools.com\/fr\/wp-json\/wp\/v2\/types\/product"}],"replies":[{"embeddable":true,"href":"https:\/\/www.uf-tools.com\/fr\/wp-json\/wp\/v2\/comments?post=16946"}],"version-history":[{"count":0,"href":"https:\/\/www.uf-tools.com\/fr\/wp-json\/wp\/v2\/product\/16946\/revisions"}],"wp:featuredmedia":[{"embeddable":true,"href":"https:\/\/www.uf-tools.com\/fr\/wp-json\/wp\/v2\/media\/16947"}],"wp:attachment":[{"href":"https:\/\/www.uf-tools.com\/fr\/wp-json\/wp\/v2\/media?parent=16946"}],"wp:term":[{"taxonomy":"product_cat","embeddable":true,"href":"https:\/\/www.uf-tools.com\/fr\/wp-json\/wp\/v2\/product_cat?post=16946"},{"taxonomy":"product_tag","embeddable":true,"href":"https:\/\/www.uf-tools.com\/fr\/wp-json\/wp\/v2\/product_tag?post=16946"}],"curies":[{"name":"wp","href":"https:\/\/api.w.org\/{rel}","templated":true}]}}