{"id":16876,"date":"2023-09-21T07:59:30","date_gmt":"2023-09-21T07:59:30","guid":{"rendered":"https:\/\/www.uf-tools.com\/?post_type=product&#038;p=16876"},"modified":"2025-02-21T09:29:51","modified_gmt":"2025-02-21T09:29:51","slug":"best-electric-cordless-screwdriver-setrechargeable-power-screwdriver-882045","status":"publish","type":"product","link":"https:\/\/www.uf-tools.com\/fr\/meilleur-jeu-de-visseuses-electriques-sans-filvisseuse-electrique-rechargeable-882045\/","title":{"rendered":"Best Electric Cordless Screwdriver Set,Tournevis \u00e9lectrique rechargeable -882045"},"content":{"rendered":"<h2>Best Electric Cordless Screwdriver Set,Tournevis \u00e9lectrique rechargeable -882045<\/h2>\n<p><!--more--><\/p>\n<p><img loading=\"lazy\" decoding=\"async\" class=\"size-full wp-image-16877 aligncenter\" src=\"https:\/\/www.uf-tools.com\/wp-content\/uploads\/2023\/09\/Best-Electric-Cordless-Screwdriver-SetRechargeable-Power-Screwdriver-882045-1.jpg\" alt=\"\" width=\"790\" height=\"1782\" srcset=\"https:\/\/www.uf-tools.com\/wp-content\/uploads\/2023\/09\/Best-Electric-Cordless-Screwdriver-SetRechargeable-Power-Screwdriver-882045-1.jpg 790w, https:\/\/www.uf-tools.com\/wp-content\/uploads\/2023\/09\/Best-Electric-Cordless-Screwdriver-SetRechargeable-Power-Screwdriver-882045-1-768x1732.jpg 768w, https:\/\/www.uf-tools.com\/wp-content\/uploads\/2023\/09\/Best-Electric-Cordless-Screwdriver-SetRechargeable-Power-Screwdriver-882045-1-681x1536.jpg 681w, https:\/\/www.uf-tools.com\/wp-content\/uploads\/2023\/09\/Best-Electric-Cordless-Screwdriver-SetRechargeable-Power-Screwdriver-882045-1-5x12.jpg 5w\" sizes=\"auto, (max-width: 790px) 100vw, 790px\" \/> <img loading=\"lazy\" decoding=\"async\" class=\"size-full wp-image-16878 aligncenter\" src=\"https:\/\/www.uf-tools.com\/wp-content\/uploads\/2023\/09\/Best-Electric-Cordless-Screwdriver-SetRechargeable-Power-Screwdriver-882045-2.jpg\" alt=\"\" width=\"790\" height=\"2420\" srcset=\"https:\/\/www.uf-tools.com\/wp-content\/uploads\/2023\/09\/Best-Electric-Cordless-Screwdriver-SetRechargeable-Power-Screwdriver-882045-2.jpg 790w, https:\/\/www.uf-tools.com\/wp-content\/uploads\/2023\/09\/Best-Electric-Cordless-Screwdriver-SetRechargeable-Power-Screwdriver-882045-2-768x2353.jpg 768w, https:\/\/www.uf-tools.com\/wp-content\/uploads\/2023\/09\/Best-Electric-Cordless-Screwdriver-SetRechargeable-Power-Screwdriver-882045-2-501x1536.jpg 501w, https:\/\/www.uf-tools.com\/wp-content\/uploads\/2023\/09\/Best-Electric-Cordless-Screwdriver-SetRechargeable-Power-Screwdriver-882045-2-669x2048.jpg 669w, https:\/\/www.uf-tools.com\/wp-content\/uploads\/2023\/09\/Best-Electric-Cordless-Screwdriver-SetRechargeable-Power-Screwdriver-882045-2-4x12.jpg 4w\" sizes=\"auto, (max-width: 790px) 100vw, 790px\" \/> <img loading=\"lazy\" decoding=\"async\" class=\"size-full wp-image-16879 aligncenter\" src=\"https:\/\/www.uf-tools.com\/wp-content\/uploads\/2023\/09\/Best-Electric-Cordless-Screwdriver-SetRechargeable-Power-Screwdriver-882045-3-scaled.jpg\" alt=\"\" width=\"766\" height=\"2560\" srcset=\"https:\/\/www.uf-tools.com\/wp-content\/uploads\/2023\/09\/Best-Electric-Cordless-Screwdriver-SetRechargeable-Power-Screwdriver-882045-3-scaled.jpg 766w, https:\/\/www.uf-tools.com\/wp-content\/uploads\/2023\/09\/Best-Electric-Cordless-Screwdriver-SetRechargeable-Power-Screwdriver-882045-3-768x2567.jpg 768w, https:\/\/www.uf-tools.com\/wp-content\/uploads\/2023\/09\/Best-Electric-Cordless-Screwdriver-SetRechargeable-Power-Screwdriver-882045-3-613x2048.jpg 613w, https:\/\/www.uf-tools.com\/wp-content\/uploads\/2023\/09\/Best-Electric-Cordless-Screwdriver-SetRechargeable-Power-Screwdriver-882045-3-4x12.jpg 4w\" sizes=\"auto, (max-width: 766px) 100vw, 766px\" \/> <img loading=\"lazy\" decoding=\"async\" class=\"size-full wp-image-16880 aligncenter\" src=\"https:\/\/www.uf-tools.com\/wp-content\/uploads\/2023\/09\/Best-Electric-Cordless-Screwdriver-SetRechargeable-Power-Screwdriver-882045-4.jpg\" alt=\"\" width=\"790\" height=\"2139\" srcset=\"https:\/\/www.uf-tools.com\/wp-content\/uploads\/2023\/09\/Best-Electric-Cordless-Screwdriver-SetRechargeable-Power-Screwdriver-882045-4.jpg 790w, https:\/\/www.uf-tools.com\/wp-content\/uploads\/2023\/09\/Best-Electric-Cordless-Screwdriver-SetRechargeable-Power-Screwdriver-882045-4-768x2079.jpg 768w, https:\/\/www.uf-tools.com\/wp-content\/uploads\/2023\/09\/Best-Electric-Cordless-Screwdriver-SetRechargeable-Power-Screwdriver-882045-4-567x1536.jpg 567w, https:\/\/www.uf-tools.com\/wp-content\/uploads\/2023\/09\/Best-Electric-Cordless-Screwdriver-SetRechargeable-Power-Screwdriver-882045-4-756x2048.jpg 756w, https:\/\/www.uf-tools.com\/wp-content\/uploads\/2023\/09\/Best-Electric-Cordless-Screwdriver-SetRechargeable-Power-Screwdriver-882045-4-4x12.jpg 4w\" sizes=\"auto, (max-width: 790px) 100vw, 790px\" \/> <img loading=\"lazy\" decoding=\"async\" class=\"size-full wp-image-16881 aligncenter\" src=\"https:\/\/www.uf-tools.com\/wp-content\/uploads\/2023\/09\/Best-Electric-Cordless-Screwdriver-SetRechargeable-Power-Screwdriver-882045-5.jpg\" alt=\"\" width=\"790\" height=\"1415\" srcset=\"https:\/\/www.uf-tools.com\/wp-content\/uploads\/2023\/09\/Best-Electric-Cordless-Screwdriver-SetRechargeable-Power-Screwdriver-882045-5.jpg 790w, https:\/\/www.uf-tools.com\/wp-content\/uploads\/2023\/09\/Best-Electric-Cordless-Screwdriver-SetRechargeable-Power-Screwdriver-882045-5-768x1376.jpg 768w, https:\/\/www.uf-tools.com\/wp-content\/uploads\/2023\/09\/Best-Electric-Cordless-Screwdriver-SetRechargeable-Power-Screwdriver-882045-5-7x12.jpg 7w\" sizes=\"auto, (max-width: 790px) 100vw, 790px\" \/> <img loading=\"lazy\" decoding=\"async\" class=\"size-full wp-image-16882 aligncenter\" src=\"https:\/\/www.uf-tools.com\/wp-content\/uploads\/2023\/09\/Best-Electric-Cordless-Screwdriver-SetRechargeable-Power-Screwdriver-882045-6.jpg\" alt=\"\" width=\"790\" height=\"2552\" srcset=\"https:\/\/www.uf-tools.com\/wp-content\/uploads\/2023\/09\/Best-Electric-Cordless-Screwdriver-SetRechargeable-Power-Screwdriver-882045-6.jpg 790w, https:\/\/www.uf-tools.com\/wp-content\/uploads\/2023\/09\/Best-Electric-Cordless-Screwdriver-SetRechargeable-Power-Screwdriver-882045-6-768x2481.jpg 768w, https:\/\/www.uf-tools.com\/wp-content\/uploads\/2023\/09\/Best-Electric-Cordless-Screwdriver-SetRechargeable-Power-Screwdriver-882045-6-634x2048.jpg 634w, https:\/\/www.uf-tools.com\/wp-content\/uploads\/2023\/09\/Best-Electric-Cordless-Screwdriver-SetRechargeable-Power-Screwdriver-882045-6-4x12.jpg 4w\" sizes=\"auto, (max-width: 790px) 100vw, 790px\" \/> <img loading=\"lazy\" decoding=\"async\" class=\"size-full wp-image-16883 aligncenter\" src=\"https:\/\/www.uf-tools.com\/wp-content\/uploads\/2023\/09\/Best-Electric-Cordless-Screwdriver-SetRechargeable-Power-Screwdriver-882045-7.jpg\" alt=\"\" width=\"790\" height=\"2400\" srcset=\"https:\/\/www.uf-tools.com\/wp-content\/uploads\/2023\/09\/Best-Electric-Cordless-Screwdriver-SetRechargeable-Power-Screwdriver-882045-7.jpg 790w, https:\/\/www.uf-tools.com\/wp-content\/uploads\/2023\/09\/Best-Electric-Cordless-Screwdriver-SetRechargeable-Power-Screwdriver-882045-7-768x2333.jpg 768w, https:\/\/www.uf-tools.com\/wp-content\/uploads\/2023\/09\/Best-Electric-Cordless-Screwdriver-SetRechargeable-Power-Screwdriver-882045-7-506x1536.jpg 506w, https:\/\/www.uf-tools.com\/wp-content\/uploads\/2023\/09\/Best-Electric-Cordless-Screwdriver-SetRechargeable-Power-Screwdriver-882045-7-674x2048.jpg 674w, https:\/\/www.uf-tools.com\/wp-content\/uploads\/2023\/09\/Best-Electric-Cordless-Screwdriver-SetRechargeable-Power-Screwdriver-882045-7-4x12.jpg 4w\" sizes=\"auto, (max-width: 790px) 100vw, 790px\" \/> <img loading=\"lazy\" decoding=\"async\" class=\"size-full wp-image-16884 aligncenter\" src=\"https:\/\/www.uf-tools.com\/wp-content\/uploads\/2023\/09\/Best-Electric-Cordless-Screwdriver-SetRechargeable-Power-Screwdriver-882045-8-scaled.jpg\" alt=\"\" width=\"588\" height=\"2560\" srcset=\"https:\/\/www.uf-tools.com\/wp-content\/uploads\/2023\/09\/Best-Electric-Cordless-Screwdriver-SetRechargeable-Power-Screwdriver-882045-8-scaled.jpg 588w, https:\/\/www.uf-tools.com\/wp-content\/uploads\/2023\/09\/Best-Electric-Cordless-Screwdriver-SetRechargeable-Power-Screwdriver-882045-8-768x3343.jpg 768w, https:\/\/www.uf-tools.com\/wp-content\/uploads\/2023\/09\/Best-Electric-Cordless-Screwdriver-SetRechargeable-Power-Screwdriver-882045-8-353x1536.jpg 353w, https:\/\/www.uf-tools.com\/wp-content\/uploads\/2023\/09\/Best-Electric-Cordless-Screwdriver-SetRechargeable-Power-Screwdriver-882045-8-3x12.jpg 3w\" sizes=\"auto, (max-width: 588px) 100vw, 588px\" \/> <img loading=\"lazy\" decoding=\"async\" class=\"size-full wp-image-16885 aligncenter\" src=\"https:\/\/www.uf-tools.com\/wp-content\/uploads\/2023\/09\/Best-Electric-Cordless-Screwdriver-SetRechargeable-Power-Screwdriver-882045-9.jpg\" alt=\"\" width=\"790\" height=\"1886\" srcset=\"https:\/\/www.uf-tools.com\/wp-content\/uploads\/2023\/09\/Best-Electric-Cordless-Screwdriver-SetRechargeable-Power-Screwdriver-882045-9.jpg 790w, https:\/\/www.uf-tools.com\/wp-content\/uploads\/2023\/09\/Best-Electric-Cordless-Screwdriver-SetRechargeable-Power-Screwdriver-882045-9-768x1833.jpg 768w, https:\/\/www.uf-tools.com\/wp-content\/uploads\/2023\/09\/Best-Electric-Cordless-Screwdriver-SetRechargeable-Power-Screwdriver-882045-9-643x1536.jpg 643w, https:\/\/www.uf-tools.com\/wp-content\/uploads\/2023\/09\/Best-Electric-Cordless-Screwdriver-SetRechargeable-Power-Screwdriver-882045-9-5x12.jpg 5w\" sizes=\"auto, (max-width: 790px) 100vw, 790px\" \/> <img loading=\"lazy\" decoding=\"async\" class=\"size-full wp-image-16886 aligncenter\" src=\"https:\/\/www.uf-tools.com\/wp-content\/uploads\/2023\/09\/Best-Electric-Cordless-Screwdriver-SetRechargeable-Power-Screwdriver-882045-10.jpg\" alt=\"\" width=\"790\" height=\"1268\" srcset=\"https:\/\/www.uf-tools.com\/wp-content\/uploads\/2023\/09\/Best-Electric-Cordless-Screwdriver-SetRechargeable-Power-Screwdriver-882045-10.jpg 790w, https:\/\/www.uf-tools.com\/wp-content\/uploads\/2023\/09\/Best-Electric-Cordless-Screwdriver-SetRechargeable-Power-Screwdriver-882045-10-768x1233.jpg 768w, https:\/\/www.uf-tools.com\/wp-content\/uploads\/2023\/09\/Best-Electric-Cordless-Screwdriver-SetRechargeable-Power-Screwdriver-882045-10-7x12.jpg 7w\" sizes=\"auto, (max-width: 790px) 100vw, 790px\" \/><\/p>","protected":false},"excerpt":{"rendered":"<p>Facile \u00e0 utiliser - le tournevis \u00e9lectrique id\u00e9al pour les besoins quotidiens et les projets de bricolage.<br \/>\nPOIGN\u00c9E PIVOTANTE - Vous ne savez pas si vous voulez un tournevis \u00e9lectrique sans fil \u00e0 poign\u00e9e droite ou standard. Cette petite perceuse peut s'adapter \u00e0 ces deux types de poign\u00e9e en fonction de votre projet.<\/p>","protected":false},"featured_media":16891,"comment_status":"open","ping_status":"closed","template":"","meta":[],"product_cat":[92,49],"product_tag":[94,102,100,43,101],"class_list":{"0":"post-16876","1":"product","2":"type-product","3":"status-publish","4":"has-post-thumbnail","6":"product_cat-electric-screwdriver","7":"product_cat-power-tools","8":"product_tag-cordless-screwdriver","9":"product_tag-electric-screwdriver","10":"product_tag-electric-screwdriver-set","11":"product_tag-power-tools","12":"product_tag-rechargeable-power-screwdriver","13":"product_brand-uf-tools","15":"first","16":"outofstock","17":"sale","18":"purchasable","19":"product-type-variable"},"yoast_head":"<!-- This site is optimized with the Yoast SEO plugin v26.9 - https:\/\/yoast.com\/product\/yoast-seo-wordpress\/ -->\n<title>Best Electric Cordless Screwdriver Set,Rechargeable Screwdriver<\/title>\n<meta name=\"description\" content=\"The Best Electric Cordless Screwdriver Set Easy to use\u2014the perfect power screwdriver for everyday needs and DIY projects.\" \/>\n<meta name=\"robots\" content=\"index, follow, max-snippet:-1, max-image-preview:large, max-video-preview:-1\" \/>\n<link rel=\"canonical\" href=\"https:\/\/www.uf-tools.com\/fr\/meilleur-jeu-de-visseuses-electriques-sans-filvisseuse-electrique-rechargeable-882045\/\" \/>\n<meta property=\"og:locale\" content=\"fr_FR\" \/>\n<meta property=\"og:type\" content=\"article\" \/>\n<meta property=\"og:title\" content=\"Best Electric Cordless Screwdriver Set,Rechargeable Screwdriver\" \/>\n<meta property=\"og:description\" content=\"The Best Electric Cordless Screwdriver Set Easy to use\u2014the perfect power screwdriver for everyday needs and DIY projects.\" \/>\n<meta property=\"og:url\" content=\"https:\/\/www.uf-tools.com\/fr\/meilleur-jeu-de-visseuses-electriques-sans-filvisseuse-electrique-rechargeable-882045\/\" \/>\n<meta property=\"og:site_name\" content=\"UF Tools Wholesale Suppliers\" \/>\n<meta property=\"article:publisher\" content=\"https:\/\/www.facebook.com\/UFTOOLS\/?show_switched_toast=0&amp;show_invite_to_follow=0&amp;show_switched_tooltip=0&amp;show_podcast_settings=0&amp;show_community_review_changes=0&amp;show_community_rollback=0&amp;show_follower_visibility_disclosure=0\" \/>\n<meta property=\"article:modified_time\" content=\"2025-02-21T09:29:51+00:00\" \/>\n<meta property=\"og:image\" content=\"https:\/\/www.uf-tools.com\/wp-content\/uploads\/2023\/09\/Best-Electric-Cordless-Screwdriver-SetRechargeable-Power-Screwdriver-882045-3-1.jpg\" \/>\n\t<meta property=\"og:image:width\" content=\"1030\" \/>\n\t<meta property=\"og:image:height\" content=\"1030\" \/>\n\t<meta property=\"og:image:type\" content=\"image\/jpeg\" \/>\n<meta name=\"twitter:card\" content=\"summary_large_image\" \/>\n<meta name=\"twitter:site\" content=\"@uftools\" \/>\n<meta name=\"twitter:label1\" content=\"Dur\u00e9e de lecture estim\u00e9e\" \/>\n\t<meta name=\"twitter:data1\" content=\"3 minutes\" \/>\n<script type=\"application\/ld+json\" class=\"yoast-schema-graph\">{\"@context\":\"https:\/\/schema.org\",\"@graph\":[{\"@type\":\"WebPage\",\"@id\":\"https:\/\/www.uf-tools.com\/best-electric-cordless-screwdriver-setrechargeable-power-screwdriver-882045\/\",\"url\":\"https:\/\/www.uf-tools.com\/best-electric-cordless-screwdriver-setrechargeable-power-screwdriver-882045\/\",\"name\":\"Best Electric Cordless Screwdriver Set,Rechargeable Screwdriver\",\"isPartOf\":{\"@id\":\"http:\/\/www.uf-tools.com\/ja\/#website\"},\"primaryImageOfPage\":{\"@id\":\"https:\/\/www.uf-tools.com\/best-electric-cordless-screwdriver-setrechargeable-power-screwdriver-882045\/#primaryimage\"},\"image\":{\"@id\":\"https:\/\/www.uf-tools.com\/best-electric-cordless-screwdriver-setrechargeable-power-screwdriver-882045\/#primaryimage\"},\"thumbnailUrl\":\"https:\/\/www.uf-tools.com\/wp-content\/uploads\/2023\/09\/Best-Electric-Cordless-Screwdriver-SetRechargeable-Power-Screwdriver-882045-3-1.jpg\",\"datePublished\":\"2023-09-21T07:59:30+00:00\",\"dateModified\":\"2025-02-21T09:29:51+00:00\",\"description\":\"The Best Electric Cordless Screwdriver Set Easy to use\u2014the perfect power screwdriver for everyday needs and DIY projects.\",\"breadcrumb\":{\"@id\":\"https:\/\/www.uf-tools.com\/best-electric-cordless-screwdriver-setrechargeable-power-screwdriver-882045\/#breadcrumb\"},\"inLanguage\":\"fr-FR\",\"potentialAction\":[{\"@type\":\"ReadAction\",\"target\":[\"https:\/\/www.uf-tools.com\/best-electric-cordless-screwdriver-setrechargeable-power-screwdriver-882045\/\"]}]},{\"@type\":\"ImageObject\",\"inLanguage\":\"fr-FR\",\"@id\":\"https:\/\/www.uf-tools.com\/best-electric-cordless-screwdriver-setrechargeable-power-screwdriver-882045\/#primaryimage\",\"url\":\"https:\/\/www.uf-tools.com\/wp-content\/uploads\/2023\/09\/Best-Electric-Cordless-Screwdriver-SetRechargeable-Power-Screwdriver-882045-3-1.jpg\",\"contentUrl\":\"https:\/\/www.uf-tools.com\/wp-content\/uploads\/2023\/09\/Best-Electric-Cordless-Screwdriver-SetRechargeable-Power-Screwdriver-882045-3-1.jpg\",\"width\":1030,\"height\":1030},{\"@type\":\"BreadcrumbList\",\"@id\":\"https:\/\/www.uf-tools.com\/best-electric-cordless-screwdriver-setrechargeable-power-screwdriver-882045\/#breadcrumb\",\"itemListElement\":[{\"@type\":\"ListItem\",\"position\":1,\"name\":\"Home\",\"item\":\"http:\/\/www.uf-tools.com\/ja\/\"},{\"@type\":\"ListItem\",\"position\":2,\"name\":\"Shop\",\"item\":\"http:\/\/www.uf-tools.com\/ja\/shop\/\"},{\"@type\":\"ListItem\",\"position\":3,\"name\":\"Best Electric Cordless Screwdriver Set,Rechargeable Power Screwdriver -882045\"}]},{\"@type\":\"WebSite\",\"@id\":\"http:\/\/www.uf-tools.com\/ja\/#website\",\"url\":\"http:\/\/www.uf-tools.com\/ja\/\",\"name\":\"Manufacturer of precision digital repair tools\",\"description\":\"UF TOOLS\",\"publisher\":{\"@id\":\"http:\/\/www.uf-tools.com\/ja\/#organization\"},\"potentialAction\":[{\"@type\":\"SearchAction\",\"target\":{\"@type\":\"EntryPoint\",\"urlTemplate\":\"http:\/\/www.uf-tools.com\/ja\/?s={search_term_string}\"},\"query-input\":{\"@type\":\"PropertyValueSpecification\",\"valueRequired\":true,\"valueName\":\"search_term_string\"}}],\"inLanguage\":\"fr-FR\"},{\"@type\":\"Organization\",\"@id\":\"http:\/\/www.uf-tools.com\/ja\/#organization\",\"name\":\"UF Tools Wholesale Suppliers\",\"url\":\"http:\/\/www.uf-tools.com\/ja\/\",\"logo\":{\"@type\":\"ImageObject\",\"inLanguage\":\"fr-FR\",\"@id\":\"http:\/\/www.uf-tools.com\/ja\/#\/schema\/logo\/image\/\",\"url\":\"https:\/\/www.uf-tools.com\/wp-content\/uploads\/2023\/07\/logo-blue.svg\",\"contentUrl\":\"https:\/\/www.uf-tools.com\/wp-content\/uploads\/2023\/07\/logo-blue.svg\",\"width\":242,\"height\":56,\"caption\":\"UF Tools Wholesale Suppliers\"},\"image\":{\"@id\":\"http:\/\/www.uf-tools.com\/ja\/#\/schema\/logo\/image\/\"},\"sameAs\":[\"https:\/\/www.facebook.com\/UFTOOLS\/?show_switched_toast=0&show_invite_to_follow=0&show_switched_tooltip=0&show_podcast_settings=0&show_community_review_changes=0&show_community_rollback=0&show_follower_visibility_disclosure=0\",\"https:\/\/x.com\/uftools\",\"https:\/\/www.instagram.com\/youfutools\/\",\"https:\/\/www.pinterest.com\/uftools\/\",\"https:\/\/www.youtube.com\/@uf-tools\"]}]}<\/script>\n<!-- \/ Yoast SEO plugin. -->","yoast_head_json":{"title":"Best Electric Cordless Screwdriver Set,Rechargeable Screwdriver","description":"The Best Electric Cordless Screwdriver Set Easy to use\u2014the perfect power screwdriver for everyday needs and DIY projects.","robots":{"index":"index","follow":"follow","max-snippet":"max-snippet:-1","max-image-preview":"max-image-preview:large","max-video-preview":"max-video-preview:-1"},"canonical":"https:\/\/www.uf-tools.com\/fr\/meilleur-jeu-de-visseuses-electriques-sans-filvisseuse-electrique-rechargeable-882045\/","og_locale":"fr_FR","og_type":"article","og_title":"Best Electric Cordless Screwdriver Set,Rechargeable Screwdriver","og_description":"The Best Electric Cordless Screwdriver Set Easy to use\u2014the perfect power screwdriver for everyday needs and DIY projects.","og_url":"https:\/\/www.uf-tools.com\/fr\/meilleur-jeu-de-visseuses-electriques-sans-filvisseuse-electrique-rechargeable-882045\/","og_site_name":"UF Tools Wholesale Suppliers","article_publisher":"https:\/\/www.facebook.com\/UFTOOLS\/?show_switched_toast=0&show_invite_to_follow=0&show_switched_tooltip=0&show_podcast_settings=0&show_community_review_changes=0&show_community_rollback=0&show_follower_visibility_disclosure=0","article_modified_time":"2025-02-21T09:29:51+00:00","og_image":[{"width":1030,"height":1030,"url":"https:\/\/www.uf-tools.com\/wp-content\/uploads\/2023\/09\/Best-Electric-Cordless-Screwdriver-SetRechargeable-Power-Screwdriver-882045-3-1.jpg","type":"image\/jpeg"}],"twitter_card":"summary_large_image","twitter_site":"@uftools","twitter_misc":{"Dur\u00e9e de lecture estim\u00e9e":"3 minutes"},"schema":{"@context":"https:\/\/schema.org","@graph":[{"@type":"WebPage","@id":"https:\/\/www.uf-tools.com\/best-electric-cordless-screwdriver-setrechargeable-power-screwdriver-882045\/","url":"https:\/\/www.uf-tools.com\/best-electric-cordless-screwdriver-setrechargeable-power-screwdriver-882045\/","name":"Best Electric Cordless Screwdriver Set,Rechargeable Screwdriver","isPartOf":{"@id":"http:\/\/www.uf-tools.com\/ja\/#website"},"primaryImageOfPage":{"@id":"https:\/\/www.uf-tools.com\/best-electric-cordless-screwdriver-setrechargeable-power-screwdriver-882045\/#primaryimage"},"image":{"@id":"https:\/\/www.uf-tools.com\/best-electric-cordless-screwdriver-setrechargeable-power-screwdriver-882045\/#primaryimage"},"thumbnailUrl":"https:\/\/www.uf-tools.com\/wp-content\/uploads\/2023\/09\/Best-Electric-Cordless-Screwdriver-SetRechargeable-Power-Screwdriver-882045-3-1.jpg","datePublished":"2023-09-21T07:59:30+00:00","dateModified":"2025-02-21T09:29:51+00:00","description":"The Best Electric Cordless Screwdriver Set Easy to use\u2014the perfect power screwdriver for everyday needs and DIY projects.","breadcrumb":{"@id":"https:\/\/www.uf-tools.com\/best-electric-cordless-screwdriver-setrechargeable-power-screwdriver-882045\/#breadcrumb"},"inLanguage":"fr-FR","potentialAction":[{"@type":"ReadAction","target":["https:\/\/www.uf-tools.com\/best-electric-cordless-screwdriver-setrechargeable-power-screwdriver-882045\/"]}]},{"@type":"ImageObject","inLanguage":"fr-FR","@id":"https:\/\/www.uf-tools.com\/best-electric-cordless-screwdriver-setrechargeable-power-screwdriver-882045\/#primaryimage","url":"https:\/\/www.uf-tools.com\/wp-content\/uploads\/2023\/09\/Best-Electric-Cordless-Screwdriver-SetRechargeable-Power-Screwdriver-882045-3-1.jpg","contentUrl":"https:\/\/www.uf-tools.com\/wp-content\/uploads\/2023\/09\/Best-Electric-Cordless-Screwdriver-SetRechargeable-Power-Screwdriver-882045-3-1.jpg","width":1030,"height":1030},{"@type":"BreadcrumbList","@id":"https:\/\/www.uf-tools.com\/best-electric-cordless-screwdriver-setrechargeable-power-screwdriver-882045\/#breadcrumb","itemListElement":[{"@type":"ListItem","position":1,"name":"Home","item":"http:\/\/www.uf-tools.com\/ja\/"},{"@type":"ListItem","position":2,"name":"Shop","item":"http:\/\/www.uf-tools.com\/ja\/shop\/"},{"@type":"ListItem","position":3,"name":"Best Electric Cordless Screwdriver Set,Rechargeable Power Screwdriver -882045"}]},{"@type":"WebSite","@id":"http:\/\/www.uf-tools.com\/ja\/#website","url":"http:\/\/www.uf-tools.com\/ja\/","name":"Manufacturer of precision digital repair tools","description":"UF TOOLS","publisher":{"@id":"http:\/\/www.uf-tools.com\/ja\/#organization"},"potentialAction":[{"@type":"SearchAction","target":{"@type":"EntryPoint","urlTemplate":"http:\/\/www.uf-tools.com\/ja\/?s={search_term_string}"},"query-input":{"@type":"PropertyValueSpecification","valueRequired":true,"valueName":"search_term_string"}}],"inLanguage":"fr-FR"},{"@type":"Organization","@id":"http:\/\/www.uf-tools.com\/ja\/#organization","name":"UF Tools Wholesale Suppliers","url":"http:\/\/www.uf-tools.com\/ja\/","logo":{"@type":"ImageObject","inLanguage":"fr-FR","@id":"http:\/\/www.uf-tools.com\/ja\/#\/schema\/logo\/image\/","url":"https:\/\/www.uf-tools.com\/wp-content\/uploads\/2023\/07\/logo-blue.svg","contentUrl":"https:\/\/www.uf-tools.com\/wp-content\/uploads\/2023\/07\/logo-blue.svg","width":242,"height":56,"caption":"UF Tools Wholesale Suppliers"},"image":{"@id":"http:\/\/www.uf-tools.com\/ja\/#\/schema\/logo\/image\/"},"sameAs":["https:\/\/www.facebook.com\/UFTOOLS\/?show_switched_toast=0&show_invite_to_follow=0&show_switched_tooltip=0&show_podcast_settings=0&show_community_review_changes=0&show_community_rollback=0&show_follower_visibility_disclosure=0","https:\/\/x.com\/uftools","https:\/\/www.instagram.com\/youfutools\/","https:\/\/www.pinterest.com\/uftools\/","https:\/\/www.youtube.com\/@uf-tools"]}]}},"_links":{"self":[{"href":"https:\/\/www.uf-tools.com\/fr\/wp-json\/wp\/v2\/product\/16876","targetHints":{"allow":["GET"]}}],"collection":[{"href":"https:\/\/www.uf-tools.com\/fr\/wp-json\/wp\/v2\/product"}],"about":[{"href":"https:\/\/www.uf-tools.com\/fr\/wp-json\/wp\/v2\/types\/product"}],"replies":[{"embeddable":true,"href":"https:\/\/www.uf-tools.com\/fr\/wp-json\/wp\/v2\/comments?post=16876"}],"version-history":[{"count":0,"href":"https:\/\/www.uf-tools.com\/fr\/wp-json\/wp\/v2\/product\/16876\/revisions"}],"wp:featuredmedia":[{"embeddable":true,"href":"https:\/\/www.uf-tools.com\/fr\/wp-json\/wp\/v2\/media\/16891"}],"wp:attachment":[{"href":"https:\/\/www.uf-tools.com\/fr\/wp-json\/wp\/v2\/media?parent=16876"}],"wp:term":[{"taxonomy":"product_cat","embeddable":true,"href":"https:\/\/www.uf-tools.com\/fr\/wp-json\/wp\/v2\/product_cat?post=16876"},{"taxonomy":"product_tag","embeddable":true,"href":"https:\/\/www.uf-tools.com\/fr\/wp-json\/wp\/v2\/product_tag?post=16876"}],"curies":[{"name":"wp","href":"https:\/\/api.w.org\/{rel}","templated":true}]}}