{"id":16763,"date":"2023-09-20T09:50:33","date_gmt":"2023-09-20T09:50:33","guid":{"rendered":"https:\/\/www.uf-tools.com\/?post_type=product&#038;p=16763"},"modified":"2025-05-27T23:35:55","modified_gmt":"2025-05-27T23:35:55","slug":"precision-screwdriver-set-130-in-1-with-120-bits-repair-tool-kit-uf840130","status":"publish","type":"product","link":"https:\/\/www.uf-tools.com\/fr\/jeu-de-tournevis-de-precision-130-en-1-avec-120-bits-kit-doutils-de-reparation-uf840130\/","title":{"rendered":"Jeu de tournevis de pr\u00e9cision 130 en 1 avec 120 embouts Kit d'outils de r\u00e9paration -UF840130"},"content":{"rendered":"<h2>Jeu de tournevis de pr\u00e9cision 130 en 1 avec 120 embouts Kit d'outils de r\u00e9paration -UF840130<\/h2>\n<ul>\n<li>\u3010130 IN 1 Screwdriver Set\u3011With 10 years disassembling electronic and repair guides data, our technicians re-engineered most complete 130 in 1 precision repair tool set, including all you will need for electronics repair, such as Phillips, pentalobe, torx, hex, js, slotted, triangle, square and other sizes.<\/li>\n<li>\u3010Built-in Magnetizer Design\u3011 L'ensemble de tournevis magn\u00e9tiques est un magn\u00e9tiseur int\u00e9gr\u00e9 de conception nouvelle, qui est utilis\u00e9 pour retenir les petits embouts, les vis et autres petits accessoires afin d'\u00e9viter de perdre des embouts.<\/li>\n<li>\u3010Built-in Mini Box \u3011La bo\u00eete de rangement pour tournevis adopte un design de bo\u00eete dans la bo\u00eete et ajoute une sous-bo\u00eete \u00e0 l'int\u00e9rieur, ce qui permet de ranger les petits accessoires ou les vis de mani\u00e8re ind\u00e9pendante<\/li>\n<li>\u3010Vari\u00e9t\u00e9 des accessoires de maintenance\u3011Ce jeu de tournevis avec poign\u00e9e \u00e0 texture antid\u00e9rapante facilite le travail lors du vissage ; Il est \u00e9quip\u00e9 d'une tige souple en plastique, qui peut faire pivoter la poign\u00e9e \u00e0 volont\u00e9, rendant le tournevis adapt\u00e9 \u00e0 plus de sc\u00e8nes ; Il y a des pincettes pour un acc\u00e8s facile aux pi\u00e8ces ; Avec suceur de bottes, pied-de-biche, pi\u00e8ce triangulaire et autres.<\/li>\n<\/ul>\n<p><!--more--><\/p>\n<p><img loading=\"lazy\" decoding=\"async\" class=\"size-full wp-image-16786 aligncenter\" src=\"https:\/\/www.uf-tools.com\/wp-content\/uploads\/2023\/09\/Precision-Screwdriver-Set-130-in-1-with-120-Bits-Repair-Tool-Kit-UF840130-1.jpg\" alt=\"\" width=\"800\" height=\"1510\" srcset=\"https:\/\/www.uf-tools.com\/wp-content\/uploads\/2023\/09\/Precision-Screwdriver-Set-130-in-1-with-120-Bits-Repair-Tool-Kit-UF840130-1.jpg 800w, https:\/\/www.uf-tools.com\/wp-content\/uploads\/2023\/09\/Precision-Screwdriver-Set-130-in-1-with-120-Bits-Repair-Tool-Kit-UF840130-1-768x1450.jpg 768w, https:\/\/www.uf-tools.com\/wp-content\/uploads\/2023\/09\/Precision-Screwdriver-Set-130-in-1-with-120-Bits-Repair-Tool-Kit-UF840130-1-6x12.jpg 6w\" sizes=\"auto, (max-width: 800px) 100vw, 800px\" \/> <img loading=\"lazy\" decoding=\"async\" class=\"size-full wp-image-16787 aligncenter\" src=\"https:\/\/www.uf-tools.com\/wp-content\/uploads\/2023\/09\/Precision-Screwdriver-Set-130-in-1-with-120-Bits-Repair-Tool-Kit-UF840130-2-1.jpg\" alt=\"\" width=\"800\" height=\"1491\" srcset=\"https:\/\/www.uf-tools.com\/wp-content\/uploads\/2023\/09\/Precision-Screwdriver-Set-130-in-1-with-120-Bits-Repair-Tool-Kit-UF840130-2-1.jpg 800w, https:\/\/www.uf-tools.com\/wp-content\/uploads\/2023\/09\/Precision-Screwdriver-Set-130-in-1-with-120-Bits-Repair-Tool-Kit-UF840130-2-1-768x1431.jpg 768w, https:\/\/www.uf-tools.com\/wp-content\/uploads\/2023\/09\/Precision-Screwdriver-Set-130-in-1-with-120-Bits-Repair-Tool-Kit-UF840130-2-1-6x12.jpg 6w\" sizes=\"auto, (max-width: 800px) 100vw, 800px\" \/> <img loading=\"lazy\" decoding=\"async\" class=\"size-full wp-image-16788 aligncenter\" src=\"https:\/\/www.uf-tools.com\/wp-content\/uploads\/2023\/09\/Precision-Screwdriver-Set-130-in-1-with-120-Bits-Repair-Tool-Kit-UF840130-3-1.jpg\" alt=\"\" width=\"800\" height=\"1764\" srcset=\"https:\/\/www.uf-tools.com\/wp-content\/uploads\/2023\/09\/Precision-Screwdriver-Set-130-in-1-with-120-Bits-Repair-Tool-Kit-UF840130-3-1.jpg 800w, https:\/\/www.uf-tools.com\/wp-content\/uploads\/2023\/09\/Precision-Screwdriver-Set-130-in-1-with-120-Bits-Repair-Tool-Kit-UF840130-3-1-768x1693.jpg 768w, https:\/\/www.uf-tools.com\/wp-content\/uploads\/2023\/09\/Precision-Screwdriver-Set-130-in-1-with-120-Bits-Repair-Tool-Kit-UF840130-3-1-697x1536.jpg 697w, https:\/\/www.uf-tools.com\/wp-content\/uploads\/2023\/09\/Precision-Screwdriver-Set-130-in-1-with-120-Bits-Repair-Tool-Kit-UF840130-3-1-5x12.jpg 5w\" sizes=\"auto, (max-width: 800px) 100vw, 800px\" \/> <img loading=\"lazy\" decoding=\"async\" class=\"size-full wp-image-16789 aligncenter\" src=\"https:\/\/www.uf-tools.com\/wp-content\/uploads\/2023\/09\/Precision-Screwdriver-Set-130-in-1-with-120-Bits-Repair-Tool-Kit-UF840130-4-1.jpg\" alt=\"\" width=\"800\" height=\"1467\" srcset=\"https:\/\/www.uf-tools.com\/wp-content\/uploads\/2023\/09\/Precision-Screwdriver-Set-130-in-1-with-120-Bits-Repair-Tool-Kit-UF840130-4-1.jpg 800w, https:\/\/www.uf-tools.com\/wp-content\/uploads\/2023\/09\/Precision-Screwdriver-Set-130-in-1-with-120-Bits-Repair-Tool-Kit-UF840130-4-1-768x1408.jpg 768w, https:\/\/www.uf-tools.com\/wp-content\/uploads\/2023\/09\/Precision-Screwdriver-Set-130-in-1-with-120-Bits-Repair-Tool-Kit-UF840130-4-1-7x12.jpg 7w\" sizes=\"auto, (max-width: 800px) 100vw, 800px\" \/> <img loading=\"lazy\" decoding=\"async\" class=\"size-full wp-image-16790 aligncenter\" src=\"https:\/\/www.uf-tools.com\/wp-content\/uploads\/2023\/09\/Precision-Screwdriver-Set-130-in-1-with-120-Bits-Repair-Tool-Kit-UF840130-5-1.jpg\" alt=\"\" width=\"800\" height=\"1593\" srcset=\"https:\/\/www.uf-tools.com\/wp-content\/uploads\/2023\/09\/Precision-Screwdriver-Set-130-in-1-with-120-Bits-Repair-Tool-Kit-UF840130-5-1.jpg 800w, https:\/\/www.uf-tools.com\/wp-content\/uploads\/2023\/09\/Precision-Screwdriver-Set-130-in-1-with-120-Bits-Repair-Tool-Kit-UF840130-5-1-768x1529.jpg 768w, https:\/\/www.uf-tools.com\/wp-content\/uploads\/2023\/09\/Precision-Screwdriver-Set-130-in-1-with-120-Bits-Repair-Tool-Kit-UF840130-5-1-771x1536.jpg 771w, https:\/\/www.uf-tools.com\/wp-content\/uploads\/2023\/09\/Precision-Screwdriver-Set-130-in-1-with-120-Bits-Repair-Tool-Kit-UF840130-5-1-6x12.jpg 6w\" sizes=\"auto, (max-width: 800px) 100vw, 800px\" \/> <img loading=\"lazy\" decoding=\"async\" class=\"size-full wp-image-16791 aligncenter\" src=\"https:\/\/www.uf-tools.com\/wp-content\/uploads\/2023\/09\/Precision-Screwdriver-Set-130-in-1-with-120-Bits-Repair-Tool-Kit-UF840130-6-1.jpg\" alt=\"\" width=\"800\" height=\"1433\" srcset=\"https:\/\/www.uf-tools.com\/wp-content\/uploads\/2023\/09\/Precision-Screwdriver-Set-130-in-1-with-120-Bits-Repair-Tool-Kit-UF840130-6-1.jpg 800w, https:\/\/www.uf-tools.com\/wp-content\/uploads\/2023\/09\/Precision-Screwdriver-Set-130-in-1-with-120-Bits-Repair-Tool-Kit-UF840130-6-1-768x1376.jpg 768w, https:\/\/www.uf-tools.com\/wp-content\/uploads\/2023\/09\/Precision-Screwdriver-Set-130-in-1-with-120-Bits-Repair-Tool-Kit-UF840130-6-1-7x12.jpg 7w\" sizes=\"auto, (max-width: 800px) 100vw, 800px\" \/> <img loading=\"lazy\" decoding=\"async\" class=\"size-full wp-image-16792 aligncenter\" src=\"https:\/\/www.uf-tools.com\/wp-content\/uploads\/2023\/09\/Precision-Screwdriver-Set-130-in-1-with-120-Bits-Repair-Tool-Kit-UF840130-7-1.jpg\" alt=\"\" width=\"800\" height=\"1473\" srcset=\"https:\/\/www.uf-tools.com\/wp-content\/uploads\/2023\/09\/Precision-Screwdriver-Set-130-in-1-with-120-Bits-Repair-Tool-Kit-UF840130-7-1.jpg 800w, https:\/\/www.uf-tools.com\/wp-content\/uploads\/2023\/09\/Precision-Screwdriver-Set-130-in-1-with-120-Bits-Repair-Tool-Kit-UF840130-7-1-768x1414.jpg 768w, https:\/\/www.uf-tools.com\/wp-content\/uploads\/2023\/09\/Precision-Screwdriver-Set-130-in-1-with-120-Bits-Repair-Tool-Kit-UF840130-7-1-7x12.jpg 7w\" sizes=\"auto, (max-width: 800px) 100vw, 800px\" \/> <img loading=\"lazy\" decoding=\"async\" class=\"size-full wp-image-16793 aligncenter\" src=\"https:\/\/www.uf-tools.com\/wp-content\/uploads\/2023\/09\/Precision-Screwdriver-Set-130-in-1-with-120-Bits-Repair-Tool-Kit-UF840130-8-1.jpg\" alt=\"\" width=\"800\" height=\"1673\" srcset=\"https:\/\/www.uf-tools.com\/wp-content\/uploads\/2023\/09\/Precision-Screwdriver-Set-130-in-1-with-120-Bits-Repair-Tool-Kit-UF840130-8-1.jpg 800w, https:\/\/www.uf-tools.com\/wp-content\/uploads\/2023\/09\/Precision-Screwdriver-Set-130-in-1-with-120-Bits-Repair-Tool-Kit-UF840130-8-1-768x1606.jpg 768w, https:\/\/www.uf-tools.com\/wp-content\/uploads\/2023\/09\/Precision-Screwdriver-Set-130-in-1-with-120-Bits-Repair-Tool-Kit-UF840130-8-1-734x1536.jpg 734w, https:\/\/www.uf-tools.com\/wp-content\/uploads\/2023\/09\/Precision-Screwdriver-Set-130-in-1-with-120-Bits-Repair-Tool-Kit-UF840130-8-1-6x12.jpg 6w\" sizes=\"auto, (max-width: 800px) 100vw, 800px\" \/> <img loading=\"lazy\" decoding=\"async\" class=\"size-full wp-image-16794 aligncenter\" src=\"https:\/\/www.uf-tools.com\/wp-content\/uploads\/2023\/09\/Precision-Screwdriver-Set-130-in-1-with-120-Bits-Repair-Tool-Kit-UF840130-9-1.jpg\" alt=\"\" width=\"800\" height=\"1560\" srcset=\"https:\/\/www.uf-tools.com\/wp-content\/uploads\/2023\/09\/Precision-Screwdriver-Set-130-in-1-with-120-Bits-Repair-Tool-Kit-UF840130-9-1.jpg 800w, https:\/\/www.uf-tools.com\/wp-content\/uploads\/2023\/09\/Precision-Screwdriver-Set-130-in-1-with-120-Bits-Repair-Tool-Kit-UF840130-9-1-768x1498.jpg 768w, https:\/\/www.uf-tools.com\/wp-content\/uploads\/2023\/09\/Precision-Screwdriver-Set-130-in-1-with-120-Bits-Repair-Tool-Kit-UF840130-9-1-788x1536.jpg 788w, https:\/\/www.uf-tools.com\/wp-content\/uploads\/2023\/09\/Precision-Screwdriver-Set-130-in-1-with-120-Bits-Repair-Tool-Kit-UF840130-9-1-6x12.jpg 6w\" sizes=\"auto, (max-width: 800px) 100vw, 800px\" \/> <img loading=\"lazy\" decoding=\"async\" class=\"size-full wp-image-16795 aligncenter\" src=\"https:\/\/www.uf-tools.com\/wp-content\/uploads\/2023\/09\/Precision-Screwdriver-Set-130-in-1-with-120-Bits-Repair-Tool-Kit-UF840130-10-1.jpg\" alt=\"\" width=\"800\" height=\"1196\" srcset=\"https:\/\/www.uf-tools.com\/wp-content\/uploads\/2023\/09\/Precision-Screwdriver-Set-130-in-1-with-120-Bits-Repair-Tool-Kit-UF840130-10-1.jpg 800w, https:\/\/www.uf-tools.com\/wp-content\/uploads\/2023\/09\/Precision-Screwdriver-Set-130-in-1-with-120-Bits-Repair-Tool-Kit-UF840130-10-1-768x1148.jpg 768w, https:\/\/www.uf-tools.com\/wp-content\/uploads\/2023\/09\/Precision-Screwdriver-Set-130-in-1-with-120-Bits-Repair-Tool-Kit-UF840130-10-1-8x12.jpg 8w\" sizes=\"auto, (max-width: 800px) 100vw, 800px\" \/> <img loading=\"lazy\" decoding=\"async\" class=\"size-full wp-image-16797 aligncenter\" src=\"https:\/\/www.uf-tools.com\/wp-content\/uploads\/2023\/09\/Precision-Screwdriver-Set-130-in-1-with-120-Bits-Repair-Tool-Kit-UF840130-12.jpg\" alt=\"\" width=\"800\" height=\"1341\" srcset=\"https:\/\/www.uf-tools.com\/wp-content\/uploads\/2023\/09\/Precision-Screwdriver-Set-130-in-1-with-120-Bits-Repair-Tool-Kit-UF840130-12.jpg 800w, https:\/\/www.uf-tools.com\/wp-content\/uploads\/2023\/09\/Precision-Screwdriver-Set-130-in-1-with-120-Bits-Repair-Tool-Kit-UF840130-12-768x1287.jpg 768w, https:\/\/www.uf-tools.com\/wp-content\/uploads\/2023\/09\/Precision-Screwdriver-Set-130-in-1-with-120-Bits-Repair-Tool-Kit-UF840130-12-7x12.jpg 7w\" sizes=\"auto, (max-width: 800px) 100vw, 800px\" \/><\/p>","protected":false},"excerpt":{"rendered":"<p>Jeu de tournevis de pr\u00e9cision 130 en 1:Avec 10 ans d'exp\u00e9rience dans le d\u00e9montage d'appareils \u00e9lectroniques et de guides de r\u00e9paration, nos techniciens ont con\u00e7u le jeu d'outils de r\u00e9paration de pr\u00e9cision 130 en 1 le plus complet, comprenant tout ce dont vous avez besoin pour la r\u00e9paration d'appareils \u00e9lectroniques, tels que Phillips, pentalobe, torx, hexagone, js, fente, triangle, carr\u00e9 et d'autres tailles.<\/p>","protected":false},"featured_media":16770,"comment_status":"open","ping_status":"closed","template":"","meta":[],"product_cat":[32,84],"product_tag":[34,86,99,85],"class_list":{"0":"post-16763","1":"product","2":"type-product","3":"status-publish","4":"has-post-thumbnail","6":"product_cat-hand-tools","7":"product_cat-precise-screwdriver-set","8":"product_tag-hand-tools","9":"product_tag-mini-screwdriver-set","10":"product_tag-precise-screwdriver-set","11":"product_tag-small-screwdrivers","12":"product_brand-uf-tools","14":"first","15":"instock","16":"sale","17":"purchasable","18":"product-type-variable"},"yoast_head":"<!-- This site is optimized with the Yoast SEO plugin v26.9 - https:\/\/yoast.com\/product\/yoast-seo-wordpress\/ -->\n<title>Precision Screwdriver Set 130 in 1 with 120 Bits Repair Tool Kit<\/title>\n<meta name=\"description\" content=\"130 in 1 Precision Screwdriver Set:With 10 years disassembling electronic and repair guides data, our technicians re-engineered most complete 130 in 1 precision repair tool set\" \/>\n<meta name=\"robots\" content=\"index, follow, max-snippet:-1, max-image-preview:large, max-video-preview:-1\" \/>\n<link rel=\"canonical\" href=\"http:\/\/www.uf-tools.com\/fr\/jeu-de-tournevis-de-precision-130-en-1-avec-120-bits-kit-doutils-de-reparation-uf840130\/\" \/>\n<meta property=\"og:locale\" content=\"fr_FR\" \/>\n<meta property=\"og:type\" content=\"article\" \/>\n<meta property=\"og:title\" content=\"Precision Screwdriver Set 130 in 1 with 120 Bits Repair Tool Kit\" \/>\n<meta property=\"og:description\" content=\"130 in 1 Precision Screwdriver Set:With 10 years disassembling electronic and repair guides data, our technicians re-engineered most complete 130 in 1 precision repair tool set\" \/>\n<meta property=\"og:url\" content=\"http:\/\/www.uf-tools.com\/fr\/jeu-de-tournevis-de-precision-130-en-1-avec-120-bits-kit-doutils-de-reparation-uf840130\/\" \/>\n<meta property=\"og:site_name\" content=\"UF Tools Wholesale Suppliers\" \/>\n<meta property=\"article:publisher\" content=\"https:\/\/www.facebook.com\/UFTOOLS\/?show_switched_toast=0&amp;show_invite_to_follow=0&amp;show_switched_tooltip=0&amp;show_podcast_settings=0&amp;show_community_review_changes=0&amp;show_community_rollback=0&amp;show_follower_visibility_disclosure=0\" \/>\n<meta property=\"article:modified_time\" content=\"2025-05-27T23:35:55+00:00\" \/>\n<meta property=\"og:image\" content=\"http:\/\/www.uf-tools.com\/wp-content\/uploads\/2023\/09\/Precision-Screwdriver-Set-130-in-1-with-120-Bits-Repair-Tool-Kit-UF840130-1-1.jpg\" \/>\n\t<meta property=\"og:image:width\" content=\"1030\" \/>\n\t<meta property=\"og:image:height\" content=\"1030\" \/>\n\t<meta property=\"og:image:type\" content=\"image\/jpeg\" \/>\n<meta name=\"twitter:card\" content=\"summary_large_image\" \/>\n<meta name=\"twitter:site\" content=\"@uftools\" \/>\n<meta name=\"twitter:label1\" content=\"Dur\u00e9e de lecture estim\u00e9e\" \/>\n\t<meta name=\"twitter:data1\" content=\"3 minutes\" \/>\n<script type=\"application\/ld+json\" class=\"yoast-schema-graph\">{\"@context\":\"https:\/\/schema.org\",\"@graph\":[{\"@type\":\"WebPage\",\"@id\":\"http:\/\/www.uf-tools.com\/precision-screwdriver-set-130-in-1-with-120-bits-repair-tool-kit-uf840130\/\",\"url\":\"http:\/\/www.uf-tools.com\/precision-screwdriver-set-130-in-1-with-120-bits-repair-tool-kit-uf840130\/\",\"name\":\"Precision Screwdriver Set 130 in 1 with 120 Bits Repair Tool Kit\",\"isPartOf\":{\"@id\":\"http:\/\/www.uf-tools.com\/ja\/#website\"},\"primaryImageOfPage\":{\"@id\":\"http:\/\/www.uf-tools.com\/precision-screwdriver-set-130-in-1-with-120-bits-repair-tool-kit-uf840130\/#primaryimage\"},\"image\":{\"@id\":\"http:\/\/www.uf-tools.com\/precision-screwdriver-set-130-in-1-with-120-bits-repair-tool-kit-uf840130\/#primaryimage\"},\"thumbnailUrl\":\"https:\/\/www.uf-tools.com\/wp-content\/uploads\/2023\/09\/Precision-Screwdriver-Set-130-in-1-with-120-Bits-Repair-Tool-Kit-UF840130-1-1.jpg\",\"datePublished\":\"2023-09-20T09:50:33+00:00\",\"dateModified\":\"2025-05-27T23:35:55+00:00\",\"description\":\"130 in 1 Precision Screwdriver Set:With 10 years disassembling electronic and repair guides data, our technicians re-engineered most complete 130 in 1 precision repair tool set\",\"breadcrumb\":{\"@id\":\"http:\/\/www.uf-tools.com\/precision-screwdriver-set-130-in-1-with-120-bits-repair-tool-kit-uf840130\/#breadcrumb\"},\"inLanguage\":\"fr-FR\",\"potentialAction\":[{\"@type\":\"ReadAction\",\"target\":[\"http:\/\/www.uf-tools.com\/precision-screwdriver-set-130-in-1-with-120-bits-repair-tool-kit-uf840130\/\"]}]},{\"@type\":\"ImageObject\",\"inLanguage\":\"fr-FR\",\"@id\":\"http:\/\/www.uf-tools.com\/precision-screwdriver-set-130-in-1-with-120-bits-repair-tool-kit-uf840130\/#primaryimage\",\"url\":\"https:\/\/www.uf-tools.com\/wp-content\/uploads\/2023\/09\/Precision-Screwdriver-Set-130-in-1-with-120-Bits-Repair-Tool-Kit-UF840130-1-1.jpg\",\"contentUrl\":\"https:\/\/www.uf-tools.com\/wp-content\/uploads\/2023\/09\/Precision-Screwdriver-Set-130-in-1-with-120-Bits-Repair-Tool-Kit-UF840130-1-1.jpg\",\"width\":1030,\"height\":1030},{\"@type\":\"BreadcrumbList\",\"@id\":\"http:\/\/www.uf-tools.com\/precision-screwdriver-set-130-in-1-with-120-bits-repair-tool-kit-uf840130\/#breadcrumb\",\"itemListElement\":[{\"@type\":\"ListItem\",\"position\":1,\"name\":\"Home\",\"item\":\"http:\/\/www.uf-tools.com\/ja\/\"},{\"@type\":\"ListItem\",\"position\":2,\"name\":\"Shop\",\"item\":\"http:\/\/www.uf-tools.com\/ja\/shop\/\"},{\"@type\":\"ListItem\",\"position\":3,\"name\":\"Precision Screwdriver Set 130 in 1 with 120 Bits Repair Tool Kit -UF840130\"}]},{\"@type\":\"WebSite\",\"@id\":\"http:\/\/www.uf-tools.com\/ja\/#website\",\"url\":\"http:\/\/www.uf-tools.com\/ja\/\",\"name\":\"Manufacturer of precision digital repair tools\",\"description\":\"UF TOOLS\",\"publisher\":{\"@id\":\"http:\/\/www.uf-tools.com\/ja\/#organization\"},\"potentialAction\":[{\"@type\":\"SearchAction\",\"target\":{\"@type\":\"EntryPoint\",\"urlTemplate\":\"http:\/\/www.uf-tools.com\/ja\/?s={search_term_string}\"},\"query-input\":{\"@type\":\"PropertyValueSpecification\",\"valueRequired\":true,\"valueName\":\"search_term_string\"}}],\"inLanguage\":\"fr-FR\"},{\"@type\":\"Organization\",\"@id\":\"http:\/\/www.uf-tools.com\/ja\/#organization\",\"name\":\"UF Tools Wholesale Suppliers\",\"url\":\"http:\/\/www.uf-tools.com\/ja\/\",\"logo\":{\"@type\":\"ImageObject\",\"inLanguage\":\"fr-FR\",\"@id\":\"http:\/\/www.uf-tools.com\/ja\/#\/schema\/logo\/image\/\",\"url\":\"https:\/\/www.uf-tools.com\/wp-content\/uploads\/2023\/07\/logo-blue.svg\",\"contentUrl\":\"https:\/\/www.uf-tools.com\/wp-content\/uploads\/2023\/07\/logo-blue.svg\",\"width\":242,\"height\":56,\"caption\":\"UF Tools Wholesale Suppliers\"},\"image\":{\"@id\":\"http:\/\/www.uf-tools.com\/ja\/#\/schema\/logo\/image\/\"},\"sameAs\":[\"https:\/\/www.facebook.com\/UFTOOLS\/?show_switched_toast=0&show_invite_to_follow=0&show_switched_tooltip=0&show_podcast_settings=0&show_community_review_changes=0&show_community_rollback=0&show_follower_visibility_disclosure=0\",\"https:\/\/x.com\/uftools\",\"https:\/\/www.instagram.com\/youfutools\/\",\"https:\/\/www.pinterest.com\/uftools\/\",\"https:\/\/www.youtube.com\/@uf-tools\"]}]}<\/script>\n<!-- \/ Yoast SEO plugin. -->","yoast_head_json":{"title":"Precision Screwdriver Set 130 in 1 with 120 Bits Repair Tool Kit","description":"130 in 1 Precision Screwdriver Set:With 10 years disassembling electronic and repair guides data, our technicians re-engineered most complete 130 in 1 precision repair tool set","robots":{"index":"index","follow":"follow","max-snippet":"max-snippet:-1","max-image-preview":"max-image-preview:large","max-video-preview":"max-video-preview:-1"},"canonical":"http:\/\/www.uf-tools.com\/fr\/jeu-de-tournevis-de-precision-130-en-1-avec-120-bits-kit-doutils-de-reparation-uf840130\/","og_locale":"fr_FR","og_type":"article","og_title":"Precision Screwdriver Set 130 in 1 with 120 Bits Repair Tool Kit","og_description":"130 in 1 Precision Screwdriver Set:With 10 years disassembling electronic and repair guides data, our technicians re-engineered most complete 130 in 1 precision repair tool set","og_url":"http:\/\/www.uf-tools.com\/fr\/jeu-de-tournevis-de-precision-130-en-1-avec-120-bits-kit-doutils-de-reparation-uf840130\/","og_site_name":"UF Tools Wholesale Suppliers","article_publisher":"https:\/\/www.facebook.com\/UFTOOLS\/?show_switched_toast=0&show_invite_to_follow=0&show_switched_tooltip=0&show_podcast_settings=0&show_community_review_changes=0&show_community_rollback=0&show_follower_visibility_disclosure=0","article_modified_time":"2025-05-27T23:35:55+00:00","og_image":[{"width":1030,"height":1030,"url":"http:\/\/www.uf-tools.com\/wp-content\/uploads\/2023\/09\/Precision-Screwdriver-Set-130-in-1-with-120-Bits-Repair-Tool-Kit-UF840130-1-1.jpg","type":"image\/jpeg"}],"twitter_card":"summary_large_image","twitter_site":"@uftools","twitter_misc":{"Dur\u00e9e de lecture estim\u00e9e":"3 minutes"},"schema":{"@context":"https:\/\/schema.org","@graph":[{"@type":"WebPage","@id":"http:\/\/www.uf-tools.com\/precision-screwdriver-set-130-in-1-with-120-bits-repair-tool-kit-uf840130\/","url":"http:\/\/www.uf-tools.com\/precision-screwdriver-set-130-in-1-with-120-bits-repair-tool-kit-uf840130\/","name":"Precision Screwdriver Set 130 in 1 with 120 Bits Repair Tool Kit","isPartOf":{"@id":"http:\/\/www.uf-tools.com\/ja\/#website"},"primaryImageOfPage":{"@id":"http:\/\/www.uf-tools.com\/precision-screwdriver-set-130-in-1-with-120-bits-repair-tool-kit-uf840130\/#primaryimage"},"image":{"@id":"http:\/\/www.uf-tools.com\/precision-screwdriver-set-130-in-1-with-120-bits-repair-tool-kit-uf840130\/#primaryimage"},"thumbnailUrl":"https:\/\/www.uf-tools.com\/wp-content\/uploads\/2023\/09\/Precision-Screwdriver-Set-130-in-1-with-120-Bits-Repair-Tool-Kit-UF840130-1-1.jpg","datePublished":"2023-09-20T09:50:33+00:00","dateModified":"2025-05-27T23:35:55+00:00","description":"130 in 1 Precision Screwdriver Set:With 10 years disassembling electronic and repair guides data, our technicians re-engineered most complete 130 in 1 precision repair tool set","breadcrumb":{"@id":"http:\/\/www.uf-tools.com\/precision-screwdriver-set-130-in-1-with-120-bits-repair-tool-kit-uf840130\/#breadcrumb"},"inLanguage":"fr-FR","potentialAction":[{"@type":"ReadAction","target":["http:\/\/www.uf-tools.com\/precision-screwdriver-set-130-in-1-with-120-bits-repair-tool-kit-uf840130\/"]}]},{"@type":"ImageObject","inLanguage":"fr-FR","@id":"http:\/\/www.uf-tools.com\/precision-screwdriver-set-130-in-1-with-120-bits-repair-tool-kit-uf840130\/#primaryimage","url":"https:\/\/www.uf-tools.com\/wp-content\/uploads\/2023\/09\/Precision-Screwdriver-Set-130-in-1-with-120-Bits-Repair-Tool-Kit-UF840130-1-1.jpg","contentUrl":"https:\/\/www.uf-tools.com\/wp-content\/uploads\/2023\/09\/Precision-Screwdriver-Set-130-in-1-with-120-Bits-Repair-Tool-Kit-UF840130-1-1.jpg","width":1030,"height":1030},{"@type":"BreadcrumbList","@id":"http:\/\/www.uf-tools.com\/precision-screwdriver-set-130-in-1-with-120-bits-repair-tool-kit-uf840130\/#breadcrumb","itemListElement":[{"@type":"ListItem","position":1,"name":"Home","item":"http:\/\/www.uf-tools.com\/ja\/"},{"@type":"ListItem","position":2,"name":"Shop","item":"http:\/\/www.uf-tools.com\/ja\/shop\/"},{"@type":"ListItem","position":3,"name":"Precision Screwdriver Set 130 in 1 with 120 Bits Repair Tool Kit -UF840130"}]},{"@type":"WebSite","@id":"http:\/\/www.uf-tools.com\/ja\/#website","url":"http:\/\/www.uf-tools.com\/ja\/","name":"Manufacturer of precision digital repair tools","description":"UF TOOLS","publisher":{"@id":"http:\/\/www.uf-tools.com\/ja\/#organization"},"potentialAction":[{"@type":"SearchAction","target":{"@type":"EntryPoint","urlTemplate":"http:\/\/www.uf-tools.com\/ja\/?s={search_term_string}"},"query-input":{"@type":"PropertyValueSpecification","valueRequired":true,"valueName":"search_term_string"}}],"inLanguage":"fr-FR"},{"@type":"Organization","@id":"http:\/\/www.uf-tools.com\/ja\/#organization","name":"UF Tools Wholesale Suppliers","url":"http:\/\/www.uf-tools.com\/ja\/","logo":{"@type":"ImageObject","inLanguage":"fr-FR","@id":"http:\/\/www.uf-tools.com\/ja\/#\/schema\/logo\/image\/","url":"https:\/\/www.uf-tools.com\/wp-content\/uploads\/2023\/07\/logo-blue.svg","contentUrl":"https:\/\/www.uf-tools.com\/wp-content\/uploads\/2023\/07\/logo-blue.svg","width":242,"height":56,"caption":"UF Tools Wholesale Suppliers"},"image":{"@id":"http:\/\/www.uf-tools.com\/ja\/#\/schema\/logo\/image\/"},"sameAs":["https:\/\/www.facebook.com\/UFTOOLS\/?show_switched_toast=0&show_invite_to_follow=0&show_switched_tooltip=0&show_podcast_settings=0&show_community_review_changes=0&show_community_rollback=0&show_follower_visibility_disclosure=0","https:\/\/x.com\/uftools","https:\/\/www.instagram.com\/youfutools\/","https:\/\/www.pinterest.com\/uftools\/","https:\/\/www.youtube.com\/@uf-tools"]}]}},"_links":{"self":[{"href":"https:\/\/www.uf-tools.com\/fr\/wp-json\/wp\/v2\/product\/16763","targetHints":{"allow":["GET"]}}],"collection":[{"href":"https:\/\/www.uf-tools.com\/fr\/wp-json\/wp\/v2\/product"}],"about":[{"href":"https:\/\/www.uf-tools.com\/fr\/wp-json\/wp\/v2\/types\/product"}],"replies":[{"embeddable":true,"href":"https:\/\/www.uf-tools.com\/fr\/wp-json\/wp\/v2\/comments?post=16763"}],"version-history":[{"count":0,"href":"https:\/\/www.uf-tools.com\/fr\/wp-json\/wp\/v2\/product\/16763\/revisions"}],"wp:featuredmedia":[{"embeddable":true,"href":"https:\/\/www.uf-tools.com\/fr\/wp-json\/wp\/v2\/media\/16770"}],"wp:attachment":[{"href":"https:\/\/www.uf-tools.com\/fr\/wp-json\/wp\/v2\/media?parent=16763"}],"wp:term":[{"taxonomy":"product_cat","embeddable":true,"href":"https:\/\/www.uf-tools.com\/fr\/wp-json\/wp\/v2\/product_cat?post=16763"},{"taxonomy":"product_tag","embeddable":true,"href":"https:\/\/www.uf-tools.com\/fr\/wp-json\/wp\/v2\/product_tag?post=16763"}],"curies":[{"name":"wp","href":"https:\/\/api.w.org\/{rel}","templated":true}]}}