{"id":5516,"date":"2022-06-17T04:13:39","date_gmt":"2022-06-17T04:13:39","guid":{"rendered":"http:\/\/source.wpopal.com\/kitchor\/?page_id=5516"},"modified":"2023-07-21T16:56:58","modified_gmt":"2023-07-21T16:56:58","slug":"uf-services","status":"publish","type":"page","link":"https:\/\/www.uf-tools.com\/fr\/services-de-luf\/","title":{"rendered":"Services de l'UF"},"content":{"rendered":"<div data-elementor-type=\"wp-page\" data-elementor-id=\"5516\" class=\"elementor elementor-5516\" data-elementor-post-type=\"page\">\n\t\t\t\t\t\t<div class=\"elementor-section elementor-top-section elementor-element elementor-element-877d03f elementor-section-full_width elementor-section-stretched elementor-section-height-default elementor-section-height-default\" data-id=\"877d03f\" data-element_type=\"section\" data-settings=\"{&quot;stretch_section&quot;:&quot;section-stretched&quot;}\">\n\t\t\t\t\t\t<div class=\"elementor-container elementor-column-gap-no\">\n\t\t\t\t\t<div class=\"elementor-column elementor-col-100 elementor-top-column elementor-element elementor-element-6d961a0\" data-id=\"6d961a0\" data-element_type=\"column\">\n\t\t\t<div class=\"elementor-widget-wrap\">\n\t\t\t\t\t\t\t<\/div>\n\t\t<\/div>\n\t\t\t\t\t<\/div>\n\t\t<\/div>\n\t\t\t\t<section class=\"elementor-section elementor-top-section elementor-element elementor-element-c62ef37 elementor-section-content-middle elementor-section-stretched elementor-section-boxed elementor-section-height-default elementor-section-height-default\" data-id=\"c62ef37\" data-element_type=\"section\" data-settings=\"{&quot;stretch_section&quot;:&quot;section-stretched&quot;,&quot;background_background&quot;:&quot;classic&quot;}\">\n\t\t\t\t\t\t\t<div class=\"elementor-background-overlay\"><\/div>\n\t\t\t\t\t\t\t<div class=\"elementor-container elementor-column-gap-no\">\n\t\t\t\t\t<div class=\"elementor-column elementor-col-100 elementor-top-column elementor-element elementor-element-6b25e9b\" data-id=\"6b25e9b\" data-element_type=\"column\">\n\t\t\t<div class=\"elementor-widget-wrap elementor-element-populated\">\n\t\t\t\t\t\t<div class=\"elementor-element elementor-element-0a8b474 elementor-widget elementor-widget-woocommerce-breadcrumb\" data-id=\"0a8b474\" data-element_type=\"widget\" data-widget_type=\"woocommerce-breadcrumb.default\">\n\t\t\t\t<div class=\"elementor-widget-container\">\n\t\t\t<nav class=\"woocommerce-breadcrumb\" aria-label=\"Breadcrumb\" data-no-translation=\"\" data-trp-gettext=\"\">ACCUEIL<\/nav>\t\t<\/div>\n\t\t\t\t<\/div>\n\t\t\t\t\t<\/div>\n\t\t<\/div>\n\t\t\t\t\t<\/div>\n\t\t<\/section>\n\t\t\t\t<div class=\"elementor-section elementor-top-section elementor-element elementor-element-388298f elementor-section-stretched elementor-section-boxed elementor-section-height-default elementor-section-height-default\" data-id=\"388298f\" data-element_type=\"section\" data-settings=\"{&quot;stretch_section&quot;:&quot;section-stretched&quot;}\">\n\t\t\t\t\t\t<div class=\"elementor-container elementor-column-gap-no\">\n\t\t\t\t\t<div class=\"elementor-column elementor-col-50 elementor-top-column elementor-element elementor-element-d84a5a5\" data-id=\"d84a5a5\" data-element_type=\"column\">\n\t\t\t<div class=\"elementor-widget-wrap elementor-element-populated\">\n\t\t\t\t\t\t<div class=\"elementor-element elementor-element-f14e862 e-transform elementor-widget elementor-widget-kitchor-service-list\" data-id=\"f14e862\" data-element_type=\"widget\" data-settings=\"{&quot;_transform_rotateZ_effect&quot;:{&quot;unit&quot;:&quot;px&quot;,&quot;size&quot;:&quot;&quot;,&quot;sizes&quot;:[]},&quot;_transform_rotateZ_effect_tablet&quot;:{&quot;unit&quot;:&quot;deg&quot;,&quot;size&quot;:&quot;&quot;,&quot;sizes&quot;:[]},&quot;_transform_rotateZ_effect_mobile&quot;:{&quot;unit&quot;:&quot;deg&quot;,&quot;size&quot;:&quot;&quot;,&quot;sizes&quot;:[]}}\" data-widget_type=\"kitchor-service-list.default\">\n\t\t\t\t<div class=\"elementor-widget-container\">\n\t\t\t        <ul class=\"elementor-service-item-wrapper\">\n                                            <li class=\"service-list active\">\n                                        <a href=\"\/fr\/services-de-luf\/\">\n                                                <span class=\"service-text\">\n                            OEM                        <\/span>\n                        <\/a>                <\/li>\n                                            <li class=\"service-list\">\n                                        <a href=\"\/fr\/service\/distribution\/\">\n                                                <span class=\"service-text\">\n                            Distribution                        <\/span>\n                        <\/a>                <\/li>\n                                            <li class=\"service-list\">\n                                        <a href=\"\/fr\/service\/product-branding\/\">\n                                                <span class=\"service-text\">\n                            Marquage des produits                        <\/span>\n                        <\/a>                <\/li>\n                                            <li class=\"service-list\">\n                                        <a href=\"\/fr\/service\/charitable-discounts\/\">\n                                                <span class=\"service-text\">\n                            Remises caritatives                        <\/span>\n                        <\/a>                <\/li>\n                    <\/ul>\n        \t\t<\/div>\n\t\t\t\t<\/div>\n\t\t\t\t\t<\/div>\n\t\t<\/div>\n\t\t\t\t<div class=\"elementor-column elementor-col-50 elementor-top-column elementor-element elementor-element-e54be19\" data-id=\"e54be19\" data-element_type=\"column\">\n\t\t\t<div class=\"elementor-widget-wrap elementor-element-populated\">\n\t\t\t\t\t\t<div class=\"elementor-section elementor-inner-section elementor-element elementor-element-01106c2 elementor-section-boxed elementor-section-height-default elementor-section-height-default\" data-id=\"01106c2\" data-element_type=\"section\">\n\t\t\t\t\t\t<div class=\"elementor-container elementor-column-gap-no\">\n\t\t\t\t\t<div class=\"elementor-column elementor-col-50 elementor-inner-column elementor-element elementor-element-741c7d2\" data-id=\"741c7d2\" data-element_type=\"column\">\n\t\t\t<div class=\"elementor-widget-wrap elementor-element-populated\">\n\t\t\t\t\t\t<div class=\"elementor-element elementor-element-d3cb434 elementor-widget elementor-widget-page-title\" data-id=\"d3cb434\" data-element_type=\"widget\" data-settings=\"{&quot;align&quot;:&quot;left&quot;}\" data-widget_type=\"page-title.default\">\n\t\t\t\t<div class=\"elementor-widget-container\">\n\t\t\t\t\t\n\t\t<div class=\"hfe-page-title hfe-page-title-wrapper elementor-widget-heading\">\n\n\t\t\t\t\t\t\t\t\t\t\t<a href=\"https:\/\/www.uf-tools.com\/fr\">\n\t\t\t\t\t\t<h2 class=\"elementor-heading-title elementor-size-default\">\n\t\t\t\t\t\t\t\t\n\t\t\t\tServices de l'UF  \n\t\t\t<\/h2> \n\t\t\t\t\t\t\t\t\t<\/a>\n\t\t\t\t\t<\/div>\n\t\t\t\t<\/div>\n\t\t\t\t<\/div>\n\t\t\t\t<div class=\"elementor-element elementor-element-334a032 elementor-widget elementor-widget-text-editor\" data-id=\"334a032\" data-element_type=\"widget\" data-widget_type=\"text-editor.default\">\n\t\t\t\t<div class=\"elementor-widget-container\">\n\t\t\t\t\t\t\tAu-del\u00e0 de plus sto\u00efque ce le long bont\u00e9 hey ce ce wow manatee mangouste un comme depuis un impressionnant manifest\u00e9 loin crud ouvert \u00e0 l'int\u00e9rieur due punitivement autour avant et apr\u00e8s gaspill\u00e9 racont\u00e9 jailli froidement et parl\u00e9 moins clients. Le calmar h\u00e9sitant pr\u00e9paratoire gibbeux des jeepers tyranniquement bavards crud.\n\t\t\t\t\t\t<\/div>\n\t\t\t\t<\/div>\n\t\t\t\t<div class=\"elementor-element elementor-element-fa1dfc3 elementor-widget elementor-widget-button\" data-id=\"fa1dfc3\" data-element_type=\"widget\" data-widget_type=\"button.default\">\n\t\t\t\t<div class=\"elementor-widget-container\">\n\t\t\t\t\t<div class=\"elementor-button-wrapper\">\n\t\t\t<a class=\"elementor-button elementor-button-link elementor-size-sm\" href=\"#\">\n\t\t\t\t\t\t<span class=\"elementor-button-content-wrapper\">\n\t\t\t\t\t\t<span class=\"elementor-button-text\">D\u00c9MARRAGE<\/span>\n\t\t<\/span>\n\t\t\t\t\t<\/a>\n\t\t<\/div>\n\t\t\t\t<\/div>\n\t\t\t\t<\/div>\n\t\t\t\t<div class=\"elementor-element elementor-element-a4c324d elementor-widget elementor-widget-heading\" data-id=\"a4c324d\" data-element_type=\"widget\" data-widget_type=\"heading.default\">\n\t\t\t\t<div class=\"elementor-widget-container\">\n\t\t\t<h2 class=\"elementor-heading-title elementor-size-default\">Questions populaires<\/h2>\t\t<\/div>\n\t\t\t\t<\/div>\n\t\t\t\t<div class=\"elementor-element elementor-element-6bed0a6 kitchor-accordion-layout-1 elementor-widget elementor-widget-accordion\" data-id=\"6bed0a6\" data-element_type=\"widget\" data-widget_type=\"accordion.default\">\n\t\t\t\t<div class=\"elementor-widget-container\">\n\t\t\t\t\t<div class=\"elementor-accordion\">\n\t\t\t\t\t\t\t<div class=\"elementor-accordion-item\">\n\t\t\t\t\t<div id=\"elementor-tab-title-1131\" class=\"elementor-tab-title\" data-tab=\"1\" role=\"button\" aria-controls=\"elementor-tab-content-1131\" aria-expanded=\"false\">\n\t\t\t\t\t\t\t\t\t\t\t\t\t<span class=\"elementor-accordion-icon elementor-accordion-icon-right\" aria-hidden=\"true\">\n\t\t\t\t\t\t\t\t\t\t\t\t\t\t\t<span class=\"elementor-accordion-icon-closed\"><i class=\"kitchor-icon- kitchor-icon-plus-o\"><\/i><\/span>\n\t\t\t\t\t\t\t\t<span class=\"elementor-accordion-icon-opened\"><i class=\"kitchor-icon- kitchor-icon-minus\"><\/i><\/span>\n\t\t\t\t\t\t\t\t\t\t\t\t\t\t<\/span>\n\t\t\t\t\t\t\t\t\t\t\t\t<a class=\"elementor-accordion-title\" tabindex=\"0\">Quelles sont les certifications d'UF Tools ?<\/a>\n\t\t\t\t\t<\/div>\n\t\t\t\t\t<div id=\"elementor-tab-content-1131\" class=\"elementor-tab-content elementor-clearfix\" data-tab=\"1\" role=\"region\" aria-labelledby=\"elementor-tab-title-1131\"><p>L'usine d'UF Tools a obtenu la certification de qualit\u00e9 ISO9001. En outre, la majorit\u00e9 de nos produits sont brevet\u00e9s et certifi\u00e9s ROHS et REACH.<\/p><\/div>\n\t\t\t\t<\/div>\n\t\t\t\t\t\t\t<div class=\"elementor-accordion-item\">\n\t\t\t\t\t<div id=\"elementor-tab-title-1132\" class=\"elementor-tab-title\" data-tab=\"2\" role=\"button\" aria-controls=\"elementor-tab-content-1132\" aria-expanded=\"false\">\n\t\t\t\t\t\t\t\t\t\t\t\t\t<span class=\"elementor-accordion-icon elementor-accordion-icon-right\" aria-hidden=\"true\">\n\t\t\t\t\t\t\t\t\t\t\t\t\t\t\t<span class=\"elementor-accordion-icon-closed\"><i class=\"kitchor-icon- kitchor-icon-plus-o\"><\/i><\/span>\n\t\t\t\t\t\t\t\t<span class=\"elementor-accordion-icon-opened\"><i class=\"kitchor-icon- kitchor-icon-minus\"><\/i><\/span>\n\t\t\t\t\t\t\t\t\t\t\t\t\t\t<\/span>\n\t\t\t\t\t\t\t\t\t\t\t\t<a class=\"elementor-accordion-title\" tabindex=\"0\">Pouvez-vous me donner un devis avant de payer un acompte ?<\/a>\n\t\t\t\t\t<\/div>\n\t\t\t\t\t<div id=\"elementor-tab-content-1132\" class=\"elementor-tab-content elementor-clearfix\" data-tab=\"2\" role=\"region\" aria-labelledby=\"elementor-tab-title-1132\">Oui, nous le pouvons, mais c'est un processus long et co\u00fbteux pour obtenir une correspondance pr\u00e9cise. Nous devons envoyer un \u00e9chantillon de votre finition existante pour que la couleur corresponde. Cela peut prendre 6 \u00e0 8 semaines en plus du temps de production des meubles.\n<\/div>\n\t\t\t\t<\/div>\n\t\t\t\t\t\t\t<div class=\"elementor-accordion-item\">\n\t\t\t\t\t<div id=\"elementor-tab-title-1133\" class=\"elementor-tab-title\" data-tab=\"3\" role=\"button\" aria-controls=\"elementor-tab-content-1133\" aria-expanded=\"false\">\n\t\t\t\t\t\t\t\t\t\t\t\t\t<span class=\"elementor-accordion-icon elementor-accordion-icon-right\" aria-hidden=\"true\">\n\t\t\t\t\t\t\t\t\t\t\t\t\t\t\t<span class=\"elementor-accordion-icon-closed\"><i class=\"kitchor-icon- kitchor-icon-plus-o\"><\/i><\/span>\n\t\t\t\t\t\t\t\t<span class=\"elementor-accordion-icon-opened\"><i class=\"kitchor-icon- kitchor-icon-minus\"><\/i><\/span>\n\t\t\t\t\t\t\t\t\t\t\t\t\t\t<\/span>\n\t\t\t\t\t\t\t\t\t\t\t\t<a class=\"elementor-accordion-title\" tabindex=\"0\">Comment la qualit\u00e9 des produits UF Tools se compare-t-elle \u00e0 celle des autres marques ?<\/a>\n\t\t\t\t\t<\/div>\n\t\t\t\t\t<div id=\"elementor-tab-content-1133\" class=\"elementor-tab-content elementor-clearfix\" data-tab=\"3\" role=\"region\" aria-labelledby=\"elementor-tab-title-1133\"><p>Les mati\u00e8res premi\u00e8res de Shenzhen Youfu Tools Co. sont toutes de la m\u00eame qualit\u00e9 que les marques c\u00e9l\u00e8bres de premi\u00e8re ligne, et nos produits sont soumis \u00e0 deux contr\u00f4les de qualit\u00e9 QC avant d'\u00eatre exp\u00e9di\u00e9s, afin de garantir que les clients auront moins de probl\u00e8mes de vente apr\u00e8s avoir re\u00e7u les marchandises. Les commentaires de nos clients sur la qualit\u00e9 de nos produits sont sup\u00e9rieurs \u00e0 4,5 points.<\/p><\/div>\n\t\t\t\t<\/div>\n\t\t\t\t\t\t\t\t\t\t<script type=\"application\/ld+json\">{\n    \"@context\": \"https:\\\/\\\/schema.org\",\n    \"@type\": \"FAQPage\",\n    \"mainEntity\": [\n        {\n            \"@type\": \"Question\",\n            \"name\": \"What certifications does UF Tools have?\",\n            \"acceptedAnswer\": {\n                \"@type\": \"Answer\",\n                \"text\": \"<p>The UF Tools factory has passed the ISO9001 quality certification system. Additionally, the majority of our products have patents, as well as ROHS and REACH certificates.<\\\/p>\"\n            }\n        },\n        {\n            \"@type\": \"Question\",\n            \"name\": \"Can you give me an estimate before paying a retainer?\",\n            \"acceptedAnswer\": {\n                \"@type\": \"Answer\",\n                \"text\": \"Yes, we can, but it is a lengthy and expensive process to get an accurate match. We have to send out a sample of your existing finish for color matching. This can take 6 to 8 weeks in addition to cabinet production time.\\n\"\n            }\n        },\n        {\n            \"@type\": \"Question\",\n            \"name\": \"How does the quality of UF Tools products compare to other brands?\",\n            \"acceptedAnswer\": {\n                \"@type\": \"Answer\",\n                \"text\": \"<p>The raw materials of Shenzhen Youfu Tools Co., Ltd. are all of the same quality as the first-line famous brands, and our products will undergo two QC quality inspections before shipment to ensure that customers will have fewer after-sales problems in sales after receiving the goods. Our customer feedback product quality score is above 4.5 points.<\\\/p>\"\n            }\n        }\n    ]\n}<\/script>\n\t\t\t\t\t<\/div>\n\t\t\t\t<\/div>\n\t\t\t\t<\/div>\n\t\t\t\t\t<\/div>\n\t\t<\/div>\n\t\t\t\t<div class=\"elementor-column elementor-col-50 elementor-inner-column elementor-element elementor-element-2dc5e5c\" data-id=\"2dc5e5c\" data-element_type=\"column\">\n\t\t\t<div class=\"elementor-widget-wrap elementor-element-populated\">\n\t\t\t\t\t\t<div class=\"elementor-element elementor-element-cb6b0d1 elementor-widget elementor-widget-image\" data-id=\"cb6b0d1\" data-element_type=\"widget\" data-widget_type=\"image.default\">\n\t\t\t\t<div class=\"elementor-widget-container\">\n\t\t\t\t\t\t\t\t\t\t\t\t\t<img loading=\"lazy\" decoding=\"async\" width=\"389\" height=\"521\" src=\"https:\/\/www.uf-tools.com\/wp-content\/uploads\/2022\/06\/services-img1.jpg\" class=\"attachment-full size-full wp-image-15964\" alt=\"\" srcset=\"https:\/\/www.uf-tools.com\/wp-content\/uploads\/2022\/06\/services-img1.jpg 389w, https:\/\/www.uf-tools.com\/wp-content\/uploads\/2022\/06\/services-img1-9x12.jpg 9w\" sizes=\"auto, (max-width: 389px) 100vw, 389px\" \/>\t\t\t\t\t\t\t\t\t\t\t\t\t<\/div>\n\t\t\t\t<\/div>\n\t\t\t\t\t<\/div>\n\t\t<\/div>\n\t\t\t\t\t<\/div>\n\t\t<\/div>\n\t\t\t\t\t<\/div>\n\t\t<\/div>\n\t\t\t\t\t<\/div>\n\t\t<\/div>\n\t\t\t\t<\/div>","protected":false},"excerpt":{"rendered":"<p>OEM Distribution Product Branding Charitable Discounts UF Services Beyond more stoic this along goodness hey this this wow manatee mongoose one as since a far flustered impressive manifest far crud opened inside owing punitively around forewent and after wasteful telling sprang coldly and spoke less clients. Squid hesitantly preparatory gibbered some tyran nically talkative jeepers [&hellip;]<\/p>","protected":false},"author":1,"featured_media":0,"parent":0,"menu_order":0,"comment_status":"closed","ping_status":"closed","template":"template-homepage.php","meta":{"footnotes":""},"class_list":["post-5516","page","type-page","status-publish","hentry"],"yoast_head":"<!-- This site is optimized with the Yoast SEO plugin v26.9 - https:\/\/yoast.com\/product\/yoast-seo-wordpress\/ -->\n<title>UF Services - UF Tools Wholesale Suppliers<\/title>\n<meta name=\"robots\" content=\"index, follow, max-snippet:-1, max-image-preview:large, max-video-preview:-1\" \/>\n<link rel=\"canonical\" href=\"http:\/\/www.uf-tools.com\/fr\/services-de-luf\/\" \/>\n<meta property=\"og:locale\" content=\"fr_FR\" \/>\n<meta property=\"og:type\" content=\"article\" \/>\n<meta property=\"og:title\" content=\"UF Services - UF Tools Wholesale Suppliers\" \/>\n<meta property=\"og:description\" content=\"OEM Distribution Product Branding Charitable Discounts UF Services Beyond more stoic this along goodness hey this this wow manatee mongoose one as since a far flustered impressive manifest far crud opened inside owing punitively around forewent and after wasteful telling sprang coldly and spoke less clients. Squid hesitantly preparatory gibbered some tyran nically talkative jeepers [&hellip;]\" \/>\n<meta property=\"og:url\" content=\"http:\/\/www.uf-tools.com\/fr\/services-de-luf\/\" \/>\n<meta property=\"og:site_name\" content=\"UF Tools Wholesale Suppliers\" \/>\n<meta property=\"article:publisher\" content=\"https:\/\/www.facebook.com\/UFTOOLS\/?show_switched_toast=0&amp;show_invite_to_follow=0&amp;show_switched_tooltip=0&amp;show_podcast_settings=0&amp;show_community_review_changes=0&amp;show_community_rollback=0&amp;show_follower_visibility_disclosure=0\" \/>\n<meta property=\"article:modified_time\" content=\"2023-07-21T16:56:58+00:00\" \/>\n<meta property=\"og:image\" content=\"https:\/\/uf-tools.com\/wp-content\/uploads\/2022\/06\/services-img1.jpg\" \/>\n<meta name=\"twitter:card\" content=\"summary_large_image\" \/>\n<meta name=\"twitter:site\" content=\"@uftools\" \/>\n<meta name=\"twitter:label1\" content=\"Dur\u00e9e de lecture estim\u00e9e\" \/>\n\t<meta name=\"twitter:data1\" content=\"1 minute\" \/>\n<script type=\"application\/ld+json\" class=\"yoast-schema-graph\">{\"@context\":\"https:\/\/schema.org\",\"@graph\":[{\"@type\":\"WebPage\",\"@id\":\"http:\/\/www.uf-tools.com\/ar\/uf-services\/\",\"url\":\"http:\/\/www.uf-tools.com\/ar\/uf-services\/\",\"name\":\"UF Services - UF Tools Wholesale Suppliers\",\"isPartOf\":{\"@id\":\"http:\/\/www.uf-tools.com\/ja\/#website\"},\"primaryImageOfPage\":{\"@id\":\"http:\/\/www.uf-tools.com\/ar\/uf-services\/#primaryimage\"},\"image\":{\"@id\":\"http:\/\/www.uf-tools.com\/ar\/uf-services\/#primaryimage\"},\"thumbnailUrl\":\"https:\/\/uf-tools.com\/wp-content\/uploads\/2022\/06\/services-img1.jpg\",\"datePublished\":\"2022-06-17T04:13:39+00:00\",\"dateModified\":\"2023-07-21T16:56:58+00:00\",\"breadcrumb\":{\"@id\":\"http:\/\/www.uf-tools.com\/ar\/uf-services\/#breadcrumb\"},\"inLanguage\":\"fr-FR\",\"potentialAction\":[{\"@type\":\"ReadAction\",\"target\":[\"http:\/\/www.uf-tools.com\/ar\/uf-services\/\"]}]},{\"@type\":\"ImageObject\",\"inLanguage\":\"fr-FR\",\"@id\":\"http:\/\/www.uf-tools.com\/ar\/uf-services\/#primaryimage\",\"url\":\"https:\/\/uf-tools.com\/wp-content\/uploads\/2022\/06\/services-img1.jpg\",\"contentUrl\":\"https:\/\/uf-tools.com\/wp-content\/uploads\/2022\/06\/services-img1.jpg\"},{\"@type\":\"BreadcrumbList\",\"@id\":\"http:\/\/www.uf-tools.com\/ar\/uf-services\/#breadcrumb\",\"itemListElement\":[{\"@type\":\"ListItem\",\"position\":1,\"name\":\"Home\",\"item\":\"http:\/\/www.uf-tools.com\/ja\/\"},{\"@type\":\"ListItem\",\"position\":2,\"name\":\"UF Services\"}]},{\"@type\":\"WebSite\",\"@id\":\"http:\/\/www.uf-tools.com\/ja\/#website\",\"url\":\"http:\/\/www.uf-tools.com\/ja\/\",\"name\":\"Manufacturer of precision digital repair tools\",\"description\":\"UF TOOLS\",\"publisher\":{\"@id\":\"http:\/\/www.uf-tools.com\/ja\/#organization\"},\"potentialAction\":[{\"@type\":\"SearchAction\",\"target\":{\"@type\":\"EntryPoint\",\"urlTemplate\":\"http:\/\/www.uf-tools.com\/ja\/?s={search_term_string}\"},\"query-input\":{\"@type\":\"PropertyValueSpecification\",\"valueRequired\":true,\"valueName\":\"search_term_string\"}}],\"inLanguage\":\"fr-FR\"},{\"@type\":\"Organization\",\"@id\":\"http:\/\/www.uf-tools.com\/ja\/#organization\",\"name\":\"UF Tools Wholesale Suppliers\",\"url\":\"http:\/\/www.uf-tools.com\/ja\/\",\"logo\":{\"@type\":\"ImageObject\",\"inLanguage\":\"fr-FR\",\"@id\":\"http:\/\/www.uf-tools.com\/ja\/#\/schema\/logo\/image\/\",\"url\":\"https:\/\/www.uf-tools.com\/wp-content\/uploads\/2023\/07\/logo-blue.svg\",\"contentUrl\":\"https:\/\/www.uf-tools.com\/wp-content\/uploads\/2023\/07\/logo-blue.svg\",\"width\":242,\"height\":56,\"caption\":\"UF Tools Wholesale Suppliers\"},\"image\":{\"@id\":\"http:\/\/www.uf-tools.com\/ja\/#\/schema\/logo\/image\/\"},\"sameAs\":[\"https:\/\/www.facebook.com\/UFTOOLS\/?show_switched_toast=0&show_invite_to_follow=0&show_switched_tooltip=0&show_podcast_settings=0&show_community_review_changes=0&show_community_rollback=0&show_follower_visibility_disclosure=0\",\"https:\/\/x.com\/uftools\",\"https:\/\/www.instagram.com\/youfutools\/\",\"https:\/\/www.pinterest.com\/uftools\/\",\"https:\/\/www.youtube.com\/@uf-tools\"]}]}<\/script>\n<!-- \/ Yoast SEO plugin. -->","yoast_head_json":{"title":"UF Services - UF Tools Wholesale Suppliers","robots":{"index":"index","follow":"follow","max-snippet":"max-snippet:-1","max-image-preview":"max-image-preview:large","max-video-preview":"max-video-preview:-1"},"canonical":"http:\/\/www.uf-tools.com\/fr\/services-de-luf\/","og_locale":"fr_FR","og_type":"article","og_title":"UF Services - UF Tools Wholesale Suppliers","og_description":"OEM Distribution Product Branding Charitable Discounts UF Services Beyond more stoic this along goodness hey this this wow manatee mongoose one as since a far flustered impressive manifest far crud opened inside owing punitively around forewent and after wasteful telling sprang coldly and spoke less clients. Squid hesitantly preparatory gibbered some tyran nically talkative jeepers [&hellip;]","og_url":"http:\/\/www.uf-tools.com\/fr\/services-de-luf\/","og_site_name":"UF Tools Wholesale Suppliers","article_publisher":"https:\/\/www.facebook.com\/UFTOOLS\/?show_switched_toast=0&show_invite_to_follow=0&show_switched_tooltip=0&show_podcast_settings=0&show_community_review_changes=0&show_community_rollback=0&show_follower_visibility_disclosure=0","article_modified_time":"2023-07-21T16:56:58+00:00","og_image":[{"url":"https:\/\/uf-tools.com\/wp-content\/uploads\/2022\/06\/services-img1.jpg","type":"","width":"","height":""}],"twitter_card":"summary_large_image","twitter_site":"@uftools","twitter_misc":{"Dur\u00e9e de lecture estim\u00e9e":"1 minute"},"schema":{"@context":"https:\/\/schema.org","@graph":[{"@type":"WebPage","@id":"http:\/\/www.uf-tools.com\/ar\/uf-services\/","url":"http:\/\/www.uf-tools.com\/ar\/uf-services\/","name":"UF Services - UF Tools Wholesale Suppliers","isPartOf":{"@id":"http:\/\/www.uf-tools.com\/ja\/#website"},"primaryImageOfPage":{"@id":"http:\/\/www.uf-tools.com\/ar\/uf-services\/#primaryimage"},"image":{"@id":"http:\/\/www.uf-tools.com\/ar\/uf-services\/#primaryimage"},"thumbnailUrl":"https:\/\/uf-tools.com\/wp-content\/uploads\/2022\/06\/services-img1.jpg","datePublished":"2022-06-17T04:13:39+00:00","dateModified":"2023-07-21T16:56:58+00:00","breadcrumb":{"@id":"http:\/\/www.uf-tools.com\/ar\/uf-services\/#breadcrumb"},"inLanguage":"fr-FR","potentialAction":[{"@type":"ReadAction","target":["http:\/\/www.uf-tools.com\/ar\/uf-services\/"]}]},{"@type":"ImageObject","inLanguage":"fr-FR","@id":"http:\/\/www.uf-tools.com\/ar\/uf-services\/#primaryimage","url":"https:\/\/uf-tools.com\/wp-content\/uploads\/2022\/06\/services-img1.jpg","contentUrl":"https:\/\/uf-tools.com\/wp-content\/uploads\/2022\/06\/services-img1.jpg"},{"@type":"BreadcrumbList","@id":"http:\/\/www.uf-tools.com\/ar\/uf-services\/#breadcrumb","itemListElement":[{"@type":"ListItem","position":1,"name":"Home","item":"http:\/\/www.uf-tools.com\/ja\/"},{"@type":"ListItem","position":2,"name":"UF Services"}]},{"@type":"WebSite","@id":"http:\/\/www.uf-tools.com\/ja\/#website","url":"http:\/\/www.uf-tools.com\/ja\/","name":"Manufacturer of precision digital repair tools","description":"UF TOOLS","publisher":{"@id":"http:\/\/www.uf-tools.com\/ja\/#organization"},"potentialAction":[{"@type":"SearchAction","target":{"@type":"EntryPoint","urlTemplate":"http:\/\/www.uf-tools.com\/ja\/?s={search_term_string}"},"query-input":{"@type":"PropertyValueSpecification","valueRequired":true,"valueName":"search_term_string"}}],"inLanguage":"fr-FR"},{"@type":"Organization","@id":"http:\/\/www.uf-tools.com\/ja\/#organization","name":"UF Tools Wholesale Suppliers","url":"http:\/\/www.uf-tools.com\/ja\/","logo":{"@type":"ImageObject","inLanguage":"fr-FR","@id":"http:\/\/www.uf-tools.com\/ja\/#\/schema\/logo\/image\/","url":"https:\/\/www.uf-tools.com\/wp-content\/uploads\/2023\/07\/logo-blue.svg","contentUrl":"https:\/\/www.uf-tools.com\/wp-content\/uploads\/2023\/07\/logo-blue.svg","width":242,"height":56,"caption":"UF Tools Wholesale Suppliers"},"image":{"@id":"http:\/\/www.uf-tools.com\/ja\/#\/schema\/logo\/image\/"},"sameAs":["https:\/\/www.facebook.com\/UFTOOLS\/?show_switched_toast=0&show_invite_to_follow=0&show_switched_tooltip=0&show_podcast_settings=0&show_community_review_changes=0&show_community_rollback=0&show_follower_visibility_disclosure=0","https:\/\/x.com\/uftools","https:\/\/www.instagram.com\/youfutools\/","https:\/\/www.pinterest.com\/uftools\/","https:\/\/www.youtube.com\/@uf-tools"]}]}},"_links":{"self":[{"href":"https:\/\/www.uf-tools.com\/fr\/wp-json\/wp\/v2\/pages\/5516","targetHints":{"allow":["GET"]}}],"collection":[{"href":"https:\/\/www.uf-tools.com\/fr\/wp-json\/wp\/v2\/pages"}],"about":[{"href":"https:\/\/www.uf-tools.com\/fr\/wp-json\/wp\/v2\/types\/page"}],"author":[{"embeddable":true,"href":"https:\/\/www.uf-tools.com\/fr\/wp-json\/wp\/v2\/users\/1"}],"replies":[{"embeddable":true,"href":"https:\/\/www.uf-tools.com\/fr\/wp-json\/wp\/v2\/comments?post=5516"}],"version-history":[{"count":0,"href":"https:\/\/www.uf-tools.com\/fr\/wp-json\/wp\/v2\/pages\/5516\/revisions"}],"wp:attachment":[{"href":"https:\/\/www.uf-tools.com\/fr\/wp-json\/wp\/v2\/media?parent=5516"}],"curies":[{"name":"wp","href":"https:\/\/api.w.org\/{rel}","templated":true}]}}