{"id":3,"date":"2023-06-29T12:11:18","date_gmt":"2023-06-29T12:11:18","guid":{"rendered":"https:\/\/uf-tools.com\/?page_id=3"},"modified":"2023-09-26T08:58:47","modified_gmt":"2023-09-26T08:58:47","slug":"privacy-policy","status":"publish","type":"page","link":"https:\/\/www.uf-tools.com\/fr\/politique-de-confidentialite\/","title":{"rendered":"Politique de confidentialit\u00e9"},"content":{"rendered":"<div data-elementor-type=\"wp-page\" data-elementor-id=\"3\" class=\"elementor elementor-3\" data-elementor-post-type=\"page\">\n\t\t\t\t\t\t<section class=\"elementor-section elementor-top-section elementor-element elementor-element-7e63c768 elementor-section-boxed elementor-section-height-default elementor-section-height-default\" data-id=\"7e63c768\" data-element_type=\"section\">\n\t\t\t\t\t\t<div class=\"elementor-container elementor-column-gap-default\">\n\t\t\t\t\t<div class=\"elementor-column elementor-col-100 elementor-top-column elementor-element elementor-element-59a91903\" data-id=\"59a91903\" data-element_type=\"column\">\n\t\t\t<div class=\"elementor-widget-wrap elementor-element-populated\">\n\t\t\t\t\t\t<div class=\"elementor-element elementor-element-3ebfcd9f elementor-widget elementor-widget-text-editor\" data-id=\"3ebfcd9f\" data-element_type=\"widget\" data-widget_type=\"text-editor.default\">\n\t\t\t\t<div class=\"elementor-widget-container\">\n\t\t\t\t\t\t\t<h2><strong>Quelles sont les informations que nous recueillons ?<\/strong><\/h2>\n<p>Les informations personnelles sont des informations qui peuvent \u00eatre utilis\u00e9es pour vous identifier directement ou indirectement. Les informations personnelles comprennent \u00e9galement les informations anonymes li\u00e9es \u00e0 des informations qui peuvent \u00eatre utilis\u00e9es pour vous identifier directement ou indirectement. Les informations personnelles n'incluent pas les informations qui ont \u00e9t\u00e9 rendues anonymes de mani\u00e8re irr\u00e9versible ou agr\u00e9g\u00e9es de sorte qu'elles ne nous permettent plus de vous identifier, que ce soit en combinaison avec d'autres informations ou d'une autre mani\u00e8re.<br>Nous ne collecterons et n'utiliserons que les informations personnelles n\u00e9cessaires pour nous conformer \u00e0 nos obligations l\u00e9gales et pour nous aider \u00e0 g\u00e9rer nos activit\u00e9s et \u00e0 vous fournir les services que vous demandez.<br>Nous recueillons des informations aupr\u00e8s de vous lorsque vous vous inscrivez sur notre site, passez une commande, vous abonnez \u00e0 notre bulletin d'information ou r\u00e9pondez \u00e0 une enqu\u00eate.<br>Lors d'une commande ou d'un enregistrement sur notre site, selon le cas, il peut vous \u00eatre demand\u00e9 de saisir les informations suivantes : votre nom, votre adresse \u00e9lectronique, votre adresse postale et votre num\u00e9ro de t\u00e9l\u00e9phone. Toutefois, vous pouvez \u00e9galement visiter notre site de mani\u00e8re anonyme.<\/p>\n<h2><strong>\u00c0 quelles fins utilisons-nous vos informations ?<\/strong><\/h2>\n<p><strong><br><\/strong>Nous utilisons les informations que vous nous fournissez aux fins sp\u00e9cifiques pour lesquelles vous les avez fournies, comme indiqu\u00e9 au moment de la collecte, et dans les limites autoris\u00e9es par la loi. Les informations que nous recueillons aupr\u00e8s de vous peuvent \u00eatre utilis\u00e9es de la mani\u00e8re suivante :<br>\uff081\uff09Pour personnaliser votre exp\u00e9rience (vos informations nous aident \u00e0 mieux r\u00e9pondre \u00e0 vos besoins individuels).<br>\uff082\uff09Pour am\u00e9liorer notre site web et votre exp\u00e9rience d'achat (nous nous effor\u00e7ons continuellement d'am\u00e9liorer les offres de notre site web sur la base des informations et des commentaires que nous recevons de votre part).<br>\uff083\uff09Pour am\u00e9liorer le service \u00e0 la client\u00e8le (vos informations nous aident \u00e0 r\u00e9pondre plus efficacement \u00e0 vos demandes de service \u00e0 la client\u00e8le et \u00e0 vos besoins d'assistance).<br>\uff084\uff09Pour traiter les transactions, y compris l'ex\u00e9cution de vos paiements et la livraison des produits achet\u00e9s ou des services demand\u00e9s. Pour g\u00e9rer un concours, une promotion sp\u00e9ciale, une enqu\u00eate, une activit\u00e9 ou une autre caract\u00e9ristique du site.<br>\uff085\uff09Envoyer des courriels p\u00e9riodiques. L'adresse \u00e9lectronique que vous fournissez pour le traitement de votre commande peut \u00eatre utilis\u00e9e pour vous envoyer des informations importantes et des mises \u00e0 jour concernant votre commande, en plus de recevoir occasionnellement des nouvelles de l'entreprise, des mises \u00e0 jour, des informations sur des produits ou des services connexes, etc.<\/p>\n<h2><strong>Base juridique du traitement des donn\u00e9es \u00e0 caract\u00e8re personnel<\/strong><\/h2>\n<p><strong><br><\/strong>Si vous \u00eates situ\u00e9 dans l'Espace \u00e9conomique europ\u00e9en (\" EEE \"), notre traitement de vos informations personnelles sera bas\u00e9 sur ce qui suit : Dans la mesure o\u00f9 nous obtenons votre consentement pour le traitement de vos informations personnelles, ce traitement sera justifi\u00e9 conform\u00e9ment \u00e0 l'article 6(1) lit. (a) du R\u00e8glement g\u00e9n\u00e9ral sur la protection des donn\u00e9es (UE) 2016\/679 (\" RGPD \"). Si le traitement de vos informations personnelles est n\u00e9cessaire \u00e0 l'ex\u00e9cution d'un contrat entre vous et nous ou \u00e0 la prise de mesures pr\u00e9contractuelles \u00e0 votre demande, ce traitement sera fond\u00e9 sur l'article 6, paragraphe 1, lit. (b) du GDPR. Lorsque le traitement est n\u00e9cessaire au respect d'une obligation l\u00e9gale, nous traiterons vos informations personnelles sur la base de l'article 6, paragraphe 1, point c), du RGPD, et lorsque le traitement est n\u00e9cessaire aux fins de nos int\u00e9r\u00eats l\u00e9gitimes, ce traitement sera effectu\u00e9 conform\u00e9ment \u00e0 l'article 6, paragraphe 1, point f), du RGPD. Veuillez noter que si vous avez donn\u00e9 votre consentement au traitement de vos informations personnelles, vous pouvez le retirer \u00e0 tout moment, par exemple en envoyant un courrier \u00e9lectronique. Ce retrait n'affectera pas la l\u00e9galit\u00e9 de tout traitement effectu\u00e9 pr\u00e9c\u00e9demment sur la base de votre consentement.<\/p>\n<h2><strong>3. Vos droits<\/strong><\/h2>\n<p><strong><br><\/strong>\uff081\uff09Nous prenons des mesures raisonnables pour nous assurer que vos informations personnelles sont exactes, compl\u00e8tes et \u00e0 jour. Vous avez le droit d'acc\u00e9der aux informations personnelles que nous collectons, de les corriger ou de les supprimer. Vous avez \u00e9galement le droit de restreindre ou de vous opposer, \u00e0 tout moment, au traitement ult\u00e9rieur de vos informations personnelles. Vous avez le droit de recevoir vos informations personnelles dans un format structur\u00e9 et standard et, lorsque cela est techniquement possible, le droit de voir vos informations personnelles transmises directement \u00e0 un tiers. Vous pouvez d\u00e9poser une plainte aupr\u00e8s de l'autorit\u00e9 comp\u00e9tente en mati\u00e8re de protection des donn\u00e9es concernant le traitement de vos informations personnelles.<br>\uff082\uff09Pour prot\u00e9ger la confidentialit\u00e9 et la s\u00e9curit\u00e9 de vos informations personnelles, nous pouvons vous demander des informations qui nous permettent de confirmer votre identit\u00e9 et votre droit d'acc\u00e8s \u00e0 ces informations, ainsi que de rechercher et de vous fournir les informations personnelles que nous conservons. Dans certains cas, les lois applicables ou les exigences r\u00e9glementaires nous autorisent ou nous obligent \u00e0 refuser de fournir ou \u00e0 supprimer tout ou partie des informations personnelles que nous conservons.<br>\uff083\uff09Vous pouvez nous envoyer un courrier \u00e9lectronique pour exercer vos droits. Nous r\u00e9pondrons \u00e0 votre demande dans un d\u00e9lai raisonnable. Nous prendrons toutes les mesures raisonnables pour garantir que vos donn\u00e9es \u00e0 caract\u00e8re personnel sont correctes et \u00e0 jour.<\/p>\n<h2><strong>4. Comment prot\u00e9geons-nous vos informations ?<\/strong><\/h2>\n<p><strong><br><\/strong>Vous \u00eates responsable de la s\u00e9curit\u00e9 de votre nom d'utilisateur et de votre mot de passe sur UF-TOOLS. Nous vous recommandons de choisir un mot de passe fort et de le changer fr\u00e9quemment. N'utilisez pas les m\u00eames informations de connexion (e-mail et mot de passe) sur plusieurs sites web.<br>Cela dit, nous mettons en \u0153uvre une s\u00e9rie de mesures de s\u00e9curit\u00e9, y compris l'utilisation d'un serveur s\u00e9curis\u00e9. Toutes les informations sensibles\/de cr\u00e9dit fournies sont transmises via la technologie Secure Socket Layer (SSL), puis crypt\u00e9es dans la base de donn\u00e9es de nos fournisseurs de passerelles de paiement, et ne sont accessibles que par les personnes autoris\u00e9es disposant de droits d'acc\u00e8s sp\u00e9ciaux \u00e0 ces syst\u00e8mes et tenues de pr\u00e9server la confidentialit\u00e9 de ces informations. Apr\u00e8s une transaction, vos informations priv\u00e9es (cartes de cr\u00e9dit, num\u00e9ros de s\u00e9curit\u00e9 sociale, donn\u00e9es financi\u00e8res, etc.) ne seront pas stock\u00e9es sur nos serveurs.<\/p>\n<h2><strong>5. Utilisons-nous des cookies ?<\/strong><\/h2>\n<p><strong><br><\/strong>\uff081\uff09Yes. Les cookies sont de petits fichiers qu'un site ou son fournisseur de services transf\u00e8re sur le disque dur de votre ordinateur par l'interm\u00e9diaire de votre navigateur Web (si vous l'avez autoris\u00e9 dans vos param\u00e8tres). Cela permet aux sites ou aux syst\u00e8mes des fournisseurs de services de reconna\u00eetre votre navigateur et de capturer et m\u00e9moriser certaines informations.<br>\uff082\uff09Nous utilisons des cookies pour nous aider \u00e0 m\u00e9moriser et \u00e0 traiter les articles de votre panier d'achat, \u00e0 comprendre et \u00e0 enregistrer vos pr\u00e9f\u00e9rences pour de futures visites et \u00e0 compiler des donn\u00e9es globales sur le trafic et l'interaction du site afin que nous puissions vous offrir de meilleures exp\u00e9riences et de meilleurs outils \u00e0 l'avenir.<br>\uff083\uff09Nous pouvons faire appel \u00e0 des prestataires de services tiers pour nous aider \u00e0 mieux comprendre les visiteurs de notre site. Ces prestataires de services ne sont toutefois pas autoris\u00e9s \u00e0 utiliser les informations collect\u00e9es en notre nom, sauf pour nous aider directement \u00e0 mener et \u00e0 am\u00e9liorer nos activit\u00e9s. Nous utilisons, par exemple, Google Analytics, un service d'analyse web fourni par Google, Inc. (\"Google\") pour nous aider \u00e0 mieux comprendre comment les utilisateurs utilisent notre site web. Google Analytics utilise des cookies pour collecter des informations sur l'utilisation de notre site web. Ces informations sont utilis\u00e9es pour compiler des rapports et cr\u00e9er des services qui nous aident \u00e0 am\u00e9liorer notre site web et les services qui y sont associ\u00e9s. Les rapports r\u00e9v\u00e8lent les tendances du site web sans identifier les visiteurs individuels.<br>\uff084\uff09Les informations g\u00e9n\u00e9r\u00e9es par le cookie Google concernant votre utilisation de notre site web (y compris votre adresse IP) peuvent \u00eatre transmises et stock\u00e9es par Google sur des serveurs situ\u00e9s aux \u00c9tats-Unis. Google peut \u00e9galement transf\u00e9rer ces informations \u00e0 des tiers lorsque la loi l'exige ou lorsque ces tiers traitent les informations pour le compte de Google. Google n'associera pas votre adresse IP \u00e0 d'autres donn\u00e9es d\u00e9tenues par Google.<br>\uff085\uff09Sur certaines pages de notre site web, les tiers qui fournissent des applications par l'interm\u00e9diaire de notre site web peuvent installer leurs propres cookies afin de fournir des services, de suivre le succ\u00e8s de leurs applications ou de personnaliser les applications pour vous. Par exemple, lorsque vous partagez un contenu \u00e0 l'aide d'un bouton de partage de m\u00e9dia social tel que Facebook ou Twitter, le r\u00e9seau social qui a cr\u00e9\u00e9 le bouton enregistre le fait que vous l'avez fait. En raison du fonctionnement des cookies, nous ne pouvons pas acc\u00e9der \u00e0 ces cookies et les tiers ne peuvent pas non plus acc\u00e9der aux donn\u00e9es contenues dans les cookies que nous utilisons.<br>\uff086\uff09Si vous le pr\u00e9f\u00e9rez, vous pouvez choisir de faire en sorte que votre ordinateur vous avertisse chaque fois qu'un cookie est envoy\u00e9, ou vous pouvez choisir de d\u00e9sactiver tous les cookies via les param\u00e8tres de votre navigateur. Comme pour la plupart des sites web, si vous d\u00e9sactivez les cookies, certains de nos services risquent de ne pas fonctionner correctement. Toutefois, vous pouvez toujours passer des commandes en contactant le service client\u00e8le.<\/p>\n<h2><strong>6. Divulguons-nous des informations \u00e0 des tiers ?<\/strong><\/h2>\n<p><strong><br><\/strong>Nous ne vendons pas, n'\u00e9changeons pas et ne transf\u00e9rons pas de quelque mani\u00e8re que ce soit vos informations personnelles \u00e0 des tiers. Cela n'inclut pas les tiers de confiance qui nous aident \u00e0 exploiter notre site web, \u00e0 mener nos activit\u00e9s, \u00e0 ex\u00e9cuter les paiements, \u00e0 livrer les produits ou services achet\u00e9s, \u00e0 vous envoyer des informations ou des mises \u00e0 jour ou \u00e0 vous fournir d'autres services, pour autant que ces parties acceptent de garder ces informations confidentielles. Nous pouvons \u00e9galement divulguer vos informations lorsque nous estimons qu'il est appropri\u00e9 de le faire pour respecter la loi, appliquer les politiques de notre site ou prot\u00e9ger nos droits, notre propri\u00e9t\u00e9 ou notre s\u00e9curit\u00e9, ainsi que ceux d'autres personnes.<\/p>\n<h2><strong>7. Combien de temps conservons-nous vos informations ?<\/strong><\/h2>\n<p><strong><br><\/strong>Nous conserverons vos informations personnelles aussi longtemps que n\u00e9cessaire pour atteindre les objectifs d\u00e9crits dans la pr\u00e9sente politique de confidentialit\u00e9, \u00e0 moins qu'une p\u00e9riode de conservation plus longue ne soit requise ou autoris\u00e9e par les lois fiscales, comptables ou autres lois applicables.<\/p>\n<h2><strong>8. Liens avec des tiers<\/strong><\/h2>\n<p><strong><br><\/strong>Occasionnellement, \u00e0 notre discr\u00e9tion, nous pouvons inclure ou offrir des produits ou services de tiers sur notre site web. Ces sites tiers ont des politiques de confidentialit\u00e9 distinctes et ind\u00e9pendantes. Nous ne sommes donc pas responsables du contenu et des activit\u00e9s de ces sites. N\u00e9anmoins, nous cherchons \u00e0 prot\u00e9ger l'int\u00e9grit\u00e9 de notre site et nous accueillons volontiers tout retour d'information concernant ces sites.<\/p>\n<h2><strong>9. Conditions g\u00e9n\u00e9rales<\/strong><\/h2>\n<p><strong><br><\/strong>Veuillez \u00e9galement consulter notre section Conditions g\u00e9n\u00e9rales \u00e9tablissant l'utilisation, les clauses de non-responsabilit\u00e9 et les limitations de responsabilit\u00e9 r\u00e9gissant l'utilisation de notre site web \u00e0 l'adresse Conditions g\u00e9n\u00e9rales.<\/p>\n<h2><strong>Modifications de notre politique de confidentialit\u00e9<\/strong><\/h2>\n<p><strong><br><\/strong>Si nous d\u00e9cidons de modifier notre politique de confidentialit\u00e9, nous publierons ces changements sur cette page et\/ou mettrons \u00e0 jour la date de modification de la politique de confidentialit\u00e9.<\/p>\n<h2><strong>Nous contacter<\/strong><\/h2>\n<p><strong><br><\/strong>Si vous souhaitez exercer l'un des droits \u00e9nonc\u00e9s ci-dessus, ou si vous avez une question ou une plainte concernant la pr\u00e9sente politique ou la mani\u00e8re dont vos informations personnelles sont trait\u00e9es, veuillez nous contacter par courrier \u00e9lectronique : Service@uf-tools.com<\/p>\t\t\t\t\t\t<\/div>\n\t\t\t\t<\/div>\n\t\t\t\t\t<\/div>\n\t\t<\/div>\n\t\t\t\t\t<\/div>\n\t\t<\/section>\n\t\t\t\t<\/div>","protected":false},"excerpt":{"rendered":"<p>What information do we collect? Personal information is information that can be used to directly or indirectly identify you. Personal information also includes anonymous information that is linked to information that can be used to directly or indirectly identify you. Personal information does not include information that has been irreversibly anonymized or aggregated so that [&hellip;]<\/p>","protected":false},"author":1,"featured_media":0,"parent":0,"menu_order":0,"comment_status":"closed","ping_status":"closed","template":"","meta":{"footnotes":""},"class_list":["post-3","page","type-page","status-publish","hentry"],"yoast_head":"<!-- This site is optimized with the Yoast SEO plugin v26.9 - https:\/\/yoast.com\/product\/yoast-seo-wordpress\/ -->\n<title>Privacy Policy - UF Tools Wholesale Suppliers<\/title>\n<meta name=\"robots\" content=\"index, follow, max-snippet:-1, max-image-preview:large, max-video-preview:-1\" \/>\n<link rel=\"canonical\" href=\"http:\/\/www.uf-tools.com\/fr\/politique-de-confidentialite\/\" \/>\n<meta property=\"og:locale\" content=\"fr_FR\" \/>\n<meta property=\"og:type\" content=\"article\" \/>\n<meta property=\"og:title\" content=\"Privacy Policy - UF Tools Wholesale Suppliers\" \/>\n<meta property=\"og:description\" content=\"What information do we collect? Personal information is information that can be used to directly or indirectly identify you. Personal information also includes anonymous information that is linked to information that can be used to directly or indirectly identify you. Personal information does not include information that has been irreversibly anonymized or aggregated so that [&hellip;]\" \/>\n<meta property=\"og:url\" content=\"http:\/\/www.uf-tools.com\/fr\/politique-de-confidentialite\/\" \/>\n<meta property=\"og:site_name\" content=\"UF Tools Wholesale Suppliers\" \/>\n<meta property=\"article:publisher\" content=\"https:\/\/www.facebook.com\/UFTOOLS\/?show_switched_toast=0&amp;show_invite_to_follow=0&amp;show_switched_tooltip=0&amp;show_podcast_settings=0&amp;show_community_review_changes=0&amp;show_community_rollback=0&amp;show_follower_visibility_disclosure=0\" \/>\n<meta property=\"article:modified_time\" content=\"2023-09-26T08:58:47+00:00\" \/>\n<meta property=\"og:image\" content=\"https:\/\/www.uf-tools.com\/wp-content\/uploads\/2023\/07\/contact-img1.jpg\" \/>\n\t<meta property=\"og:image:width\" content=\"960\" \/>\n\t<meta property=\"og:image:height\" content=\"732\" \/>\n\t<meta property=\"og:image:type\" content=\"image\/jpeg\" \/>\n<meta name=\"twitter:card\" content=\"summary_large_image\" \/>\n<meta name=\"twitter:site\" content=\"@uftools\" \/>\n<meta name=\"twitter:label1\" content=\"Dur\u00e9e de lecture estim\u00e9e\" \/>\n\t<meta name=\"twitter:data1\" content=\"8 minutes\" \/>\n<script type=\"application\/ld+json\" class=\"yoast-schema-graph\">{\"@context\":\"https:\/\/schema.org\",\"@graph\":[{\"@type\":\"WebPage\",\"@id\":\"http:\/\/www.uf-tools.com\/ar\/%d8%b3%d9%8a%d8%a7%d8%b3%d8%a9-%d8%a7%d9%84%d8%ae%d8%b5%d9%88%d8%b5%d9%8a%d8%a9\/\",\"url\":\"http:\/\/www.uf-tools.com\/ar\/%d8%b3%d9%8a%d8%a7%d8%b3%d8%a9-%d8%a7%d9%84%d8%ae%d8%b5%d9%88%d8%b5%d9%8a%d8%a9\/\",\"name\":\"Privacy Policy - UF Tools Wholesale Suppliers\",\"isPartOf\":{\"@id\":\"http:\/\/www.uf-tools.com\/ja\/#website\"},\"datePublished\":\"2023-06-29T12:11:18+00:00\",\"dateModified\":\"2023-09-26T08:58:47+00:00\",\"breadcrumb\":{\"@id\":\"http:\/\/www.uf-tools.com\/ar\/%d8%b3%d9%8a%d8%a7%d8%b3%d8%a9-%d8%a7%d9%84%d8%ae%d8%b5%d9%88%d8%b5%d9%8a%d8%a9\/#breadcrumb\"},\"inLanguage\":\"fr-FR\",\"potentialAction\":[{\"@type\":\"ReadAction\",\"target\":[\"http:\/\/www.uf-tools.com\/ar\/%d8%b3%d9%8a%d8%a7%d8%b3%d8%a9-%d8%a7%d9%84%d8%ae%d8%b5%d9%88%d8%b5%d9%8a%d8%a9\/\"]}]},{\"@type\":\"BreadcrumbList\",\"@id\":\"http:\/\/www.uf-tools.com\/ar\/%d8%b3%d9%8a%d8%a7%d8%b3%d8%a9-%d8%a7%d9%84%d8%ae%d8%b5%d9%88%d8%b5%d9%8a%d8%a9\/#breadcrumb\",\"itemListElement\":[{\"@type\":\"ListItem\",\"position\":1,\"name\":\"Home\",\"item\":\"http:\/\/www.uf-tools.com\/ja\/\"},{\"@type\":\"ListItem\",\"position\":2,\"name\":\"Privacy Policy\"}]},{\"@type\":\"WebSite\",\"@id\":\"http:\/\/www.uf-tools.com\/ja\/#website\",\"url\":\"http:\/\/www.uf-tools.com\/ja\/\",\"name\":\"Manufacturer of precision digital repair tools\",\"description\":\"UF TOOLS\",\"publisher\":{\"@id\":\"http:\/\/www.uf-tools.com\/ja\/#organization\"},\"potentialAction\":[{\"@type\":\"SearchAction\",\"target\":{\"@type\":\"EntryPoint\",\"urlTemplate\":\"http:\/\/www.uf-tools.com\/ja\/?s={search_term_string}\"},\"query-input\":{\"@type\":\"PropertyValueSpecification\",\"valueRequired\":true,\"valueName\":\"search_term_string\"}}],\"inLanguage\":\"fr-FR\"},{\"@type\":\"Organization\",\"@id\":\"http:\/\/www.uf-tools.com\/ja\/#organization\",\"name\":\"UF Tools Wholesale Suppliers\",\"url\":\"http:\/\/www.uf-tools.com\/ja\/\",\"logo\":{\"@type\":\"ImageObject\",\"inLanguage\":\"fr-FR\",\"@id\":\"http:\/\/www.uf-tools.com\/ja\/#\/schema\/logo\/image\/\",\"url\":\"https:\/\/www.uf-tools.com\/wp-content\/uploads\/2023\/07\/logo-blue.svg\",\"contentUrl\":\"https:\/\/www.uf-tools.com\/wp-content\/uploads\/2023\/07\/logo-blue.svg\",\"width\":242,\"height\":56,\"caption\":\"UF Tools Wholesale Suppliers\"},\"image\":{\"@id\":\"http:\/\/www.uf-tools.com\/ja\/#\/schema\/logo\/image\/\"},\"sameAs\":[\"https:\/\/www.facebook.com\/UFTOOLS\/?show_switched_toast=0&show_invite_to_follow=0&show_switched_tooltip=0&show_podcast_settings=0&show_community_review_changes=0&show_community_rollback=0&show_follower_visibility_disclosure=0\",\"https:\/\/x.com\/uftools\",\"https:\/\/www.instagram.com\/youfutools\/\",\"https:\/\/www.pinterest.com\/uftools\/\",\"https:\/\/www.youtube.com\/@uf-tools\"]}]}<\/script>\n<!-- \/ Yoast SEO plugin. -->","yoast_head_json":{"title":"Privacy Policy - UF Tools Wholesale Suppliers","robots":{"index":"index","follow":"follow","max-snippet":"max-snippet:-1","max-image-preview":"max-image-preview:large","max-video-preview":"max-video-preview:-1"},"canonical":"http:\/\/www.uf-tools.com\/fr\/politique-de-confidentialite\/","og_locale":"fr_FR","og_type":"article","og_title":"Privacy Policy - UF Tools Wholesale Suppliers","og_description":"What information do we collect? Personal information is information that can be used to directly or indirectly identify you. Personal information also includes anonymous information that is linked to information that can be used to directly or indirectly identify you. Personal information does not include information that has been irreversibly anonymized or aggregated so that [&hellip;]","og_url":"http:\/\/www.uf-tools.com\/fr\/politique-de-confidentialite\/","og_site_name":"UF Tools Wholesale Suppliers","article_publisher":"https:\/\/www.facebook.com\/UFTOOLS\/?show_switched_toast=0&show_invite_to_follow=0&show_switched_tooltip=0&show_podcast_settings=0&show_community_review_changes=0&show_community_rollback=0&show_follower_visibility_disclosure=0","article_modified_time":"2023-09-26T08:58:47+00:00","og_image":[{"width":960,"height":732,"url":"https:\/\/www.uf-tools.com\/wp-content\/uploads\/2023\/07\/contact-img1.jpg","type":"image\/jpeg"}],"twitter_card":"summary_large_image","twitter_site":"@uftools","twitter_misc":{"Dur\u00e9e de lecture estim\u00e9e":"8 minutes"},"schema":{"@context":"https:\/\/schema.org","@graph":[{"@type":"WebPage","@id":"http:\/\/www.uf-tools.com\/ar\/%d8%b3%d9%8a%d8%a7%d8%b3%d8%a9-%d8%a7%d9%84%d8%ae%d8%b5%d9%88%d8%b5%d9%8a%d8%a9\/","url":"http:\/\/www.uf-tools.com\/ar\/%d8%b3%d9%8a%d8%a7%d8%b3%d8%a9-%d8%a7%d9%84%d8%ae%d8%b5%d9%88%d8%b5%d9%8a%d8%a9\/","name":"Privacy Policy - UF Tools Wholesale Suppliers","isPartOf":{"@id":"http:\/\/www.uf-tools.com\/ja\/#website"},"datePublished":"2023-06-29T12:11:18+00:00","dateModified":"2023-09-26T08:58:47+00:00","breadcrumb":{"@id":"http:\/\/www.uf-tools.com\/ar\/%d8%b3%d9%8a%d8%a7%d8%b3%d8%a9-%d8%a7%d9%84%d8%ae%d8%b5%d9%88%d8%b5%d9%8a%d8%a9\/#breadcrumb"},"inLanguage":"fr-FR","potentialAction":[{"@type":"ReadAction","target":["http:\/\/www.uf-tools.com\/ar\/%d8%b3%d9%8a%d8%a7%d8%b3%d8%a9-%d8%a7%d9%84%d8%ae%d8%b5%d9%88%d8%b5%d9%8a%d8%a9\/"]}]},{"@type":"BreadcrumbList","@id":"http:\/\/www.uf-tools.com\/ar\/%d8%b3%d9%8a%d8%a7%d8%b3%d8%a9-%d8%a7%d9%84%d8%ae%d8%b5%d9%88%d8%b5%d9%8a%d8%a9\/#breadcrumb","itemListElement":[{"@type":"ListItem","position":1,"name":"Home","item":"http:\/\/www.uf-tools.com\/ja\/"},{"@type":"ListItem","position":2,"name":"Privacy Policy"}]},{"@type":"WebSite","@id":"http:\/\/www.uf-tools.com\/ja\/#website","url":"http:\/\/www.uf-tools.com\/ja\/","name":"Manufacturer of precision digital repair tools","description":"UF TOOLS","publisher":{"@id":"http:\/\/www.uf-tools.com\/ja\/#organization"},"potentialAction":[{"@type":"SearchAction","target":{"@type":"EntryPoint","urlTemplate":"http:\/\/www.uf-tools.com\/ja\/?s={search_term_string}"},"query-input":{"@type":"PropertyValueSpecification","valueRequired":true,"valueName":"search_term_string"}}],"inLanguage":"fr-FR"},{"@type":"Organization","@id":"http:\/\/www.uf-tools.com\/ja\/#organization","name":"UF Tools Wholesale Suppliers","url":"http:\/\/www.uf-tools.com\/ja\/","logo":{"@type":"ImageObject","inLanguage":"fr-FR","@id":"http:\/\/www.uf-tools.com\/ja\/#\/schema\/logo\/image\/","url":"https:\/\/www.uf-tools.com\/wp-content\/uploads\/2023\/07\/logo-blue.svg","contentUrl":"https:\/\/www.uf-tools.com\/wp-content\/uploads\/2023\/07\/logo-blue.svg","width":242,"height":56,"caption":"UF Tools Wholesale Suppliers"},"image":{"@id":"http:\/\/www.uf-tools.com\/ja\/#\/schema\/logo\/image\/"},"sameAs":["https:\/\/www.facebook.com\/UFTOOLS\/?show_switched_toast=0&show_invite_to_follow=0&show_switched_tooltip=0&show_podcast_settings=0&show_community_review_changes=0&show_community_rollback=0&show_follower_visibility_disclosure=0","https:\/\/x.com\/uftools","https:\/\/www.instagram.com\/youfutools\/","https:\/\/www.pinterest.com\/uftools\/","https:\/\/www.youtube.com\/@uf-tools"]}]}},"_links":{"self":[{"href":"https:\/\/www.uf-tools.com\/fr\/wp-json\/wp\/v2\/pages\/3","targetHints":{"allow":["GET"]}}],"collection":[{"href":"https:\/\/www.uf-tools.com\/fr\/wp-json\/wp\/v2\/pages"}],"about":[{"href":"https:\/\/www.uf-tools.com\/fr\/wp-json\/wp\/v2\/types\/page"}],"author":[{"embeddable":true,"href":"https:\/\/www.uf-tools.com\/fr\/wp-json\/wp\/v2\/users\/1"}],"replies":[{"embeddable":true,"href":"https:\/\/www.uf-tools.com\/fr\/wp-json\/wp\/v2\/comments?post=3"}],"version-history":[{"count":0,"href":"https:\/\/www.uf-tools.com\/fr\/wp-json\/wp\/v2\/pages\/3\/revisions"}],"wp:attachment":[{"href":"https:\/\/www.uf-tools.com\/fr\/wp-json\/wp\/v2\/media?parent=3"}],"curies":[{"name":"wp","href":"https:\/\/api.w.org\/{rel}","templated":true}]}}