{"id":17111,"date":"2023-10-06T02:26:42","date_gmt":"2023-10-06T02:26:42","guid":{"rendered":"https:\/\/www.uf-tools.com\/?page_id=17111"},"modified":"2023-10-06T02:28:11","modified_gmt":"2023-10-06T02:28:11","slug":"shipping_policy","status":"publish","type":"page","link":"https:\/\/www.uf-tools.com\/fr\/politique_dexpedition\/","title":{"rendered":"Politique d'exp\u00e9dition"},"content":{"rendered":"<h2 class=\"wp-block-heading\"><strong>Frais d'exp\u00e9dition et taxes<\/strong><\/h2>\n\n\n\n<p>Livraison gratuite \u00e0 partir de $100<\/p>\n\n\n\n<p>Les taxes sont pr\u00e9lev\u00e9es par les bureaux de douane du pays de destination en fonction de leurs r\u00e8gles et politiques. Il incombe au client de se renseigner sur la situation dans son pays. Les envois en provenance de tous nos entrep\u00f4ts sont livr\u00e9s franco de port. Par cons\u00e9quent, le cas \u00e9ch\u00e9ant, ces frais doivent \u00eatre pay\u00e9s par le client. Les clients assument l'enti\u00e8re responsabilit\u00e9 des frais de retour, des frais de douane et des frais de manutention s'ils refusent d'accepter un colis en raison de droits ou de taxes \u00e0 l'importation.<\/p>\n\n\n\n<h2 class=\"wp-block-heading\"><strong>Estimation des frais d'exp\u00e9dition et de livraison<\/strong><\/h2>\n\n\n\n<ul class=\"wp-block-list\">\n<li>D\u00e9lai de traitement : 2-5 jours ouvrables<\/li>\n\n\n\n<li>Logistique d\u00e9di\u00e9e\/transport express : 7-10 jours<\/li>\n\n\n\n<li>Exp\u00e9dition standard\/exp\u00e9dition gratuite : 10-15 jours<\/li>\n<\/ul>\n\n\n\n<p>Nous exp\u00e9dions les commandes en stock d\u00e8s que possible. C'est souvent le jour m\u00eame de la commande ou le lendemain, mais il peut arriver que le d\u00e9lai soit plus long. Si votre article est en stock, votre commande devrait \u00eatre exp\u00e9di\u00e9e le jour ouvrable suivant. Toutes les estimations sont bas\u00e9es sur les jours ouvrables.<br><br>Si vous avez command\u00e9 plusieurs articles avec des destinations de livraison diff\u00e9rentes, il se peut que vous receviez des envois s\u00e9par\u00e9s. En cas de force majeure, le traitement des commandes sera retard\u00e9. N\u00e9anmoins, il est garanti que votre commande sera trait\u00e9e rapidement lorsque les conditions m\u00e9t\u00e9orologiques le permettront.<\/p>\n\n\n\n<h2 class=\"wp-block-heading\"><strong>Lieux d'exp\u00e9dition<\/strong><\/h2>\n\n\n\n<p>Si votre pays ou r\u00e9gion n'est pas dans cette zone de livraison, veuillez nous contacter.<\/p>\n\n\n\n<figure class=\"wp-block-table\"><table><tbody><tr><td>Asie<\/td><td>Isra\u00ebl, Japon, Cor\u00e9e du Sud, Ta\u00efwan, Qatar, \u00c9mirats arabes unis, Arabie saoudite,<\/td><\/tr><tr><td>L'Europe<\/td><td>Allemagne, Autriche, Belgique, Bulgarie, Chypre, Danemark, Espagne, France, Gr\u00e8ce, Irlande, Islande, Italie, Norv\u00e8ge, Pays-Bas, Pologne, Portugal, Royaume-Uni, Serbie, Slovaquie, Slov\u00e9nie, Su\u00e8de, Suisse, Turquie, Estonie, Finlande, Groenland, Lettonie, Luxembourg, Hongrie, Roumanie, Croatie, Lituanie.<\/td><\/tr><tr><td>Am\u00e9rique<\/td><td>Canada ; Mexique ; \u00c9tats-Unis (55 des 62 \u00c9tats) ; Br\u00e9sil ;<\/td><\/tr><tr><td>Oc\u00e9anie<\/td><td>Australie ; Nouvelle-Z\u00e9lande<\/td><\/tr><tr><td>Afrique<\/td><td>Afrique du Sud<\/td><\/tr><\/tbody><\/table><\/figure>\n\n\n\n<h2 class=\"wp-block-heading\"><strong>Suivi des commandes<\/strong><\/h2>\n\n\n\n<p>Une fois la commande pass\u00e9e, vous recevrez un accus\u00e9 de r\u00e9ception de la commande par courrier \u00e9lectronique afin de confirmer les d\u00e9tails de votre commande. Une fois votre article exp\u00e9di\u00e9, vous recevrez un courriel de confirmation d'exp\u00e9dition comprenant votre num\u00e9ro de commande, les informations relatives au transporteur, la date et l'heure auxquelles la commande a \u00e9t\u00e9 pass\u00e9e, l'\u00e9tat de la commande et les num\u00e9ros de suivi des colis pour les articles qui ont \u00e9t\u00e9 exp\u00e9di\u00e9s. Pour conna\u00eetre l'emplacement exact de votre envoi, veuillez suivre vos articles sur le site officiel du transporteur.<br><br>Suivi :&nbsp;<a href=\"https:\/\/www.17track.net\/en\">https:\/\/www.17track.net\/en<\/a><\/p>\n\n\n\n<h3 class=\"wp-block-heading\"><strong>Attention<\/strong><\/h3>\n\n\n\n<ul class=\"wp-block-list\">\n<li>Si aucun commentaire n'est laiss\u00e9 dans la commande concernant l'adresse et si nous ne recevons pas de notification de changement d'adresse, nous exp\u00e9dierons votre commande \u00e0 l'adresse de livraison que vous avez indiqu\u00e9e dans les informations relatives \u00e0 votre compte. Veuillez nous informer de tout changement d'adresse avant que votre commande ne soit marqu\u00e9e \"exp\u00e9di\u00e9e\" afin d'\u00e9viter toute perte de colis.<\/li>\n\n\n\n<li>Tous les articles sont inspect\u00e9s et soigneusement emball\u00e9s \u00e0 la main avant d'\u00eatre exp\u00e9di\u00e9s.<\/li>\n\n\n\n<li>Selon les pratiques habituelles des services de messagerie, vous devez v\u00e9rifier le contenu du colis avant de signer pour r\u00e9cup\u00e9rer vos marchandises. Si vous ne le faites pas, nous ne pouvons \u00eatre tenus responsables des dommages survenus pendant le transport.<\/li>\n\n\n\n<li>Nous prenons toutes les pr\u00e9cautions raisonnables pour nous assurer que les produits ne sont pas endommag\u00e9s. Si l'article est endommag\u00e9 pendant le transport, veuillez nous contacter imm\u00e9diatement \u00e0 l'adresse Service@uf-tools.com dans les 3 jours ouvrables suivant la r\u00e9ception de l'envoi. Notez les dommages visibles et soyez aussi pr\u00e9cis que possible, car cela nous aidera \u00e0 traiter votre r\u00e9clamation aupr\u00e8s du transporteur.<\/li>\n\n\n\n<li>Veuillez v\u00e9rifier que l'adresse de livraison de votre commande est correcte AVANT d'effectuer le paiement, car c'est \u00e0 cette adresse que nous exp\u00e9dierons les marchandises.<\/li>\n<\/ul>\n\n\n\n<p>Si vous avez des questions particuli\u00e8res concernant la commande, veuillez contacter le service client\u00e8le : Service@uf-tools.com<\/p>","protected":false},"excerpt":{"rendered":"<p>Shipping Costs&amp; Tax Free shipping on all items over $100 Tax is charged by Customs offices in destination country based on their rules and policies. customer is responsible to find out the situation in their country. Shipments from all of our warehouses are delivery duty unpaid. Therefore, If any, these charges must be paid by [&hellip;]<\/p>","protected":false},"author":1,"featured_media":0,"parent":0,"menu_order":0,"comment_status":"closed","ping_status":"closed","template":"","meta":{"footnotes":""},"class_list":["post-17111","page","type-page","status-publish","hentry"],"yoast_head":"<!-- This site is optimized with the Yoast SEO plugin v26.9 - https:\/\/yoast.com\/product\/yoast-seo-wordpress\/ -->\n<title>Shipping Policy - UF Tools Wholesale Suppliers<\/title>\n<meta name=\"robots\" content=\"index, follow, max-snippet:-1, max-image-preview:large, max-video-preview:-1\" \/>\n<link rel=\"canonical\" href=\"http:\/\/www.uf-tools.com\/fr\/politique_dexpedition\/\" \/>\n<meta property=\"og:locale\" content=\"fr_FR\" \/>\n<meta property=\"og:type\" content=\"article\" \/>\n<meta property=\"og:title\" content=\"Shipping Policy - UF Tools Wholesale Suppliers\" \/>\n<meta property=\"og:description\" content=\"Shipping Costs&amp; Tax Free shipping on all items over $100 Tax is charged by Customs offices in destination country based on their rules and policies. customer is responsible to find out the situation in their country. Shipments from all of our warehouses are delivery duty unpaid. Therefore, If any, these charges must be paid by [&hellip;]\" \/>\n<meta property=\"og:url\" content=\"http:\/\/www.uf-tools.com\/fr\/politique_dexpedition\/\" \/>\n<meta property=\"og:site_name\" content=\"UF Tools Wholesale Suppliers\" \/>\n<meta property=\"article:publisher\" content=\"https:\/\/www.facebook.com\/UFTOOLS\/?show_switched_toast=0&amp;show_invite_to_follow=0&amp;show_switched_tooltip=0&amp;show_podcast_settings=0&amp;show_community_review_changes=0&amp;show_community_rollback=0&amp;show_follower_visibility_disclosure=0\" \/>\n<meta property=\"article:modified_time\" content=\"2023-10-06T02:28:11+00:00\" \/>\n<meta property=\"og:image\" content=\"https:\/\/www.uf-tools.com\/wp-content\/uploads\/2023\/07\/contact-img1.jpg\" \/>\n\t<meta property=\"og:image:width\" content=\"960\" \/>\n\t<meta property=\"og:image:height\" content=\"732\" \/>\n\t<meta property=\"og:image:type\" content=\"image\/jpeg\" \/>\n<meta name=\"twitter:card\" content=\"summary_large_image\" \/>\n<meta name=\"twitter:site\" content=\"@uftools\" \/>\n<meta name=\"twitter:label1\" content=\"Dur\u00e9e de lecture estim\u00e9e\" \/>\n\t<meta name=\"twitter:data1\" content=\"3 minutes\" \/>\n<script type=\"application\/ld+json\" class=\"yoast-schema-graph\">{\"@context\":\"https:\/\/schema.org\",\"@graph\":[{\"@type\":\"WebPage\",\"@id\":\"http:\/\/www.uf-tools.com\/shipping_policy\/\",\"url\":\"http:\/\/www.uf-tools.com\/shipping_policy\/\",\"name\":\"Shipping Policy - UF Tools Wholesale Suppliers\",\"isPartOf\":{\"@id\":\"http:\/\/www.uf-tools.com\/ja\/#website\"},\"datePublished\":\"2023-10-06T02:26:42+00:00\",\"dateModified\":\"2023-10-06T02:28:11+00:00\",\"breadcrumb\":{\"@id\":\"http:\/\/www.uf-tools.com\/shipping_policy\/#breadcrumb\"},\"inLanguage\":\"fr-FR\",\"potentialAction\":[{\"@type\":\"ReadAction\",\"target\":[\"http:\/\/www.uf-tools.com\/shipping_policy\/\"]}]},{\"@type\":\"BreadcrumbList\",\"@id\":\"http:\/\/www.uf-tools.com\/shipping_policy\/#breadcrumb\",\"itemListElement\":[{\"@type\":\"ListItem\",\"position\":1,\"name\":\"Home\",\"item\":\"http:\/\/www.uf-tools.com\/ja\/\"},{\"@type\":\"ListItem\",\"position\":2,\"name\":\"Shipping Policy\"}]},{\"@type\":\"WebSite\",\"@id\":\"http:\/\/www.uf-tools.com\/ja\/#website\",\"url\":\"http:\/\/www.uf-tools.com\/ja\/\",\"name\":\"Manufacturer of precision digital repair tools\",\"description\":\"UF TOOLS\",\"publisher\":{\"@id\":\"http:\/\/www.uf-tools.com\/ja\/#organization\"},\"potentialAction\":[{\"@type\":\"SearchAction\",\"target\":{\"@type\":\"EntryPoint\",\"urlTemplate\":\"http:\/\/www.uf-tools.com\/ja\/?s={search_term_string}\"},\"query-input\":{\"@type\":\"PropertyValueSpecification\",\"valueRequired\":true,\"valueName\":\"search_term_string\"}}],\"inLanguage\":\"fr-FR\"},{\"@type\":\"Organization\",\"@id\":\"http:\/\/www.uf-tools.com\/ja\/#organization\",\"name\":\"UF Tools Wholesale Suppliers\",\"url\":\"http:\/\/www.uf-tools.com\/ja\/\",\"logo\":{\"@type\":\"ImageObject\",\"inLanguage\":\"fr-FR\",\"@id\":\"http:\/\/www.uf-tools.com\/ja\/#\/schema\/logo\/image\/\",\"url\":\"https:\/\/www.uf-tools.com\/wp-content\/uploads\/2023\/07\/logo-blue.svg\",\"contentUrl\":\"https:\/\/www.uf-tools.com\/wp-content\/uploads\/2023\/07\/logo-blue.svg\",\"width\":242,\"height\":56,\"caption\":\"UF Tools Wholesale Suppliers\"},\"image\":{\"@id\":\"http:\/\/www.uf-tools.com\/ja\/#\/schema\/logo\/image\/\"},\"sameAs\":[\"https:\/\/www.facebook.com\/UFTOOLS\/?show_switched_toast=0&show_invite_to_follow=0&show_switched_tooltip=0&show_podcast_settings=0&show_community_review_changes=0&show_community_rollback=0&show_follower_visibility_disclosure=0\",\"https:\/\/x.com\/uftools\",\"https:\/\/www.instagram.com\/youfutools\/\",\"https:\/\/www.pinterest.com\/uftools\/\",\"https:\/\/www.youtube.com\/@uf-tools\"]}]}<\/script>\n<!-- \/ Yoast SEO plugin. -->","yoast_head_json":{"title":"Shipping Policy - UF Tools Wholesale Suppliers","robots":{"index":"index","follow":"follow","max-snippet":"max-snippet:-1","max-image-preview":"max-image-preview:large","max-video-preview":"max-video-preview:-1"},"canonical":"http:\/\/www.uf-tools.com\/fr\/politique_dexpedition\/","og_locale":"fr_FR","og_type":"article","og_title":"Shipping Policy - UF Tools Wholesale Suppliers","og_description":"Shipping Costs&amp; Tax Free shipping on all items over $100 Tax is charged by Customs offices in destination country based on their rules and policies. customer is responsible to find out the situation in their country. Shipments from all of our warehouses are delivery duty unpaid. Therefore, If any, these charges must be paid by [&hellip;]","og_url":"http:\/\/www.uf-tools.com\/fr\/politique_dexpedition\/","og_site_name":"UF Tools Wholesale Suppliers","article_publisher":"https:\/\/www.facebook.com\/UFTOOLS\/?show_switched_toast=0&show_invite_to_follow=0&show_switched_tooltip=0&show_podcast_settings=0&show_community_review_changes=0&show_community_rollback=0&show_follower_visibility_disclosure=0","article_modified_time":"2023-10-06T02:28:11+00:00","og_image":[{"width":960,"height":732,"url":"https:\/\/www.uf-tools.com\/wp-content\/uploads\/2023\/07\/contact-img1.jpg","type":"image\/jpeg"}],"twitter_card":"summary_large_image","twitter_site":"@uftools","twitter_misc":{"Dur\u00e9e de lecture estim\u00e9e":"3 minutes"},"schema":{"@context":"https:\/\/schema.org","@graph":[{"@type":"WebPage","@id":"http:\/\/www.uf-tools.com\/shipping_policy\/","url":"http:\/\/www.uf-tools.com\/shipping_policy\/","name":"Shipping Policy - UF Tools Wholesale Suppliers","isPartOf":{"@id":"http:\/\/www.uf-tools.com\/ja\/#website"},"datePublished":"2023-10-06T02:26:42+00:00","dateModified":"2023-10-06T02:28:11+00:00","breadcrumb":{"@id":"http:\/\/www.uf-tools.com\/shipping_policy\/#breadcrumb"},"inLanguage":"fr-FR","potentialAction":[{"@type":"ReadAction","target":["http:\/\/www.uf-tools.com\/shipping_policy\/"]}]},{"@type":"BreadcrumbList","@id":"http:\/\/www.uf-tools.com\/shipping_policy\/#breadcrumb","itemListElement":[{"@type":"ListItem","position":1,"name":"Home","item":"http:\/\/www.uf-tools.com\/ja\/"},{"@type":"ListItem","position":2,"name":"Shipping Policy"}]},{"@type":"WebSite","@id":"http:\/\/www.uf-tools.com\/ja\/#website","url":"http:\/\/www.uf-tools.com\/ja\/","name":"Manufacturer of precision digital repair tools","description":"UF TOOLS","publisher":{"@id":"http:\/\/www.uf-tools.com\/ja\/#organization"},"potentialAction":[{"@type":"SearchAction","target":{"@type":"EntryPoint","urlTemplate":"http:\/\/www.uf-tools.com\/ja\/?s={search_term_string}"},"query-input":{"@type":"PropertyValueSpecification","valueRequired":true,"valueName":"search_term_string"}}],"inLanguage":"fr-FR"},{"@type":"Organization","@id":"http:\/\/www.uf-tools.com\/ja\/#organization","name":"UF Tools Wholesale Suppliers","url":"http:\/\/www.uf-tools.com\/ja\/","logo":{"@type":"ImageObject","inLanguage":"fr-FR","@id":"http:\/\/www.uf-tools.com\/ja\/#\/schema\/logo\/image\/","url":"https:\/\/www.uf-tools.com\/wp-content\/uploads\/2023\/07\/logo-blue.svg","contentUrl":"https:\/\/www.uf-tools.com\/wp-content\/uploads\/2023\/07\/logo-blue.svg","width":242,"height":56,"caption":"UF Tools Wholesale Suppliers"},"image":{"@id":"http:\/\/www.uf-tools.com\/ja\/#\/schema\/logo\/image\/"},"sameAs":["https:\/\/www.facebook.com\/UFTOOLS\/?show_switched_toast=0&show_invite_to_follow=0&show_switched_tooltip=0&show_podcast_settings=0&show_community_review_changes=0&show_community_rollback=0&show_follower_visibility_disclosure=0","https:\/\/x.com\/uftools","https:\/\/www.instagram.com\/youfutools\/","https:\/\/www.pinterest.com\/uftools\/","https:\/\/www.youtube.com\/@uf-tools"]}]}},"_links":{"self":[{"href":"https:\/\/www.uf-tools.com\/fr\/wp-json\/wp\/v2\/pages\/17111","targetHints":{"allow":["GET"]}}],"collection":[{"href":"https:\/\/www.uf-tools.com\/fr\/wp-json\/wp\/v2\/pages"}],"about":[{"href":"https:\/\/www.uf-tools.com\/fr\/wp-json\/wp\/v2\/types\/page"}],"author":[{"embeddable":true,"href":"https:\/\/www.uf-tools.com\/fr\/wp-json\/wp\/v2\/users\/1"}],"replies":[{"embeddable":true,"href":"https:\/\/www.uf-tools.com\/fr\/wp-json\/wp\/v2\/comments?post=17111"}],"version-history":[{"count":0,"href":"https:\/\/www.uf-tools.com\/fr\/wp-json\/wp\/v2\/pages\/17111\/revisions"}],"wp:attachment":[{"href":"https:\/\/www.uf-tools.com\/fr\/wp-json\/wp\/v2\/media?parent=17111"}],"curies":[{"name":"wp","href":"https:\/\/api.w.org\/{rel}","templated":true}]}}