{"id":18278,"date":"2024-05-23T07:23:15","date_gmt":"2024-05-23T07:23:15","guid":{"rendered":"https:\/\/www.uf-tools.com\/?post_type=product&#038;p=18278"},"modified":"2025-02-21T09:22:37","modified_gmt":"2025-02-21T09:22:37","slug":"33-in-1-high-quality-household-diy-repair-tool-kit-screwdriver-set-bicycle-maintenance-tools-s2-steel","status":"publish","type":"product","link":"https:\/\/www.uf-tools.com\/es\/33-en-1-kit-de-herramientas-de-reparacion-de-alta-calidad-para-el-hogar-juego-de-destornilladores-herramientas-de-mantenimiento-de-bicicletas-s2-acero\/","title":{"rendered":"33 en 1 Kit de herramientas de reparaci\u00f3n de alta calidad para el hogar Juego de destornilladores Herramientas de mantenimiento de bicicletas Acero S2"},"content":{"rendered":"<div style=\"text-align: center;\">\n<iframe loading=\"lazy\" width=\"100%\" height=\"700\" src=\"https:\/\/www.youtube.com\/embed\/_hQkmHxqnn0?si=ZQT_cpG83InLYB-t\" title=\"Reproductor de v\u00eddeo YouTube\" frameborder=\"0\" allow=\"accelerometer; autoplay; clipboard-write; encrypted-media; gyroscope; picture-in-picture; web-share\" referrerpolicy=\"strict-origin-when-cross-origin\" allowfullscreen><\/iframe>\n<\/div>\n<p><img decoding=\"async\" class=\"aligncenter\" alt=\"33 en 1 Juego de destornilladores hexagonales multifunci\u00f3n puntas niqueladas S2 Con funci\u00f3n de bol\u00edgrafo detector de electricidad I Destornillador de carraca I La carcasa se puede personalizar\" title=\"33 en 1 Juego de destornilladores hexagonales multifunci\u00f3n puntas niqueladas S2 Con funci\u00f3n de bol\u00edgrafo detector de electricidad I Destornillador de carraca I La carcasa se puede personalizar\" src=\"https:\/\/www.youfutools.com\/static\/upload\/image\/20240125\/1706164652186234.jpg\" \/><\/p>\n<p style=\"text-align: center;\"><img decoding=\"async\" class=\"aligncenter\" alt=\"Juego de destornilladores multifunci\u00f3n S2 Puntas niqueladas Ventajas Detector de electricidad Funci\u00f3n bol\u00edgrafo Ventajas Mango de carraca O00 Ventajas Detalles m\u00e1s delicados Ventajas\" title=\"Juego de destornilladores multifunci\u00f3n S2 Puntas niqueladas Ventajas Detector de electricidad Funci\u00f3n bol\u00edgrafo Ventajas Mango de carraca O00 Ventajas Detalles m\u00e1s delicados Ventajas\" src=\"https:\/\/www.youfutools.com\/static\/upload\/image\/20240125\/1706164653144517.jpg\" \/><\/p>\n<p style=\"text-align: center;\"><img decoding=\"async\" class=\"aligncenter\" alt=\"Mango ergon\u00f3mico Uso prolongado sin fatiga Combina las funciones de destornillador y bol\u00edgrafo el\u00e9ctrico en una sola, dise\u00f1o de carraca. ajuste positivo y negativo. Seffing con un solo clic,Mango envuelto en goma suave. Antideslizante y c\u00f3modo, es m\u00e1s conveniente de usar Con dos tipos de varillas aisladas, tambi\u00e9n tiene la funci\u00f3n de bol\u00edgrafo detector de electricidad, y el mantenimiento seguro es m\u00e1s importante. Evita varios riesgos de seguridad en el mantenimiento de circuitos Gire a la izquierda para apretar Centro, izquierda y derecha se puede girar Gire a la derecha para liberar 2 Presione hacia abajo para hacer saltar el mecanismo de trinquete y reemplazar la palanca de lote aislado. CR-V\" title=\"Mango ergon\u00f3mico Uso prolongado sin fatiga Combina las funciones de destornillador y bol\u00edgrafo el\u00e9ctrico en una sola, dise\u00f1o de carraca. ajuste positivo y negativo. Seffing con un solo clic,Mango envuelto en goma suave. Antideslizante y c\u00f3modo, es m\u00e1s conveniente de usar Con dos tipos de varillas aisladas, tambi\u00e9n tiene la funci\u00f3n de bol\u00edgrafo detector de electricidad, y el mantenimiento seguro es m\u00e1s importante. Evita varios riesgos de seguridad en el mantenimiento de circuitos Gire a la izquierda para apretar Centro, izquierda y derecha se puede girar Gire a la derecha para liberar 2 Presione hacia abajo para hacer saltar el mecanismo de trinquete y reemplazar la palanca de lote aislado. CR-V\" src=\"https:\/\/www.youfutools.com\/static\/upload\/image\/20240125\/1706164653198071.jpg\" \/><\/p>\n<p style=\"text-align: center;\"><img decoding=\"async\" class=\"aligncenter\" alt=\"Varilla del destornillador Phillips Varilla del destornillador de ranura 3 Bol\u00edgrafo el\u00e9ctrico Luz de la pantalla de prueba Tensi\u00f3n medible 200V-500V La luz se enciende cuando hay corriente, y no hay respuesta cuando no hay corriente. TPR PP\" title=\"Varilla del destornillador Phillips Varilla del destornillador de ranura 3 Bol\u00edgrafo el\u00e9ctrico Luz de la pantalla de prueba Tensi\u00f3n medible 200V-500V La luz se enciende cuando hay corriente, y no hay respuesta cuando no hay corriente. TPR PP\" src=\"https:\/\/www.youfutools.com\/static\/upload\/image\/20240125\/1706164653127636.jpg\" \/><\/p>\n<p style=\"text-align: center;\"><img decoding=\"async\" class=\"aligncenter\" alt=\"S2 Puntas niqueladas Todas las cabezas de destornillador de uso com\u00fan est\u00e1n disponibles aqu\u00ed 16 piezas de cabezas de destornillador de uso com\u00fan, tanto largas como cortas, est\u00e1n disponibles aqu\u00ed, y tambi\u00e9n se pueden insertar peque\u00f1os huecos en el mantenimiento Varilla de extensi\u00f3n extendida 62mm Cabeza de barra larga H1\/4X68mm ( PHO. PH1, PH2, U4 ) 4pcs 02 H2 Cabeza de barra corta H1\/4X28mm 12pcs ( 8\u041d. T15H. T20H. PH2, PH3. SL4.0. SL6.0. H2. H4. H6. Y2, SQ2 )\" title=\"S2 Puntas niqueladas Todas las cabezas de destornillador de uso com\u00fan est\u00e1n disponibles aqu\u00ed 16 piezas de cabezas de destornillador de uso com\u00fan, tanto largas como cortas, est\u00e1n disponibles aqu\u00ed, y tambi\u00e9n se pueden insertar peque\u00f1os huecos en el mantenimiento Varilla de extensi\u00f3n extendida 62mm Cabeza de barra larga H1\/4X68mm ( PHO. PH1, PH2, U4 ) 4pcs 02 H2 Cabeza de barra corta H1\/4X28mm 12pcs ( 8\u041d. T15H. T20H. PH2, PH3. SL4.0. SL6.0. H2. H4. H6. Y2, SQ2 )\" src=\"https:\/\/www.youfutools.com\/static\/upload\/image\/20240125\/1706164654636286.jpg\" \/><\/p>\n<p style=\"text-align: center;\"><img decoding=\"async\" class=\"aligncenter\" alt=\"Con 10 manguitos de galvanoplastia, puede satisfacer diversas necesidades del hogar. Utiliza acero est\u00e1ndar 40CR, la superficie est\u00e1 galvanizada con n\u00edquel perlado, tratamiento antioxidante, fuerte, resistente al desgaste y duradero, adecuado para reparar grandes electrodom\u00e9sticos, muebles, bicicletas, etc. H1\/4AD Especificaci\u00f3n Longitud: 20mm Tipo de manguito: 4mm. 5mm. 6mm. 7mm. 8mm, 9mm. 10 mm. 11 mm. 12 mm. 13mm\" title=\"Con 10 manguitos de galvanoplastia, puede satisfacer diversas necesidades del hogar. Utiliza acero est\u00e1ndar 40CR, la superficie est\u00e1 galvanizada con n\u00edquel perlado, tratamiento antioxidante, fuerte, resistente al desgaste y duradero, adecuado para reparar grandes electrodom\u00e9sticos, muebles, bicicletas, etc. H1\/4AD Especificaci\u00f3n Longitud: 20mm Tipo de manguito: 4mm. 5mm. 6mm. 7mm. 8mm, 9mm. 10 mm. 11 mm. 12 mm. 13mm\" src=\"https:\/\/www.youfutools.com\/static\/upload\/image\/20240125\/1706164655119333.jpg\" \/><\/p>\n<p style=\"text-align: center;\"><img decoding=\"async\" class=\"aligncenter\" alt=\"Llave de carraca multifuncional F\u00e1cil de montar y desmontar con este destornillador de carraca El mango se puede conectar directamente a la broca, y el manguito tambi\u00e9n se puede conectar a trav\u00e9s del adaptador. Varias funciones, ajuste de carraca. alto par de apriete, ahorra tiempo y esfuerzo, adecuado para largas horas de trabajo. Aleaci\u00f3n de acero Uso directo de la cabeza del lote A trav\u00e9s del adaptador, usando el manguito\" title=\"Llave de carraca multifuncional F\u00e1cil de montar y desmontar con este destornillador de carraca El mango se puede conectar directamente a la broca, y el manguito tambi\u00e9n se puede conectar a trav\u00e9s del adaptador. Varias funciones, ajuste de carraca. alto par de apriete, ahorra tiempo y esfuerzo, adecuado para largas horas de trabajo. Aleaci\u00f3n de acero Uso directo de la cabeza del lote A trav\u00e9s del adaptador, usando el manguito\" src=\"https:\/\/www.youfutools.com\/static\/upload\/image\/20240125\/1706164656131344.jpg\" \/><\/p>\n<p style=\"text-align: center;\"><img decoding=\"async\" class=\"aligncenter\" alt=\"Ingenio Detalles stand scrutiny Ingenioso dise\u00f1o 31600 PH2 Alinee el orificio hexagonal de la parte superior del mango con el punto convexo de la ranura y, a continuaci\u00f3n, presione en la ranura para asegurarse de que el mango queda firmemente encajado en la ranura. Ranuras positivas y negativas El magnetismo se puede sumar o restar \"\u00dc+\" means to add magnetism, \"\u00dc-\" demagnetize, ensure that the bit is always full of magnetism. rod replacement insert it in direction track arrow batch firmly stuck.\" title =\"Ingenio Detalles stand scrutiny Ingenioso dise\u00f1o 31600 PH2 Alinee el orificio hexagonal de la parte superior del mango con el punto convexo de la ranura y, a continuaci\u00f3n, presione en la ranura para asegurarse de que el mango queda firmemente encajado en la ranura. Ranuras positivas y negativas El magnetismo se puede sumar o restar \" src =\"https:\/\/www.youfutools.com\/static\/upload\/image\/20240125\/1706164657565360.jpg\" \/><\/p>\n<p style=\"text-align: center;\"><img decoding=\"async\" class=\"aligncenter\" alt=\"Diversas aplicaciones de escena Satisfacer diversas necesidades de mantenimiento Reparar electrodom\u00e9sticos Reparar circuitos\" title=\"Diversas aplicaciones de escena Satisfacer diversas necesidades de mantenimiento Reparar electrodom\u00e9sticos Reparar circuitos\" src=\"https:\/\/www.youfutools.com\/static\/upload\/image\/20240125\/1706164657129475.jpg\" \/><\/p>\n<p style=\"text-align: center;\"><img decoding=\"async\" class=\"aligncenter\" alt=\"Desmontaje\/instalaci\u00f3n de ordenador de sobremesa Montaje de muebles Reparaci\u00f3n de cerraduras\" title=\"Desmontaje\/instalaci\u00f3n de ordenador de sobremesa Montaje de muebles Reparaci\u00f3n de cerraduras\" src=\"https:\/\/www.youfutools.com\/static\/upload\/image\/20240125\/1706164658160320.jpg\" \/><\/p>\n<p style=\"text-align: center;\"><img decoding=\"async\" class=\"aligncenter\" alt=\"PAR\u00c1METROS DEL PRODUCTO 180mm 253.5mm 35mm 155mm 18mm 138mm\" title=\"PAR\u00c1METROS DEL PRODUCTO 180mm 253.5mm 35mm 155mm 18mm 138mm\" src=\"https:\/\/www.youfutools.com\/static\/upload\/image\/20240125\/1706164658708836.jpg\" \/><\/p>\n<p><img decoding=\"async\" class=\"aligncenter\" alt=\"Nombre: Juego de destornilladores multifuncionales hexagonales Modelo: KS-840121 Voltaje medible: 200V-500V Cantidad: 33 en 1 Peso: 738g Material: S2. CR-V. ABS. PP. TPR. 40CR. Acero aleado Tipo de cabeza de lote: PHO. PH1. PH2. U4. T8H. T15H. T20H. PH2. PH3. SL4.0. SL6.0. H2. H4. H6. Y2. SQ2\" title=\"Nombre: Juego de destornilladores multifuncionales hexagonales Modelo: KS-840121 Voltaje medible: 200V-500V Cantidad: 33 en 1 Peso: 738g Material: S2. CR-V. ABS. PP. TPR. 40CR. Acero aleado Tipo de cabeza de lote: PHO. PH1. PH2. U4. T8H. T15H. T20H. PH2. PH3. SL4.0. SL6.0. H2. H4. H6. Y2. SQ2\" src=\"https:\/\/www.youfutools.com\/static\/upload\/image\/20240125\/1706164658181956.jpg\" \/><\/p>","protected":false},"excerpt":{"rendered":"","protected":false},"featured_media":18280,"comment_status":"open","ping_status":"closed","template":"","meta":[],"product_cat":[84],"product_tag":[112,98,111],"class_list":{"0":"post-18278","1":"product","2":"type-product","3":"status-publish","4":"has-post-thumbnail","6":"product_cat-precise-screwdriver-set","7":"product_tag-diy-repair-tool","8":"product_tag-screwdriver-set","9":"product_tag-tool-kit","10":"product_brand-uf-tools","12":"first","13":"outofstock","14":"sale","15":"taxable","16":"shipping-taxable","17":"purchasable","18":"product-type-simple"},"yoast_head":"<!-- This site is optimized with the Yoast SEO plugin v26.9 - https:\/\/yoast.com\/product\/yoast-seo-wordpress\/ -->\n<title>33 In 1 High Quality Household DIY Repair Tool Kit Screwdriver Set Bicycle Maintenance Tools S2 Steel<\/title>\n<meta name=\"robots\" content=\"index, follow, max-snippet:-1, max-image-preview:large, max-video-preview:-1\" \/>\n<link rel=\"canonical\" href=\"http:\/\/www.uf-tools.com\/es\/33-en-1-kit-de-herramientas-de-reparacion-de-alta-calidad-para-el-hogar-juego-de-destornilladores-herramientas-de-mantenimiento-de-bicicletas-s2-acero\/\" \/>\n<meta property=\"og:locale\" content=\"es_ES\" \/>\n<meta property=\"og:type\" content=\"article\" \/>\n<meta property=\"og:title\" content=\"33 In 1 High Quality Household DIY Repair Tool Kit Screwdriver Set Bicycle Maintenance Tools S2 Steel\" \/>\n<meta property=\"og:url\" content=\"http:\/\/www.uf-tools.com\/es\/33-en-1-kit-de-herramientas-de-reparacion-de-alta-calidad-para-el-hogar-juego-de-destornilladores-herramientas-de-mantenimiento-de-bicicletas-s2-acero\/\" \/>\n<meta property=\"og:site_name\" content=\"UF Tools Wholesale Suppliers\" \/>\n<meta property=\"article:publisher\" content=\"https:\/\/www.facebook.com\/UFTOOLS\/?show_switched_toast=0&amp;show_invite_to_follow=0&amp;show_switched_tooltip=0&amp;show_podcast_settings=0&amp;show_community_review_changes=0&amp;show_community_rollback=0&amp;show_follower_visibility_disclosure=0\" \/>\n<meta property=\"article:modified_time\" content=\"2025-02-21T09:22:37+00:00\" \/>\n<meta property=\"og:image\" content=\"http:\/\/www.uf-tools.com\/wp-content\/uploads\/2024\/05\/33-in-1-Multifunctional-Rlectrician-Rssential-Screwdriver-Set-Manufacturer-1.jpg\" \/>\n\t<meta property=\"og:image:width\" content=\"1000\" \/>\n\t<meta property=\"og:image:height\" content=\"1000\" \/>\n\t<meta property=\"og:image:type\" content=\"image\/jpeg\" \/>\n<meta name=\"twitter:card\" content=\"summary_large_image\" \/>\n<meta name=\"twitter:site\" content=\"@uftools\" \/>\n<meta name=\"twitter:label1\" content=\"Tiempo de lectura\" \/>\n\t<meta name=\"twitter:data1\" content=\"3 minutos\" \/>\n<script type=\"application\/ld+json\" class=\"yoast-schema-graph\">{\"@context\":\"https:\/\/schema.org\",\"@graph\":[{\"@type\":\"WebPage\",\"@id\":\"http:\/\/www.uf-tools.com\/ar\/33-in-1-high-quality-household-diy-repair-tool-kit-screwdriver-set-bicycle-maintenance-tools-s2-steel\/\",\"url\":\"http:\/\/www.uf-tools.com\/ar\/33-in-1-high-quality-household-diy-repair-tool-kit-screwdriver-set-bicycle-maintenance-tools-s2-steel\/\",\"name\":\"33 In 1 High Quality Household DIY Repair Tool Kit Screwdriver Set Bicycle Maintenance Tools S2 Steel\",\"isPartOf\":{\"@id\":\"http:\/\/www.uf-tools.com\/ja\/#website\"},\"primaryImageOfPage\":{\"@id\":\"http:\/\/www.uf-tools.com\/ar\/33-in-1-high-quality-household-diy-repair-tool-kit-screwdriver-set-bicycle-maintenance-tools-s2-steel\/#primaryimage\"},\"image\":{\"@id\":\"http:\/\/www.uf-tools.com\/ar\/33-in-1-high-quality-household-diy-repair-tool-kit-screwdriver-set-bicycle-maintenance-tools-s2-steel\/#primaryimage\"},\"thumbnailUrl\":\"https:\/\/www.uf-tools.com\/wp-content\/uploads\/2024\/05\/33-in-1-Multifunctional-Rlectrician-Rssential-Screwdriver-Set-Manufacturer-1.jpg\",\"datePublished\":\"2024-05-23T07:23:15+00:00\",\"dateModified\":\"2025-02-21T09:22:37+00:00\",\"breadcrumb\":{\"@id\":\"http:\/\/www.uf-tools.com\/ar\/33-in-1-high-quality-household-diy-repair-tool-kit-screwdriver-set-bicycle-maintenance-tools-s2-steel\/#breadcrumb\"},\"inLanguage\":\"es\",\"potentialAction\":[{\"@type\":\"ReadAction\",\"target\":[\"http:\/\/www.uf-tools.com\/ar\/33-in-1-high-quality-household-diy-repair-tool-kit-screwdriver-set-bicycle-maintenance-tools-s2-steel\/\"]}]},{\"@type\":\"ImageObject\",\"inLanguage\":\"es\",\"@id\":\"http:\/\/www.uf-tools.com\/ar\/33-in-1-high-quality-household-diy-repair-tool-kit-screwdriver-set-bicycle-maintenance-tools-s2-steel\/#primaryimage\",\"url\":\"https:\/\/www.uf-tools.com\/wp-content\/uploads\/2024\/05\/33-in-1-Multifunctional-Rlectrician-Rssential-Screwdriver-Set-Manufacturer-1.jpg\",\"contentUrl\":\"https:\/\/www.uf-tools.com\/wp-content\/uploads\/2024\/05\/33-in-1-Multifunctional-Rlectrician-Rssential-Screwdriver-Set-Manufacturer-1.jpg\",\"width\":1000,\"height\":1000},{\"@type\":\"BreadcrumbList\",\"@id\":\"http:\/\/www.uf-tools.com\/ar\/33-in-1-high-quality-household-diy-repair-tool-kit-screwdriver-set-bicycle-maintenance-tools-s2-steel\/#breadcrumb\",\"itemListElement\":[{\"@type\":\"ListItem\",\"position\":1,\"name\":\"Home\",\"item\":\"http:\/\/www.uf-tools.com\/ja\/\"},{\"@type\":\"ListItem\",\"position\":2,\"name\":\"Shop\",\"item\":\"http:\/\/www.uf-tools.com\/ja\/shop\/\"},{\"@type\":\"ListItem\",\"position\":3,\"name\":\"33 In 1 High Quality Household DIY Repair Tool Kit Screwdriver Set Bicycle Maintenance Tools S2 Steel\"}]},{\"@type\":\"WebSite\",\"@id\":\"http:\/\/www.uf-tools.com\/ja\/#website\",\"url\":\"http:\/\/www.uf-tools.com\/ja\/\",\"name\":\"Manufacturer of precision digital repair tools\",\"description\":\"UF TOOLS\",\"publisher\":{\"@id\":\"http:\/\/www.uf-tools.com\/ja\/#organization\"},\"potentialAction\":[{\"@type\":\"SearchAction\",\"target\":{\"@type\":\"EntryPoint\",\"urlTemplate\":\"http:\/\/www.uf-tools.com\/ja\/?s={search_term_string}\"},\"query-input\":{\"@type\":\"PropertyValueSpecification\",\"valueRequired\":true,\"valueName\":\"search_term_string\"}}],\"inLanguage\":\"es\"},{\"@type\":\"Organization\",\"@id\":\"http:\/\/www.uf-tools.com\/ja\/#organization\",\"name\":\"UF Tools Wholesale Suppliers\",\"url\":\"http:\/\/www.uf-tools.com\/ja\/\",\"logo\":{\"@type\":\"ImageObject\",\"inLanguage\":\"es\",\"@id\":\"http:\/\/www.uf-tools.com\/ja\/#\/schema\/logo\/image\/\",\"url\":\"https:\/\/www.uf-tools.com\/wp-content\/uploads\/2023\/07\/logo-blue.svg\",\"contentUrl\":\"https:\/\/www.uf-tools.com\/wp-content\/uploads\/2023\/07\/logo-blue.svg\",\"width\":242,\"height\":56,\"caption\":\"UF Tools Wholesale Suppliers\"},\"image\":{\"@id\":\"http:\/\/www.uf-tools.com\/ja\/#\/schema\/logo\/image\/\"},\"sameAs\":[\"https:\/\/www.facebook.com\/UFTOOLS\/?show_switched_toast=0&show_invite_to_follow=0&show_switched_tooltip=0&show_podcast_settings=0&show_community_review_changes=0&show_community_rollback=0&show_follower_visibility_disclosure=0\",\"https:\/\/x.com\/uftools\",\"https:\/\/www.instagram.com\/youfutools\/\",\"https:\/\/www.pinterest.com\/uftools\/\",\"https:\/\/www.youtube.com\/@uf-tools\"]}]}<\/script>\n<!-- \/ Yoast SEO plugin. -->","yoast_head_json":{"title":"33 In 1 High Quality Household DIY Repair Tool Kit Screwdriver Set Bicycle Maintenance Tools S2 Steel","robots":{"index":"index","follow":"follow","max-snippet":"max-snippet:-1","max-image-preview":"max-image-preview:large","max-video-preview":"max-video-preview:-1"},"canonical":"http:\/\/www.uf-tools.com\/es\/33-en-1-kit-de-herramientas-de-reparacion-de-alta-calidad-para-el-hogar-juego-de-destornilladores-herramientas-de-mantenimiento-de-bicicletas-s2-acero\/","og_locale":"es_ES","og_type":"article","og_title":"33 In 1 High Quality Household DIY Repair Tool Kit Screwdriver Set Bicycle Maintenance Tools S2 Steel","og_url":"http:\/\/www.uf-tools.com\/es\/33-en-1-kit-de-herramientas-de-reparacion-de-alta-calidad-para-el-hogar-juego-de-destornilladores-herramientas-de-mantenimiento-de-bicicletas-s2-acero\/","og_site_name":"UF Tools Wholesale Suppliers","article_publisher":"https:\/\/www.facebook.com\/UFTOOLS\/?show_switched_toast=0&show_invite_to_follow=0&show_switched_tooltip=0&show_podcast_settings=0&show_community_review_changes=0&show_community_rollback=0&show_follower_visibility_disclosure=0","article_modified_time":"2025-02-21T09:22:37+00:00","og_image":[{"width":1000,"height":1000,"url":"http:\/\/www.uf-tools.com\/wp-content\/uploads\/2024\/05\/33-in-1-Multifunctional-Rlectrician-Rssential-Screwdriver-Set-Manufacturer-1.jpg","type":"image\/jpeg"}],"twitter_card":"summary_large_image","twitter_site":"@uftools","twitter_misc":{"Tiempo de lectura":"3 minutos"},"schema":{"@context":"https:\/\/schema.org","@graph":[{"@type":"WebPage","@id":"http:\/\/www.uf-tools.com\/ar\/33-in-1-high-quality-household-diy-repair-tool-kit-screwdriver-set-bicycle-maintenance-tools-s2-steel\/","url":"http:\/\/www.uf-tools.com\/ar\/33-in-1-high-quality-household-diy-repair-tool-kit-screwdriver-set-bicycle-maintenance-tools-s2-steel\/","name":"33 In 1 High Quality Household DIY Repair Tool Kit Screwdriver Set Bicycle Maintenance Tools S2 Steel","isPartOf":{"@id":"http:\/\/www.uf-tools.com\/ja\/#website"},"primaryImageOfPage":{"@id":"http:\/\/www.uf-tools.com\/ar\/33-in-1-high-quality-household-diy-repair-tool-kit-screwdriver-set-bicycle-maintenance-tools-s2-steel\/#primaryimage"},"image":{"@id":"http:\/\/www.uf-tools.com\/ar\/33-in-1-high-quality-household-diy-repair-tool-kit-screwdriver-set-bicycle-maintenance-tools-s2-steel\/#primaryimage"},"thumbnailUrl":"https:\/\/www.uf-tools.com\/wp-content\/uploads\/2024\/05\/33-in-1-Multifunctional-Rlectrician-Rssential-Screwdriver-Set-Manufacturer-1.jpg","datePublished":"2024-05-23T07:23:15+00:00","dateModified":"2025-02-21T09:22:37+00:00","breadcrumb":{"@id":"http:\/\/www.uf-tools.com\/ar\/33-in-1-high-quality-household-diy-repair-tool-kit-screwdriver-set-bicycle-maintenance-tools-s2-steel\/#breadcrumb"},"inLanguage":"es","potentialAction":[{"@type":"ReadAction","target":["http:\/\/www.uf-tools.com\/ar\/33-in-1-high-quality-household-diy-repair-tool-kit-screwdriver-set-bicycle-maintenance-tools-s2-steel\/"]}]},{"@type":"ImageObject","inLanguage":"es","@id":"http:\/\/www.uf-tools.com\/ar\/33-in-1-high-quality-household-diy-repair-tool-kit-screwdriver-set-bicycle-maintenance-tools-s2-steel\/#primaryimage","url":"https:\/\/www.uf-tools.com\/wp-content\/uploads\/2024\/05\/33-in-1-Multifunctional-Rlectrician-Rssential-Screwdriver-Set-Manufacturer-1.jpg","contentUrl":"https:\/\/www.uf-tools.com\/wp-content\/uploads\/2024\/05\/33-in-1-Multifunctional-Rlectrician-Rssential-Screwdriver-Set-Manufacturer-1.jpg","width":1000,"height":1000},{"@type":"BreadcrumbList","@id":"http:\/\/www.uf-tools.com\/ar\/33-in-1-high-quality-household-diy-repair-tool-kit-screwdriver-set-bicycle-maintenance-tools-s2-steel\/#breadcrumb","itemListElement":[{"@type":"ListItem","position":1,"name":"Home","item":"http:\/\/www.uf-tools.com\/ja\/"},{"@type":"ListItem","position":2,"name":"Shop","item":"http:\/\/www.uf-tools.com\/ja\/shop\/"},{"@type":"ListItem","position":3,"name":"33 In 1 High Quality Household DIY Repair Tool Kit Screwdriver Set Bicycle Maintenance Tools S2 Steel"}]},{"@type":"WebSite","@id":"http:\/\/www.uf-tools.com\/ja\/#website","url":"http:\/\/www.uf-tools.com\/ja\/","name":"Manufacturer of precision digital repair tools","description":"UF TOOLS","publisher":{"@id":"http:\/\/www.uf-tools.com\/ja\/#organization"},"potentialAction":[{"@type":"SearchAction","target":{"@type":"EntryPoint","urlTemplate":"http:\/\/www.uf-tools.com\/ja\/?s={search_term_string}"},"query-input":{"@type":"PropertyValueSpecification","valueRequired":true,"valueName":"search_term_string"}}],"inLanguage":"es"},{"@type":"Organization","@id":"http:\/\/www.uf-tools.com\/ja\/#organization","name":"UF Tools Wholesale Suppliers","url":"http:\/\/www.uf-tools.com\/ja\/","logo":{"@type":"ImageObject","inLanguage":"es","@id":"http:\/\/www.uf-tools.com\/ja\/#\/schema\/logo\/image\/","url":"https:\/\/www.uf-tools.com\/wp-content\/uploads\/2023\/07\/logo-blue.svg","contentUrl":"https:\/\/www.uf-tools.com\/wp-content\/uploads\/2023\/07\/logo-blue.svg","width":242,"height":56,"caption":"UF Tools Wholesale Suppliers"},"image":{"@id":"http:\/\/www.uf-tools.com\/ja\/#\/schema\/logo\/image\/"},"sameAs":["https:\/\/www.facebook.com\/UFTOOLS\/?show_switched_toast=0&show_invite_to_follow=0&show_switched_tooltip=0&show_podcast_settings=0&show_community_review_changes=0&show_community_rollback=0&show_follower_visibility_disclosure=0","https:\/\/x.com\/uftools","https:\/\/www.instagram.com\/youfutools\/","https:\/\/www.pinterest.com\/uftools\/","https:\/\/www.youtube.com\/@uf-tools"]}]}},"_links":{"self":[{"href":"https:\/\/www.uf-tools.com\/es\/wp-json\/wp\/v2\/product\/18278","targetHints":{"allow":["GET"]}}],"collection":[{"href":"https:\/\/www.uf-tools.com\/es\/wp-json\/wp\/v2\/product"}],"about":[{"href":"https:\/\/www.uf-tools.com\/es\/wp-json\/wp\/v2\/types\/product"}],"replies":[{"embeddable":true,"href":"https:\/\/www.uf-tools.com\/es\/wp-json\/wp\/v2\/comments?post=18278"}],"version-history":[{"count":0,"href":"https:\/\/www.uf-tools.com\/es\/wp-json\/wp\/v2\/product\/18278\/revisions"}],"wp:featuredmedia":[{"embeddable":true,"href":"https:\/\/www.uf-tools.com\/es\/wp-json\/wp\/v2\/media\/18280"}],"wp:attachment":[{"href":"https:\/\/www.uf-tools.com\/es\/wp-json\/wp\/v2\/media?parent=18278"}],"wp:term":[{"taxonomy":"product_cat","embeddable":true,"href":"https:\/\/www.uf-tools.com\/es\/wp-json\/wp\/v2\/product_cat?post=18278"},{"taxonomy":"product_tag","embeddable":true,"href":"https:\/\/www.uf-tools.com\/es\/wp-json\/wp\/v2\/product_tag?post=18278"}],"curies":[{"name":"wp","href":"https:\/\/api.w.org\/{rel}","templated":true}]}}