{"id":16946,"date":"2023-09-22T04:08:46","date_gmt":"2023-09-22T04:08:46","guid":{"rendered":"https:\/\/www.uf-tools.com\/?post_type=product&#038;p=16946"},"modified":"2025-02-21T09:29:14","modified_gmt":"2025-02-21T09:29:14","slug":"electric-screwdriver-set-51-in-1-mini-rechargeable-cordless-screwdriver-882038","status":"publish","type":"product","link":"https:\/\/www.uf-tools.com\/es\/juego-de-destornilladores-electricos-51-en-1-mini-destornillador-inalambrico-recargable-882038\/","title":{"rendered":"Juego de destornilladores el\u00e9ctricos, 51 en 1 Mini destornillador inal\u00e1mbrico recargable - 882038"},"content":{"rendered":"<h2>Juego de destornilladores el\u00e9ctricos, 51 en 1 Mini destornillador inal\u00e1mbrico recargable - 882038<\/h2>\n<p>\u3010SMALL &amp; POWERFUL\u3011Este 51 en 1 peque\u00f1o destornillador el\u00e9ctrico tiene una velocidad de rotaci\u00f3n de 300 por minuto, el modo autom\u00e1tico \/ manual con 0,4-0,5 N.m de par, la capacidad de la bater\u00eda es de 350 mAh, el tiempo de carga es de menos de 70 minutos, en espera durante 30 d\u00edas. Adem\u00e1s, puede trabajar continuamente durante 1 hora, que es completamente suficiente para apretar un total de 400 tornillos. Tama\u00f1o del producto s\u00f3lo 22.3*10.7*24mm, peso s\u00f3lo 1 libra, ligero, port\u00e1til y f\u00e1cil de llevar<br \/>\n\u3010DISE\u00d1O MAGN\u00c9TICO &amp; PUERTO TIPO-C\u3011: Con el dise\u00f1o de brocas magn\u00e9ticas, las piezas internas del tornillo no se caer\u00e1n incluso si abre la c\u00e1scara al rev\u00e9s. Todo el cuerpo es magn\u00e9tico, y hay una zona de magnetizaci\u00f3n en la parte inferior, y la broca toca aqu\u00ed por pocas veces para completar la magnetizaci\u00f3n. El puerto de carga est\u00e1ndar USB tipo-c se puede cargar f\u00e1cilmente, sin preocupaciones acerca de no encuentra adaptador de carga<br \/>\n\u3010WIDELY APPLICATION\u3011Este destornillador el\u00e9ctrico incluye 48 puntas de precisi\u00f3n, una almohadilla de mesa de trabajo magn\u00e9tica, una ventosa, palanca, pinzas, etc. Adecuado para ordenadores tablet, tel\u00e9fonos m\u00f3viles, relojes de cuarzo, pulseras electr\u00f3nicas, c\u00e1maras, instrumentos de precisi\u00f3n, joystick, Xbox y juguetes, muebles, gafas, etc.<br \/>\n\u3010EXQUISITO DISE\u00d1O Y GRANDES REGALOS\u3011 La carcasa met\u00e1lica de aleaci\u00f3n de aluminio, el moldeado de alta precisi\u00f3n de una sola pieza y los m\u00faltiples procesos exquisitos hacen que este mini destornillador el\u00e9ctrico sea m\u00e1s port\u00e1til, f\u00e1cil de usar, delicado y c\u00f3modo de sostener. Adem\u00e1s, este es un gran regalo para Navidad, cumplea\u00f1os, aniversario, d\u00eda de acci\u00f3n de gracias<br \/>\n\u3010WHAT YOU GET\u30111x mini destornillador el\u00e9ctrico, 1x estuche de almacenamiento, 48 x bits de precisi\u00f3n, 1x cable de carga USB Tipo-C, 1x manual de usuario. Si tiene alguna pregunta sobre nuestro producto, no dude en contactarnos por correo electr\u00f3nico, \u00a1nuestro equipo de vendedores profesionales le responder\u00e1 dentro de las 24 horas! Tenga una feliz experiencia de compra<\/p>\n<p><!--more--><\/p>\n<p><img loading=\"lazy\" decoding=\"async\" class=\"size-full wp-image-16953 aligncenter\" src=\"https:\/\/www.uf-tools.com\/wp-content\/uploads\/2023\/09\/Electric-Screwdriver-Set-51-in-1-Mini-Rechargeable-Cordless-Screwdriver-882038-1-1.jpg\" alt=\"\" width=\"790\" height=\"1459\" srcset=\"https:\/\/www.uf-tools.com\/wp-content\/uploads\/2023\/09\/Electric-Screwdriver-Set-51-in-1-Mini-Rechargeable-Cordless-Screwdriver-882038-1-1.jpg 790w, https:\/\/www.uf-tools.com\/wp-content\/uploads\/2023\/09\/Electric-Screwdriver-Set-51-in-1-Mini-Rechargeable-Cordless-Screwdriver-882038-1-1-768x1418.jpg 768w, https:\/\/www.uf-tools.com\/wp-content\/uploads\/2023\/09\/Electric-Screwdriver-Set-51-in-1-Mini-Rechargeable-Cordless-Screwdriver-882038-1-1-6x12.jpg 6w\" sizes=\"auto, (max-width: 790px) 100vw, 790px\" \/> <img loading=\"lazy\" decoding=\"async\" class=\"size-full wp-image-16954 aligncenter\" src=\"https:\/\/www.uf-tools.com\/wp-content\/uploads\/2023\/09\/Electric-Screwdriver-Set-51-in-1-Mini-Rechargeable-Cordless-Screwdriver-882038-2-1.jpg\" alt=\"\" width=\"790\" height=\"854\" srcset=\"https:\/\/www.uf-tools.com\/wp-content\/uploads\/2023\/09\/Electric-Screwdriver-Set-51-in-1-Mini-Rechargeable-Cordless-Screwdriver-882038-2-1.jpg 790w, https:\/\/www.uf-tools.com\/wp-content\/uploads\/2023\/09\/Electric-Screwdriver-Set-51-in-1-Mini-Rechargeable-Cordless-Screwdriver-882038-2-1-768x830.jpg 768w, https:\/\/www.uf-tools.com\/wp-content\/uploads\/2023\/09\/Electric-Screwdriver-Set-51-in-1-Mini-Rechargeable-Cordless-Screwdriver-882038-2-1-11x12.jpg 11w\" sizes=\"auto, (max-width: 790px) 100vw, 790px\" \/> <img loading=\"lazy\" decoding=\"async\" class=\"size-full wp-image-16955 aligncenter\" src=\"https:\/\/www.uf-tools.com\/wp-content\/uploads\/2023\/09\/Electric-Screwdriver-Set-51-in-1-Mini-Rechargeable-Cordless-Screwdriver-882038-3-1.jpg\" alt=\"\" width=\"790\" height=\"1174\" srcset=\"https:\/\/www.uf-tools.com\/wp-content\/uploads\/2023\/09\/Electric-Screwdriver-Set-51-in-1-Mini-Rechargeable-Cordless-Screwdriver-882038-3-1.jpg 790w, https:\/\/www.uf-tools.com\/wp-content\/uploads\/2023\/09\/Electric-Screwdriver-Set-51-in-1-Mini-Rechargeable-Cordless-Screwdriver-882038-3-1-768x1141.jpg 768w, https:\/\/www.uf-tools.com\/wp-content\/uploads\/2023\/09\/Electric-Screwdriver-Set-51-in-1-Mini-Rechargeable-Cordless-Screwdriver-882038-3-1-8x12.jpg 8w\" sizes=\"auto, (max-width: 790px) 100vw, 790px\" \/> <img loading=\"lazy\" decoding=\"async\" class=\"size-full wp-image-16956 aligncenter\" src=\"https:\/\/www.uf-tools.com\/wp-content\/uploads\/2023\/09\/Electric-Screwdriver-Set-51-in-1-Mini-Rechargeable-Cordless-Screwdriver-882038-4-1.jpg\" alt=\"\" width=\"790\" height=\"1191\" srcset=\"https:\/\/www.uf-tools.com\/wp-content\/uploads\/2023\/09\/Electric-Screwdriver-Set-51-in-1-Mini-Rechargeable-Cordless-Screwdriver-882038-4-1.jpg 790w, https:\/\/www.uf-tools.com\/wp-content\/uploads\/2023\/09\/Electric-Screwdriver-Set-51-in-1-Mini-Rechargeable-Cordless-Screwdriver-882038-4-1-768x1158.jpg 768w, https:\/\/www.uf-tools.com\/wp-content\/uploads\/2023\/09\/Electric-Screwdriver-Set-51-in-1-Mini-Rechargeable-Cordless-Screwdriver-882038-4-1-8x12.jpg 8w\" sizes=\"auto, (max-width: 790px) 100vw, 790px\" \/> <img loading=\"lazy\" decoding=\"async\" class=\"size-full wp-image-16957 aligncenter\" src=\"https:\/\/www.uf-tools.com\/wp-content\/uploads\/2023\/09\/Electric-Screwdriver-Set-51-in-1-Mini-Rechargeable-Cordless-Screwdriver-882038-5-1.jpg\" alt=\"\" width=\"790\" height=\"1098\" srcset=\"https:\/\/www.uf-tools.com\/wp-content\/uploads\/2023\/09\/Electric-Screwdriver-Set-51-in-1-Mini-Rechargeable-Cordless-Screwdriver-882038-5-1.jpg 790w, https:\/\/www.uf-tools.com\/wp-content\/uploads\/2023\/09\/Electric-Screwdriver-Set-51-in-1-Mini-Rechargeable-Cordless-Screwdriver-882038-5-1-768x1067.jpg 768w, https:\/\/www.uf-tools.com\/wp-content\/uploads\/2023\/09\/Electric-Screwdriver-Set-51-in-1-Mini-Rechargeable-Cordless-Screwdriver-882038-5-1-9x12.jpg 9w\" sizes=\"auto, (max-width: 790px) 100vw, 790px\" \/> <img loading=\"lazy\" decoding=\"async\" class=\"size-full wp-image-16958 aligncenter\" src=\"https:\/\/www.uf-tools.com\/wp-content\/uploads\/2023\/09\/Electric-Screwdriver-Set-51-in-1-Mini-Rechargeable-Cordless-Screwdriver-882038-6-1.jpg\" alt=\"\" width=\"790\" height=\"971\" srcset=\"https:\/\/www.uf-tools.com\/wp-content\/uploads\/2023\/09\/Electric-Screwdriver-Set-51-in-1-Mini-Rechargeable-Cordless-Screwdriver-882038-6-1.jpg 790w, https:\/\/www.uf-tools.com\/wp-content\/uploads\/2023\/09\/Electric-Screwdriver-Set-51-in-1-Mini-Rechargeable-Cordless-Screwdriver-882038-6-1-768x944.jpg 768w, https:\/\/www.uf-tools.com\/wp-content\/uploads\/2023\/09\/Electric-Screwdriver-Set-51-in-1-Mini-Rechargeable-Cordless-Screwdriver-882038-6-1-10x12.jpg 10w\" sizes=\"auto, (max-width: 790px) 100vw, 790px\" \/> <img loading=\"lazy\" decoding=\"async\" class=\"size-full wp-image-16959 aligncenter\" src=\"https:\/\/www.uf-tools.com\/wp-content\/uploads\/2023\/09\/Electric-Screwdriver-Set-51-in-1-Mini-Rechargeable-Cordless-Screwdriver-882038-7.jpg\" alt=\"\" width=\"790\" height=\"1190\" srcset=\"https:\/\/www.uf-tools.com\/wp-content\/uploads\/2023\/09\/Electric-Screwdriver-Set-51-in-1-Mini-Rechargeable-Cordless-Screwdriver-882038-7.jpg 790w, https:\/\/www.uf-tools.com\/wp-content\/uploads\/2023\/09\/Electric-Screwdriver-Set-51-in-1-Mini-Rechargeable-Cordless-Screwdriver-882038-7-768x1157.jpg 768w, https:\/\/www.uf-tools.com\/wp-content\/uploads\/2023\/09\/Electric-Screwdriver-Set-51-in-1-Mini-Rechargeable-Cordless-Screwdriver-882038-7-8x12.jpg 8w\" sizes=\"auto, (max-width: 790px) 100vw, 790px\" \/> <img loading=\"lazy\" decoding=\"async\" class=\"size-full wp-image-16960 aligncenter\" src=\"https:\/\/www.uf-tools.com\/wp-content\/uploads\/2023\/09\/Electric-Screwdriver-Set-51-in-1-Mini-Rechargeable-Cordless-Screwdriver-882038-8.jpg\" alt=\"\" width=\"790\" height=\"1111\" srcset=\"https:\/\/www.uf-tools.com\/wp-content\/uploads\/2023\/09\/Electric-Screwdriver-Set-51-in-1-Mini-Rechargeable-Cordless-Screwdriver-882038-8.jpg 790w, https:\/\/www.uf-tools.com\/wp-content\/uploads\/2023\/09\/Electric-Screwdriver-Set-51-in-1-Mini-Rechargeable-Cordless-Screwdriver-882038-8-768x1080.jpg 768w, https:\/\/www.uf-tools.com\/wp-content\/uploads\/2023\/09\/Electric-Screwdriver-Set-51-in-1-Mini-Rechargeable-Cordless-Screwdriver-882038-8-9x12.jpg 9w\" sizes=\"auto, (max-width: 790px) 100vw, 790px\" \/> <img loading=\"lazy\" decoding=\"async\" class=\"size-full wp-image-16961 aligncenter\" src=\"https:\/\/www.uf-tools.com\/wp-content\/uploads\/2023\/09\/Electric-Screwdriver-Set-51-in-1-Mini-Rechargeable-Cordless-Screwdriver-882038-9.jpg\" alt=\"\" width=\"790\" height=\"1189\" srcset=\"https:\/\/www.uf-tools.com\/wp-content\/uploads\/2023\/09\/Electric-Screwdriver-Set-51-in-1-Mini-Rechargeable-Cordless-Screwdriver-882038-9.jpg 790w, https:\/\/www.uf-tools.com\/wp-content\/uploads\/2023\/09\/Electric-Screwdriver-Set-51-in-1-Mini-Rechargeable-Cordless-Screwdriver-882038-9-768x1156.jpg 768w, https:\/\/www.uf-tools.com\/wp-content\/uploads\/2023\/09\/Electric-Screwdriver-Set-51-in-1-Mini-Rechargeable-Cordless-Screwdriver-882038-9-8x12.jpg 8w\" sizes=\"auto, (max-width: 790px) 100vw, 790px\" \/> <img loading=\"lazy\" decoding=\"async\" class=\"size-full wp-image-16962 aligncenter\" src=\"https:\/\/www.uf-tools.com\/wp-content\/uploads\/2023\/09\/Electric-Screwdriver-Set-51-in-1-Mini-Rechargeable-Cordless-Screwdriver-882038-10.jpg\" alt=\"\" width=\"790\" height=\"1195\" srcset=\"https:\/\/www.uf-tools.com\/wp-content\/uploads\/2023\/09\/Electric-Screwdriver-Set-51-in-1-Mini-Rechargeable-Cordless-Screwdriver-882038-10.jpg 790w, https:\/\/www.uf-tools.com\/wp-content\/uploads\/2023\/09\/Electric-Screwdriver-Set-51-in-1-Mini-Rechargeable-Cordless-Screwdriver-882038-10-768x1162.jpg 768w, https:\/\/www.uf-tools.com\/wp-content\/uploads\/2023\/09\/Electric-Screwdriver-Set-51-in-1-Mini-Rechargeable-Cordless-Screwdriver-882038-10-8x12.jpg 8w\" sizes=\"auto, (max-width: 790px) 100vw, 790px\" \/> <img loading=\"lazy\" decoding=\"async\" class=\"size-full wp-image-16963 aligncenter\" src=\"https:\/\/www.uf-tools.com\/wp-content\/uploads\/2023\/09\/Electric-Screwdriver-Set-51-in-1-Mini-Rechargeable-Cordless-Screwdriver-882038-11.jpg\" alt=\"\" width=\"790\" height=\"799\" srcset=\"https:\/\/www.uf-tools.com\/wp-content\/uploads\/2023\/09\/Electric-Screwdriver-Set-51-in-1-Mini-Rechargeable-Cordless-Screwdriver-882038-11.jpg 790w, https:\/\/www.uf-tools.com\/wp-content\/uploads\/2023\/09\/Electric-Screwdriver-Set-51-in-1-Mini-Rechargeable-Cordless-Screwdriver-882038-11-768x777.jpg 768w, https:\/\/www.uf-tools.com\/wp-content\/uploads\/2023\/09\/Electric-Screwdriver-Set-51-in-1-Mini-Rechargeable-Cordless-Screwdriver-882038-11-12x12.jpg 12w, https:\/\/www.uf-tools.com\/wp-content\/uploads\/2023\/09\/Electric-Screwdriver-Set-51-in-1-Mini-Rechargeable-Cordless-Screwdriver-882038-11-110x110.jpg 110w\" sizes=\"auto, (max-width: 790px) 100vw, 790px\" \/><\/p>","protected":false},"excerpt":{"rendered":"<p>Este peque\u00f1o destornillador el\u00e9ctrico 51 en 1 tiene una velocidad de rotaci\u00f3n de 300 por minuto, modo autom\u00e1tico\/manual con un par de 0,4-0,5 N.m, la capacidad de la bater\u00eda es de 350 mAh, el tiempo de carga es inferior a 70 minutos, en espera durante 30 d\u00edas. Adem\u00e1s, puede trabajar continuamente durante 1 hora, que es completamente suficiente para apretar un total de 400 tornillos. Tama\u00f1o del producto s\u00f3lo 22.3*10.7*24mm, peso s\u00f3lo 1 libra, ligero, port\u00e1til y f\u00e1cil de llevar<\/p>","protected":false},"featured_media":16947,"comment_status":"open","ping_status":"closed","template":"","meta":[],"product_cat":[87,49],"product_tag":[90,91,88,89],"class_list":{"0":"post-16946","1":"product","2":"type-product","3":"status-publish","4":"has-post-thumbnail","6":"product_cat-mini-electric-screwdriver","7":"product_cat-power-tools","8":"product_tag-electric-precision-screwdriver","9":"product_tag-mini-cordless-screwdriver","10":"product_tag-mini-electric-screwdriver","11":"product_tag-precision-electric-screwdriver","12":"product_brand-uf-tools","14":"first","15":"outofstock","16":"sale","17":"purchasable","18":"product-type-simple"},"yoast_head":"<!-- This site is optimized with the Yoast SEO plugin v26.9 - https:\/\/yoast.com\/product\/yoast-seo-wordpress\/ -->\n<title>51 in 1 Mini Electric Screwdriver Set,Cordless Screwdriver kit<\/title>\n<meta name=\"description\" content=\"This 51 in 1 small electric screwdriver has a 300 rotating speed per minute, automatic\/manual mode with 0.4-0.5 N.m torque, battery capacity is 350 mAh\" \/>\n<meta name=\"robots\" content=\"index, follow, max-snippet:-1, max-image-preview:large, max-video-preview:-1\" \/>\n<link rel=\"canonical\" href=\"https:\/\/www.uf-tools.com\/es\/juego-de-destornilladores-electricos-51-en-1-mini-destornillador-inalambrico-recargable-882038\/\" \/>\n<meta property=\"og:locale\" content=\"es_ES\" \/>\n<meta property=\"og:type\" content=\"article\" \/>\n<meta property=\"og:title\" content=\"51 in 1 Mini Electric Screwdriver Set,Cordless Screwdriver kit\" \/>\n<meta property=\"og:description\" content=\"This 51 in 1 small electric screwdriver has a 300 rotating speed per minute, automatic\/manual mode with 0.4-0.5 N.m torque, battery capacity is 350 mAh\" \/>\n<meta property=\"og:url\" content=\"https:\/\/www.uf-tools.com\/es\/juego-de-destornilladores-electricos-51-en-1-mini-destornillador-inalambrico-recargable-882038\/\" \/>\n<meta property=\"og:site_name\" content=\"UF Tools Wholesale Suppliers\" \/>\n<meta property=\"article:publisher\" content=\"https:\/\/www.facebook.com\/UFTOOLS\/?show_switched_toast=0&amp;show_invite_to_follow=0&amp;show_switched_tooltip=0&amp;show_podcast_settings=0&amp;show_community_review_changes=0&amp;show_community_rollback=0&amp;show_follower_visibility_disclosure=0\" \/>\n<meta property=\"article:modified_time\" content=\"2025-02-21T09:29:14+00:00\" \/>\n<meta property=\"og:image\" content=\"https:\/\/www.uf-tools.com\/wp-content\/uploads\/2023\/09\/Electric-Screwdriver-Set-51-in-1-Mini-Rechargeable-Cordless-Screwdriver-882038-1.jpg\" \/>\n\t<meta property=\"og:image:width\" content=\"1030\" \/>\n\t<meta property=\"og:image:height\" content=\"1030\" \/>\n\t<meta property=\"og:image:type\" content=\"image\/jpeg\" \/>\n<meta name=\"twitter:card\" content=\"summary_large_image\" \/>\n<meta name=\"twitter:site\" content=\"@uftools\" \/>\n<meta name=\"twitter:label1\" content=\"Tiempo de lectura\" \/>\n\t<meta name=\"twitter:data1\" content=\"4 minutos\" \/>\n<script type=\"application\/ld+json\" class=\"yoast-schema-graph\">{\"@context\":\"https:\/\/schema.org\",\"@graph\":[{\"@type\":\"WebPage\",\"@id\":\"https:\/\/www.uf-tools.com\/electric-screwdriver-set-51-in-1-mini-rechargeable-cordless-screwdriver-882038\/\",\"url\":\"https:\/\/www.uf-tools.com\/electric-screwdriver-set-51-in-1-mini-rechargeable-cordless-screwdriver-882038\/\",\"name\":\"51 in 1 Mini Electric Screwdriver Set,Cordless Screwdriver kit\",\"isPartOf\":{\"@id\":\"http:\/\/www.uf-tools.com\/ja\/#website\"},\"primaryImageOfPage\":{\"@id\":\"https:\/\/www.uf-tools.com\/electric-screwdriver-set-51-in-1-mini-rechargeable-cordless-screwdriver-882038\/#primaryimage\"},\"image\":{\"@id\":\"https:\/\/www.uf-tools.com\/electric-screwdriver-set-51-in-1-mini-rechargeable-cordless-screwdriver-882038\/#primaryimage\"},\"thumbnailUrl\":\"https:\/\/www.uf-tools.com\/wp-content\/uploads\/2023\/09\/Electric-Screwdriver-Set-51-in-1-Mini-Rechargeable-Cordless-Screwdriver-882038-1.jpg\",\"datePublished\":\"2023-09-22T04:08:46+00:00\",\"dateModified\":\"2025-02-21T09:29:14+00:00\",\"description\":\"This 51 in 1 small electric screwdriver has a 300 rotating speed per minute, automatic\/manual mode with 0.4-0.5 N.m torque, battery capacity is 350 mAh\",\"breadcrumb\":{\"@id\":\"https:\/\/www.uf-tools.com\/electric-screwdriver-set-51-in-1-mini-rechargeable-cordless-screwdriver-882038\/#breadcrumb\"},\"inLanguage\":\"es\",\"potentialAction\":[{\"@type\":\"ReadAction\",\"target\":[\"https:\/\/www.uf-tools.com\/electric-screwdriver-set-51-in-1-mini-rechargeable-cordless-screwdriver-882038\/\"]}]},{\"@type\":\"ImageObject\",\"inLanguage\":\"es\",\"@id\":\"https:\/\/www.uf-tools.com\/electric-screwdriver-set-51-in-1-mini-rechargeable-cordless-screwdriver-882038\/#primaryimage\",\"url\":\"https:\/\/www.uf-tools.com\/wp-content\/uploads\/2023\/09\/Electric-Screwdriver-Set-51-in-1-Mini-Rechargeable-Cordless-Screwdriver-882038-1.jpg\",\"contentUrl\":\"https:\/\/www.uf-tools.com\/wp-content\/uploads\/2023\/09\/Electric-Screwdriver-Set-51-in-1-Mini-Rechargeable-Cordless-Screwdriver-882038-1.jpg\",\"width\":1030,\"height\":1030,\"caption\":\"Electric Screwdriver Set, 51 in 1 Mini Rechargeable Cordless Screwdriver - 882038\"},{\"@type\":\"BreadcrumbList\",\"@id\":\"https:\/\/www.uf-tools.com\/electric-screwdriver-set-51-in-1-mini-rechargeable-cordless-screwdriver-882038\/#breadcrumb\",\"itemListElement\":[{\"@type\":\"ListItem\",\"position\":1,\"name\":\"Home\",\"item\":\"http:\/\/www.uf-tools.com\/ja\/\"},{\"@type\":\"ListItem\",\"position\":2,\"name\":\"Shop\",\"item\":\"http:\/\/www.uf-tools.com\/ja\/shop\/\"},{\"@type\":\"ListItem\",\"position\":3,\"name\":\"Electric Screwdriver Set, 51 in 1 Mini Rechargeable Cordless Screwdriver &#8211; 882038\"}]},{\"@type\":\"WebSite\",\"@id\":\"http:\/\/www.uf-tools.com\/ja\/#website\",\"url\":\"http:\/\/www.uf-tools.com\/ja\/\",\"name\":\"Manufacturer of precision digital repair tools\",\"description\":\"UF TOOLS\",\"publisher\":{\"@id\":\"http:\/\/www.uf-tools.com\/ja\/#organization\"},\"potentialAction\":[{\"@type\":\"SearchAction\",\"target\":{\"@type\":\"EntryPoint\",\"urlTemplate\":\"http:\/\/www.uf-tools.com\/ja\/?s={search_term_string}\"},\"query-input\":{\"@type\":\"PropertyValueSpecification\",\"valueRequired\":true,\"valueName\":\"search_term_string\"}}],\"inLanguage\":\"es\"},{\"@type\":\"Organization\",\"@id\":\"http:\/\/www.uf-tools.com\/ja\/#organization\",\"name\":\"UF Tools Wholesale Suppliers\",\"url\":\"http:\/\/www.uf-tools.com\/ja\/\",\"logo\":{\"@type\":\"ImageObject\",\"inLanguage\":\"es\",\"@id\":\"http:\/\/www.uf-tools.com\/ja\/#\/schema\/logo\/image\/\",\"url\":\"https:\/\/www.uf-tools.com\/wp-content\/uploads\/2023\/07\/logo-blue.svg\",\"contentUrl\":\"https:\/\/www.uf-tools.com\/wp-content\/uploads\/2023\/07\/logo-blue.svg\",\"width\":242,\"height\":56,\"caption\":\"UF Tools Wholesale Suppliers\"},\"image\":{\"@id\":\"http:\/\/www.uf-tools.com\/ja\/#\/schema\/logo\/image\/\"},\"sameAs\":[\"https:\/\/www.facebook.com\/UFTOOLS\/?show_switched_toast=0&show_invite_to_follow=0&show_switched_tooltip=0&show_podcast_settings=0&show_community_review_changes=0&show_community_rollback=0&show_follower_visibility_disclosure=0\",\"https:\/\/x.com\/uftools\",\"https:\/\/www.instagram.com\/youfutools\/\",\"https:\/\/www.pinterest.com\/uftools\/\",\"https:\/\/www.youtube.com\/@uf-tools\"]}]}<\/script>\n<!-- \/ Yoast SEO plugin. -->","yoast_head_json":{"title":"51 in 1 Mini Electric Screwdriver Set,Cordless Screwdriver kit","description":"This 51 in 1 small electric screwdriver has a 300 rotating speed per minute, automatic\/manual mode with 0.4-0.5 N.m torque, battery capacity is 350 mAh","robots":{"index":"index","follow":"follow","max-snippet":"max-snippet:-1","max-image-preview":"max-image-preview:large","max-video-preview":"max-video-preview:-1"},"canonical":"https:\/\/www.uf-tools.com\/es\/juego-de-destornilladores-electricos-51-en-1-mini-destornillador-inalambrico-recargable-882038\/","og_locale":"es_ES","og_type":"article","og_title":"51 in 1 Mini Electric Screwdriver Set,Cordless Screwdriver kit","og_description":"This 51 in 1 small electric screwdriver has a 300 rotating speed per minute, automatic\/manual mode with 0.4-0.5 N.m torque, battery capacity is 350 mAh","og_url":"https:\/\/www.uf-tools.com\/es\/juego-de-destornilladores-electricos-51-en-1-mini-destornillador-inalambrico-recargable-882038\/","og_site_name":"UF Tools Wholesale Suppliers","article_publisher":"https:\/\/www.facebook.com\/UFTOOLS\/?show_switched_toast=0&show_invite_to_follow=0&show_switched_tooltip=0&show_podcast_settings=0&show_community_review_changes=0&show_community_rollback=0&show_follower_visibility_disclosure=0","article_modified_time":"2025-02-21T09:29:14+00:00","og_image":[{"width":1030,"height":1030,"url":"https:\/\/www.uf-tools.com\/wp-content\/uploads\/2023\/09\/Electric-Screwdriver-Set-51-in-1-Mini-Rechargeable-Cordless-Screwdriver-882038-1.jpg","type":"image\/jpeg"}],"twitter_card":"summary_large_image","twitter_site":"@uftools","twitter_misc":{"Tiempo de lectura":"4 minutos"},"schema":{"@context":"https:\/\/schema.org","@graph":[{"@type":"WebPage","@id":"https:\/\/www.uf-tools.com\/electric-screwdriver-set-51-in-1-mini-rechargeable-cordless-screwdriver-882038\/","url":"https:\/\/www.uf-tools.com\/electric-screwdriver-set-51-in-1-mini-rechargeable-cordless-screwdriver-882038\/","name":"51 in 1 Mini Electric Screwdriver Set,Cordless Screwdriver kit","isPartOf":{"@id":"http:\/\/www.uf-tools.com\/ja\/#website"},"primaryImageOfPage":{"@id":"https:\/\/www.uf-tools.com\/electric-screwdriver-set-51-in-1-mini-rechargeable-cordless-screwdriver-882038\/#primaryimage"},"image":{"@id":"https:\/\/www.uf-tools.com\/electric-screwdriver-set-51-in-1-mini-rechargeable-cordless-screwdriver-882038\/#primaryimage"},"thumbnailUrl":"https:\/\/www.uf-tools.com\/wp-content\/uploads\/2023\/09\/Electric-Screwdriver-Set-51-in-1-Mini-Rechargeable-Cordless-Screwdriver-882038-1.jpg","datePublished":"2023-09-22T04:08:46+00:00","dateModified":"2025-02-21T09:29:14+00:00","description":"This 51 in 1 small electric screwdriver has a 300 rotating speed per minute, automatic\/manual mode with 0.4-0.5 N.m torque, battery capacity is 350 mAh","breadcrumb":{"@id":"https:\/\/www.uf-tools.com\/electric-screwdriver-set-51-in-1-mini-rechargeable-cordless-screwdriver-882038\/#breadcrumb"},"inLanguage":"es","potentialAction":[{"@type":"ReadAction","target":["https:\/\/www.uf-tools.com\/electric-screwdriver-set-51-in-1-mini-rechargeable-cordless-screwdriver-882038\/"]}]},{"@type":"ImageObject","inLanguage":"es","@id":"https:\/\/www.uf-tools.com\/electric-screwdriver-set-51-in-1-mini-rechargeable-cordless-screwdriver-882038\/#primaryimage","url":"https:\/\/www.uf-tools.com\/wp-content\/uploads\/2023\/09\/Electric-Screwdriver-Set-51-in-1-Mini-Rechargeable-Cordless-Screwdriver-882038-1.jpg","contentUrl":"https:\/\/www.uf-tools.com\/wp-content\/uploads\/2023\/09\/Electric-Screwdriver-Set-51-in-1-Mini-Rechargeable-Cordless-Screwdriver-882038-1.jpg","width":1030,"height":1030,"caption":"Electric Screwdriver Set, 51 in 1 Mini Rechargeable Cordless Screwdriver - 882038"},{"@type":"BreadcrumbList","@id":"https:\/\/www.uf-tools.com\/electric-screwdriver-set-51-in-1-mini-rechargeable-cordless-screwdriver-882038\/#breadcrumb","itemListElement":[{"@type":"ListItem","position":1,"name":"Home","item":"http:\/\/www.uf-tools.com\/ja\/"},{"@type":"ListItem","position":2,"name":"Shop","item":"http:\/\/www.uf-tools.com\/ja\/shop\/"},{"@type":"ListItem","position":3,"name":"Electric Screwdriver Set, 51 in 1 Mini Rechargeable Cordless Screwdriver &#8211; 882038"}]},{"@type":"WebSite","@id":"http:\/\/www.uf-tools.com\/ja\/#website","url":"http:\/\/www.uf-tools.com\/ja\/","name":"Manufacturer of precision digital repair tools","description":"UF TOOLS","publisher":{"@id":"http:\/\/www.uf-tools.com\/ja\/#organization"},"potentialAction":[{"@type":"SearchAction","target":{"@type":"EntryPoint","urlTemplate":"http:\/\/www.uf-tools.com\/ja\/?s={search_term_string}"},"query-input":{"@type":"PropertyValueSpecification","valueRequired":true,"valueName":"search_term_string"}}],"inLanguage":"es"},{"@type":"Organization","@id":"http:\/\/www.uf-tools.com\/ja\/#organization","name":"UF Tools Wholesale Suppliers","url":"http:\/\/www.uf-tools.com\/ja\/","logo":{"@type":"ImageObject","inLanguage":"es","@id":"http:\/\/www.uf-tools.com\/ja\/#\/schema\/logo\/image\/","url":"https:\/\/www.uf-tools.com\/wp-content\/uploads\/2023\/07\/logo-blue.svg","contentUrl":"https:\/\/www.uf-tools.com\/wp-content\/uploads\/2023\/07\/logo-blue.svg","width":242,"height":56,"caption":"UF Tools Wholesale Suppliers"},"image":{"@id":"http:\/\/www.uf-tools.com\/ja\/#\/schema\/logo\/image\/"},"sameAs":["https:\/\/www.facebook.com\/UFTOOLS\/?show_switched_toast=0&show_invite_to_follow=0&show_switched_tooltip=0&show_podcast_settings=0&show_community_review_changes=0&show_community_rollback=0&show_follower_visibility_disclosure=0","https:\/\/x.com\/uftools","https:\/\/www.instagram.com\/youfutools\/","https:\/\/www.pinterest.com\/uftools\/","https:\/\/www.youtube.com\/@uf-tools"]}]}},"_links":{"self":[{"href":"https:\/\/www.uf-tools.com\/es\/wp-json\/wp\/v2\/product\/16946","targetHints":{"allow":["GET"]}}],"collection":[{"href":"https:\/\/www.uf-tools.com\/es\/wp-json\/wp\/v2\/product"}],"about":[{"href":"https:\/\/www.uf-tools.com\/es\/wp-json\/wp\/v2\/types\/product"}],"replies":[{"embeddable":true,"href":"https:\/\/www.uf-tools.com\/es\/wp-json\/wp\/v2\/comments?post=16946"}],"version-history":[{"count":0,"href":"https:\/\/www.uf-tools.com\/es\/wp-json\/wp\/v2\/product\/16946\/revisions"}],"wp:featuredmedia":[{"embeddable":true,"href":"https:\/\/www.uf-tools.com\/es\/wp-json\/wp\/v2\/media\/16947"}],"wp:attachment":[{"href":"https:\/\/www.uf-tools.com\/es\/wp-json\/wp\/v2\/media?parent=16946"}],"wp:term":[{"taxonomy":"product_cat","embeddable":true,"href":"https:\/\/www.uf-tools.com\/es\/wp-json\/wp\/v2\/product_cat?post=16946"},{"taxonomy":"product_tag","embeddable":true,"href":"https:\/\/www.uf-tools.com\/es\/wp-json\/wp\/v2\/product_tag?post=16946"}],"curies":[{"name":"wp","href":"https:\/\/api.w.org\/{rel}","templated":true}]}}