{"id":17111,"date":"2023-10-06T02:26:42","date_gmt":"2023-10-06T02:26:42","guid":{"rendered":"https:\/\/www.uf-tools.com\/?page_id=17111"},"modified":"2023-10-06T02:28:11","modified_gmt":"2023-10-06T02:28:11","slug":"shipping_policy","status":"publish","type":"page","link":"https:\/\/www.uf-tools.com\/es\/politica_de_envio\/","title":{"rendered":"Pol\u00edtica de env\u00edos"},"content":{"rendered":"<h2 class=\"wp-block-heading\"><strong>Gastos de env\u00edo e impuestos<\/strong><\/h2>\n\n\n\n<p>Env\u00edo gratuito en todos los art\u00edculos superiores a $100<\/p>\n\n\n\n<p>Los impuestos los cobran las aduanas del pa\u00eds de destino en funci\u00f3n de sus normas y pol\u00edticas. El cliente es responsable de averiguar la situaci\u00f3n en su pa\u00eds. Los env\u00edos procedentes de todos nuestros almacenes no est\u00e1n sujetos a derechos de aduana. Por lo tanto, si los hay, estos cargos deben ser pagados por los clientes. Los clientes asumen toda la responsabilidad de los gastos de env\u00edo de devoluci\u00f3n, los gastos de aduana y los gastos de gesti\u00f3n en caso de que se nieguen a aceptar un paquete debido a derechos o impuestos de importaci\u00f3n.<\/p>\n\n\n\n<h2 class=\"wp-block-heading\"><strong>Estimaciones de env\u00edo y entrega<\/strong><\/h2>\n\n\n\n<ul class=\"wp-block-list\">\n<li>Plazo de tramitaci\u00f3n: 2-5 d\u00edas laborables<\/li>\n\n\n\n<li>Log\u00edstica dedicada\/transporte urgente: 7-10 d\u00edas<\/li>\n\n\n\n<li>Env\u00edo est\u00e1ndar\/env\u00edo gratuito: 10-15 d\u00edas<\/li>\n<\/ul>\n\n\n\n<p>Enviamos los pedidos en stock lo antes posible. Esto suele ocurrir el mismo d\u00eda del pedido o al d\u00eda siguiente, pero hay situaciones en las que puede tardar m\u00e1s tiempo. Si el art\u00edculo est\u00e1 en stock, se calcula que el pedido se enviar\u00e1 el siguiente d\u00eda laborable. Todas las estimaciones se basan en d\u00edas laborables.<br><br>Si ha pedido varios art\u00edculos con diferentes destinos de entrega, es posible que reciba env\u00edos de pedidos separados. En caso de fuerza mayor, la tramitaci\u00f3n de los pedidos se retrasar\u00e1. No obstante, se garantiza que su pedido se tramitar\u00e1 r\u00e1pidamente cuando el tiempo lo permita.<\/p>\n\n\n\n<h2 class=\"wp-block-heading\"><strong>Ubicaciones de env\u00edo<\/strong><\/h2>\n\n\n\n<p>Si su pa\u00eds o regi\u00f3n no se encuentra en esta zona de env\u00edo, p\u00f3ngase en contacto con nosotros.<\/p>\n\n\n\n<figure class=\"wp-block-table\"><table><tbody><tr><td>Asia<\/td><td>Israel, Jap\u00f3n, Corea del Sur, Taiw\u00e1n, Qatar, Emiratos \u00c1rabes Unidos y Arabia Saud\u00ed,<\/td><\/tr><tr><td>Europa<\/td><td>Alemania, Austria, B\u00e9lgica, Bulgaria, Chipre, Dinamarca, Eslovaquia, Eslovenia, Espa\u00f1a, Francia, Grecia, Irlanda, Islandia, Italia, Noruega, Pa\u00edses Bajos, Polonia, Portugal, Reino Unido, Serbia, Suecia, Suiza, Turqu\u00eda, Estonia, Finlandia, Groenlandia, Letonia, Luxemburgo, Hungr\u00eda, Ruman\u00eda, Croacia, Lituania.<\/td><\/tr><tr><td>Am\u00e9rica<\/td><td>Canad\u00e1; M\u00e9xico; Estados Unidos (55 de 62 estados); Brasil;<\/td><\/tr><tr><td>Ocean\u00eda<\/td><td>Australia; Nueva Zelanda<\/td><\/tr><tr><td>\u00c1frica<\/td><td>Sud\u00e1frica<\/td><\/tr><\/tbody><\/table><\/figure>\n\n\n\n<h2 class=\"wp-block-heading\"><strong>Seguimiento de pedidos<\/strong><\/h2>\n\n\n\n<p>Una vez que haya realizado un pedido, recibir\u00e1 un correo electr\u00f3nico de confirmaci\u00f3n de pedido para confirmar los detalles del mismo. Una vez enviado el art\u00edculo, recibir\u00e1 un correo electr\u00f3nico de confirmaci\u00f3n de env\u00edo que incluir\u00e1 su n\u00famero de pedido, la informaci\u00f3n del transportista, la fecha y hora en que se realiz\u00f3 el pedido, el estado del pedido y los n\u00fameros de seguimiento del paquete para los art\u00edculos que se han enviado. Para conocer la ubicaci\u00f3n exacta de su env\u00edo, realice el seguimiento de sus art\u00edculos en el sitio web oficial del transportista.<br><br>Seguimiento:&nbsp;<a href=\"https:\/\/www.17track.net\/en\">https:\/\/www.17track.net\/en<\/a><\/p>\n\n\n\n<h3 class=\"wp-block-heading\"><strong>Atenci\u00f3n<\/strong><\/h3>\n\n\n\n<ul class=\"wp-block-list\">\n<li>Despu\u00e9s de que su pago se ha despejado, vamos a preparar su pedido, y si no hay ning\u00fan comentario dejar en orden para la direcci\u00f3n y no recibimos la notificaci\u00f3n de cambio de direcci\u00f3n, enviaremos su pedido de acuerdo a la direcci\u00f3n de env\u00edo que usted proporcion\u00f3 en la informaci\u00f3n de la cuenta. Por favor, notif\u00edquenos cualquier cambio de direcci\u00f3n antes de que su pedido sea marcado como \"Enviado\" para evitar la p\u00e9rdida del paquete.<\/li>\n\n\n\n<li>Todos los art\u00edculos son inspeccionados y cuidadosamente empaquetados a mano antes de su env\u00edo.<\/li>\n\n\n\n<li>Seg\u00fan la pr\u00e1ctica habitual de los servicios de mensajer\u00eda, debe comprobar el contenido del paquete antes de firmar la recepci\u00f3n de la mercanc\u00eda. Si no lo hace, no nos responsabilizaremos de los da\u00f1os que puedan haberse producido durante el transporte.<\/li>\n\n\n\n<li>Tomamos todas las precauciones razonables para garantizar que los productos no resulten da\u00f1ados. Si el art\u00edculo resulta da\u00f1ado durante el transporte, p\u00f3ngase en contacto con nosotros inmediatamente en Service@uf-tools.com en un plazo de 3 d\u00edas laborables tras recibir el env\u00edo. Tome nota de cualquier da\u00f1o visible y sea lo m\u00e1s espec\u00edfico posible, ya que esto nos ayudar\u00e1 a procesar su reclamaci\u00f3n por da\u00f1os con el transportista de entrega.<\/li>\n\n\n\n<li>Por favor verifique que tiene la direcci\u00f3n de env\u00edo correcta en su pedido ANTES de hacer el pago ya que esta es la direcci\u00f3n a la que enviaremos.<\/li>\n<\/ul>\n\n\n\n<p>Si tiene alguna pregunta especial sobre el pedido, p\u00f3ngase en contacto con el servicio de atenci\u00f3n al cliente: Service@uf-tools.com<\/p>","protected":false},"excerpt":{"rendered":"<p>Shipping Costs&amp; Tax Free shipping on all items over $100 Tax is charged by Customs offices in destination country based on their rules and policies. customer is responsible to find out the situation in their country. Shipments from all of our warehouses are delivery duty unpaid. Therefore, If any, these charges must be paid by [&hellip;]<\/p>","protected":false},"author":1,"featured_media":0,"parent":0,"menu_order":0,"comment_status":"closed","ping_status":"closed","template":"","meta":{"footnotes":""},"class_list":["post-17111","page","type-page","status-publish","hentry"],"yoast_head":"<!-- This site is optimized with the Yoast SEO plugin v26.9 - https:\/\/yoast.com\/product\/yoast-seo-wordpress\/ -->\n<title>Shipping Policy - UF Tools Wholesale Suppliers<\/title>\n<meta name=\"robots\" content=\"index, follow, max-snippet:-1, max-image-preview:large, max-video-preview:-1\" \/>\n<link rel=\"canonical\" href=\"http:\/\/www.uf-tools.com\/es\/politica_de_envio\/\" \/>\n<meta property=\"og:locale\" content=\"es_ES\" \/>\n<meta property=\"og:type\" content=\"article\" \/>\n<meta property=\"og:title\" content=\"Shipping Policy - UF Tools Wholesale Suppliers\" \/>\n<meta property=\"og:description\" content=\"Shipping Costs&amp; Tax Free shipping on all items over $100 Tax is charged by Customs offices in destination country based on their rules and policies. customer is responsible to find out the situation in their country. Shipments from all of our warehouses are delivery duty unpaid. Therefore, If any, these charges must be paid by [&hellip;]\" \/>\n<meta property=\"og:url\" content=\"http:\/\/www.uf-tools.com\/es\/politica_de_envio\/\" \/>\n<meta property=\"og:site_name\" content=\"UF Tools Wholesale Suppliers\" \/>\n<meta property=\"article:publisher\" content=\"https:\/\/www.facebook.com\/UFTOOLS\/?show_switched_toast=0&amp;show_invite_to_follow=0&amp;show_switched_tooltip=0&amp;show_podcast_settings=0&amp;show_community_review_changes=0&amp;show_community_rollback=0&amp;show_follower_visibility_disclosure=0\" \/>\n<meta property=\"article:modified_time\" content=\"2023-10-06T02:28:11+00:00\" \/>\n<meta property=\"og:image\" content=\"https:\/\/www.uf-tools.com\/wp-content\/uploads\/2023\/07\/contact-img1.jpg\" \/>\n\t<meta property=\"og:image:width\" content=\"960\" \/>\n\t<meta property=\"og:image:height\" content=\"732\" \/>\n\t<meta property=\"og:image:type\" content=\"image\/jpeg\" \/>\n<meta name=\"twitter:card\" content=\"summary_large_image\" \/>\n<meta name=\"twitter:site\" content=\"@uftools\" \/>\n<meta name=\"twitter:label1\" content=\"Tiempo de lectura\" \/>\n\t<meta name=\"twitter:data1\" content=\"3 minutos\" \/>\n<script type=\"application\/ld+json\" class=\"yoast-schema-graph\">{\"@context\":\"https:\/\/schema.org\",\"@graph\":[{\"@type\":\"WebPage\",\"@id\":\"http:\/\/www.uf-tools.com\/shipping_policy\/\",\"url\":\"http:\/\/www.uf-tools.com\/shipping_policy\/\",\"name\":\"Shipping Policy - UF Tools Wholesale Suppliers\",\"isPartOf\":{\"@id\":\"http:\/\/www.uf-tools.com\/ja\/#website\"},\"datePublished\":\"2023-10-06T02:26:42+00:00\",\"dateModified\":\"2023-10-06T02:28:11+00:00\",\"breadcrumb\":{\"@id\":\"http:\/\/www.uf-tools.com\/shipping_policy\/#breadcrumb\"},\"inLanguage\":\"es\",\"potentialAction\":[{\"@type\":\"ReadAction\",\"target\":[\"http:\/\/www.uf-tools.com\/shipping_policy\/\"]}]},{\"@type\":\"BreadcrumbList\",\"@id\":\"http:\/\/www.uf-tools.com\/shipping_policy\/#breadcrumb\",\"itemListElement\":[{\"@type\":\"ListItem\",\"position\":1,\"name\":\"Home\",\"item\":\"http:\/\/www.uf-tools.com\/ja\/\"},{\"@type\":\"ListItem\",\"position\":2,\"name\":\"Shipping Policy\"}]},{\"@type\":\"WebSite\",\"@id\":\"http:\/\/www.uf-tools.com\/ja\/#website\",\"url\":\"http:\/\/www.uf-tools.com\/ja\/\",\"name\":\"Manufacturer of precision digital repair tools\",\"description\":\"UF TOOLS\",\"publisher\":{\"@id\":\"http:\/\/www.uf-tools.com\/ja\/#organization\"},\"potentialAction\":[{\"@type\":\"SearchAction\",\"target\":{\"@type\":\"EntryPoint\",\"urlTemplate\":\"http:\/\/www.uf-tools.com\/ja\/?s={search_term_string}\"},\"query-input\":{\"@type\":\"PropertyValueSpecification\",\"valueRequired\":true,\"valueName\":\"search_term_string\"}}],\"inLanguage\":\"es\"},{\"@type\":\"Organization\",\"@id\":\"http:\/\/www.uf-tools.com\/ja\/#organization\",\"name\":\"UF Tools Wholesale Suppliers\",\"url\":\"http:\/\/www.uf-tools.com\/ja\/\",\"logo\":{\"@type\":\"ImageObject\",\"inLanguage\":\"es\",\"@id\":\"http:\/\/www.uf-tools.com\/ja\/#\/schema\/logo\/image\/\",\"url\":\"https:\/\/www.uf-tools.com\/wp-content\/uploads\/2023\/07\/logo-blue.svg\",\"contentUrl\":\"https:\/\/www.uf-tools.com\/wp-content\/uploads\/2023\/07\/logo-blue.svg\",\"width\":242,\"height\":56,\"caption\":\"UF Tools Wholesale Suppliers\"},\"image\":{\"@id\":\"http:\/\/www.uf-tools.com\/ja\/#\/schema\/logo\/image\/\"},\"sameAs\":[\"https:\/\/www.facebook.com\/UFTOOLS\/?show_switched_toast=0&show_invite_to_follow=0&show_switched_tooltip=0&show_podcast_settings=0&show_community_review_changes=0&show_community_rollback=0&show_follower_visibility_disclosure=0\",\"https:\/\/x.com\/uftools\",\"https:\/\/www.instagram.com\/youfutools\/\",\"https:\/\/www.pinterest.com\/uftools\/\",\"https:\/\/www.youtube.com\/@uf-tools\"]}]}<\/script>\n<!-- \/ Yoast SEO plugin. -->","yoast_head_json":{"title":"Shipping Policy - UF Tools Wholesale Suppliers","robots":{"index":"index","follow":"follow","max-snippet":"max-snippet:-1","max-image-preview":"max-image-preview:large","max-video-preview":"max-video-preview:-1"},"canonical":"http:\/\/www.uf-tools.com\/es\/politica_de_envio\/","og_locale":"es_ES","og_type":"article","og_title":"Shipping Policy - UF Tools Wholesale Suppliers","og_description":"Shipping Costs&amp; Tax Free shipping on all items over $100 Tax is charged by Customs offices in destination country based on their rules and policies. customer is responsible to find out the situation in their country. Shipments from all of our warehouses are delivery duty unpaid. Therefore, If any, these charges must be paid by [&hellip;]","og_url":"http:\/\/www.uf-tools.com\/es\/politica_de_envio\/","og_site_name":"UF Tools Wholesale Suppliers","article_publisher":"https:\/\/www.facebook.com\/UFTOOLS\/?show_switched_toast=0&show_invite_to_follow=0&show_switched_tooltip=0&show_podcast_settings=0&show_community_review_changes=0&show_community_rollback=0&show_follower_visibility_disclosure=0","article_modified_time":"2023-10-06T02:28:11+00:00","og_image":[{"width":960,"height":732,"url":"https:\/\/www.uf-tools.com\/wp-content\/uploads\/2023\/07\/contact-img1.jpg","type":"image\/jpeg"}],"twitter_card":"summary_large_image","twitter_site":"@uftools","twitter_misc":{"Tiempo de lectura":"3 minutos"},"schema":{"@context":"https:\/\/schema.org","@graph":[{"@type":"WebPage","@id":"http:\/\/www.uf-tools.com\/shipping_policy\/","url":"http:\/\/www.uf-tools.com\/shipping_policy\/","name":"Shipping Policy - UF Tools Wholesale Suppliers","isPartOf":{"@id":"http:\/\/www.uf-tools.com\/ja\/#website"},"datePublished":"2023-10-06T02:26:42+00:00","dateModified":"2023-10-06T02:28:11+00:00","breadcrumb":{"@id":"http:\/\/www.uf-tools.com\/shipping_policy\/#breadcrumb"},"inLanguage":"es","potentialAction":[{"@type":"ReadAction","target":["http:\/\/www.uf-tools.com\/shipping_policy\/"]}]},{"@type":"BreadcrumbList","@id":"http:\/\/www.uf-tools.com\/shipping_policy\/#breadcrumb","itemListElement":[{"@type":"ListItem","position":1,"name":"Home","item":"http:\/\/www.uf-tools.com\/ja\/"},{"@type":"ListItem","position":2,"name":"Shipping Policy"}]},{"@type":"WebSite","@id":"http:\/\/www.uf-tools.com\/ja\/#website","url":"http:\/\/www.uf-tools.com\/ja\/","name":"Manufacturer of precision digital repair tools","description":"UF TOOLS","publisher":{"@id":"http:\/\/www.uf-tools.com\/ja\/#organization"},"potentialAction":[{"@type":"SearchAction","target":{"@type":"EntryPoint","urlTemplate":"http:\/\/www.uf-tools.com\/ja\/?s={search_term_string}"},"query-input":{"@type":"PropertyValueSpecification","valueRequired":true,"valueName":"search_term_string"}}],"inLanguage":"es"},{"@type":"Organization","@id":"http:\/\/www.uf-tools.com\/ja\/#organization","name":"UF Tools Wholesale Suppliers","url":"http:\/\/www.uf-tools.com\/ja\/","logo":{"@type":"ImageObject","inLanguage":"es","@id":"http:\/\/www.uf-tools.com\/ja\/#\/schema\/logo\/image\/","url":"https:\/\/www.uf-tools.com\/wp-content\/uploads\/2023\/07\/logo-blue.svg","contentUrl":"https:\/\/www.uf-tools.com\/wp-content\/uploads\/2023\/07\/logo-blue.svg","width":242,"height":56,"caption":"UF Tools Wholesale Suppliers"},"image":{"@id":"http:\/\/www.uf-tools.com\/ja\/#\/schema\/logo\/image\/"},"sameAs":["https:\/\/www.facebook.com\/UFTOOLS\/?show_switched_toast=0&show_invite_to_follow=0&show_switched_tooltip=0&show_podcast_settings=0&show_community_review_changes=0&show_community_rollback=0&show_follower_visibility_disclosure=0","https:\/\/x.com\/uftools","https:\/\/www.instagram.com\/youfutools\/","https:\/\/www.pinterest.com\/uftools\/","https:\/\/www.youtube.com\/@uf-tools"]}]}},"_links":{"self":[{"href":"https:\/\/www.uf-tools.com\/es\/wp-json\/wp\/v2\/pages\/17111","targetHints":{"allow":["GET"]}}],"collection":[{"href":"https:\/\/www.uf-tools.com\/es\/wp-json\/wp\/v2\/pages"}],"about":[{"href":"https:\/\/www.uf-tools.com\/es\/wp-json\/wp\/v2\/types\/page"}],"author":[{"embeddable":true,"href":"https:\/\/www.uf-tools.com\/es\/wp-json\/wp\/v2\/users\/1"}],"replies":[{"embeddable":true,"href":"https:\/\/www.uf-tools.com\/es\/wp-json\/wp\/v2\/comments?post=17111"}],"version-history":[{"count":0,"href":"https:\/\/www.uf-tools.com\/es\/wp-json\/wp\/v2\/pages\/17111\/revisions"}],"wp:attachment":[{"href":"https:\/\/www.uf-tools.com\/es\/wp-json\/wp\/v2\/media?parent=17111"}],"curies":[{"name":"wp","href":"https:\/\/api.w.org\/{rel}","templated":true}]}}