{"id":16966,"date":"2023-09-22T06:32:18","date_gmt":"2023-09-22T06:32:18","guid":{"rendered":"https:\/\/www.uf-tools.com\/?post_type=product&#038;p=16966"},"modified":"2025-05-28T06:13:58","modified_gmt":"2025-05-28T06:13:58","slug":"28-in-1-mini-electric-screwdriverprecision-power-screwdrivers-set-882037","status":"publish","type":"product","link":"https:\/\/www.uf-tools.com\/de\/28-in-1-mini-electric-screwdriverprecision-power-screwdrivers-set-882037\/","title":{"rendered":"28 in 1 Mini-Elektro-Schraubendreher, Pr\u00e4zisions-Elektro-Schraubendreher-Set - 882037"},"content":{"rendered":"<h2>28 in 1 Mini-Elektro-Schraubendreher, Pr\u00e4zisions-Elektro-Schraubendreher-Set - 882037<\/h2>\n<p>\u3010Upgraded Mini Electric Screwdriver\u3011 28 in1 screwdriver kit is designed with durable aluminum alloy surface to give you a fashionable and comfortable matte touch. The pen-shaped body is ergonomically designed and easy to grasp.<br \/>\n\u3010Magnetic Screwdriver Bits\u3011This electric screwdriver includes a handle and 24pcs premium S2 steel magnetic precision bits, and a magnetic mat. You just need to choose the bit that you need and put it into the hole of the handle, and the bit will be sucked tightly. And the magnetic mat can help you easily collect scattered Screwdriver Bits on the desktop.<br \/>\n\u3010LED Light &amp; USB Charging\u3011This electric screwdriver is rechargeable with a 360\u00b0 shadow-less lighting design, embed 3 LED lights to brighten the working area. Wireless and rechargeable design, which is convenient for your work. And the power screwdriver is equipped with a 350mAh rechargeable lithium battery, the full charge in 50 minutes, the Indicator light will show the charging status.<br \/>\n\u3010Widely Appications\u3011This mini electric precision screwdriver is suitable for phones, Macbook, iPad, watches, cameras, laptops, eyeglasses, PC, game electronics, etc. Our mini electric screwdriver set is a perfect gift for your family or friends.<\/p>\n<p>&nbsp;<\/p>\n<p><!--more--><\/p>\n<p><img loading=\"lazy\" decoding=\"async\" class=\"size-full wp-image-16976 aligncenter\" src=\"https:\/\/www.uf-tools.com\/wp-content\/uploads\/2023\/09\/28-in-1-Mini-Electric-ScrewdriverPrecision-Power-Screwdrivers-Set-882037-4.jpg\" alt=\"\" width=\"790\" height=\"1284\" srcset=\"https:\/\/www.uf-tools.com\/wp-content\/uploads\/2023\/09\/28-in-1-Mini-Electric-ScrewdriverPrecision-Power-Screwdrivers-Set-882037-4.jpg 790w, https:\/\/www.uf-tools.com\/wp-content\/uploads\/2023\/09\/28-in-1-Mini-Electric-ScrewdriverPrecision-Power-Screwdrivers-Set-882037-4-768x1248.jpg 768w, https:\/\/www.uf-tools.com\/wp-content\/uploads\/2023\/09\/28-in-1-Mini-Electric-ScrewdriverPrecision-Power-Screwdrivers-Set-882037-4-7x12.jpg 7w\" sizes=\"auto, (max-width: 790px) 100vw, 790px\" \/> <img loading=\"lazy\" decoding=\"async\" class=\"size-full wp-image-16977 aligncenter\" src=\"https:\/\/www.uf-tools.com\/wp-content\/uploads\/2023\/09\/28-in-1-Mini-Electric-ScrewdriverPrecision-Power-Screwdrivers-Set-882037-5.jpg\" alt=\"\" width=\"790\" height=\"1028\" srcset=\"https:\/\/www.uf-tools.com\/wp-content\/uploads\/2023\/09\/28-in-1-Mini-Electric-ScrewdriverPrecision-Power-Screwdrivers-Set-882037-5.jpg 790w, https:\/\/www.uf-tools.com\/wp-content\/uploads\/2023\/09\/28-in-1-Mini-Electric-ScrewdriverPrecision-Power-Screwdrivers-Set-882037-5-768x999.jpg 768w, https:\/\/www.uf-tools.com\/wp-content\/uploads\/2023\/09\/28-in-1-Mini-Electric-ScrewdriverPrecision-Power-Screwdrivers-Set-882037-5-9x12.jpg 9w\" sizes=\"auto, (max-width: 790px) 100vw, 790px\" \/> <img loading=\"lazy\" decoding=\"async\" class=\"size-full wp-image-16978 aligncenter\" src=\"https:\/\/www.uf-tools.com\/wp-content\/uploads\/2023\/09\/28-in-1-Mini-Electric-ScrewdriverPrecision-Power-Screwdrivers-Set-882037-6.jpg\" alt=\"\" width=\"790\" height=\"861\" srcset=\"https:\/\/www.uf-tools.com\/wp-content\/uploads\/2023\/09\/28-in-1-Mini-Electric-ScrewdriverPrecision-Power-Screwdrivers-Set-882037-6.jpg 790w, https:\/\/www.uf-tools.com\/wp-content\/uploads\/2023\/09\/28-in-1-Mini-Electric-ScrewdriverPrecision-Power-Screwdrivers-Set-882037-6-768x837.jpg 768w, https:\/\/www.uf-tools.com\/wp-content\/uploads\/2023\/09\/28-in-1-Mini-Electric-ScrewdriverPrecision-Power-Screwdrivers-Set-882037-6-11x12.jpg 11w\" sizes=\"auto, (max-width: 790px) 100vw, 790px\" \/> <img loading=\"lazy\" decoding=\"async\" class=\"size-full wp-image-16979 aligncenter\" src=\"https:\/\/www.uf-tools.com\/wp-content\/uploads\/2023\/09\/28-in-1-Mini-Electric-ScrewdriverPrecision-Power-Screwdrivers-Set-882037-7.jpg\" alt=\"\" width=\"790\" height=\"1154\" srcset=\"https:\/\/www.uf-tools.com\/wp-content\/uploads\/2023\/09\/28-in-1-Mini-Electric-ScrewdriverPrecision-Power-Screwdrivers-Set-882037-7.jpg 790w, https:\/\/www.uf-tools.com\/wp-content\/uploads\/2023\/09\/28-in-1-Mini-Electric-ScrewdriverPrecision-Power-Screwdrivers-Set-882037-7-768x1122.jpg 768w, https:\/\/www.uf-tools.com\/wp-content\/uploads\/2023\/09\/28-in-1-Mini-Electric-ScrewdriverPrecision-Power-Screwdrivers-Set-882037-7-8x12.jpg 8w\" sizes=\"auto, (max-width: 790px) 100vw, 790px\" \/> <img loading=\"lazy\" decoding=\"async\" class=\"size-full wp-image-16980 aligncenter\" src=\"https:\/\/www.uf-tools.com\/wp-content\/uploads\/2023\/09\/28-in-1-Mini-Electric-ScrewdriverPrecision-Power-Screwdrivers-Set-882037-8.jpg\" alt=\"\" width=\"790\" height=\"1340\" srcset=\"https:\/\/www.uf-tools.com\/wp-content\/uploads\/2023\/09\/28-in-1-Mini-Electric-ScrewdriverPrecision-Power-Screwdrivers-Set-882037-8.jpg 790w, https:\/\/www.uf-tools.com\/wp-content\/uploads\/2023\/09\/28-in-1-Mini-Electric-ScrewdriverPrecision-Power-Screwdrivers-Set-882037-8-768x1303.jpg 768w, https:\/\/www.uf-tools.com\/wp-content\/uploads\/2023\/09\/28-in-1-Mini-Electric-ScrewdriverPrecision-Power-Screwdrivers-Set-882037-8-7x12.jpg 7w\" sizes=\"auto, (max-width: 790px) 100vw, 790px\" \/> <img loading=\"lazy\" decoding=\"async\" class=\"size-full wp-image-16981 aligncenter\" src=\"https:\/\/www.uf-tools.com\/wp-content\/uploads\/2023\/09\/28-in-1-Mini-Electric-ScrewdriverPrecision-Power-Screwdrivers-Set-882037-9.jpg\" alt=\"\" width=\"790\" height=\"1108\" srcset=\"https:\/\/www.uf-tools.com\/wp-content\/uploads\/2023\/09\/28-in-1-Mini-Electric-ScrewdriverPrecision-Power-Screwdrivers-Set-882037-9.jpg 790w, https:\/\/www.uf-tools.com\/wp-content\/uploads\/2023\/09\/28-in-1-Mini-Electric-ScrewdriverPrecision-Power-Screwdrivers-Set-882037-9-768x1077.jpg 768w, https:\/\/www.uf-tools.com\/wp-content\/uploads\/2023\/09\/28-in-1-Mini-Electric-ScrewdriverPrecision-Power-Screwdrivers-Set-882037-9-9x12.jpg 9w\" sizes=\"auto, (max-width: 790px) 100vw, 790px\" \/> <img loading=\"lazy\" decoding=\"async\" class=\"size-full wp-image-16982 aligncenter\" src=\"https:\/\/www.uf-tools.com\/wp-content\/uploads\/2023\/09\/28-in-1-Mini-Electric-ScrewdriverPrecision-Power-Screwdrivers-Set-882037-10.jpg\" alt=\"\" width=\"790\" height=\"898\" srcset=\"https:\/\/www.uf-tools.com\/wp-content\/uploads\/2023\/09\/28-in-1-Mini-Electric-ScrewdriverPrecision-Power-Screwdrivers-Set-882037-10.jpg 790w, https:\/\/www.uf-tools.com\/wp-content\/uploads\/2023\/09\/28-in-1-Mini-Electric-ScrewdriverPrecision-Power-Screwdrivers-Set-882037-10-768x873.jpg 768w, https:\/\/www.uf-tools.com\/wp-content\/uploads\/2023\/09\/28-in-1-Mini-Electric-ScrewdriverPrecision-Power-Screwdrivers-Set-882037-10-11x12.jpg 11w\" sizes=\"auto, (max-width: 790px) 100vw, 790px\" \/> <img loading=\"lazy\" decoding=\"async\" class=\"size-full wp-image-16983 aligncenter\" src=\"https:\/\/www.uf-tools.com\/wp-content\/uploads\/2023\/09\/28-in-1-Mini-Electric-ScrewdriverPrecision-Power-Screwdrivers-Set-882037-11.jpg\" alt=\"\" width=\"790\" height=\"941\" srcset=\"https:\/\/www.uf-tools.com\/wp-content\/uploads\/2023\/09\/28-in-1-Mini-Electric-ScrewdriverPrecision-Power-Screwdrivers-Set-882037-11.jpg 790w, https:\/\/www.uf-tools.com\/wp-content\/uploads\/2023\/09\/28-in-1-Mini-Electric-ScrewdriverPrecision-Power-Screwdrivers-Set-882037-11-768x915.jpg 768w, https:\/\/www.uf-tools.com\/wp-content\/uploads\/2023\/09\/28-in-1-Mini-Electric-ScrewdriverPrecision-Power-Screwdrivers-Set-882037-11-10x12.jpg 10w\" sizes=\"auto, (max-width: 790px) 100vw, 790px\" \/> <img loading=\"lazy\" decoding=\"async\" class=\"size-full wp-image-16984 aligncenter\" src=\"https:\/\/www.uf-tools.com\/wp-content\/uploads\/2023\/09\/28-in-1-Mini-Electric-ScrewdriverPrecision-Power-Screwdrivers-Set-882037-12.jpg\" alt=\"\" width=\"790\" height=\"732\" srcset=\"https:\/\/www.uf-tools.com\/wp-content\/uploads\/2023\/09\/28-in-1-Mini-Electric-ScrewdriverPrecision-Power-Screwdrivers-Set-882037-12.jpg 790w, https:\/\/www.uf-tools.com\/wp-content\/uploads\/2023\/09\/28-in-1-Mini-Electric-ScrewdriverPrecision-Power-Screwdrivers-Set-882037-12-768x712.jpg 768w, https:\/\/www.uf-tools.com\/wp-content\/uploads\/2023\/09\/28-in-1-Mini-Electric-ScrewdriverPrecision-Power-Screwdrivers-Set-882037-12-13x12.jpg 13w\" sizes=\"auto, (max-width: 790px) 100vw, 790px\" \/> <img loading=\"lazy\" decoding=\"async\" class=\"size-full wp-image-16985 aligncenter\" src=\"https:\/\/www.uf-tools.com\/wp-content\/uploads\/2023\/09\/28-in-1-Mini-Electric-ScrewdriverPrecision-Power-Screwdrivers-Set-882037-13.jpg\" alt=\"\" width=\"790\" height=\"1007\" srcset=\"https:\/\/www.uf-tools.com\/wp-content\/uploads\/2023\/09\/28-in-1-Mini-Electric-ScrewdriverPrecision-Power-Screwdrivers-Set-882037-13.jpg 790w, https:\/\/www.uf-tools.com\/wp-content\/uploads\/2023\/09\/28-in-1-Mini-Electric-ScrewdriverPrecision-Power-Screwdrivers-Set-882037-13-768x979.jpg 768w, https:\/\/www.uf-tools.com\/wp-content\/uploads\/2023\/09\/28-in-1-Mini-Electric-ScrewdriverPrecision-Power-Screwdrivers-Set-882037-13-9x12.jpg 9w\" sizes=\"auto, (max-width: 790px) 100vw, 790px\" \/> <img loading=\"lazy\" decoding=\"async\" class=\"size-full wp-image-16986 aligncenter\" src=\"https:\/\/www.uf-tools.com\/wp-content\/uploads\/2023\/09\/28-in-1-Mini-Electric-ScrewdriverPrecision-Power-Screwdrivers-Set-882037-14.jpg\" alt=\"\" width=\"790\" height=\"654\" srcset=\"https:\/\/www.uf-tools.com\/wp-content\/uploads\/2023\/09\/28-in-1-Mini-Electric-ScrewdriverPrecision-Power-Screwdrivers-Set-882037-14.jpg 790w, https:\/\/www.uf-tools.com\/wp-content\/uploads\/2023\/09\/28-in-1-Mini-Electric-ScrewdriverPrecision-Power-Screwdrivers-Set-882037-14-768x636.jpg 768w, https:\/\/www.uf-tools.com\/wp-content\/uploads\/2023\/09\/28-in-1-Mini-Electric-ScrewdriverPrecision-Power-Screwdrivers-Set-882037-14-14x12.jpg 14w\" sizes=\"auto, (max-width: 790px) 100vw, 790px\" \/><\/p>","protected":false},"excerpt":{"rendered":"<p>Das 28-in-1-Schraubendreher-Kit ist mit einer haltbaren Aluminiumlegierung ausgestattet, um Ihnen eine modische und komfortable matte Oberfl\u00e4che zu bieten. Der stiftf\u00f6rmige K\u00f6rper ist ergonomisch gestaltet und leicht zu greifen.<\/p>","protected":false},"featured_media":16967,"comment_status":"open","ping_status":"closed","template":"","meta":[],"product_cat":[87,49],"product_tag":[90,91,88,89],"class_list":{"0":"post-16966","1":"product","2":"type-product","3":"status-publish","4":"has-post-thumbnail","6":"product_cat-mini-electric-screwdriver","7":"product_cat-power-tools","8":"product_tag-electric-precision-screwdriver","9":"product_tag-mini-cordless-screwdriver","10":"product_tag-mini-electric-screwdriver","11":"product_tag-precision-electric-screwdriver","12":"product_brand-uf-tools","14":"first","15":"outofstock","16":"sale","17":"purchasable","18":"product-type-simple"},"yoast_head":"<!-- This site is optimized with the Yoast SEO plugin v26.9 - https:\/\/yoast.com\/product\/yoast-seo-wordpress\/ -->\n<title>28 in 1 Mini Electric Screwdriver,Precision Power Screwdrivers Set<\/title>\n<meta name=\"description\" content=\"28 in1 Mini Electric Screwdriver kit is designed with durable aluminum alloy surface to give you a fashionable and comfortable matte touch.\" \/>\n<meta name=\"robots\" content=\"index, follow, max-snippet:-1, max-image-preview:large, max-video-preview:-1\" \/>\n<link rel=\"canonical\" href=\"http:\/\/www.uf-tools.com\/de\/28-in-1-mini-electric-screwdriverprecision-power-screwdrivers-set-882037\/\" \/>\n<meta property=\"og:locale\" content=\"de_DE\" \/>\n<meta property=\"og:type\" content=\"article\" \/>\n<meta property=\"og:title\" content=\"28 in 1 Mini Electric Screwdriver,Precision Power Screwdrivers Set\" \/>\n<meta property=\"og:description\" content=\"28 in1 Mini Electric Screwdriver kit is designed with durable aluminum alloy surface to give you a fashionable and comfortable matte touch.\" \/>\n<meta property=\"og:url\" content=\"http:\/\/www.uf-tools.com\/de\/28-in-1-mini-electric-screwdriverprecision-power-screwdrivers-set-882037\/\" \/>\n<meta property=\"og:site_name\" content=\"UF Tools Wholesale Suppliers\" \/>\n<meta property=\"article:publisher\" content=\"https:\/\/www.facebook.com\/UFTOOLS\/?show_switched_toast=0&amp;show_invite_to_follow=0&amp;show_switched_tooltip=0&amp;show_podcast_settings=0&amp;show_community_review_changes=0&amp;show_community_rollback=0&amp;show_follower_visibility_disclosure=0\" \/>\n<meta property=\"article:modified_time\" content=\"2025-05-28T06:13:58+00:00\" \/>\n<meta property=\"og:image\" content=\"http:\/\/www.uf-tools.com\/wp-content\/uploads\/2023\/09\/1-3.jpg\" \/>\n\t<meta property=\"og:image:width\" content=\"1030\" \/>\n\t<meta property=\"og:image:height\" content=\"1030\" \/>\n\t<meta property=\"og:image:type\" content=\"image\/jpeg\" \/>\n<meta name=\"twitter:card\" content=\"summary_large_image\" \/>\n<meta name=\"twitter:site\" content=\"@uftools\" \/>\n<meta name=\"twitter:label1\" content=\"Gesch\u00e4tzte Lesezeit\" \/>\n\t<meta name=\"twitter:data1\" content=\"4\u00a0Minuten\" \/>\n<script type=\"application\/ld+json\" class=\"yoast-schema-graph\">{\"@context\":\"https:\/\/schema.org\",\"@graph\":[{\"@type\":\"WebPage\",\"@id\":\"http:\/\/www.uf-tools.com\/pt\/conjunto-de-mini-aparafusadoras-electricas-de-precisao-28-em-1-882037\/\",\"url\":\"http:\/\/www.uf-tools.com\/pt\/conjunto-de-mini-aparafusadoras-electricas-de-precisao-28-em-1-882037\/\",\"name\":\"28 in 1 Mini Electric Screwdriver,Precision Power Screwdrivers Set\",\"isPartOf\":{\"@id\":\"http:\/\/www.uf-tools.com\/ja\/#website\"},\"primaryImageOfPage\":{\"@id\":\"http:\/\/www.uf-tools.com\/pt\/conjunto-de-mini-aparafusadoras-electricas-de-precisao-28-em-1-882037\/#primaryimage\"},\"image\":{\"@id\":\"http:\/\/www.uf-tools.com\/pt\/conjunto-de-mini-aparafusadoras-electricas-de-precisao-28-em-1-882037\/#primaryimage\"},\"thumbnailUrl\":\"https:\/\/www.uf-tools.com\/wp-content\/uploads\/2023\/09\/1-3.jpg\",\"datePublished\":\"2023-09-22T06:32:18+00:00\",\"dateModified\":\"2025-05-28T06:13:58+00:00\",\"description\":\"28 in1 Mini Electric Screwdriver kit is designed with durable aluminum alloy surface to give you a fashionable and comfortable matte touch.\",\"breadcrumb\":{\"@id\":\"http:\/\/www.uf-tools.com\/pt\/conjunto-de-mini-aparafusadoras-electricas-de-precisao-28-em-1-882037\/#breadcrumb\"},\"inLanguage\":\"de\",\"potentialAction\":[{\"@type\":\"ReadAction\",\"target\":[\"http:\/\/www.uf-tools.com\/pt\/conjunto-de-mini-aparafusadoras-electricas-de-precisao-28-em-1-882037\/\"]}]},{\"@type\":\"ImageObject\",\"inLanguage\":\"de\",\"@id\":\"http:\/\/www.uf-tools.com\/pt\/conjunto-de-mini-aparafusadoras-electricas-de-precisao-28-em-1-882037\/#primaryimage\",\"url\":\"https:\/\/www.uf-tools.com\/wp-content\/uploads\/2023\/09\/1-3.jpg\",\"contentUrl\":\"https:\/\/www.uf-tools.com\/wp-content\/uploads\/2023\/09\/1-3.jpg\",\"width\":1030,\"height\":1030},{\"@type\":\"BreadcrumbList\",\"@id\":\"http:\/\/www.uf-tools.com\/pt\/conjunto-de-mini-aparafusadoras-electricas-de-precisao-28-em-1-882037\/#breadcrumb\",\"itemListElement\":[{\"@type\":\"ListItem\",\"position\":1,\"name\":\"Home\",\"item\":\"http:\/\/www.uf-tools.com\/ja\/\"},{\"@type\":\"ListItem\",\"position\":2,\"name\":\"Shop\",\"item\":\"http:\/\/www.uf-tools.com\/ja\/shop\/\"},{\"@type\":\"ListItem\",\"position\":3,\"name\":\"28 in 1 Mini Electric Screwdriver,Precision Power Screwdrivers Set &#8211; 882037\"}]},{\"@type\":\"WebSite\",\"@id\":\"http:\/\/www.uf-tools.com\/ja\/#website\",\"url\":\"http:\/\/www.uf-tools.com\/ja\/\",\"name\":\"Manufacturer of precision digital repair tools\",\"description\":\"UF TOOLS\",\"publisher\":{\"@id\":\"http:\/\/www.uf-tools.com\/ja\/#organization\"},\"potentialAction\":[{\"@type\":\"SearchAction\",\"target\":{\"@type\":\"EntryPoint\",\"urlTemplate\":\"http:\/\/www.uf-tools.com\/ja\/?s={search_term_string}\"},\"query-input\":{\"@type\":\"PropertyValueSpecification\",\"valueRequired\":true,\"valueName\":\"search_term_string\"}}],\"inLanguage\":\"de\"},{\"@type\":\"Organization\",\"@id\":\"http:\/\/www.uf-tools.com\/ja\/#organization\",\"name\":\"UF Tools Wholesale Suppliers\",\"url\":\"http:\/\/www.uf-tools.com\/ja\/\",\"logo\":{\"@type\":\"ImageObject\",\"inLanguage\":\"de\",\"@id\":\"http:\/\/www.uf-tools.com\/ja\/#\/schema\/logo\/image\/\",\"url\":\"https:\/\/www.uf-tools.com\/wp-content\/uploads\/2023\/07\/logo-blue.svg\",\"contentUrl\":\"https:\/\/www.uf-tools.com\/wp-content\/uploads\/2023\/07\/logo-blue.svg\",\"width\":242,\"height\":56,\"caption\":\"UF Tools Wholesale Suppliers\"},\"image\":{\"@id\":\"http:\/\/www.uf-tools.com\/ja\/#\/schema\/logo\/image\/\"},\"sameAs\":[\"https:\/\/www.facebook.com\/UFTOOLS\/?show_switched_toast=0&show_invite_to_follow=0&show_switched_tooltip=0&show_podcast_settings=0&show_community_review_changes=0&show_community_rollback=0&show_follower_visibility_disclosure=0\",\"https:\/\/x.com\/uftools\",\"https:\/\/www.instagram.com\/youfutools\/\",\"https:\/\/www.pinterest.com\/uftools\/\",\"https:\/\/www.youtube.com\/@uf-tools\"]}]}<\/script>\n<!-- \/ Yoast SEO plugin. -->","yoast_head_json":{"title":"28 in 1 Mini Electric Screwdriver,Precision Power Screwdrivers Set","description":"28 in1 Mini Electric Screwdriver kit is designed with durable aluminum alloy surface to give you a fashionable and comfortable matte touch.","robots":{"index":"index","follow":"follow","max-snippet":"max-snippet:-1","max-image-preview":"max-image-preview:large","max-video-preview":"max-video-preview:-1"},"canonical":"http:\/\/www.uf-tools.com\/de\/28-in-1-mini-electric-screwdriverprecision-power-screwdrivers-set-882037\/","og_locale":"de_DE","og_type":"article","og_title":"28 in 1 Mini Electric Screwdriver,Precision Power Screwdrivers Set","og_description":"28 in1 Mini Electric Screwdriver kit is designed with durable aluminum alloy surface to give you a fashionable and comfortable matte touch.","og_url":"http:\/\/www.uf-tools.com\/de\/28-in-1-mini-electric-screwdriverprecision-power-screwdrivers-set-882037\/","og_site_name":"UF Tools Wholesale Suppliers","article_publisher":"https:\/\/www.facebook.com\/UFTOOLS\/?show_switched_toast=0&show_invite_to_follow=0&show_switched_tooltip=0&show_podcast_settings=0&show_community_review_changes=0&show_community_rollback=0&show_follower_visibility_disclosure=0","article_modified_time":"2025-05-28T06:13:58+00:00","og_image":[{"width":1030,"height":1030,"url":"http:\/\/www.uf-tools.com\/wp-content\/uploads\/2023\/09\/1-3.jpg","type":"image\/jpeg"}],"twitter_card":"summary_large_image","twitter_site":"@uftools","twitter_misc":{"Gesch\u00e4tzte Lesezeit":"4\u00a0Minuten"},"schema":{"@context":"https:\/\/schema.org","@graph":[{"@type":"WebPage","@id":"http:\/\/www.uf-tools.com\/pt\/conjunto-de-mini-aparafusadoras-electricas-de-precisao-28-em-1-882037\/","url":"http:\/\/www.uf-tools.com\/pt\/conjunto-de-mini-aparafusadoras-electricas-de-precisao-28-em-1-882037\/","name":"28 in 1 Mini Electric Screwdriver,Precision Power Screwdrivers Set","isPartOf":{"@id":"http:\/\/www.uf-tools.com\/ja\/#website"},"primaryImageOfPage":{"@id":"http:\/\/www.uf-tools.com\/pt\/conjunto-de-mini-aparafusadoras-electricas-de-precisao-28-em-1-882037\/#primaryimage"},"image":{"@id":"http:\/\/www.uf-tools.com\/pt\/conjunto-de-mini-aparafusadoras-electricas-de-precisao-28-em-1-882037\/#primaryimage"},"thumbnailUrl":"https:\/\/www.uf-tools.com\/wp-content\/uploads\/2023\/09\/1-3.jpg","datePublished":"2023-09-22T06:32:18+00:00","dateModified":"2025-05-28T06:13:58+00:00","description":"28 in1 Mini Electric Screwdriver kit is designed with durable aluminum alloy surface to give you a fashionable and comfortable matte touch.","breadcrumb":{"@id":"http:\/\/www.uf-tools.com\/pt\/conjunto-de-mini-aparafusadoras-electricas-de-precisao-28-em-1-882037\/#breadcrumb"},"inLanguage":"de","potentialAction":[{"@type":"ReadAction","target":["http:\/\/www.uf-tools.com\/pt\/conjunto-de-mini-aparafusadoras-electricas-de-precisao-28-em-1-882037\/"]}]},{"@type":"ImageObject","inLanguage":"de","@id":"http:\/\/www.uf-tools.com\/pt\/conjunto-de-mini-aparafusadoras-electricas-de-precisao-28-em-1-882037\/#primaryimage","url":"https:\/\/www.uf-tools.com\/wp-content\/uploads\/2023\/09\/1-3.jpg","contentUrl":"https:\/\/www.uf-tools.com\/wp-content\/uploads\/2023\/09\/1-3.jpg","width":1030,"height":1030},{"@type":"BreadcrumbList","@id":"http:\/\/www.uf-tools.com\/pt\/conjunto-de-mini-aparafusadoras-electricas-de-precisao-28-em-1-882037\/#breadcrumb","itemListElement":[{"@type":"ListItem","position":1,"name":"Home","item":"http:\/\/www.uf-tools.com\/ja\/"},{"@type":"ListItem","position":2,"name":"Shop","item":"http:\/\/www.uf-tools.com\/ja\/shop\/"},{"@type":"ListItem","position":3,"name":"28 in 1 Mini Electric Screwdriver,Precision Power Screwdrivers Set &#8211; 882037"}]},{"@type":"WebSite","@id":"http:\/\/www.uf-tools.com\/ja\/#website","url":"http:\/\/www.uf-tools.com\/ja\/","name":"Manufacturer of precision digital repair tools","description":"UF TOOLS","publisher":{"@id":"http:\/\/www.uf-tools.com\/ja\/#organization"},"potentialAction":[{"@type":"SearchAction","target":{"@type":"EntryPoint","urlTemplate":"http:\/\/www.uf-tools.com\/ja\/?s={search_term_string}"},"query-input":{"@type":"PropertyValueSpecification","valueRequired":true,"valueName":"search_term_string"}}],"inLanguage":"de"},{"@type":"Organization","@id":"http:\/\/www.uf-tools.com\/ja\/#organization","name":"UF Tools Wholesale Suppliers","url":"http:\/\/www.uf-tools.com\/ja\/","logo":{"@type":"ImageObject","inLanguage":"de","@id":"http:\/\/www.uf-tools.com\/ja\/#\/schema\/logo\/image\/","url":"https:\/\/www.uf-tools.com\/wp-content\/uploads\/2023\/07\/logo-blue.svg","contentUrl":"https:\/\/www.uf-tools.com\/wp-content\/uploads\/2023\/07\/logo-blue.svg","width":242,"height":56,"caption":"UF Tools Wholesale Suppliers"},"image":{"@id":"http:\/\/www.uf-tools.com\/ja\/#\/schema\/logo\/image\/"},"sameAs":["https:\/\/www.facebook.com\/UFTOOLS\/?show_switched_toast=0&show_invite_to_follow=0&show_switched_tooltip=0&show_podcast_settings=0&show_community_review_changes=0&show_community_rollback=0&show_follower_visibility_disclosure=0","https:\/\/x.com\/uftools","https:\/\/www.instagram.com\/youfutools\/","https:\/\/www.pinterest.com\/uftools\/","https:\/\/www.youtube.com\/@uf-tools"]}]}},"_links":{"self":[{"href":"https:\/\/www.uf-tools.com\/de\/wp-json\/wp\/v2\/product\/16966","targetHints":{"allow":["GET"]}}],"collection":[{"href":"https:\/\/www.uf-tools.com\/de\/wp-json\/wp\/v2\/product"}],"about":[{"href":"https:\/\/www.uf-tools.com\/de\/wp-json\/wp\/v2\/types\/product"}],"replies":[{"embeddable":true,"href":"https:\/\/www.uf-tools.com\/de\/wp-json\/wp\/v2\/comments?post=16966"}],"version-history":[{"count":1,"href":"https:\/\/www.uf-tools.com\/de\/wp-json\/wp\/v2\/product\/16966\/revisions"}],"predecessor-version":[{"id":19208,"href":"https:\/\/www.uf-tools.com\/de\/wp-json\/wp\/v2\/product\/16966\/revisions\/19208"}],"wp:featuredmedia":[{"embeddable":true,"href":"https:\/\/www.uf-tools.com\/de\/wp-json\/wp\/v2\/media\/16967"}],"wp:attachment":[{"href":"https:\/\/www.uf-tools.com\/de\/wp-json\/wp\/v2\/media?parent=16966"}],"wp:term":[{"taxonomy":"product_cat","embeddable":true,"href":"https:\/\/www.uf-tools.com\/de\/wp-json\/wp\/v2\/product_cat?post=16966"},{"taxonomy":"product_tag","embeddable":true,"href":"https:\/\/www.uf-tools.com\/de\/wp-json\/wp\/v2\/product_tag?post=16966"}],"curies":[{"name":"wp","href":"https:\/\/api.w.org\/{rel}","templated":true}]}}