{"id":16927,"date":"2023-09-22T03:35:05","date_gmt":"2023-09-22T03:35:05","guid":{"rendered":"https:\/\/www.uf-tools.com\/?post_type=product&#038;p=16927"},"modified":"2025-02-21T09:29:38","modified_gmt":"2025-02-21T09:29:38","slug":"62-in-1-mini-electric-screwdrivercordless-precision-screwdriver-with-48-bits-882038","status":"publish","type":"product","link":"https:\/\/www.uf-tools.com\/de\/62-in-1-mini-elektroschrauberakku-prazisionsschraubendreher-mit-48-bits-882038\/","title":{"rendered":"62 in 1 Mini-Elektroschrauber, Akku-Pr\u00e4zisionsschraubendreher mit 48 Bits - 882038"},"content":{"rendered":"<h2>62 in 1 Mini-Elektroschrauber, Akku-Pr\u00e4zisionsschraubendreher mit 48 Bits - 882038<\/h2>\n<p>\u3010Upgraded Excellent Quality\u301162 in 1 Pr\u00e4zisions-Elektroschraubendreher-Set mit langlebiger Aluminiumlegierung Oberfl\u00e4che, ausgestattet mit 48pcs hochwertigen S2 Stahl Schraubendreher magnetische Bits. Der stiftf\u00f6rmige K\u00f6rper ist ergonomisch gestaltet und leicht zu greifen.<br \/>\n\u3010Klein und leistungsstark\u3011Dieser Mini-Drehmoment-Schraubendreher hat eine Drehgeschwindigkeit von 200r\/min, Automatik-Modus mit 0,25-0,35N.M Drehmoment, angetrieben durch 350mAh wiederaufladbare Lithium-Batterie, 30~40 Minuten Ladezeit, und arbeitet kontinuierlich f\u00fcr 2-3 Stunden, die v\u00f6llig genug Energie f\u00fcr Ihre elektronische Reparaturarbeiten hat.<br \/>\n\u3010LED-Licht &amp; USB-Laden\u3011Dieser Akkuschrauber ist mit einer schattenfreien 360\u00b0-Beleuchtung ausgestattet und verf\u00fcgt \u00fcber 3 LED-Lichter, um den Arbeitsbereich zu erhellen. Mit einer starken magnetischen Bits Design, wird der Schraubendreher fest die Schraubendreher Bits absorbieren.<br \/>\n\u3010Weit anwendbar\u3011Dieser wiederaufladbare Strom <a href=\"https:\/\/www.uf-tools.com\/de\/enthullung-des-prazisionsherstellungsprozesses-von-schraubendreherbits\/\"  data-wpil-monitor-id=\"3\">Schraubendreher mit 48 Pr\u00e4zisionsbits<\/a>einschlie\u00dflich Phillips, Torx, Pentalobe, Flathead, Hex, etc., geeignet f\u00fcr die Quarzuhr, Kamera digital, Radios, Tablet-PC, Handys, Drohnen, Joystick, Laptop, iPhone, Brille, Macbook, Xbox und Spielzeug, etc.<br \/>\n\u3010Geschenkset Ideen\u3011Ob Sie Steckdosen in der K\u00fcche austauschen, Batterien in das ferngesteuerte Auto eines Kindes einsetzen oder ein anderes Heimwerkerprojekt durchf\u00fchren, ein elektrischer Pr\u00e4zisionsschraubendreher kann sich als n\u00fctzlich erweisen, wenn Sie Schrauben schnell und effizient anziehen und entfernen m\u00fcssen.<\/p>\n<div class=\"a-column a-span6\">\n<table class=\"a-bordered a-horizontal-stripes aplus-tech-spec-table\">\n<tbody>\n<tr>\n<td class=\"a-text-bold\">Philllips<\/td>\n<td>PH0, PH00, PH000, PH1<\/td>\n<\/tr>\n<tr>\n<td class=\"a-text-bold\">Flachkopf<\/td>\n<td>SL1.0, SL1.5, SL2.0, SL2.5, SL3.0, SL3.5, SL4.0<\/td>\n<\/tr>\n<tr>\n<td class=\"a-text-bold\">Torx<\/td>\n<td>T2, T3, T4<\/td>\n<\/tr>\n<tr>\n<td class=\"a-text-bold\">SIM<\/td>\n<td>0.8<\/td>\n<\/tr>\n<tr>\n<td class=\"a-text-bold\">Schraubenschl\u00fcssel (U-Typ)<\/td>\n<td>2.6, 3.0<\/td>\n<\/tr>\n<tr>\n<td class=\"a-text-bold\">Dreieck<\/td>\n<td>2.0, 2.3, 3.0<\/td>\n<\/tr>\n<tr>\n<td class=\"a-text-bold\">Dreifl\u00fcgelig (Y-Typ)<\/td>\n<td>Y0,6, Y1, Y2,0, Y2,5<\/td>\n<\/tr>\n<\/tbody>\n<\/table>\n<\/div>\n<div class=\"a-column a-span6 a-span-last\">\n<table class=\"a-bordered a-horizontal-stripes aplus-tech-spec-table\">\n<tbody>\n<tr>\n<td class=\"a-text-bold\">Torx-Sicherheit<\/td>\n<td>T5H, T6H, T7H, T8H, T9H, T10H, T15H, T20H<\/td>\n<\/tr>\n<tr>\n<td class=\"a-text-bold\">Quadratisch<\/td>\n<td>SQ0, SQ1<\/td>\n<\/tr>\n<tr>\n<td class=\"a-text-bold\">Hex<\/td>\n<td>H0.7, H0.9, H1.3, H1.5, H2.0, H2.5, H3.0, H3.5, H4.0<\/td>\n<\/tr>\n<tr>\n<td class=\"a-text-bold\">MID<\/td>\n<td>2.5<\/td>\n<\/tr>\n<tr>\n<td class=\"a-text-bold\">1.5<\/td>\n<td>1.5<\/td>\n<\/tr>\n<tr>\n<td class=\"a-text-bold\">Pentalobe<\/td>\n<td>P2, P5, P6<\/td>\n<\/tr>\n<\/tbody>\n<\/table>\n<\/div>\n<p><!--more--><\/p>\n<p><img loading=\"lazy\" decoding=\"async\" class=\"size-full wp-image-16934 aligncenter\" src=\"https:\/\/www.uf-tools.com\/wp-content\/uploads\/2023\/09\/62-in-1-Mini-Electric-ScrewdriverCordless-Precision-Screwdriver-with-48-Bits-1-1.jpg\" alt=\"\" width=\"790\" height=\"1559\" srcset=\"https:\/\/www.uf-tools.com\/wp-content\/uploads\/2023\/09\/62-in-1-Mini-Electric-ScrewdriverCordless-Precision-Screwdriver-with-48-Bits-1-1.jpg 790w, https:\/\/www.uf-tools.com\/wp-content\/uploads\/2023\/09\/62-in-1-Mini-Electric-ScrewdriverCordless-Precision-Screwdriver-with-48-Bits-1-1-768x1516.jpg 768w, https:\/\/www.uf-tools.com\/wp-content\/uploads\/2023\/09\/62-in-1-Mini-Electric-ScrewdriverCordless-Precision-Screwdriver-with-48-Bits-1-1-778x1536.jpg 778w, https:\/\/www.uf-tools.com\/wp-content\/uploads\/2023\/09\/62-in-1-Mini-Electric-ScrewdriverCordless-Precision-Screwdriver-with-48-Bits-1-1-6x12.jpg 6w\" sizes=\"auto, (max-width: 790px) 100vw, 790px\" \/> <img loading=\"lazy\" decoding=\"async\" class=\"size-full wp-image-16935 aligncenter\" src=\"https:\/\/www.uf-tools.com\/wp-content\/uploads\/2023\/09\/62-in-1-Mini-Electric-ScrewdriverCordless-Precision-Screwdriver-with-48-Bits-2-1.jpg\" alt=\"\" width=\"790\" height=\"1376\" srcset=\"https:\/\/www.uf-tools.com\/wp-content\/uploads\/2023\/09\/62-in-1-Mini-Electric-ScrewdriverCordless-Precision-Screwdriver-with-48-Bits-2-1.jpg 790w, https:\/\/www.uf-tools.com\/wp-content\/uploads\/2023\/09\/62-in-1-Mini-Electric-ScrewdriverCordless-Precision-Screwdriver-with-48-Bits-2-1-768x1338.jpg 768w, https:\/\/www.uf-tools.com\/wp-content\/uploads\/2023\/09\/62-in-1-Mini-Electric-ScrewdriverCordless-Precision-Screwdriver-with-48-Bits-2-1-7x12.jpg 7w\" sizes=\"auto, (max-width: 790px) 100vw, 790px\" \/> <img loading=\"lazy\" decoding=\"async\" class=\"size-full wp-image-16936 aligncenter\" src=\"https:\/\/www.uf-tools.com\/wp-content\/uploads\/2023\/09\/62-in-1-Mini-Electric-ScrewdriverCordless-Precision-Screwdriver-with-48-Bits-3-1.jpg\" alt=\"\" width=\"790\" height=\"1279\" srcset=\"https:\/\/www.uf-tools.com\/wp-content\/uploads\/2023\/09\/62-in-1-Mini-Electric-ScrewdriverCordless-Precision-Screwdriver-with-48-Bits-3-1.jpg 790w, https:\/\/www.uf-tools.com\/wp-content\/uploads\/2023\/09\/62-in-1-Mini-Electric-ScrewdriverCordless-Precision-Screwdriver-with-48-Bits-3-1-768x1243.jpg 768w, https:\/\/www.uf-tools.com\/wp-content\/uploads\/2023\/09\/62-in-1-Mini-Electric-ScrewdriverCordless-Precision-Screwdriver-with-48-Bits-3-1-7x12.jpg 7w\" sizes=\"auto, (max-width: 790px) 100vw, 790px\" \/> <img loading=\"lazy\" decoding=\"async\" class=\"size-full wp-image-16937 aligncenter\" src=\"https:\/\/www.uf-tools.com\/wp-content\/uploads\/2023\/09\/62-in-1-Mini-Electric-ScrewdriverCordless-Precision-Screwdriver-with-48-Bits-4-1.jpg\" alt=\"\" width=\"790\" height=\"1104\" srcset=\"https:\/\/www.uf-tools.com\/wp-content\/uploads\/2023\/09\/62-in-1-Mini-Electric-ScrewdriverCordless-Precision-Screwdriver-with-48-Bits-4-1.jpg 790w, https:\/\/www.uf-tools.com\/wp-content\/uploads\/2023\/09\/62-in-1-Mini-Electric-ScrewdriverCordless-Precision-Screwdriver-with-48-Bits-4-1-768x1073.jpg 768w, https:\/\/www.uf-tools.com\/wp-content\/uploads\/2023\/09\/62-in-1-Mini-Electric-ScrewdriverCordless-Precision-Screwdriver-with-48-Bits-4-1-9x12.jpg 9w\" sizes=\"auto, (max-width: 790px) 100vw, 790px\" \/> <img loading=\"lazy\" decoding=\"async\" class=\"size-full wp-image-16938 aligncenter\" src=\"https:\/\/www.uf-tools.com\/wp-content\/uploads\/2023\/09\/62-in-1-Mini-Electric-ScrewdriverCordless-Precision-Screwdriver-with-48-Bits-5-1.jpg\" alt=\"\" width=\"790\" height=\"1234\" srcset=\"https:\/\/www.uf-tools.com\/wp-content\/uploads\/2023\/09\/62-in-1-Mini-Electric-ScrewdriverCordless-Precision-Screwdriver-with-48-Bits-5-1.jpg 790w, https:\/\/www.uf-tools.com\/wp-content\/uploads\/2023\/09\/62-in-1-Mini-Electric-ScrewdriverCordless-Precision-Screwdriver-with-48-Bits-5-1-768x1200.jpg 768w, https:\/\/www.uf-tools.com\/wp-content\/uploads\/2023\/09\/62-in-1-Mini-Electric-ScrewdriverCordless-Precision-Screwdriver-with-48-Bits-5-1-8x12.jpg 8w\" sizes=\"auto, (max-width: 790px) 100vw, 790px\" \/> <img loading=\"lazy\" decoding=\"async\" class=\"size-full wp-image-16939 aligncenter\" src=\"https:\/\/www.uf-tools.com\/wp-content\/uploads\/2023\/09\/62-in-1-Mini-Electric-ScrewdriverCordless-Precision-Screwdriver-with-48-Bits-6-1.jpg\" alt=\"\" width=\"790\" height=\"847\" srcset=\"https:\/\/www.uf-tools.com\/wp-content\/uploads\/2023\/09\/62-in-1-Mini-Electric-ScrewdriverCordless-Precision-Screwdriver-with-48-Bits-6-1.jpg 790w, https:\/\/www.uf-tools.com\/wp-content\/uploads\/2023\/09\/62-in-1-Mini-Electric-ScrewdriverCordless-Precision-Screwdriver-with-48-Bits-6-1-768x823.jpg 768w, https:\/\/www.uf-tools.com\/wp-content\/uploads\/2023\/09\/62-in-1-Mini-Electric-ScrewdriverCordless-Precision-Screwdriver-with-48-Bits-6-1-11x12.jpg 11w\" sizes=\"auto, (max-width: 790px) 100vw, 790px\" \/> <img loading=\"lazy\" decoding=\"async\" class=\"size-full wp-image-16940 aligncenter\" src=\"https:\/\/www.uf-tools.com\/wp-content\/uploads\/2023\/09\/62-in-1-Mini-Electric-ScrewdriverCordless-Precision-Screwdriver-with-48-Bits-7.jpg\" alt=\"\" width=\"790\" height=\"1086\" srcset=\"https:\/\/www.uf-tools.com\/wp-content\/uploads\/2023\/09\/62-in-1-Mini-Electric-ScrewdriverCordless-Precision-Screwdriver-with-48-Bits-7.jpg 790w, https:\/\/www.uf-tools.com\/wp-content\/uploads\/2023\/09\/62-in-1-Mini-Electric-ScrewdriverCordless-Precision-Screwdriver-with-48-Bits-7-768x1056.jpg 768w, https:\/\/www.uf-tools.com\/wp-content\/uploads\/2023\/09\/62-in-1-Mini-Electric-ScrewdriverCordless-Precision-Screwdriver-with-48-Bits-7-9x12.jpg 9w\" sizes=\"auto, (max-width: 790px) 100vw, 790px\" \/> <img loading=\"lazy\" decoding=\"async\" class=\"size-full wp-image-16941 aligncenter\" src=\"https:\/\/www.uf-tools.com\/wp-content\/uploads\/2023\/09\/62-in-1-Mini-Electric-ScrewdriverCordless-Precision-Screwdriver-with-48-Bits-8.jpg\" alt=\"\" width=\"790\" height=\"993\" srcset=\"https:\/\/www.uf-tools.com\/wp-content\/uploads\/2023\/09\/62-in-1-Mini-Electric-ScrewdriverCordless-Precision-Screwdriver-with-48-Bits-8.jpg 790w, https:\/\/www.uf-tools.com\/wp-content\/uploads\/2023\/09\/62-in-1-Mini-Electric-ScrewdriverCordless-Precision-Screwdriver-with-48-Bits-8-768x965.jpg 768w, https:\/\/www.uf-tools.com\/wp-content\/uploads\/2023\/09\/62-in-1-Mini-Electric-ScrewdriverCordless-Precision-Screwdriver-with-48-Bits-8-10x12.jpg 10w\" sizes=\"auto, (max-width: 790px) 100vw, 790px\" \/> <img loading=\"lazy\" decoding=\"async\" class=\"size-full wp-image-16942 aligncenter\" src=\"https:\/\/www.uf-tools.com\/wp-content\/uploads\/2023\/09\/62-in-1-Mini-Electric-ScrewdriverCordless-Precision-Screwdriver-with-48-Bits-9.jpg\" alt=\"\" width=\"790\" height=\"943\" srcset=\"https:\/\/www.uf-tools.com\/wp-content\/uploads\/2023\/09\/62-in-1-Mini-Electric-ScrewdriverCordless-Precision-Screwdriver-with-48-Bits-9.jpg 790w, https:\/\/www.uf-tools.com\/wp-content\/uploads\/2023\/09\/62-in-1-Mini-Electric-ScrewdriverCordless-Precision-Screwdriver-with-48-Bits-9-768x917.jpg 768w, https:\/\/www.uf-tools.com\/wp-content\/uploads\/2023\/09\/62-in-1-Mini-Electric-ScrewdriverCordless-Precision-Screwdriver-with-48-Bits-9-10x12.jpg 10w\" sizes=\"auto, (max-width: 790px) 100vw, 790px\" \/> <img loading=\"lazy\" decoding=\"async\" class=\"size-full wp-image-16943 aligncenter\" src=\"https:\/\/www.uf-tools.com\/wp-content\/uploads\/2023\/09\/62-in-1-Mini-Electric-ScrewdriverCordless-Precision-Screwdriver-with-48-Bits-10.jpg\" alt=\"\" width=\"790\" height=\"1094\" srcset=\"https:\/\/www.uf-tools.com\/wp-content\/uploads\/2023\/09\/62-in-1-Mini-Electric-ScrewdriverCordless-Precision-Screwdriver-with-48-Bits-10.jpg 790w, https:\/\/www.uf-tools.com\/wp-content\/uploads\/2023\/09\/62-in-1-Mini-Electric-ScrewdriverCordless-Precision-Screwdriver-with-48-Bits-10-768x1064.jpg 768w, https:\/\/www.uf-tools.com\/wp-content\/uploads\/2023\/09\/62-in-1-Mini-Electric-ScrewdriverCordless-Precision-Screwdriver-with-48-Bits-10-9x12.jpg 9w\" sizes=\"auto, (max-width: 790px) 100vw, 790px\" \/><\/p>","protected":false},"excerpt":{"rendered":"<p>Dieser Mini-Drehmoment-Schraubendreher hat eine Drehgeschwindigkeit von 200r\/min, Automatik-Modus mit 0,25-0,35N.M Drehmoment, angetrieben durch 350mAh wiederaufladbare Lithium-Batterie, 30~40 Minuten Ladezeit, und arbeitet kontinuierlich f\u00fcr 2-3 Stunden, die v\u00f6llig genug Energie f\u00fcr Ihre elektronische Reparatur Arbeit hat.<\/p>","protected":false},"featured_media":16928,"comment_status":"open","ping_status":"closed","template":"","meta":[],"product_cat":[87,49],"product_tag":[90,91,88,89],"class_list":{"0":"post-16927","1":"product","2":"type-product","3":"status-publish","4":"has-post-thumbnail","6":"product_cat-mini-electric-screwdriver","7":"product_cat-power-tools","8":"product_tag-electric-precision-screwdriver","9":"product_tag-mini-cordless-screwdriver","10":"product_tag-mini-electric-screwdriver","11":"product_tag-precision-electric-screwdriver","12":"product_brand-uf-tools","14":"first","15":"outofstock","16":"sale","17":"purchasable","18":"product-type-simple"},"yoast_head":"<!-- This site is optimized with the Yoast SEO plugin v26.9 - https:\/\/yoast.com\/product\/yoast-seo-wordpress\/ -->\n<title>62 in 1 Mini Electric Screwdriver,Cordless Precision Screwdriver set<\/title>\n<meta name=\"description\" content=\"This mini torque screwdriver has a rotate speed of 200r\/min, automatic mode with 0.25-0.35N.M torque, powered by 350mAh rechargeable lithium battery\" \/>\n<meta name=\"robots\" content=\"index, follow, max-snippet:-1, max-image-preview:large, max-video-preview:-1\" \/>\n<link rel=\"canonical\" href=\"https:\/\/www.uf-tools.com\/de\/62-in-1-mini-elektroschrauberakku-prazisionsschraubendreher-mit-48-bits-882038\/\" \/>\n<meta property=\"og:locale\" content=\"de_DE\" \/>\n<meta property=\"og:type\" content=\"article\" \/>\n<meta property=\"og:title\" content=\"62 in 1 Mini Electric Screwdriver,Cordless Precision Screwdriver set\" \/>\n<meta property=\"og:description\" content=\"This mini torque screwdriver has a rotate speed of 200r\/min, automatic mode with 0.25-0.35N.M torque, powered by 350mAh rechargeable lithium battery\" \/>\n<meta property=\"og:url\" content=\"https:\/\/www.uf-tools.com\/de\/62-in-1-mini-elektroschrauberakku-prazisionsschraubendreher-mit-48-bits-882038\/\" \/>\n<meta property=\"og:site_name\" content=\"UF Tools Wholesale Suppliers\" \/>\n<meta property=\"article:publisher\" content=\"https:\/\/www.facebook.com\/UFTOOLS\/?show_switched_toast=0&amp;show_invite_to_follow=0&amp;show_switched_tooltip=0&amp;show_podcast_settings=0&amp;show_community_review_changes=0&amp;show_community_rollback=0&amp;show_follower_visibility_disclosure=0\" \/>\n<meta property=\"article:modified_time\" content=\"2025-02-21T09:29:38+00:00\" \/>\n<meta property=\"og:image\" content=\"https:\/\/www.uf-tools.com\/wp-content\/uploads\/2023\/09\/62-in-1-Mini-Electric-ScrewdriverCordless-Precision-Screwdriver-with-48-Bits-1.jpg\" \/>\n\t<meta property=\"og:image:width\" content=\"1030\" \/>\n\t<meta property=\"og:image:height\" content=\"1030\" \/>\n\t<meta property=\"og:image:type\" content=\"image\/jpeg\" \/>\n<meta name=\"twitter:card\" content=\"summary_large_image\" \/>\n<meta name=\"twitter:site\" content=\"@uftools\" \/>\n<meta name=\"twitter:label1\" content=\"Gesch\u00e4tzte Lesezeit\" \/>\n\t<meta name=\"twitter:data1\" content=\"4\u00a0Minuten\" \/>\n<script type=\"application\/ld+json\" class=\"yoast-schema-graph\">{\"@context\":\"https:\/\/schema.org\",\"@graph\":[{\"@type\":\"WebPage\",\"@id\":\"https:\/\/www.uf-tools.com\/62-in-1-mini-electric-screwdrivercordless-precision-screwdriver-with-48-bits-882038\/\",\"url\":\"https:\/\/www.uf-tools.com\/62-in-1-mini-electric-screwdrivercordless-precision-screwdriver-with-48-bits-882038\/\",\"name\":\"62 in 1 Mini Electric Screwdriver,Cordless Precision Screwdriver set\",\"isPartOf\":{\"@id\":\"http:\/\/www.uf-tools.com\/ja\/#website\"},\"primaryImageOfPage\":{\"@id\":\"https:\/\/www.uf-tools.com\/62-in-1-mini-electric-screwdrivercordless-precision-screwdriver-with-48-bits-882038\/#primaryimage\"},\"image\":{\"@id\":\"https:\/\/www.uf-tools.com\/62-in-1-mini-electric-screwdrivercordless-precision-screwdriver-with-48-bits-882038\/#primaryimage\"},\"thumbnailUrl\":\"https:\/\/www.uf-tools.com\/wp-content\/uploads\/2023\/09\/62-in-1-Mini-Electric-ScrewdriverCordless-Precision-Screwdriver-with-48-Bits-1.jpg\",\"datePublished\":\"2023-09-22T03:35:05+00:00\",\"dateModified\":\"2025-02-21T09:29:38+00:00\",\"description\":\"This mini torque screwdriver has a rotate speed of 200r\/min, automatic mode with 0.25-0.35N.M torque, powered by 350mAh rechargeable lithium battery\",\"breadcrumb\":{\"@id\":\"https:\/\/www.uf-tools.com\/62-in-1-mini-electric-screwdrivercordless-precision-screwdriver-with-48-bits-882038\/#breadcrumb\"},\"inLanguage\":\"de\",\"potentialAction\":[{\"@type\":\"ReadAction\",\"target\":[\"https:\/\/www.uf-tools.com\/62-in-1-mini-electric-screwdrivercordless-precision-screwdriver-with-48-bits-882038\/\"]}]},{\"@type\":\"ImageObject\",\"inLanguage\":\"de\",\"@id\":\"https:\/\/www.uf-tools.com\/62-in-1-mini-electric-screwdrivercordless-precision-screwdriver-with-48-bits-882038\/#primaryimage\",\"url\":\"https:\/\/www.uf-tools.com\/wp-content\/uploads\/2023\/09\/62-in-1-Mini-Electric-ScrewdriverCordless-Precision-Screwdriver-with-48-Bits-1.jpg\",\"contentUrl\":\"https:\/\/www.uf-tools.com\/wp-content\/uploads\/2023\/09\/62-in-1-Mini-Electric-ScrewdriverCordless-Precision-Screwdriver-with-48-Bits-1.jpg\",\"width\":1030,\"height\":1030,\"caption\":\"62-in-1-Mini-Electric-ScrewdriverCordless-Precision-Screwdriver-with-48-Bits\"},{\"@type\":\"BreadcrumbList\",\"@id\":\"https:\/\/www.uf-tools.com\/62-in-1-mini-electric-screwdrivercordless-precision-screwdriver-with-48-bits-882038\/#breadcrumb\",\"itemListElement\":[{\"@type\":\"ListItem\",\"position\":1,\"name\":\"Home\",\"item\":\"http:\/\/www.uf-tools.com\/ja\/\"},{\"@type\":\"ListItem\",\"position\":2,\"name\":\"Shop\",\"item\":\"http:\/\/www.uf-tools.com\/ja\/shop\/\"},{\"@type\":\"ListItem\",\"position\":3,\"name\":\"62 in 1 Mini Electric Screwdriver,Cordless Precision Screwdriver with 48 Bits &#8211; 882038\"}]},{\"@type\":\"WebSite\",\"@id\":\"http:\/\/www.uf-tools.com\/ja\/#website\",\"url\":\"http:\/\/www.uf-tools.com\/ja\/\",\"name\":\"Manufacturer of precision digital repair tools\",\"description\":\"UF TOOLS\",\"publisher\":{\"@id\":\"http:\/\/www.uf-tools.com\/ja\/#organization\"},\"potentialAction\":[{\"@type\":\"SearchAction\",\"target\":{\"@type\":\"EntryPoint\",\"urlTemplate\":\"http:\/\/www.uf-tools.com\/ja\/?s={search_term_string}\"},\"query-input\":{\"@type\":\"PropertyValueSpecification\",\"valueRequired\":true,\"valueName\":\"search_term_string\"}}],\"inLanguage\":\"de\"},{\"@type\":\"Organization\",\"@id\":\"http:\/\/www.uf-tools.com\/ja\/#organization\",\"name\":\"UF Tools Wholesale Suppliers\",\"url\":\"http:\/\/www.uf-tools.com\/ja\/\",\"logo\":{\"@type\":\"ImageObject\",\"inLanguage\":\"de\",\"@id\":\"http:\/\/www.uf-tools.com\/ja\/#\/schema\/logo\/image\/\",\"url\":\"https:\/\/www.uf-tools.com\/wp-content\/uploads\/2023\/07\/logo-blue.svg\",\"contentUrl\":\"https:\/\/www.uf-tools.com\/wp-content\/uploads\/2023\/07\/logo-blue.svg\",\"width\":242,\"height\":56,\"caption\":\"UF Tools Wholesale Suppliers\"},\"image\":{\"@id\":\"http:\/\/www.uf-tools.com\/ja\/#\/schema\/logo\/image\/\"},\"sameAs\":[\"https:\/\/www.facebook.com\/UFTOOLS\/?show_switched_toast=0&show_invite_to_follow=0&show_switched_tooltip=0&show_podcast_settings=0&show_community_review_changes=0&show_community_rollback=0&show_follower_visibility_disclosure=0\",\"https:\/\/x.com\/uftools\",\"https:\/\/www.instagram.com\/youfutools\/\",\"https:\/\/www.pinterest.com\/uftools\/\",\"https:\/\/www.youtube.com\/@uf-tools\"]}]}<\/script>\n<!-- \/ Yoast SEO plugin. -->","yoast_head_json":{"title":"62 in 1 Mini Electric Screwdriver,Cordless Precision Screwdriver set","description":"This mini torque screwdriver has a rotate speed of 200r\/min, automatic mode with 0.25-0.35N.M torque, powered by 350mAh rechargeable lithium battery","robots":{"index":"index","follow":"follow","max-snippet":"max-snippet:-1","max-image-preview":"max-image-preview:large","max-video-preview":"max-video-preview:-1"},"canonical":"https:\/\/www.uf-tools.com\/de\/62-in-1-mini-elektroschrauberakku-prazisionsschraubendreher-mit-48-bits-882038\/","og_locale":"de_DE","og_type":"article","og_title":"62 in 1 Mini Electric Screwdriver,Cordless Precision Screwdriver set","og_description":"This mini torque screwdriver has a rotate speed of 200r\/min, automatic mode with 0.25-0.35N.M torque, powered by 350mAh rechargeable lithium battery","og_url":"https:\/\/www.uf-tools.com\/de\/62-in-1-mini-elektroschrauberakku-prazisionsschraubendreher-mit-48-bits-882038\/","og_site_name":"UF Tools Wholesale Suppliers","article_publisher":"https:\/\/www.facebook.com\/UFTOOLS\/?show_switched_toast=0&show_invite_to_follow=0&show_switched_tooltip=0&show_podcast_settings=0&show_community_review_changes=0&show_community_rollback=0&show_follower_visibility_disclosure=0","article_modified_time":"2025-02-21T09:29:38+00:00","og_image":[{"width":1030,"height":1030,"url":"https:\/\/www.uf-tools.com\/wp-content\/uploads\/2023\/09\/62-in-1-Mini-Electric-ScrewdriverCordless-Precision-Screwdriver-with-48-Bits-1.jpg","type":"image\/jpeg"}],"twitter_card":"summary_large_image","twitter_site":"@uftools","twitter_misc":{"Gesch\u00e4tzte Lesezeit":"4\u00a0Minuten"},"schema":{"@context":"https:\/\/schema.org","@graph":[{"@type":"WebPage","@id":"https:\/\/www.uf-tools.com\/62-in-1-mini-electric-screwdrivercordless-precision-screwdriver-with-48-bits-882038\/","url":"https:\/\/www.uf-tools.com\/62-in-1-mini-electric-screwdrivercordless-precision-screwdriver-with-48-bits-882038\/","name":"62 in 1 Mini Electric Screwdriver,Cordless Precision Screwdriver set","isPartOf":{"@id":"http:\/\/www.uf-tools.com\/ja\/#website"},"primaryImageOfPage":{"@id":"https:\/\/www.uf-tools.com\/62-in-1-mini-electric-screwdrivercordless-precision-screwdriver-with-48-bits-882038\/#primaryimage"},"image":{"@id":"https:\/\/www.uf-tools.com\/62-in-1-mini-electric-screwdrivercordless-precision-screwdriver-with-48-bits-882038\/#primaryimage"},"thumbnailUrl":"https:\/\/www.uf-tools.com\/wp-content\/uploads\/2023\/09\/62-in-1-Mini-Electric-ScrewdriverCordless-Precision-Screwdriver-with-48-Bits-1.jpg","datePublished":"2023-09-22T03:35:05+00:00","dateModified":"2025-02-21T09:29:38+00:00","description":"This mini torque screwdriver has a rotate speed of 200r\/min, automatic mode with 0.25-0.35N.M torque, powered by 350mAh rechargeable lithium battery","breadcrumb":{"@id":"https:\/\/www.uf-tools.com\/62-in-1-mini-electric-screwdrivercordless-precision-screwdriver-with-48-bits-882038\/#breadcrumb"},"inLanguage":"de","potentialAction":[{"@type":"ReadAction","target":["https:\/\/www.uf-tools.com\/62-in-1-mini-electric-screwdrivercordless-precision-screwdriver-with-48-bits-882038\/"]}]},{"@type":"ImageObject","inLanguage":"de","@id":"https:\/\/www.uf-tools.com\/62-in-1-mini-electric-screwdrivercordless-precision-screwdriver-with-48-bits-882038\/#primaryimage","url":"https:\/\/www.uf-tools.com\/wp-content\/uploads\/2023\/09\/62-in-1-Mini-Electric-ScrewdriverCordless-Precision-Screwdriver-with-48-Bits-1.jpg","contentUrl":"https:\/\/www.uf-tools.com\/wp-content\/uploads\/2023\/09\/62-in-1-Mini-Electric-ScrewdriverCordless-Precision-Screwdriver-with-48-Bits-1.jpg","width":1030,"height":1030,"caption":"62-in-1-Mini-Electric-ScrewdriverCordless-Precision-Screwdriver-with-48-Bits"},{"@type":"BreadcrumbList","@id":"https:\/\/www.uf-tools.com\/62-in-1-mini-electric-screwdrivercordless-precision-screwdriver-with-48-bits-882038\/#breadcrumb","itemListElement":[{"@type":"ListItem","position":1,"name":"Home","item":"http:\/\/www.uf-tools.com\/ja\/"},{"@type":"ListItem","position":2,"name":"Shop","item":"http:\/\/www.uf-tools.com\/ja\/shop\/"},{"@type":"ListItem","position":3,"name":"62 in 1 Mini Electric Screwdriver,Cordless Precision Screwdriver with 48 Bits &#8211; 882038"}]},{"@type":"WebSite","@id":"http:\/\/www.uf-tools.com\/ja\/#website","url":"http:\/\/www.uf-tools.com\/ja\/","name":"Manufacturer of precision digital repair tools","description":"UF TOOLS","publisher":{"@id":"http:\/\/www.uf-tools.com\/ja\/#organization"},"potentialAction":[{"@type":"SearchAction","target":{"@type":"EntryPoint","urlTemplate":"http:\/\/www.uf-tools.com\/ja\/?s={search_term_string}"},"query-input":{"@type":"PropertyValueSpecification","valueRequired":true,"valueName":"search_term_string"}}],"inLanguage":"de"},{"@type":"Organization","@id":"http:\/\/www.uf-tools.com\/ja\/#organization","name":"UF Tools Wholesale Suppliers","url":"http:\/\/www.uf-tools.com\/ja\/","logo":{"@type":"ImageObject","inLanguage":"de","@id":"http:\/\/www.uf-tools.com\/ja\/#\/schema\/logo\/image\/","url":"https:\/\/www.uf-tools.com\/wp-content\/uploads\/2023\/07\/logo-blue.svg","contentUrl":"https:\/\/www.uf-tools.com\/wp-content\/uploads\/2023\/07\/logo-blue.svg","width":242,"height":56,"caption":"UF Tools Wholesale Suppliers"},"image":{"@id":"http:\/\/www.uf-tools.com\/ja\/#\/schema\/logo\/image\/"},"sameAs":["https:\/\/www.facebook.com\/UFTOOLS\/?show_switched_toast=0&show_invite_to_follow=0&show_switched_tooltip=0&show_podcast_settings=0&show_community_review_changes=0&show_community_rollback=0&show_follower_visibility_disclosure=0","https:\/\/x.com\/uftools","https:\/\/www.instagram.com\/youfutools\/","https:\/\/www.pinterest.com\/uftools\/","https:\/\/www.youtube.com\/@uf-tools"]}]}},"_links":{"self":[{"href":"https:\/\/www.uf-tools.com\/de\/wp-json\/wp\/v2\/product\/16927","targetHints":{"allow":["GET"]}}],"collection":[{"href":"https:\/\/www.uf-tools.com\/de\/wp-json\/wp\/v2\/product"}],"about":[{"href":"https:\/\/www.uf-tools.com\/de\/wp-json\/wp\/v2\/types\/product"}],"replies":[{"embeddable":true,"href":"https:\/\/www.uf-tools.com\/de\/wp-json\/wp\/v2\/comments?post=16927"}],"version-history":[{"count":1,"href":"https:\/\/www.uf-tools.com\/de\/wp-json\/wp\/v2\/product\/16927\/revisions"}],"predecessor-version":[{"id":19222,"href":"https:\/\/www.uf-tools.com\/de\/wp-json\/wp\/v2\/product\/16927\/revisions\/19222"}],"wp:featuredmedia":[{"embeddable":true,"href":"https:\/\/www.uf-tools.com\/de\/wp-json\/wp\/v2\/media\/16928"}],"wp:attachment":[{"href":"https:\/\/www.uf-tools.com\/de\/wp-json\/wp\/v2\/media?parent=16927"}],"wp:term":[{"taxonomy":"product_cat","embeddable":true,"href":"https:\/\/www.uf-tools.com\/de\/wp-json\/wp\/v2\/product_cat?post=16927"},{"taxonomy":"product_tag","embeddable":true,"href":"https:\/\/www.uf-tools.com\/de\/wp-json\/wp\/v2\/product_tag?post=16927"}],"curies":[{"name":"wp","href":"https:\/\/api.w.org\/{rel}","templated":true}]}}