{"id":16853,"date":"2023-09-21T07:03:51","date_gmt":"2023-09-21T07:03:51","guid":{"rendered":"https:\/\/www.uf-tools.com\/?post_type=product&#038;p=16853"},"modified":"2025-02-21T09:33:56","modified_gmt":"2025-02-21T09:33:56","slug":"best-cordless-screwdriver%ef%bc%8celectric-screwdriver-tool-set-882046","status":"publish","type":"product","link":"https:\/\/www.uf-tools.com\/de\/bester-akkuschrauber-elektrischer-schraubendreher-werkzeugsatz-882046\/","title":{"rendered":"Bester Akkuschrauber, Elektrischer Schraubendreher Werkzeugsatz - 882046"},"content":{"rendered":"<h2>Bester Akkuschrauber, Elektrischer Schraubendreher Werkzeugsatz - 882046<\/h2>\n<p>VERSATILE 20 PC SET - Enth\u00e4lt eine Vielzahl von Bits und Zubeh\u00f6r f\u00fcr Bohr- und Antriebsaufgaben.<br \/>\nCORDLESS DRILL\/DRIVER - Kompaktes, leichtes Design f\u00fcr vielseitigen Einsatz.<\/p>\n<p><b>Inklusive Paket: <\/b><\/p>\n<p>1 x Elektrischer Schraubenzieher<\/p>\n<p>1 x Kardangelenk<\/p>\n<p>1 x 1\/4 Buchsenadapter<\/p>\n<p>1 x Typ-C-Ladekabel<\/p>\n<p>1 x Verl\u00e4ngerungsstange<\/p>\n<p>2 x Sechskant-Steckschl\u00fcssel<\/p>\n<p>3 x Elektro-Bohrer<\/p>\n<p>10 x Schraubendreherbits<\/p>\n<p><!--more--><\/p>\n<p><img loading=\"lazy\" decoding=\"async\" class=\"size-full wp-image-16863 aligncenter\" src=\"https:\/\/www.uf-tools.com\/wp-content\/uploads\/2023\/09\/Best-Cordless-Screwdriver\uff0cElectric-Screwdriver-Tool-Set-882046-1.jpg\" alt=\"\" width=\"790\" height=\"1509\" srcset=\"https:\/\/www.uf-tools.com\/wp-content\/uploads\/2023\/09\/Best-Cordless-Screwdriver\uff0cElectric-Screwdriver-Tool-Set-882046-1.jpg 790w, https:\/\/www.uf-tools.com\/wp-content\/uploads\/2023\/09\/Best-Cordless-Screwdriver\uff0cElectric-Screwdriver-Tool-Set-882046-1-768x1467.jpg 768w, https:\/\/www.uf-tools.com\/wp-content\/uploads\/2023\/09\/Best-Cordless-Screwdriver\uff0cElectric-Screwdriver-Tool-Set-882046-1-6x12.jpg 6w\" sizes=\"auto, (max-width: 790px) 100vw, 790px\" \/> <img loading=\"lazy\" decoding=\"async\" class=\"size-full wp-image-16864 aligncenter\" src=\"https:\/\/www.uf-tools.com\/wp-content\/uploads\/2023\/09\/Best-Cordless-Screwdriver\uff0cElectric-Screwdriver-Tool-Set-882046-2.jpg\" alt=\"\" width=\"790\" height=\"1491\" srcset=\"https:\/\/www.uf-tools.com\/wp-content\/uploads\/2023\/09\/Best-Cordless-Screwdriver\uff0cElectric-Screwdriver-Tool-Set-882046-2.jpg 790w, https:\/\/www.uf-tools.com\/wp-content\/uploads\/2023\/09\/Best-Cordless-Screwdriver\uff0cElectric-Screwdriver-Tool-Set-882046-2-768x1449.jpg 768w, https:\/\/www.uf-tools.com\/wp-content\/uploads\/2023\/09\/Best-Cordless-Screwdriver\uff0cElectric-Screwdriver-Tool-Set-882046-2-6x12.jpg 6w\" sizes=\"auto, (max-width: 790px) 100vw, 790px\" \/> <img loading=\"lazy\" decoding=\"async\" class=\"size-full wp-image-16865 aligncenter\" src=\"https:\/\/www.uf-tools.com\/wp-content\/uploads\/2023\/09\/Best-Cordless-Screwdriver\uff0cElectric-Screwdriver-Tool-Set-882046-3.jpg\" alt=\"\" width=\"790\" height=\"1500\" srcset=\"https:\/\/www.uf-tools.com\/wp-content\/uploads\/2023\/09\/Best-Cordless-Screwdriver\uff0cElectric-Screwdriver-Tool-Set-882046-3.jpg 790w, https:\/\/www.uf-tools.com\/wp-content\/uploads\/2023\/09\/Best-Cordless-Screwdriver\uff0cElectric-Screwdriver-Tool-Set-882046-3-768x1458.jpg 768w, https:\/\/www.uf-tools.com\/wp-content\/uploads\/2023\/09\/Best-Cordless-Screwdriver\uff0cElectric-Screwdriver-Tool-Set-882046-3-6x12.jpg 6w\" sizes=\"auto, (max-width: 790px) 100vw, 790px\" \/> <img loading=\"lazy\" decoding=\"async\" class=\"size-full wp-image-16866 aligncenter\" src=\"https:\/\/www.uf-tools.com\/wp-content\/uploads\/2023\/09\/Best-Cordless-Screwdriver\uff0cElectric-Screwdriver-Tool-Set-882046-4.jpg\" alt=\"\" width=\"790\" height=\"1500\" srcset=\"https:\/\/www.uf-tools.com\/wp-content\/uploads\/2023\/09\/Best-Cordless-Screwdriver\uff0cElectric-Screwdriver-Tool-Set-882046-4.jpg 790w, https:\/\/www.uf-tools.com\/wp-content\/uploads\/2023\/09\/Best-Cordless-Screwdriver\uff0cElectric-Screwdriver-Tool-Set-882046-4-768x1458.jpg 768w, https:\/\/www.uf-tools.com\/wp-content\/uploads\/2023\/09\/Best-Cordless-Screwdriver\uff0cElectric-Screwdriver-Tool-Set-882046-4-6x12.jpg 6w\" sizes=\"auto, (max-width: 790px) 100vw, 790px\" \/> <img loading=\"lazy\" decoding=\"async\" class=\"size-full wp-image-16867 aligncenter\" src=\"https:\/\/www.uf-tools.com\/wp-content\/uploads\/2023\/09\/Best-Cordless-Screwdriver\uff0cElectric-Screwdriver-Tool-Set-882046-5.jpg\" alt=\"\" width=\"790\" height=\"1500\" srcset=\"https:\/\/www.uf-tools.com\/wp-content\/uploads\/2023\/09\/Best-Cordless-Screwdriver\uff0cElectric-Screwdriver-Tool-Set-882046-5.jpg 790w, https:\/\/www.uf-tools.com\/wp-content\/uploads\/2023\/09\/Best-Cordless-Screwdriver\uff0cElectric-Screwdriver-Tool-Set-882046-5-768x1458.jpg 768w, https:\/\/www.uf-tools.com\/wp-content\/uploads\/2023\/09\/Best-Cordless-Screwdriver\uff0cElectric-Screwdriver-Tool-Set-882046-5-6x12.jpg 6w\" sizes=\"auto, (max-width: 790px) 100vw, 790px\" \/> <img loading=\"lazy\" decoding=\"async\" class=\"size-full wp-image-16868 aligncenter\" src=\"https:\/\/www.uf-tools.com\/wp-content\/uploads\/2023\/09\/Best-Cordless-Screwdriver\uff0cElectric-Screwdriver-Tool-Set-882046-6.jpg\" alt=\"\" width=\"790\" height=\"1500\" srcset=\"https:\/\/www.uf-tools.com\/wp-content\/uploads\/2023\/09\/Best-Cordless-Screwdriver\uff0cElectric-Screwdriver-Tool-Set-882046-6.jpg 790w, https:\/\/www.uf-tools.com\/wp-content\/uploads\/2023\/09\/Best-Cordless-Screwdriver\uff0cElectric-Screwdriver-Tool-Set-882046-6-768x1458.jpg 768w, https:\/\/www.uf-tools.com\/wp-content\/uploads\/2023\/09\/Best-Cordless-Screwdriver\uff0cElectric-Screwdriver-Tool-Set-882046-6-6x12.jpg 6w\" sizes=\"auto, (max-width: 790px) 100vw, 790px\" \/> <img loading=\"lazy\" decoding=\"async\" class=\"size-full wp-image-16869 aligncenter\" src=\"https:\/\/www.uf-tools.com\/wp-content\/uploads\/2023\/09\/Best-Cordless-Screwdriver\uff0cElectric-Screwdriver-Tool-Set-882046-7.jpg\" alt=\"\" width=\"790\" height=\"1500\" srcset=\"https:\/\/www.uf-tools.com\/wp-content\/uploads\/2023\/09\/Best-Cordless-Screwdriver\uff0cElectric-Screwdriver-Tool-Set-882046-7.jpg 790w, https:\/\/www.uf-tools.com\/wp-content\/uploads\/2023\/09\/Best-Cordless-Screwdriver\uff0cElectric-Screwdriver-Tool-Set-882046-7-768x1458.jpg 768w, https:\/\/www.uf-tools.com\/wp-content\/uploads\/2023\/09\/Best-Cordless-Screwdriver\uff0cElectric-Screwdriver-Tool-Set-882046-7-6x12.jpg 6w\" sizes=\"auto, (max-width: 790px) 100vw, 790px\" \/> <img loading=\"lazy\" decoding=\"async\" class=\"size-full wp-image-16870 aligncenter\" src=\"https:\/\/www.uf-tools.com\/wp-content\/uploads\/2023\/09\/Best-Cordless-Screwdriver\uff0cElectric-Screwdriver-Tool-Set-882046-8.jpg\" alt=\"\" width=\"790\" height=\"1499\" srcset=\"https:\/\/www.uf-tools.com\/wp-content\/uploads\/2023\/09\/Best-Cordless-Screwdriver\uff0cElectric-Screwdriver-Tool-Set-882046-8.jpg 790w, https:\/\/www.uf-tools.com\/wp-content\/uploads\/2023\/09\/Best-Cordless-Screwdriver\uff0cElectric-Screwdriver-Tool-Set-882046-8-768x1457.jpg 768w, https:\/\/www.uf-tools.com\/wp-content\/uploads\/2023\/09\/Best-Cordless-Screwdriver\uff0cElectric-Screwdriver-Tool-Set-882046-8-6x12.jpg 6w\" sizes=\"auto, (max-width: 790px) 100vw, 790px\" \/> <img loading=\"lazy\" decoding=\"async\" class=\"size-full wp-image-16871 aligncenter\" src=\"https:\/\/www.uf-tools.com\/wp-content\/uploads\/2023\/09\/Best-Cordless-Screwdriver\uff0cElectric-Screwdriver-Tool-Set-882046-9.jpg\" alt=\"\" width=\"790\" height=\"1501\" srcset=\"https:\/\/www.uf-tools.com\/wp-content\/uploads\/2023\/09\/Best-Cordless-Screwdriver\uff0cElectric-Screwdriver-Tool-Set-882046-9.jpg 790w, https:\/\/www.uf-tools.com\/wp-content\/uploads\/2023\/09\/Best-Cordless-Screwdriver\uff0cElectric-Screwdriver-Tool-Set-882046-9-768x1459.jpg 768w, https:\/\/www.uf-tools.com\/wp-content\/uploads\/2023\/09\/Best-Cordless-Screwdriver\uff0cElectric-Screwdriver-Tool-Set-882046-9-6x12.jpg 6w\" sizes=\"auto, (max-width: 790px) 100vw, 790px\" \/> <img loading=\"lazy\" decoding=\"async\" class=\"size-full wp-image-16872 aligncenter\" src=\"https:\/\/www.uf-tools.com\/wp-content\/uploads\/2023\/09\/Best-Cordless-Screwdriver\uff0cElectric-Screwdriver-Tool-Set-882046-10.jpg\" alt=\"\" width=\"790\" height=\"1500\" srcset=\"https:\/\/www.uf-tools.com\/wp-content\/uploads\/2023\/09\/Best-Cordless-Screwdriver\uff0cElectric-Screwdriver-Tool-Set-882046-10.jpg 790w, https:\/\/www.uf-tools.com\/wp-content\/uploads\/2023\/09\/Best-Cordless-Screwdriver\uff0cElectric-Screwdriver-Tool-Set-882046-10-768x1458.jpg 768w, https:\/\/www.uf-tools.com\/wp-content\/uploads\/2023\/09\/Best-Cordless-Screwdriver\uff0cElectric-Screwdriver-Tool-Set-882046-10-6x12.jpg 6w\" sizes=\"auto, (max-width: 790px) 100vw, 790px\" \/> <img loading=\"lazy\" decoding=\"async\" class=\"size-full wp-image-16873 aligncenter\" src=\"https:\/\/www.uf-tools.com\/wp-content\/uploads\/2023\/09\/Best-Cordless-Screwdriver\uff0cElectric-Screwdriver-Tool-Set-882046-11.jpg\" alt=\"\" width=\"790\" height=\"1215\" srcset=\"https:\/\/www.uf-tools.com\/wp-content\/uploads\/2023\/09\/Best-Cordless-Screwdriver\uff0cElectric-Screwdriver-Tool-Set-882046-11.jpg 790w, https:\/\/www.uf-tools.com\/wp-content\/uploads\/2023\/09\/Best-Cordless-Screwdriver\uff0cElectric-Screwdriver-Tool-Set-882046-11-768x1181.jpg 768w, https:\/\/www.uf-tools.com\/wp-content\/uploads\/2023\/09\/Best-Cordless-Screwdriver\uff0cElectric-Screwdriver-Tool-Set-882046-11-8x12.jpg 8w\" sizes=\"auto, (max-width: 790px) 100vw, 790px\" \/><\/p>","protected":false},"excerpt":{"rendered":"<p>VERSATILE 20 PC SET - Enth\u00e4lt eine Vielzahl von Bits und Zubeh\u00f6r f\u00fcr Bohr- und Antriebsaufgaben.<br \/>\nCORDLESS DRILL\/DRIVER - Kompaktes, leichtes Design f\u00fcr vielseitigen Einsatz.<\/p>","protected":false},"featured_media":16856,"comment_status":"open","ping_status":"closed","template":"","meta":[],"product_cat":[92,49],"product_tag":[94,95,93,43],"class_list":{"0":"post-16853","1":"product","2":"type-product","3":"status-publish","4":"has-post-thumbnail","6":"product_cat-electric-screwdriver","7":"product_cat-power-tools","8":"product_tag-cordless-screwdriver","9":"product_tag-electric-screw-driver-set","10":"product_tag-electric-screwdrivermake","11":"product_tag-power-tools","12":"product_brand-uf-tools","14":"first","15":"onbackorder","16":"sale","17":"purchasable","18":"product-type-variable"},"yoast_head":"<!-- This site is optimized with the Yoast SEO plugin v26.9 - https:\/\/yoast.com\/product\/yoast-seo-wordpress\/ -->\n<title>Best Cordless Screwdriver\uff0cElectric Screwdriver Tool Set<\/title>\n<meta name=\"description\" content=\"Includes a wide variety of bits and accessories for drilling and driving tasks.CORDLESS DRILL\/DRIVER \u2013 Compact, lightweight design for versatile use.\" \/>\n<meta name=\"robots\" content=\"index, follow, max-snippet:-1, max-image-preview:large, max-video-preview:-1\" \/>\n<link rel=\"canonical\" href=\"https:\/\/www.uf-tools.com\/de\/bester-akkuschrauber-elektrischer-schraubendreher-werkzeugsatz-882046\/\" \/>\n<meta property=\"og:locale\" content=\"de_DE\" \/>\n<meta property=\"og:type\" content=\"article\" \/>\n<meta property=\"og:title\" content=\"Best Cordless Screwdriver\uff0cElectric Screwdriver Tool Set\" \/>\n<meta property=\"og:description\" content=\"Includes a wide variety of bits and accessories for drilling and driving tasks.CORDLESS DRILL\/DRIVER \u2013 Compact, lightweight design for versatile use.\" \/>\n<meta property=\"og:url\" content=\"https:\/\/www.uf-tools.com\/de\/bester-akkuschrauber-elektrischer-schraubendreher-werkzeugsatz-882046\/\" \/>\n<meta property=\"og:site_name\" content=\"UF Tools Wholesale Suppliers\" \/>\n<meta property=\"article:publisher\" content=\"https:\/\/www.facebook.com\/UFTOOLS\/?show_switched_toast=0&amp;show_invite_to_follow=0&amp;show_switched_tooltip=0&amp;show_podcast_settings=0&amp;show_community_review_changes=0&amp;show_community_rollback=0&amp;show_follower_visibility_disclosure=0\" \/>\n<meta property=\"article:modified_time\" content=\"2025-02-21T09:33:56+00:00\" \/>\n<meta property=\"og:image\" content=\"https:\/\/www.uf-tools.com\/wp-content\/uploads\/2023\/09\/1-2.jpg\" \/>\n\t<meta property=\"og:image:width\" content=\"1030\" \/>\n\t<meta property=\"og:image:height\" content=\"1030\" \/>\n\t<meta property=\"og:image:type\" content=\"image\/jpeg\" \/>\n<meta name=\"twitter:card\" content=\"summary_large_image\" \/>\n<meta name=\"twitter:site\" content=\"@uftools\" \/>\n<meta name=\"twitter:label1\" content=\"Gesch\u00e4tzte Lesezeit\" \/>\n\t<meta name=\"twitter:data1\" content=\"3\u00a0Minuten\" \/>\n<script type=\"application\/ld+json\" class=\"yoast-schema-graph\">{\"@context\":\"https:\/\/schema.org\",\"@graph\":[{\"@type\":\"WebPage\",\"@id\":\"https:\/\/www.uf-tools.com\/best-cordless-screwdriver%ef%bc%8celectric-screwdriver-tool-set-882046\/\",\"url\":\"https:\/\/www.uf-tools.com\/best-cordless-screwdriver%ef%bc%8celectric-screwdriver-tool-set-882046\/\",\"name\":\"Best Cordless Screwdriver\uff0cElectric Screwdriver Tool Set\",\"isPartOf\":{\"@id\":\"http:\/\/www.uf-tools.com\/ja\/#website\"},\"primaryImageOfPage\":{\"@id\":\"https:\/\/www.uf-tools.com\/best-cordless-screwdriver%ef%bc%8celectric-screwdriver-tool-set-882046\/#primaryimage\"},\"image\":{\"@id\":\"https:\/\/www.uf-tools.com\/best-cordless-screwdriver%ef%bc%8celectric-screwdriver-tool-set-882046\/#primaryimage\"},\"thumbnailUrl\":\"https:\/\/www.uf-tools.com\/wp-content\/uploads\/2023\/09\/1-2.jpg\",\"datePublished\":\"2023-09-21T07:03:51+00:00\",\"dateModified\":\"2025-02-21T09:33:56+00:00\",\"description\":\"Includes a wide variety of bits and accessories for drilling and driving tasks.CORDLESS DRILL\/DRIVER \u2013 Compact, lightweight design for versatile use.\",\"breadcrumb\":{\"@id\":\"https:\/\/www.uf-tools.com\/best-cordless-screwdriver%ef%bc%8celectric-screwdriver-tool-set-882046\/#breadcrumb\"},\"inLanguage\":\"de\",\"potentialAction\":[{\"@type\":\"ReadAction\",\"target\":[\"https:\/\/www.uf-tools.com\/best-cordless-screwdriver%ef%bc%8celectric-screwdriver-tool-set-882046\/\"]}]},{\"@type\":\"ImageObject\",\"inLanguage\":\"de\",\"@id\":\"https:\/\/www.uf-tools.com\/best-cordless-screwdriver%ef%bc%8celectric-screwdriver-tool-set-882046\/#primaryimage\",\"url\":\"https:\/\/www.uf-tools.com\/wp-content\/uploads\/2023\/09\/1-2.jpg\",\"contentUrl\":\"https:\/\/www.uf-tools.com\/wp-content\/uploads\/2023\/09\/1-2.jpg\",\"width\":1030,\"height\":1030,\"caption\":\"Best Cordless Screwdriver\uff0cElectric Screwdriver Tool Set - 882046\"},{\"@type\":\"BreadcrumbList\",\"@id\":\"https:\/\/www.uf-tools.com\/best-cordless-screwdriver%ef%bc%8celectric-screwdriver-tool-set-882046\/#breadcrumb\",\"itemListElement\":[{\"@type\":\"ListItem\",\"position\":1,\"name\":\"Home\",\"item\":\"http:\/\/www.uf-tools.com\/ja\/\"},{\"@type\":\"ListItem\",\"position\":2,\"name\":\"Shop\",\"item\":\"http:\/\/www.uf-tools.com\/ja\/shop\/\"},{\"@type\":\"ListItem\",\"position\":3,\"name\":\"Best Cordless Screwdriver\uff0cElectric Screwdriver Tool Set &#8211; 882046\"}]},{\"@type\":\"WebSite\",\"@id\":\"http:\/\/www.uf-tools.com\/ja\/#website\",\"url\":\"http:\/\/www.uf-tools.com\/ja\/\",\"name\":\"Manufacturer of precision digital repair tools\",\"description\":\"UF TOOLS\",\"publisher\":{\"@id\":\"http:\/\/www.uf-tools.com\/ja\/#organization\"},\"potentialAction\":[{\"@type\":\"SearchAction\",\"target\":{\"@type\":\"EntryPoint\",\"urlTemplate\":\"http:\/\/www.uf-tools.com\/ja\/?s={search_term_string}\"},\"query-input\":{\"@type\":\"PropertyValueSpecification\",\"valueRequired\":true,\"valueName\":\"search_term_string\"}}],\"inLanguage\":\"de\"},{\"@type\":\"Organization\",\"@id\":\"http:\/\/www.uf-tools.com\/ja\/#organization\",\"name\":\"UF Tools Wholesale Suppliers\",\"url\":\"http:\/\/www.uf-tools.com\/ja\/\",\"logo\":{\"@type\":\"ImageObject\",\"inLanguage\":\"de\",\"@id\":\"http:\/\/www.uf-tools.com\/ja\/#\/schema\/logo\/image\/\",\"url\":\"https:\/\/www.uf-tools.com\/wp-content\/uploads\/2023\/07\/logo-blue.svg\",\"contentUrl\":\"https:\/\/www.uf-tools.com\/wp-content\/uploads\/2023\/07\/logo-blue.svg\",\"width\":242,\"height\":56,\"caption\":\"UF Tools Wholesale Suppliers\"},\"image\":{\"@id\":\"http:\/\/www.uf-tools.com\/ja\/#\/schema\/logo\/image\/\"},\"sameAs\":[\"https:\/\/www.facebook.com\/UFTOOLS\/?show_switched_toast=0&show_invite_to_follow=0&show_switched_tooltip=0&show_podcast_settings=0&show_community_review_changes=0&show_community_rollback=0&show_follower_visibility_disclosure=0\",\"https:\/\/x.com\/uftools\",\"https:\/\/www.instagram.com\/youfutools\/\",\"https:\/\/www.pinterest.com\/uftools\/\",\"https:\/\/www.youtube.com\/@uf-tools\"]}]}<\/script>\n<!-- \/ Yoast SEO plugin. -->","yoast_head_json":{"title":"Best Cordless Screwdriver\uff0cElectric Screwdriver Tool Set","description":"Includes a wide variety of bits and accessories for drilling and driving tasks.CORDLESS DRILL\/DRIVER \u2013 Compact, lightweight design for versatile use.","robots":{"index":"index","follow":"follow","max-snippet":"max-snippet:-1","max-image-preview":"max-image-preview:large","max-video-preview":"max-video-preview:-1"},"canonical":"https:\/\/www.uf-tools.com\/de\/bester-akkuschrauber-elektrischer-schraubendreher-werkzeugsatz-882046\/","og_locale":"de_DE","og_type":"article","og_title":"Best Cordless Screwdriver\uff0cElectric Screwdriver Tool Set","og_description":"Includes a wide variety of bits and accessories for drilling and driving tasks.CORDLESS DRILL\/DRIVER \u2013 Compact, lightweight design for versatile use.","og_url":"https:\/\/www.uf-tools.com\/de\/bester-akkuschrauber-elektrischer-schraubendreher-werkzeugsatz-882046\/","og_site_name":"UF Tools Wholesale Suppliers","article_publisher":"https:\/\/www.facebook.com\/UFTOOLS\/?show_switched_toast=0&show_invite_to_follow=0&show_switched_tooltip=0&show_podcast_settings=0&show_community_review_changes=0&show_community_rollback=0&show_follower_visibility_disclosure=0","article_modified_time":"2025-02-21T09:33:56+00:00","og_image":[{"width":1030,"height":1030,"url":"https:\/\/www.uf-tools.com\/wp-content\/uploads\/2023\/09\/1-2.jpg","type":"image\/jpeg"}],"twitter_card":"summary_large_image","twitter_site":"@uftools","twitter_misc":{"Gesch\u00e4tzte Lesezeit":"3\u00a0Minuten"},"schema":{"@context":"https:\/\/schema.org","@graph":[{"@type":"WebPage","@id":"https:\/\/www.uf-tools.com\/best-cordless-screwdriver%ef%bc%8celectric-screwdriver-tool-set-882046\/","url":"https:\/\/www.uf-tools.com\/best-cordless-screwdriver%ef%bc%8celectric-screwdriver-tool-set-882046\/","name":"Best Cordless Screwdriver\uff0cElectric Screwdriver Tool Set","isPartOf":{"@id":"http:\/\/www.uf-tools.com\/ja\/#website"},"primaryImageOfPage":{"@id":"https:\/\/www.uf-tools.com\/best-cordless-screwdriver%ef%bc%8celectric-screwdriver-tool-set-882046\/#primaryimage"},"image":{"@id":"https:\/\/www.uf-tools.com\/best-cordless-screwdriver%ef%bc%8celectric-screwdriver-tool-set-882046\/#primaryimage"},"thumbnailUrl":"https:\/\/www.uf-tools.com\/wp-content\/uploads\/2023\/09\/1-2.jpg","datePublished":"2023-09-21T07:03:51+00:00","dateModified":"2025-02-21T09:33:56+00:00","description":"Includes a wide variety of bits and accessories for drilling and driving tasks.CORDLESS DRILL\/DRIVER \u2013 Compact, lightweight design for versatile use.","breadcrumb":{"@id":"https:\/\/www.uf-tools.com\/best-cordless-screwdriver%ef%bc%8celectric-screwdriver-tool-set-882046\/#breadcrumb"},"inLanguage":"de","potentialAction":[{"@type":"ReadAction","target":["https:\/\/www.uf-tools.com\/best-cordless-screwdriver%ef%bc%8celectric-screwdriver-tool-set-882046\/"]}]},{"@type":"ImageObject","inLanguage":"de","@id":"https:\/\/www.uf-tools.com\/best-cordless-screwdriver%ef%bc%8celectric-screwdriver-tool-set-882046\/#primaryimage","url":"https:\/\/www.uf-tools.com\/wp-content\/uploads\/2023\/09\/1-2.jpg","contentUrl":"https:\/\/www.uf-tools.com\/wp-content\/uploads\/2023\/09\/1-2.jpg","width":1030,"height":1030,"caption":"Best Cordless Screwdriver\uff0cElectric Screwdriver Tool Set - 882046"},{"@type":"BreadcrumbList","@id":"https:\/\/www.uf-tools.com\/best-cordless-screwdriver%ef%bc%8celectric-screwdriver-tool-set-882046\/#breadcrumb","itemListElement":[{"@type":"ListItem","position":1,"name":"Home","item":"http:\/\/www.uf-tools.com\/ja\/"},{"@type":"ListItem","position":2,"name":"Shop","item":"http:\/\/www.uf-tools.com\/ja\/shop\/"},{"@type":"ListItem","position":3,"name":"Best Cordless Screwdriver\uff0cElectric Screwdriver Tool Set &#8211; 882046"}]},{"@type":"WebSite","@id":"http:\/\/www.uf-tools.com\/ja\/#website","url":"http:\/\/www.uf-tools.com\/ja\/","name":"Manufacturer of precision digital repair tools","description":"UF TOOLS","publisher":{"@id":"http:\/\/www.uf-tools.com\/ja\/#organization"},"potentialAction":[{"@type":"SearchAction","target":{"@type":"EntryPoint","urlTemplate":"http:\/\/www.uf-tools.com\/ja\/?s={search_term_string}"},"query-input":{"@type":"PropertyValueSpecification","valueRequired":true,"valueName":"search_term_string"}}],"inLanguage":"de"},{"@type":"Organization","@id":"http:\/\/www.uf-tools.com\/ja\/#organization","name":"UF Tools Wholesale Suppliers","url":"http:\/\/www.uf-tools.com\/ja\/","logo":{"@type":"ImageObject","inLanguage":"de","@id":"http:\/\/www.uf-tools.com\/ja\/#\/schema\/logo\/image\/","url":"https:\/\/www.uf-tools.com\/wp-content\/uploads\/2023\/07\/logo-blue.svg","contentUrl":"https:\/\/www.uf-tools.com\/wp-content\/uploads\/2023\/07\/logo-blue.svg","width":242,"height":56,"caption":"UF Tools Wholesale Suppliers"},"image":{"@id":"http:\/\/www.uf-tools.com\/ja\/#\/schema\/logo\/image\/"},"sameAs":["https:\/\/www.facebook.com\/UFTOOLS\/?show_switched_toast=0&show_invite_to_follow=0&show_switched_tooltip=0&show_podcast_settings=0&show_community_review_changes=0&show_community_rollback=0&show_follower_visibility_disclosure=0","https:\/\/x.com\/uftools","https:\/\/www.instagram.com\/youfutools\/","https:\/\/www.pinterest.com\/uftools\/","https:\/\/www.youtube.com\/@uf-tools"]}]}},"_links":{"self":[{"href":"https:\/\/www.uf-tools.com\/de\/wp-json\/wp\/v2\/product\/16853","targetHints":{"allow":["GET"]}}],"collection":[{"href":"https:\/\/www.uf-tools.com\/de\/wp-json\/wp\/v2\/product"}],"about":[{"href":"https:\/\/www.uf-tools.com\/de\/wp-json\/wp\/v2\/types\/product"}],"replies":[{"embeddable":true,"href":"https:\/\/www.uf-tools.com\/de\/wp-json\/wp\/v2\/comments?post=16853"}],"version-history":[{"count":0,"href":"https:\/\/www.uf-tools.com\/de\/wp-json\/wp\/v2\/product\/16853\/revisions"}],"wp:featuredmedia":[{"embeddable":true,"href":"https:\/\/www.uf-tools.com\/de\/wp-json\/wp\/v2\/media\/16856"}],"wp:attachment":[{"href":"https:\/\/www.uf-tools.com\/de\/wp-json\/wp\/v2\/media?parent=16853"}],"wp:term":[{"taxonomy":"product_cat","embeddable":true,"href":"https:\/\/www.uf-tools.com\/de\/wp-json\/wp\/v2\/product_cat?post=16853"},{"taxonomy":"product_tag","embeddable":true,"href":"https:\/\/www.uf-tools.com\/de\/wp-json\/wp\/v2\/product_tag?post=16853"}],"curies":[{"name":"wp","href":"https:\/\/api.w.org\/{rel}","templated":true}]}}