{"id":16820,"date":"2023-09-21T03:17:03","date_gmt":"2023-09-21T03:17:03","guid":{"rendered":"https:\/\/www.uf-tools.com\/?post_type=product&#038;p=16820"},"modified":"2025-05-29T07:20:42","modified_gmt":"2025-05-29T07:20:42","slug":"48-in-1-mini-precision-screwdriver-setsmall-torx-bit-uf840049","status":"publish","type":"product","link":"https:\/\/www.uf-tools.com\/de\/48-in-1-mini-prazisionsschraubendreher-satzkleiner-torx-bit-uf840049\/","title":{"rendered":"48 in 1 Mini-Pr\u00e4zisionsschraubendreher-Set, kleiner Torx-Bit - UF840049"},"content":{"rendered":"<h2>48 in 1 Mini-Pr\u00e4zisionsschraubendreher-Set, kleiner Torx-Bit - UF840049<\/h2>\n<ul class=\"a-unordered-list a-vertical a-spacing-mini\">\n<li class=\"a-spacing-mini\"><span class=\"a-list-item\">\u301048 in 1 Mehrzweck-Pr\u00e4zisionsschraubendreher-Set professionell\u3011 f\u00fcr die Reparatur von Smartphones, iPhone, Macbook air, iPad, Elektronik, Laptops, Computer, Brillen, Spielzeug, PC, Uhren, Spielkonsolen und die meisten Handheld-Ger\u00e4te.<\/span><\/li>\n<li class=\"a-spacing-mini\"><span class=\"a-list-item\">\u3010Magnetische Bits umfassen Phillips\u3011: PH000 PH00 PH0 PH1; Schlitz: 1.0 1.5 2.0 2.5 3.0 3.5 4.0; U-Typ: U2.6 U3.0; Torx: T2 T3 T4 TR5 TR6 TR7 TR8 TR9 TR10 TR15 TR20; Sechskant: 0,7 0,9 1,3 1,5 2,0 2,5 3,0 3,5 4,0; Dreikant: 2,0 2,3 3,0; Pentalobe: 0,8 1,2 1,5; Dreifl\u00fcgel: Y0.6 Y2.0 Y2.5 Y1; SQ: S0 S1 S2; Spitze: 0.8; Stiftkopf Phillips: 2,5; 1 * Griff aus Aluminiumlegierung<\/span><\/li>\n<li class=\"a-spacing-mini\"><span class=\"a-list-item\">\u3010Hohe H\u00e4rte &amp; Anti-Rost\u3011 - Hergestellt aus S2 Werkzeugstahl, H\u00e4rte bis zu 60HRC (Toleranz:\u00b12HRC), au\u00dfergew\u00f6hnliche H\u00e4rte, hervorragende Z\u00e4higkeit mit hoher Qualit\u00e4t. Aluminium-Legierung Griff mit anodischen Oxidationsprozess und spezielle Anti-Rutsch-Behandlung, drehen Kappe Design.<\/span><\/li>\n<li class=\"a-spacing-mini\"><span class=\"a-list-item\">\u3010Magnetisches Design\u3011 - Das magnetische Design macht es viel einfacher zu verwenden, und macht Sie eine erstaunliche Nutzungserfahrung. Es erm\u00f6glicht Ihnen, die Bits leicht zu entfernen und wieder zusammenzusetzen. Sie m\u00fcssen nur das Bit ausw\u00e4hlen, das Sie brauchen, und es in das Loch des Griffs stecken, und das Bit wird wegen des Magnetismus fest angesaugt werden.<\/span><\/li>\n<li class=\"a-spacing-mini\"><span class=\"a-list-item\">\u3010Portable Screwdriver Kits\u3011- Kompaktes Geh\u00e4use aus Aluminiumlegierung macht es einfach zu tragen oder \u00fcberall zu speichern, leicht und tragbar. Knopfdesign h\u00e4lt alle Werkzeuge sicher. Magnetischer Bits-Halter macht alle <a href=\"https:\/\/www.uf-tools.com\/de\/enthullung-des-prazisionsherstellungsprozesses-von-schraubendreherbits\/\"  data-wpil-monitor-id=\"4\">Bits in diesem Pr\u00e4zisionsschraubendreher<\/a> Set gut organisiert und wird nicht aus dem Platz rutschen. Perfektes Geschenk f\u00fcr Sie und Ihre Freunde oder Familien, die gerne reparieren und wie DIY.<\/span><\/li>\n<\/ul>\n<p><!--more--><\/p>\n<p><img loading=\"lazy\" decoding=\"async\" class=\"size-full wp-image-16825 aligncenter\" src=\"https:\/\/www.uf-tools.com\/wp-content\/uploads\/2023\/09\/48-in-1-Mini-Precision-Screwdriver-SetSmall-Torx-Bit-1-1.jpg\" alt=\"\" width=\"790\" height=\"1592\" srcset=\"https:\/\/www.uf-tools.com\/wp-content\/uploads\/2023\/09\/48-in-1-Mini-Precision-Screwdriver-SetSmall-Torx-Bit-1-1.jpg 790w, https:\/\/www.uf-tools.com\/wp-content\/uploads\/2023\/09\/48-in-1-Mini-Precision-Screwdriver-SetSmall-Torx-Bit-1-1-768x1548.jpg 768w, https:\/\/www.uf-tools.com\/wp-content\/uploads\/2023\/09\/48-in-1-Mini-Precision-Screwdriver-SetSmall-Torx-Bit-1-1-762x1536.jpg 762w, https:\/\/www.uf-tools.com\/wp-content\/uploads\/2023\/09\/48-in-1-Mini-Precision-Screwdriver-SetSmall-Torx-Bit-1-1-6x12.jpg 6w\" sizes=\"auto, (max-width: 790px) 100vw, 790px\" \/> <img loading=\"lazy\" decoding=\"async\" class=\"size-full wp-image-16826 aligncenter\" src=\"https:\/\/www.uf-tools.com\/wp-content\/uploads\/2023\/09\/48-in-1-Mini-Precision-Screwdriver-SetSmall-Torx-Bit-2-1.jpg\" alt=\"\" width=\"790\" height=\"1198\" srcset=\"https:\/\/www.uf-tools.com\/wp-content\/uploads\/2023\/09\/48-in-1-Mini-Precision-Screwdriver-SetSmall-Torx-Bit-2-1.jpg 790w, https:\/\/www.uf-tools.com\/wp-content\/uploads\/2023\/09\/48-in-1-Mini-Precision-Screwdriver-SetSmall-Torx-Bit-2-1-768x1165.jpg 768w, https:\/\/www.uf-tools.com\/wp-content\/uploads\/2023\/09\/48-in-1-Mini-Precision-Screwdriver-SetSmall-Torx-Bit-2-1-8x12.jpg 8w\" sizes=\"auto, (max-width: 790px) 100vw, 790px\" \/> <img loading=\"lazy\" decoding=\"async\" class=\"size-full wp-image-16827 aligncenter\" src=\"https:\/\/www.uf-tools.com\/wp-content\/uploads\/2023\/09\/48-in-1-Mini-Precision-Screwdriver-SetSmall-Torx-Bit-3.jpg\" alt=\"\" width=\"790\" height=\"1038\" srcset=\"https:\/\/www.uf-tools.com\/wp-content\/uploads\/2023\/09\/48-in-1-Mini-Precision-Screwdriver-SetSmall-Torx-Bit-3.jpg 790w, https:\/\/www.uf-tools.com\/wp-content\/uploads\/2023\/09\/48-in-1-Mini-Precision-Screwdriver-SetSmall-Torx-Bit-3-768x1009.jpg 768w, https:\/\/www.uf-tools.com\/wp-content\/uploads\/2023\/09\/48-in-1-Mini-Precision-Screwdriver-SetSmall-Torx-Bit-3-9x12.jpg 9w\" sizes=\"auto, (max-width: 790px) 100vw, 790px\" \/> <img loading=\"lazy\" decoding=\"async\" class=\"size-full wp-image-16828 aligncenter\" src=\"https:\/\/www.uf-tools.com\/wp-content\/uploads\/2023\/09\/48-in-1-Mini-Precision-Screwdriver-SetSmall-Torx-Bit-4.jpg\" alt=\"\" width=\"790\" height=\"1312\" srcset=\"https:\/\/www.uf-tools.com\/wp-content\/uploads\/2023\/09\/48-in-1-Mini-Precision-Screwdriver-SetSmall-Torx-Bit-4.jpg 790w, https:\/\/www.uf-tools.com\/wp-content\/uploads\/2023\/09\/48-in-1-Mini-Precision-Screwdriver-SetSmall-Torx-Bit-4-768x1275.jpg 768w, https:\/\/www.uf-tools.com\/wp-content\/uploads\/2023\/09\/48-in-1-Mini-Precision-Screwdriver-SetSmall-Torx-Bit-4-7x12.jpg 7w\" sizes=\"auto, (max-width: 790px) 100vw, 790px\" \/> <img loading=\"lazy\" decoding=\"async\" class=\"size-full wp-image-16829 aligncenter\" src=\"https:\/\/www.uf-tools.com\/wp-content\/uploads\/2023\/09\/48-in-1-Mini-Precision-Screwdriver-SetSmall-Torx-Bit-5.jpg\" alt=\"\" width=\"790\" height=\"882\" srcset=\"https:\/\/www.uf-tools.com\/wp-content\/uploads\/2023\/09\/48-in-1-Mini-Precision-Screwdriver-SetSmall-Torx-Bit-5.jpg 790w, https:\/\/www.uf-tools.com\/wp-content\/uploads\/2023\/09\/48-in-1-Mini-Precision-Screwdriver-SetSmall-Torx-Bit-5-768x857.jpg 768w, https:\/\/www.uf-tools.com\/wp-content\/uploads\/2023\/09\/48-in-1-Mini-Precision-Screwdriver-SetSmall-Torx-Bit-5-11x12.jpg 11w\" sizes=\"auto, (max-width: 790px) 100vw, 790px\" \/> <img loading=\"lazy\" decoding=\"async\" class=\"size-full wp-image-16830 aligncenter\" src=\"https:\/\/www.uf-tools.com\/wp-content\/uploads\/2023\/09\/48-in-1-Mini-Precision-Screwdriver-SetSmall-Torx-Bit-6.jpg\" alt=\"\" width=\"790\" height=\"1255\" srcset=\"https:\/\/www.uf-tools.com\/wp-content\/uploads\/2023\/09\/48-in-1-Mini-Precision-Screwdriver-SetSmall-Torx-Bit-6.jpg 790w, https:\/\/www.uf-tools.com\/wp-content\/uploads\/2023\/09\/48-in-1-Mini-Precision-Screwdriver-SetSmall-Torx-Bit-6-768x1220.jpg 768w, https:\/\/www.uf-tools.com\/wp-content\/uploads\/2023\/09\/48-in-1-Mini-Precision-Screwdriver-SetSmall-Torx-Bit-6-8x12.jpg 8w\" sizes=\"auto, (max-width: 790px) 100vw, 790px\" \/> <img loading=\"lazy\" decoding=\"async\" class=\"size-full wp-image-16831 aligncenter\" src=\"https:\/\/www.uf-tools.com\/wp-content\/uploads\/2023\/09\/48-in-1-Mini-Precision-Screwdriver-SetSmall-Torx-Bit-7.jpg\" alt=\"\" width=\"790\" height=\"1431\" srcset=\"https:\/\/www.uf-tools.com\/wp-content\/uploads\/2023\/09\/48-in-1-Mini-Precision-Screwdriver-SetSmall-Torx-Bit-7.jpg 790w, https:\/\/www.uf-tools.com\/wp-content\/uploads\/2023\/09\/48-in-1-Mini-Precision-Screwdriver-SetSmall-Torx-Bit-7-768x1391.jpg 768w, https:\/\/www.uf-tools.com\/wp-content\/uploads\/2023\/09\/48-in-1-Mini-Precision-Screwdriver-SetSmall-Torx-Bit-7-7x12.jpg 7w\" sizes=\"auto, (max-width: 790px) 100vw, 790px\" \/> <img loading=\"lazy\" decoding=\"async\" class=\"size-full wp-image-16832 aligncenter\" src=\"https:\/\/www.uf-tools.com\/wp-content\/uploads\/2023\/09\/48-in-1-Mini-Precision-Screwdriver-SetSmall-Torx-Bit-8.jpg\" alt=\"\" width=\"790\" height=\"1091\" srcset=\"https:\/\/www.uf-tools.com\/wp-content\/uploads\/2023\/09\/48-in-1-Mini-Precision-Screwdriver-SetSmall-Torx-Bit-8.jpg 790w, https:\/\/www.uf-tools.com\/wp-content\/uploads\/2023\/09\/48-in-1-Mini-Precision-Screwdriver-SetSmall-Torx-Bit-8-768x1061.jpg 768w, https:\/\/www.uf-tools.com\/wp-content\/uploads\/2023\/09\/48-in-1-Mini-Precision-Screwdriver-SetSmall-Torx-Bit-8-9x12.jpg 9w\" sizes=\"auto, (max-width: 790px) 100vw, 790px\" \/><\/p>","protected":false},"excerpt":{"rendered":"<p><span class=\"a-list-item\">48 in 1 Mehrzweck-Pr\u00e4zisionsschraubendreher-Set professionell f\u00fcr die Reparatur von Smartphones, iPhone, Macbook Air, iPad, Elektronik, Laptops, Computer, Brillen, Spielzeug, PC, Uhren, Spielkonsolen und die meisten Handheld-Ger\u00e4te<\/span><\/p>","protected":false},"featured_media":16841,"comment_status":"open","ping_status":"closed","template":"","meta":[],"product_cat":[32,84],"product_tag":[34,86,99,85],"class_list":{"0":"post-16820","1":"product","2":"type-product","3":"status-publish","4":"has-post-thumbnail","6":"product_cat-hand-tools","7":"product_cat-precise-screwdriver-set","8":"product_tag-hand-tools","9":"product_tag-mini-screwdriver-set","10":"product_tag-precise-screwdriver-set","11":"product_tag-small-screwdrivers","12":"product_brand-uf-tools","14":"first","15":"outofstock","16":"sale","17":"purchasable","18":"product-type-variable"},"yoast_head":"<!-- This site is optimized with the Yoast SEO plugin v26.9 - https:\/\/yoast.com\/product\/yoast-seo-wordpress\/ -->\n<title>48 in 1 Mini Precision Screwdriver Set,Small Torx Bit - UF840049<\/title>\n<meta name=\"description\" content=\"48 in 1 multi-use precision screwdriver set professional\u00a0 for repairing smartphones, iPhone, Macbook air, iPad, game consoles and most handheld devices\" \/>\n<meta name=\"robots\" content=\"index, follow, max-snippet:-1, max-image-preview:large, max-video-preview:-1\" \/>\n<link rel=\"canonical\" href=\"https:\/\/www.uf-tools.com\/de\/48-in-1-mini-prazisionsschraubendreher-satzkleiner-torx-bit-uf840049\/\" \/>\n<meta property=\"og:locale\" content=\"de_DE\" \/>\n<meta property=\"og:type\" content=\"article\" \/>\n<meta property=\"og:title\" content=\"48 in 1 Mini Precision Screwdriver Set,Small Torx Bit - UF840049\" \/>\n<meta property=\"og:description\" content=\"48 in 1 multi-use precision screwdriver set professional\u00a0 for repairing smartphones, iPhone, Macbook air, iPad, game consoles and most handheld devices\" \/>\n<meta property=\"og:url\" content=\"https:\/\/www.uf-tools.com\/de\/48-in-1-mini-prazisionsschraubendreher-satzkleiner-torx-bit-uf840049\/\" \/>\n<meta property=\"og:site_name\" content=\"UF Tools Wholesale Suppliers\" \/>\n<meta property=\"article:publisher\" content=\"https:\/\/www.facebook.com\/UFTOOLS\/?show_switched_toast=0&amp;show_invite_to_follow=0&amp;show_switched_tooltip=0&amp;show_podcast_settings=0&amp;show_community_review_changes=0&amp;show_community_rollback=0&amp;show_follower_visibility_disclosure=0\" \/>\n<meta property=\"article:modified_time\" content=\"2025-05-29T07:20:42+00:00\" \/>\n<meta property=\"og:image\" content=\"https:\/\/www.uf-tools.com\/wp-content\/uploads\/2023\/09\/0-2.jpg\" \/>\n\t<meta property=\"og:image:width\" content=\"1030\" \/>\n\t<meta property=\"og:image:height\" content=\"1030\" \/>\n\t<meta property=\"og:image:type\" content=\"image\/jpeg\" \/>\n<meta name=\"twitter:card\" content=\"summary_large_image\" \/>\n<meta name=\"twitter:site\" content=\"@uftools\" \/>\n<meta name=\"twitter:label1\" content=\"Gesch\u00e4tzte Lesezeit\" \/>\n\t<meta name=\"twitter:data1\" content=\"3\u00a0Minuten\" \/>\n<script type=\"application\/ld+json\" class=\"yoast-schema-graph\">{\"@context\":\"https:\/\/schema.org\",\"@graph\":[{\"@type\":\"WebPage\",\"@id\":\"https:\/\/www.uf-tools.com\/48-in-1-mini-precision-screwdriver-setsmall-torx-bit-uf840049\/\",\"url\":\"https:\/\/www.uf-tools.com\/48-in-1-mini-precision-screwdriver-setsmall-torx-bit-uf840049\/\",\"name\":\"48 in 1 Mini Precision Screwdriver Set,Small Torx Bit - UF840049\",\"isPartOf\":{\"@id\":\"http:\/\/www.uf-tools.com\/ja\/#website\"},\"primaryImageOfPage\":{\"@id\":\"https:\/\/www.uf-tools.com\/48-in-1-mini-precision-screwdriver-setsmall-torx-bit-uf840049\/#primaryimage\"},\"image\":{\"@id\":\"https:\/\/www.uf-tools.com\/48-in-1-mini-precision-screwdriver-setsmall-torx-bit-uf840049\/#primaryimage\"},\"thumbnailUrl\":\"https:\/\/www.uf-tools.com\/wp-content\/uploads\/2023\/09\/0-2.jpg\",\"datePublished\":\"2023-09-21T03:17:03+00:00\",\"dateModified\":\"2025-05-29T07:20:42+00:00\",\"description\":\"48 in 1 multi-use precision screwdriver set professional\u00a0 for repairing smartphones, iPhone, Macbook air, iPad, game consoles and most handheld devices\",\"breadcrumb\":{\"@id\":\"https:\/\/www.uf-tools.com\/48-in-1-mini-precision-screwdriver-setsmall-torx-bit-uf840049\/#breadcrumb\"},\"inLanguage\":\"de\",\"potentialAction\":[{\"@type\":\"ReadAction\",\"target\":[\"https:\/\/www.uf-tools.com\/48-in-1-mini-precision-screwdriver-setsmall-torx-bit-uf840049\/\"]}]},{\"@type\":\"ImageObject\",\"inLanguage\":\"de\",\"@id\":\"https:\/\/www.uf-tools.com\/48-in-1-mini-precision-screwdriver-setsmall-torx-bit-uf840049\/#primaryimage\",\"url\":\"https:\/\/www.uf-tools.com\/wp-content\/uploads\/2023\/09\/0-2.jpg\",\"contentUrl\":\"https:\/\/www.uf-tools.com\/wp-content\/uploads\/2023\/09\/0-2.jpg\",\"width\":1030,\"height\":1030},{\"@type\":\"BreadcrumbList\",\"@id\":\"https:\/\/www.uf-tools.com\/48-in-1-mini-precision-screwdriver-setsmall-torx-bit-uf840049\/#breadcrumb\",\"itemListElement\":[{\"@type\":\"ListItem\",\"position\":1,\"name\":\"Home\",\"item\":\"http:\/\/www.uf-tools.com\/ja\/\"},{\"@type\":\"ListItem\",\"position\":2,\"name\":\"Shop\",\"item\":\"http:\/\/www.uf-tools.com\/ja\/shop\/\"},{\"@type\":\"ListItem\",\"position\":3,\"name\":\"48 in 1 Mini Precision Screwdriver Set,Small Torx Bit &#8211; UF840049\"}]},{\"@type\":\"WebSite\",\"@id\":\"http:\/\/www.uf-tools.com\/ja\/#website\",\"url\":\"http:\/\/www.uf-tools.com\/ja\/\",\"name\":\"Manufacturer of precision digital repair tools\",\"description\":\"UF TOOLS\",\"publisher\":{\"@id\":\"http:\/\/www.uf-tools.com\/ja\/#organization\"},\"potentialAction\":[{\"@type\":\"SearchAction\",\"target\":{\"@type\":\"EntryPoint\",\"urlTemplate\":\"http:\/\/www.uf-tools.com\/ja\/?s={search_term_string}\"},\"query-input\":{\"@type\":\"PropertyValueSpecification\",\"valueRequired\":true,\"valueName\":\"search_term_string\"}}],\"inLanguage\":\"de\"},{\"@type\":\"Organization\",\"@id\":\"http:\/\/www.uf-tools.com\/ja\/#organization\",\"name\":\"UF Tools Wholesale Suppliers\",\"url\":\"http:\/\/www.uf-tools.com\/ja\/\",\"logo\":{\"@type\":\"ImageObject\",\"inLanguage\":\"de\",\"@id\":\"http:\/\/www.uf-tools.com\/ja\/#\/schema\/logo\/image\/\",\"url\":\"https:\/\/www.uf-tools.com\/wp-content\/uploads\/2023\/07\/logo-blue.svg\",\"contentUrl\":\"https:\/\/www.uf-tools.com\/wp-content\/uploads\/2023\/07\/logo-blue.svg\",\"width\":242,\"height\":56,\"caption\":\"UF Tools Wholesale Suppliers\"},\"image\":{\"@id\":\"http:\/\/www.uf-tools.com\/ja\/#\/schema\/logo\/image\/\"},\"sameAs\":[\"https:\/\/www.facebook.com\/UFTOOLS\/?show_switched_toast=0&show_invite_to_follow=0&show_switched_tooltip=0&show_podcast_settings=0&show_community_review_changes=0&show_community_rollback=0&show_follower_visibility_disclosure=0\",\"https:\/\/x.com\/uftools\",\"https:\/\/www.instagram.com\/youfutools\/\",\"https:\/\/www.pinterest.com\/uftools\/\",\"https:\/\/www.youtube.com\/@uf-tools\"]}]}<\/script>\n<!-- \/ Yoast SEO plugin. -->","yoast_head_json":{"title":"48 in 1 Mini Precision Screwdriver Set,Small Torx Bit - UF840049","description":"48 in 1 multi-use precision screwdriver set professional\u00a0 for repairing smartphones, iPhone, Macbook air, iPad, game consoles and most handheld devices","robots":{"index":"index","follow":"follow","max-snippet":"max-snippet:-1","max-image-preview":"max-image-preview:large","max-video-preview":"max-video-preview:-1"},"canonical":"https:\/\/www.uf-tools.com\/de\/48-in-1-mini-prazisionsschraubendreher-satzkleiner-torx-bit-uf840049\/","og_locale":"de_DE","og_type":"article","og_title":"48 in 1 Mini Precision Screwdriver Set,Small Torx Bit - UF840049","og_description":"48 in 1 multi-use precision screwdriver set professional\u00a0 for repairing smartphones, iPhone, Macbook air, iPad, game consoles and most handheld devices","og_url":"https:\/\/www.uf-tools.com\/de\/48-in-1-mini-prazisionsschraubendreher-satzkleiner-torx-bit-uf840049\/","og_site_name":"UF Tools Wholesale Suppliers","article_publisher":"https:\/\/www.facebook.com\/UFTOOLS\/?show_switched_toast=0&show_invite_to_follow=0&show_switched_tooltip=0&show_podcast_settings=0&show_community_review_changes=0&show_community_rollback=0&show_follower_visibility_disclosure=0","article_modified_time":"2025-05-29T07:20:42+00:00","og_image":[{"width":1030,"height":1030,"url":"https:\/\/www.uf-tools.com\/wp-content\/uploads\/2023\/09\/0-2.jpg","type":"image\/jpeg"}],"twitter_card":"summary_large_image","twitter_site":"@uftools","twitter_misc":{"Gesch\u00e4tzte Lesezeit":"3\u00a0Minuten"},"schema":{"@context":"https:\/\/schema.org","@graph":[{"@type":"WebPage","@id":"https:\/\/www.uf-tools.com\/48-in-1-mini-precision-screwdriver-setsmall-torx-bit-uf840049\/","url":"https:\/\/www.uf-tools.com\/48-in-1-mini-precision-screwdriver-setsmall-torx-bit-uf840049\/","name":"48 in 1 Mini Precision Screwdriver Set,Small Torx Bit - UF840049","isPartOf":{"@id":"http:\/\/www.uf-tools.com\/ja\/#website"},"primaryImageOfPage":{"@id":"https:\/\/www.uf-tools.com\/48-in-1-mini-precision-screwdriver-setsmall-torx-bit-uf840049\/#primaryimage"},"image":{"@id":"https:\/\/www.uf-tools.com\/48-in-1-mini-precision-screwdriver-setsmall-torx-bit-uf840049\/#primaryimage"},"thumbnailUrl":"https:\/\/www.uf-tools.com\/wp-content\/uploads\/2023\/09\/0-2.jpg","datePublished":"2023-09-21T03:17:03+00:00","dateModified":"2025-05-29T07:20:42+00:00","description":"48 in 1 multi-use precision screwdriver set professional\u00a0 for repairing smartphones, iPhone, Macbook air, iPad, game consoles and most handheld devices","breadcrumb":{"@id":"https:\/\/www.uf-tools.com\/48-in-1-mini-precision-screwdriver-setsmall-torx-bit-uf840049\/#breadcrumb"},"inLanguage":"de","potentialAction":[{"@type":"ReadAction","target":["https:\/\/www.uf-tools.com\/48-in-1-mini-precision-screwdriver-setsmall-torx-bit-uf840049\/"]}]},{"@type":"ImageObject","inLanguage":"de","@id":"https:\/\/www.uf-tools.com\/48-in-1-mini-precision-screwdriver-setsmall-torx-bit-uf840049\/#primaryimage","url":"https:\/\/www.uf-tools.com\/wp-content\/uploads\/2023\/09\/0-2.jpg","contentUrl":"https:\/\/www.uf-tools.com\/wp-content\/uploads\/2023\/09\/0-2.jpg","width":1030,"height":1030},{"@type":"BreadcrumbList","@id":"https:\/\/www.uf-tools.com\/48-in-1-mini-precision-screwdriver-setsmall-torx-bit-uf840049\/#breadcrumb","itemListElement":[{"@type":"ListItem","position":1,"name":"Home","item":"http:\/\/www.uf-tools.com\/ja\/"},{"@type":"ListItem","position":2,"name":"Shop","item":"http:\/\/www.uf-tools.com\/ja\/shop\/"},{"@type":"ListItem","position":3,"name":"48 in 1 Mini Precision Screwdriver Set,Small Torx Bit &#8211; UF840049"}]},{"@type":"WebSite","@id":"http:\/\/www.uf-tools.com\/ja\/#website","url":"http:\/\/www.uf-tools.com\/ja\/","name":"Manufacturer of precision digital repair tools","description":"UF TOOLS","publisher":{"@id":"http:\/\/www.uf-tools.com\/ja\/#organization"},"potentialAction":[{"@type":"SearchAction","target":{"@type":"EntryPoint","urlTemplate":"http:\/\/www.uf-tools.com\/ja\/?s={search_term_string}"},"query-input":{"@type":"PropertyValueSpecification","valueRequired":true,"valueName":"search_term_string"}}],"inLanguage":"de"},{"@type":"Organization","@id":"http:\/\/www.uf-tools.com\/ja\/#organization","name":"UF Tools Wholesale Suppliers","url":"http:\/\/www.uf-tools.com\/ja\/","logo":{"@type":"ImageObject","inLanguage":"de","@id":"http:\/\/www.uf-tools.com\/ja\/#\/schema\/logo\/image\/","url":"https:\/\/www.uf-tools.com\/wp-content\/uploads\/2023\/07\/logo-blue.svg","contentUrl":"https:\/\/www.uf-tools.com\/wp-content\/uploads\/2023\/07\/logo-blue.svg","width":242,"height":56,"caption":"UF Tools Wholesale Suppliers"},"image":{"@id":"http:\/\/www.uf-tools.com\/ja\/#\/schema\/logo\/image\/"},"sameAs":["https:\/\/www.facebook.com\/UFTOOLS\/?show_switched_toast=0&show_invite_to_follow=0&show_switched_tooltip=0&show_podcast_settings=0&show_community_review_changes=0&show_community_rollback=0&show_follower_visibility_disclosure=0","https:\/\/x.com\/uftools","https:\/\/www.instagram.com\/youfutools\/","https:\/\/www.pinterest.com\/uftools\/","https:\/\/www.youtube.com\/@uf-tools"]}]}},"_links":{"self":[{"href":"https:\/\/www.uf-tools.com\/de\/wp-json\/wp\/v2\/product\/16820","targetHints":{"allow":["GET"]}}],"collection":[{"href":"https:\/\/www.uf-tools.com\/de\/wp-json\/wp\/v2\/product"}],"about":[{"href":"https:\/\/www.uf-tools.com\/de\/wp-json\/wp\/v2\/types\/product"}],"replies":[{"embeddable":true,"href":"https:\/\/www.uf-tools.com\/de\/wp-json\/wp\/v2\/comments?post=16820"}],"version-history":[{"count":1,"href":"https:\/\/www.uf-tools.com\/de\/wp-json\/wp\/v2\/product\/16820\/revisions"}],"predecessor-version":[{"id":19223,"href":"https:\/\/www.uf-tools.com\/de\/wp-json\/wp\/v2\/product\/16820\/revisions\/19223"}],"wp:featuredmedia":[{"embeddable":true,"href":"https:\/\/www.uf-tools.com\/de\/wp-json\/wp\/v2\/media\/16841"}],"wp:attachment":[{"href":"https:\/\/www.uf-tools.com\/de\/wp-json\/wp\/v2\/media?parent=16820"}],"wp:term":[{"taxonomy":"product_cat","embeddable":true,"href":"https:\/\/www.uf-tools.com\/de\/wp-json\/wp\/v2\/product_cat?post=16820"},{"taxonomy":"product_tag","embeddable":true,"href":"https:\/\/www.uf-tools.com\/de\/wp-json\/wp\/v2\/product_tag?post=16820"}],"curies":[{"name":"wp","href":"https:\/\/api.w.org\/{rel}","templated":true}]}}