{"id":16688,"date":"2023-09-19T08:33:21","date_gmt":"2023-09-19T08:33:21","guid":{"rendered":"https:\/\/www.uf-tools.com\/?post_type=product&#038;p=16688"},"modified":"2025-02-21T09:32:26","modified_gmt":"2025-02-21T09:32:26","slug":"new-mini-laser-tape-measure-tool-98ft-30m-%c2%b12mm-uf-710006","status":"publish","type":"product","link":"https:\/\/www.uf-tools.com\/de\/neues-mini-laserbandmas-98ft-30m-%c2%b12mm-uf-710006\/","title":{"rendered":"Neu Mini-Laserbandma\u00dfger\u00e4t, 98Ft\/30M, \u00b12mm - UF 710006"},"content":{"rendered":"","protected":false},"excerpt":{"rendered":"<p>\u00c4u\u00dferst kompaktes und wiederaufladbares tragbares Laser-Distanzmessger\u00e4t mit LCD-Display, m\u00f6glicherweise das kleinste seiner Art auf dem Markt.<\/p>","protected":false},"featured_media":16689,"comment_status":"open","ping_status":"closed","template":"","meta":[],"product_cat":[79],"product_tag":[81,82,83],"class_list":{"0":"post-16688","1":"product","2":"type-product","3":"status-publish","4":"has-post-thumbnail","6":"product_cat-laser-measuring-tools","7":"product_tag-laser-measuring-tools","8":"product_tag-laser-tape-measure","9":"product_tag-mini-laser-tape-measure","10":"product_brand-uf-tools","12":"first","13":"outofstock","14":"sale","15":"purchasable","16":"product-type-simple"},"yoast_head":"<!-- This site is optimized with the Yoast SEO plugin v26.9 - https:\/\/yoast.com\/product\/yoast-seo-wordpress\/ -->\n<title>New Mini Laser Tape Measure Tool, 98Ft\/30M, \u00b12mm \u2013 UF 710006<\/title>\n<meta name=\"description\" content=\"Extremely compact and rechargeable portable Laser Distance Measure with LCD display, possibly the smallest of its kind in the market.\" \/>\n<meta name=\"robots\" content=\"index, follow, max-snippet:-1, max-image-preview:large, max-video-preview:-1\" \/>\n<link rel=\"canonical\" href=\"https:\/\/www.uf-tools.com\/de\/neues-mini-laserbandmas-98ft-30m-\u00b12mm-uf-710006\/\" \/>\n<meta property=\"og:locale\" content=\"de_DE\" \/>\n<meta property=\"og:type\" content=\"article\" \/>\n<meta property=\"og:title\" content=\"New Mini Laser Tape Measure Tool, 98Ft\/30M, \u00b12mm \u2013 UF 710006\" \/>\n<meta property=\"og:description\" content=\"Extremely compact and rechargeable portable Laser Distance Measure with LCD display, possibly the smallest of its kind in the market.\" \/>\n<meta property=\"og:url\" content=\"https:\/\/www.uf-tools.com\/de\/neues-mini-laserbandmas-98ft-30m-\u00b12mm-uf-710006\/\" \/>\n<meta property=\"og:site_name\" content=\"UF Tools Wholesale Suppliers\" \/>\n<meta property=\"article:publisher\" content=\"https:\/\/www.facebook.com\/UFTOOLS\/?show_switched_toast=0&amp;show_invite_to_follow=0&amp;show_switched_tooltip=0&amp;show_podcast_settings=0&amp;show_community_review_changes=0&amp;show_community_rollback=0&amp;show_follower_visibility_disclosure=0\" \/>\n<meta property=\"article:modified_time\" content=\"2025-02-21T09:32:26+00:00\" \/>\n<meta property=\"og:image\" content=\"https:\/\/www.uf-tools.com\/wp-content\/uploads\/2023\/09\/1.jpg\" \/>\n\t<meta property=\"og:image:width\" content=\"1030\" \/>\n\t<meta property=\"og:image:height\" content=\"1030\" \/>\n\t<meta property=\"og:image:type\" content=\"image\/jpeg\" \/>\n<meta name=\"twitter:card\" content=\"summary_large_image\" \/>\n<meta name=\"twitter:site\" content=\"@uftools\" \/>\n<script type=\"application\/ld+json\" class=\"yoast-schema-graph\">{\"@context\":\"https:\/\/schema.org\",\"@graph\":[{\"@type\":\"WebPage\",\"@id\":\"https:\/\/www.uf-tools.com\/pt\/nova-mini-fita-metrica-laser-98ft-30m-%c2%b12mm-uf-710006\/\",\"url\":\"https:\/\/www.uf-tools.com\/pt\/nova-mini-fita-metrica-laser-98ft-30m-%c2%b12mm-uf-710006\/\",\"name\":\"New Mini Laser Tape Measure Tool, 98Ft\/30M, \u00b12mm \u2013 UF 710006\",\"isPartOf\":{\"@id\":\"http:\/\/www.uf-tools.com\/ja\/#website\"},\"primaryImageOfPage\":{\"@id\":\"https:\/\/www.uf-tools.com\/pt\/nova-mini-fita-metrica-laser-98ft-30m-%c2%b12mm-uf-710006\/#primaryimage\"},\"image\":{\"@id\":\"https:\/\/www.uf-tools.com\/pt\/nova-mini-fita-metrica-laser-98ft-30m-%c2%b12mm-uf-710006\/#primaryimage\"},\"thumbnailUrl\":\"https:\/\/www.uf-tools.com\/wp-content\/uploads\/2023\/09\/1.jpg\",\"datePublished\":\"2023-09-19T08:33:21+00:00\",\"dateModified\":\"2025-02-21T09:32:26+00:00\",\"description\":\"Extremely compact and rechargeable portable Laser Distance Measure with LCD display, possibly the smallest of its kind in the market.\",\"breadcrumb\":{\"@id\":\"https:\/\/www.uf-tools.com\/pt\/nova-mini-fita-metrica-laser-98ft-30m-%c2%b12mm-uf-710006\/#breadcrumb\"},\"inLanguage\":\"de\",\"potentialAction\":[{\"@type\":\"ReadAction\",\"target\":[\"https:\/\/www.uf-tools.com\/pt\/nova-mini-fita-metrica-laser-98ft-30m-%c2%b12mm-uf-710006\/\"]}]},{\"@type\":\"ImageObject\",\"inLanguage\":\"de\",\"@id\":\"https:\/\/www.uf-tools.com\/pt\/nova-mini-fita-metrica-laser-98ft-30m-%c2%b12mm-uf-710006\/#primaryimage\",\"url\":\"https:\/\/www.uf-tools.com\/wp-content\/uploads\/2023\/09\/1.jpg\",\"contentUrl\":\"https:\/\/www.uf-tools.com\/wp-content\/uploads\/2023\/09\/1.jpg\",\"width\":1030,\"height\":1030,\"caption\":\"Mini Laser Tape Measure Tool - UF 710006\"},{\"@type\":\"BreadcrumbList\",\"@id\":\"https:\/\/www.uf-tools.com\/pt\/nova-mini-fita-metrica-laser-98ft-30m-%c2%b12mm-uf-710006\/#breadcrumb\",\"itemListElement\":[{\"@type\":\"ListItem\",\"position\":1,\"name\":\"Home\",\"item\":\"http:\/\/www.uf-tools.com\/ja\/\"},{\"@type\":\"ListItem\",\"position\":2,\"name\":\"Shop\",\"item\":\"http:\/\/www.uf-tools.com\/ja\/shop\/\"},{\"@type\":\"ListItem\",\"position\":3,\"name\":\"New Mini Laser Tape Measure Tool, 98Ft\/30M, \u00b12mm \u2013 UF 710006\"}]},{\"@type\":\"WebSite\",\"@id\":\"http:\/\/www.uf-tools.com\/ja\/#website\",\"url\":\"http:\/\/www.uf-tools.com\/ja\/\",\"name\":\"Manufacturer of precision digital repair tools\",\"description\":\"UF TOOLS\",\"publisher\":{\"@id\":\"http:\/\/www.uf-tools.com\/ja\/#organization\"},\"potentialAction\":[{\"@type\":\"SearchAction\",\"target\":{\"@type\":\"EntryPoint\",\"urlTemplate\":\"http:\/\/www.uf-tools.com\/ja\/?s={search_term_string}\"},\"query-input\":{\"@type\":\"PropertyValueSpecification\",\"valueRequired\":true,\"valueName\":\"search_term_string\"}}],\"inLanguage\":\"de\"},{\"@type\":\"Organization\",\"@id\":\"http:\/\/www.uf-tools.com\/ja\/#organization\",\"name\":\"UF Tools Wholesale Suppliers\",\"url\":\"http:\/\/www.uf-tools.com\/ja\/\",\"logo\":{\"@type\":\"ImageObject\",\"inLanguage\":\"de\",\"@id\":\"http:\/\/www.uf-tools.com\/ja\/#\/schema\/logo\/image\/\",\"url\":\"https:\/\/www.uf-tools.com\/wp-content\/uploads\/2023\/07\/logo-blue.svg\",\"contentUrl\":\"https:\/\/www.uf-tools.com\/wp-content\/uploads\/2023\/07\/logo-blue.svg\",\"width\":242,\"height\":56,\"caption\":\"UF Tools Wholesale Suppliers\"},\"image\":{\"@id\":\"http:\/\/www.uf-tools.com\/ja\/#\/schema\/logo\/image\/\"},\"sameAs\":[\"https:\/\/www.facebook.com\/UFTOOLS\/?show_switched_toast=0&show_invite_to_follow=0&show_switched_tooltip=0&show_podcast_settings=0&show_community_review_changes=0&show_community_rollback=0&show_follower_visibility_disclosure=0\",\"https:\/\/x.com\/uftools\",\"https:\/\/www.instagram.com\/youfutools\/\",\"https:\/\/www.pinterest.com\/uftools\/\",\"https:\/\/www.youtube.com\/@uf-tools\"]}]}<\/script>\n<!-- \/ Yoast SEO plugin. -->","yoast_head_json":{"title":"New Mini Laser Tape Measure Tool, 98Ft\/30M, \u00b12mm \u2013 UF 710006","description":"Extremely compact and rechargeable portable Laser Distance Measure with LCD display, possibly the smallest of its kind in the market.","robots":{"index":"index","follow":"follow","max-snippet":"max-snippet:-1","max-image-preview":"max-image-preview:large","max-video-preview":"max-video-preview:-1"},"canonical":"https:\/\/www.uf-tools.com\/de\/neues-mini-laserbandmas-98ft-30m-\u00b12mm-uf-710006\/","og_locale":"de_DE","og_type":"article","og_title":"New Mini Laser Tape Measure Tool, 98Ft\/30M, \u00b12mm \u2013 UF 710006","og_description":"Extremely compact and rechargeable portable Laser Distance Measure with LCD display, possibly the smallest of its kind in the market.","og_url":"https:\/\/www.uf-tools.com\/de\/neues-mini-laserbandmas-98ft-30m-\u00b12mm-uf-710006\/","og_site_name":"UF Tools Wholesale Suppliers","article_publisher":"https:\/\/www.facebook.com\/UFTOOLS\/?show_switched_toast=0&show_invite_to_follow=0&show_switched_tooltip=0&show_podcast_settings=0&show_community_review_changes=0&show_community_rollback=0&show_follower_visibility_disclosure=0","article_modified_time":"2025-02-21T09:32:26+00:00","og_image":[{"width":1030,"height":1030,"url":"https:\/\/www.uf-tools.com\/wp-content\/uploads\/2023\/09\/1.jpg","type":"image\/jpeg"}],"twitter_card":"summary_large_image","twitter_site":"@uftools","schema":{"@context":"https:\/\/schema.org","@graph":[{"@type":"WebPage","@id":"https:\/\/www.uf-tools.com\/pt\/nova-mini-fita-metrica-laser-98ft-30m-%c2%b12mm-uf-710006\/","url":"https:\/\/www.uf-tools.com\/pt\/nova-mini-fita-metrica-laser-98ft-30m-%c2%b12mm-uf-710006\/","name":"New Mini Laser Tape Measure Tool, 98Ft\/30M, \u00b12mm \u2013 UF 710006","isPartOf":{"@id":"http:\/\/www.uf-tools.com\/ja\/#website"},"primaryImageOfPage":{"@id":"https:\/\/www.uf-tools.com\/pt\/nova-mini-fita-metrica-laser-98ft-30m-%c2%b12mm-uf-710006\/#primaryimage"},"image":{"@id":"https:\/\/www.uf-tools.com\/pt\/nova-mini-fita-metrica-laser-98ft-30m-%c2%b12mm-uf-710006\/#primaryimage"},"thumbnailUrl":"https:\/\/www.uf-tools.com\/wp-content\/uploads\/2023\/09\/1.jpg","datePublished":"2023-09-19T08:33:21+00:00","dateModified":"2025-02-21T09:32:26+00:00","description":"Extremely compact and rechargeable portable Laser Distance Measure with LCD display, possibly the smallest of its kind in the market.","breadcrumb":{"@id":"https:\/\/www.uf-tools.com\/pt\/nova-mini-fita-metrica-laser-98ft-30m-%c2%b12mm-uf-710006\/#breadcrumb"},"inLanguage":"de","potentialAction":[{"@type":"ReadAction","target":["https:\/\/www.uf-tools.com\/pt\/nova-mini-fita-metrica-laser-98ft-30m-%c2%b12mm-uf-710006\/"]}]},{"@type":"ImageObject","inLanguage":"de","@id":"https:\/\/www.uf-tools.com\/pt\/nova-mini-fita-metrica-laser-98ft-30m-%c2%b12mm-uf-710006\/#primaryimage","url":"https:\/\/www.uf-tools.com\/wp-content\/uploads\/2023\/09\/1.jpg","contentUrl":"https:\/\/www.uf-tools.com\/wp-content\/uploads\/2023\/09\/1.jpg","width":1030,"height":1030,"caption":"Mini Laser Tape Measure Tool - UF 710006"},{"@type":"BreadcrumbList","@id":"https:\/\/www.uf-tools.com\/pt\/nova-mini-fita-metrica-laser-98ft-30m-%c2%b12mm-uf-710006\/#breadcrumb","itemListElement":[{"@type":"ListItem","position":1,"name":"Home","item":"http:\/\/www.uf-tools.com\/ja\/"},{"@type":"ListItem","position":2,"name":"Shop","item":"http:\/\/www.uf-tools.com\/ja\/shop\/"},{"@type":"ListItem","position":3,"name":"New Mini Laser Tape Measure Tool, 98Ft\/30M, \u00b12mm \u2013 UF 710006"}]},{"@type":"WebSite","@id":"http:\/\/www.uf-tools.com\/ja\/#website","url":"http:\/\/www.uf-tools.com\/ja\/","name":"Manufacturer of precision digital repair tools","description":"UF TOOLS","publisher":{"@id":"http:\/\/www.uf-tools.com\/ja\/#organization"},"potentialAction":[{"@type":"SearchAction","target":{"@type":"EntryPoint","urlTemplate":"http:\/\/www.uf-tools.com\/ja\/?s={search_term_string}"},"query-input":{"@type":"PropertyValueSpecification","valueRequired":true,"valueName":"search_term_string"}}],"inLanguage":"de"},{"@type":"Organization","@id":"http:\/\/www.uf-tools.com\/ja\/#organization","name":"UF Tools Wholesale Suppliers","url":"http:\/\/www.uf-tools.com\/ja\/","logo":{"@type":"ImageObject","inLanguage":"de","@id":"http:\/\/www.uf-tools.com\/ja\/#\/schema\/logo\/image\/","url":"https:\/\/www.uf-tools.com\/wp-content\/uploads\/2023\/07\/logo-blue.svg","contentUrl":"https:\/\/www.uf-tools.com\/wp-content\/uploads\/2023\/07\/logo-blue.svg","width":242,"height":56,"caption":"UF Tools Wholesale Suppliers"},"image":{"@id":"http:\/\/www.uf-tools.com\/ja\/#\/schema\/logo\/image\/"},"sameAs":["https:\/\/www.facebook.com\/UFTOOLS\/?show_switched_toast=0&show_invite_to_follow=0&show_switched_tooltip=0&show_podcast_settings=0&show_community_review_changes=0&show_community_rollback=0&show_follower_visibility_disclosure=0","https:\/\/x.com\/uftools","https:\/\/www.instagram.com\/youfutools\/","https:\/\/www.pinterest.com\/uftools\/","https:\/\/www.youtube.com\/@uf-tools"]}]}},"_links":{"self":[{"href":"https:\/\/www.uf-tools.com\/de\/wp-json\/wp\/v2\/product\/16688","targetHints":{"allow":["GET"]}}],"collection":[{"href":"https:\/\/www.uf-tools.com\/de\/wp-json\/wp\/v2\/product"}],"about":[{"href":"https:\/\/www.uf-tools.com\/de\/wp-json\/wp\/v2\/types\/product"}],"replies":[{"embeddable":true,"href":"https:\/\/www.uf-tools.com\/de\/wp-json\/wp\/v2\/comments?post=16688"}],"version-history":[{"count":0,"href":"https:\/\/www.uf-tools.com\/de\/wp-json\/wp\/v2\/product\/16688\/revisions"}],"wp:featuredmedia":[{"embeddable":true,"href":"https:\/\/www.uf-tools.com\/de\/wp-json\/wp\/v2\/media\/16689"}],"wp:attachment":[{"href":"https:\/\/www.uf-tools.com\/de\/wp-json\/wp\/v2\/media?parent=16688"}],"wp:term":[{"taxonomy":"product_cat","embeddable":true,"href":"https:\/\/www.uf-tools.com\/de\/wp-json\/wp\/v2\/product_cat?post=16688"},{"taxonomy":"product_tag","embeddable":true,"href":"https:\/\/www.uf-tools.com\/de\/wp-json\/wp\/v2\/product_tag?post=16688"}],"curies":[{"name":"wp","href":"https:\/\/api.w.org\/{rel}","templated":true}]}}