{"id":103,"date":"2022-06-04T03:55:46","date_gmt":"2022-06-04T03:55:46","guid":{"rendered":"http:\/\/source.wpopal.com\/kitchor\/?page_id=103"},"modified":"2025-05-26T10:17:37","modified_gmt":"2025-05-26T10:17:37","slug":"distributor","status":"publish","type":"page","link":"https:\/\/www.uf-tools.com\/de\/verteiler\/","title":{"rendered":"Werden Sie UF Tools-Vertriebspartner"},"content":{"rendered":"<div data-elementor-type=\"wp-page\" data-elementor-id=\"103\" class=\"elementor elementor-103\" data-elementor-post-type=\"page\">\n\t\t\t\t\t\t<div class=\"elementor-section elementor-top-section elementor-element elementor-element-845a885 elementor-section-full_width elementor-section-stretched elementor-section-height-default elementor-section-height-default\" data-id=\"845a885\" data-element_type=\"section\" data-settings=\"{&quot;stretch_section&quot;:&quot;section-stretched&quot;,&quot;background_background&quot;:&quot;classic&quot;}\">\n\t\t\t\t\t\t<div class=\"elementor-container elementor-column-gap-no\">\n\t\t\t\t\t<div class=\"elementor-column elementor-col-100 elementor-top-column elementor-element elementor-element-ea6c6d6\" data-id=\"ea6c6d6\" data-element_type=\"column\">\n\t\t\t<div class=\"elementor-widget-wrap elementor-element-populated\">\n\t\t\t\t\t\t<div class=\"elementor-section elementor-inner-section elementor-element elementor-element-d01342f elementor-section-boxed elementor-section-height-default elementor-section-height-default\" data-id=\"d01342f\" data-element_type=\"section\">\n\t\t\t\t\t\t<div class=\"elementor-container elementor-column-gap-no\">\n\t\t\t\t\t<div class=\"elementor-column elementor-col-50 elementor-inner-column elementor-element elementor-element-956bcc0\" data-id=\"956bcc0\" data-element_type=\"column\">\n\t\t\t<div class=\"elementor-widget-wrap\">\n\t\t\t\t\t\t\t<\/div>\n\t\t<\/div>\n\t\t\t\t<div class=\"elementor-column elementor-col-50 elementor-inner-column elementor-element elementor-element-6c46705\" data-id=\"6c46705\" data-element_type=\"column\">\n\t\t\t<div class=\"elementor-widget-wrap elementor-element-populated\">\n\t\t\t\t\t\t<div class=\"elementor-element elementor-element-f9d0e4f elementor-widget elementor-widget-heading\" data-id=\"f9d0e4f\" data-element_type=\"widget\" data-widget_type=\"heading.default\">\n\t\t\t\t<div class=\"elementor-widget-container\">\n\t\t\t<h2 class=\"elementor-heading-title elementor-size-default\">Was Sie als UF Tools-Vertriebsh\u00e4ndler erwarten k\u00f6nnen<\/h2>\t\t<\/div>\n\t\t\t\t<\/div>\n\t\t\t\t<div class=\"elementor-element elementor-element-e393a41 elementor-widget elementor-widget-text-editor\" data-id=\"e393a41\" data-element_type=\"widget\" data-widget_type=\"text-editor.default\">\n\t\t\t\t<div class=\"elementor-widget-container\">\n\t\t\t\t\t\t\t<p>Wenn Sie sich unserem wachsenden H\u00e4ndlernetz anschlie\u00dfen, erhalten Sie Zugang zu unserem kompletten Sortiment an Premium-Produkten sowie zu einer umfassenden Unterst\u00fctzung durch unser Team. Unsere Produkte sind so konzipiert, dass sie die Anforderungen professioneller Bauunternehmer und Heimwerker erf\u00fcllen, und unser Engagement f\u00fcr Qualit\u00e4t und Innovation ist in jedem von uns angebotenen Produkt erkennbar.<\/p><p><br \/>Wir k\u00fcmmern uns um unsere Vertriebsh\u00e4ndler und legen die Macht in ihre H\u00e4nde mit:<\/p>\t\t\t\t\t\t<\/div>\n\t\t\t\t<\/div>\n\t\t\t\t<div class=\"elementor-element elementor-element-77f496b elementor-position-left elementor-view-default elementor-mobile-position-top elementor-vertical-align-top elementor-widget elementor-widget-icon-box\" data-id=\"77f496b\" data-element_type=\"widget\" data-widget_type=\"icon-box.default\">\n\t\t\t\t<div class=\"elementor-widget-container\">\n\t\t\t\t\t<div class=\"elementor-icon-box-wrapper\">\n\t\t\t\t\t\t<div class=\"elementor-icon-box-icon\">\n\t\t\t\t<span  class=\"elementor-icon elementor-animation-\">\n\t\t\t\t<i aria-hidden=\"true\" class=\"far fa-check-circle\"><\/i>\t\t\t\t<\/span>\n\t\t\t<\/div>\n\t\t\t\t\t\t<div class=\"elementor-icon-box-content\">\n\t\t\t\t<h3 class=\"elementor-icon-box-title\">\n\t\t\t\t\t<span  >\n\t\t\t\t\t\t\t\t\t\t\t<\/span>\n\t\t\t\t<\/h3>\n\t\t\t\t\t\t\t\t\t<p class=\"elementor-icon-box-description\">\n\t\t\t\t\t\tKleine Mindestbestellmengen\t\t\t\t\t<\/p>\n\t\t\t\t\t\t\t<\/div>\n\t\t<\/div>\n\t\t\t\t<\/div>\n\t\t\t\t<\/div>\n\t\t\t\t<div class=\"elementor-element elementor-element-11457ca elementor-position-left elementor-view-default elementor-mobile-position-top elementor-vertical-align-top elementor-widget elementor-widget-icon-box\" data-id=\"11457ca\" data-element_type=\"widget\" data-widget_type=\"icon-box.default\">\n\t\t\t\t<div class=\"elementor-widget-container\">\n\t\t\t\t\t<div class=\"elementor-icon-box-wrapper\">\n\t\t\t\t\t\t<div class=\"elementor-icon-box-icon\">\n\t\t\t\t<span  class=\"elementor-icon elementor-animation-\">\n\t\t\t\t<i aria-hidden=\"true\" class=\"far fa-check-circle\"><\/i>\t\t\t\t<\/span>\n\t\t\t<\/div>\n\t\t\t\t\t\t<div class=\"elementor-icon-box-content\">\n\t\t\t\t<h3 class=\"elementor-icon-box-title\">\n\t\t\t\t\t<span  >\n\t\t\t\t\t\t\t\t\t\t\t<\/span>\n\t\t\t\t<\/h3>\n\t\t\t\t\t\t\t\t\t<p class=\"elementor-icon-box-description\">\n\t\t\t\t\t\tDie wettbewerbsf\u00e4higsten Preise, die maximale Gewinne erm\u00f6glichen \t\t\t\t\t<\/p>\n\t\t\t\t\t\t\t<\/div>\n\t\t<\/div>\n\t\t\t\t<\/div>\n\t\t\t\t<\/div>\n\t\t\t\t<div class=\"elementor-element elementor-element-7d430ca elementor-position-left elementor-view-default elementor-mobile-position-top elementor-vertical-align-top elementor-widget elementor-widget-icon-box\" data-id=\"7d430ca\" data-element_type=\"widget\" data-widget_type=\"icon-box.default\">\n\t\t\t\t<div class=\"elementor-widget-container\">\n\t\t\t\t\t<div class=\"elementor-icon-box-wrapper\">\n\t\t\t\t\t\t<div class=\"elementor-icon-box-icon\">\n\t\t\t\t<span  class=\"elementor-icon elementor-animation-\">\n\t\t\t\t<i aria-hidden=\"true\" class=\"far fa-check-circle\"><\/i>\t\t\t\t<\/span>\n\t\t\t<\/div>\n\t\t\t\t\t\t<div class=\"elementor-icon-box-content\">\n\t\t\t\t<h3 class=\"elementor-icon-box-title\">\n\t\t\t\t\t<span  >\n\t\t\t\t\t\t\t\t\t\t\t<\/span>\n\t\t\t\t<\/h3>\n\t\t\t\t\t\t\t\t\t<p class=\"elementor-icon-box-description\">\n\t\t\t\t\t\tKostenloser Versand weltweit \t\t\t\t\t<\/p>\n\t\t\t\t\t\t\t<\/div>\n\t\t<\/div>\n\t\t\t\t<\/div>\n\t\t\t\t<\/div>\n\t\t\t\t<div class=\"elementor-element elementor-element-27440d6 elementor-position-left elementor-view-default elementor-mobile-position-top elementor-vertical-align-top elementor-widget elementor-widget-icon-box\" data-id=\"27440d6\" data-element_type=\"widget\" data-widget_type=\"icon-box.default\">\n\t\t\t\t<div class=\"elementor-widget-container\">\n\t\t\t\t\t<div class=\"elementor-icon-box-wrapper\">\n\t\t\t\t\t\t<div class=\"elementor-icon-box-icon\">\n\t\t\t\t<span  class=\"elementor-icon elementor-animation-\">\n\t\t\t\t<i aria-hidden=\"true\" class=\"far fa-check-circle\"><\/i>\t\t\t\t<\/span>\n\t\t\t<\/div>\n\t\t\t\t\t\t<div class=\"elementor-icon-box-content\">\n\t\t\t\t<h3 class=\"elementor-icon-box-title\">\n\t\t\t\t\t<span  >\n\t\t\t\t\t\t\t\t\t\t\t<\/span>\n\t\t\t\t<\/h3>\n\t\t\t\t\t\t\t\t\t<p class=\"elementor-icon-box-description\">\n\t\t\t\t\t\tExperten f\u00fcr Design und Fertigung stehen bereit, um zu helfen \t\t\t\t\t<\/p>\n\t\t\t\t\t\t\t<\/div>\n\t\t<\/div>\n\t\t\t\t<\/div>\n\t\t\t\t<\/div>\n\t\t\t\t<div class=\"elementor-element elementor-element-9544832 elementor-position-left elementor-view-default elementor-mobile-position-top elementor-vertical-align-top elementor-widget elementor-widget-icon-box\" data-id=\"9544832\" data-element_type=\"widget\" data-widget_type=\"icon-box.default\">\n\t\t\t\t<div class=\"elementor-widget-container\">\n\t\t\t\t\t<div class=\"elementor-icon-box-wrapper\">\n\t\t\t\t\t\t<div class=\"elementor-icon-box-icon\">\n\t\t\t\t<span  class=\"elementor-icon elementor-animation-\">\n\t\t\t\t<i aria-hidden=\"true\" class=\"far fa-check-circle\"><\/i>\t\t\t\t<\/span>\n\t\t\t<\/div>\n\t\t\t\t\t\t<div class=\"elementor-icon-box-content\">\n\t\t\t\t<h3 class=\"elementor-icon-box-title\">\n\t\t\t\t\t<span  >\n\t\t\t\t\t\t\t\t\t\t\t<\/span>\n\t\t\t\t<\/h3>\n\t\t\t\t\t\t\t\t\t<p class=\"elementor-icon-box-description\">\n\t\t\t\t\t\tEinzigartiges, modernes, kundenfreundliches Produkt- und Verpackungsdesign \t\t\t\t\t<\/p>\n\t\t\t\t\t\t\t<\/div>\n\t\t<\/div>\n\t\t\t\t<\/div>\n\t\t\t\t<\/div>\n\t\t\t\t<div class=\"elementor-element elementor-element-fbd41ba elementor-position-left elementor-view-default elementor-mobile-position-top elementor-vertical-align-top elementor-widget elementor-widget-icon-box\" data-id=\"fbd41ba\" data-element_type=\"widget\" data-widget_type=\"icon-box.default\">\n\t\t\t\t<div class=\"elementor-widget-container\">\n\t\t\t\t\t<div class=\"elementor-icon-box-wrapper\">\n\t\t\t\t\t\t<div class=\"elementor-icon-box-icon\">\n\t\t\t\t<span  class=\"elementor-icon elementor-animation-\">\n\t\t\t\t<i aria-hidden=\"true\" class=\"far fa-check-circle\"><\/i>\t\t\t\t<\/span>\n\t\t\t<\/div>\n\t\t\t\t\t\t<div class=\"elementor-icon-box-content\">\n\t\t\t\t<h3 class=\"elementor-icon-box-title\">\n\t\t\t\t\t<span  >\n\t\t\t\t\t\t\t\t\t\t\t<\/span>\n\t\t\t\t<\/h3>\n\t\t\t\t\t\t\t\t\t<p class=\"elementor-icon-box-description\">\n\t\t\t\t\t\tMa\u00dfgeschneidertes Marketing als Verkaufsmaterial\t\t\t\t\t<\/p>\n\t\t\t\t\t\t\t<\/div>\n\t\t<\/div>\n\t\t\t\t<\/div>\n\t\t\t\t<\/div>\n\t\t\t\t<div class=\"elementor-element elementor-element-d96d641 elementor-widget elementor-widget-heading\" data-id=\"d96d641\" data-element_type=\"widget\" data-widget_type=\"heading.default\">\n\t\t\t\t<div class=\"elementor-widget-container\">\n\t\t\t<h2 class=\"elementor-heading-title elementor-size-default\">Fordern Sie noch heute unseren Gesamtkatalog und eine kostenlose Produktprobe an!<\/h2>\t\t<\/div>\n\t\t\t\t<\/div>\n\t\t\t\t\t<\/div>\n\t\t<\/div>\n\t\t\t\t\t<\/div>\n\t\t<\/div>\n\t\t\t\t\t<\/div>\n\t\t<\/div>\n\t\t\t\t\t<\/div>\n\t\t<\/div>\n\t\t\t\t<\/div>","protected":false},"excerpt":{"rendered":"<p>Enter Your Detail Message How Did You Hear About Us? &#8211; &#8211; &#8211; &#8211; &#8211;College\u2019s Course Information UnitEmail from the CollegeText message from the College Preferred contact method * PhoneText MessageEmail Communication preferences * Yes &#8211; I would like to receive the UF Tools newsletter, special offers and discounts, and information of local showroom offerings [&hellip;]<\/p>","protected":false},"author":1,"featured_media":17172,"parent":0,"menu_order":0,"comment_status":"closed","ping_status":"closed","template":"","meta":{"footnotes":""},"class_list":["post-103","page","type-page","status-publish","has-post-thumbnail","hentry"],"yoast_head":"<!-- This site is optimized with the Yoast SEO plugin v26.9 - https:\/\/yoast.com\/product\/yoast-seo-wordpress\/ -->\n<title>Become a UF-TOOLS Distributor | Global Dealer Application<\/title>\n<meta name=\"description\" content=\"Join UF-TOOLS as a global distributor and expand your business with our high-quality precision screwdrivers and hand tools. Apply now to access wholesale pricing, OEM\/ODM support, marketing materials, and fast global shipping.\" \/>\n<meta name=\"robots\" content=\"index, follow, max-snippet:-1, max-image-preview:large, max-video-preview:-1\" \/>\n<link rel=\"canonical\" href=\"http:\/\/www.uf-tools.com\/de\/verteiler\/\" \/>\n<meta property=\"og:locale\" content=\"de_DE\" \/>\n<meta property=\"og:type\" content=\"article\" \/>\n<meta property=\"og:title\" content=\"Become a UF-TOOLS Distributor | Global Dealer Application\" \/>\n<meta property=\"og:description\" content=\"Join UF-TOOLS as a global distributor and expand your business with our high-quality precision screwdrivers and hand tools. Apply now to access wholesale pricing, OEM\/ODM support, marketing materials, and fast global shipping.\" \/>\n<meta property=\"og:url\" content=\"http:\/\/www.uf-tools.com\/de\/verteiler\/\" \/>\n<meta property=\"og:site_name\" content=\"UF Tools Wholesale Suppliers\" \/>\n<meta property=\"article:publisher\" content=\"https:\/\/www.facebook.com\/UFTOOLS\/?show_switched_toast=0&amp;show_invite_to_follow=0&amp;show_switched_tooltip=0&amp;show_podcast_settings=0&amp;show_community_review_changes=0&amp;show_community_rollback=0&amp;show_follower_visibility_disclosure=0\" \/>\n<meta property=\"article:modified_time\" content=\"2025-05-26T10:17:37+00:00\" \/>\n<meta property=\"og:image\" content=\"http:\/\/www.uf-tools.com\/wp-content\/uploads\/2022\/06\/202309271.jpg\" \/>\n\t<meta property=\"og:image:width\" content=\"1980\" \/>\n\t<meta property=\"og:image:height\" content=\"1160\" \/>\n\t<meta property=\"og:image:type\" content=\"image\/jpeg\" \/>\n<meta name=\"twitter:card\" content=\"summary_large_image\" \/>\n<meta name=\"twitter:site\" content=\"@uftools\" \/>\n<meta name=\"twitter:label1\" content=\"Gesch\u00e4tzte Lesezeit\" \/>\n\t<meta name=\"twitter:data1\" content=\"2\u00a0Minuten\" \/>\n<script type=\"application\/ld+json\" class=\"yoast-schema-graph\">{\"@context\":\"https:\/\/schema.org\",\"@graph\":[{\"@type\":\"WebPage\",\"@id\":\"http:\/\/www.uf-tools.com\/distributor\/\",\"url\":\"http:\/\/www.uf-tools.com\/distributor\/\",\"name\":\"Become a UF-TOOLS Distributor | Global Dealer Application\",\"isPartOf\":{\"@id\":\"http:\/\/www.uf-tools.com\/ja\/#website\"},\"primaryImageOfPage\":{\"@id\":\"http:\/\/www.uf-tools.com\/distributor\/#primaryimage\"},\"image\":{\"@id\":\"http:\/\/www.uf-tools.com\/distributor\/#primaryimage\"},\"thumbnailUrl\":\"https:\/\/www.uf-tools.com\/wp-content\/uploads\/2022\/06\/202309271.jpg\",\"datePublished\":\"2022-06-04T03:55:46+00:00\",\"dateModified\":\"2025-05-26T10:17:37+00:00\",\"description\":\"Join UF-TOOLS as a global distributor and expand your business with our high-quality precision screwdrivers and hand tools. Apply now to access wholesale pricing, OEM\/ODM support, marketing materials, and fast global shipping.\",\"breadcrumb\":{\"@id\":\"http:\/\/www.uf-tools.com\/distributor\/#breadcrumb\"},\"inLanguage\":\"de\",\"potentialAction\":[{\"@type\":\"ReadAction\",\"target\":[\"http:\/\/www.uf-tools.com\/distributor\/\"]}]},{\"@type\":\"ImageObject\",\"inLanguage\":\"de\",\"@id\":\"http:\/\/www.uf-tools.com\/distributor\/#primaryimage\",\"url\":\"https:\/\/www.uf-tools.com\/wp-content\/uploads\/2022\/06\/202309271.jpg\",\"contentUrl\":\"https:\/\/www.uf-tools.com\/wp-content\/uploads\/2022\/06\/202309271.jpg\",\"width\":1980,\"height\":1160},{\"@type\":\"BreadcrumbList\",\"@id\":\"http:\/\/www.uf-tools.com\/distributor\/#breadcrumb\",\"itemListElement\":[{\"@type\":\"ListItem\",\"position\":1,\"name\":\"Home\",\"item\":\"http:\/\/www.uf-tools.com\/ja\/\"},{\"@type\":\"ListItem\",\"position\":2,\"name\":\"Become A UF Tools Distributor\"}]},{\"@type\":\"WebSite\",\"@id\":\"http:\/\/www.uf-tools.com\/ja\/#website\",\"url\":\"http:\/\/www.uf-tools.com\/ja\/\",\"name\":\"Manufacturer of precision digital repair tools\",\"description\":\"UF TOOLS\",\"publisher\":{\"@id\":\"http:\/\/www.uf-tools.com\/ja\/#organization\"},\"potentialAction\":[{\"@type\":\"SearchAction\",\"target\":{\"@type\":\"EntryPoint\",\"urlTemplate\":\"http:\/\/www.uf-tools.com\/ja\/?s={search_term_string}\"},\"query-input\":{\"@type\":\"PropertyValueSpecification\",\"valueRequired\":true,\"valueName\":\"search_term_string\"}}],\"inLanguage\":\"de\"},{\"@type\":\"Organization\",\"@id\":\"http:\/\/www.uf-tools.com\/ja\/#organization\",\"name\":\"UF Tools Wholesale Suppliers\",\"url\":\"http:\/\/www.uf-tools.com\/ja\/\",\"logo\":{\"@type\":\"ImageObject\",\"inLanguage\":\"de\",\"@id\":\"http:\/\/www.uf-tools.com\/ja\/#\/schema\/logo\/image\/\",\"url\":\"https:\/\/www.uf-tools.com\/wp-content\/uploads\/2023\/07\/logo-blue.svg\",\"contentUrl\":\"https:\/\/www.uf-tools.com\/wp-content\/uploads\/2023\/07\/logo-blue.svg\",\"width\":242,\"height\":56,\"caption\":\"UF Tools Wholesale Suppliers\"},\"image\":{\"@id\":\"http:\/\/www.uf-tools.com\/ja\/#\/schema\/logo\/image\/\"},\"sameAs\":[\"https:\/\/www.facebook.com\/UFTOOLS\/?show_switched_toast=0&show_invite_to_follow=0&show_switched_tooltip=0&show_podcast_settings=0&show_community_review_changes=0&show_community_rollback=0&show_follower_visibility_disclosure=0\",\"https:\/\/x.com\/uftools\",\"https:\/\/www.instagram.com\/youfutools\/\",\"https:\/\/www.pinterest.com\/uftools\/\",\"https:\/\/www.youtube.com\/@uf-tools\"]}]}<\/script>\n<!-- \/ Yoast SEO plugin. -->","yoast_head_json":{"title":"Become a UF-TOOLS Distributor | Global Dealer Application","description":"Join UF-TOOLS as a global distributor and expand your business with our high-quality precision screwdrivers and hand tools. Apply now to access wholesale pricing, OEM\/ODM support, marketing materials, and fast global shipping.","robots":{"index":"index","follow":"follow","max-snippet":"max-snippet:-1","max-image-preview":"max-image-preview:large","max-video-preview":"max-video-preview:-1"},"canonical":"http:\/\/www.uf-tools.com\/de\/verteiler\/","og_locale":"de_DE","og_type":"article","og_title":"Become a UF-TOOLS Distributor | Global Dealer Application","og_description":"Join UF-TOOLS as a global distributor and expand your business with our high-quality precision screwdrivers and hand tools. Apply now to access wholesale pricing, OEM\/ODM support, marketing materials, and fast global shipping.","og_url":"http:\/\/www.uf-tools.com\/de\/verteiler\/","og_site_name":"UF Tools Wholesale Suppliers","article_publisher":"https:\/\/www.facebook.com\/UFTOOLS\/?show_switched_toast=0&show_invite_to_follow=0&show_switched_tooltip=0&show_podcast_settings=0&show_community_review_changes=0&show_community_rollback=0&show_follower_visibility_disclosure=0","article_modified_time":"2025-05-26T10:17:37+00:00","og_image":[{"width":1980,"height":1160,"url":"http:\/\/www.uf-tools.com\/wp-content\/uploads\/2022\/06\/202309271.jpg","type":"image\/jpeg"}],"twitter_card":"summary_large_image","twitter_site":"@uftools","twitter_misc":{"Gesch\u00e4tzte Lesezeit":"2\u00a0Minuten"},"schema":{"@context":"https:\/\/schema.org","@graph":[{"@type":"WebPage","@id":"http:\/\/www.uf-tools.com\/distributor\/","url":"http:\/\/www.uf-tools.com\/distributor\/","name":"Become a UF-TOOLS Distributor | Global Dealer Application","isPartOf":{"@id":"http:\/\/www.uf-tools.com\/ja\/#website"},"primaryImageOfPage":{"@id":"http:\/\/www.uf-tools.com\/distributor\/#primaryimage"},"image":{"@id":"http:\/\/www.uf-tools.com\/distributor\/#primaryimage"},"thumbnailUrl":"https:\/\/www.uf-tools.com\/wp-content\/uploads\/2022\/06\/202309271.jpg","datePublished":"2022-06-04T03:55:46+00:00","dateModified":"2025-05-26T10:17:37+00:00","description":"Join UF-TOOLS as a global distributor and expand your business with our high-quality precision screwdrivers and hand tools. Apply now to access wholesale pricing, OEM\/ODM support, marketing materials, and fast global shipping.","breadcrumb":{"@id":"http:\/\/www.uf-tools.com\/distributor\/#breadcrumb"},"inLanguage":"de","potentialAction":[{"@type":"ReadAction","target":["http:\/\/www.uf-tools.com\/distributor\/"]}]},{"@type":"ImageObject","inLanguage":"de","@id":"http:\/\/www.uf-tools.com\/distributor\/#primaryimage","url":"https:\/\/www.uf-tools.com\/wp-content\/uploads\/2022\/06\/202309271.jpg","contentUrl":"https:\/\/www.uf-tools.com\/wp-content\/uploads\/2022\/06\/202309271.jpg","width":1980,"height":1160},{"@type":"BreadcrumbList","@id":"http:\/\/www.uf-tools.com\/distributor\/#breadcrumb","itemListElement":[{"@type":"ListItem","position":1,"name":"Home","item":"http:\/\/www.uf-tools.com\/ja\/"},{"@type":"ListItem","position":2,"name":"Become A UF Tools Distributor"}]},{"@type":"WebSite","@id":"http:\/\/www.uf-tools.com\/ja\/#website","url":"http:\/\/www.uf-tools.com\/ja\/","name":"Manufacturer of precision digital repair tools","description":"UF TOOLS","publisher":{"@id":"http:\/\/www.uf-tools.com\/ja\/#organization"},"potentialAction":[{"@type":"SearchAction","target":{"@type":"EntryPoint","urlTemplate":"http:\/\/www.uf-tools.com\/ja\/?s={search_term_string}"},"query-input":{"@type":"PropertyValueSpecification","valueRequired":true,"valueName":"search_term_string"}}],"inLanguage":"de"},{"@type":"Organization","@id":"http:\/\/www.uf-tools.com\/ja\/#organization","name":"UF Tools Wholesale Suppliers","url":"http:\/\/www.uf-tools.com\/ja\/","logo":{"@type":"ImageObject","inLanguage":"de","@id":"http:\/\/www.uf-tools.com\/ja\/#\/schema\/logo\/image\/","url":"https:\/\/www.uf-tools.com\/wp-content\/uploads\/2023\/07\/logo-blue.svg","contentUrl":"https:\/\/www.uf-tools.com\/wp-content\/uploads\/2023\/07\/logo-blue.svg","width":242,"height":56,"caption":"UF Tools Wholesale Suppliers"},"image":{"@id":"http:\/\/www.uf-tools.com\/ja\/#\/schema\/logo\/image\/"},"sameAs":["https:\/\/www.facebook.com\/UFTOOLS\/?show_switched_toast=0&show_invite_to_follow=0&show_switched_tooltip=0&show_podcast_settings=0&show_community_review_changes=0&show_community_rollback=0&show_follower_visibility_disclosure=0","https:\/\/x.com\/uftools","https:\/\/www.instagram.com\/youfutools\/","https:\/\/www.pinterest.com\/uftools\/","https:\/\/www.youtube.com\/@uf-tools"]}]}},"_links":{"self":[{"href":"https:\/\/www.uf-tools.com\/de\/wp-json\/wp\/v2\/pages\/103","targetHints":{"allow":["GET"]}}],"collection":[{"href":"https:\/\/www.uf-tools.com\/de\/wp-json\/wp\/v2\/pages"}],"about":[{"href":"https:\/\/www.uf-tools.com\/de\/wp-json\/wp\/v2\/types\/page"}],"author":[{"embeddable":true,"href":"https:\/\/www.uf-tools.com\/de\/wp-json\/wp\/v2\/users\/1"}],"replies":[{"embeddable":true,"href":"https:\/\/www.uf-tools.com\/de\/wp-json\/wp\/v2\/comments?post=103"}],"version-history":[{"count":1,"href":"https:\/\/www.uf-tools.com\/de\/wp-json\/wp\/v2\/pages\/103\/revisions"}],"predecessor-version":[{"id":19183,"href":"https:\/\/www.uf-tools.com\/de\/wp-json\/wp\/v2\/pages\/103\/revisions\/19183"}],"wp:featuredmedia":[{"embeddable":true,"href":"https:\/\/www.uf-tools.com\/de\/wp-json\/wp\/v2\/media\/17172"}],"wp:attachment":[{"href":"https:\/\/www.uf-tools.com\/de\/wp-json\/wp\/v2\/media?parent=103"}],"curies":[{"name":"wp","href":"https:\/\/api.w.org\/{rel}","templated":true}]}}