{"id":366,"date":"2022-06-06T02:36:01","date_gmt":"2022-06-06T02:36:01","guid":{"rendered":"http:\/\/source.wpopal.com\/kitchor\/product\/awesome-paper-gloves\/"},"modified":"2025-02-21T09:31:18","modified_gmt":"2025-02-21T09:31:18","slug":"mini-electric-screwdriver-sets-28-in-1-precision-tools-uf882037","status":"publish","type":"product","link":"http:\/\/www.uf-tools.com\/es\/mini-destornillador-electrico-28-en-1-herramientas-de-precision-uf882037\/","title":{"rendered":"Mini Juego de Destornilladores El\u00e9ctricos 28 en 1 Herramientas de Precisi\u00f3n - UF882037"},"content":{"rendered":"<h2>Mini Juego de Destornilladores El\u00e9ctricos 28 en 1 Herramientas de Precisi\u00f3n - UF882037<\/h2>\n<p><span class=\"a-list-item\">Destornillador el\u00e9ctrico de precisi\u00f3n: Apariencia similar a un bol\u00edgrafo, con 24 puntas de precisi\u00f3n de acero duro S2, adecuado para gafas, tel\u00e9fonos m\u00f3viles, ordenadores, discos duros, relojes, maquinillas de afeitar, mangos, tablas de desmontaje, drones, motores, armas de fuego de juguete, etc.\uff08La m\u00e1quina tiene protecci\u00f3n contra la rotaci\u00f3n, no es adecuada para tornillos m\u00e1s grandes.\uff09<\/span><\/p>\n<p><span class=\"a-list-item\">\u270e 360\u00b0 Luz sin sombras: Esta herramienta de reparaci\u00f3n incorporada 3 luces LED brillantes puede iluminar completamente el \u00e1rea de trabajo.<\/span><\/p>\n<p><span class=\"a-list-item\">\u270e Triple par de torsi\u00f3n: Nuestro juego de destornilladores adopta un nuevo motor potente actualizado, el par de torsi\u00f3n alcanza 0,45-0,6NM para la perforaci\u00f3n, y la velocidad de ralent\u00ed es tan alta como 300r\/min.<\/span><\/p>\n<p><span class=\"a-list-item\">\u270e Recargable, dise\u00f1o magn\u00e9tico: bater\u00eda incorporada de 350mA, puerto de carga Tipo-C; El destornillador tiene una fuerte atracci\u00f3n magn\u00e9tica, y las puntas de destornillador son a prueba de \u00f3xido, resistentes al desgaste y duraderas.<\/span><\/p>\n<p><span class=\"a-list-item\">\u270e Apariencia exquisita: La caja transparente abatible, las piezas se colocan en las ranuras, el dise\u00f1o general es exquisito y exquisito, y se puede utilizar como un regalo para los miembros de la familia o amigos.<\/span><\/p>\n<h2>Paquete incluido:<\/h2>\n<ul>\n<li>1 x Palanca<\/li>\n<li>1 x Destornillador el\u00e9ctrico<\/li>\n<li>1 x Magnetizador y desmagnetizador<\/li>\n<li>1 x Cable de carga USB<\/li>\n<li>24 x Puntas S2 (4x28mm)<\/li>\n<\/ul>\n<p><!--more--><\/p>\n<div class=\"aligncenter\"><img loading=\"lazy\" decoding=\"async\" class=\"wp-image-16697 size-full\" src=\"https:\/\/www.uf-tools.com\/wp-content\/uploads\/2022\/06\/Mini-Electric-Screwdriver-Sets-28-in-1-Precision-Tools-\u2013-UF882037-1.jpg\" alt=\"Mini Juego de Destornilladores El\u00e9ctricos 28 en 1 Herramientas de Precisi\u00f3n - UF882037\" width=\"790\" height=\"1658\" srcset=\"http:\/\/www.uf-tools.com\/wp-content\/uploads\/2022\/06\/Mini-Electric-Screwdriver-Sets-28-in-1-Precision-Tools-\u2013-UF882037-1.jpg 790w, http:\/\/www.uf-tools.com\/wp-content\/uploads\/2022\/06\/Mini-Electric-Screwdriver-Sets-28-in-1-Precision-Tools-\u2013-UF882037-1-768x1612.jpg 768w, http:\/\/www.uf-tools.com\/wp-content\/uploads\/2022\/06\/Mini-Electric-Screwdriver-Sets-28-in-1-Precision-Tools-\u2013-UF882037-1-732x1536.jpg 732w, http:\/\/www.uf-tools.com\/wp-content\/uploads\/2022\/06\/Mini-Electric-Screwdriver-Sets-28-in-1-Precision-Tools-\u2013-UF882037-1-6x12.jpg 6w\" sizes=\"auto, (max-width: 790px) 100vw, 790px\" \/> <img loading=\"lazy\" decoding=\"async\" class=\"size-full wp-image-16698\" src=\"https:\/\/www.uf-tools.com\/wp-content\/uploads\/2022\/06\/Mini-Electric-Screwdriver-Sets-28-in-1-Precision-Tools-\u2013-UF882037-2.jpg\" alt=\"Mini Juego de Destornilladores El\u00e9ctricos 28 en 1 Herramientas de Precisi\u00f3n - UF882037\" width=\"790\" height=\"1268\" srcset=\"http:\/\/www.uf-tools.com\/wp-content\/uploads\/2022\/06\/Mini-Electric-Screwdriver-Sets-28-in-1-Precision-Tools-\u2013-UF882037-2.jpg 790w, http:\/\/www.uf-tools.com\/wp-content\/uploads\/2022\/06\/Mini-Electric-Screwdriver-Sets-28-in-1-Precision-Tools-\u2013-UF882037-2-768x1233.jpg 768w, http:\/\/www.uf-tools.com\/wp-content\/uploads\/2022\/06\/Mini-Electric-Screwdriver-Sets-28-in-1-Precision-Tools-\u2013-UF882037-2-7x12.jpg 7w\" sizes=\"auto, (max-width: 790px) 100vw, 790px\" \/> <img loading=\"lazy\" decoding=\"async\" class=\"size-full wp-image-16699\" src=\"https:\/\/www.uf-tools.com\/wp-content\/uploads\/2022\/06\/Mini-Electric-Screwdriver-Sets-28-in-1-Precision-Tools-\u2013-UF882037-3.jpg\" alt=\"Mini Juego de Destornilladores El\u00e9ctricos 28 en 1 Herramientas de Precisi\u00f3n - UF882037\" width=\"790\" height=\"1447\" srcset=\"http:\/\/www.uf-tools.com\/wp-content\/uploads\/2022\/06\/Mini-Electric-Screwdriver-Sets-28-in-1-Precision-Tools-\u2013-UF882037-3.jpg 790w, http:\/\/www.uf-tools.com\/wp-content\/uploads\/2022\/06\/Mini-Electric-Screwdriver-Sets-28-in-1-Precision-Tools-\u2013-UF882037-3-768x1407.jpg 768w, http:\/\/www.uf-tools.com\/wp-content\/uploads\/2022\/06\/Mini-Electric-Screwdriver-Sets-28-in-1-Precision-Tools-\u2013-UF882037-3-7x12.jpg 7w\" sizes=\"auto, (max-width: 790px) 100vw, 790px\" \/> <img loading=\"lazy\" decoding=\"async\" class=\"size-full wp-image-16700\" src=\"https:\/\/www.uf-tools.com\/wp-content\/uploads\/2022\/06\/Mini-Electric-Screwdriver-Sets-28-in-1-Precision-Tools-\u2013-UF882037-4.jpg\" alt=\"Mini Juego de Destornilladores El\u00e9ctricos 28 en 1 Herramientas de Precisi\u00f3n - UF882037\" width=\"790\" height=\"1451\" srcset=\"http:\/\/www.uf-tools.com\/wp-content\/uploads\/2022\/06\/Mini-Electric-Screwdriver-Sets-28-in-1-Precision-Tools-\u2013-UF882037-4.jpg 790w, http:\/\/www.uf-tools.com\/wp-content\/uploads\/2022\/06\/Mini-Electric-Screwdriver-Sets-28-in-1-Precision-Tools-\u2013-UF882037-4-768x1411.jpg 768w, http:\/\/www.uf-tools.com\/wp-content\/uploads\/2022\/06\/Mini-Electric-Screwdriver-Sets-28-in-1-Precision-Tools-\u2013-UF882037-4-7x12.jpg 7w\" sizes=\"auto, (max-width: 790px) 100vw, 790px\" \/> <img loading=\"lazy\" decoding=\"async\" class=\"size-full wp-image-16701\" src=\"https:\/\/www.uf-tools.com\/wp-content\/uploads\/2022\/06\/Mini-Electric-Screwdriver-Sets-28-in-1-Precision-Tools-\u2013-UF882037-5.jpg\" alt=\"Mini Juego de Destornilladores El\u00e9ctricos 28 en 1 Herramientas de Precisi\u00f3n - UF882037\" width=\"790\" height=\"1433\" srcset=\"http:\/\/www.uf-tools.com\/wp-content\/uploads\/2022\/06\/Mini-Electric-Screwdriver-Sets-28-in-1-Precision-Tools-\u2013-UF882037-5.jpg 790w, http:\/\/www.uf-tools.com\/wp-content\/uploads\/2022\/06\/Mini-Electric-Screwdriver-Sets-28-in-1-Precision-Tools-\u2013-UF882037-5-768x1393.jpg 768w, http:\/\/www.uf-tools.com\/wp-content\/uploads\/2022\/06\/Mini-Electric-Screwdriver-Sets-28-in-1-Precision-Tools-\u2013-UF882037-5-7x12.jpg 7w\" sizes=\"auto, (max-width: 790px) 100vw, 790px\" \/> <img loading=\"lazy\" decoding=\"async\" class=\"size-full wp-image-16702\" src=\"https:\/\/www.uf-tools.com\/wp-content\/uploads\/2022\/06\/Mini-Electric-Screwdriver-Sets-28-in-1-Precision-Tools-\u2013-UF882037-6.jpg\" alt=\"Mini Juego de Destornilladores El\u00e9ctricos 28 en 1 Herramientas de Precisi\u00f3n - UF882037\" width=\"790\" height=\"1431\" srcset=\"http:\/\/www.uf-tools.com\/wp-content\/uploads\/2022\/06\/Mini-Electric-Screwdriver-Sets-28-in-1-Precision-Tools-\u2013-UF882037-6.jpg 790w, http:\/\/www.uf-tools.com\/wp-content\/uploads\/2022\/06\/Mini-Electric-Screwdriver-Sets-28-in-1-Precision-Tools-\u2013-UF882037-6-768x1391.jpg 768w, http:\/\/www.uf-tools.com\/wp-content\/uploads\/2022\/06\/Mini-Electric-Screwdriver-Sets-28-in-1-Precision-Tools-\u2013-UF882037-6-7x12.jpg 7w\" sizes=\"auto, (max-width: 790px) 100vw, 790px\" \/> <img loading=\"lazy\" decoding=\"async\" class=\"size-full wp-image-16703\" src=\"https:\/\/www.uf-tools.com\/wp-content\/uploads\/2022\/06\/Mini-Electric-Screwdriver-Sets-28-in-1-Precision-Tools-\u2013-UF882037-7.jpg\" alt=\"Mini Juego de Destornilladores El\u00e9ctricos 28 en 1 Herramientas de Precisi\u00f3n - UF882037\" width=\"790\" height=\"1426\" srcset=\"http:\/\/www.uf-tools.com\/wp-content\/uploads\/2022\/06\/Mini-Electric-Screwdriver-Sets-28-in-1-Precision-Tools-\u2013-UF882037-7.jpg 790w, http:\/\/www.uf-tools.com\/wp-content\/uploads\/2022\/06\/Mini-Electric-Screwdriver-Sets-28-in-1-Precision-Tools-\u2013-UF882037-7-768x1386.jpg 768w, http:\/\/www.uf-tools.com\/wp-content\/uploads\/2022\/06\/Mini-Electric-Screwdriver-Sets-28-in-1-Precision-Tools-\u2013-UF882037-7-7x12.jpg 7w\" sizes=\"auto, (max-width: 790px) 100vw, 790px\" \/> <img loading=\"lazy\" decoding=\"async\" class=\"size-full wp-image-16704\" src=\"https:\/\/www.uf-tools.com\/wp-content\/uploads\/2022\/06\/Mini-Electric-Screwdriver-Sets-28-in-1-Precision-Tools-\u2013-UF882037-8.jpg\" alt=\"Mini Juego de Destornilladores El\u00e9ctricos 28 en 1 Herramientas de Precisi\u00f3n - UF882037\" width=\"790\" height=\"1428\" srcset=\"http:\/\/www.uf-tools.com\/wp-content\/uploads\/2022\/06\/Mini-Electric-Screwdriver-Sets-28-in-1-Precision-Tools-\u2013-UF882037-8.jpg 790w, http:\/\/www.uf-tools.com\/wp-content\/uploads\/2022\/06\/Mini-Electric-Screwdriver-Sets-28-in-1-Precision-Tools-\u2013-UF882037-8-768x1388.jpg 768w, http:\/\/www.uf-tools.com\/wp-content\/uploads\/2022\/06\/Mini-Electric-Screwdriver-Sets-28-in-1-Precision-Tools-\u2013-UF882037-8-7x12.jpg 7w\" sizes=\"auto, (max-width: 790px) 100vw, 790px\" \/> <img loading=\"lazy\" decoding=\"async\" class=\"size-full wp-image-16705\" src=\"https:\/\/www.uf-tools.com\/wp-content\/uploads\/2022\/06\/Mini-Electric-Screwdriver-Sets-28-in-1-Precision-Tools-\u2013-UF882037-9.jpg\" alt=\"Mini Juego de Destornilladores El\u00e9ctricos 28 en 1 Herramientas de Precisi\u00f3n - UF882037\" width=\"790\" height=\"1340\" srcset=\"http:\/\/www.uf-tools.com\/wp-content\/uploads\/2022\/06\/Mini-Electric-Screwdriver-Sets-28-in-1-Precision-Tools-\u2013-UF882037-9.jpg 790w, http:\/\/www.uf-tools.com\/wp-content\/uploads\/2022\/06\/Mini-Electric-Screwdriver-Sets-28-in-1-Precision-Tools-\u2013-UF882037-9-768x1303.jpg 768w, http:\/\/www.uf-tools.com\/wp-content\/uploads\/2022\/06\/Mini-Electric-Screwdriver-Sets-28-in-1-Precision-Tools-\u2013-UF882037-9-7x12.jpg 7w\" sizes=\"auto, (max-width: 790px) 100vw, 790px\" \/> <img loading=\"lazy\" decoding=\"async\" class=\"wp-image-16706 size-full\" src=\"https:\/\/www.uf-tools.com\/wp-content\/uploads\/2022\/06\/Mini-Electric-Screwdriver-Sets-28-in-1-Precision-Tools-\u2013-UF882037-10.jpg\" alt=\"Mini Juego de Destornilladores El\u00e9ctricos 28 en 1 Herramientas de Precisi\u00f3n - UF882037\" width=\"790\" height=\"1531\" srcset=\"http:\/\/www.uf-tools.com\/wp-content\/uploads\/2022\/06\/Mini-Electric-Screwdriver-Sets-28-in-1-Precision-Tools-\u2013-UF882037-10.jpg 790w, http:\/\/www.uf-tools.com\/wp-content\/uploads\/2022\/06\/Mini-Electric-Screwdriver-Sets-28-in-1-Precision-Tools-\u2013-UF882037-10-768x1488.jpg 768w, http:\/\/www.uf-tools.com\/wp-content\/uploads\/2022\/06\/Mini-Electric-Screwdriver-Sets-28-in-1-Precision-Tools-\u2013-UF882037-10-6x12.jpg 6w\" sizes=\"auto, (max-width: 790px) 100vw, 790px\" \/> <img loading=\"lazy\" decoding=\"async\" class=\"size-full wp-image-16707\" src=\"https:\/\/www.uf-tools.com\/wp-content\/uploads\/2022\/06\/Mini-Electric-Screwdriver-Sets-28-in-1-Precision-Tools-\u2013-UF882037-11.jpg\" alt=\"Mini Juego de Destornilladores El\u00e9ctricos 28 en 1 Herramientas de Precisi\u00f3n - UF882037\" width=\"790\" height=\"1184\" srcset=\"http:\/\/www.uf-tools.com\/wp-content\/uploads\/2022\/06\/Mini-Electric-Screwdriver-Sets-28-in-1-Precision-Tools-\u2013-UF882037-11.jpg 790w, http:\/\/www.uf-tools.com\/wp-content\/uploads\/2022\/06\/Mini-Electric-Screwdriver-Sets-28-in-1-Precision-Tools-\u2013-UF882037-11-768x1151.jpg 768w, http:\/\/www.uf-tools.com\/wp-content\/uploads\/2022\/06\/Mini-Electric-Screwdriver-Sets-28-in-1-Precision-Tools-\u2013-UF882037-11-8x12.jpg 8w\" sizes=\"auto, (max-width: 790px) 100vw, 790px\" \/><\/div>","protected":false},"excerpt":{"rendered":"<p>Destornillador el\u00e9ctrico de precisi\u00f3n: Aspecto de bol\u00edgrafo, con 24 puntas de precisi\u00f3n de acero duro S2, adecuado para gafas, tel\u00e9fonos m\u00f3viles, ordenadores, discos duros, relojes, maquinillas de afeitar, mangos, tablas de desmontaje, drones, motores, armas de fuego de juguete, etc.\uff08La m\u00e1quina tiene protecci\u00f3n contra la rotaci\u00f3n, no es adecuada para tornillos m\u00e1s grandes.\uff09<\/p>","protected":false},"featured_media":16691,"comment_status":"open","ping_status":"closed","template":"","meta":[],"product_cat":[87],"product_tag":[90,91,88,89],"class_list":{"0":"post-366","1":"product","2":"type-product","3":"status-publish","4":"has-post-thumbnail","6":"product_cat-mini-electric-screwdriver","7":"product_tag-electric-precision-screwdriver","8":"product_tag-mini-cordless-screwdriver","9":"product_tag-mini-electric-screwdriver","10":"product_tag-precision-electric-screwdriver","11":"product_brand-uf-tools","13":"first","14":"outofstock","15":"sale","16":"purchasable","17":"product-type-variable"},"yoast_head":"<!-- This site is optimized with the Yoast SEO plugin v26.9 - https:\/\/yoast.com\/product\/yoast-seo-wordpress\/ -->\n<title>Mini Electric Screwdriver Sets 28 in 1 Precision Tools - UF882037<\/title>\n<meta name=\"description\" content=\"Mini Electric Screwdriver Sets: Pen-like appearance, with 24 S2 hard steel precision bits, suitable for glasses, mobile phones, toy firearms, etc.\" \/>\n<meta name=\"robots\" content=\"index, follow, max-snippet:-1, max-image-preview:large, max-video-preview:-1\" \/>\n<link rel=\"canonical\" href=\"http:\/\/www.uf-tools.com\/es\/mini-destornillador-electrico-28-en-1-herramientas-de-precision-uf882037\/\" \/>\n<meta property=\"og:locale\" content=\"es_ES\" \/>\n<meta property=\"og:type\" content=\"article\" \/>\n<meta property=\"og:title\" content=\"Mini Electric Screwdriver Sets 28 in 1 Precision Tools - UF882037\" \/>\n<meta property=\"og:description\" content=\"Mini Electric Screwdriver Sets: Pen-like appearance, with 24 S2 hard steel precision bits, suitable for glasses, mobile phones, toy firearms, etc.\" \/>\n<meta property=\"og:url\" content=\"http:\/\/www.uf-tools.com\/es\/mini-destornillador-electrico-28-en-1-herramientas-de-precision-uf882037\/\" \/>\n<meta property=\"og:site_name\" content=\"UF Tools Wholesale Suppliers\" \/>\n<meta property=\"article:publisher\" content=\"https:\/\/www.facebook.com\/UFTOOLS\/?show_switched_toast=0&amp;show_invite_to_follow=0&amp;show_switched_tooltip=0&amp;show_podcast_settings=0&amp;show_community_review_changes=0&amp;show_community_rollback=0&amp;show_follower_visibility_disclosure=0\" \/>\n<meta property=\"article:modified_time\" content=\"2025-02-21T09:31:18+00:00\" \/>\n<meta property=\"og:image\" content=\"http:\/\/www.uf-tools.com\/wp-content\/uploads\/2022\/06\/0-1.jpg\" \/>\n\t<meta property=\"og:image:width\" content=\"1030\" \/>\n\t<meta property=\"og:image:height\" content=\"1030\" \/>\n\t<meta property=\"og:image:type\" content=\"image\/jpeg\" \/>\n<meta name=\"twitter:card\" content=\"summary_large_image\" \/>\n<meta name=\"twitter:site\" content=\"@uftools\" \/>\n<meta name=\"twitter:label1\" content=\"Tiempo de lectura\" \/>\n\t<meta name=\"twitter:data1\" content=\"3 minutos\" \/>\n<script type=\"application\/ld+json\" class=\"yoast-schema-graph\">{\"@context\":\"https:\/\/schema.org\",\"@graph\":[{\"@type\":\"WebPage\",\"@id\":\"http:\/\/www.uf-tools.com\/es\/mini-destornillador-electrico-28-en-1-herramientas-de-precision-uf882037\/\",\"url\":\"http:\/\/www.uf-tools.com\/es\/mini-destornillador-electrico-28-en-1-herramientas-de-precision-uf882037\/\",\"name\":\"Mini Electric Screwdriver Sets 28 in 1 Precision Tools - UF882037\",\"isPartOf\":{\"@id\":\"http:\/\/www.uf-tools.com\/ja\/#website\"},\"primaryImageOfPage\":{\"@id\":\"http:\/\/www.uf-tools.com\/es\/mini-destornillador-electrico-28-en-1-herramientas-de-precision-uf882037\/#primaryimage\"},\"image\":{\"@id\":\"http:\/\/www.uf-tools.com\/es\/mini-destornillador-electrico-28-en-1-herramientas-de-precision-uf882037\/#primaryimage\"},\"thumbnailUrl\":\"http:\/\/www.uf-tools.com\/wp-content\/uploads\/2022\/06\/0-1.jpg\",\"datePublished\":\"2022-06-06T02:36:01+00:00\",\"dateModified\":\"2025-02-21T09:31:18+00:00\",\"description\":\"Mini Electric Screwdriver Sets: Pen-like appearance, with 24 S2 hard steel precision bits, suitable for glasses, mobile phones, toy firearms, etc.\",\"breadcrumb\":{\"@id\":\"http:\/\/www.uf-tools.com\/es\/mini-destornillador-electrico-28-en-1-herramientas-de-precision-uf882037\/#breadcrumb\"},\"inLanguage\":\"es\",\"potentialAction\":[{\"@type\":\"ReadAction\",\"target\":[\"http:\/\/www.uf-tools.com\/es\/mini-destornillador-electrico-28-en-1-herramientas-de-precision-uf882037\/\"]}]},{\"@type\":\"ImageObject\",\"inLanguage\":\"es\",\"@id\":\"http:\/\/www.uf-tools.com\/es\/mini-destornillador-electrico-28-en-1-herramientas-de-precision-uf882037\/#primaryimage\",\"url\":\"http:\/\/www.uf-tools.com\/wp-content\/uploads\/2022\/06\/0-1.jpg\",\"contentUrl\":\"http:\/\/www.uf-tools.com\/wp-content\/uploads\/2022\/06\/0-1.jpg\",\"width\":1030,\"height\":1030,\"caption\":\"mini electric screwdriver\"},{\"@type\":\"BreadcrumbList\",\"@id\":\"http:\/\/www.uf-tools.com\/es\/mini-destornillador-electrico-28-en-1-herramientas-de-precision-uf882037\/#breadcrumb\",\"itemListElement\":[{\"@type\":\"ListItem\",\"position\":1,\"name\":\"Home\",\"item\":\"http:\/\/www.uf-tools.com\/ja\/\"},{\"@type\":\"ListItem\",\"position\":2,\"name\":\"Shop\",\"item\":\"http:\/\/www.uf-tools.com\/ja\/shop\/\"},{\"@type\":\"ListItem\",\"position\":3,\"name\":\"Mini Electric Screwdriver Sets 28 in 1 Precision Tools &#8211; UF882037\"}]},{\"@type\":\"WebSite\",\"@id\":\"http:\/\/www.uf-tools.com\/ja\/#website\",\"url\":\"http:\/\/www.uf-tools.com\/ja\/\",\"name\":\"Manufacturer of precision digital repair tools\",\"description\":\"UF TOOLS\",\"publisher\":{\"@id\":\"http:\/\/www.uf-tools.com\/ja\/#organization\"},\"potentialAction\":[{\"@type\":\"SearchAction\",\"target\":{\"@type\":\"EntryPoint\",\"urlTemplate\":\"http:\/\/www.uf-tools.com\/ja\/?s={search_term_string}\"},\"query-input\":{\"@type\":\"PropertyValueSpecification\",\"valueRequired\":true,\"valueName\":\"search_term_string\"}}],\"inLanguage\":\"es\"},{\"@type\":\"Organization\",\"@id\":\"http:\/\/www.uf-tools.com\/ja\/#organization\",\"name\":\"UF Tools Wholesale Suppliers\",\"url\":\"http:\/\/www.uf-tools.com\/ja\/\",\"logo\":{\"@type\":\"ImageObject\",\"inLanguage\":\"es\",\"@id\":\"http:\/\/www.uf-tools.com\/ja\/#\/schema\/logo\/image\/\",\"url\":\"http:\/\/www.uf-tools.com\/wp-content\/uploads\/2023\/07\/logo-blue.svg\",\"contentUrl\":\"http:\/\/www.uf-tools.com\/wp-content\/uploads\/2023\/07\/logo-blue.svg\",\"width\":242,\"height\":56,\"caption\":\"UF Tools Wholesale Suppliers\"},\"image\":{\"@id\":\"http:\/\/www.uf-tools.com\/ja\/#\/schema\/logo\/image\/\"},\"sameAs\":[\"https:\/\/www.facebook.com\/UFTOOLS\/?show_switched_toast=0&show_invite_to_follow=0&show_switched_tooltip=0&show_podcast_settings=0&show_community_review_changes=0&show_community_rollback=0&show_follower_visibility_disclosure=0\",\"https:\/\/x.com\/uftools\",\"https:\/\/www.instagram.com\/youfutools\/\",\"https:\/\/www.pinterest.com\/uftools\/\",\"https:\/\/www.youtube.com\/@uf-tools\"]}]}<\/script>\n<!-- \/ Yoast SEO plugin. -->","yoast_head_json":{"title":"Mini Electric Screwdriver Sets 28 in 1 Precision Tools - UF882037","description":"Mini Electric Screwdriver Sets: Pen-like appearance, with 24 S2 hard steel precision bits, suitable for glasses, mobile phones, toy firearms, etc.","robots":{"index":"index","follow":"follow","max-snippet":"max-snippet:-1","max-image-preview":"max-image-preview:large","max-video-preview":"max-video-preview:-1"},"canonical":"http:\/\/www.uf-tools.com\/es\/mini-destornillador-electrico-28-en-1-herramientas-de-precision-uf882037\/","og_locale":"es_ES","og_type":"article","og_title":"Mini Electric Screwdriver Sets 28 in 1 Precision Tools - UF882037","og_description":"Mini Electric Screwdriver Sets: Pen-like appearance, with 24 S2 hard steel precision bits, suitable for glasses, mobile phones, toy firearms, etc.","og_url":"http:\/\/www.uf-tools.com\/es\/mini-destornillador-electrico-28-en-1-herramientas-de-precision-uf882037\/","og_site_name":"UF Tools Wholesale Suppliers","article_publisher":"https:\/\/www.facebook.com\/UFTOOLS\/?show_switched_toast=0&show_invite_to_follow=0&show_switched_tooltip=0&show_podcast_settings=0&show_community_review_changes=0&show_community_rollback=0&show_follower_visibility_disclosure=0","article_modified_time":"2025-02-21T09:31:18+00:00","og_image":[{"width":1030,"height":1030,"url":"http:\/\/www.uf-tools.com\/wp-content\/uploads\/2022\/06\/0-1.jpg","type":"image\/jpeg"}],"twitter_card":"summary_large_image","twitter_site":"@uftools","twitter_misc":{"Tiempo de lectura":"3 minutos"},"schema":{"@context":"https:\/\/schema.org","@graph":[{"@type":"WebPage","@id":"http:\/\/www.uf-tools.com\/es\/mini-destornillador-electrico-28-en-1-herramientas-de-precision-uf882037\/","url":"http:\/\/www.uf-tools.com\/es\/mini-destornillador-electrico-28-en-1-herramientas-de-precision-uf882037\/","name":"Mini Electric Screwdriver Sets 28 in 1 Precision Tools - UF882037","isPartOf":{"@id":"http:\/\/www.uf-tools.com\/ja\/#website"},"primaryImageOfPage":{"@id":"http:\/\/www.uf-tools.com\/es\/mini-destornillador-electrico-28-en-1-herramientas-de-precision-uf882037\/#primaryimage"},"image":{"@id":"http:\/\/www.uf-tools.com\/es\/mini-destornillador-electrico-28-en-1-herramientas-de-precision-uf882037\/#primaryimage"},"thumbnailUrl":"http:\/\/www.uf-tools.com\/wp-content\/uploads\/2022\/06\/0-1.jpg","datePublished":"2022-06-06T02:36:01+00:00","dateModified":"2025-02-21T09:31:18+00:00","description":"Mini Electric Screwdriver Sets: Pen-like appearance, with 24 S2 hard steel precision bits, suitable for glasses, mobile phones, toy firearms, etc.","breadcrumb":{"@id":"http:\/\/www.uf-tools.com\/es\/mini-destornillador-electrico-28-en-1-herramientas-de-precision-uf882037\/#breadcrumb"},"inLanguage":"es","potentialAction":[{"@type":"ReadAction","target":["http:\/\/www.uf-tools.com\/es\/mini-destornillador-electrico-28-en-1-herramientas-de-precision-uf882037\/"]}]},{"@type":"ImageObject","inLanguage":"es","@id":"http:\/\/www.uf-tools.com\/es\/mini-destornillador-electrico-28-en-1-herramientas-de-precision-uf882037\/#primaryimage","url":"http:\/\/www.uf-tools.com\/wp-content\/uploads\/2022\/06\/0-1.jpg","contentUrl":"http:\/\/www.uf-tools.com\/wp-content\/uploads\/2022\/06\/0-1.jpg","width":1030,"height":1030,"caption":"mini electric screwdriver"},{"@type":"BreadcrumbList","@id":"http:\/\/www.uf-tools.com\/es\/mini-destornillador-electrico-28-en-1-herramientas-de-precision-uf882037\/#breadcrumb","itemListElement":[{"@type":"ListItem","position":1,"name":"Home","item":"http:\/\/www.uf-tools.com\/ja\/"},{"@type":"ListItem","position":2,"name":"Shop","item":"http:\/\/www.uf-tools.com\/ja\/shop\/"},{"@type":"ListItem","position":3,"name":"Mini Electric Screwdriver Sets 28 in 1 Precision Tools &#8211; UF882037"}]},{"@type":"WebSite","@id":"http:\/\/www.uf-tools.com\/ja\/#website","url":"http:\/\/www.uf-tools.com\/ja\/","name":"Manufacturer of precision digital repair tools","description":"UF TOOLS","publisher":{"@id":"http:\/\/www.uf-tools.com\/ja\/#organization"},"potentialAction":[{"@type":"SearchAction","target":{"@type":"EntryPoint","urlTemplate":"http:\/\/www.uf-tools.com\/ja\/?s={search_term_string}"},"query-input":{"@type":"PropertyValueSpecification","valueRequired":true,"valueName":"search_term_string"}}],"inLanguage":"es"},{"@type":"Organization","@id":"http:\/\/www.uf-tools.com\/ja\/#organization","name":"UF Tools Wholesale Suppliers","url":"http:\/\/www.uf-tools.com\/ja\/","logo":{"@type":"ImageObject","inLanguage":"es","@id":"http:\/\/www.uf-tools.com\/ja\/#\/schema\/logo\/image\/","url":"http:\/\/www.uf-tools.com\/wp-content\/uploads\/2023\/07\/logo-blue.svg","contentUrl":"http:\/\/www.uf-tools.com\/wp-content\/uploads\/2023\/07\/logo-blue.svg","width":242,"height":56,"caption":"UF Tools Wholesale Suppliers"},"image":{"@id":"http:\/\/www.uf-tools.com\/ja\/#\/schema\/logo\/image\/"},"sameAs":["https:\/\/www.facebook.com\/UFTOOLS\/?show_switched_toast=0&show_invite_to_follow=0&show_switched_tooltip=0&show_podcast_settings=0&show_community_review_changes=0&show_community_rollback=0&show_follower_visibility_disclosure=0","https:\/\/x.com\/uftools","https:\/\/www.instagram.com\/youfutools\/","https:\/\/www.pinterest.com\/uftools\/","https:\/\/www.youtube.com\/@uf-tools"]}]}},"_links":{"self":[{"href":"http:\/\/www.uf-tools.com\/es\/wp-json\/wp\/v2\/product\/366","targetHints":{"allow":["GET"]}}],"collection":[{"href":"http:\/\/www.uf-tools.com\/es\/wp-json\/wp\/v2\/product"}],"about":[{"href":"http:\/\/www.uf-tools.com\/es\/wp-json\/wp\/v2\/types\/product"}],"replies":[{"embeddable":true,"href":"http:\/\/www.uf-tools.com\/es\/wp-json\/wp\/v2\/comments?post=366"}],"version-history":[{"count":0,"href":"http:\/\/www.uf-tools.com\/es\/wp-json\/wp\/v2\/product\/366\/revisions"}],"wp:featuredmedia":[{"embeddable":true,"href":"http:\/\/www.uf-tools.com\/es\/wp-json\/wp\/v2\/media\/16691"}],"wp:attachment":[{"href":"http:\/\/www.uf-tools.com\/es\/wp-json\/wp\/v2\/media?parent=366"}],"wp:term":[{"taxonomy":"product_cat","embeddable":true,"href":"http:\/\/www.uf-tools.com\/es\/wp-json\/wp\/v2\/product_cat?post=366"},{"taxonomy":"product_tag","embeddable":true,"href":"http:\/\/www.uf-tools.com\/es\/wp-json\/wp\/v2\/product_tag?post=366"}],"curies":[{"name":"wp","href":"https:\/\/api.w.org\/{rel}","templated":true}]}}