{"id":16800,"date":"2023-09-20T10:32:27","date_gmt":"2023-09-20T10:32:27","guid":{"rendered":"https:\/\/www.uf-tools.com\/?post_type=product&#038;p=16800"},"modified":"2025-02-21T09:30:23","modified_gmt":"2025-02-21T09:30:23","slug":"precision-screwdriver-set-126-in-1-portable-diy-repair-tool-kit-uf840116","status":"publish","type":"product","link":"http:\/\/www.uf-tools.com\/es\/juego-de-destornilladores-de-precision-126-en-1-kit-de-herramientas-portatil-para-reparaciones-uf840116\/","title":{"rendered":"Juego de destornilladores de precisi\u00f3n 126 en 1 Kit port\u00e1til de herramientas de bricolaje para reparaciones-UF840116"},"content":{"rendered":"<h2>Juego de destornilladores de precisi\u00f3n 126 en 1 Kit port\u00e1til de herramientas de bricolaje para reparaciones-UF840116<\/h2>\n<ul>\n<li>Presentamos el juego de destornilladores de precisi\u00f3n UFTOOLS 126 en 1, un completo juego de herramientas dise\u00f1ado para satisfacer todas sus necesidades de bricolaje y reparaci\u00f3n. Este notable conjunto cuenta con 120 bits de especialidad de precisi\u00f3n, incluyendo cabeza de embrague, plano, Frearson, hexagonal, Pentalobe, Phillips, Posidrive, llave inglesa, JIS, Torx de seguridad, cuadrado, Torx, estrella, Tri-Angle, y mucho m\u00e1s.<\/li>\n<li>Estas brocas de acero CRV de alta calidad presumen de una durabilidad excepcional con un \u00edndice de dureza de HRC52-56, y su recubrimiento esmerilado evita la corrosi\u00f3n, garantizando un rendimiento duradero y un par de apriete robusto para todas sus tareas.<\/li>\n<li>El elegante y exclusivo dise\u00f1o de columna octa\u00e9drica hace que este juego de herramientas sea incre\u00edblemente port\u00e1til, ocupando un espacio m\u00ednimo en su bolsa o en su escritorio. Dentro del resistente malet\u00edn, las 126 puntas se guardan de forma segura, eliminando el riesgo de derrames accidentales. El malet\u00edn es f\u00e1cil de abrir y aprovecha el espacio al m\u00e1ximo.<\/li>\n<li>Este kit tambi\u00e9n incluye un eje de extensi\u00f3n ajustable, que le permite acceder a espacios profundos o reducidos con facilidad. Adem\u00e1s, el dise\u00f1o magn\u00e9tico agiliza el uso de las brocas, haciendo que sus tareas sean a\u00fan m\u00e1s eficientes.<\/li>\n<li>Con una amplia gama de modelos de destornilladores, este juego es perfecto para desmontar, reparar y realizar proyectos de bricolaje relacionados con diversos dispositivos electr\u00f3nicos como tel\u00e9fonos, tabletas, ordenadores port\u00e1tiles, c\u00e1maras, mandos de juegos y mucho m\u00e1s.<\/li>\n<li>No es s\u00f3lo una herramienta pr\u00e1ctica; tambi\u00e9n es un regalo ideal para padres, madres, hombres, mujeres y amigos, lo que la convierte en una elecci\u00f3n muy meditada para ocasiones especiales como Navidad, San Valent\u00edn, Halloween y Pascua.<\/li>\n<\/ul>\n<p><!--more--><\/p>\n<p><img loading=\"lazy\" decoding=\"async\" class=\"size-full wp-image-16809 aligncenter\" src=\"https:\/\/www.uf-tools.com\/wp-content\/uploads\/2023\/09\/Screwdriver-Set-126-in-1-Portable-DIY-Repair-Tool-Kit-UF840116-1-1.jpg\" alt=\"Juego de destornilladores de precisi\u00f3n 126 en 1 Kit port\u00e1til de herramientas de bricolaje para reparaciones-UF840116\" width=\"790\" height=\"2029\" srcset=\"http:\/\/www.uf-tools.com\/wp-content\/uploads\/2023\/09\/Screwdriver-Set-126-in-1-Portable-DIY-Repair-Tool-Kit-UF840116-1-1.jpg 790w, http:\/\/www.uf-tools.com\/wp-content\/uploads\/2023\/09\/Screwdriver-Set-126-in-1-Portable-DIY-Repair-Tool-Kit-UF840116-1-1-768x1972.jpg 768w, http:\/\/www.uf-tools.com\/wp-content\/uploads\/2023\/09\/Screwdriver-Set-126-in-1-Portable-DIY-Repair-Tool-Kit-UF840116-1-1-598x1536.jpg 598w, http:\/\/www.uf-tools.com\/wp-content\/uploads\/2023\/09\/Screwdriver-Set-126-in-1-Portable-DIY-Repair-Tool-Kit-UF840116-1-1-5x12.jpg 5w\" sizes=\"auto, (max-width: 790px) 100vw, 790px\" \/> <img loading=\"lazy\" decoding=\"async\" class=\"size-full wp-image-16810 aligncenter\" src=\"https:\/\/www.uf-tools.com\/wp-content\/uploads\/2023\/09\/Screwdriver-Set-126-in-1-Portable-DIY-Repair-Tool-Kit-UF840116-2-1.jpg\" alt=\"Juego de destornilladores de precisi\u00f3n 126 en 1 Kit port\u00e1til de herramientas de bricolaje para reparaciones-UF840116\" width=\"790\" height=\"1275\" srcset=\"http:\/\/www.uf-tools.com\/wp-content\/uploads\/2023\/09\/Screwdriver-Set-126-in-1-Portable-DIY-Repair-Tool-Kit-UF840116-2-1.jpg 790w, http:\/\/www.uf-tools.com\/wp-content\/uploads\/2023\/09\/Screwdriver-Set-126-in-1-Portable-DIY-Repair-Tool-Kit-UF840116-2-1-768x1239.jpg 768w, http:\/\/www.uf-tools.com\/wp-content\/uploads\/2023\/09\/Screwdriver-Set-126-in-1-Portable-DIY-Repair-Tool-Kit-UF840116-2-1-7x12.jpg 7w\" sizes=\"auto, (max-width: 790px) 100vw, 790px\" \/> <img loading=\"lazy\" decoding=\"async\" class=\"size-full wp-image-16811 aligncenter\" src=\"https:\/\/www.uf-tools.com\/wp-content\/uploads\/2023\/09\/Screwdriver-Set-126-in-1-Portable-DIY-Repair-Tool-Kit-UF840116-3-1.jpg\" alt=\"Juego de destornilladores de precisi\u00f3n 126 en 1 Kit port\u00e1til de herramientas de bricolaje para reparaciones-UF840116\" width=\"790\" height=\"1630\" srcset=\"http:\/\/www.uf-tools.com\/wp-content\/uploads\/2023\/09\/Screwdriver-Set-126-in-1-Portable-DIY-Repair-Tool-Kit-UF840116-3-1.jpg 790w, http:\/\/www.uf-tools.com\/wp-content\/uploads\/2023\/09\/Screwdriver-Set-126-in-1-Portable-DIY-Repair-Tool-Kit-UF840116-3-1-768x1585.jpg 768w, http:\/\/www.uf-tools.com\/wp-content\/uploads\/2023\/09\/Screwdriver-Set-126-in-1-Portable-DIY-Repair-Tool-Kit-UF840116-3-1-744x1536.jpg 744w, http:\/\/www.uf-tools.com\/wp-content\/uploads\/2023\/09\/Screwdriver-Set-126-in-1-Portable-DIY-Repair-Tool-Kit-UF840116-3-1-6x12.jpg 6w\" sizes=\"auto, (max-width: 790px) 100vw, 790px\" \/> <img loading=\"lazy\" decoding=\"async\" class=\"size-full wp-image-16812 aligncenter\" src=\"https:\/\/www.uf-tools.com\/wp-content\/uploads\/2023\/09\/Screwdriver-Set-126-in-1-Portable-DIY-Repair-Tool-Kit-UF840116-4-1.jpg\" alt=\"Juego de destornilladores de precisi\u00f3n 126 en 1 Kit port\u00e1til de herramientas de bricolaje para reparaciones-UF840116\" width=\"790\" height=\"1719\" srcset=\"http:\/\/www.uf-tools.com\/wp-content\/uploads\/2023\/09\/Screwdriver-Set-126-in-1-Portable-DIY-Repair-Tool-Kit-UF840116-4-1.jpg 790w, http:\/\/www.uf-tools.com\/wp-content\/uploads\/2023\/09\/Screwdriver-Set-126-in-1-Portable-DIY-Repair-Tool-Kit-UF840116-4-1-768x1671.jpg 768w, http:\/\/www.uf-tools.com\/wp-content\/uploads\/2023\/09\/Screwdriver-Set-126-in-1-Portable-DIY-Repair-Tool-Kit-UF840116-4-1-706x1536.jpg 706w, http:\/\/www.uf-tools.com\/wp-content\/uploads\/2023\/09\/Screwdriver-Set-126-in-1-Portable-DIY-Repair-Tool-Kit-UF840116-4-1-6x12.jpg 6w\" sizes=\"auto, (max-width: 790px) 100vw, 790px\" \/> <img loading=\"lazy\" decoding=\"async\" class=\"size-full wp-image-16813 aligncenter\" src=\"https:\/\/www.uf-tools.com\/wp-content\/uploads\/2023\/09\/Screwdriver-Set-126-in-1-Portable-DIY-Repair-Tool-Kit-UF840116-5-1.jpg\" alt=\"Juego de destornilladores de precisi\u00f3n 126 en 1 Kit port\u00e1til de herramientas de bricolaje para reparaciones-UF840116\" width=\"790\" height=\"1731\" srcset=\"http:\/\/www.uf-tools.com\/wp-content\/uploads\/2023\/09\/Screwdriver-Set-126-in-1-Portable-DIY-Repair-Tool-Kit-UF840116-5-1.jpg 790w, http:\/\/www.uf-tools.com\/wp-content\/uploads\/2023\/09\/Screwdriver-Set-126-in-1-Portable-DIY-Repair-Tool-Kit-UF840116-5-1-768x1683.jpg 768w, http:\/\/www.uf-tools.com\/wp-content\/uploads\/2023\/09\/Screwdriver-Set-126-in-1-Portable-DIY-Repair-Tool-Kit-UF840116-5-1-701x1536.jpg 701w, http:\/\/www.uf-tools.com\/wp-content\/uploads\/2023\/09\/Screwdriver-Set-126-in-1-Portable-DIY-Repair-Tool-Kit-UF840116-5-1-5x12.jpg 5w\" sizes=\"auto, (max-width: 790px) 100vw, 790px\" \/> <img loading=\"lazy\" decoding=\"async\" class=\"size-full wp-image-16814 aligncenter\" src=\"https:\/\/www.uf-tools.com\/wp-content\/uploads\/2023\/09\/Screwdriver-Set-126-in-1-Portable-DIY-Repair-Tool-Kit-UF840116-6.jpg\" alt=\"Juego de destornilladores de precisi\u00f3n 126 en 1 Kit port\u00e1til de herramientas de bricolaje para reparaciones-UF840116\" width=\"790\" height=\"1761\" srcset=\"http:\/\/www.uf-tools.com\/wp-content\/uploads\/2023\/09\/Screwdriver-Set-126-in-1-Portable-DIY-Repair-Tool-Kit-UF840116-6.jpg 790w, http:\/\/www.uf-tools.com\/wp-content\/uploads\/2023\/09\/Screwdriver-Set-126-in-1-Portable-DIY-Repair-Tool-Kit-UF840116-6-768x1712.jpg 768w, http:\/\/www.uf-tools.com\/wp-content\/uploads\/2023\/09\/Screwdriver-Set-126-in-1-Portable-DIY-Repair-Tool-Kit-UF840116-6-689x1536.jpg 689w, http:\/\/www.uf-tools.com\/wp-content\/uploads\/2023\/09\/Screwdriver-Set-126-in-1-Portable-DIY-Repair-Tool-Kit-UF840116-6-5x12.jpg 5w\" sizes=\"auto, (max-width: 790px) 100vw, 790px\" \/> <img loading=\"lazy\" decoding=\"async\" class=\"size-full wp-image-16815 aligncenter\" src=\"https:\/\/www.uf-tools.com\/wp-content\/uploads\/2023\/09\/Screwdriver-Set-126-in-1-Portable-DIY-Repair-Tool-Kit-UF840116-7.jpg\" alt=\"Juego de destornilladores de precisi\u00f3n 126 en 1 Kit port\u00e1til de herramientas de bricolaje para reparaciones-UF840116\" width=\"790\" height=\"1877\" srcset=\"http:\/\/www.uf-tools.com\/wp-content\/uploads\/2023\/09\/Screwdriver-Set-126-in-1-Portable-DIY-Repair-Tool-Kit-UF840116-7.jpg 790w, http:\/\/www.uf-tools.com\/wp-content\/uploads\/2023\/09\/Screwdriver-Set-126-in-1-Portable-DIY-Repair-Tool-Kit-UF840116-7-768x1825.jpg 768w, http:\/\/www.uf-tools.com\/wp-content\/uploads\/2023\/09\/Screwdriver-Set-126-in-1-Portable-DIY-Repair-Tool-Kit-UF840116-7-646x1536.jpg 646w, http:\/\/www.uf-tools.com\/wp-content\/uploads\/2023\/09\/Screwdriver-Set-126-in-1-Portable-DIY-Repair-Tool-Kit-UF840116-7-5x12.jpg 5w\" sizes=\"auto, (max-width: 790px) 100vw, 790px\" \/><\/p>","protected":false},"excerpt":{"rendered":"<p>Juego de destornilladores de precisi\u00f3n 126 en 1 incluye 120 puntas especiales de precisi\u00f3n, destornillador de cabeza de embrague, plano, Frearson, hexagonal, l\u00f3bulo Penta, Phillips, Posidrive, llave inglesa, JIS, Security Torx, pentalobe, cuadrada, Torx, estrella, Tri-Angle, Tri-Point, Tri-Wing, pentalene, mango de destornillador, barra de eje flexible, spudger de doble punta, pinza, ranuras de magnetizaci\u00f3n y desmagnetizaci\u00f3n, etc.<\/p>","protected":false},"featured_media":16803,"comment_status":"open","ping_status":"closed","template":"","meta":[],"product_cat":[32,84],"product_tag":[34,86,99,85],"class_list":{"0":"post-16800","1":"product","2":"type-product","3":"status-publish","4":"has-post-thumbnail","6":"product_cat-hand-tools","7":"product_cat-precise-screwdriver-set","8":"product_tag-hand-tools","9":"product_tag-mini-screwdriver-set","10":"product_tag-precise-screwdriver-set","11":"product_tag-small-screwdrivers","13":"first","14":"outofstock","15":"sale","16":"purchasable","17":"product-type-variable"},"yoast_head":"<!-- This site is optimized with the Yoast SEO plugin v26.9 - https:\/\/yoast.com\/product\/yoast-seo-wordpress\/ -->\n<title>Precision Screwdriver Set 126 in 1 Portable DIY Repair Tool Kit<\/title>\n<meta name=\"description\" content=\"126 in 1 precision screwdriver set includes 120 precision specialty bits, Clutch Head screwdriver, Flat, Frearson, Hex, Penta lobe, Phillips,etc.\" \/>\n<meta name=\"robots\" content=\"index, follow, max-snippet:-1, max-image-preview:large, max-video-preview:-1\" \/>\n<link rel=\"canonical\" href=\"http:\/\/www.uf-tools.com\/es\/juego-de-destornilladores-de-precision-126-en-1-kit-de-herramientas-portatil-para-reparaciones-uf840116\/\" \/>\n<meta property=\"og:locale\" content=\"es_ES\" \/>\n<meta property=\"og:type\" content=\"article\" \/>\n<meta property=\"og:title\" content=\"Precision Screwdriver Set 126 in 1 Portable DIY Repair Tool Kit\" \/>\n<meta property=\"og:description\" content=\"126 in 1 precision screwdriver set includes 120 precision specialty bits, Clutch Head screwdriver, Flat, Frearson, Hex, Penta lobe, Phillips,etc.\" \/>\n<meta property=\"og:url\" content=\"http:\/\/www.uf-tools.com\/es\/juego-de-destornilladores-de-precision-126-en-1-kit-de-herramientas-portatil-para-reparaciones-uf840116\/\" \/>\n<meta property=\"og:site_name\" content=\"UF Tools Wholesale Suppliers\" \/>\n<meta property=\"article:publisher\" content=\"https:\/\/www.facebook.com\/UFTOOLS\/?show_switched_toast=0&amp;show_invite_to_follow=0&amp;show_switched_tooltip=0&amp;show_podcast_settings=0&amp;show_community_review_changes=0&amp;show_community_rollback=0&amp;show_follower_visibility_disclosure=0\" \/>\n<meta property=\"article:modified_time\" content=\"2025-02-21T09:30:23+00:00\" \/>\n<meta property=\"og:image\" content=\"http:\/\/www.uf-tools.com\/wp-content\/uploads\/2023\/09\/Screwdriver-Set-126-in-1-Portable-DIY-Repair-Tool-Kit-UF840116-1.jpg\" \/>\n\t<meta property=\"og:image:width\" content=\"1030\" \/>\n\t<meta property=\"og:image:height\" content=\"1030\" \/>\n\t<meta property=\"og:image:type\" content=\"image\/jpeg\" \/>\n<meta name=\"twitter:card\" content=\"summary_large_image\" \/>\n<meta name=\"twitter:site\" content=\"@uftools\" \/>\n<meta name=\"twitter:label1\" content=\"Tiempo de lectura\" \/>\n\t<meta name=\"twitter:data1\" content=\"3 minutos\" \/>\n<script type=\"application\/ld+json\" class=\"yoast-schema-graph\">{\"@context\":\"https:\/\/schema.org\",\"@graph\":[{\"@type\":\"WebPage\",\"@id\":\"http:\/\/www.uf-tools.com\/fr\/jeu-de-tournevis-de-precision-126-en-1-kit-doutils-de-reparation-portable-uf840116\/\",\"url\":\"http:\/\/www.uf-tools.com\/fr\/jeu-de-tournevis-de-precision-126-en-1-kit-doutils-de-reparation-portable-uf840116\/\",\"name\":\"Precision Screwdriver Set 126 in 1 Portable DIY Repair Tool Kit\",\"isPartOf\":{\"@id\":\"http:\/\/www.uf-tools.com\/ja\/#website\"},\"primaryImageOfPage\":{\"@id\":\"http:\/\/www.uf-tools.com\/fr\/jeu-de-tournevis-de-precision-126-en-1-kit-doutils-de-reparation-portable-uf840116\/#primaryimage\"},\"image\":{\"@id\":\"http:\/\/www.uf-tools.com\/fr\/jeu-de-tournevis-de-precision-126-en-1-kit-doutils-de-reparation-portable-uf840116\/#primaryimage\"},\"thumbnailUrl\":\"http:\/\/www.uf-tools.com\/wp-content\/uploads\/2023\/09\/Screwdriver-Set-126-in-1-Portable-DIY-Repair-Tool-Kit-UF840116-1.jpg\",\"datePublished\":\"2023-09-20T10:32:27+00:00\",\"dateModified\":\"2025-02-21T09:30:23+00:00\",\"description\":\"126 in 1 precision screwdriver set includes 120 precision specialty bits, Clutch Head screwdriver, Flat, Frearson, Hex, Penta lobe, Phillips,etc.\",\"breadcrumb\":{\"@id\":\"http:\/\/www.uf-tools.com\/fr\/jeu-de-tournevis-de-precision-126-en-1-kit-doutils-de-reparation-portable-uf840116\/#breadcrumb\"},\"inLanguage\":\"es\",\"potentialAction\":[{\"@type\":\"ReadAction\",\"target\":[\"http:\/\/www.uf-tools.com\/fr\/jeu-de-tournevis-de-precision-126-en-1-kit-doutils-de-reparation-portable-uf840116\/\"]}]},{\"@type\":\"ImageObject\",\"inLanguage\":\"es\",\"@id\":\"http:\/\/www.uf-tools.com\/fr\/jeu-de-tournevis-de-precision-126-en-1-kit-doutils-de-reparation-portable-uf840116\/#primaryimage\",\"url\":\"http:\/\/www.uf-tools.com\/wp-content\/uploads\/2023\/09\/Screwdriver-Set-126-in-1-Portable-DIY-Repair-Tool-Kit-UF840116-1.jpg\",\"contentUrl\":\"http:\/\/www.uf-tools.com\/wp-content\/uploads\/2023\/09\/Screwdriver-Set-126-in-1-Portable-DIY-Repair-Tool-Kit-UF840116-1.jpg\",\"width\":1030,\"height\":1030,\"caption\":\"Screwdriver-Set-126-in-1-Portable-DIY-Repair-Tool-Kit-UF840116\"},{\"@type\":\"BreadcrumbList\",\"@id\":\"http:\/\/www.uf-tools.com\/fr\/jeu-de-tournevis-de-precision-126-en-1-kit-doutils-de-reparation-portable-uf840116\/#breadcrumb\",\"itemListElement\":[{\"@type\":\"ListItem\",\"position\":1,\"name\":\"Home\",\"item\":\"http:\/\/www.uf-tools.com\/ja\/\"},{\"@type\":\"ListItem\",\"position\":2,\"name\":\"Shop\",\"item\":\"http:\/\/www.uf-tools.com\/ja\/shop\/\"},{\"@type\":\"ListItem\",\"position\":3,\"name\":\"Precision Screwdriver Set 126 in 1 Portable DIY Repair Tool Kit-UF840116\"}]},{\"@type\":\"WebSite\",\"@id\":\"http:\/\/www.uf-tools.com\/ja\/#website\",\"url\":\"http:\/\/www.uf-tools.com\/ja\/\",\"name\":\"Manufacturer of precision digital repair tools\",\"description\":\"UF TOOLS\",\"publisher\":{\"@id\":\"http:\/\/www.uf-tools.com\/ja\/#organization\"},\"potentialAction\":[{\"@type\":\"SearchAction\",\"target\":{\"@type\":\"EntryPoint\",\"urlTemplate\":\"http:\/\/www.uf-tools.com\/ja\/?s={search_term_string}\"},\"query-input\":{\"@type\":\"PropertyValueSpecification\",\"valueRequired\":true,\"valueName\":\"search_term_string\"}}],\"inLanguage\":\"es\"},{\"@type\":\"Organization\",\"@id\":\"http:\/\/www.uf-tools.com\/ja\/#organization\",\"name\":\"UF Tools Wholesale Suppliers\",\"url\":\"http:\/\/www.uf-tools.com\/ja\/\",\"logo\":{\"@type\":\"ImageObject\",\"inLanguage\":\"es\",\"@id\":\"http:\/\/www.uf-tools.com\/ja\/#\/schema\/logo\/image\/\",\"url\":\"http:\/\/www.uf-tools.com\/wp-content\/uploads\/2023\/07\/logo-blue.svg\",\"contentUrl\":\"http:\/\/www.uf-tools.com\/wp-content\/uploads\/2023\/07\/logo-blue.svg\",\"width\":242,\"height\":56,\"caption\":\"UF Tools Wholesale Suppliers\"},\"image\":{\"@id\":\"http:\/\/www.uf-tools.com\/ja\/#\/schema\/logo\/image\/\"},\"sameAs\":[\"https:\/\/www.facebook.com\/UFTOOLS\/?show_switched_toast=0&show_invite_to_follow=0&show_switched_tooltip=0&show_podcast_settings=0&show_community_review_changes=0&show_community_rollback=0&show_follower_visibility_disclosure=0\",\"https:\/\/x.com\/uftools\",\"https:\/\/www.instagram.com\/youfutools\/\",\"https:\/\/www.pinterest.com\/uftools\/\",\"https:\/\/www.youtube.com\/@uf-tools\"]}]}<\/script>\n<!-- \/ Yoast SEO plugin. -->","yoast_head_json":{"title":"Precision Screwdriver Set 126 in 1 Portable DIY Repair Tool Kit","description":"126 in 1 precision screwdriver set includes 120 precision specialty bits, Clutch Head screwdriver, Flat, Frearson, Hex, Penta lobe, Phillips,etc.","robots":{"index":"index","follow":"follow","max-snippet":"max-snippet:-1","max-image-preview":"max-image-preview:large","max-video-preview":"max-video-preview:-1"},"canonical":"http:\/\/www.uf-tools.com\/es\/juego-de-destornilladores-de-precision-126-en-1-kit-de-herramientas-portatil-para-reparaciones-uf840116\/","og_locale":"es_ES","og_type":"article","og_title":"Precision Screwdriver Set 126 in 1 Portable DIY Repair Tool Kit","og_description":"126 in 1 precision screwdriver set includes 120 precision specialty bits, Clutch Head screwdriver, Flat, Frearson, Hex, Penta lobe, Phillips,etc.","og_url":"http:\/\/www.uf-tools.com\/es\/juego-de-destornilladores-de-precision-126-en-1-kit-de-herramientas-portatil-para-reparaciones-uf840116\/","og_site_name":"UF Tools Wholesale Suppliers","article_publisher":"https:\/\/www.facebook.com\/UFTOOLS\/?show_switched_toast=0&show_invite_to_follow=0&show_switched_tooltip=0&show_podcast_settings=0&show_community_review_changes=0&show_community_rollback=0&show_follower_visibility_disclosure=0","article_modified_time":"2025-02-21T09:30:23+00:00","og_image":[{"width":1030,"height":1030,"url":"http:\/\/www.uf-tools.com\/wp-content\/uploads\/2023\/09\/Screwdriver-Set-126-in-1-Portable-DIY-Repair-Tool-Kit-UF840116-1.jpg","type":"image\/jpeg"}],"twitter_card":"summary_large_image","twitter_site":"@uftools","twitter_misc":{"Tiempo de lectura":"3 minutos"},"schema":{"@context":"https:\/\/schema.org","@graph":[{"@type":"WebPage","@id":"http:\/\/www.uf-tools.com\/fr\/jeu-de-tournevis-de-precision-126-en-1-kit-doutils-de-reparation-portable-uf840116\/","url":"http:\/\/www.uf-tools.com\/fr\/jeu-de-tournevis-de-precision-126-en-1-kit-doutils-de-reparation-portable-uf840116\/","name":"Precision Screwdriver Set 126 in 1 Portable DIY Repair Tool Kit","isPartOf":{"@id":"http:\/\/www.uf-tools.com\/ja\/#website"},"primaryImageOfPage":{"@id":"http:\/\/www.uf-tools.com\/fr\/jeu-de-tournevis-de-precision-126-en-1-kit-doutils-de-reparation-portable-uf840116\/#primaryimage"},"image":{"@id":"http:\/\/www.uf-tools.com\/fr\/jeu-de-tournevis-de-precision-126-en-1-kit-doutils-de-reparation-portable-uf840116\/#primaryimage"},"thumbnailUrl":"http:\/\/www.uf-tools.com\/wp-content\/uploads\/2023\/09\/Screwdriver-Set-126-in-1-Portable-DIY-Repair-Tool-Kit-UF840116-1.jpg","datePublished":"2023-09-20T10:32:27+00:00","dateModified":"2025-02-21T09:30:23+00:00","description":"126 in 1 precision screwdriver set includes 120 precision specialty bits, Clutch Head screwdriver, Flat, Frearson, Hex, Penta lobe, Phillips,etc.","breadcrumb":{"@id":"http:\/\/www.uf-tools.com\/fr\/jeu-de-tournevis-de-precision-126-en-1-kit-doutils-de-reparation-portable-uf840116\/#breadcrumb"},"inLanguage":"es","potentialAction":[{"@type":"ReadAction","target":["http:\/\/www.uf-tools.com\/fr\/jeu-de-tournevis-de-precision-126-en-1-kit-doutils-de-reparation-portable-uf840116\/"]}]},{"@type":"ImageObject","inLanguage":"es","@id":"http:\/\/www.uf-tools.com\/fr\/jeu-de-tournevis-de-precision-126-en-1-kit-doutils-de-reparation-portable-uf840116\/#primaryimage","url":"http:\/\/www.uf-tools.com\/wp-content\/uploads\/2023\/09\/Screwdriver-Set-126-in-1-Portable-DIY-Repair-Tool-Kit-UF840116-1.jpg","contentUrl":"http:\/\/www.uf-tools.com\/wp-content\/uploads\/2023\/09\/Screwdriver-Set-126-in-1-Portable-DIY-Repair-Tool-Kit-UF840116-1.jpg","width":1030,"height":1030,"caption":"Screwdriver-Set-126-in-1-Portable-DIY-Repair-Tool-Kit-UF840116"},{"@type":"BreadcrumbList","@id":"http:\/\/www.uf-tools.com\/fr\/jeu-de-tournevis-de-precision-126-en-1-kit-doutils-de-reparation-portable-uf840116\/#breadcrumb","itemListElement":[{"@type":"ListItem","position":1,"name":"Home","item":"http:\/\/www.uf-tools.com\/ja\/"},{"@type":"ListItem","position":2,"name":"Shop","item":"http:\/\/www.uf-tools.com\/ja\/shop\/"},{"@type":"ListItem","position":3,"name":"Precision Screwdriver Set 126 in 1 Portable DIY Repair Tool Kit-UF840116"}]},{"@type":"WebSite","@id":"http:\/\/www.uf-tools.com\/ja\/#website","url":"http:\/\/www.uf-tools.com\/ja\/","name":"Manufacturer of precision digital repair tools","description":"UF TOOLS","publisher":{"@id":"http:\/\/www.uf-tools.com\/ja\/#organization"},"potentialAction":[{"@type":"SearchAction","target":{"@type":"EntryPoint","urlTemplate":"http:\/\/www.uf-tools.com\/ja\/?s={search_term_string}"},"query-input":{"@type":"PropertyValueSpecification","valueRequired":true,"valueName":"search_term_string"}}],"inLanguage":"es"},{"@type":"Organization","@id":"http:\/\/www.uf-tools.com\/ja\/#organization","name":"UF Tools Wholesale Suppliers","url":"http:\/\/www.uf-tools.com\/ja\/","logo":{"@type":"ImageObject","inLanguage":"es","@id":"http:\/\/www.uf-tools.com\/ja\/#\/schema\/logo\/image\/","url":"http:\/\/www.uf-tools.com\/wp-content\/uploads\/2023\/07\/logo-blue.svg","contentUrl":"http:\/\/www.uf-tools.com\/wp-content\/uploads\/2023\/07\/logo-blue.svg","width":242,"height":56,"caption":"UF Tools Wholesale Suppliers"},"image":{"@id":"http:\/\/www.uf-tools.com\/ja\/#\/schema\/logo\/image\/"},"sameAs":["https:\/\/www.facebook.com\/UFTOOLS\/?show_switched_toast=0&show_invite_to_follow=0&show_switched_tooltip=0&show_podcast_settings=0&show_community_review_changes=0&show_community_rollback=0&show_follower_visibility_disclosure=0","https:\/\/x.com\/uftools","https:\/\/www.instagram.com\/youfutools\/","https:\/\/www.pinterest.com\/uftools\/","https:\/\/www.youtube.com\/@uf-tools"]}]}},"_links":{"self":[{"href":"http:\/\/www.uf-tools.com\/es\/wp-json\/wp\/v2\/product\/16800","targetHints":{"allow":["GET"]}}],"collection":[{"href":"http:\/\/www.uf-tools.com\/es\/wp-json\/wp\/v2\/product"}],"about":[{"href":"http:\/\/www.uf-tools.com\/es\/wp-json\/wp\/v2\/types\/product"}],"replies":[{"embeddable":true,"href":"http:\/\/www.uf-tools.com\/es\/wp-json\/wp\/v2\/comments?post=16800"}],"version-history":[{"count":0,"href":"http:\/\/www.uf-tools.com\/es\/wp-json\/wp\/v2\/product\/16800\/revisions"}],"wp:featuredmedia":[{"embeddable":true,"href":"http:\/\/www.uf-tools.com\/es\/wp-json\/wp\/v2\/media\/16803"}],"wp:attachment":[{"href":"http:\/\/www.uf-tools.com\/es\/wp-json\/wp\/v2\/media?parent=16800"}],"wp:term":[{"taxonomy":"product_cat","embeddable":true,"href":"http:\/\/www.uf-tools.com\/es\/wp-json\/wp\/v2\/product_cat?post=16800"},{"taxonomy":"product_tag","embeddable":true,"href":"http:\/\/www.uf-tools.com\/es\/wp-json\/wp\/v2\/product_tag?post=16800"}],"curies":[{"name":"wp","href":"https:\/\/api.w.org\/{rel}","templated":true}]}}